





{"id":28402,"date":"2019-09-26T14:35:30","date_gmt":"2019-09-26T12:35:30","guid":{"rendered":"https:\/\/repliquemangacine.fr\/?post_type=product&#038;p=28402"},"modified":"2026-01-28T19:38:56","modified_gmt":"2026-01-28T18:38:56","slug":"set-di-3-naruto-kunai","status":"publish","type":"product","link":"https:\/\/repliquemangacine.fr\/it\/kunai-et-shuriken-naruto\/ensemble-de-3-kunai-naruto\/","title":{"rendered":"Naruto 3 Kunai set"},"content":{"rendered":"<h2>Set di 3 Kunai Naruto con custodia.<\/h2>\n<p>Per cominciare, questo set Naruto 3 Kunai \u00e8 dotato di una custodia per il trasporto.<\/p>\n<p>Il Kunai, come lo shuriken, \u00e8 un'arma comunemente usata dai ninja. \u00c8 un'arma bianca, lunga in media quanto una mano, progettata per ferire nel combattimento ravvicinato, anche se pu\u00f2 essere usata come arma da lancio.<\/p>\n<p>I kunai possono anche essere nascosti in una manica. Come la maggior parte delle armi, un kunai pu\u00f2 essere caricato con il chakra, rendendolo molto pi\u00f9 formidabile.<\/p>\n<p>Esistono diversi stili di kunai. Minato Namikaze usa kunai a tre lame con un sigillo speciale per la sua tecnica di movimento istantaneo, che gli vale il soprannome di \u2019Fulmine Giallo di Konoha\u00ab. Durante l'ultima prova dell'esame di selezione degli sh\u00fbnin, Kabuto ha usato un kunai a tre lame con un sigillo speciale. <a href=\"https:\/\/naruto.fandom.com\/fr\/wiki\/Kuna\u00ef\" target=\"_blank\" rel=\"noopener noreferrer\">kunai<\/a> senza anello per uccidere un membro degli Anbu.<\/p>\n<h2>Il tuo set Naruto 3 Kunai al miglior prezzo.<\/h2>\n<p>Vi proponiamo tutte le battute dei vostri personaggi preferiti del manga animato Naruto.<\/p>\n<p>Innanzitutto,<\/p>\n<ul>\n<li>La replica del<a href=\"https:\/\/repliquemangacine.fr\/it\/katana-chicche-naruto\/kusanagi-spada-sasuke-naruto\/\">Spada Sasuk\u00e9<\/a> le versioni manga e anime della katana di Kusanagi.<\/li>\n<li>Cos\u00ec come il <a href=\"https:\/\/repliquemangacine.fr\/it\/katana-chicche-naruto\/naruto-set-di-28-pezzi\/\">Confezione regalo da 28 pezzi<\/a> per gli amanti di Naruto.<\/li>\n<li>C'\u00e8 anche una replica del <a href=\"https:\/\/repliquemangacine.fr\/it\/katana-chicche-naruto\/katana-kakashi-hatake-anbu-naruto\/\">shirasaya di Kakashi Hatake Anbu<\/a>.<\/li>\n<li>E c'\u00e8 molto altro da scoprire!<\/li>\n<\/ul>\n<p>Ecco quindi alcune fantastiche idee regalo per i fan di Naruto.<\/p>\n<p>In conclusione, \u00e8 possibile utilizzare questo set di Kunai di Naruto 3 per i propri cosplay.<\/p>\n<p>Ma soprattutto, i Naruto Kunai sono oggetti da collezione e decorazioni.<\/p>\n<h2>Scopri le nostre ultime novit\u00e0 Naruto a basso prezzo<\/h2>\n<p>Siamo sempre alla ricerca di novit\u00e0 e, per venire incontro alle vostre esigenze, abbiamo in serbo per voi alcune piccole chicche da scoprire nel prossimo futuro!<\/p>\n<p>Ad esempio, il grande Naruto Kunai con il manico bianco. Nel prossimo futuro, avremo il grande piacere di presentarvi le statuette di Naruto.<\/p>\n<p>R\u00e9plique Manga Cin\u00e9 \u00e8 un'azienda familiare francese.<\/p>\n<p><strong>Si prega di notare che tutte le nostre repliche sono oggetti da collezione e decorazioni. Possono essere utilizzate per rievocazioni storiche, sfilate di cosplay o decorazioni di interni. Di conseguenza, non \u00e8 possibile andare in luoghi pubblici con queste repliche.<\/strong><\/p>","protected":false},"excerpt":{"rendered":"<p>Superbo set di 3 Kunai<\/p>\n<ul>\n<li>Tutti in acciaio a doppio smusso.<\/li>\n<li>Nastro in raso di cotone rosso sul manico.<\/li>\n<li>Nastro decorativo<\/li>\n<li>Fornito con una custodia in cordura nera che pu\u00f2 essere indossata alla cintura.<\/li>\n<li>Lunghezza totale di ogni kunai: 13 cm<\/li>\n<\/ul>","protected":false},"featured_media":78217,"template":"","meta":[],"product_brand":[896],"product_cat":[108],"product_tag":[],"class_list":{"0":"post-28402","1":"product","2":"type-product","3":"status-publish","4":"has-post-thumbnail","6":"product_brand-replique-manga-cine","7":"product_cat-kunai-et-shuriken-naruto","9":"first","10":"instock","11":"taxable","12":"shipping-taxable","13":"purchasable","14":"product-type-simple"},"yoast_head":"<!-- This site is optimized with the Yoast SEO plugin v27.4 - https:\/\/yoast.com\/product\/yoast-seo-wordpress\/ -->\n<title>Ensemble 3 Kuna\u00ef Naruto - Goodies Naruto - R\u00e9plique Manga Cin\u00e9<\/title>\n<meta name=\"description\" content=\"Commandez vite ! cet Ensemble 3 Kuna\u00ef Naruto au meilleur prix. Tout en m\u00e9tal. Lame en acier. Longueur totale : 16cm - Envoi 24\/48h\" \/>\n<meta name=\"robots\" content=\"index, follow, max-snippet:-1, max-image-preview:large, max-video-preview:-1\" \/>\n<link rel=\"canonical\" href=\"https:\/\/repliquemangacine.fr\/it\/naruto-kunai-e-shuriken\/set-di-3-naruto-kunai\/\" \/>\n<meta property=\"og:locale\" content=\"it_IT\" \/>\n<meta property=\"og:type\" content=\"article\" \/>\n<meta property=\"og:title\" content=\"Ensemble 3 Kuna\u00ef Naruto - Goodies Naruto - R\u00e9plique Manga Cin\u00e9\" \/>\n<meta property=\"og:description\" content=\"Commandez vite ! cet Ensemble 3 Kuna\u00ef Naruto au meilleur prix. Tout en m\u00e9tal. Lame en acier. Longueur totale : 16cm - Envoi 24\/48h\" \/>\n<meta property=\"og:url\" content=\"https:\/\/repliquemangacine.fr\/it\/naruto-kunai-e-shuriken\/set-di-3-naruto-kunai\/\" \/>\n<meta property=\"og:site_name\" content=\"R\u00e9plique Manga Cin\u00e9\" \/>\n<meta property=\"article:publisher\" content=\"https:\/\/www.facebook.com\/RepliqueMangaCine\" \/>\n<meta property=\"article:modified_time\" content=\"2026-01-28T18:38:56+00:00\" \/>\n<meta property=\"og:image\" content=\"https:\/\/repliquemangacine.fr\/wp-content\/uploads\/2019\/09\/kunai-ensemble-de-trois-.jpg\" \/>\n\t<meta property=\"og:image:width\" content=\"500\" \/>\n\t<meta property=\"og:image:height\" content=\"500\" \/>\n\t<meta property=\"og:image:type\" content=\"image\/jpeg\" \/>\n<meta name=\"twitter:card\" content=\"summary_large_image\" \/>\n<meta name=\"twitter:label1\" content=\"Tempo di lettura stimato\" \/>\n\t<meta name=\"twitter:data1\" content=\"3 minuti\" \/>\n<script type=\"application\/ld+json\" class=\"yoast-schema-graph\">{\"@context\":\"https:\\\/\\\/schema.org\",\"@graph\":[{\"@type\":\"WebPage\",\"@id\":\"https:\\\/\\\/repliquemangacine.fr\\\/kunai-et-shuriken-naruto\\\/ensemble-de-3-kunai-naruto\\\/\",\"url\":\"https:\\\/\\\/repliquemangacine.fr\\\/kunai-et-shuriken-naruto\\\/ensemble-de-3-kunai-naruto\\\/\",\"name\":\"Ensemble 3 Kuna\u00ef Naruto - Goodies Naruto - R\u00e9plique Manga Cin\u00e9\",\"isPartOf\":{\"@id\":\"https:\\\/\\\/repliquemangacine.fr\\\/#website\"},\"primaryImageOfPage\":{\"@id\":\"https:\\\/\\\/repliquemangacine.fr\\\/kunai-et-shuriken-naruto\\\/ensemble-de-3-kunai-naruto\\\/#primaryimage\"},\"image\":{\"@id\":\"https:\\\/\\\/repliquemangacine.fr\\\/kunai-et-shuriken-naruto\\\/ensemble-de-3-kunai-naruto\\\/#primaryimage\"},\"thumbnailUrl\":\"https:\\\/\\\/repliquemangacine.fr\\\/wp-content\\\/uploads\\\/2019\\\/09\\\/kunai-ensemble-de-trois-.jpg\",\"datePublished\":\"2019-09-26T12:35:30+00:00\",\"dateModified\":\"2026-01-28T18:38:56+00:00\",\"description\":\"Commandez vite ! cet Ensemble 3 Kuna\u00ef Naruto au meilleur prix. Tout en m\u00e9tal. Lame en acier. Longueur totale : 16cm - Envoi 24\\\/48h\",\"breadcrumb\":{\"@id\":\"https:\\\/\\\/repliquemangacine.fr\\\/kunai-et-shuriken-naruto\\\/ensemble-de-3-kunai-naruto\\\/#breadcrumb\"},\"inLanguage\":\"it-IT\",\"potentialAction\":[{\"@type\":\"ReadAction\",\"target\":[\"https:\\\/\\\/repliquemangacine.fr\\\/kunai-et-shuriken-naruto\\\/ensemble-de-3-kunai-naruto\\\/\"]}]},{\"@type\":\"ImageObject\",\"inLanguage\":\"it-IT\",\"@id\":\"https:\\\/\\\/repliquemangacine.fr\\\/kunai-et-shuriken-naruto\\\/ensemble-de-3-kunai-naruto\\\/#primaryimage\",\"url\":\"https:\\\/\\\/repliquemangacine.fr\\\/wp-content\\\/uploads\\\/2019\\\/09\\\/kunai-ensemble-de-trois-.jpg\",\"contentUrl\":\"https:\\\/\\\/repliquemangacine.fr\\\/wp-content\\\/uploads\\\/2019\\\/09\\\/kunai-ensemble-de-trois-.jpg\",\"width\":500,\"height\":500,\"caption\":\"Ensemble de 3 Kuna\u00ef\"},{\"@type\":\"BreadcrumbList\",\"@id\":\"https:\\\/\\\/repliquemangacine.fr\\\/kunai-et-shuriken-naruto\\\/ensemble-de-3-kunai-naruto\\\/#breadcrumb\",\"itemListElement\":[{\"@type\":\"ListItem\",\"position\":1,\"name\":\"Accueil\",\"item\":\"https:\\\/\\\/repliquemangacine.fr\\\/\"},{\"@type\":\"ListItem\",\"position\":2,\"name\":\"Produits\",\"item\":\"https:\\\/\\\/repliquemangacine.fr\\\/boutique\\\/\"},{\"@type\":\"ListItem\",\"position\":3,\"name\":\"Ensemble 3 Kuna\u00ef Naruto\"}]},{\"@type\":\"WebSite\",\"@id\":\"https:\\\/\\\/repliquemangacine.fr\\\/#website\",\"url\":\"https:\\\/\\\/repliquemangacine.fr\\\/\",\"name\":\"R\u00e9plique Manga Cin\u00e9\",\"description\":\"\",\"publisher\":{\"@id\":\"https:\\\/\\\/repliquemangacine.fr\\\/#organization\"},\"potentialAction\":[{\"@type\":\"SearchAction\",\"target\":{\"@type\":\"EntryPoint\",\"urlTemplate\":\"https:\\\/\\\/repliquemangacine.fr\\\/?s={search_term_string}\"},\"query-input\":{\"@type\":\"PropertyValueSpecification\",\"valueRequired\":true,\"valueName\":\"search_term_string\"}}],\"inLanguage\":\"it-IT\"},{\"@type\":\"Organization\",\"@id\":\"https:\\\/\\\/repliquemangacine.fr\\\/#organization\",\"name\":\"R\u00e9plique Manga Cin\u00e9\",\"url\":\"https:\\\/\\\/repliquemangacine.fr\\\/\",\"logo\":{\"@type\":\"ImageObject\",\"inLanguage\":\"it-IT\",\"@id\":\"https:\\\/\\\/repliquemangacine.fr\\\/#\\\/schema\\\/logo\\\/image\\\/\",\"url\":\"https:\\\/\\\/repliquemangacine.fr\\\/wp-content\\\/uploads\\\/2023\\\/10\\\/RMC-500250.png\",\"contentUrl\":\"https:\\\/\\\/repliquemangacine.fr\\\/wp-content\\\/uploads\\\/2023\\\/10\\\/RMC-500250.png\",\"width\":500,\"height\":250,\"caption\":\"R\u00e9plique Manga Cin\u00e9\"},\"image\":{\"@id\":\"https:\\\/\\\/repliquemangacine.fr\\\/#\\\/schema\\\/logo\\\/image\\\/\"},\"sameAs\":[\"https:\\\/\\\/www.facebook.com\\\/RepliqueMangaCine\",\"https:\\\/\\\/www.instagram.com\\\/repliquemangacine.fr\\\/\"]}]}<\/script>\n<!-- \/ Yoast SEO plugin. -->","yoast_head_json":{"title":"Set di 3 Kunai di Naruto - Naruto Goodies - R\u00e9plique Manga Cin\u00e9","description":"Ordina questo set di 3 Kuna\u00ef Naruto al miglior prezzo. Tutto in metallo. Lama in acciaio. Lunghezza totale: 16cm - Spedizione 24\/48h","robots":{"index":"index","follow":"follow","max-snippet":"max-snippet:-1","max-image-preview":"max-image-preview:large","max-video-preview":"max-video-preview:-1"},"canonical":"https:\/\/repliquemangacine.fr\/it\/naruto-kunai-e-shuriken\/set-di-3-naruto-kunai\/","og_locale":"it_IT","og_type":"article","og_title":"Ensemble 3 Kuna\u00ef Naruto - Goodies Naruto - R\u00e9plique Manga Cin\u00e9","og_description":"Commandez vite ! cet Ensemble 3 Kuna\u00ef Naruto au meilleur prix. Tout en m\u00e9tal. Lame en acier. Longueur totale : 16cm - Envoi 24\/48h","og_url":"https:\/\/repliquemangacine.fr\/it\/naruto-kunai-e-shuriken\/set-di-3-naruto-kunai\/","og_site_name":"R\u00e9plique Manga Cin\u00e9","article_publisher":"https:\/\/www.facebook.com\/RepliqueMangaCine","article_modified_time":"2026-01-28T18:38:56+00:00","og_image":[{"width":500,"height":500,"url":"https:\/\/repliquemangacine.fr\/wp-content\/uploads\/2019\/09\/kunai-ensemble-de-trois-.jpg","type":"image\/jpeg"}],"twitter_card":"summary_large_image","twitter_misc":{"Tempo di lettura stimato":"3 minuti"},"schema":{"@context":"https:\/\/schema.org","@graph":[{"@type":"WebPage","@id":"https:\/\/repliquemangacine.fr\/kunai-et-shuriken-naruto\/ensemble-de-3-kunai-naruto\/","url":"https:\/\/repliquemangacine.fr\/kunai-et-shuriken-naruto\/ensemble-de-3-kunai-naruto\/","name":"Set di 3 Kunai di Naruto - Naruto Goodies - R\u00e9plique Manga Cin\u00e9","isPartOf":{"@id":"https:\/\/repliquemangacine.fr\/#website"},"primaryImageOfPage":{"@id":"https:\/\/repliquemangacine.fr\/kunai-et-shuriken-naruto\/ensemble-de-3-kunai-naruto\/#primaryimage"},"image":{"@id":"https:\/\/repliquemangacine.fr\/kunai-et-shuriken-naruto\/ensemble-de-3-kunai-naruto\/#primaryimage"},"thumbnailUrl":"https:\/\/repliquemangacine.fr\/wp-content\/uploads\/2019\/09\/kunai-ensemble-de-trois-.jpg","datePublished":"2019-09-26T12:35:30+00:00","dateModified":"2026-01-28T18:38:56+00:00","description":"Ordina questo set di 3 Kuna\u00ef Naruto al miglior prezzo. Tutto in metallo. Lama in acciaio. Lunghezza totale: 16cm - Spedizione 24\/48h","breadcrumb":{"@id":"https:\/\/repliquemangacine.fr\/kunai-et-shuriken-naruto\/ensemble-de-3-kunai-naruto\/#breadcrumb"},"inLanguage":"it-IT","potentialAction":[{"@type":"ReadAction","target":["https:\/\/repliquemangacine.fr\/kunai-et-shuriken-naruto\/ensemble-de-3-kunai-naruto\/"]}]},{"@type":"ImageObject","inLanguage":"it-IT","@id":"https:\/\/repliquemangacine.fr\/kunai-et-shuriken-naruto\/ensemble-de-3-kunai-naruto\/#primaryimage","url":"https:\/\/repliquemangacine.fr\/wp-content\/uploads\/2019\/09\/kunai-ensemble-de-trois-.jpg","contentUrl":"https:\/\/repliquemangacine.fr\/wp-content\/uploads\/2019\/09\/kunai-ensemble-de-trois-.jpg","width":500,"height":500,"caption":"Ensemble de 3 Kuna\u00ef"},{"@type":"BreadcrumbList","@id":"https:\/\/repliquemangacine.fr\/kunai-et-shuriken-naruto\/ensemble-de-3-kunai-naruto\/#breadcrumb","itemListElement":[{"@type":"ListItem","position":1,"name":"Accueil","item":"https:\/\/repliquemangacine.fr\/"},{"@type":"ListItem","position":2,"name":"Produits","item":"https:\/\/repliquemangacine.fr\/boutique\/"},{"@type":"ListItem","position":3,"name":"Ensemble 3 Kuna\u00ef Naruto"}]},{"@type":"WebSite","@id":"https:\/\/repliquemangacine.fr\/#website","url":"https:\/\/repliquemangacine.fr\/","name":"R\u00e9plique Manga Cin\u00e9","description":"","publisher":{"@id":"https:\/\/repliquemangacine.fr\/#organization"},"potentialAction":[{"@type":"SearchAction","target":{"@type":"EntryPoint","urlTemplate":"https:\/\/repliquemangacine.fr\/?s={search_term_string}"},"query-input":{"@type":"PropertyValueSpecification","valueRequired":true,"valueName":"search_term_string"}}],"inLanguage":"it-IT"},{"@type":"Organization","@id":"https:\/\/repliquemangacine.fr\/#organization","name":"R\u00e9plique Manga Cin\u00e9","url":"https:\/\/repliquemangacine.fr\/","logo":{"@type":"ImageObject","inLanguage":"it-IT","@id":"https:\/\/repliquemangacine.fr\/#\/schema\/logo\/image\/","url":"https:\/\/repliquemangacine.fr\/wp-content\/uploads\/2023\/10\/RMC-500250.png","contentUrl":"https:\/\/repliquemangacine.fr\/wp-content\/uploads\/2023\/10\/RMC-500250.png","width":500,"height":250,"caption":"R\u00e9plique Manga Cin\u00e9"},"image":{"@id":"https:\/\/repliquemangacine.fr\/#\/schema\/logo\/image\/"},"sameAs":["https:\/\/www.facebook.com\/RepliqueMangaCine","https:\/\/www.instagram.com\/repliquemangacine.fr\/"]}]}},"_links":{"self":[{"href":"https:\/\/repliquemangacine.fr\/it\/wp-json\/wp\/v2\/product\/28402","targetHints":{"allow":["GET"]}}],"collection":[{"href":"https:\/\/repliquemangacine.fr\/it\/wp-json\/wp\/v2\/product"}],"about":[{"href":"https:\/\/repliquemangacine.fr\/it\/wp-json\/wp\/v2\/types\/product"}],"wp:featuredmedia":[{"embeddable":true,"href":"https:\/\/repliquemangacine.fr\/it\/wp-json\/wp\/v2\/media\/78217"}],"wp:attachment":[{"href":"https:\/\/repliquemangacine.fr\/it\/wp-json\/wp\/v2\/media?parent=28402"}],"wp:term":[{"taxonomy":"product_brand","embeddable":true,"href":"https:\/\/repliquemangacine.fr\/it\/wp-json\/wp\/v2\/product_brand?post=28402"},{"taxonomy":"product_cat","embeddable":true,"href":"https:\/\/repliquemangacine.fr\/it\/wp-json\/wp\/v2\/product_cat?post=28402"},{"taxonomy":"product_tag","embeddable":true,"href":"https:\/\/repliquemangacine.fr\/it\/wp-json\/wp\/v2\/product_tag?post=28402"}],"curies":[{"name":"wp","href":"https:\/\/api.w.org\/{rel}","templated":true}]}}