





{"id":28384,"date":"2019-09-08T15:42:38","date_gmt":"2019-09-08T13:42:38","guid":{"rendered":"https:\/\/repliquemangacine.fr\/?post_type=product&#038;p=28384"},"modified":"2025-09-23T18:02:19","modified_gmt":"2025-09-23T16:02:19","slug":"kukri-eureka-2-machete-zombie-killer-the-walking-dead","status":"publish","type":"product","link":"https:\/\/repliquemangacine.fr\/it\/armes-the-walking-dead\/machette-kukri-eureka-2-machette-tueur-de-zombie-the-walking-dead\/","title":{"rendered":"Machete Kukri Eureka 2"},"content":{"rendered":"<h2>Machete Kukri Eureka 2<\/h2>\n<p>Il Machete Kukri Eureka 2 \u00e8 stato progettato appositamente per uccidere gli zombie! Machete usato da Eugene in The Walking Dead.<\/p>\n<p>A <a href=\"https:\/\/fr.wikipedia.org\/wiki\/Machette\" target=\"_blank\" rel=\"noopener noreferrer\">machete<\/a> \u00e8 un coltello lungo e a manico corto con una lama spessa, lunga circa 40 cm, progettato come strumento per tagliare la vegetazione. Viene generalmente utilizzato per tagliare la vegetazione fitta e per aprire frutti dal guscio duro come le noci di cocco.<\/p>\n<p>Il machete \u00e8 stato distribuito all'esercito francese nella seconda met\u00e0 del XIX secolo e nella prima met\u00e0 del XX secolo con il nome di \u00absabre d'abattis\u00bb.<\/p>\n<p>Ampiamente utilizzato nei film e nei videogiochi. In Assassin's Creed III: Liberation, l'eroina Aveline de Grandpr\u00e9 usa un machete nei combattimenti corpo a corpo.<\/p>\n<h2>Il vostro Kukri Eureka 2 Machete al miglior prezzo.<\/h2>\n<p>Abbiamo una grande selezione di battute di The Walking Dead.<\/p>\n<p>Innanzitutto,<\/p>\n<ul>\n<li>Una replica identica del <a href=\"https:\/\/repliquemangacine.fr\/it\/film-serie-tv-vendita-di-spade-katana-e-prodotti-correlati\/katana-forge-de-michonne\/\">La katana di Michonne<\/a> versione di taglio nella serie The Walking Dead.<\/li>\n<li>C'\u00e8 anche il <a href=\"https:\/\/repliquemangacine.fr\/it\/i-morti-che-camminano\/machete-assassino-di-zombie-2\/\">machete assassino di zombie<\/a>.<\/li>\n<li>E molti altri da scoprire nel nostro negozio online!<\/li>\n<\/ul>\n<p>Ecco quindi un'ottima idea regalo per tutti i fan di The Walking Dead.<\/p>\n<p>In conclusione, potete usare questo Kukri Eureka 2 Machete anche per le vostre feste di Halloween o a tema. Ma soprattutto \u00e8 un oggetto da collezione e una grande decorazione.<\/p>\n<h2>Come faccio a mantenere la lama della mia spada?<\/h2>\n<p>Le spade da collezione e decorative sono realizzate e assemblate in modo semplificato. Poich\u00e9 il loro uso \u00e8 decorativo, non hanno le caratteristiche di sicurezza richieste per una spada giapponese destinata all'allenamento.<\/p>\n<p>Tuttavia, il vostro <strong>Machete Kukri Eureka 2<\/strong> a una lama d'acciaio che deve essere curata per evitare che si danneggi nel tempo. Quando si espone la katana, gli amici saranno curiosi di vedere la lama e di toccarla. \u00c8 qui che bisogna fare attenzione, perch\u00e9 l'acidit\u00e0 delle dita \u00e8 molto dannosa per l'acciaio, indipendentemente dalla sua qualit\u00e0.<\/p>\n<p>Tuttavia, se ci\u00f2 dovesse accadere, niente panico: basta un panno inumidito con un po' d'olio per eliminare le impronte. In questo modo, la spada durer\u00e0 a lungo.<\/p>","protected":false},"excerpt":{"rendered":"<p>Machete usato da Eugene in The Walking Dead.<\/p>\n<ul>\n<li>Lama preaffilata in acciaio 440.<\/li>\n<li>Impugnatura in ABS sostenuta da tre viti e dadi.<\/li>\n<li>Custodia in cordura.<\/li>\n<li>Lunghezza lama: 44 cm - Lunghezza totale: 61 cm - Peso: 675 grammi<\/li>\n<\/ul>","protected":false},"featured_media":28385,"template":"","meta":[],"product_brand":[896],"product_cat":[24,62],"product_tag":[648,641,649],"class_list":{"0":"post-28384","1":"product","2":"type-product","3":"status-publish","4":"has-post-thumbnail","6":"product_brand-replique-manga-cine","7":"product_cat-films-series-tv-vente-de-katana-epee-et-produits-derives","8":"product_cat-armes-the-walking-dead","9":"product_tag-kukri","10":"product_tag-machette","11":"product_tag-machette-kukri","13":"first","14":"instock","15":"taxable","16":"shipping-taxable","17":"purchasable","18":"product-type-simple"},"yoast_head":"<!-- This site is optimized with the Yoast SEO plugin v27.4 - https:\/\/yoast.com\/product\/yoast-seo-wordpress\/ -->\n<title>Machette Kukri Eureka 2 - Walking Dead - R\u00e9plique Manga Cin\u00e9<\/title>\n<meta name=\"description\" content=\"Commandez vite ! votre Machette Kukri Eureka 2 au meilleur prix. Lame en acier - Fait d&#039;une seule pi\u00e8ce - Poign\u00e9e ABS - Longueur totale : 61 cm\" \/>\n<meta name=\"robots\" content=\"index, follow, max-snippet:-1, max-image-preview:large, max-video-preview:-1\" \/>\n<link rel=\"canonical\" href=\"https:\/\/repliquemangacine.fr\/it\/armi-the-walking-dead\/kukri-eureka-2-machete-zombie-killer-the-walking-dead\/\" \/>\n<meta property=\"og:locale\" content=\"it_IT\" \/>\n<meta property=\"og:type\" content=\"article\" \/>\n<meta property=\"og:title\" content=\"Machette Kukri Eureka 2 - Walking Dead - R\u00e9plique Manga Cin\u00e9\" \/>\n<meta property=\"og:description\" content=\"Commandez vite ! votre Machette Kukri Eureka 2 au meilleur prix. Lame en acier - Fait d&#039;une seule pi\u00e8ce - Poign\u00e9e ABS - Longueur totale : 61 cm\" \/>\n<meta property=\"og:url\" content=\"https:\/\/repliquemangacine.fr\/it\/armi-the-walking-dead\/kukri-eureka-2-machete-zombie-killer-the-walking-dead\/\" \/>\n<meta property=\"og:site_name\" content=\"R\u00e9plique Manga Cin\u00e9\" \/>\n<meta property=\"article:publisher\" content=\"https:\/\/www.facebook.com\/RepliqueMangaCine\" \/>\n<meta property=\"article:modified_time\" content=\"2025-09-23T16:02:19+00:00\" \/>\n<meta property=\"og:image\" content=\"https:\/\/repliquemangacine.fr\/wp-content\/uploads\/2023\/10\/3087-Machette-Kukri-Eureka-II.jpg\" \/>\n\t<meta property=\"og:image:width\" content=\"800\" \/>\n\t<meta property=\"og:image:height\" content=\"800\" \/>\n\t<meta property=\"og:image:type\" content=\"image\/jpeg\" \/>\n<meta name=\"twitter:card\" content=\"summary_large_image\" \/>\n<meta name=\"twitter:label1\" content=\"Tempo di lettura stimato\" \/>\n\t<meta name=\"twitter:data1\" content=\"1 minuto\" \/>\n<script type=\"application\/ld+json\" class=\"yoast-schema-graph\">{\"@context\":\"https:\\\/\\\/schema.org\",\"@graph\":[{\"@type\":\"WebPage\",\"@id\":\"https:\\\/\\\/repliquemangacine.fr\\\/en\\\/weapons-the-walking-dead\\\/kukri-eureka-2-machete-zombie-killer-the-walking-dead\\\/\",\"url\":\"https:\\\/\\\/repliquemangacine.fr\\\/en\\\/weapons-the-walking-dead\\\/kukri-eureka-2-machete-zombie-killer-the-walking-dead\\\/\",\"name\":\"Machette Kukri Eureka 2 - Walking Dead - R\u00e9plique Manga Cin\u00e9\",\"isPartOf\":{\"@id\":\"https:\\\/\\\/repliquemangacine.fr\\\/#website\"},\"primaryImageOfPage\":{\"@id\":\"https:\\\/\\\/repliquemangacine.fr\\\/en\\\/weapons-the-walking-dead\\\/kukri-eureka-2-machete-zombie-killer-the-walking-dead\\\/#primaryimage\"},\"image\":{\"@id\":\"https:\\\/\\\/repliquemangacine.fr\\\/en\\\/weapons-the-walking-dead\\\/kukri-eureka-2-machete-zombie-killer-the-walking-dead\\\/#primaryimage\"},\"thumbnailUrl\":\"https:\\\/\\\/repliquemangacine.fr\\\/wp-content\\\/uploads\\\/2023\\\/10\\\/3087-Machette-Kukri-Eureka-II.jpg\",\"datePublished\":\"2019-09-08T13:42:38+00:00\",\"dateModified\":\"2025-09-23T16:02:19+00:00\",\"description\":\"Commandez vite ! votre Machette Kukri Eureka 2 au meilleur prix. Lame en acier - Fait d'une seule pi\u00e8ce - Poign\u00e9e ABS - Longueur totale : 61 cm\",\"breadcrumb\":{\"@id\":\"https:\\\/\\\/repliquemangacine.fr\\\/en\\\/weapons-the-walking-dead\\\/kukri-eureka-2-machete-zombie-killer-the-walking-dead\\\/#breadcrumb\"},\"inLanguage\":\"it-IT\",\"potentialAction\":[{\"@type\":\"ReadAction\",\"target\":[\"https:\\\/\\\/repliquemangacine.fr\\\/en\\\/weapons-the-walking-dead\\\/kukri-eureka-2-machete-zombie-killer-the-walking-dead\\\/\"]}]},{\"@type\":\"ImageObject\",\"inLanguage\":\"it-IT\",\"@id\":\"https:\\\/\\\/repliquemangacine.fr\\\/en\\\/weapons-the-walking-dead\\\/kukri-eureka-2-machete-zombie-killer-the-walking-dead\\\/#primaryimage\",\"url\":\"https:\\\/\\\/repliquemangacine.fr\\\/wp-content\\\/uploads\\\/2023\\\/10\\\/3087-Machette-Kukri-Eureka-II.jpg\",\"contentUrl\":\"https:\\\/\\\/repliquemangacine.fr\\\/wp-content\\\/uploads\\\/2023\\\/10\\\/3087-Machette-Kukri-Eureka-II.jpg\",\"width\":800,\"height\":800,\"caption\":\"Machette Kukri Eureka II\"},{\"@type\":\"BreadcrumbList\",\"@id\":\"https:\\\/\\\/repliquemangacine.fr\\\/en\\\/weapons-the-walking-dead\\\/kukri-eureka-2-machete-zombie-killer-the-walking-dead\\\/#breadcrumb\",\"itemListElement\":[{\"@type\":\"ListItem\",\"position\":1,\"name\":\"Accueil\",\"item\":\"https:\\\/\\\/repliquemangacine.fr\\\/\"},{\"@type\":\"ListItem\",\"position\":2,\"name\":\"Produits\",\"item\":\"https:\\\/\\\/repliquemangacine.fr\\\/boutique\\\/\"},{\"@type\":\"ListItem\",\"position\":3,\"name\":\"Machette Kukri Eureka 2\"}]},{\"@type\":\"WebSite\",\"@id\":\"https:\\\/\\\/repliquemangacine.fr\\\/#website\",\"url\":\"https:\\\/\\\/repliquemangacine.fr\\\/\",\"name\":\"R\u00e9plique Manga Cin\u00e9\",\"description\":\"\",\"publisher\":{\"@id\":\"https:\\\/\\\/repliquemangacine.fr\\\/#organization\"},\"potentialAction\":[{\"@type\":\"SearchAction\",\"target\":{\"@type\":\"EntryPoint\",\"urlTemplate\":\"https:\\\/\\\/repliquemangacine.fr\\\/?s={search_term_string}\"},\"query-input\":{\"@type\":\"PropertyValueSpecification\",\"valueRequired\":true,\"valueName\":\"search_term_string\"}}],\"inLanguage\":\"it-IT\"},{\"@type\":\"Organization\",\"@id\":\"https:\\\/\\\/repliquemangacine.fr\\\/#organization\",\"name\":\"R\u00e9plique Manga Cin\u00e9\",\"url\":\"https:\\\/\\\/repliquemangacine.fr\\\/\",\"logo\":{\"@type\":\"ImageObject\",\"inLanguage\":\"it-IT\",\"@id\":\"https:\\\/\\\/repliquemangacine.fr\\\/#\\\/schema\\\/logo\\\/image\\\/\",\"url\":\"https:\\\/\\\/repliquemangacine.fr\\\/wp-content\\\/uploads\\\/2023\\\/10\\\/RMC-500250.png\",\"contentUrl\":\"https:\\\/\\\/repliquemangacine.fr\\\/wp-content\\\/uploads\\\/2023\\\/10\\\/RMC-500250.png\",\"width\":500,\"height\":250,\"caption\":\"R\u00e9plique Manga Cin\u00e9\"},\"image\":{\"@id\":\"https:\\\/\\\/repliquemangacine.fr\\\/#\\\/schema\\\/logo\\\/image\\\/\"},\"sameAs\":[\"https:\\\/\\\/www.facebook.com\\\/RepliqueMangaCine\",\"https:\\\/\\\/www.instagram.com\\\/repliquemangacine.fr\\\/\"]}]}<\/script>\n<!-- \/ Yoast SEO plugin. -->","yoast_head_json":{"title":"Machete Kukri Eureka 2 - Walking Dead - R\u00e9plique Manga Cin\u00e9","description":"Ordina ora il tuo Machete Kukri Eureka 2 al miglior prezzo. Lama in acciaio - Realizzato in un unico pezzo - Manico in ABS - Lunghezza totale: 61 cm","robots":{"index":"index","follow":"follow","max-snippet":"max-snippet:-1","max-image-preview":"max-image-preview:large","max-video-preview":"max-video-preview:-1"},"canonical":"https:\/\/repliquemangacine.fr\/it\/armi-the-walking-dead\/kukri-eureka-2-machete-zombie-killer-the-walking-dead\/","og_locale":"it_IT","og_type":"article","og_title":"Machette Kukri Eureka 2 - Walking Dead - R\u00e9plique Manga Cin\u00e9","og_description":"Commandez vite ! votre Machette Kukri Eureka 2 au meilleur prix. Lame en acier - Fait d'une seule pi\u00e8ce - Poign\u00e9e ABS - Longueur totale : 61 cm","og_url":"https:\/\/repliquemangacine.fr\/it\/armi-the-walking-dead\/kukri-eureka-2-machete-zombie-killer-the-walking-dead\/","og_site_name":"R\u00e9plique Manga Cin\u00e9","article_publisher":"https:\/\/www.facebook.com\/RepliqueMangaCine","article_modified_time":"2025-09-23T16:02:19+00:00","og_image":[{"width":800,"height":800,"url":"https:\/\/repliquemangacine.fr\/wp-content\/uploads\/2023\/10\/3087-Machette-Kukri-Eureka-II.jpg","type":"image\/jpeg"}],"twitter_card":"summary_large_image","twitter_misc":{"Tempo di lettura stimato":"1 minuto"},"schema":{"@context":"https:\/\/schema.org","@graph":[{"@type":"WebPage","@id":"https:\/\/repliquemangacine.fr\/en\/weapons-the-walking-dead\/kukri-eureka-2-machete-zombie-killer-the-walking-dead\/","url":"https:\/\/repliquemangacine.fr\/en\/weapons-the-walking-dead\/kukri-eureka-2-machete-zombie-killer-the-walking-dead\/","name":"Machete Kukri Eureka 2 - Walking Dead - R\u00e9plique Manga Cin\u00e9","isPartOf":{"@id":"https:\/\/repliquemangacine.fr\/#website"},"primaryImageOfPage":{"@id":"https:\/\/repliquemangacine.fr\/en\/weapons-the-walking-dead\/kukri-eureka-2-machete-zombie-killer-the-walking-dead\/#primaryimage"},"image":{"@id":"https:\/\/repliquemangacine.fr\/en\/weapons-the-walking-dead\/kukri-eureka-2-machete-zombie-killer-the-walking-dead\/#primaryimage"},"thumbnailUrl":"https:\/\/repliquemangacine.fr\/wp-content\/uploads\/2023\/10\/3087-Machette-Kukri-Eureka-II.jpg","datePublished":"2019-09-08T13:42:38+00:00","dateModified":"2025-09-23T16:02:19+00:00","description":"Ordina ora il tuo Machete Kukri Eureka 2 al miglior prezzo. Lama in acciaio - Realizzato in un unico pezzo - Manico in ABS - Lunghezza totale: 61 cm","breadcrumb":{"@id":"https:\/\/repliquemangacine.fr\/en\/weapons-the-walking-dead\/kukri-eureka-2-machete-zombie-killer-the-walking-dead\/#breadcrumb"},"inLanguage":"it-IT","potentialAction":[{"@type":"ReadAction","target":["https:\/\/repliquemangacine.fr\/en\/weapons-the-walking-dead\/kukri-eureka-2-machete-zombie-killer-the-walking-dead\/"]}]},{"@type":"ImageObject","inLanguage":"it-IT","@id":"https:\/\/repliquemangacine.fr\/en\/weapons-the-walking-dead\/kukri-eureka-2-machete-zombie-killer-the-walking-dead\/#primaryimage","url":"https:\/\/repliquemangacine.fr\/wp-content\/uploads\/2023\/10\/3087-Machette-Kukri-Eureka-II.jpg","contentUrl":"https:\/\/repliquemangacine.fr\/wp-content\/uploads\/2023\/10\/3087-Machette-Kukri-Eureka-II.jpg","width":800,"height":800,"caption":"Machette Kukri Eureka II"},{"@type":"BreadcrumbList","@id":"https:\/\/repliquemangacine.fr\/en\/weapons-the-walking-dead\/kukri-eureka-2-machete-zombie-killer-the-walking-dead\/#breadcrumb","itemListElement":[{"@type":"ListItem","position":1,"name":"Accueil","item":"https:\/\/repliquemangacine.fr\/"},{"@type":"ListItem","position":2,"name":"Produits","item":"https:\/\/repliquemangacine.fr\/boutique\/"},{"@type":"ListItem","position":3,"name":"Machette Kukri Eureka 2"}]},{"@type":"WebSite","@id":"https:\/\/repliquemangacine.fr\/#website","url":"https:\/\/repliquemangacine.fr\/","name":"R\u00e9plique Manga Cin\u00e9","description":"","publisher":{"@id":"https:\/\/repliquemangacine.fr\/#organization"},"potentialAction":[{"@type":"SearchAction","target":{"@type":"EntryPoint","urlTemplate":"https:\/\/repliquemangacine.fr\/?s={search_term_string}"},"query-input":{"@type":"PropertyValueSpecification","valueRequired":true,"valueName":"search_term_string"}}],"inLanguage":"it-IT"},{"@type":"Organization","@id":"https:\/\/repliquemangacine.fr\/#organization","name":"R\u00e9plique Manga Cin\u00e9","url":"https:\/\/repliquemangacine.fr\/","logo":{"@type":"ImageObject","inLanguage":"it-IT","@id":"https:\/\/repliquemangacine.fr\/#\/schema\/logo\/image\/","url":"https:\/\/repliquemangacine.fr\/wp-content\/uploads\/2023\/10\/RMC-500250.png","contentUrl":"https:\/\/repliquemangacine.fr\/wp-content\/uploads\/2023\/10\/RMC-500250.png","width":500,"height":250,"caption":"R\u00e9plique Manga Cin\u00e9"},"image":{"@id":"https:\/\/repliquemangacine.fr\/#\/schema\/logo\/image\/"},"sameAs":["https:\/\/www.facebook.com\/RepliqueMangaCine","https:\/\/www.instagram.com\/repliquemangacine.fr\/"]}]}},"_links":{"self":[{"href":"https:\/\/repliquemangacine.fr\/it\/wp-json\/wp\/v2\/product\/28384","targetHints":{"allow":["GET"]}}],"collection":[{"href":"https:\/\/repliquemangacine.fr\/it\/wp-json\/wp\/v2\/product"}],"about":[{"href":"https:\/\/repliquemangacine.fr\/it\/wp-json\/wp\/v2\/types\/product"}],"wp:featuredmedia":[{"embeddable":true,"href":"https:\/\/repliquemangacine.fr\/it\/wp-json\/wp\/v2\/media\/28385"}],"wp:attachment":[{"href":"https:\/\/repliquemangacine.fr\/it\/wp-json\/wp\/v2\/media?parent=28384"}],"wp:term":[{"taxonomy":"product_brand","embeddable":true,"href":"https:\/\/repliquemangacine.fr\/it\/wp-json\/wp\/v2\/product_brand?post=28384"},{"taxonomy":"product_cat","embeddable":true,"href":"https:\/\/repliquemangacine.fr\/it\/wp-json\/wp\/v2\/product_cat?post=28384"},{"taxonomy":"product_tag","embeddable":true,"href":"https:\/\/repliquemangacine.fr\/it\/wp-json\/wp\/v2\/product_tag?post=28384"}],"curies":[{"name":"wp","href":"https:\/\/api.w.org\/{rel}","templated":true}]}}