





{"id":28362,"date":"2019-09-08T11:53:16","date_gmt":"2019-09-08T09:53:16","guid":{"rendered":"https:\/\/repliquemangacine.fr\/?post_type=product&#038;p=28362"},"modified":"2026-02-03T10:56:34","modified_gmt":"2026-02-03T09:56:34","slug":"dague-twin-wolf-the-witcher-3-dague-geralt-de-riv","status":"publish","type":"product","link":"https:\/\/repliquemangacine.fr\/it\/epee-the-witcher\/dague-twin-wolf-the-witcher-3-dague-geralt-de-riv\/","title":{"rendered":"Pugnale del lupo gemello The Witcher3"},"content":{"rendered":"<h2>Pugnale a due lupi - The Witcher3 Caccia selvaggia<\/h2>\n<p>Per cominciare, il <strong>Pugnale Witcher3 gemello del lupo<\/strong> \u00e8 ispirata alla spada del gioco. \u00c8 una delle due spade che Geralt de Riv porta sulla schiena.<\/p>\n<p>The Witcher 3: Wild Hunt\u00bb \u00e8 l'ultimo della serie di giochi sviluppati da CD Projekt RED con protagonista il mago Geralt de Riv.<\/p>\n<p>Riconosciuto dai professionisti del settore come un gioco eccezionale. Tutti concordano sulla qualit\u00e0 narrativa e immersiva del titolo, consacrando The Witcher 3 come un capolavoro.<\/p>\n<p><a href=\"https:\/\/witcher-archive.fandom.com\/fr\/wiki\/Geralt_de_Riv\" target=\"_blank\" rel=\"noopener noreferrer\">Geralt de Riv<\/a> \u00e8 uno stregone con poteri straordinari. Porta sulla schiena due spade che fanno parte dell'equipaggiamento della Scuola del Lupo Maestro. Una viene usata per uccidere i mostri e l'altra per uccidere gli umani.<\/p>\n<h2>Il tuo pugnale The Witcher3 Twin-Wolf al miglior prezzo.<\/h2>\n<p>Vi proponiamo tutte le battute del gioco The Witcher 3, ma anche della serie The Witcher Netflix.<\/p>\n<p>Innanzitutto,<\/p>\n<ul>\n<li>L'<a href=\"https:\/\/repliquemangacine.fr\/it\/spada-il-cacciatore\/wolf-the-witcher-3\/\">Spada del lupo<\/a> utilizzato dallo stregone Geralt de Riv nella serie Netflix.<\/li>\n<li>Cos\u00ec come il suo <a href=\"https:\/\/repliquemangacine.fr\/it\/spada-il-cacciatore\/medaillon-the-witcher\/\">medaglione<\/a> che porta con s\u00e9 in ogni momento in The Witcher 3.<\/li>\n<li>E molti altri da scoprire nel nostro negozio online!<\/li>\n<\/ul>\n<p>Ecco quindi alcune ottime idee regalo per i fan di The Witcher<\/p>\n<p>In conclusione, \u00e8 possibile utilizzare questo pugnale Twin-Wolf Witcher3 anche per le sfilate cosplay o le feste a tema. Ma soprattutto, questo pugnale \u00e8 un oggetto da collezione e un oggetto decorativo.<\/p>\n<p>R\u00e9plique Manga Cin\u00e9 \u00e8 una societ\u00e0 francese<\/p>\n<h2>Come faccio a mantenere la lama del mio pugnale Geralt de riv?<\/h2>\n<p>I pugnali da collezione e decorativi sono realizzati e assemblati in modo semplificato. Essendo destinati a scopi decorativi, non dispongono degli elementi di sicurezza necessari per una spada giapponese destinata all'allenamento.<\/p>\n<p>Tuttavia, il vostro <strong>Pugnale Witcher3 gemello del lupo<\/strong> a una lama d'acciaio che deve essere curata per evitare che si danneggi nel tempo. Quando si espone la katana, gli amici saranno curiosi di vedere la lama e di toccarla. \u00c8 qui che bisogna fare attenzione, perch\u00e9 l'acidit\u00e0 delle dita \u00e8 molto dannosa per l'acciaio, indipendentemente dalla sua qualit\u00e0.<\/p>\n<p>Tuttavia, se ci\u00f2 dovesse accadere, niente panico: basta un panno inumidito con un po' d'olio per eliminare le impronte. In questo modo, la spada durer\u00e0 a lungo.<\/p>\n<p><strong>\u00a0<\/strong><\/p>","protected":false},"excerpt":{"rendered":"<div class=\"text col-xs-offset-0\" style=\"height: auto;\">Pugnale ispirato alla spada Twin Wolf di Geralt de Riv.<\/div>\n<ul>\n<li>Lama in acciaio inossidabile.<\/li>\n<li class=\"text col-xs-offset-0\" style=\"height: auto;\">Guardia in acciaio massiccio, appositamente sagomata e incisa.<\/li>\n<li class=\"text col-xs-offset-0\" style=\"height: auto;\">Maniglia in metallo.<\/li>\n<li class=\"text col-xs-offset-0\" style=\"height: auto;\">Pomello in acciaio massiccio con due teste di lupo.<\/li>\n<li class=\"text col-xs-offset-0\" style=\"height: auto;\">Guaina in ABS stampato.<\/li>\n<li class=\"text col-xs-offset-0\" style=\"height: auto;\">Lunghezza lama: 24 cm - Lunghezza totale: 40 cm - Peso: 251 grammi<\/li>\n<\/ul>\n<div class=\"row\">\n<div class=\"col-lg-12 col-md-12 col-xs-12 sectionSeparator\"><\/div>\n<\/div>","protected":false},"featured_media":28363,"template":"","meta":[],"product_brand":[896],"product_cat":[23,58],"product_tag":[637,638,632,633],"class_list":{"0":"post-28362","1":"product","2":"type-product","3":"status-publish","4":"has-post-thumbnail","6":"product_brand-replique-manga-cine","7":"product_cat-repliques-manga-jeux-video","8":"product_cat-epee-the-witcher","9":"product_tag-cosplay-the-witcher-3","10":"product_tag-dague-the-witcher","11":"product_tag-dague-the-witcher-3","12":"product_tag-goodies-the-witcher-3","14":"first","15":"instock","16":"taxable","17":"shipping-taxable","18":"purchasable","19":"product-type-simple"},"yoast_head":"<!-- This site is optimized with the Yoast SEO plugin v27.4 - https:\/\/yoast.com\/product\/yoast-seo-wordpress\/ -->\n<title>Dague Twin-Wolf Witcher3 - Boutique en ligne | RMC<\/title>\n<meta name=\"description\" content=\"Offrez-vous la Dague Twin-Wolf Witcher3, au meilleur prix. Lame en acier - Fourreau en ABS moul\u00e9 - Longueur totale : 40cm - Envoi 24\/48h\" \/>\n<meta name=\"robots\" content=\"index, follow, max-snippet:-1, max-image-preview:large, max-video-preview:-1\" \/>\n<link rel=\"canonical\" href=\"https:\/\/repliquemangacine.fr\/it\/spada-il-cacciatore\/dague-twin-wolf-the-witcher-3-dague-geralt-de-riv\/\" \/>\n<meta property=\"og:locale\" content=\"it_IT\" \/>\n<meta property=\"og:type\" content=\"article\" \/>\n<meta property=\"og:title\" content=\"Dague Twin-Wolf Witcher3 - Boutique en ligne | RMC\" \/>\n<meta property=\"og:description\" content=\"Offrez-vous la Dague Twin-Wolf Witcher3, au meilleur prix. Lame en acier - Fourreau en ABS moul\u00e9 - Longueur totale : 40cm - Envoi 24\/48h\" \/>\n<meta property=\"og:url\" content=\"https:\/\/repliquemangacine.fr\/it\/spada-il-cacciatore\/dague-twin-wolf-the-witcher-3-dague-geralt-de-riv\/\" \/>\n<meta property=\"og:site_name\" content=\"R\u00e9plique Manga Cin\u00e9\" \/>\n<meta property=\"article:publisher\" content=\"https:\/\/www.facebook.com\/RepliqueMangaCine\" \/>\n<meta property=\"article:modified_time\" content=\"2026-02-03T09:56:34+00:00\" \/>\n<meta property=\"og:image\" content=\"https:\/\/repliquemangacine.fr\/wp-content\/uploads\/2023\/10\/3067-Dague-Twin-Wolf-The-Witcher-3-Dague-Geralt-de-Riv.jpg\" \/>\n\t<meta property=\"og:image:width\" content=\"800\" \/>\n\t<meta property=\"og:image:height\" content=\"800\" \/>\n\t<meta property=\"og:image:type\" content=\"image\/jpeg\" \/>\n<meta name=\"twitter:card\" content=\"summary_large_image\" \/>\n<meta name=\"twitter:label1\" content=\"Tempo di lettura stimato\" \/>\n\t<meta name=\"twitter:data1\" content=\"1 minuto\" \/>\n<script type=\"application\/ld+json\" class=\"yoast-schema-graph\">{\"@context\":\"https:\\\/\\\/schema.org\",\"@graph\":[{\"@type\":\"WebPage\",\"@id\":\"https:\\\/\\\/repliquemangacine.fr\\\/epee-the-witcher\\\/dague-twin-wolf-the-witcher-3-dague-geralt-de-riv\\\/\",\"url\":\"https:\\\/\\\/repliquemangacine.fr\\\/epee-the-witcher\\\/dague-twin-wolf-the-witcher-3-dague-geralt-de-riv\\\/\",\"name\":\"Dague Twin-Wolf Witcher3 - Boutique en ligne | RMC\",\"isPartOf\":{\"@id\":\"https:\\\/\\\/repliquemangacine.fr\\\/#website\"},\"primaryImageOfPage\":{\"@id\":\"https:\\\/\\\/repliquemangacine.fr\\\/epee-the-witcher\\\/dague-twin-wolf-the-witcher-3-dague-geralt-de-riv\\\/#primaryimage\"},\"image\":{\"@id\":\"https:\\\/\\\/repliquemangacine.fr\\\/epee-the-witcher\\\/dague-twin-wolf-the-witcher-3-dague-geralt-de-riv\\\/#primaryimage\"},\"thumbnailUrl\":\"https:\\\/\\\/repliquemangacine.fr\\\/wp-content\\\/uploads\\\/2023\\\/10\\\/3067-Dague-Twin-Wolf-The-Witcher-3-Dague-Geralt-de-Riv.jpg\",\"datePublished\":\"2019-09-08T09:53:16+00:00\",\"dateModified\":\"2026-02-03T09:56:34+00:00\",\"description\":\"Offrez-vous la Dague Twin-Wolf Witcher3, au meilleur prix. Lame en acier - Fourreau en ABS moul\u00e9 - Longueur totale : 40cm - Envoi 24\\\/48h\",\"breadcrumb\":{\"@id\":\"https:\\\/\\\/repliquemangacine.fr\\\/epee-the-witcher\\\/dague-twin-wolf-the-witcher-3-dague-geralt-de-riv\\\/#breadcrumb\"},\"inLanguage\":\"it-IT\",\"potentialAction\":[{\"@type\":\"ReadAction\",\"target\":[\"https:\\\/\\\/repliquemangacine.fr\\\/epee-the-witcher\\\/dague-twin-wolf-the-witcher-3-dague-geralt-de-riv\\\/\"]}]},{\"@type\":\"ImageObject\",\"inLanguage\":\"it-IT\",\"@id\":\"https:\\\/\\\/repliquemangacine.fr\\\/epee-the-witcher\\\/dague-twin-wolf-the-witcher-3-dague-geralt-de-riv\\\/#primaryimage\",\"url\":\"https:\\\/\\\/repliquemangacine.fr\\\/wp-content\\\/uploads\\\/2023\\\/10\\\/3067-Dague-Twin-Wolf-The-Witcher-3-Dague-Geralt-de-Riv.jpg\",\"contentUrl\":\"https:\\\/\\\/repliquemangacine.fr\\\/wp-content\\\/uploads\\\/2023\\\/10\\\/3067-Dague-Twin-Wolf-The-Witcher-3-Dague-Geralt-de-Riv.jpg\",\"width\":800,\"height\":800,\"caption\":\"Dague Twin-Wolf - Witcher3 - Dague G\u00e9ralt de Riv\"},{\"@type\":\"BreadcrumbList\",\"@id\":\"https:\\\/\\\/repliquemangacine.fr\\\/epee-the-witcher\\\/dague-twin-wolf-the-witcher-3-dague-geralt-de-riv\\\/#breadcrumb\",\"itemListElement\":[{\"@type\":\"ListItem\",\"position\":1,\"name\":\"Accueil\",\"item\":\"https:\\\/\\\/repliquemangacine.fr\\\/\"},{\"@type\":\"ListItem\",\"position\":2,\"name\":\"Produits\",\"item\":\"https:\\\/\\\/repliquemangacine.fr\\\/boutique\\\/\"},{\"@type\":\"ListItem\",\"position\":3,\"name\":\"Dague Twin-Wolf The Witcher3\"}]},{\"@type\":\"WebSite\",\"@id\":\"https:\\\/\\\/repliquemangacine.fr\\\/#website\",\"url\":\"https:\\\/\\\/repliquemangacine.fr\\\/\",\"name\":\"R\u00e9plique Manga Cin\u00e9\",\"description\":\"\",\"publisher\":{\"@id\":\"https:\\\/\\\/repliquemangacine.fr\\\/#organization\"},\"potentialAction\":[{\"@type\":\"SearchAction\",\"target\":{\"@type\":\"EntryPoint\",\"urlTemplate\":\"https:\\\/\\\/repliquemangacine.fr\\\/?s={search_term_string}\"},\"query-input\":{\"@type\":\"PropertyValueSpecification\",\"valueRequired\":true,\"valueName\":\"search_term_string\"}}],\"inLanguage\":\"it-IT\"},{\"@type\":\"Organization\",\"@id\":\"https:\\\/\\\/repliquemangacine.fr\\\/#organization\",\"name\":\"R\u00e9plique Manga Cin\u00e9\",\"url\":\"https:\\\/\\\/repliquemangacine.fr\\\/\",\"logo\":{\"@type\":\"ImageObject\",\"inLanguage\":\"it-IT\",\"@id\":\"https:\\\/\\\/repliquemangacine.fr\\\/#\\\/schema\\\/logo\\\/image\\\/\",\"url\":\"https:\\\/\\\/repliquemangacine.fr\\\/wp-content\\\/uploads\\\/2023\\\/10\\\/RMC-500250.png\",\"contentUrl\":\"https:\\\/\\\/repliquemangacine.fr\\\/wp-content\\\/uploads\\\/2023\\\/10\\\/RMC-500250.png\",\"width\":500,\"height\":250,\"caption\":\"R\u00e9plique Manga Cin\u00e9\"},\"image\":{\"@id\":\"https:\\\/\\\/repliquemangacine.fr\\\/#\\\/schema\\\/logo\\\/image\\\/\"},\"sameAs\":[\"https:\\\/\\\/www.facebook.com\\\/RepliqueMangaCine\",\"https:\\\/\\\/www.instagram.com\\\/repliquemangacine.fr\\\/\"]}]}<\/script>\n<!-- \/ Yoast SEO plugin. -->","yoast_head_json":{"title":"Pugnale Witcher3 Twin-Wolf - Boutique en ligne | RMC","description":"Regalati il pugnale Twin-Wolf Witcher3, al miglior prezzo. Lama in acciaio - Fodero in ABS sagomato - Lunghezza totale: 40cm - Spedizione 24\/48h","robots":{"index":"index","follow":"follow","max-snippet":"max-snippet:-1","max-image-preview":"max-image-preview:large","max-video-preview":"max-video-preview:-1"},"canonical":"https:\/\/repliquemangacine.fr\/it\/spada-il-cacciatore\/dague-twin-wolf-the-witcher-3-dague-geralt-de-riv\/","og_locale":"it_IT","og_type":"article","og_title":"Dague Twin-Wolf Witcher3 - Boutique en ligne | RMC","og_description":"Offrez-vous la Dague Twin-Wolf Witcher3, au meilleur prix. Lame en acier - Fourreau en ABS moul\u00e9 - Longueur totale : 40cm - Envoi 24\/48h","og_url":"https:\/\/repliquemangacine.fr\/it\/spada-il-cacciatore\/dague-twin-wolf-the-witcher-3-dague-geralt-de-riv\/","og_site_name":"R\u00e9plique Manga Cin\u00e9","article_publisher":"https:\/\/www.facebook.com\/RepliqueMangaCine","article_modified_time":"2026-02-03T09:56:34+00:00","og_image":[{"width":800,"height":800,"url":"https:\/\/repliquemangacine.fr\/wp-content\/uploads\/2023\/10\/3067-Dague-Twin-Wolf-The-Witcher-3-Dague-Geralt-de-Riv.jpg","type":"image\/jpeg"}],"twitter_card":"summary_large_image","twitter_misc":{"Tempo di lettura stimato":"1 minuto"},"schema":{"@context":"https:\/\/schema.org","@graph":[{"@type":"WebPage","@id":"https:\/\/repliquemangacine.fr\/epee-the-witcher\/dague-twin-wolf-the-witcher-3-dague-geralt-de-riv\/","url":"https:\/\/repliquemangacine.fr\/epee-the-witcher\/dague-twin-wolf-the-witcher-3-dague-geralt-de-riv\/","name":"Pugnale Witcher3 Twin-Wolf - Boutique en ligne | RMC","isPartOf":{"@id":"https:\/\/repliquemangacine.fr\/#website"},"primaryImageOfPage":{"@id":"https:\/\/repliquemangacine.fr\/epee-the-witcher\/dague-twin-wolf-the-witcher-3-dague-geralt-de-riv\/#primaryimage"},"image":{"@id":"https:\/\/repliquemangacine.fr\/epee-the-witcher\/dague-twin-wolf-the-witcher-3-dague-geralt-de-riv\/#primaryimage"},"thumbnailUrl":"https:\/\/repliquemangacine.fr\/wp-content\/uploads\/2023\/10\/3067-Dague-Twin-Wolf-The-Witcher-3-Dague-Geralt-de-Riv.jpg","datePublished":"2019-09-08T09:53:16+00:00","dateModified":"2026-02-03T09:56:34+00:00","description":"Regalati il pugnale Twin-Wolf Witcher3, al miglior prezzo. Lama in acciaio - Fodero in ABS sagomato - Lunghezza totale: 40cm - Spedizione 24\/48h","breadcrumb":{"@id":"https:\/\/repliquemangacine.fr\/epee-the-witcher\/dague-twin-wolf-the-witcher-3-dague-geralt-de-riv\/#breadcrumb"},"inLanguage":"it-IT","potentialAction":[{"@type":"ReadAction","target":["https:\/\/repliquemangacine.fr\/epee-the-witcher\/dague-twin-wolf-the-witcher-3-dague-geralt-de-riv\/"]}]},{"@type":"ImageObject","inLanguage":"it-IT","@id":"https:\/\/repliquemangacine.fr\/epee-the-witcher\/dague-twin-wolf-the-witcher-3-dague-geralt-de-riv\/#primaryimage","url":"https:\/\/repliquemangacine.fr\/wp-content\/uploads\/2023\/10\/3067-Dague-Twin-Wolf-The-Witcher-3-Dague-Geralt-de-Riv.jpg","contentUrl":"https:\/\/repliquemangacine.fr\/wp-content\/uploads\/2023\/10\/3067-Dague-Twin-Wolf-The-Witcher-3-Dague-Geralt-de-Riv.jpg","width":800,"height":800,"caption":"Dague Twin-Wolf - Witcher3 - Dague G\u00e9ralt de Riv"},{"@type":"BreadcrumbList","@id":"https:\/\/repliquemangacine.fr\/epee-the-witcher\/dague-twin-wolf-the-witcher-3-dague-geralt-de-riv\/#breadcrumb","itemListElement":[{"@type":"ListItem","position":1,"name":"Accueil","item":"https:\/\/repliquemangacine.fr\/"},{"@type":"ListItem","position":2,"name":"Produits","item":"https:\/\/repliquemangacine.fr\/boutique\/"},{"@type":"ListItem","position":3,"name":"Dague Twin-Wolf The Witcher3"}]},{"@type":"WebSite","@id":"https:\/\/repliquemangacine.fr\/#website","url":"https:\/\/repliquemangacine.fr\/","name":"R\u00e9plique Manga Cin\u00e9","description":"","publisher":{"@id":"https:\/\/repliquemangacine.fr\/#organization"},"potentialAction":[{"@type":"SearchAction","target":{"@type":"EntryPoint","urlTemplate":"https:\/\/repliquemangacine.fr\/?s={search_term_string}"},"query-input":{"@type":"PropertyValueSpecification","valueRequired":true,"valueName":"search_term_string"}}],"inLanguage":"it-IT"},{"@type":"Organization","@id":"https:\/\/repliquemangacine.fr\/#organization","name":"R\u00e9plique Manga Cin\u00e9","url":"https:\/\/repliquemangacine.fr\/","logo":{"@type":"ImageObject","inLanguage":"it-IT","@id":"https:\/\/repliquemangacine.fr\/#\/schema\/logo\/image\/","url":"https:\/\/repliquemangacine.fr\/wp-content\/uploads\/2023\/10\/RMC-500250.png","contentUrl":"https:\/\/repliquemangacine.fr\/wp-content\/uploads\/2023\/10\/RMC-500250.png","width":500,"height":250,"caption":"R\u00e9plique Manga Cin\u00e9"},"image":{"@id":"https:\/\/repliquemangacine.fr\/#\/schema\/logo\/image\/"},"sameAs":["https:\/\/www.facebook.com\/RepliqueMangaCine","https:\/\/www.instagram.com\/repliquemangacine.fr\/"]}]}},"_links":{"self":[{"href":"https:\/\/repliquemangacine.fr\/it\/wp-json\/wp\/v2\/product\/28362","targetHints":{"allow":["GET"]}}],"collection":[{"href":"https:\/\/repliquemangacine.fr\/it\/wp-json\/wp\/v2\/product"}],"about":[{"href":"https:\/\/repliquemangacine.fr\/it\/wp-json\/wp\/v2\/types\/product"}],"wp:featuredmedia":[{"embeddable":true,"href":"https:\/\/repliquemangacine.fr\/it\/wp-json\/wp\/v2\/media\/28363"}],"wp:attachment":[{"href":"https:\/\/repliquemangacine.fr\/it\/wp-json\/wp\/v2\/media?parent=28362"}],"wp:term":[{"taxonomy":"product_brand","embeddable":true,"href":"https:\/\/repliquemangacine.fr\/it\/wp-json\/wp\/v2\/product_brand?post=28362"},{"taxonomy":"product_cat","embeddable":true,"href":"https:\/\/repliquemangacine.fr\/it\/wp-json\/wp\/v2\/product_cat?post=28362"},{"taxonomy":"product_tag","embeddable":true,"href":"https:\/\/repliquemangacine.fr\/it\/wp-json\/wp\/v2\/product_tag?post=28362"}],"curies":[{"name":"wp","href":"https:\/\/api.w.org\/{rel}","templated":true}]}}