





{"id":28328,"date":"2019-09-07T09:55:22","date_gmt":"2019-09-07T07:55:22","guid":{"rendered":"https:\/\/repliquemangacine.fr\/?post_type=product&#038;p=28328"},"modified":"2026-01-10T13:29:24","modified_gmt":"2026-01-10T12:29:24","slug":"pugnale-medievale-templare-2","status":"publish","type":"product","link":"https:\/\/repliquemangacine.fr\/it\/dagues-medievales\/dague-medievale-templiere-2\/","title":{"rendered":"Pugnale templare medievale"},"content":{"rendered":"<h2>Replica del pugnale templare medievale<\/h2>\n<p>Per cominciare, il <strong>Pugnale templare medievale<\/strong> \u00e8 un oggetto da collezione e decorativo.<\/p>\n<p><a href=\"https:\/\/www.histoire-pour-tous.fr\/dossiers\/1505-naissance-des-templiers-13-janvier-1129.html\" target=\"_blank\" rel=\"noopener noreferrer\">L'Ordine del Tempio<\/a>, L'Ordine del Tempio era un ordine religioso e militare nato dalla cavalleria cristiana del Medioevo. Lo scopo dell'Ordine del Tempio era quello di proteggere i pellegrini cristiani in viaggio verso la Terra Santa. Questo pellegrinaggio era uno dei tre pi\u00f9 importanti della cristianit\u00e0 medievale.<\/p>\n<p>Il sigillo, un timbro personale che autentica un atto e attesta una firma. Si conoscono circa venti sigilli templari. Appartenevano a maestri, alti dignitari, comandanti o cavalieri dell'ordine nel XIII secolo.<\/p>\n<p>La croce patt\u00e9e indica che i Cavalieri Templari appartenevano al cristianesimo e il colore rosso ricordava il sangue versato da Cristo.<\/p>\n<h2>Il vostro pugnale templare medievale al miglior prezzo.<\/h2>\n<h3>Offriamo un'ampia gamma di repliche di epoca medievale.<\/h3>\n<p>Innanzitutto,<\/p>\n<ul>\n<li>L'<a href=\"https:\/\/repliquemangacine.fr\/it\/spada-medievale\/spada-da-cerimonia-templare\/\">Spada cerimoniale templare<\/a> riccamente decorato.<\/li>\n<li>Ma anche il <a href=\"https:\/\/repliquemangacine.fr\/it\/scudo-e-armatura\/scudo-templare-in-metallo\/\">Scudo templare<\/a> essenziale per il combattimento.<\/li>\n<li>E molti altri da scoprire nel nostro negozio online!<\/li>\n<\/ul>\n<p>Ecco perch\u00e9 \u00e8 un'ottima idea regalo per tutti coloro che amano il Medioevo.<\/p>\n<p>In conclusione, \u00e8 possibile utilizzare questo <strong>Pugnale templare medievale<\/strong> per il vostro arredamento. Ma soprattutto \u00e8 un oggetto da collezione e decorativo.<\/p>\n<h2>Come faccio a mantenere la lama del mio pugnale?<\/h2>\n<p>I pugnali da collezione e decorativi sono realizzati e assemblati in modo semplificato. Essendo destinati a scopi decorativi, non dispongono degli elementi di sicurezza necessari per una spada giapponese destinata all'allenamento.<\/p>\n<p>Tuttavia, il vostro <strong>Pugnale templare medievale<\/strong> a una lama d'acciaio che deve essere mantenuta per evitare che si danneggi nel tempo. Quando esponete il vostro pugnale, i vostri amici saranno curiosi di vedere la lama e di toccarla. \u00c8 qui che bisogna fare attenzione, perch\u00e9 l'acidit\u00e0 delle dita \u00e8 molto dannosa per l'acciaio, qualunque sia la sua qualit\u00e0.<\/p>\n<p>Tuttavia, se ci\u00f2 accade, non bisogna farsi prendere dal panico: basta usare un panno inumidito con un po' d'olio e cancellare le impronte digitali. In questo modo, il pugnale durer\u00e0 a lungo.<\/p>","protected":false},"excerpt":{"rendered":"<p>Superbo pugnale decorativo medievale.<\/p>\n<ul>\n<li>Lama in acciaio inossidabile serigrafata.<\/li>\n<li>Maniglia in ABS con templare.<\/li>\n<li>Pomello in acciaio con elmo templare.<\/li>\n<li>Protezione in metallo dorato.<\/li>\n<li>Guaina in ABS bianco stampato.<\/li>\n<li>Lunghezza lama: 24 cm - Lunghezza totale: 39,5 cm - Peso 255 gr.<\/li>\n<\/ul>","protected":false},"featured_media":28329,"template":"","meta":[],"product_brand":[896],"product_cat":[25,93,43],"product_tag":[621,622,623],"class_list":{"0":"post-28328","1":"product","2":"type-product","3":"status-publish","4":"has-post-thumbnail","6":"product_brand-replique-manga-cine","7":"product_cat-armes-historiques","8":"product_cat-dagues-medievales","9":"product_cat-reproductions-d-armes-et-accessoires-medievales","10":"product_tag-dague","11":"product_tag-dague-des-templiers","12":"product_tag-dague-medievale","14":"first","15":"instock","16":"taxable","17":"shipping-taxable","18":"purchasable","19":"product-type-simple"},"yoast_head":"<!-- This site is optimized with the Yoast SEO plugin v27.4 - https:\/\/yoast.com\/product\/yoast-seo-wordpress\/ -->\n<title>Dague M\u00e9di\u00e9vale Templi\u00e8re de d\u00e9coration - R\u00e9plique Manga Cin\u00e9<\/title>\n<meta name=\"description\" content=\"Offrez-lui ! cette Dague M\u00e9di\u00e9vale Templi\u00e8re au meilleur prix - Lame acier 440 - Fourreau en ABS moul\u00e9 - Pommeau acier d\u00e9cor\u00e9 - Longueur totale : 39.5 cm\" \/>\n<meta name=\"robots\" content=\"index, follow, max-snippet:-1, max-image-preview:large, max-video-preview:-1\" \/>\n<link rel=\"canonical\" href=\"https:\/\/repliquemangacine.fr\/it\/pugnali-medievali\/pugnale-medievale-templare-2\/\" \/>\n<meta property=\"og:locale\" content=\"it_IT\" \/>\n<meta property=\"og:type\" content=\"article\" \/>\n<meta property=\"og:title\" content=\"Dague M\u00e9di\u00e9vale Templi\u00e8re de d\u00e9coration - R\u00e9plique Manga Cin\u00e9\" \/>\n<meta property=\"og:description\" content=\"Offrez-lui ! cette Dague M\u00e9di\u00e9vale Templi\u00e8re au meilleur prix - Lame acier 440 - Fourreau en ABS moul\u00e9 - Pommeau acier d\u00e9cor\u00e9 - Longueur totale : 39.5 cm\" \/>\n<meta property=\"og:url\" content=\"https:\/\/repliquemangacine.fr\/it\/pugnali-medievali\/pugnale-medievale-templare-2\/\" \/>\n<meta property=\"og:site_name\" content=\"R\u00e9plique Manga Cin\u00e9\" \/>\n<meta property=\"article:publisher\" content=\"https:\/\/www.facebook.com\/RepliqueMangaCine\" \/>\n<meta property=\"article:modified_time\" content=\"2026-01-10T12:29:24+00:00\" \/>\n<meta property=\"og:image\" content=\"https:\/\/repliquemangacine.fr\/wp-content\/uploads\/2023\/10\/3041-Dague-Medievale-Templiere-blanche-en-metal-dore.jpg\" \/>\n\t<meta property=\"og:image:width\" content=\"800\" \/>\n\t<meta property=\"og:image:height\" content=\"800\" \/>\n\t<meta property=\"og:image:type\" content=\"image\/jpeg\" \/>\n<meta name=\"twitter:card\" content=\"summary_large_image\" \/>\n<meta name=\"twitter:label1\" content=\"Tempo di lettura stimato\" \/>\n\t<meta name=\"twitter:data1\" content=\"2 minuti\" \/>\n<script type=\"application\/ld+json\" class=\"yoast-schema-graph\">{\"@context\":\"https:\\\/\\\/schema.org\",\"@graph\":[{\"@type\":\"WebPage\",\"@id\":\"https:\\\/\\\/repliquemangacine.fr\\\/dagues-medievales\\\/dague-medievale-templiere-2\\\/\",\"url\":\"https:\\\/\\\/repliquemangacine.fr\\\/dagues-medievales\\\/dague-medievale-templiere-2\\\/\",\"name\":\"Dague M\u00e9di\u00e9vale Templi\u00e8re de d\u00e9coration - R\u00e9plique Manga Cin\u00e9\",\"isPartOf\":{\"@id\":\"https:\\\/\\\/repliquemangacine.fr\\\/#website\"},\"primaryImageOfPage\":{\"@id\":\"https:\\\/\\\/repliquemangacine.fr\\\/dagues-medievales\\\/dague-medievale-templiere-2\\\/#primaryimage\"},\"image\":{\"@id\":\"https:\\\/\\\/repliquemangacine.fr\\\/dagues-medievales\\\/dague-medievale-templiere-2\\\/#primaryimage\"},\"thumbnailUrl\":\"https:\\\/\\\/repliquemangacine.fr\\\/wp-content\\\/uploads\\\/2023\\\/10\\\/3041-Dague-Medievale-Templiere-blanche-en-metal-dore.jpg\",\"datePublished\":\"2019-09-07T07:55:22+00:00\",\"dateModified\":\"2026-01-10T12:29:24+00:00\",\"description\":\"Offrez-lui ! cette Dague M\u00e9di\u00e9vale Templi\u00e8re au meilleur prix - Lame acier 440 - Fourreau en ABS moul\u00e9 - Pommeau acier d\u00e9cor\u00e9 - Longueur totale : 39.5 cm\",\"breadcrumb\":{\"@id\":\"https:\\\/\\\/repliquemangacine.fr\\\/dagues-medievales\\\/dague-medievale-templiere-2\\\/#breadcrumb\"},\"inLanguage\":\"it-IT\",\"potentialAction\":[{\"@type\":\"ReadAction\",\"target\":[\"https:\\\/\\\/repliquemangacine.fr\\\/dagues-medievales\\\/dague-medievale-templiere-2\\\/\"]}]},{\"@type\":\"ImageObject\",\"inLanguage\":\"it-IT\",\"@id\":\"https:\\\/\\\/repliquemangacine.fr\\\/dagues-medievales\\\/dague-medievale-templiere-2\\\/#primaryimage\",\"url\":\"https:\\\/\\\/repliquemangacine.fr\\\/wp-content\\\/uploads\\\/2023\\\/10\\\/3041-Dague-Medievale-Templiere-blanche-en-metal-dore.jpg\",\"contentUrl\":\"https:\\\/\\\/repliquemangacine.fr\\\/wp-content\\\/uploads\\\/2023\\\/10\\\/3041-Dague-Medievale-Templiere-blanche-en-metal-dore.jpg\",\"width\":800,\"height\":800,\"caption\":\"Dague M\u00e9di\u00e9vale Templi\u00e8re blanche en m\u00e9tal dor\u00e9\"},{\"@type\":\"BreadcrumbList\",\"@id\":\"https:\\\/\\\/repliquemangacine.fr\\\/dagues-medievales\\\/dague-medievale-templiere-2\\\/#breadcrumb\",\"itemListElement\":[{\"@type\":\"ListItem\",\"position\":1,\"name\":\"Accueil\",\"item\":\"https:\\\/\\\/repliquemangacine.fr\\\/\"},{\"@type\":\"ListItem\",\"position\":2,\"name\":\"Produits\",\"item\":\"https:\\\/\\\/repliquemangacine.fr\\\/boutique\\\/\"},{\"@type\":\"ListItem\",\"position\":3,\"name\":\"Dague M\u00e9di\u00e9vale Templi\u00e8re\"}]},{\"@type\":\"WebSite\",\"@id\":\"https:\\\/\\\/repliquemangacine.fr\\\/#website\",\"url\":\"https:\\\/\\\/repliquemangacine.fr\\\/\",\"name\":\"R\u00e9plique Manga Cin\u00e9\",\"description\":\"\",\"publisher\":{\"@id\":\"https:\\\/\\\/repliquemangacine.fr\\\/#organization\"},\"potentialAction\":[{\"@type\":\"SearchAction\",\"target\":{\"@type\":\"EntryPoint\",\"urlTemplate\":\"https:\\\/\\\/repliquemangacine.fr\\\/?s={search_term_string}\"},\"query-input\":{\"@type\":\"PropertyValueSpecification\",\"valueRequired\":true,\"valueName\":\"search_term_string\"}}],\"inLanguage\":\"it-IT\"},{\"@type\":\"Organization\",\"@id\":\"https:\\\/\\\/repliquemangacine.fr\\\/#organization\",\"name\":\"R\u00e9plique Manga Cin\u00e9\",\"url\":\"https:\\\/\\\/repliquemangacine.fr\\\/\",\"logo\":{\"@type\":\"ImageObject\",\"inLanguage\":\"it-IT\",\"@id\":\"https:\\\/\\\/repliquemangacine.fr\\\/#\\\/schema\\\/logo\\\/image\\\/\",\"url\":\"https:\\\/\\\/repliquemangacine.fr\\\/wp-content\\\/uploads\\\/2023\\\/10\\\/RMC-500250.png\",\"contentUrl\":\"https:\\\/\\\/repliquemangacine.fr\\\/wp-content\\\/uploads\\\/2023\\\/10\\\/RMC-500250.png\",\"width\":500,\"height\":250,\"caption\":\"R\u00e9plique Manga Cin\u00e9\"},\"image\":{\"@id\":\"https:\\\/\\\/repliquemangacine.fr\\\/#\\\/schema\\\/logo\\\/image\\\/\"},\"sameAs\":[\"https:\\\/\\\/www.facebook.com\\\/RepliqueMangaCine\",\"https:\\\/\\\/www.instagram.com\\\/repliquemangacine.fr\\\/\"]}]}<\/script>\n<!-- \/ Yoast SEO plugin. -->","yoast_head_json":{"title":"Pugnale decorativo templare medievale - R\u00e9plique Manga Cin\u00e9","description":"Regalategli questo pugnale templare medievale al miglior prezzo - Lama in acciaio 440 - Fodero in ABS sagomato - Pomo in acciaio decorato - Lunghezza totale: 39,5 cm","robots":{"index":"index","follow":"follow","max-snippet":"max-snippet:-1","max-image-preview":"max-image-preview:large","max-video-preview":"max-video-preview:-1"},"canonical":"https:\/\/repliquemangacine.fr\/it\/pugnali-medievali\/pugnale-medievale-templare-2\/","og_locale":"it_IT","og_type":"article","og_title":"Dague M\u00e9di\u00e9vale Templi\u00e8re de d\u00e9coration - R\u00e9plique Manga Cin\u00e9","og_description":"Offrez-lui ! cette Dague M\u00e9di\u00e9vale Templi\u00e8re au meilleur prix - Lame acier 440 - Fourreau en ABS moul\u00e9 - Pommeau acier d\u00e9cor\u00e9 - Longueur totale : 39.5 cm","og_url":"https:\/\/repliquemangacine.fr\/it\/pugnali-medievali\/pugnale-medievale-templare-2\/","og_site_name":"R\u00e9plique Manga Cin\u00e9","article_publisher":"https:\/\/www.facebook.com\/RepliqueMangaCine","article_modified_time":"2026-01-10T12:29:24+00:00","og_image":[{"width":800,"height":800,"url":"https:\/\/repliquemangacine.fr\/wp-content\/uploads\/2023\/10\/3041-Dague-Medievale-Templiere-blanche-en-metal-dore.jpg","type":"image\/jpeg"}],"twitter_card":"summary_large_image","twitter_misc":{"Tempo di lettura stimato":"2 minuti"},"schema":{"@context":"https:\/\/schema.org","@graph":[{"@type":"WebPage","@id":"https:\/\/repliquemangacine.fr\/dagues-medievales\/dague-medievale-templiere-2\/","url":"https:\/\/repliquemangacine.fr\/dagues-medievales\/dague-medievale-templiere-2\/","name":"Pugnale decorativo templare medievale - R\u00e9plique Manga Cin\u00e9","isPartOf":{"@id":"https:\/\/repliquemangacine.fr\/#website"},"primaryImageOfPage":{"@id":"https:\/\/repliquemangacine.fr\/dagues-medievales\/dague-medievale-templiere-2\/#primaryimage"},"image":{"@id":"https:\/\/repliquemangacine.fr\/dagues-medievales\/dague-medievale-templiere-2\/#primaryimage"},"thumbnailUrl":"https:\/\/repliquemangacine.fr\/wp-content\/uploads\/2023\/10\/3041-Dague-Medievale-Templiere-blanche-en-metal-dore.jpg","datePublished":"2019-09-07T07:55:22+00:00","dateModified":"2026-01-10T12:29:24+00:00","description":"Regalategli questo pugnale templare medievale al miglior prezzo - Lama in acciaio 440 - Fodero in ABS sagomato - Pomo in acciaio decorato - Lunghezza totale: 39,5 cm","breadcrumb":{"@id":"https:\/\/repliquemangacine.fr\/dagues-medievales\/dague-medievale-templiere-2\/#breadcrumb"},"inLanguage":"it-IT","potentialAction":[{"@type":"ReadAction","target":["https:\/\/repliquemangacine.fr\/dagues-medievales\/dague-medievale-templiere-2\/"]}]},{"@type":"ImageObject","inLanguage":"it-IT","@id":"https:\/\/repliquemangacine.fr\/dagues-medievales\/dague-medievale-templiere-2\/#primaryimage","url":"https:\/\/repliquemangacine.fr\/wp-content\/uploads\/2023\/10\/3041-Dague-Medievale-Templiere-blanche-en-metal-dore.jpg","contentUrl":"https:\/\/repliquemangacine.fr\/wp-content\/uploads\/2023\/10\/3041-Dague-Medievale-Templiere-blanche-en-metal-dore.jpg","width":800,"height":800,"caption":"Dague M\u00e9di\u00e9vale Templi\u00e8re blanche en m\u00e9tal dor\u00e9"},{"@type":"BreadcrumbList","@id":"https:\/\/repliquemangacine.fr\/dagues-medievales\/dague-medievale-templiere-2\/#breadcrumb","itemListElement":[{"@type":"ListItem","position":1,"name":"Accueil","item":"https:\/\/repliquemangacine.fr\/"},{"@type":"ListItem","position":2,"name":"Produits","item":"https:\/\/repliquemangacine.fr\/boutique\/"},{"@type":"ListItem","position":3,"name":"Dague M\u00e9di\u00e9vale Templi\u00e8re"}]},{"@type":"WebSite","@id":"https:\/\/repliquemangacine.fr\/#website","url":"https:\/\/repliquemangacine.fr\/","name":"R\u00e9plique Manga Cin\u00e9","description":"","publisher":{"@id":"https:\/\/repliquemangacine.fr\/#organization"},"potentialAction":[{"@type":"SearchAction","target":{"@type":"EntryPoint","urlTemplate":"https:\/\/repliquemangacine.fr\/?s={search_term_string}"},"query-input":{"@type":"PropertyValueSpecification","valueRequired":true,"valueName":"search_term_string"}}],"inLanguage":"it-IT"},{"@type":"Organization","@id":"https:\/\/repliquemangacine.fr\/#organization","name":"R\u00e9plique Manga Cin\u00e9","url":"https:\/\/repliquemangacine.fr\/","logo":{"@type":"ImageObject","inLanguage":"it-IT","@id":"https:\/\/repliquemangacine.fr\/#\/schema\/logo\/image\/","url":"https:\/\/repliquemangacine.fr\/wp-content\/uploads\/2023\/10\/RMC-500250.png","contentUrl":"https:\/\/repliquemangacine.fr\/wp-content\/uploads\/2023\/10\/RMC-500250.png","width":500,"height":250,"caption":"R\u00e9plique Manga Cin\u00e9"},"image":{"@id":"https:\/\/repliquemangacine.fr\/#\/schema\/logo\/image\/"},"sameAs":["https:\/\/www.facebook.com\/RepliqueMangaCine","https:\/\/www.instagram.com\/repliquemangacine.fr\/"]}]}},"_links":{"self":[{"href":"https:\/\/repliquemangacine.fr\/it\/wp-json\/wp\/v2\/product\/28328","targetHints":{"allow":["GET"]}}],"collection":[{"href":"https:\/\/repliquemangacine.fr\/it\/wp-json\/wp\/v2\/product"}],"about":[{"href":"https:\/\/repliquemangacine.fr\/it\/wp-json\/wp\/v2\/types\/product"}],"wp:featuredmedia":[{"embeddable":true,"href":"https:\/\/repliquemangacine.fr\/it\/wp-json\/wp\/v2\/media\/28329"}],"wp:attachment":[{"href":"https:\/\/repliquemangacine.fr\/it\/wp-json\/wp\/v2\/media?parent=28328"}],"wp:term":[{"taxonomy":"product_brand","embeddable":true,"href":"https:\/\/repliquemangacine.fr\/it\/wp-json\/wp\/v2\/product_brand?post=28328"},{"taxonomy":"product_cat","embeddable":true,"href":"https:\/\/repliquemangacine.fr\/it\/wp-json\/wp\/v2\/product_cat?post=28328"},{"taxonomy":"product_tag","embeddable":true,"href":"https:\/\/repliquemangacine.fr\/it\/wp-json\/wp\/v2\/product_tag?post=28328"}],"curies":[{"name":"wp","href":"https:\/\/api.w.org\/{rel}","templated":true}]}}