





{"id":28266,"date":"2019-08-18T11:05:15","date_gmt":"2019-08-18T09:05:15","guid":{"rendered":"https:\/\/repliquemangacine.fr\/?post_type=product&#038;p=28266"},"modified":"2025-09-23T18:02:16","modified_gmt":"2025-09-23T16:02:16","slug":"bankai-ichigo-tensa-zangetsu-taglio-142cm","status":"publish","type":"product","link":"https:\/\/repliquemangacine.fr\/it\/katana-forge\/bankai-ichigo-tensa-zangetsu-coupant-142cm\/","title":{"rendered":"Taglio Banka\u00ef Ichigo 142 cm"},"content":{"rendered":"<h2>Banka\u00ef Ichigo che taglia Tensa Zangetsu, 142 cm<\/h2>\n<p>Per cominciare, la Banka\u00ef Ichigo, Tensa Zangetsu 142 cm (Catena Celeste, Luna Affilata) \u00e8 la prima katana di Ichigo. Ichigo Kurosaki \u00e8 un umano con l'eccezionale capacit\u00e0 di distinguere i fantasmi. La sua vita viene stravolta dall'incontro con Rukia Kuchiki, che gli conferisce i poteri di <a href=\"https:\/\/bleach.fandom.com\/fr\/wiki\/Shinigami\" target=\"_blank\" rel=\"noopener noreferrer\">Shinigami<\/a> per salvare la sua famiglia da una cavit\u00e0.<\/p>\n<p>Ichigo \u00e8 un combattente molto potente, in grado di intimidire 4 o 5 teppisti senza problemi, di far saltare 7 denti con un solo pugno o di far volare un Arrancar con un calcio. Vale la pena sottolineare che la pratica delle arti marziali fin dalla pi\u00f9 tenera et\u00e0 lo aiuta enormemente.<\/p>\n<p>La sua rivalit\u00e0 all'asilo con Tatsuki Arisawa, una delle pi\u00f9 potenti combattenti giapponesi di karate femminile, lo ha portato ad un alto livello di combattimento corpo a corpo.<\/p>\n<h2>La tua fresa Banka\u00ef Ichigo al miglior prezzo.<\/h2>\n<p>Vi proponiamo tutte le battute dei vostri personaggi preferiti nel manga Bleach.<\/p>\n<p>Innanzitutto,<\/p>\n<ul>\n<li>Il primo <a href=\"https:\/\/repliquemangacine.fr\/it\/candeggina\/bankai-tensa-zangetsu\/\">bankai d'ichigo<\/a> forgiato, la versione breve del Tensa Zangetsu.<\/li>\n<li>Cos\u00ec come la versione pi\u00f9 lunga e quella con la guardia diversa.<\/li>\n<li>C'\u00e8 anche il <a href=\"https:\/\/repliquemangacine.fr\/it\/candeggina\/zanpakuto-shirayuki-shikai-rukia-kuchiki\/\">Katana Rukia Kuchiki<\/a> di nome Zanpakuto Shirayuki, considerato il miglior Zanpakut\u00f4 della Soul Society.<\/li>\n<li>E molti altri da scoprire nel nostro negozio online!<\/li>\n<\/ul>\n<p>Ecco quindi alcune fantastiche idee regalo per i fan di Bleach.<\/p>\n<p>In conclusione, \u00e8 possibile utilizzare questo <strong>Taglio Banka\u00ef Ichigo<\/strong> per le vostre sfilate cosplay o serate a tema. Ma soprattutto, la katana di Ichigo \u00e8 anche un oggetto da collezione e un pezzo decorativo.<\/p>\n<h2>Come si mantiene la lama della katana di Bleach?<\/h2>\n<p>Le katane da collezione e decorative sono realizzate e assemblate in modo semplificato. Poich\u00e9 il loro uso \u00e8 decorativo, non hanno le caratteristiche di sicurezza richieste da una spada giapponese destinata all'allenamento.<\/p>\n<p>Tuttavia, non \u00e8 questo il caso, <strong>il tuo taglio Banka\u00ef Ichigo<\/strong> a una lama d'acciaio che deve essere curata per evitare che si danneggi nel tempo. Quando si espone la katana, gli amici saranno curiosi di vedere la lama e di toccarla. \u00c8 qui che bisogna fare attenzione, perch\u00e9 l'acidit\u00e0 delle dita \u00e8 molto dannosa per l'acciaio, indipendentemente dalla sua qualit\u00e0.<\/p>\n<p>Tuttavia, se ci\u00f2 dovesse accadere, niente panico: basta un panno inumidito con un po' d'olio per eliminare le impronte. In questo modo, la spada durer\u00e0 a lungo.<\/p>\n<p><strong>\u00a0<\/strong><\/p>","protected":false},"excerpt":{"rendered":"<p>Banka\u00ef Ichigo - Versione con lama affilata Tensa Zangetsu.<\/p>\n<ul>\n<li>Lama forgiata in acciaio da taglio tipo Maru.<\/li>\n<li>Manico circondato da una treccia di cotone nero.<\/li>\n<li>Catena spezzata, che simboleggia il karma spezzato di Ichigo.<\/li>\n<li>Protezione in metallo a forma di svastica.<\/li>\n<li>Fodero in legno nero.<\/li>\n<li>Fornito con coperchio protettivo e libretto di manutenzione.<\/li>\n<li>Lunghezza lama: 95 cm - Lunghezza totale: 142 cm<\/li>\n<\/ul>\n<p><strong>\u00a0<\/strong><\/p>","protected":false},"featured_media":28267,"template":"","meta":[],"product_brand":[896],"product_cat":[30,26,38,23],"product_tag":[],"class_list":{"0":"post-28266","1":"product","2":"type-product","3":"status-publish","4":"has-post-thumbnail","6":"product_brand-replique-manga-cine","7":"product_cat-katana-bleach","8":"product_cat-katana-epee","9":"product_cat-katana-forge","10":"product_cat-repliques-manga-jeux-video","12":"first","13":"outofstock","14":"taxable","15":"shipping-taxable","16":"purchasable","17":"product-type-simple"},"yoast_head":"<!-- This site is optimized with the Yoast SEO plugin v27.4 - https:\/\/yoast.com\/product\/yoast-seo-wordpress\/ -->\n<title>Banka\u00ef Ichigo coupant - Tensa Zangetsu - Boutique en ligne | RMC<\/title>\n<meta name=\"description\" content=\"Achetez vite ! Le Banka\u00ef Ichigo coupant Tensa Zangetsu dans Bleach au meilleur prix. Lame tranchante en acier forg\u00e9 - Longueur totale : 142cm - Envoi 24\/48h\" \/>\n<meta name=\"robots\" content=\"index, follow, max-snippet:-1, max-image-preview:large, max-video-preview:-1\" \/>\n<link rel=\"canonical\" href=\"https:\/\/repliquemangacine.fr\/it\/fucina-di-katana\/bankai-ichigo-tensa-zangetsu-taglio-142cm\/\" \/>\n<meta property=\"og:locale\" content=\"it_IT\" \/>\n<meta property=\"og:type\" content=\"article\" \/>\n<meta property=\"og:title\" content=\"Banka\u00ef Ichigo coupant - Tensa Zangetsu - Boutique en ligne | RMC\" \/>\n<meta property=\"og:description\" content=\"Achetez vite ! Le Banka\u00ef Ichigo coupant Tensa Zangetsu dans Bleach au meilleur prix. Lame tranchante en acier forg\u00e9 - Longueur totale : 142cm - Envoi 24\/48h\" \/>\n<meta property=\"og:url\" content=\"https:\/\/repliquemangacine.fr\/it\/fucina-di-katana\/bankai-ichigo-tensa-zangetsu-taglio-142cm\/\" \/>\n<meta property=\"og:site_name\" content=\"R\u00e9plique Manga Cin\u00e9\" \/>\n<meta property=\"article:publisher\" content=\"https:\/\/www.facebook.com\/RepliqueMangaCine\" \/>\n<meta property=\"article:modified_time\" content=\"2025-09-23T16:02:16+00:00\" \/>\n<meta property=\"og:image\" content=\"https:\/\/repliquemangacine.fr\/wp-content\/uploads\/2023\/10\/2994-Bankai-Ichigo-Tensa-Zangetsu-coupant-142cm.jpg\" \/>\n\t<meta property=\"og:image:width\" content=\"800\" \/>\n\t<meta property=\"og:image:height\" content=\"800\" \/>\n\t<meta property=\"og:image:type\" content=\"image\/jpeg\" \/>\n<meta name=\"twitter:card\" content=\"summary_large_image\" \/>\n<meta name=\"twitter:label1\" content=\"Tempo di lettura stimato\" \/>\n\t<meta name=\"twitter:data1\" content=\"1 minuto\" \/>\n<script type=\"application\/ld+json\" class=\"yoast-schema-graph\">{\"@context\":\"https:\\\/\\\/schema.org\",\"@graph\":[{\"@type\":\"WebPage\",\"@id\":\"https:\\\/\\\/repliquemangacine.fr\\\/katana-forge\\\/bankai-ichigo-tensa-zangetsu-coupant-142cm\\\/\",\"url\":\"https:\\\/\\\/repliquemangacine.fr\\\/katana-forge\\\/bankai-ichigo-tensa-zangetsu-coupant-142cm\\\/\",\"name\":\"Banka\u00ef Ichigo coupant - Tensa Zangetsu - Boutique en ligne | RMC\",\"isPartOf\":{\"@id\":\"https:\\\/\\\/repliquemangacine.fr\\\/#website\"},\"primaryImageOfPage\":{\"@id\":\"https:\\\/\\\/repliquemangacine.fr\\\/katana-forge\\\/bankai-ichigo-tensa-zangetsu-coupant-142cm\\\/#primaryimage\"},\"image\":{\"@id\":\"https:\\\/\\\/repliquemangacine.fr\\\/katana-forge\\\/bankai-ichigo-tensa-zangetsu-coupant-142cm\\\/#primaryimage\"},\"thumbnailUrl\":\"https:\\\/\\\/repliquemangacine.fr\\\/wp-content\\\/uploads\\\/2023\\\/10\\\/2994-Bankai-Ichigo-Tensa-Zangetsu-coupant-142cm.jpg\",\"datePublished\":\"2019-08-18T09:05:15+00:00\",\"dateModified\":\"2025-09-23T16:02:16+00:00\",\"description\":\"Achetez vite ! Le Banka\u00ef Ichigo coupant Tensa Zangetsu dans Bleach au meilleur prix. Lame tranchante en acier forg\u00e9 - Longueur totale : 142cm - Envoi 24\\\/48h\",\"breadcrumb\":{\"@id\":\"https:\\\/\\\/repliquemangacine.fr\\\/katana-forge\\\/bankai-ichigo-tensa-zangetsu-coupant-142cm\\\/#breadcrumb\"},\"inLanguage\":\"it-IT\",\"potentialAction\":[{\"@type\":\"ReadAction\",\"target\":[\"https:\\\/\\\/repliquemangacine.fr\\\/katana-forge\\\/bankai-ichigo-tensa-zangetsu-coupant-142cm\\\/\"]}]},{\"@type\":\"ImageObject\",\"inLanguage\":\"it-IT\",\"@id\":\"https:\\\/\\\/repliquemangacine.fr\\\/katana-forge\\\/bankai-ichigo-tensa-zangetsu-coupant-142cm\\\/#primaryimage\",\"url\":\"https:\\\/\\\/repliquemangacine.fr\\\/wp-content\\\/uploads\\\/2023\\\/10\\\/2994-Bankai-Ichigo-Tensa-Zangetsu-coupant-142cm.jpg\",\"contentUrl\":\"https:\\\/\\\/repliquemangacine.fr\\\/wp-content\\\/uploads\\\/2023\\\/10\\\/2994-Bankai-Ichigo-Tensa-Zangetsu-coupant-142cm.jpg\",\"width\":800,\"height\":800,\"caption\":\"Banka\u00ef Ichigo - Tensa Zangetsu coupant 142cm\"},{\"@type\":\"BreadcrumbList\",\"@id\":\"https:\\\/\\\/repliquemangacine.fr\\\/katana-forge\\\/bankai-ichigo-tensa-zangetsu-coupant-142cm\\\/#breadcrumb\",\"itemListElement\":[{\"@type\":\"ListItem\",\"position\":1,\"name\":\"Accueil\",\"item\":\"https:\\\/\\\/repliquemangacine.fr\\\/\"},{\"@type\":\"ListItem\",\"position\":2,\"name\":\"Produits\",\"item\":\"https:\\\/\\\/repliquemangacine.fr\\\/boutique\\\/\"},{\"@type\":\"ListItem\",\"position\":3,\"name\":\"Banka\u00ef Ichigo coupant 142cm\"}]},{\"@type\":\"WebSite\",\"@id\":\"https:\\\/\\\/repliquemangacine.fr\\\/#website\",\"url\":\"https:\\\/\\\/repliquemangacine.fr\\\/\",\"name\":\"R\u00e9plique Manga Cin\u00e9\",\"description\":\"\",\"publisher\":{\"@id\":\"https:\\\/\\\/repliquemangacine.fr\\\/#organization\"},\"potentialAction\":[{\"@type\":\"SearchAction\",\"target\":{\"@type\":\"EntryPoint\",\"urlTemplate\":\"https:\\\/\\\/repliquemangacine.fr\\\/?s={search_term_string}\"},\"query-input\":{\"@type\":\"PropertyValueSpecification\",\"valueRequired\":true,\"valueName\":\"search_term_string\"}}],\"inLanguage\":\"it-IT\"},{\"@type\":\"Organization\",\"@id\":\"https:\\\/\\\/repliquemangacine.fr\\\/#organization\",\"name\":\"R\u00e9plique Manga Cin\u00e9\",\"url\":\"https:\\\/\\\/repliquemangacine.fr\\\/\",\"logo\":{\"@type\":\"ImageObject\",\"inLanguage\":\"it-IT\",\"@id\":\"https:\\\/\\\/repliquemangacine.fr\\\/#\\\/schema\\\/logo\\\/image\\\/\",\"url\":\"https:\\\/\\\/repliquemangacine.fr\\\/wp-content\\\/uploads\\\/2023\\\/10\\\/RMC-500250.png\",\"contentUrl\":\"https:\\\/\\\/repliquemangacine.fr\\\/wp-content\\\/uploads\\\/2023\\\/10\\\/RMC-500250.png\",\"width\":500,\"height\":250,\"caption\":\"R\u00e9plique Manga Cin\u00e9\"},\"image\":{\"@id\":\"https:\\\/\\\/repliquemangacine.fr\\\/#\\\/schema\\\/logo\\\/image\\\/\"},\"sameAs\":[\"https:\\\/\\\/www.facebook.com\\\/RepliqueMangaCine\",\"https:\\\/\\\/www.instagram.com\\\/repliquemangacine.fr\\\/\"]}]}<\/script>\n<!-- \/ Yoast SEO plugin. -->","yoast_head_json":{"title":"Taglio Banka\u00ef Ichigo - Tensa Zangetsu - Negozio online | RMC","description":"Acquista ora! La lama da taglio Banka\u00ef Ichigo Tensa Zangetsu in Bleach al miglior prezzo. Lama da taglio in acciaio forgiato - Lunghezza totale: 142cm - Spedizione 24\/48h","robots":{"index":"index","follow":"follow","max-snippet":"max-snippet:-1","max-image-preview":"max-image-preview:large","max-video-preview":"max-video-preview:-1"},"canonical":"https:\/\/repliquemangacine.fr\/it\/fucina-di-katana\/bankai-ichigo-tensa-zangetsu-taglio-142cm\/","og_locale":"it_IT","og_type":"article","og_title":"Banka\u00ef Ichigo coupant - Tensa Zangetsu - Boutique en ligne | RMC","og_description":"Achetez vite ! Le Banka\u00ef Ichigo coupant Tensa Zangetsu dans Bleach au meilleur prix. Lame tranchante en acier forg\u00e9 - Longueur totale : 142cm - Envoi 24\/48h","og_url":"https:\/\/repliquemangacine.fr\/it\/fucina-di-katana\/bankai-ichigo-tensa-zangetsu-taglio-142cm\/","og_site_name":"R\u00e9plique Manga Cin\u00e9","article_publisher":"https:\/\/www.facebook.com\/RepliqueMangaCine","article_modified_time":"2025-09-23T16:02:16+00:00","og_image":[{"width":800,"height":800,"url":"https:\/\/repliquemangacine.fr\/wp-content\/uploads\/2023\/10\/2994-Bankai-Ichigo-Tensa-Zangetsu-coupant-142cm.jpg","type":"image\/jpeg"}],"twitter_card":"summary_large_image","twitter_misc":{"Tempo di lettura stimato":"1 minuto"},"schema":{"@context":"https:\/\/schema.org","@graph":[{"@type":"WebPage","@id":"https:\/\/repliquemangacine.fr\/katana-forge\/bankai-ichigo-tensa-zangetsu-coupant-142cm\/","url":"https:\/\/repliquemangacine.fr\/katana-forge\/bankai-ichigo-tensa-zangetsu-coupant-142cm\/","name":"Taglio Banka\u00ef Ichigo - Tensa Zangetsu - Negozio online | RMC","isPartOf":{"@id":"https:\/\/repliquemangacine.fr\/#website"},"primaryImageOfPage":{"@id":"https:\/\/repliquemangacine.fr\/katana-forge\/bankai-ichigo-tensa-zangetsu-coupant-142cm\/#primaryimage"},"image":{"@id":"https:\/\/repliquemangacine.fr\/katana-forge\/bankai-ichigo-tensa-zangetsu-coupant-142cm\/#primaryimage"},"thumbnailUrl":"https:\/\/repliquemangacine.fr\/wp-content\/uploads\/2023\/10\/2994-Bankai-Ichigo-Tensa-Zangetsu-coupant-142cm.jpg","datePublished":"2019-08-18T09:05:15+00:00","dateModified":"2025-09-23T16:02:16+00:00","description":"Acquista ora! La lama da taglio Banka\u00ef Ichigo Tensa Zangetsu in Bleach al miglior prezzo. Lama da taglio in acciaio forgiato - Lunghezza totale: 142cm - Spedizione 24\/48h","breadcrumb":{"@id":"https:\/\/repliquemangacine.fr\/katana-forge\/bankai-ichigo-tensa-zangetsu-coupant-142cm\/#breadcrumb"},"inLanguage":"it-IT","potentialAction":[{"@type":"ReadAction","target":["https:\/\/repliquemangacine.fr\/katana-forge\/bankai-ichigo-tensa-zangetsu-coupant-142cm\/"]}]},{"@type":"ImageObject","inLanguage":"it-IT","@id":"https:\/\/repliquemangacine.fr\/katana-forge\/bankai-ichigo-tensa-zangetsu-coupant-142cm\/#primaryimage","url":"https:\/\/repliquemangacine.fr\/wp-content\/uploads\/2023\/10\/2994-Bankai-Ichigo-Tensa-Zangetsu-coupant-142cm.jpg","contentUrl":"https:\/\/repliquemangacine.fr\/wp-content\/uploads\/2023\/10\/2994-Bankai-Ichigo-Tensa-Zangetsu-coupant-142cm.jpg","width":800,"height":800,"caption":"Banka\u00ef Ichigo - Tensa Zangetsu coupant 142cm"},{"@type":"BreadcrumbList","@id":"https:\/\/repliquemangacine.fr\/katana-forge\/bankai-ichigo-tensa-zangetsu-coupant-142cm\/#breadcrumb","itemListElement":[{"@type":"ListItem","position":1,"name":"Accueil","item":"https:\/\/repliquemangacine.fr\/"},{"@type":"ListItem","position":2,"name":"Produits","item":"https:\/\/repliquemangacine.fr\/boutique\/"},{"@type":"ListItem","position":3,"name":"Banka\u00ef Ichigo coupant 142cm"}]},{"@type":"WebSite","@id":"https:\/\/repliquemangacine.fr\/#website","url":"https:\/\/repliquemangacine.fr\/","name":"R\u00e9plique Manga Cin\u00e9","description":"","publisher":{"@id":"https:\/\/repliquemangacine.fr\/#organization"},"potentialAction":[{"@type":"SearchAction","target":{"@type":"EntryPoint","urlTemplate":"https:\/\/repliquemangacine.fr\/?s={search_term_string}"},"query-input":{"@type":"PropertyValueSpecification","valueRequired":true,"valueName":"search_term_string"}}],"inLanguage":"it-IT"},{"@type":"Organization","@id":"https:\/\/repliquemangacine.fr\/#organization","name":"R\u00e9plique Manga Cin\u00e9","url":"https:\/\/repliquemangacine.fr\/","logo":{"@type":"ImageObject","inLanguage":"it-IT","@id":"https:\/\/repliquemangacine.fr\/#\/schema\/logo\/image\/","url":"https:\/\/repliquemangacine.fr\/wp-content\/uploads\/2023\/10\/RMC-500250.png","contentUrl":"https:\/\/repliquemangacine.fr\/wp-content\/uploads\/2023\/10\/RMC-500250.png","width":500,"height":250,"caption":"R\u00e9plique Manga Cin\u00e9"},"image":{"@id":"https:\/\/repliquemangacine.fr\/#\/schema\/logo\/image\/"},"sameAs":["https:\/\/www.facebook.com\/RepliqueMangaCine","https:\/\/www.instagram.com\/repliquemangacine.fr\/"]}]}},"_links":{"self":[{"href":"https:\/\/repliquemangacine.fr\/it\/wp-json\/wp\/v2\/product\/28266","targetHints":{"allow":["GET"]}}],"collection":[{"href":"https:\/\/repliquemangacine.fr\/it\/wp-json\/wp\/v2\/product"}],"about":[{"href":"https:\/\/repliquemangacine.fr\/it\/wp-json\/wp\/v2\/types\/product"}],"wp:featuredmedia":[{"embeddable":true,"href":"https:\/\/repliquemangacine.fr\/it\/wp-json\/wp\/v2\/media\/28267"}],"wp:attachment":[{"href":"https:\/\/repliquemangacine.fr\/it\/wp-json\/wp\/v2\/media?parent=28266"}],"wp:term":[{"taxonomy":"product_brand","embeddable":true,"href":"https:\/\/repliquemangacine.fr\/it\/wp-json\/wp\/v2\/product_brand?post=28266"},{"taxonomy":"product_cat","embeddable":true,"href":"https:\/\/repliquemangacine.fr\/it\/wp-json\/wp\/v2\/product_cat?post=28266"},{"taxonomy":"product_tag","embeddable":true,"href":"https:\/\/repliquemangacine.fr\/it\/wp-json\/wp\/v2\/product_tag?post=28266"}],"curies":[{"name":"wp","href":"https:\/\/api.w.org\/{rel}","templated":true}]}}