





{"id":28258,"date":"2019-08-18T10:50:12","date_gmt":"2019-08-18T08:50:12","guid":{"rendered":"https:\/\/repliquemangacine.fr\/?post_type=product&#038;p=28258"},"modified":"2025-09-23T18:02:15","modified_gmt":"2025-09-23T16:02:15","slug":"sabre-mugen-kanda-d-gray-man-shirasaya-mugen","status":"publish","type":"product","link":"https:\/\/repliquemangacine.fr\/it\/katana-et-epee-de-manga-anime-autre-manga\/sabre-mugen-kanda-d-gray-man-shirasaya-mugen\/","title":{"rendered":"Sciabola Mugen Kanda D.Gray-man"},"content":{"rendered":"<h2>\u00a0Shirasaya di Kanda D.Gray-man, Katana Mugen<\/h2>\n<p>Per cominciare, il <strong>Shirasaya di Kanda D.Gray-man<\/strong> si chiama Mugen. Yu Kanda \u00e8 un secondo esorcista, membro del ramo europeo dell'Ordine Nero. Come discepolo del generale Froi Tiedoll, Kanda appartiene all'unit\u00e0 Tiedoll.<\/p>\n<p>L'<a href=\"https:\/\/dgrayman.fandom.com\/wiki\/Innocence\" target=\"_blank\" rel=\"noopener noreferrer\">Innocenza<\/a>Il Mugen di Kanda \u00e8 una spada giapponese (o katana) nota come Mugen (le sei illusioni), che pu\u00f2 creare illusioni o raddoppiarsi per aumentare la propria potenza.<\/p>\n<p>Kanda \u00e8 irritabile quando gli altri le toccano i capelli. Si arrabbia con Lavi quando cerca di fargli le trecce. Quando Mugen \u00e8 diventato un tipo cristallo, ha ottenuto due stigmate sulla parte inferiore degli avambracci, dove il sangue \u00e8 uscito dal suo corpo per formare la nuova lama di Mugen.<\/p>\n<h2>Il vostro Shirasaya di Kanda D.Gray-Man al miglior prezzo.<\/h2>\n<p>Offriamo un'ampia gamma di repliche di manga e videogiochi<\/p>\n<p>Innanzitutto,<\/p>\n<ul>\n<li>Ll'<a href=\"https:\/\/repliquemangacine.fr\/it\/altri-manga\/spada-ruler-fate-apocrypha-spada-de-jeanne-la-pucelle\/\">La spada di Giovanna d'Arco<\/a> nota come \"la Pucelle\" nel Fate Apocrypha.<\/li>\n<li>Cos\u00ec come il<a href=\"https:\/\/repliquemangacine.fr\/it\/altri-manga\/thundercats-epee-omens-sabre-de-starlion\/\">spada Omini<\/a> utilizzato da Starlion in Cosmocats.<\/li>\n<li>C'\u00e8 anche questo set di spade in scatola <a href=\"https:\/\/repliquemangacine.fr\/it\/altri-manga\/set-di-spade-meliodas-da-10-pezzi\/\">Portachiavi M\u00e9liodas<\/a> in Sette peccati capitali.<\/li>\n<li>E molti altri da scoprire nel nostro negozio online!<\/li>\n<\/ul>\n<p>Ecco quindi alcune ottime idee regalo per gli appassionati di manga e videogiochi.<\/p>\n<p>In conclusione, \u00e8 possibile utilizzare questo <strong>Shirasaya di Kanda D.Gray-man<\/strong> per le vostre sfilate cosplay o serate a tema. Ma soprattutto, questa spada \u00e8 un oggetto da collezione e un pezzo decorativo.<\/p>\n<p>R\u00e9plique Manga Cin\u00e9 \u00e8 un'azienda familiare francese.<\/p>\n<h2>Come si mantiene la lama della katana Manga?<\/h2>\n<p>Le katane da collezione e decorative sono realizzate e assemblate in modo semplificato. Poich\u00e9 il loro uso \u00e8 decorativo, non hanno le caratteristiche di sicurezza richieste da una spada giapponese destinata all'allenamento.<\/p>\n<p>Tuttavia, il vostro <strong>Shirasaya di Kanda D.Gray-Man<\/strong> a una lama d'acciaio che deve essere curata per evitare che si danneggi nel tempo. Quando si espone la katana, gli amici saranno curiosi di vedere la lama e di toccarla. \u00c8 qui che bisogna fare attenzione, perch\u00e9 l'acidit\u00e0 delle dita \u00e8 molto dannosa per l'acciaio, indipendentemente dalla sua qualit\u00e0.<\/p>\n<p>Tuttavia, se ci\u00f2 dovesse accadere, niente panico: basta un panno inumidito con un po' d'olio per eliminare le impronte. In questo modo, la spada durer\u00e0 a lungo.<\/p>\n<p><strong>\u00a0<\/strong><\/p>","protected":false},"excerpt":{"rendered":"<p>Splendida replica della katana di Yu Kanda chiamata Mugen (innocenza).<\/p>\n<ul>\n<li>Lama in acciaio 440.<\/li>\n<li>Maniglia con ideogramma dipinto.<\/li>\n<li>Fodero in legno nero con bordi bianchi.<\/li>\n<li>Lunghezza lama: 68 cm - Lunghezza totale: 102 cm - Peso 810 gr.<\/li>\n<\/ul>","protected":false},"featured_media":28259,"template":"","meta":[],"product_brand":[896],"product_cat":[65,23],"product_tag":[],"class_list":{"0":"post-28258","1":"product","2":"type-product","3":"status-publish","4":"has-post-thumbnail","6":"product_brand-replique-manga-cine","7":"product_cat-katana-et-epee-de-manga-anime-autre-manga","8":"product_cat-repliques-manga-jeux-video","10":"first","11":"instock","12":"taxable","13":"shipping-taxable","14":"purchasable","15":"product-type-simple"},"yoast_head":"<!-- This site is optimized with the Yoast SEO plugin v27.4 - https:\/\/yoast.com\/product\/yoast-seo-wordpress\/ -->\n<title>Shirasaya de Kanda D.Gray-man - Katana Mugen | RMC<\/title>\n<meta name=\"description\" content=\"Offrez-vous le Shirasaya de Kanda D.Gray-man, katana Mugen au meilleur prix. Lame en acier - Fourreau - Longueur totale : 102 cm Envoi 24\/48h\" \/>\n<meta name=\"robots\" content=\"index, follow, max-snippet:-1, max-image-preview:large, max-video-preview:-1\" \/>\n<link rel=\"canonical\" href=\"https:\/\/repliquemangacine.fr\/it\/katana-e-manga-spada-anime-altri-manga\/sabre-mugen-kanda-d-gray-man-shirasaya-mugen\/\" \/>\n<meta property=\"og:locale\" content=\"it_IT\" \/>\n<meta property=\"og:type\" content=\"article\" \/>\n<meta property=\"og:title\" content=\"Shirasaya de Kanda D.Gray-man - Katana Mugen | RMC\" \/>\n<meta property=\"og:description\" content=\"Offrez-vous le Shirasaya de Kanda D.Gray-man, katana Mugen au meilleur prix. Lame en acier - Fourreau - Longueur totale : 102 cm Envoi 24\/48h\" \/>\n<meta property=\"og:url\" content=\"https:\/\/repliquemangacine.fr\/it\/katana-e-manga-spada-anime-altri-manga\/sabre-mugen-kanda-d-gray-man-shirasaya-mugen\/\" \/>\n<meta property=\"og:site_name\" content=\"R\u00e9plique Manga Cin\u00e9\" \/>\n<meta property=\"article:publisher\" content=\"https:\/\/www.facebook.com\/RepliqueMangaCine\" \/>\n<meta property=\"article:modified_time\" content=\"2025-09-23T16:02:15+00:00\" \/>\n<meta property=\"og:image\" content=\"https:\/\/repliquemangacine.fr\/wp-content\/uploads\/2023\/10\/2984-SHIRASAYA-MUGEN-DGRAYMAN-SABRE-DE-YU-KANDA.jpg\" \/>\n\t<meta property=\"og:image:width\" content=\"800\" \/>\n\t<meta property=\"og:image:height\" content=\"800\" \/>\n\t<meta property=\"og:image:type\" content=\"image\/jpeg\" \/>\n<meta name=\"twitter:card\" content=\"summary_large_image\" \/>\n<meta name=\"twitter:label1\" content=\"Tempo di lettura stimato\" \/>\n\t<meta name=\"twitter:data1\" content=\"1 minuto\" \/>\n<script type=\"application\/ld+json\" class=\"yoast-schema-graph\">{\"@context\":\"https:\\\/\\\/schema.org\",\"@graph\":[{\"@type\":\"WebPage\",\"@id\":\"https:\\\/\\\/repliquemangacine.fr\\\/katana-et-epee-de-manga-anime-autre-manga\\\/sabre-mugen-kanda-d-gray-man-shirasaya-mugen\\\/\",\"url\":\"https:\\\/\\\/repliquemangacine.fr\\\/katana-et-epee-de-manga-anime-autre-manga\\\/sabre-mugen-kanda-d-gray-man-shirasaya-mugen\\\/\",\"name\":\"Shirasaya de Kanda D.Gray-man - Katana Mugen | RMC\",\"isPartOf\":{\"@id\":\"https:\\\/\\\/repliquemangacine.fr\\\/#website\"},\"primaryImageOfPage\":{\"@id\":\"https:\\\/\\\/repliquemangacine.fr\\\/katana-et-epee-de-manga-anime-autre-manga\\\/sabre-mugen-kanda-d-gray-man-shirasaya-mugen\\\/#primaryimage\"},\"image\":{\"@id\":\"https:\\\/\\\/repliquemangacine.fr\\\/katana-et-epee-de-manga-anime-autre-manga\\\/sabre-mugen-kanda-d-gray-man-shirasaya-mugen\\\/#primaryimage\"},\"thumbnailUrl\":\"https:\\\/\\\/repliquemangacine.fr\\\/wp-content\\\/uploads\\\/2023\\\/10\\\/2984-SHIRASAYA-MUGEN-DGRAYMAN-SABRE-DE-YU-KANDA.jpg\",\"datePublished\":\"2019-08-18T08:50:12+00:00\",\"dateModified\":\"2025-09-23T16:02:15+00:00\",\"description\":\"Offrez-vous le Shirasaya de Kanda D.Gray-man, katana Mugen au meilleur prix. Lame en acier - Fourreau - Longueur totale : 102 cm Envoi 24\\\/48h\",\"breadcrumb\":{\"@id\":\"https:\\\/\\\/repliquemangacine.fr\\\/katana-et-epee-de-manga-anime-autre-manga\\\/sabre-mugen-kanda-d-gray-man-shirasaya-mugen\\\/#breadcrumb\"},\"inLanguage\":\"it-IT\",\"potentialAction\":[{\"@type\":\"ReadAction\",\"target\":[\"https:\\\/\\\/repliquemangacine.fr\\\/katana-et-epee-de-manga-anime-autre-manga\\\/sabre-mugen-kanda-d-gray-man-shirasaya-mugen\\\/\"]}]},{\"@type\":\"ImageObject\",\"inLanguage\":\"it-IT\",\"@id\":\"https:\\\/\\\/repliquemangacine.fr\\\/katana-et-epee-de-manga-anime-autre-manga\\\/sabre-mugen-kanda-d-gray-man-shirasaya-mugen\\\/#primaryimage\",\"url\":\"https:\\\/\\\/repliquemangacine.fr\\\/wp-content\\\/uploads\\\/2023\\\/10\\\/2984-SHIRASAYA-MUGEN-DGRAYMAN-SABRE-DE-YU-KANDA.jpg\",\"contentUrl\":\"https:\\\/\\\/repliquemangacine.fr\\\/wp-content\\\/uploads\\\/2023\\\/10\\\/2984-SHIRASAYA-MUGEN-DGRAYMAN-SABRE-DE-YU-KANDA.jpg\",\"width\":800,\"height\":800,\"caption\":\"SHIRASAYA MUGEN - DGRAYMAN - SABRE DE YU KANDA\"},{\"@type\":\"BreadcrumbList\",\"@id\":\"https:\\\/\\\/repliquemangacine.fr\\\/katana-et-epee-de-manga-anime-autre-manga\\\/sabre-mugen-kanda-d-gray-man-shirasaya-mugen\\\/#breadcrumb\",\"itemListElement\":[{\"@type\":\"ListItem\",\"position\":1,\"name\":\"Accueil\",\"item\":\"https:\\\/\\\/repliquemangacine.fr\\\/\"},{\"@type\":\"ListItem\",\"position\":2,\"name\":\"Produits\",\"item\":\"https:\\\/\\\/repliquemangacine.fr\\\/boutique\\\/\"},{\"@type\":\"ListItem\",\"position\":3,\"name\":\"Sabre Mugen Kanda D.Gray-man\"}]},{\"@type\":\"WebSite\",\"@id\":\"https:\\\/\\\/repliquemangacine.fr\\\/#website\",\"url\":\"https:\\\/\\\/repliquemangacine.fr\\\/\",\"name\":\"R\u00e9plique Manga Cin\u00e9\",\"description\":\"\",\"publisher\":{\"@id\":\"https:\\\/\\\/repliquemangacine.fr\\\/#organization\"},\"potentialAction\":[{\"@type\":\"SearchAction\",\"target\":{\"@type\":\"EntryPoint\",\"urlTemplate\":\"https:\\\/\\\/repliquemangacine.fr\\\/?s={search_term_string}\"},\"query-input\":{\"@type\":\"PropertyValueSpecification\",\"valueRequired\":true,\"valueName\":\"search_term_string\"}}],\"inLanguage\":\"it-IT\"},{\"@type\":\"Organization\",\"@id\":\"https:\\\/\\\/repliquemangacine.fr\\\/#organization\",\"name\":\"R\u00e9plique Manga Cin\u00e9\",\"url\":\"https:\\\/\\\/repliquemangacine.fr\\\/\",\"logo\":{\"@type\":\"ImageObject\",\"inLanguage\":\"it-IT\",\"@id\":\"https:\\\/\\\/repliquemangacine.fr\\\/#\\\/schema\\\/logo\\\/image\\\/\",\"url\":\"https:\\\/\\\/repliquemangacine.fr\\\/wp-content\\\/uploads\\\/2023\\\/10\\\/RMC-500250.png\",\"contentUrl\":\"https:\\\/\\\/repliquemangacine.fr\\\/wp-content\\\/uploads\\\/2023\\\/10\\\/RMC-500250.png\",\"width\":500,\"height\":250,\"caption\":\"R\u00e9plique Manga Cin\u00e9\"},\"image\":{\"@id\":\"https:\\\/\\\/repliquemangacine.fr\\\/#\\\/schema\\\/logo\\\/image\\\/\"},\"sameAs\":[\"https:\\\/\\\/www.facebook.com\\\/RepliqueMangaCine\",\"https:\\\/\\\/www.instagram.com\\\/repliquemangacine.fr\\\/\"]}]}<\/script>\n<!-- \/ Yoast SEO plugin. -->","yoast_head_json":{"title":"Shirasaya di Kanda D.Gray-man - Katana Mugen | RMC","description":"Acquista la Shirasaya di Kanda D.Gray-man, katana Mugen al miglior prezzo. Lama in acciaio - Fodero - Lunghezza totale: 102 cm Spedizione 24\/48h","robots":{"index":"index","follow":"follow","max-snippet":"max-snippet:-1","max-image-preview":"max-image-preview:large","max-video-preview":"max-video-preview:-1"},"canonical":"https:\/\/repliquemangacine.fr\/it\/katana-e-manga-spada-anime-altri-manga\/sabre-mugen-kanda-d-gray-man-shirasaya-mugen\/","og_locale":"it_IT","og_type":"article","og_title":"Shirasaya de Kanda D.Gray-man - Katana Mugen | RMC","og_description":"Offrez-vous le Shirasaya de Kanda D.Gray-man, katana Mugen au meilleur prix. Lame en acier - Fourreau - Longueur totale : 102 cm Envoi 24\/48h","og_url":"https:\/\/repliquemangacine.fr\/it\/katana-e-manga-spada-anime-altri-manga\/sabre-mugen-kanda-d-gray-man-shirasaya-mugen\/","og_site_name":"R\u00e9plique Manga Cin\u00e9","article_publisher":"https:\/\/www.facebook.com\/RepliqueMangaCine","article_modified_time":"2025-09-23T16:02:15+00:00","og_image":[{"width":800,"height":800,"url":"https:\/\/repliquemangacine.fr\/wp-content\/uploads\/2023\/10\/2984-SHIRASAYA-MUGEN-DGRAYMAN-SABRE-DE-YU-KANDA.jpg","type":"image\/jpeg"}],"twitter_card":"summary_large_image","twitter_misc":{"Tempo di lettura stimato":"1 minuto"},"schema":{"@context":"https:\/\/schema.org","@graph":[{"@type":"WebPage","@id":"https:\/\/repliquemangacine.fr\/katana-et-epee-de-manga-anime-autre-manga\/sabre-mugen-kanda-d-gray-man-shirasaya-mugen\/","url":"https:\/\/repliquemangacine.fr\/katana-et-epee-de-manga-anime-autre-manga\/sabre-mugen-kanda-d-gray-man-shirasaya-mugen\/","name":"Shirasaya di Kanda D.Gray-man - Katana Mugen | RMC","isPartOf":{"@id":"https:\/\/repliquemangacine.fr\/#website"},"primaryImageOfPage":{"@id":"https:\/\/repliquemangacine.fr\/katana-et-epee-de-manga-anime-autre-manga\/sabre-mugen-kanda-d-gray-man-shirasaya-mugen\/#primaryimage"},"image":{"@id":"https:\/\/repliquemangacine.fr\/katana-et-epee-de-manga-anime-autre-manga\/sabre-mugen-kanda-d-gray-man-shirasaya-mugen\/#primaryimage"},"thumbnailUrl":"https:\/\/repliquemangacine.fr\/wp-content\/uploads\/2023\/10\/2984-SHIRASAYA-MUGEN-DGRAYMAN-SABRE-DE-YU-KANDA.jpg","datePublished":"2019-08-18T08:50:12+00:00","dateModified":"2025-09-23T16:02:15+00:00","description":"Acquista la Shirasaya di Kanda D.Gray-man, katana Mugen al miglior prezzo. Lama in acciaio - Fodero - Lunghezza totale: 102 cm Spedizione 24\/48h","breadcrumb":{"@id":"https:\/\/repliquemangacine.fr\/katana-et-epee-de-manga-anime-autre-manga\/sabre-mugen-kanda-d-gray-man-shirasaya-mugen\/#breadcrumb"},"inLanguage":"it-IT","potentialAction":[{"@type":"ReadAction","target":["https:\/\/repliquemangacine.fr\/katana-et-epee-de-manga-anime-autre-manga\/sabre-mugen-kanda-d-gray-man-shirasaya-mugen\/"]}]},{"@type":"ImageObject","inLanguage":"it-IT","@id":"https:\/\/repliquemangacine.fr\/katana-et-epee-de-manga-anime-autre-manga\/sabre-mugen-kanda-d-gray-man-shirasaya-mugen\/#primaryimage","url":"https:\/\/repliquemangacine.fr\/wp-content\/uploads\/2023\/10\/2984-SHIRASAYA-MUGEN-DGRAYMAN-SABRE-DE-YU-KANDA.jpg","contentUrl":"https:\/\/repliquemangacine.fr\/wp-content\/uploads\/2023\/10\/2984-SHIRASAYA-MUGEN-DGRAYMAN-SABRE-DE-YU-KANDA.jpg","width":800,"height":800,"caption":"SHIRASAYA MUGEN - DGRAYMAN - SABRE DE YU KANDA"},{"@type":"BreadcrumbList","@id":"https:\/\/repliquemangacine.fr\/katana-et-epee-de-manga-anime-autre-manga\/sabre-mugen-kanda-d-gray-man-shirasaya-mugen\/#breadcrumb","itemListElement":[{"@type":"ListItem","position":1,"name":"Accueil","item":"https:\/\/repliquemangacine.fr\/"},{"@type":"ListItem","position":2,"name":"Produits","item":"https:\/\/repliquemangacine.fr\/boutique\/"},{"@type":"ListItem","position":3,"name":"Sabre Mugen Kanda D.Gray-man"}]},{"@type":"WebSite","@id":"https:\/\/repliquemangacine.fr\/#website","url":"https:\/\/repliquemangacine.fr\/","name":"R\u00e9plique Manga Cin\u00e9","description":"","publisher":{"@id":"https:\/\/repliquemangacine.fr\/#organization"},"potentialAction":[{"@type":"SearchAction","target":{"@type":"EntryPoint","urlTemplate":"https:\/\/repliquemangacine.fr\/?s={search_term_string}"},"query-input":{"@type":"PropertyValueSpecification","valueRequired":true,"valueName":"search_term_string"}}],"inLanguage":"it-IT"},{"@type":"Organization","@id":"https:\/\/repliquemangacine.fr\/#organization","name":"R\u00e9plique Manga Cin\u00e9","url":"https:\/\/repliquemangacine.fr\/","logo":{"@type":"ImageObject","inLanguage":"it-IT","@id":"https:\/\/repliquemangacine.fr\/#\/schema\/logo\/image\/","url":"https:\/\/repliquemangacine.fr\/wp-content\/uploads\/2023\/10\/RMC-500250.png","contentUrl":"https:\/\/repliquemangacine.fr\/wp-content\/uploads\/2023\/10\/RMC-500250.png","width":500,"height":250,"caption":"R\u00e9plique Manga Cin\u00e9"},"image":{"@id":"https:\/\/repliquemangacine.fr\/#\/schema\/logo\/image\/"},"sameAs":["https:\/\/www.facebook.com\/RepliqueMangaCine","https:\/\/www.instagram.com\/repliquemangacine.fr\/"]}]}},"_links":{"self":[{"href":"https:\/\/repliquemangacine.fr\/it\/wp-json\/wp\/v2\/product\/28258","targetHints":{"allow":["GET"]}}],"collection":[{"href":"https:\/\/repliquemangacine.fr\/it\/wp-json\/wp\/v2\/product"}],"about":[{"href":"https:\/\/repliquemangacine.fr\/it\/wp-json\/wp\/v2\/types\/product"}],"wp:featuredmedia":[{"embeddable":true,"href":"https:\/\/repliquemangacine.fr\/it\/wp-json\/wp\/v2\/media\/28259"}],"wp:attachment":[{"href":"https:\/\/repliquemangacine.fr\/it\/wp-json\/wp\/v2\/media?parent=28258"}],"wp:term":[{"taxonomy":"product_brand","embeddable":true,"href":"https:\/\/repliquemangacine.fr\/it\/wp-json\/wp\/v2\/product_brand?post=28258"},{"taxonomy":"product_cat","embeddable":true,"href":"https:\/\/repliquemangacine.fr\/it\/wp-json\/wp\/v2\/product_cat?post=28258"},{"taxonomy":"product_tag","embeddable":true,"href":"https:\/\/repliquemangacine.fr\/it\/wp-json\/wp\/v2\/product_tag?post=28258"}],"curies":[{"name":"wp","href":"https:\/\/api.w.org\/{rel}","templated":true}]}}