





{"id":28252,"date":"2019-08-12T13:10:00","date_gmt":"2019-08-12T11:10:00","guid":{"rendered":"https:\/\/repliquemangacine.fr\/?post_type=product&#038;p=28252"},"modified":"2026-03-11T18:14:58","modified_gmt":"2026-03-11T17:14:58","slug":"justice-league-replica-aquaman-trident-186-cm","status":"publish","type":"product","link":"https:\/\/repliquemangacine.fr\/it\/super-heros-marvel\/justice-league-replique-trident-de-aquaman-186-cm\/","title":{"rendered":"Tridente Aquaman Justice League"},"content":{"rendered":"<h2>Replica del Tridente di Aquaman Justice League.<\/h2>\n<p>Per cominciare, il <strong>Tridente Aquaman Justice League<\/strong> 186cm, con licenza ufficiale DC Comics e distribuito da The <a href=\"https:\/\/noblecollection.fr\/trident-aquaman-justice-league-comics-p-7087.html\" target=\"_blank\" rel=\"noopener noreferrer\">Collezione Nobile<\/a>.<\/p>\n<p>Aquaman, film di supereroi americano-australiano diretto da James Wan, uscito nel 2018. Sesto film del DC Cinematic Universe, incentrato su Aquaman, il re di Atlantide.<\/p>\n<p>Personaggio leggendario da 70 anni, Aquaman \u00e8 il Re dei Sette Mari, che regna a malincuore su Atlantide. In bilico tra i terrestri, che distruggono costantemente il mare, e gli abitanti di Atlantide, pronti a ribellarsi, deve proteggere l'intero pianeta.<\/p>\n<p>Tra l'altro, questa \u00e8 la prima avventura da solista per Aquaman, che \u00e8 gi\u00e0 apparso brevemente in Batman v Superman: Dawn of Justice (2016) e, pi\u00f9 a lungo, in Justice League (2017) di Zack Snyder.<\/p>\n<h2>Il vostro Tridente di Aquaman al miglior prezzo.<\/h2>\n<p>Offriamo un'ampia gamma di riproduzioni di oggetti da collezione di supereroi.<\/p>\n<p>Innanzitutto,<\/p>\n<ul>\n<li>Il superbo <a href=\"https:\/\/repliquemangacine.fr\/it\/supereroi\/reattore-ad-arco-mk1-reattore-cuore-uomo-di-ferro\/\">Arco del reattore di Iron Man<\/a> Versione MK1.<\/li>\n<li>C'\u00e8 anche il doppio<a href=\"https:\/\/repliquemangacine.fr\/it\/supereroi\/double-epee-de-thanos-avengers-endgame\/\"> spada di Thanos<\/a> nell'ultimo film Marvel, Avengers Endgame.<\/li>\n<li>Cos\u00ec come il <a href=\"https:\/\/repliquemangacine.fr\/it\/supereroi\/martello-thor-in-metallo-mjolnir-con-base\/\">Il martello di Thor Mj\u00f6lnir<\/a> versione di lusso in metallo, utilizzata dal martello di Thor nell'universo Marvel<\/li>\n<li>E molti altri da scoprire nel nostro negozio online!<\/li>\n<\/ul>\n<p>Ecco perch\u00e9 questa \u00e8 un'ottima idea regalo per tutti i fan dell'universo dei fumetti DC.<\/p>\n<p>In conclusione, \u00e8 possibile utilizzare il metodo <strong>Tridente Aquaman Justice League<\/strong> per le vostre sfilate di Cosplay o per le vostre serate a tema. Ma soprattutto, questo tridente \u00e8 un oggetto da collezione e un oggetto decorativo.<\/p>\n<h2>Come viene prodotto il nostro merchandising Avengers?<\/h2>\n<p>Per cominciare, tutti i nostri prodotti derivati sono di altissima qualit\u00e0, realizzati con una meticolosa attenzione ai dettagli. Alcuni di essi sono realizzati a mano, per riprodurre i minimi dettagli. Le parti pi\u00f9 importanti sono lavorate con macchine molto precise. Le incisioni sono generalmente realizzate con una punta di diamante o con il laser.<\/p>\n<p>Il tuo <strong>Tridente Aquaman Justice League<\/strong> \u00e8 stato realizzato per riprodurre esattamente ogni dettaglio. Parti in metallo e legno, rifinite con vernice metallizzata.<\/p>\n<p>In conclusione, importate dalla Cina o dalla Spagna, le nostre repliche vi stupiranno!<\/p>\n<p>R\u00e9plique Manga Cin\u00e9 \u00e8 un'azienda familiare francese.<\/p>\n<p>Buona visita.<\/p>","protected":false},"excerpt":{"rendered":"<p>Replica del tridente ufficiale di Aquaman Justice League.<\/p>\n<ul>\n<li>Realizzato in truciolato.<\/li>\n<li>In plastica, verniciatura metallizzata.<\/li>\n<li>Consegnato in tre parti per un facile montaggio.<\/li>\n<li>Scatola da collezione nei colori del film.<\/li>\n<li>Lunghezza totale: 186 cm<\/li>\n<li><strong>Su licenza ufficiale DC Comics distribuito da The Noble Collection<\/strong><\/li>\n<\/ul>","protected":false},"featured_media":28253,"template":"","meta":[],"product_brand":[896],"product_cat":[24,59],"product_tag":[],"class_list":{"0":"post-28252","1":"product","2":"type-product","3":"status-publish","4":"has-post-thumbnail","6":"product_brand-replique-manga-cine","7":"product_cat-films-series-tv-vente-de-katana-epee-et-produits-derives","8":"product_cat-super-heros-marvel","10":"first","11":"instock","12":"taxable","13":"shipping-taxable","14":"purchasable","15":"product-type-simple"},"yoast_head":"<!-- This site is optimized with the Yoast SEO plugin v27.4 - https:\/\/yoast.com\/product\/yoast-seo-wordpress\/ -->\n<title>Trident Aquaman Justice League - Echelle 1\/1 186cm | RMC<\/title>\n<meta name=\"description\" content=\"Offrez-lui cette r\u00e9plique officielle du Trident Aquaman Justice League au meilleur prix. Tout en ABS moul\u00e9 - Sous licence officielle DC Comics - 186 cm\" \/>\n<meta name=\"robots\" content=\"index, follow, max-snippet:-1, max-image-preview:large, max-video-preview:-1\" \/>\n<link rel=\"canonical\" href=\"https:\/\/repliquemangacine.fr\/it\/supereroi-marvel\/justice-league-replica-aquaman-trident-186-cm\/\" \/>\n<meta property=\"og:locale\" content=\"it_IT\" \/>\n<meta property=\"og:type\" content=\"article\" \/>\n<meta property=\"og:title\" content=\"Trident Aquaman Justice League - Echelle 1\/1 186cm | RMC\" \/>\n<meta property=\"og:description\" content=\"Offrez-lui cette r\u00e9plique officielle du Trident Aquaman Justice League au meilleur prix. Tout en ABS moul\u00e9 - Sous licence officielle DC Comics - 186 cm\" \/>\n<meta property=\"og:url\" content=\"https:\/\/repliquemangacine.fr\/it\/supereroi-marvel\/justice-league-replica-aquaman-trident-186-cm\/\" \/>\n<meta property=\"og:site_name\" content=\"R\u00e9plique Manga Cin\u00e9\" \/>\n<meta property=\"article:publisher\" content=\"https:\/\/www.facebook.com\/RepliqueMangaCine\" \/>\n<meta property=\"article:modified_time\" content=\"2026-03-11T17:14:58+00:00\" \/>\n<meta property=\"og:image\" content=\"https:\/\/repliquemangacine.fr\/wp-content\/uploads\/2023\/10\/2961-Justice-League-replique-trident-de-Aquaman-186-cm.jpg\" \/>\n\t<meta property=\"og:image:width\" content=\"800\" \/>\n\t<meta property=\"og:image:height\" content=\"800\" \/>\n\t<meta property=\"og:image:type\" content=\"image\/jpeg\" \/>\n<meta name=\"twitter:card\" content=\"summary_large_image\" \/>\n<meta name=\"twitter:label1\" content=\"Tempo di lettura stimato\" \/>\n\t<meta name=\"twitter:data1\" content=\"1 minuto\" \/>\n<script type=\"application\/ld+json\" class=\"yoast-schema-graph\">{\"@context\":\"https:\\\/\\\/schema.org\",\"@graph\":[{\"@type\":\"WebPage\",\"@id\":\"https:\\\/\\\/repliquemangacine.fr\\\/super-heros-marvel\\\/justice-league-replique-trident-de-aquaman-186-cm\\\/\",\"url\":\"https:\\\/\\\/repliquemangacine.fr\\\/super-heros-marvel\\\/justice-league-replique-trident-de-aquaman-186-cm\\\/\",\"name\":\"Trident Aquaman Justice League - Echelle 1\\\/1 186cm | RMC\",\"isPartOf\":{\"@id\":\"https:\\\/\\\/repliquemangacine.fr\\\/#website\"},\"primaryImageOfPage\":{\"@id\":\"https:\\\/\\\/repliquemangacine.fr\\\/super-heros-marvel\\\/justice-league-replique-trident-de-aquaman-186-cm\\\/#primaryimage\"},\"image\":{\"@id\":\"https:\\\/\\\/repliquemangacine.fr\\\/super-heros-marvel\\\/justice-league-replique-trident-de-aquaman-186-cm\\\/#primaryimage\"},\"thumbnailUrl\":\"https:\\\/\\\/repliquemangacine.fr\\\/wp-content\\\/uploads\\\/2023\\\/10\\\/2961-Justice-League-replique-trident-de-Aquaman-186-cm.jpg\",\"datePublished\":\"2019-08-12T11:10:00+00:00\",\"dateModified\":\"2026-03-11T17:14:58+00:00\",\"description\":\"Offrez-lui cette r\u00e9plique officielle du Trident Aquaman Justice League au meilleur prix. Tout en ABS moul\u00e9 - Sous licence officielle DC Comics - 186 cm\",\"breadcrumb\":{\"@id\":\"https:\\\/\\\/repliquemangacine.fr\\\/super-heros-marvel\\\/justice-league-replique-trident-de-aquaman-186-cm\\\/#breadcrumb\"},\"inLanguage\":\"it-IT\",\"potentialAction\":[{\"@type\":\"ReadAction\",\"target\":[\"https:\\\/\\\/repliquemangacine.fr\\\/super-heros-marvel\\\/justice-league-replique-trident-de-aquaman-186-cm\\\/\"]}]},{\"@type\":\"ImageObject\",\"inLanguage\":\"it-IT\",\"@id\":\"https:\\\/\\\/repliquemangacine.fr\\\/super-heros-marvel\\\/justice-league-replique-trident-de-aquaman-186-cm\\\/#primaryimage\",\"url\":\"https:\\\/\\\/repliquemangacine.fr\\\/wp-content\\\/uploads\\\/2023\\\/10\\\/2961-Justice-League-replique-trident-de-Aquaman-186-cm.jpg\",\"contentUrl\":\"https:\\\/\\\/repliquemangacine.fr\\\/wp-content\\\/uploads\\\/2023\\\/10\\\/2961-Justice-League-replique-trident-de-Aquaman-186-cm.jpg\",\"width\":800,\"height\":800,\"caption\":\"Justice League r\u00e9plique trident de Aquaman 186 cm\"},{\"@type\":\"BreadcrumbList\",\"@id\":\"https:\\\/\\\/repliquemangacine.fr\\\/super-heros-marvel\\\/justice-league-replique-trident-de-aquaman-186-cm\\\/#breadcrumb\",\"itemListElement\":[{\"@type\":\"ListItem\",\"position\":1,\"name\":\"Accueil\",\"item\":\"https:\\\/\\\/repliquemangacine.fr\\\/\"},{\"@type\":\"ListItem\",\"position\":2,\"name\":\"Produits\",\"item\":\"https:\\\/\\\/repliquemangacine.fr\\\/boutique\\\/\"},{\"@type\":\"ListItem\",\"position\":3,\"name\":\"Trident Aquaman Justice League\"}]},{\"@type\":\"WebSite\",\"@id\":\"https:\\\/\\\/repliquemangacine.fr\\\/#website\",\"url\":\"https:\\\/\\\/repliquemangacine.fr\\\/\",\"name\":\"R\u00e9plique Manga Cin\u00e9\",\"description\":\"\",\"publisher\":{\"@id\":\"https:\\\/\\\/repliquemangacine.fr\\\/#organization\"},\"potentialAction\":[{\"@type\":\"SearchAction\",\"target\":{\"@type\":\"EntryPoint\",\"urlTemplate\":\"https:\\\/\\\/repliquemangacine.fr\\\/?s={search_term_string}\"},\"query-input\":{\"@type\":\"PropertyValueSpecification\",\"valueRequired\":true,\"valueName\":\"search_term_string\"}}],\"inLanguage\":\"it-IT\"},{\"@type\":\"Organization\",\"@id\":\"https:\\\/\\\/repliquemangacine.fr\\\/#organization\",\"name\":\"R\u00e9plique Manga Cin\u00e9\",\"url\":\"https:\\\/\\\/repliquemangacine.fr\\\/\",\"logo\":{\"@type\":\"ImageObject\",\"inLanguage\":\"it-IT\",\"@id\":\"https:\\\/\\\/repliquemangacine.fr\\\/#\\\/schema\\\/logo\\\/image\\\/\",\"url\":\"https:\\\/\\\/repliquemangacine.fr\\\/wp-content\\\/uploads\\\/2023\\\/10\\\/RMC-500250.png\",\"contentUrl\":\"https:\\\/\\\/repliquemangacine.fr\\\/wp-content\\\/uploads\\\/2023\\\/10\\\/RMC-500250.png\",\"width\":500,\"height\":250,\"caption\":\"R\u00e9plique Manga Cin\u00e9\"},\"image\":{\"@id\":\"https:\\\/\\\/repliquemangacine.fr\\\/#\\\/schema\\\/logo\\\/image\\\/\"},\"sameAs\":[\"https:\\\/\\\/www.facebook.com\\\/RepliqueMangaCine\",\"https:\\\/\\\/www.instagram.com\\\/repliquemangacine.fr\\\/\"]}]}<\/script>\n<!-- \/ Yoast SEO plugin. -->","yoast_head_json":{"title":"Tridente Aquaman Justice League - Scala 1\/1 186cm | RMC","description":"Offritegli questa replica ufficiale del Tridente di Aquaman della Justice League al miglior prezzo. Tutto stampato in ABS - Licenza ufficiale DC Comics - 186 cm","robots":{"index":"index","follow":"follow","max-snippet":"max-snippet:-1","max-image-preview":"max-image-preview:large","max-video-preview":"max-video-preview:-1"},"canonical":"https:\/\/repliquemangacine.fr\/it\/supereroi-marvel\/justice-league-replica-aquaman-trident-186-cm\/","og_locale":"it_IT","og_type":"article","og_title":"Trident Aquaman Justice League - Echelle 1\/1 186cm | RMC","og_description":"Offrez-lui cette r\u00e9plique officielle du Trident Aquaman Justice League au meilleur prix. Tout en ABS moul\u00e9 - Sous licence officielle DC Comics - 186 cm","og_url":"https:\/\/repliquemangacine.fr\/it\/supereroi-marvel\/justice-league-replica-aquaman-trident-186-cm\/","og_site_name":"R\u00e9plique Manga Cin\u00e9","article_publisher":"https:\/\/www.facebook.com\/RepliqueMangaCine","article_modified_time":"2026-03-11T17:14:58+00:00","og_image":[{"width":800,"height":800,"url":"https:\/\/repliquemangacine.fr\/wp-content\/uploads\/2023\/10\/2961-Justice-League-replique-trident-de-Aquaman-186-cm.jpg","type":"image\/jpeg"}],"twitter_card":"summary_large_image","twitter_misc":{"Tempo di lettura stimato":"1 minuto"},"schema":{"@context":"https:\/\/schema.org","@graph":[{"@type":"WebPage","@id":"https:\/\/repliquemangacine.fr\/super-heros-marvel\/justice-league-replique-trident-de-aquaman-186-cm\/","url":"https:\/\/repliquemangacine.fr\/super-heros-marvel\/justice-league-replique-trident-de-aquaman-186-cm\/","name":"Tridente Aquaman Justice League - Scala 1\/1 186cm | RMC","isPartOf":{"@id":"https:\/\/repliquemangacine.fr\/#website"},"primaryImageOfPage":{"@id":"https:\/\/repliquemangacine.fr\/super-heros-marvel\/justice-league-replique-trident-de-aquaman-186-cm\/#primaryimage"},"image":{"@id":"https:\/\/repliquemangacine.fr\/super-heros-marvel\/justice-league-replique-trident-de-aquaman-186-cm\/#primaryimage"},"thumbnailUrl":"https:\/\/repliquemangacine.fr\/wp-content\/uploads\/2023\/10\/2961-Justice-League-replique-trident-de-Aquaman-186-cm.jpg","datePublished":"2019-08-12T11:10:00+00:00","dateModified":"2026-03-11T17:14:58+00:00","description":"Offritegli questa replica ufficiale del Tridente di Aquaman della Justice League al miglior prezzo. Tutto stampato in ABS - Licenza ufficiale DC Comics - 186 cm","breadcrumb":{"@id":"https:\/\/repliquemangacine.fr\/super-heros-marvel\/justice-league-replique-trident-de-aquaman-186-cm\/#breadcrumb"},"inLanguage":"it-IT","potentialAction":[{"@type":"ReadAction","target":["https:\/\/repliquemangacine.fr\/super-heros-marvel\/justice-league-replique-trident-de-aquaman-186-cm\/"]}]},{"@type":"ImageObject","inLanguage":"it-IT","@id":"https:\/\/repliquemangacine.fr\/super-heros-marvel\/justice-league-replique-trident-de-aquaman-186-cm\/#primaryimage","url":"https:\/\/repliquemangacine.fr\/wp-content\/uploads\/2023\/10\/2961-Justice-League-replique-trident-de-Aquaman-186-cm.jpg","contentUrl":"https:\/\/repliquemangacine.fr\/wp-content\/uploads\/2023\/10\/2961-Justice-League-replique-trident-de-Aquaman-186-cm.jpg","width":800,"height":800,"caption":"Justice League r\u00e9plique trident de Aquaman 186 cm"},{"@type":"BreadcrumbList","@id":"https:\/\/repliquemangacine.fr\/super-heros-marvel\/justice-league-replique-trident-de-aquaman-186-cm\/#breadcrumb","itemListElement":[{"@type":"ListItem","position":1,"name":"Accueil","item":"https:\/\/repliquemangacine.fr\/"},{"@type":"ListItem","position":2,"name":"Produits","item":"https:\/\/repliquemangacine.fr\/boutique\/"},{"@type":"ListItem","position":3,"name":"Trident Aquaman Justice League"}]},{"@type":"WebSite","@id":"https:\/\/repliquemangacine.fr\/#website","url":"https:\/\/repliquemangacine.fr\/","name":"R\u00e9plique Manga Cin\u00e9","description":"","publisher":{"@id":"https:\/\/repliquemangacine.fr\/#organization"},"potentialAction":[{"@type":"SearchAction","target":{"@type":"EntryPoint","urlTemplate":"https:\/\/repliquemangacine.fr\/?s={search_term_string}"},"query-input":{"@type":"PropertyValueSpecification","valueRequired":true,"valueName":"search_term_string"}}],"inLanguage":"it-IT"},{"@type":"Organization","@id":"https:\/\/repliquemangacine.fr\/#organization","name":"R\u00e9plique Manga Cin\u00e9","url":"https:\/\/repliquemangacine.fr\/","logo":{"@type":"ImageObject","inLanguage":"it-IT","@id":"https:\/\/repliquemangacine.fr\/#\/schema\/logo\/image\/","url":"https:\/\/repliquemangacine.fr\/wp-content\/uploads\/2023\/10\/RMC-500250.png","contentUrl":"https:\/\/repliquemangacine.fr\/wp-content\/uploads\/2023\/10\/RMC-500250.png","width":500,"height":250,"caption":"R\u00e9plique Manga Cin\u00e9"},"image":{"@id":"https:\/\/repliquemangacine.fr\/#\/schema\/logo\/image\/"},"sameAs":["https:\/\/www.facebook.com\/RepliqueMangaCine","https:\/\/www.instagram.com\/repliquemangacine.fr\/"]}]}},"_links":{"self":[{"href":"https:\/\/repliquemangacine.fr\/it\/wp-json\/wp\/v2\/product\/28252","targetHints":{"allow":["GET"]}}],"collection":[{"href":"https:\/\/repliquemangacine.fr\/it\/wp-json\/wp\/v2\/product"}],"about":[{"href":"https:\/\/repliquemangacine.fr\/it\/wp-json\/wp\/v2\/types\/product"}],"wp:featuredmedia":[{"embeddable":true,"href":"https:\/\/repliquemangacine.fr\/it\/wp-json\/wp\/v2\/media\/28253"}],"wp:attachment":[{"href":"https:\/\/repliquemangacine.fr\/it\/wp-json\/wp\/v2\/media?parent=28252"}],"wp:term":[{"taxonomy":"product_brand","embeddable":true,"href":"https:\/\/repliquemangacine.fr\/it\/wp-json\/wp\/v2\/product_brand?post=28252"},{"taxonomy":"product_cat","embeddable":true,"href":"https:\/\/repliquemangacine.fr\/it\/wp-json\/wp\/v2\/product_cat?post=28252"},{"taxonomy":"product_tag","embeddable":true,"href":"https:\/\/repliquemangacine.fr\/it\/wp-json\/wp\/v2\/product_tag?post=28252"}],"curies":[{"name":"wp","href":"https:\/\/api.w.org\/{rel}","templated":true}]}}