





{"id":28242,"date":"2019-08-09T11:03:45","date_gmt":"2019-08-09T09:03:45","guid":{"rendered":"https:\/\/repliquemangacine.fr\/?post_type=product&#038;p=28242"},"modified":"2026-03-28T22:49:42","modified_gmt":"2026-03-28T21:49:42","slug":"pistola-mitragliatrice-m3","status":"publish","type":"product","link":"https:\/\/repliquemangacine.fr\/it\/reproductions-armes-seconde-guerre-mondiale-denix\/m3-grease-gun-pistolet-mitrailleur\/","title":{"rendered":"Pistola a grasso M3 USA 1942"},"content":{"rendered":"<h2>Pistola per grasso M3 1942 USA<\/h2>\n<p>Per cominciare, il <strong>Pistola per grasso M3<\/strong>, \u00e8 un fucile mitragliatore automatico progettato nel 1941 da George Hyde. Il fucile Grease entr\u00f2 in servizio nel 1942 durante la Seconda Guerra Mondiale.<\/p>\n<p>Lo scopo della pistola mitragliatrice M3 era la semplicit\u00e0: alimentata da un caricatore a doppia fila con una capacit\u00e0 di 30 colpi di 45 ACP (11,4 mm). Un'arma completamente in metallo, con una culatta telescopica e una finestra di espulsione per le cartucce sparate.<\/p>\n<p>In effetti, sembra che l'M3 sia stato utilizzato per la prima volta in combattimento dall'82\u00b0 e dalla 101\u00b0 aviotrasportata nelle ore precedenti lo sbarco in Normandia.<\/p>\n<p>In conclusione, la pistola a grasso M3 \u00e8 stata utilizzata dall'esercito americano almeno fino al 1997.<\/p>\n<h2>La vostra pistola M3 Grease al miglior prezzo.<\/h2>\n<p>Offriamo un'ampia gamma di riproduzioni di armi storiche Denix.<\/p>\n<p>Innanzitutto,<\/p>\n<ul>\n<li>La pistola <a href=\"https:\/\/repliquemangacine.fr\/it\/riproduzioni-darmes\/luger-p08-artiglieria-1898\/\">Luger P08 parabellum,<\/a> modello progettato per l'artiglieria tedesca con il suo cannone lungo.<\/li>\n<li>Il fucile semiautomatico del G.I.L.<a href=\"https:\/\/repliquemangacine.fr\/it\/armi-storiche\/fusil-garand-m1\/\"> Garand M1<\/a>.<\/li>\n<li>E molti altri da scoprire nel nostro negozio online!<\/li>\n<\/ul>\n<p>Ecco perch\u00e9 abbiamo pensato ad alcune idee regalo per tutti coloro che amano la storia, e soprattutto per coloro che non vogliono dimenticare i nostri eroi.<\/p>\n<p>In conclusione, \u00e8 possibile utilizzare il metodo <strong>Pistola per grasso M3<\/strong> - Denix per le vostre ricostruzioni storiche. Ma soprattutto, questa riproduzione \u00e8 un oggetto da collezione.<\/p>\n<p>R\u00e9plique Manga Cin\u00e9 \u00e8 un'azienda francese a conduzione familiare e distributore ufficiale del marchio <a href=\"https:\/\/www.denix.fr\/fr\/catalogue\/guerres-mondiales-1914-1945\/mitraillettes-et-mitrailleuses\/1313\/\" target=\"_blank\" rel=\"noopener noreferrer\">Denix<\/a>.<\/p>\n<h2>Come vengono realizzate le repliche delle armi Denix?<\/h2>\n<p>Utilizzate in rievocazioni storiche, film, serie e dai collezionisti. Le riproduzioni Denix sono realizzate con materiali di alta qualit\u00e0. Sono accuratamente lavorate e assemblate per creare armi realistiche da collezione.<\/p>\n<ul>\n<li>I metalli sono in una lega metallica nota come Zamac, la cui composizione di base \u00e8 zinco in 95%.<\/li>\n<li>Le parti in plastica delle repliche sono realizzate in ABS stampato, che offre una grande resistenza.<\/li>\n<li>Il legno scelto per la sua bellezza e durata, come il mogano, l'ulivo o il noce, conferir\u00e0 ai mozziconi e alle botti un aspetto elegante e autentico.<\/li>\n<\/ul>\n<p>Si noti che tutte le riproduzioni Denix sono identiche agli originali, come il vostro <strong>Pistola per grasso M3<\/strong>.<\/p>","protected":false},"excerpt":{"rendered":"<p>Questa riproduzione della pistola per grasso M3 \u00e8 identica all'originale.<\/p>\n<ul>\n<li>Tutto in Zamac.<\/li>\n<li>Calcio telescopico.<\/li>\n<li>Caricatore rimovibile.<\/li>\n<li>Grilletto e percussore funzionanti.<\/li>\n<li>Armi in funzione e colpi, ma totalmente inadatte a sparare.<\/li>\n<li>Non \u00e8 richiesta alcuna autorizzazione. Vendita e possesso gratuiti.<\/li>\n<li>Lunghezza: 59cm- 77cm -Peso: 3345grs<\/li>\n<\/ul>\n<p><iframe title=\"Lettore video di YouTube\" src=\"https:\/\/www.youtube.com\/embed\/PIEdQVol28A\" width=\"560\" height=\"315\" frameborder=\"0\" allowfullscreen=\"allowfullscreen\"><\/iframe><\/p>","protected":false},"featured_media":28243,"template":"","meta":[],"product_brand":[896],"product_cat":[25,102,46,54,28,76],"product_tag":[],"class_list":{"0":"post-28242","1":"product","2":"type-product","3":"status-publish","4":"has-post-thumbnail","6":"product_brand-replique-manga-cine","7":"product_cat-armes-historiques","8":"product_cat-denix","9":"product_cat-fusil-d-assaut-fusil-moderne","10":"product_cat-armes-accessoires-guerre-mondiale","11":"product_cat-repliques-darmes","12":"product_cat-reproductions-armes-seconde-guerre-mondiale-denix","14":"first","15":"instock","16":"sale","17":"taxable","18":"shipping-taxable","19":"purchasable","20":"product-type-simple"},"yoast_head":"<!-- This site is optimized with the Yoast SEO plugin v27.4 - https:\/\/yoast.com\/product\/yoast-seo-wordpress\/ -->\n<title>Mitrailleur M3 Grease Gun - Vente en ligne - R\u00e9plique Manga Cin\u00e9<\/title>\n<meta name=\"description\" content=\"Offre-lui ce pistolet Mitrailleur M3 Grease Gun, Denix au meilleur prix - Tout en m\u00e9tal - Chargeur amovible - M\u00e9canisme fonctionnel - Inapte au tir - 59 cm\" \/>\n<meta name=\"robots\" content=\"index, follow, max-snippet:-1, max-image-preview:large, max-video-preview:-1\" \/>\n<link rel=\"canonical\" href=\"https:\/\/repliquemangacine.fr\/it\/denix\/pistola-mitragliatrice-m3\/\" \/>\n<meta property=\"og:locale\" content=\"it_IT\" \/>\n<meta property=\"og:type\" content=\"article\" \/>\n<meta property=\"og:title\" content=\"Mitrailleur M3 Grease Gun - Vente en ligne - R\u00e9plique Manga Cin\u00e9\" \/>\n<meta property=\"og:description\" content=\"Offre-lui ce pistolet Mitrailleur M3 Grease Gun, Denix au meilleur prix - Tout en m\u00e9tal - Chargeur amovible - M\u00e9canisme fonctionnel - Inapte au tir - 59 cm\" \/>\n<meta property=\"og:url\" content=\"https:\/\/repliquemangacine.fr\/it\/denix\/pistola-mitragliatrice-m3\/\" \/>\n<meta property=\"og:site_name\" content=\"R\u00e9plique Manga Cin\u00e9\" \/>\n<meta property=\"article:publisher\" content=\"https:\/\/www.facebook.com\/RepliqueMangaCine\" \/>\n<meta property=\"article:modified_time\" content=\"2026-03-28T21:49:42+00:00\" \/>\n<meta property=\"og:image\" content=\"https:\/\/repliquemangacine.fr\/wp-content\/uploads\/2023\/10\/2952-Pistolet-mitrailleur-M3-Grease-Gun-USA-1942.jpg\" \/>\n\t<meta property=\"og:image:width\" content=\"800\" \/>\n\t<meta property=\"og:image:height\" content=\"800\" \/>\n\t<meta property=\"og:image:type\" content=\"image\/jpeg\" \/>\n<meta name=\"twitter:card\" content=\"summary_large_image\" \/>\n<meta name=\"twitter:label1\" content=\"Tempo di lettura stimato\" \/>\n\t<meta name=\"twitter:data1\" content=\"2 minuti\" \/>\n<script type=\"application\/ld+json\" class=\"yoast-schema-graph\">{\"@context\":\"https:\\\/\\\/schema.org\",\"@graph\":[{\"@type\":\"WebPage\",\"@id\":\"https:\\\/\\\/repliquemangacine.fr\\\/denix\\\/m3-grease-gun-pistolet-mitrailleur\\\/\",\"url\":\"https:\\\/\\\/repliquemangacine.fr\\\/denix\\\/m3-grease-gun-pistolet-mitrailleur\\\/\",\"name\":\"Mitrailleur M3 Grease Gun - Vente en ligne - R\u00e9plique Manga Cin\u00e9\",\"isPartOf\":{\"@id\":\"https:\\\/\\\/repliquemangacine.fr\\\/#website\"},\"primaryImageOfPage\":{\"@id\":\"https:\\\/\\\/repliquemangacine.fr\\\/denix\\\/m3-grease-gun-pistolet-mitrailleur\\\/#primaryimage\"},\"image\":{\"@id\":\"https:\\\/\\\/repliquemangacine.fr\\\/denix\\\/m3-grease-gun-pistolet-mitrailleur\\\/#primaryimage\"},\"thumbnailUrl\":\"https:\\\/\\\/repliquemangacine.fr\\\/wp-content\\\/uploads\\\/2023\\\/10\\\/2952-Pistolet-mitrailleur-M3-Grease-Gun-USA-1942.jpg\",\"datePublished\":\"2019-08-09T09:03:45+00:00\",\"dateModified\":\"2026-03-28T21:49:42+00:00\",\"description\":\"Offre-lui ce pistolet Mitrailleur M3 Grease Gun, Denix au meilleur prix - Tout en m\u00e9tal - Chargeur amovible - M\u00e9canisme fonctionnel - Inapte au tir - 59 cm\",\"breadcrumb\":{\"@id\":\"https:\\\/\\\/repliquemangacine.fr\\\/denix\\\/m3-grease-gun-pistolet-mitrailleur\\\/#breadcrumb\"},\"inLanguage\":\"it-IT\",\"potentialAction\":[{\"@type\":\"ReadAction\",\"target\":[\"https:\\\/\\\/repliquemangacine.fr\\\/denix\\\/m3-grease-gun-pistolet-mitrailleur\\\/\"]}]},{\"@type\":\"ImageObject\",\"inLanguage\":\"it-IT\",\"@id\":\"https:\\\/\\\/repliquemangacine.fr\\\/denix\\\/m3-grease-gun-pistolet-mitrailleur\\\/#primaryimage\",\"url\":\"https:\\\/\\\/repliquemangacine.fr\\\/wp-content\\\/uploads\\\/2023\\\/10\\\/2952-Pistolet-mitrailleur-M3-Grease-Gun-USA-1942.jpg\",\"contentUrl\":\"https:\\\/\\\/repliquemangacine.fr\\\/wp-content\\\/uploads\\\/2023\\\/10\\\/2952-Pistolet-mitrailleur-M3-Grease-Gun-USA-1942.jpg\",\"width\":800,\"height\":800,\"caption\":\"Pistolet mitrailleur M3 \\\"Grease Gun\\\" USA 1942\"},{\"@type\":\"BreadcrumbList\",\"@id\":\"https:\\\/\\\/repliquemangacine.fr\\\/denix\\\/m3-grease-gun-pistolet-mitrailleur\\\/#breadcrumb\",\"itemListElement\":[{\"@type\":\"ListItem\",\"position\":1,\"name\":\"Accueil\",\"item\":\"https:\\\/\\\/repliquemangacine.fr\\\/\"},{\"@type\":\"ListItem\",\"position\":2,\"name\":\"Produits\",\"item\":\"https:\\\/\\\/repliquemangacine.fr\\\/boutique\\\/\"},{\"@type\":\"ListItem\",\"position\":3,\"name\":\"M3 Grease Gun USA 1942\"}]},{\"@type\":\"WebSite\",\"@id\":\"https:\\\/\\\/repliquemangacine.fr\\\/#website\",\"url\":\"https:\\\/\\\/repliquemangacine.fr\\\/\",\"name\":\"R\u00e9plique Manga Cin\u00e9\",\"description\":\"\",\"publisher\":{\"@id\":\"https:\\\/\\\/repliquemangacine.fr\\\/#organization\"},\"potentialAction\":[{\"@type\":\"SearchAction\",\"target\":{\"@type\":\"EntryPoint\",\"urlTemplate\":\"https:\\\/\\\/repliquemangacine.fr\\\/?s={search_term_string}\"},\"query-input\":{\"@type\":\"PropertyValueSpecification\",\"valueRequired\":true,\"valueName\":\"search_term_string\"}}],\"inLanguage\":\"it-IT\"},{\"@type\":\"Organization\",\"@id\":\"https:\\\/\\\/repliquemangacine.fr\\\/#organization\",\"name\":\"R\u00e9plique Manga Cin\u00e9\",\"url\":\"https:\\\/\\\/repliquemangacine.fr\\\/\",\"logo\":{\"@type\":\"ImageObject\",\"inLanguage\":\"it-IT\",\"@id\":\"https:\\\/\\\/repliquemangacine.fr\\\/#\\\/schema\\\/logo\\\/image\\\/\",\"url\":\"https:\\\/\\\/repliquemangacine.fr\\\/wp-content\\\/uploads\\\/2023\\\/10\\\/RMC-500250.png\",\"contentUrl\":\"https:\\\/\\\/repliquemangacine.fr\\\/wp-content\\\/uploads\\\/2023\\\/10\\\/RMC-500250.png\",\"width\":500,\"height\":250,\"caption\":\"R\u00e9plique Manga Cin\u00e9\"},\"image\":{\"@id\":\"https:\\\/\\\/repliquemangacine.fr\\\/#\\\/schema\\\/logo\\\/image\\\/\"},\"sameAs\":[\"https:\\\/\\\/www.facebook.com\\\/RepliqueMangaCine\",\"https:\\\/\\\/www.instagram.com\\\/repliquemangacine.fr\\\/\"]}]}<\/script>\n<!-- \/ Yoast SEO plugin. -->","yoast_head_json":{"title":"Pistola per grasso M3 - Vendita online - R\u00e9plique Manga Cin\u00e9","description":"Fagli avere questa pistola per grasso M3, Denix al miglior prezzo - Tutto metallo - Caricatore rimovibile - Meccanismo funzionale - Non spara - 59 cm","robots":{"index":"index","follow":"follow","max-snippet":"max-snippet:-1","max-image-preview":"max-image-preview:large","max-video-preview":"max-video-preview:-1"},"canonical":"https:\/\/repliquemangacine.fr\/it\/denix\/pistola-mitragliatrice-m3\/","og_locale":"it_IT","og_type":"article","og_title":"Mitrailleur M3 Grease Gun - Vente en ligne - R\u00e9plique Manga Cin\u00e9","og_description":"Offre-lui ce pistolet Mitrailleur M3 Grease Gun, Denix au meilleur prix - Tout en m\u00e9tal - Chargeur amovible - M\u00e9canisme fonctionnel - Inapte au tir - 59 cm","og_url":"https:\/\/repliquemangacine.fr\/it\/denix\/pistola-mitragliatrice-m3\/","og_site_name":"R\u00e9plique Manga Cin\u00e9","article_publisher":"https:\/\/www.facebook.com\/RepliqueMangaCine","article_modified_time":"2026-03-28T21:49:42+00:00","og_image":[{"width":800,"height":800,"url":"https:\/\/repliquemangacine.fr\/wp-content\/uploads\/2023\/10\/2952-Pistolet-mitrailleur-M3-Grease-Gun-USA-1942.jpg","type":"image\/jpeg"}],"twitter_card":"summary_large_image","twitter_misc":{"Tempo di lettura stimato":"2 minuti"},"schema":{"@context":"https:\/\/schema.org","@graph":[{"@type":"WebPage","@id":"https:\/\/repliquemangacine.fr\/denix\/m3-grease-gun-pistolet-mitrailleur\/","url":"https:\/\/repliquemangacine.fr\/denix\/m3-grease-gun-pistolet-mitrailleur\/","name":"Pistola per grasso M3 - Vendita online - R\u00e9plique Manga Cin\u00e9","isPartOf":{"@id":"https:\/\/repliquemangacine.fr\/#website"},"primaryImageOfPage":{"@id":"https:\/\/repliquemangacine.fr\/denix\/m3-grease-gun-pistolet-mitrailleur\/#primaryimage"},"image":{"@id":"https:\/\/repliquemangacine.fr\/denix\/m3-grease-gun-pistolet-mitrailleur\/#primaryimage"},"thumbnailUrl":"https:\/\/repliquemangacine.fr\/wp-content\/uploads\/2023\/10\/2952-Pistolet-mitrailleur-M3-Grease-Gun-USA-1942.jpg","datePublished":"2019-08-09T09:03:45+00:00","dateModified":"2026-03-28T21:49:42+00:00","description":"Fagli avere questa pistola per grasso M3, Denix al miglior prezzo - Tutto metallo - Caricatore rimovibile - Meccanismo funzionale - Non spara - 59 cm","breadcrumb":{"@id":"https:\/\/repliquemangacine.fr\/denix\/m3-grease-gun-pistolet-mitrailleur\/#breadcrumb"},"inLanguage":"it-IT","potentialAction":[{"@type":"ReadAction","target":["https:\/\/repliquemangacine.fr\/denix\/m3-grease-gun-pistolet-mitrailleur\/"]}]},{"@type":"ImageObject","inLanguage":"it-IT","@id":"https:\/\/repliquemangacine.fr\/denix\/m3-grease-gun-pistolet-mitrailleur\/#primaryimage","url":"https:\/\/repliquemangacine.fr\/wp-content\/uploads\/2023\/10\/2952-Pistolet-mitrailleur-M3-Grease-Gun-USA-1942.jpg","contentUrl":"https:\/\/repliquemangacine.fr\/wp-content\/uploads\/2023\/10\/2952-Pistolet-mitrailleur-M3-Grease-Gun-USA-1942.jpg","width":800,"height":800,"caption":"Pistolet mitrailleur M3 \"Grease Gun\" USA 1942"},{"@type":"BreadcrumbList","@id":"https:\/\/repliquemangacine.fr\/denix\/m3-grease-gun-pistolet-mitrailleur\/#breadcrumb","itemListElement":[{"@type":"ListItem","position":1,"name":"Accueil","item":"https:\/\/repliquemangacine.fr\/"},{"@type":"ListItem","position":2,"name":"Produits","item":"https:\/\/repliquemangacine.fr\/boutique\/"},{"@type":"ListItem","position":3,"name":"M3 Grease Gun USA 1942"}]},{"@type":"WebSite","@id":"https:\/\/repliquemangacine.fr\/#website","url":"https:\/\/repliquemangacine.fr\/","name":"R\u00e9plique Manga Cin\u00e9","description":"","publisher":{"@id":"https:\/\/repliquemangacine.fr\/#organization"},"potentialAction":[{"@type":"SearchAction","target":{"@type":"EntryPoint","urlTemplate":"https:\/\/repliquemangacine.fr\/?s={search_term_string}"},"query-input":{"@type":"PropertyValueSpecification","valueRequired":true,"valueName":"search_term_string"}}],"inLanguage":"it-IT"},{"@type":"Organization","@id":"https:\/\/repliquemangacine.fr\/#organization","name":"R\u00e9plique Manga Cin\u00e9","url":"https:\/\/repliquemangacine.fr\/","logo":{"@type":"ImageObject","inLanguage":"it-IT","@id":"https:\/\/repliquemangacine.fr\/#\/schema\/logo\/image\/","url":"https:\/\/repliquemangacine.fr\/wp-content\/uploads\/2023\/10\/RMC-500250.png","contentUrl":"https:\/\/repliquemangacine.fr\/wp-content\/uploads\/2023\/10\/RMC-500250.png","width":500,"height":250,"caption":"R\u00e9plique Manga Cin\u00e9"},"image":{"@id":"https:\/\/repliquemangacine.fr\/#\/schema\/logo\/image\/"},"sameAs":["https:\/\/www.facebook.com\/RepliqueMangaCine","https:\/\/www.instagram.com\/repliquemangacine.fr\/"]}]}},"_links":{"self":[{"href":"https:\/\/repliquemangacine.fr\/it\/wp-json\/wp\/v2\/product\/28242","targetHints":{"allow":["GET"]}}],"collection":[{"href":"https:\/\/repliquemangacine.fr\/it\/wp-json\/wp\/v2\/product"}],"about":[{"href":"https:\/\/repliquemangacine.fr\/it\/wp-json\/wp\/v2\/types\/product"}],"wp:featuredmedia":[{"embeddable":true,"href":"https:\/\/repliquemangacine.fr\/it\/wp-json\/wp\/v2\/media\/28243"}],"wp:attachment":[{"href":"https:\/\/repliquemangacine.fr\/it\/wp-json\/wp\/v2\/media?parent=28242"}],"wp:term":[{"taxonomy":"product_brand","embeddable":true,"href":"https:\/\/repliquemangacine.fr\/it\/wp-json\/wp\/v2\/product_brand?post=28242"},{"taxonomy":"product_cat","embeddable":true,"href":"https:\/\/repliquemangacine.fr\/it\/wp-json\/wp\/v2\/product_cat?post=28242"},{"taxonomy":"product_tag","embeddable":true,"href":"https:\/\/repliquemangacine.fr\/it\/wp-json\/wp\/v2\/product_tag?post=28242"}],"curies":[{"name":"wp","href":"https:\/\/api.w.org\/{rel}","templated":true}]}}