





{"id":28235,"date":"2019-08-04T16:06:45","date_gmt":"2019-08-04T14:06:45","guid":{"rendered":"https:\/\/repliquemangacine.fr\/?post_type=product&#038;p=28235"},"modified":"2026-03-31T22:43:55","modified_gmt":"2026-03-31T20:43:55","slug":"spada-yoru-kokutou-dracula-mihawk-lama-larga","status":"publish","type":"product","link":"https:\/\/repliquemangacine.fr\/it\/repliques-manga-jeux-video\/sabre-yoru-kokutou-epee-de-dracule-mihawk-lame-large\/","title":{"rendered":"Spada Yoru Kokutou - Dracule Mihawk"},"content":{"rendered":"<h2>Spada Yoru Mihawk One Piece<\/h2>\n<p>Per cominciare, il <strong>Spada Yoru di Mihawk<\/strong> in One Piece \u00e8 una delle spade pi\u00f9 potenti del mondo.<\/p>\n<p>Conosciuto come Occhio di Falco, <a href=\"https:\/\/onepiece.fandom.com\/fr\/wiki\/Dracule_Mihawk\" target=\"_blank\" rel=\"noopener noreferrer\">Mihawk Dracule<\/a> \u00e8 considerato il pi\u00f9 grande spadaccino del mondo. Ogni spadaccino del mondo vuole misurarsi con lui.<\/p>\n<p>Kokuto Yoru \u00e8 uno dei 12 Saijo \u00f4 Wazamono. Appartiene a Mihawk, un ex membro dei 7 Capitani Corsari. Kotuto Yuro significa \u201cLa spada nera della notte\u201d. Le spade a lama nera sono considerate indistruttibili, secondo Roronoa Zoro: \u201cSi dice che le lame nere siano cos\u00ec forti che la carica di un dinosauro infuriato non le scalfirebbe nemmeno\u201d.\u201d<\/p>\n<h2>Il tuo Mihawk Yoru Sabre al miglior prezzo<\/h2>\n<p>Vi proponiamo tutte le battute dei vostri personaggi preferiti in questo manga animato di One Piece.<\/p>\n<p>Innanzitutto,<\/p>\n<ul>\n<li>Guarda i nostri tappetini per mouse One Piece<\/li>\n<li>Cos\u00ec come i nostri portachiavi One Piece, come il portachiavi con simbolo One Piece.<\/li>\n<li>Naturalmente, ci sono anche tutte le katane, le spade e le <a href=\"https:\/\/repliquemangacine.fr\/it\/katana-monopezzo\/katana-shusui-zoro-pezzo-unico\/\">spade di One Piece<\/a>.<\/li>\n<li>E molti altri da scoprire nel nostro negozio online!<\/li>\n<\/ul>\n<p>Ecco quindi alcune fantastiche idee regalo per tutti i fan di One Piece.<\/p>\n<p>In conclusione, \u00e8 possibile utilizzare questo <strong>Spada Yoru Mihawk<\/strong> per le vostre sfilate cosplay o serate a tema. Ma soprattutto, la spada Kokuto Yoru \u00e8 anche un oggetto da collezione e un pezzo decorativo.<\/p>\n<h2>Come posso mantenere la lama della mia spada One Piece?<\/h2>\n<p>Le katana da collezione e decorative sono realizzate e assemblate in modo semplificato. Essendo destinate a scopi decorativi, non dispongono degli elementi di sicurezza necessari per una spada giapponese destinata all'allenamento.<\/p>\n<p>Tuttavia, il vostro <strong>Spada Yoru Mihawk<\/strong> una lama in acciaio che deve essere curata per evitare che si rovini con il tempo. Infatti, esporrete la vostra katana e i vostri amici saranno curiosi di vedere la lama e di toccarla. \u00c8 qui che bisogna prestare attenzione, poich\u00e9 l'acidit\u00e0 delle dita \u00e8 molto dannosa per l'acciaio, indipendentemente dalla sua qualit\u00e0.<\/p>\n<p>Se ci\u00f2 dovesse accadere, non preoccupatevi, basta solo un panno inumidito con un po' d'olio per rimuovere le impronte digitali. In questo modo, la vostra spada durer\u00e0 a lungo.<\/p>","protected":false},"excerpt":{"rendered":"<p>Gigantesca spada Dracule Mihawk,<\/p>\n<ul>\n<li>Lama larga in acciaio.<\/li>\n<li>Elsa intagliata e ornata di gioielli in resina.<\/li>\n<li>Manico ricoperto da una fascia di cotone bianco.<\/li>\n<li>Pomello in pietra e resina.<\/li>\n<li>Custodia in similpelle per il trasporto.<\/li>\n<li>Lunghezza lama: 90 cm - Lunghezza totale: 126 cm<\/li>\n<\/ul>","protected":false},"featured_media":28236,"template":"","meta":[],"product_brand":[896],"product_cat":[123,23],"product_tag":[],"class_list":{"0":"post-28235","1":"product","2":"type-product","3":"status-publish","4":"has-post-thumbnail","6":"product_brand-replique-manga-cine","7":"product_cat-katana-en-metal-one-piece","8":"product_cat-repliques-manga-jeux-video","10":"first","11":"instock","12":"taxable","13":"shipping-taxable","14":"purchasable","15":"product-type-simple"},"yoast_head":"<!-- This site is optimized with the Yoast SEO plugin v27.4 - https:\/\/yoast.com\/product\/yoast-seo-wordpress\/ -->\n<title>Sabre Yoru Mihawk - Vente en ligne des \u00e9p\u00e9es One Piece | RMC<\/title>\n<meta name=\"description\" content=\"Exclusivit\u00e9 ! Superbe r\u00e9plique du sabre Yoru Mihawk au meilleur prix - Lame large en acier 440 - Garde m\u00e9tal d\u00e9cor\u00e9 - Longueur totale : 126 cm\" \/>\n<meta name=\"robots\" content=\"index, follow, max-snippet:-1, max-image-preview:large, max-video-preview:-1\" \/>\n<link rel=\"canonical\" href=\"https:\/\/repliquemangacine.fr\/it\/videogiochi-manga-replica\/spada-yoru-kokutou-dracula-mihawk-lama-larga\/\" \/>\n<meta property=\"og:locale\" content=\"it_IT\" \/>\n<meta property=\"og:type\" content=\"article\" \/>\n<meta property=\"og:title\" content=\"Sabre Yoru Mihawk - Vente en ligne des \u00e9p\u00e9es One Piece | RMC\" \/>\n<meta property=\"og:description\" content=\"Exclusivit\u00e9 ! Superbe r\u00e9plique du sabre Yoru Mihawk au meilleur prix - Lame large en acier 440 - Garde m\u00e9tal d\u00e9cor\u00e9 - Longueur totale : 126 cm\" \/>\n<meta property=\"og:url\" content=\"https:\/\/repliquemangacine.fr\/it\/videogiochi-manga-replica\/spada-yoru-kokutou-dracula-mihawk-lama-larga\/\" \/>\n<meta property=\"og:site_name\" content=\"R\u00e9plique Manga Cin\u00e9\" \/>\n<meta property=\"article:publisher\" content=\"https:\/\/www.facebook.com\/RepliqueMangaCine\" \/>\n<meta property=\"article:modified_time\" content=\"2026-03-31T20:43:55+00:00\" \/>\n<meta property=\"og:image\" content=\"https:\/\/repliquemangacine.fr\/wp-content\/uploads\/2023\/10\/2941-Sabre-Yoru-Kokutou-Epee-de-Dracule-Mihawk-Lame-large.jpg\" \/>\n\t<meta property=\"og:image:width\" content=\"800\" \/>\n\t<meta property=\"og:image:height\" content=\"800\" \/>\n\t<meta property=\"og:image:type\" content=\"image\/jpeg\" \/>\n<meta name=\"twitter:card\" content=\"summary_large_image\" \/>\n<meta name=\"twitter:label1\" content=\"Tempo di lettura stimato\" \/>\n\t<meta name=\"twitter:data1\" content=\"3 minuti\" \/>\n<script type=\"application\/ld+json\" class=\"yoast-schema-graph\">{\"@context\":\"https:\\\/\\\/schema.org\",\"@graph\":[{\"@type\":\"WebPage\",\"@id\":\"https:\\\/\\\/repliquemangacine.fr\\\/repliques-manga-jeux-video\\\/sabre-yoru-kokutou-epee-de-dracule-mihawk-lame-large\\\/\",\"url\":\"https:\\\/\\\/repliquemangacine.fr\\\/repliques-manga-jeux-video\\\/sabre-yoru-kokutou-epee-de-dracule-mihawk-lame-large\\\/\",\"name\":\"Sabre Yoru Mihawk - Vente en ligne des \u00e9p\u00e9es One Piece | RMC\",\"isPartOf\":{\"@id\":\"https:\\\/\\\/repliquemangacine.fr\\\/#website\"},\"primaryImageOfPage\":{\"@id\":\"https:\\\/\\\/repliquemangacine.fr\\\/repliques-manga-jeux-video\\\/sabre-yoru-kokutou-epee-de-dracule-mihawk-lame-large\\\/#primaryimage\"},\"image\":{\"@id\":\"https:\\\/\\\/repliquemangacine.fr\\\/repliques-manga-jeux-video\\\/sabre-yoru-kokutou-epee-de-dracule-mihawk-lame-large\\\/#primaryimage\"},\"thumbnailUrl\":\"https:\\\/\\\/repliquemangacine.fr\\\/wp-content\\\/uploads\\\/2023\\\/10\\\/2941-Sabre-Yoru-Kokutou-Epee-de-Dracule-Mihawk-Lame-large.jpg\",\"datePublished\":\"2019-08-04T14:06:45+00:00\",\"dateModified\":\"2026-03-31T20:43:55+00:00\",\"description\":\"Exclusivit\u00e9 ! Superbe r\u00e9plique du sabre Yoru Mihawk au meilleur prix - Lame large en acier 440 - Garde m\u00e9tal d\u00e9cor\u00e9 - Longueur totale : 126 cm\",\"breadcrumb\":{\"@id\":\"https:\\\/\\\/repliquemangacine.fr\\\/repliques-manga-jeux-video\\\/sabre-yoru-kokutou-epee-de-dracule-mihawk-lame-large\\\/#breadcrumb\"},\"inLanguage\":\"it-IT\",\"potentialAction\":[{\"@type\":\"ReadAction\",\"target\":[\"https:\\\/\\\/repliquemangacine.fr\\\/repliques-manga-jeux-video\\\/sabre-yoru-kokutou-epee-de-dracule-mihawk-lame-large\\\/\"]}]},{\"@type\":\"ImageObject\",\"inLanguage\":\"it-IT\",\"@id\":\"https:\\\/\\\/repliquemangacine.fr\\\/repliques-manga-jeux-video\\\/sabre-yoru-kokutou-epee-de-dracule-mihawk-lame-large\\\/#primaryimage\",\"url\":\"https:\\\/\\\/repliquemangacine.fr\\\/wp-content\\\/uploads\\\/2023\\\/10\\\/2941-Sabre-Yoru-Kokutou-Epee-de-Dracule-Mihawk-Lame-large.jpg\",\"contentUrl\":\"https:\\\/\\\/repliquemangacine.fr\\\/wp-content\\\/uploads\\\/2023\\\/10\\\/2941-Sabre-Yoru-Kokutou-Epee-de-Dracule-Mihawk-Lame-large.jpg\",\"width\":800,\"height\":800,\"caption\":\"Sabre Yoru Kokutou - Ep\u00e9e de Dracule Mihawk - Lame large\"},{\"@type\":\"BreadcrumbList\",\"@id\":\"https:\\\/\\\/repliquemangacine.fr\\\/repliques-manga-jeux-video\\\/sabre-yoru-kokutou-epee-de-dracule-mihawk-lame-large\\\/#breadcrumb\",\"itemListElement\":[{\"@type\":\"ListItem\",\"position\":1,\"name\":\"Accueil\",\"item\":\"https:\\\/\\\/repliquemangacine.fr\\\/\"},{\"@type\":\"ListItem\",\"position\":2,\"name\":\"Produits\",\"item\":\"https:\\\/\\\/repliquemangacine.fr\\\/boutique\\\/\"},{\"@type\":\"ListItem\",\"position\":3,\"name\":\"Sabre Yoru Kokutou &#8211; Dracule Mihawk\"}]},{\"@type\":\"WebSite\",\"@id\":\"https:\\\/\\\/repliquemangacine.fr\\\/#website\",\"url\":\"https:\\\/\\\/repliquemangacine.fr\\\/\",\"name\":\"R\u00e9plique Manga Cin\u00e9\",\"description\":\"\",\"publisher\":{\"@id\":\"https:\\\/\\\/repliquemangacine.fr\\\/#organization\"},\"potentialAction\":[{\"@type\":\"SearchAction\",\"target\":{\"@type\":\"EntryPoint\",\"urlTemplate\":\"https:\\\/\\\/repliquemangacine.fr\\\/?s={search_term_string}\"},\"query-input\":{\"@type\":\"PropertyValueSpecification\",\"valueRequired\":true,\"valueName\":\"search_term_string\"}}],\"inLanguage\":\"it-IT\"},{\"@type\":\"Organization\",\"@id\":\"https:\\\/\\\/repliquemangacine.fr\\\/#organization\",\"name\":\"R\u00e9plique Manga Cin\u00e9\",\"url\":\"https:\\\/\\\/repliquemangacine.fr\\\/\",\"logo\":{\"@type\":\"ImageObject\",\"inLanguage\":\"it-IT\",\"@id\":\"https:\\\/\\\/repliquemangacine.fr\\\/#\\\/schema\\\/logo\\\/image\\\/\",\"url\":\"https:\\\/\\\/repliquemangacine.fr\\\/wp-content\\\/uploads\\\/2023\\\/10\\\/RMC-500250.png\",\"contentUrl\":\"https:\\\/\\\/repliquemangacine.fr\\\/wp-content\\\/uploads\\\/2023\\\/10\\\/RMC-500250.png\",\"width\":500,\"height\":250,\"caption\":\"R\u00e9plique Manga Cin\u00e9\"},\"image\":{\"@id\":\"https:\\\/\\\/repliquemangacine.fr\\\/#\\\/schema\\\/logo\\\/image\\\/\"},\"sameAs\":[\"https:\\\/\\\/www.facebook.com\\\/RepliqueMangaCine\",\"https:\\\/\\\/www.instagram.com\\\/repliquemangacine.fr\\\/\"]}]}<\/script>\n<!-- \/ Yoast SEO plugin. -->","yoast_head_json":{"title":"Sabre Yoru Mihawk - Acquista le spade di One Piece online da RMC","description":"Esclusivo! Superba replica della spada Yoru Mihawk al miglior prezzo - Larga lama in acciaio 440 - Guardia in metallo decorata - Lunghezza totale: 126 cm","robots":{"index":"index","follow":"follow","max-snippet":"max-snippet:-1","max-image-preview":"max-image-preview:large","max-video-preview":"max-video-preview:-1"},"canonical":"https:\/\/repliquemangacine.fr\/it\/videogiochi-manga-replica\/spada-yoru-kokutou-dracula-mihawk-lama-larga\/","og_locale":"it_IT","og_type":"article","og_title":"Sabre Yoru Mihawk - Vente en ligne des \u00e9p\u00e9es One Piece | RMC","og_description":"Exclusivit\u00e9 ! Superbe r\u00e9plique du sabre Yoru Mihawk au meilleur prix - Lame large en acier 440 - Garde m\u00e9tal d\u00e9cor\u00e9 - Longueur totale : 126 cm","og_url":"https:\/\/repliquemangacine.fr\/it\/videogiochi-manga-replica\/spada-yoru-kokutou-dracula-mihawk-lama-larga\/","og_site_name":"R\u00e9plique Manga Cin\u00e9","article_publisher":"https:\/\/www.facebook.com\/RepliqueMangaCine","article_modified_time":"2026-03-31T20:43:55+00:00","og_image":[{"width":800,"height":800,"url":"https:\/\/repliquemangacine.fr\/wp-content\/uploads\/2023\/10\/2941-Sabre-Yoru-Kokutou-Epee-de-Dracule-Mihawk-Lame-large.jpg","type":"image\/jpeg"}],"twitter_card":"summary_large_image","twitter_misc":{"Tempo di lettura stimato":"3 minuti"},"schema":{"@context":"https:\/\/schema.org","@graph":[{"@type":"WebPage","@id":"https:\/\/repliquemangacine.fr\/repliques-manga-jeux-video\/sabre-yoru-kokutou-epee-de-dracule-mihawk-lame-large\/","url":"https:\/\/repliquemangacine.fr\/repliques-manga-jeux-video\/sabre-yoru-kokutou-epee-de-dracule-mihawk-lame-large\/","name":"Sabre Yoru Mihawk - Acquista le spade di One Piece online da RMC","isPartOf":{"@id":"https:\/\/repliquemangacine.fr\/#website"},"primaryImageOfPage":{"@id":"https:\/\/repliquemangacine.fr\/repliques-manga-jeux-video\/sabre-yoru-kokutou-epee-de-dracule-mihawk-lame-large\/#primaryimage"},"image":{"@id":"https:\/\/repliquemangacine.fr\/repliques-manga-jeux-video\/sabre-yoru-kokutou-epee-de-dracule-mihawk-lame-large\/#primaryimage"},"thumbnailUrl":"https:\/\/repliquemangacine.fr\/wp-content\/uploads\/2023\/10\/2941-Sabre-Yoru-Kokutou-Epee-de-Dracule-Mihawk-Lame-large.jpg","datePublished":"2019-08-04T14:06:45+00:00","dateModified":"2026-03-31T20:43:55+00:00","description":"Esclusivo! Superba replica della spada Yoru Mihawk al miglior prezzo - Larga lama in acciaio 440 - Guardia in metallo decorata - Lunghezza totale: 126 cm","breadcrumb":{"@id":"https:\/\/repliquemangacine.fr\/repliques-manga-jeux-video\/sabre-yoru-kokutou-epee-de-dracule-mihawk-lame-large\/#breadcrumb"},"inLanguage":"it-IT","potentialAction":[{"@type":"ReadAction","target":["https:\/\/repliquemangacine.fr\/repliques-manga-jeux-video\/sabre-yoru-kokutou-epee-de-dracule-mihawk-lame-large\/"]}]},{"@type":"ImageObject","inLanguage":"it-IT","@id":"https:\/\/repliquemangacine.fr\/repliques-manga-jeux-video\/sabre-yoru-kokutou-epee-de-dracule-mihawk-lame-large\/#primaryimage","url":"https:\/\/repliquemangacine.fr\/wp-content\/uploads\/2023\/10\/2941-Sabre-Yoru-Kokutou-Epee-de-Dracule-Mihawk-Lame-large.jpg","contentUrl":"https:\/\/repliquemangacine.fr\/wp-content\/uploads\/2023\/10\/2941-Sabre-Yoru-Kokutou-Epee-de-Dracule-Mihawk-Lame-large.jpg","width":800,"height":800,"caption":"Sabre Yoru Kokutou - Ep\u00e9e de Dracule Mihawk - Lame large"},{"@type":"BreadcrumbList","@id":"https:\/\/repliquemangacine.fr\/repliques-manga-jeux-video\/sabre-yoru-kokutou-epee-de-dracule-mihawk-lame-large\/#breadcrumb","itemListElement":[{"@type":"ListItem","position":1,"name":"Accueil","item":"https:\/\/repliquemangacine.fr\/"},{"@type":"ListItem","position":2,"name":"Produits","item":"https:\/\/repliquemangacine.fr\/boutique\/"},{"@type":"ListItem","position":3,"name":"Sabre Yoru Kokutou &#8211; Dracule Mihawk"}]},{"@type":"WebSite","@id":"https:\/\/repliquemangacine.fr\/#website","url":"https:\/\/repliquemangacine.fr\/","name":"R\u00e9plique Manga Cin\u00e9","description":"","publisher":{"@id":"https:\/\/repliquemangacine.fr\/#organization"},"potentialAction":[{"@type":"SearchAction","target":{"@type":"EntryPoint","urlTemplate":"https:\/\/repliquemangacine.fr\/?s={search_term_string}"},"query-input":{"@type":"PropertyValueSpecification","valueRequired":true,"valueName":"search_term_string"}}],"inLanguage":"it-IT"},{"@type":"Organization","@id":"https:\/\/repliquemangacine.fr\/#organization","name":"R\u00e9plique Manga Cin\u00e9","url":"https:\/\/repliquemangacine.fr\/","logo":{"@type":"ImageObject","inLanguage":"it-IT","@id":"https:\/\/repliquemangacine.fr\/#\/schema\/logo\/image\/","url":"https:\/\/repliquemangacine.fr\/wp-content\/uploads\/2023\/10\/RMC-500250.png","contentUrl":"https:\/\/repliquemangacine.fr\/wp-content\/uploads\/2023\/10\/RMC-500250.png","width":500,"height":250,"caption":"R\u00e9plique Manga Cin\u00e9"},"image":{"@id":"https:\/\/repliquemangacine.fr\/#\/schema\/logo\/image\/"},"sameAs":["https:\/\/www.facebook.com\/RepliqueMangaCine","https:\/\/www.instagram.com\/repliquemangacine.fr\/"]}]}},"_links":{"self":[{"href":"https:\/\/repliquemangacine.fr\/it\/wp-json\/wp\/v2\/product\/28235","targetHints":{"allow":["GET"]}}],"collection":[{"href":"https:\/\/repliquemangacine.fr\/it\/wp-json\/wp\/v2\/product"}],"about":[{"href":"https:\/\/repliquemangacine.fr\/it\/wp-json\/wp\/v2\/types\/product"}],"wp:featuredmedia":[{"embeddable":true,"href":"https:\/\/repliquemangacine.fr\/it\/wp-json\/wp\/v2\/media\/28236"}],"wp:attachment":[{"href":"https:\/\/repliquemangacine.fr\/it\/wp-json\/wp\/v2\/media?parent=28235"}],"wp:term":[{"taxonomy":"product_brand","embeddable":true,"href":"https:\/\/repliquemangacine.fr\/it\/wp-json\/wp\/v2\/product_brand?post=28235"},{"taxonomy":"product_cat","embeddable":true,"href":"https:\/\/repliquemangacine.fr\/it\/wp-json\/wp\/v2\/product_cat?post=28235"},{"taxonomy":"product_tag","embeddable":true,"href":"https:\/\/repliquemangacine.fr\/it\/wp-json\/wp\/v2\/product_tag?post=28235"}],"curies":[{"name":"wp","href":"https:\/\/api.w.org\/{rel}","templated":true}]}}