





{"id":28226,"date":"2019-08-04T15:17:13","date_gmt":"2019-08-04T13:17:13","guid":{"rendered":"https:\/\/repliquemangacine.fr\/?post_type=product&#038;p=28226"},"modified":"2026-03-25T15:57:21","modified_gmt":"2026-03-25T14:57:21","slug":"spada-zireael-de-ciri-the-witcher-3-lama-tagliata","status":"publish","type":"product","link":"https:\/\/repliquemangacine.fr\/it\/epee-the-witcher\/epee-zireael-de-ciri-the-witcher-3-lame-decoupee\/","title":{"rendered":"Spada Ciri The Witcher 3 - Lama intagliata"},"content":{"rendered":"<h2>Spada Ciri Zireael The Witcher3<\/h2>\n<p>Per cominciare, la spada The Witcher3 Ciri, progettata con la massima attenzione ai dettagli. Il processo di produzione della lama \u00e8 l'affilatura lucida.<\/p>\n<p>Forgiata dagli gnomi, questa gwyhyr (spada) si chiama Zireael (rondine). A <a href=\"https:\/\/witcher-archive.fandom.com\/fr\/wiki\/Gwyhyr\" target=\"_blank\" rel=\"noopener noreferrer\">gwyhyr<\/a> \u00e8 una superba spada degli gnomi, considerata la migliore al mondo. Gli gnomi avevano smesso di produrre queste armi pi\u00f9 di duecento anni prima degli eventi della Saga dello Stregone.<\/p>\n<p>Questa \u00e8 una delle due spade che Geralt pu\u00f2 scegliere quando incontra il fabbro alla guarnigione di Nilfgaardi. La d\u00e0 a Ciri come prima spada da strega.<\/p>\n<p>Quando era solo una bambina, i genitori di Ciri scomparvero in una tempesta in mare e furono dati per morti. Trascorse l'infanzia tra Cintra e le isole Skellige, affidata alle cure della nonna.<\/p>\n<h2>La tua spada The Witcher3 Ciri al miglior prezzo.<\/h2>\n<p>Vi proponiamo tutte le battute di Geralt de Riv dal gioco The Witcher 3, ma anche dalla serie The Witcher Netflix.<\/p>\n<p>Innanzitutto,<\/p>\n<ul>\n<li>L'<a href=\"https:\/\/repliquemangacine.fr\/it\/spada-il-cacciatore\/lupo-epee-the-witcher3\/\">Spada del lupo<\/a> Indossata da Geralt di Riv, questa \u00e8 la sua seconda spada nel gioco.<\/li>\n<li>Cos\u00ec come il<a href=\"https:\/\/repliquemangacine.fr\/it\/spada-il-cacciatore\/spilla-argent-geralt-de-riv-the-witcher\/\">spada d'argento<\/a> nella seconda stagione della serie Netflix.<\/li>\n<li>E molti altri da scoprire nel nostro negozio online!<\/li>\n<\/ul>\n<p>Ecco quindi alcune ottime idee regalo per i fan di The Witcher<\/p>\n<p>In conclusione, \u00e8 possibile utilizzare questo <strong>Ciri spada The Witcher3<\/strong> per le sfilate di cosplay o le serate a tema. Ma prima di tutto \u00e8 anche un oggetto da collezione e un oggetto decorativo.<\/p>\n<p>R\u00e9plique Manga Cin\u00e9 \u00e8 una societ\u00e0 francese<\/p>\n<h2>Come faccio a mantenere la lama della mia spada The Witcher?<\/h2>\n<p>Le spade da collezione e decorative sono realizzate e assemblate in modo semplificato. Poich\u00e9 il loro uso \u00e8 decorativo, non hanno le caratteristiche di sicurezza richieste per una spada giapponese destinata all'allenamento.<\/p>\n<p>Tuttavia, il vostro <strong>Ciri spada The Witcher3<\/strong> a una lama d'acciaio che deve essere mantenuta per evitare che si danneggi nel tempo. Quando si espone la spada, gli amici saranno curiosi di vedere la lama e di toccarla. \u00c8 qui che bisogna fare attenzione, perch\u00e9 l'acidit\u00e0 delle dita \u00e8 molto dannosa per l'acciaio, qualunque sia la sua qualit\u00e0.<\/p>\n<p>Tuttavia, se ci\u00f2 dovesse accadere, niente panico: basta un panno inumidito con un po' d'olio per eliminare le impronte. In questo modo, la spada durer\u00e0 a lungo.<\/p>\n<p>&nbsp;<\/p>","protected":false},"excerpt":{"rendered":"<p>Questa replica della spada Zireael \u00e8 stata progettata con la massima attenzione ai dettagli.<\/p>\n<ul>\n<li>Lama non affilata in acciaio inox 440.<\/li>\n<li>Lama tagliata vicino all'elsa.<\/li>\n<li>Il processo di produzione della lama \u00e8 la levigatura.<\/li>\n<li>Manico in metallo circondato da filo di cotone beige.<\/li>\n<li>Manico e pomo in acciaio massiccio appositamente sagomato.<\/li>\n<li>Fodero in legno rivestito in similpelle rossa con cuciture bianche.<\/li>\n<li>Raccordi terminali in acciaio lucidato.<br \/>\nDispone inoltre di una tracolla regolabile.<\/li>\n<\/ul>\n<p><strong><span style=\"color: #d0121a;\">Il ciondolo con gli occhi rossi viene fornito con questa spada.<\/span> <span style=\"text-decoration: underline;\"><br \/>\n<\/span><\/strong><\/p>","protected":false},"featured_media":28227,"template":"","meta":[],"product_brand":[896],"product_cat":[23,58],"product_tag":[],"class_list":{"0":"post-28226","1":"product","2":"type-product","3":"status-publish","4":"has-post-thumbnail","6":"product_brand-replique-manga-cine","7":"product_cat-repliques-manga-jeux-video","8":"product_cat-epee-the-witcher","10":"first","11":"instock","12":"sale","13":"taxable","14":"shipping-taxable","15":"purchasable","16":"product-type-simple"},"yoast_head":"<!-- This site is optimized with the Yoast SEO plugin v27.4 - https:\/\/yoast.com\/product\/yoast-seo-wordpress\/ -->\n<title>Ep\u00e9e Ciri The Witcher3 - Vente en ligne Ep\u00e9e Zireael - RMC<\/title>\n<meta name=\"description\" content=\"Offrez-lui ! Cette superbe Ep\u00e9e de Ciri The Witcher3 au meilleur prix. Lame en acier inox d\u00e9coup\u00e9e sur le haut de la lame. Fourreau similicuir rouge\" \/>\n<meta name=\"robots\" content=\"index, follow, max-snippet:-1, max-image-preview:large, max-video-preview:-1\" \/>\n<link rel=\"canonical\" href=\"https:\/\/repliquemangacine.fr\/it\/spada-il-cacciatore\/spada-zireael-de-ciri-the-witcher-3-lama-tagliata\/\" \/>\n<meta property=\"og:locale\" content=\"it_IT\" \/>\n<meta property=\"og:type\" content=\"article\" \/>\n<meta property=\"og:title\" content=\"Ep\u00e9e Ciri The Witcher3 - Vente en ligne Ep\u00e9e Zireael - RMC\" \/>\n<meta property=\"og:description\" content=\"Offrez-lui ! Cette superbe Ep\u00e9e de Ciri The Witcher3 au meilleur prix. Lame en acier inox d\u00e9coup\u00e9e sur le haut de la lame. Fourreau similicuir rouge\" \/>\n<meta property=\"og:url\" content=\"https:\/\/repliquemangacine.fr\/it\/spada-il-cacciatore\/spada-zireael-de-ciri-the-witcher-3-lama-tagliata\/\" \/>\n<meta property=\"og:site_name\" content=\"R\u00e9plique Manga Cin\u00e9\" \/>\n<meta property=\"article:publisher\" content=\"https:\/\/www.facebook.com\/RepliqueMangaCine\" \/>\n<meta property=\"article:modified_time\" content=\"2026-03-25T14:57:21+00:00\" \/>\n<meta property=\"og:image\" content=\"https:\/\/repliquemangacine.fr\/wp-content\/uploads\/2023\/10\/2930-Epee-Zireael-de-Ciri-The-Witcher-3-Lame-decoupee.jpg\" \/>\n\t<meta property=\"og:image:width\" content=\"700\" \/>\n\t<meta property=\"og:image:height\" content=\"700\" \/>\n\t<meta property=\"og:image:type\" content=\"image\/jpeg\" \/>\n<meta name=\"twitter:card\" content=\"summary_large_image\" \/>\n<meta name=\"twitter:label1\" content=\"Tempo di lettura stimato\" \/>\n\t<meta name=\"twitter:data1\" content=\"1 minuto\" \/>\n<script type=\"application\/ld+json\" class=\"yoast-schema-graph\">{\"@context\":\"https:\\\/\\\/schema.org\",\"@graph\":[{\"@type\":\"WebPage\",\"@id\":\"https:\\\/\\\/repliquemangacine.fr\\\/epee-the-witcher\\\/epee-zireael-de-ciri-the-witcher-3-lame-decoupee\\\/\",\"url\":\"https:\\\/\\\/repliquemangacine.fr\\\/epee-the-witcher\\\/epee-zireael-de-ciri-the-witcher-3-lame-decoupee\\\/\",\"name\":\"Ep\u00e9e Ciri The Witcher3 - Vente en ligne Ep\u00e9e Zireael - RMC\",\"isPartOf\":{\"@id\":\"https:\\\/\\\/repliquemangacine.fr\\\/#website\"},\"primaryImageOfPage\":{\"@id\":\"https:\\\/\\\/repliquemangacine.fr\\\/epee-the-witcher\\\/epee-zireael-de-ciri-the-witcher-3-lame-decoupee\\\/#primaryimage\"},\"image\":{\"@id\":\"https:\\\/\\\/repliquemangacine.fr\\\/epee-the-witcher\\\/epee-zireael-de-ciri-the-witcher-3-lame-decoupee\\\/#primaryimage\"},\"thumbnailUrl\":\"https:\\\/\\\/repliquemangacine.fr\\\/wp-content\\\/uploads\\\/2023\\\/10\\\/2930-Epee-Zireael-de-Ciri-The-Witcher-3-Lame-decoupee.jpg\",\"datePublished\":\"2019-08-04T13:17:13+00:00\",\"dateModified\":\"2026-03-25T14:57:21+00:00\",\"description\":\"Offrez-lui ! Cette superbe Ep\u00e9e de Ciri The Witcher3 au meilleur prix. Lame en acier inox d\u00e9coup\u00e9e sur le haut de la lame. Fourreau similicuir rouge\",\"breadcrumb\":{\"@id\":\"https:\\\/\\\/repliquemangacine.fr\\\/epee-the-witcher\\\/epee-zireael-de-ciri-the-witcher-3-lame-decoupee\\\/#breadcrumb\"},\"inLanguage\":\"it-IT\",\"potentialAction\":[{\"@type\":\"ReadAction\",\"target\":[\"https:\\\/\\\/repliquemangacine.fr\\\/epee-the-witcher\\\/epee-zireael-de-ciri-the-witcher-3-lame-decoupee\\\/\"]}]},{\"@type\":\"ImageObject\",\"inLanguage\":\"it-IT\",\"@id\":\"https:\\\/\\\/repliquemangacine.fr\\\/epee-the-witcher\\\/epee-zireael-de-ciri-the-witcher-3-lame-decoupee\\\/#primaryimage\",\"url\":\"https:\\\/\\\/repliquemangacine.fr\\\/wp-content\\\/uploads\\\/2023\\\/10\\\/2930-Epee-Zireael-de-Ciri-The-Witcher-3-Lame-decoupee.jpg\",\"contentUrl\":\"https:\\\/\\\/repliquemangacine.fr\\\/wp-content\\\/uploads\\\/2023\\\/10\\\/2930-Epee-Zireael-de-Ciri-The-Witcher-3-Lame-decoupee.jpg\",\"width\":700,\"height\":700,\"caption\":\"Ep\u00e9e Zireael de Ciri - The Witcher 3 - Lame d\u00e9coup\u00e9e\"},{\"@type\":\"BreadcrumbList\",\"@id\":\"https:\\\/\\\/repliquemangacine.fr\\\/epee-the-witcher\\\/epee-zireael-de-ciri-the-witcher-3-lame-decoupee\\\/#breadcrumb\",\"itemListElement\":[{\"@type\":\"ListItem\",\"position\":1,\"name\":\"Accueil\",\"item\":\"https:\\\/\\\/repliquemangacine.fr\\\/\"},{\"@type\":\"ListItem\",\"position\":2,\"name\":\"Produits\",\"item\":\"https:\\\/\\\/repliquemangacine.fr\\\/boutique\\\/\"},{\"@type\":\"ListItem\",\"position\":3,\"name\":\"Ep\u00e9e Ciri The Witcher 3 &#8211; Lame d\u00e9coup\u00e9e\"}]},{\"@type\":\"WebSite\",\"@id\":\"https:\\\/\\\/repliquemangacine.fr\\\/#website\",\"url\":\"https:\\\/\\\/repliquemangacine.fr\\\/\",\"name\":\"R\u00e9plique Manga Cin\u00e9\",\"description\":\"\",\"publisher\":{\"@id\":\"https:\\\/\\\/repliquemangacine.fr\\\/#organization\"},\"potentialAction\":[{\"@type\":\"SearchAction\",\"target\":{\"@type\":\"EntryPoint\",\"urlTemplate\":\"https:\\\/\\\/repliquemangacine.fr\\\/?s={search_term_string}\"},\"query-input\":{\"@type\":\"PropertyValueSpecification\",\"valueRequired\":true,\"valueName\":\"search_term_string\"}}],\"inLanguage\":\"it-IT\"},{\"@type\":\"Organization\",\"@id\":\"https:\\\/\\\/repliquemangacine.fr\\\/#organization\",\"name\":\"R\u00e9plique Manga Cin\u00e9\",\"url\":\"https:\\\/\\\/repliquemangacine.fr\\\/\",\"logo\":{\"@type\":\"ImageObject\",\"inLanguage\":\"it-IT\",\"@id\":\"https:\\\/\\\/repliquemangacine.fr\\\/#\\\/schema\\\/logo\\\/image\\\/\",\"url\":\"https:\\\/\\\/repliquemangacine.fr\\\/wp-content\\\/uploads\\\/2023\\\/10\\\/RMC-500250.png\",\"contentUrl\":\"https:\\\/\\\/repliquemangacine.fr\\\/wp-content\\\/uploads\\\/2023\\\/10\\\/RMC-500250.png\",\"width\":500,\"height\":250,\"caption\":\"R\u00e9plique Manga Cin\u00e9\"},\"image\":{\"@id\":\"https:\\\/\\\/repliquemangacine.fr\\\/#\\\/schema\\\/logo\\\/image\\\/\"},\"sameAs\":[\"https:\\\/\\\/www.facebook.com\\\/RepliqueMangaCine\",\"https:\\\/\\\/www.instagram.com\\\/repliquemangacine.fr\\\/\"]}]}<\/script>\n<!-- \/ Yoast SEO plugin. -->","yoast_head_json":{"title":"Spada Ciri The Witcher3 - Vendita online Spada Zireael - RMC","description":"Regalatela! Questa superba spada Ciri The Witcher3 al miglior prezzo. Lama in acciaio inossidabile tagliata nella parte superiore della lama. Fodero in finta pelle rossa","robots":{"index":"index","follow":"follow","max-snippet":"max-snippet:-1","max-image-preview":"max-image-preview:large","max-video-preview":"max-video-preview:-1"},"canonical":"https:\/\/repliquemangacine.fr\/it\/spada-il-cacciatore\/spada-zireael-de-ciri-the-witcher-3-lama-tagliata\/","og_locale":"it_IT","og_type":"article","og_title":"Ep\u00e9e Ciri The Witcher3 - Vente en ligne Ep\u00e9e Zireael - RMC","og_description":"Offrez-lui ! Cette superbe Ep\u00e9e de Ciri The Witcher3 au meilleur prix. Lame en acier inox d\u00e9coup\u00e9e sur le haut de la lame. Fourreau similicuir rouge","og_url":"https:\/\/repliquemangacine.fr\/it\/spada-il-cacciatore\/spada-zireael-de-ciri-the-witcher-3-lama-tagliata\/","og_site_name":"R\u00e9plique Manga Cin\u00e9","article_publisher":"https:\/\/www.facebook.com\/RepliqueMangaCine","article_modified_time":"2026-03-25T14:57:21+00:00","og_image":[{"width":700,"height":700,"url":"https:\/\/repliquemangacine.fr\/wp-content\/uploads\/2023\/10\/2930-Epee-Zireael-de-Ciri-The-Witcher-3-Lame-decoupee.jpg","type":"image\/jpeg"}],"twitter_card":"summary_large_image","twitter_misc":{"Tempo di lettura stimato":"1 minuto"},"schema":{"@context":"https:\/\/schema.org","@graph":[{"@type":"WebPage","@id":"https:\/\/repliquemangacine.fr\/epee-the-witcher\/epee-zireael-de-ciri-the-witcher-3-lame-decoupee\/","url":"https:\/\/repliquemangacine.fr\/epee-the-witcher\/epee-zireael-de-ciri-the-witcher-3-lame-decoupee\/","name":"Spada Ciri The Witcher3 - Vendita online Spada Zireael - RMC","isPartOf":{"@id":"https:\/\/repliquemangacine.fr\/#website"},"primaryImageOfPage":{"@id":"https:\/\/repliquemangacine.fr\/epee-the-witcher\/epee-zireael-de-ciri-the-witcher-3-lame-decoupee\/#primaryimage"},"image":{"@id":"https:\/\/repliquemangacine.fr\/epee-the-witcher\/epee-zireael-de-ciri-the-witcher-3-lame-decoupee\/#primaryimage"},"thumbnailUrl":"https:\/\/repliquemangacine.fr\/wp-content\/uploads\/2023\/10\/2930-Epee-Zireael-de-Ciri-The-Witcher-3-Lame-decoupee.jpg","datePublished":"2019-08-04T13:17:13+00:00","dateModified":"2026-03-25T14:57:21+00:00","description":"Regalatela! Questa superba spada Ciri The Witcher3 al miglior prezzo. Lama in acciaio inossidabile tagliata nella parte superiore della lama. Fodero in finta pelle rossa","breadcrumb":{"@id":"https:\/\/repliquemangacine.fr\/epee-the-witcher\/epee-zireael-de-ciri-the-witcher-3-lame-decoupee\/#breadcrumb"},"inLanguage":"it-IT","potentialAction":[{"@type":"ReadAction","target":["https:\/\/repliquemangacine.fr\/epee-the-witcher\/epee-zireael-de-ciri-the-witcher-3-lame-decoupee\/"]}]},{"@type":"ImageObject","inLanguage":"it-IT","@id":"https:\/\/repliquemangacine.fr\/epee-the-witcher\/epee-zireael-de-ciri-the-witcher-3-lame-decoupee\/#primaryimage","url":"https:\/\/repliquemangacine.fr\/wp-content\/uploads\/2023\/10\/2930-Epee-Zireael-de-Ciri-The-Witcher-3-Lame-decoupee.jpg","contentUrl":"https:\/\/repliquemangacine.fr\/wp-content\/uploads\/2023\/10\/2930-Epee-Zireael-de-Ciri-The-Witcher-3-Lame-decoupee.jpg","width":700,"height":700,"caption":"Ep\u00e9e Zireael de Ciri - The Witcher 3 - Lame d\u00e9coup\u00e9e"},{"@type":"BreadcrumbList","@id":"https:\/\/repliquemangacine.fr\/epee-the-witcher\/epee-zireael-de-ciri-the-witcher-3-lame-decoupee\/#breadcrumb","itemListElement":[{"@type":"ListItem","position":1,"name":"Accueil","item":"https:\/\/repliquemangacine.fr\/"},{"@type":"ListItem","position":2,"name":"Produits","item":"https:\/\/repliquemangacine.fr\/boutique\/"},{"@type":"ListItem","position":3,"name":"Ep\u00e9e Ciri The Witcher 3 &#8211; Lame d\u00e9coup\u00e9e"}]},{"@type":"WebSite","@id":"https:\/\/repliquemangacine.fr\/#website","url":"https:\/\/repliquemangacine.fr\/","name":"R\u00e9plique Manga Cin\u00e9","description":"","publisher":{"@id":"https:\/\/repliquemangacine.fr\/#organization"},"potentialAction":[{"@type":"SearchAction","target":{"@type":"EntryPoint","urlTemplate":"https:\/\/repliquemangacine.fr\/?s={search_term_string}"},"query-input":{"@type":"PropertyValueSpecification","valueRequired":true,"valueName":"search_term_string"}}],"inLanguage":"it-IT"},{"@type":"Organization","@id":"https:\/\/repliquemangacine.fr\/#organization","name":"R\u00e9plique Manga Cin\u00e9","url":"https:\/\/repliquemangacine.fr\/","logo":{"@type":"ImageObject","inLanguage":"it-IT","@id":"https:\/\/repliquemangacine.fr\/#\/schema\/logo\/image\/","url":"https:\/\/repliquemangacine.fr\/wp-content\/uploads\/2023\/10\/RMC-500250.png","contentUrl":"https:\/\/repliquemangacine.fr\/wp-content\/uploads\/2023\/10\/RMC-500250.png","width":500,"height":250,"caption":"R\u00e9plique Manga Cin\u00e9"},"image":{"@id":"https:\/\/repliquemangacine.fr\/#\/schema\/logo\/image\/"},"sameAs":["https:\/\/www.facebook.com\/RepliqueMangaCine","https:\/\/www.instagram.com\/repliquemangacine.fr\/"]}]}},"_links":{"self":[{"href":"https:\/\/repliquemangacine.fr\/it\/wp-json\/wp\/v2\/product\/28226","targetHints":{"allow":["GET"]}}],"collection":[{"href":"https:\/\/repliquemangacine.fr\/it\/wp-json\/wp\/v2\/product"}],"about":[{"href":"https:\/\/repliquemangacine.fr\/it\/wp-json\/wp\/v2\/types\/product"}],"wp:featuredmedia":[{"embeddable":true,"href":"https:\/\/repliquemangacine.fr\/it\/wp-json\/wp\/v2\/media\/28227"}],"wp:attachment":[{"href":"https:\/\/repliquemangacine.fr\/it\/wp-json\/wp\/v2\/media?parent=28226"}],"wp:term":[{"taxonomy":"product_brand","embeddable":true,"href":"https:\/\/repliquemangacine.fr\/it\/wp-json\/wp\/v2\/product_brand?post=28226"},{"taxonomy":"product_cat","embeddable":true,"href":"https:\/\/repliquemangacine.fr\/it\/wp-json\/wp\/v2\/product_cat?post=28226"},{"taxonomy":"product_tag","embeddable":true,"href":"https:\/\/repliquemangacine.fr\/it\/wp-json\/wp\/v2\/product_tag?post=28226"}],"curies":[{"name":"wp","href":"https:\/\/api.w.org\/{rel}","templated":true}]}}