





{"id":28217,"date":"2019-07-19T19:49:39","date_gmt":"2019-07-19T17:49:39","guid":{"rendered":"https:\/\/repliquemangacine.fr\/?post_type=product&#038;p=28217"},"modified":"2025-09-23T18:02:09","modified_gmt":"2025-09-23T16:02:09","slug":"maschera-di-dali-casa-de-papel","status":"publish","type":"product","link":"https:\/\/repliquemangacine.fr\/it\/katana-les-epees-de-films-et-series\/masque-dali-casa-de-papel\/","title":{"rendered":"Dal\u00ed maschera casa di carta"},"content":{"rendered":"<h2>Replica della maschera di Dal\u00ec Casa de Papel.<\/h2>\n<p>Per cominciare, la maschera Casa de Papel Dali si ispira alla serie televisiva spagnola trasmessa su Netflix.<\/p>\n<p>La storia di un uomo misterioso, soprannominato il Professore, che progetta la pi\u00f9 grande rapina mai realizzata. Per portare a termine il suo piano, recluta otto tra i migliori criminali della Spagna che non hanno nulla da perdere.<\/p>\n<p>Il professore chiede anche ai membri della banda di scegliere uno pseudonimo basato sui nomi delle citt\u00e0. Ci sono Tokyo, Rio, Berlino, Denver, Nairobi, Oslo, Helsinki e Mosca.<\/p>\n<p>L'obiettivo \u00e8 infiltrarsi nella zecca nazionale per stampare 2,4 miliardi di euro, in tagli piccoli da 50 euro, in meno di undici giorni, senza fare vittime.<\/p>\n<h2>La vostra maschera Casa de Papal Dali al miglior prezzo.<\/h2>\n<p>Offriamo un'ampia gamma di riproduzioni di oggetti da collezione di serie televisive.<\/p>\n<p>Innanzitutto,<\/p>\n<ul>\n<li>La replica del<a href=\"https:\/\/repliquemangacine.fr\/it\/altri-film-e-serie\/arcangelo-lama-soprannaturale\/\">Lama dell'Arcangelo<\/a> della serie Supernatural.<\/li>\n<li>C'\u00e8 anche il <a href=\"https:\/\/repliquemangacine.fr\/it\/altri-film\/predatore-olandese-machete\/\">pugnale machete<\/a> di Dutch in Predator.<\/li>\n<li>Cos\u00ec come il <a href=\"https:\/\/repliquemangacine.fr\/it\/supereroi\/il-bastone-della-squadra-suicida-del-joker\/\">asta per jocker<\/a> in Suicide Squad su licenza ufficiale <a href=\"https:\/\/noblecollection.fr\/\" target=\"_blank\" rel=\"noopener noreferrer\">collezione nobile<\/a>.<\/li>\n<li>E molti altri da scoprire nel nostro negozio online!<\/li>\n<\/ul>\n<p>Ecco perch\u00e9 questa \u00e8 un'ottima idea regalo per tutti gli appassionati di serie TV.<\/p>\n<p>In conclusione, potete utilizzare la maschera Casa de Papel Dali per le vostre sfilate di Cosplay o per le vostre serate a tema. Ma soprattutto, questa maschera \u00e8 un oggetto da collezione e un oggetto decorativo.<\/p>\n<h2>Come vengono realizzati i costumi?<\/h2>\n<p>Per cominciare, tutti i nostri prodotti derivati sono di altissima qualit\u00e0, realizzati con una meticolosa attenzione ai dettagli. Alcuni di essi sono realizzati a mano, per riprodurre i minimi dettagli. Le parti pi\u00f9 importanti sono lavorate con macchine molto precise. Le incisioni sono generalmente realizzate con una punta di diamante o con il laser.<\/p>\n<p>Il tuo <strong>Maschera Casa de Papel Dali<\/strong> \u00e8 stato realizzato per riprodurre esattamente ogni dettaglio. Realizzato interamente in resina stampata di 2 mm di spessore e dipinto a mano. Cinghia regolabile tenuta in posizione da due rivetti.<\/p>\n<p>In conclusione, importate dalla Cina, dalla Spagna o dall'India, le nostre repliche vi stupiranno!<\/p>\n<p>R\u00e9plique Manga Cin\u00e9 \u00e8 un'azienda familiare francese.<\/p>\n<p>Buona visita.<\/p>","protected":false},"excerpt":{"rendered":"<p>Maschera di Dal\u00ec dei famosi rapinatori di banche spagnoli in \"La casa de papel\".<\/p>\n<ul>\n<li>Realizzato interamente in resina di 2 mm di spessore.<\/li>\n<li>Pu\u00f2 essere indossato.<\/li>\n<li>Cinghia regolabile tenuta in posizione da due rivetti.<\/li>\n<li>Peso : 265 grammi - Altezza : 25.5 cm - Larghezza : 15.5 cm<\/li>\n<\/ul>","protected":false},"featured_media":28218,"template":"","meta":[],"product_brand":[896],"product_cat":[91,66,24],"product_tag":[],"class_list":{"0":"post-28217","1":"product","2":"type-product","3":"status-publish","4":"has-post-thumbnail","6":"product_brand-replique-manga-cine","7":"product_cat-katana-les-epees-de-films-et-series","8":"product_cat-repliques-d-armes-films-et-series","9":"product_cat-films-series-tv-vente-de-katana-epee-et-produits-derives","11":"first","12":"instock","13":"taxable","14":"shipping-taxable","15":"purchasable","16":"product-type-simple"},"yoast_head":"<!-- This site is optimized with the Yoast SEO plugin v27.4 - https:\/\/yoast.com\/product\/yoast-seo-wordpress\/ -->\n<title>Masque dali casa de papel en r\u00e9sine - R\u00e9plique Manga Cin\u00e9<\/title>\n<meta name=\"description\" content=\"Superbe r\u00e9plique tout en r\u00e9sine du Masque Dali Casa de Papel. Tr\u00e8s belle finition, peux se porter pour jouer le r\u00f4le d&#039;un de vos braqueurs pr\u00e9f\u00e9r\u00e9s.\" \/>\n<meta name=\"robots\" content=\"index, follow, max-snippet:-1, max-image-preview:large, max-video-preview:-1\" \/>\n<link rel=\"canonical\" href=\"https:\/\/repliquemangacine.fr\/it\/spade-katana-da-film-e-serie\/maschera-di-dali-casa-de-papel\/\" \/>\n<meta property=\"og:locale\" content=\"it_IT\" \/>\n<meta property=\"og:type\" content=\"article\" \/>\n<meta property=\"og:title\" content=\"Masque dali casa de papel en r\u00e9sine - R\u00e9plique Manga Cin\u00e9\" \/>\n<meta property=\"og:description\" content=\"Superbe r\u00e9plique tout en r\u00e9sine du Masque Dali Casa de Papel. Tr\u00e8s belle finition, peux se porter pour jouer le r\u00f4le d&#039;un de vos braqueurs pr\u00e9f\u00e9r\u00e9s.\" \/>\n<meta property=\"og:url\" content=\"https:\/\/repliquemangacine.fr\/it\/spade-katana-da-film-e-serie\/maschera-di-dali-casa-de-papel\/\" \/>\n<meta property=\"og:site_name\" content=\"R\u00e9plique Manga Cin\u00e9\" \/>\n<meta property=\"article:publisher\" content=\"https:\/\/www.facebook.com\/RepliqueMangaCine\" \/>\n<meta property=\"article:modified_time\" content=\"2025-09-23T16:02:09+00:00\" \/>\n<meta property=\"og:image\" content=\"https:\/\/repliquemangacine.fr\/wp-content\/uploads\/2023\/10\/2927-Masque-dali-casa-de-papel.jpg\" \/>\n\t<meta property=\"og:image:width\" content=\"600\" \/>\n\t<meta property=\"og:image:height\" content=\"600\" \/>\n\t<meta property=\"og:image:type\" content=\"image\/jpeg\" \/>\n<meta name=\"twitter:card\" content=\"summary_large_image\" \/>\n<meta name=\"twitter:label1\" content=\"Tempo di lettura stimato\" \/>\n\t<meta name=\"twitter:data1\" content=\"2 minuti\" \/>\n<script type=\"application\/ld+json\" class=\"yoast-schema-graph\">{\"@context\":\"https:\\\/\\\/schema.org\",\"@graph\":[{\"@type\":\"WebPage\",\"@id\":\"https:\\\/\\\/repliquemangacine.fr\\\/en\\\/katana-swords-from-films-and-series\\\/dali-casa-de-papel-mask\\\/\",\"url\":\"https:\\\/\\\/repliquemangacine.fr\\\/en\\\/katana-swords-from-films-and-series\\\/dali-casa-de-papel-mask\\\/\",\"name\":\"Masque dali casa de papel en r\u00e9sine - R\u00e9plique Manga Cin\u00e9\",\"isPartOf\":{\"@id\":\"https:\\\/\\\/repliquemangacine.fr\\\/#website\"},\"primaryImageOfPage\":{\"@id\":\"https:\\\/\\\/repliquemangacine.fr\\\/en\\\/katana-swords-from-films-and-series\\\/dali-casa-de-papel-mask\\\/#primaryimage\"},\"image\":{\"@id\":\"https:\\\/\\\/repliquemangacine.fr\\\/en\\\/katana-swords-from-films-and-series\\\/dali-casa-de-papel-mask\\\/#primaryimage\"},\"thumbnailUrl\":\"https:\\\/\\\/repliquemangacine.fr\\\/wp-content\\\/uploads\\\/2023\\\/10\\\/2927-Masque-dali-casa-de-papel.jpg\",\"datePublished\":\"2019-07-19T17:49:39+00:00\",\"dateModified\":\"2025-09-23T16:02:09+00:00\",\"description\":\"Superbe r\u00e9plique tout en r\u00e9sine du Masque Dali Casa de Papel. Tr\u00e8s belle finition, peux se porter pour jouer le r\u00f4le d'un de vos braqueurs pr\u00e9f\u00e9r\u00e9s.\",\"breadcrumb\":{\"@id\":\"https:\\\/\\\/repliquemangacine.fr\\\/en\\\/katana-swords-from-films-and-series\\\/dali-casa-de-papel-mask\\\/#breadcrumb\"},\"inLanguage\":\"it-IT\",\"potentialAction\":[{\"@type\":\"ReadAction\",\"target\":[\"https:\\\/\\\/repliquemangacine.fr\\\/en\\\/katana-swords-from-films-and-series\\\/dali-casa-de-papel-mask\\\/\"]}]},{\"@type\":\"ImageObject\",\"inLanguage\":\"it-IT\",\"@id\":\"https:\\\/\\\/repliquemangacine.fr\\\/en\\\/katana-swords-from-films-and-series\\\/dali-casa-de-papel-mask\\\/#primaryimage\",\"url\":\"https:\\\/\\\/repliquemangacine.fr\\\/wp-content\\\/uploads\\\/2023\\\/10\\\/2927-Masque-dali-casa-de-papel.jpg\",\"contentUrl\":\"https:\\\/\\\/repliquemangacine.fr\\\/wp-content\\\/uploads\\\/2023\\\/10\\\/2927-Masque-dali-casa-de-papel.jpg\",\"width\":600,\"height\":600,\"caption\":\"Masque dali casa de papel\"},{\"@type\":\"BreadcrumbList\",\"@id\":\"https:\\\/\\\/repliquemangacine.fr\\\/en\\\/katana-swords-from-films-and-series\\\/dali-casa-de-papel-mask\\\/#breadcrumb\",\"itemListElement\":[{\"@type\":\"ListItem\",\"position\":1,\"name\":\"Accueil\",\"item\":\"https:\\\/\\\/repliquemangacine.fr\\\/\"},{\"@type\":\"ListItem\",\"position\":2,\"name\":\"Produits\",\"item\":\"https:\\\/\\\/repliquemangacine.fr\\\/boutique\\\/\"},{\"@type\":\"ListItem\",\"position\":3,\"name\":\"Masque dali casa de papel\"}]},{\"@type\":\"WebSite\",\"@id\":\"https:\\\/\\\/repliquemangacine.fr\\\/#website\",\"url\":\"https:\\\/\\\/repliquemangacine.fr\\\/\",\"name\":\"R\u00e9plique Manga Cin\u00e9\",\"description\":\"\",\"publisher\":{\"@id\":\"https:\\\/\\\/repliquemangacine.fr\\\/#organization\"},\"potentialAction\":[{\"@type\":\"SearchAction\",\"target\":{\"@type\":\"EntryPoint\",\"urlTemplate\":\"https:\\\/\\\/repliquemangacine.fr\\\/?s={search_term_string}\"},\"query-input\":{\"@type\":\"PropertyValueSpecification\",\"valueRequired\":true,\"valueName\":\"search_term_string\"}}],\"inLanguage\":\"it-IT\"},{\"@type\":\"Organization\",\"@id\":\"https:\\\/\\\/repliquemangacine.fr\\\/#organization\",\"name\":\"R\u00e9plique Manga Cin\u00e9\",\"url\":\"https:\\\/\\\/repliquemangacine.fr\\\/\",\"logo\":{\"@type\":\"ImageObject\",\"inLanguage\":\"it-IT\",\"@id\":\"https:\\\/\\\/repliquemangacine.fr\\\/#\\\/schema\\\/logo\\\/image\\\/\",\"url\":\"https:\\\/\\\/repliquemangacine.fr\\\/wp-content\\\/uploads\\\/2023\\\/10\\\/RMC-500250.png\",\"contentUrl\":\"https:\\\/\\\/repliquemangacine.fr\\\/wp-content\\\/uploads\\\/2023\\\/10\\\/RMC-500250.png\",\"width\":500,\"height\":250,\"caption\":\"R\u00e9plique Manga Cin\u00e9\"},\"image\":{\"@id\":\"https:\\\/\\\/repliquemangacine.fr\\\/#\\\/schema\\\/logo\\\/image\\\/\"},\"sameAs\":[\"https:\\\/\\\/www.facebook.com\\\/RepliqueMangaCine\",\"https:\\\/\\\/www.instagram.com\\\/repliquemangacine.fr\\\/\"]}]}<\/script>\n<!-- \/ Yoast SEO plugin. -->","yoast_head_json":{"title":"Maschera Dal\u00ed casa de papel in resina - R\u00e9plique Manga Cin\u00e9","description":"Splendida replica in resina della maschera di Dal\u00ec Casa de Papel. Splendidamente rifinita, pu\u00f2 essere indossata per interpretare il ruolo di uno dei vostri rapinatori di banca preferiti.","robots":{"index":"index","follow":"follow","max-snippet":"max-snippet:-1","max-image-preview":"max-image-preview:large","max-video-preview":"max-video-preview:-1"},"canonical":"https:\/\/repliquemangacine.fr\/it\/spade-katana-da-film-e-serie\/maschera-di-dali-casa-de-papel\/","og_locale":"it_IT","og_type":"article","og_title":"Masque dali casa de papel en r\u00e9sine - R\u00e9plique Manga Cin\u00e9","og_description":"Superbe r\u00e9plique tout en r\u00e9sine du Masque Dali Casa de Papel. Tr\u00e8s belle finition, peux se porter pour jouer le r\u00f4le d'un de vos braqueurs pr\u00e9f\u00e9r\u00e9s.","og_url":"https:\/\/repliquemangacine.fr\/it\/spade-katana-da-film-e-serie\/maschera-di-dali-casa-de-papel\/","og_site_name":"R\u00e9plique Manga Cin\u00e9","article_publisher":"https:\/\/www.facebook.com\/RepliqueMangaCine","article_modified_time":"2025-09-23T16:02:09+00:00","og_image":[{"width":600,"height":600,"url":"https:\/\/repliquemangacine.fr\/wp-content\/uploads\/2023\/10\/2927-Masque-dali-casa-de-papel.jpg","type":"image\/jpeg"}],"twitter_card":"summary_large_image","twitter_misc":{"Tempo di lettura stimato":"2 minuti"},"schema":{"@context":"https:\/\/schema.org","@graph":[{"@type":"WebPage","@id":"https:\/\/repliquemangacine.fr\/en\/katana-swords-from-films-and-series\/dali-casa-de-papel-mask\/","url":"https:\/\/repliquemangacine.fr\/en\/katana-swords-from-films-and-series\/dali-casa-de-papel-mask\/","name":"Maschera Dal\u00ed casa de papel in resina - R\u00e9plique Manga Cin\u00e9","isPartOf":{"@id":"https:\/\/repliquemangacine.fr\/#website"},"primaryImageOfPage":{"@id":"https:\/\/repliquemangacine.fr\/en\/katana-swords-from-films-and-series\/dali-casa-de-papel-mask\/#primaryimage"},"image":{"@id":"https:\/\/repliquemangacine.fr\/en\/katana-swords-from-films-and-series\/dali-casa-de-papel-mask\/#primaryimage"},"thumbnailUrl":"https:\/\/repliquemangacine.fr\/wp-content\/uploads\/2023\/10\/2927-Masque-dali-casa-de-papel.jpg","datePublished":"2019-07-19T17:49:39+00:00","dateModified":"2025-09-23T16:02:09+00:00","description":"Splendida replica in resina della maschera di Dal\u00ec Casa de Papel. Splendidamente rifinita, pu\u00f2 essere indossata per interpretare il ruolo di uno dei vostri rapinatori di banca preferiti.","breadcrumb":{"@id":"https:\/\/repliquemangacine.fr\/en\/katana-swords-from-films-and-series\/dali-casa-de-papel-mask\/#breadcrumb"},"inLanguage":"it-IT","potentialAction":[{"@type":"ReadAction","target":["https:\/\/repliquemangacine.fr\/en\/katana-swords-from-films-and-series\/dali-casa-de-papel-mask\/"]}]},{"@type":"ImageObject","inLanguage":"it-IT","@id":"https:\/\/repliquemangacine.fr\/en\/katana-swords-from-films-and-series\/dali-casa-de-papel-mask\/#primaryimage","url":"https:\/\/repliquemangacine.fr\/wp-content\/uploads\/2023\/10\/2927-Masque-dali-casa-de-papel.jpg","contentUrl":"https:\/\/repliquemangacine.fr\/wp-content\/uploads\/2023\/10\/2927-Masque-dali-casa-de-papel.jpg","width":600,"height":600,"caption":"Masque dali casa de papel"},{"@type":"BreadcrumbList","@id":"https:\/\/repliquemangacine.fr\/en\/katana-swords-from-films-and-series\/dali-casa-de-papel-mask\/#breadcrumb","itemListElement":[{"@type":"ListItem","position":1,"name":"Accueil","item":"https:\/\/repliquemangacine.fr\/"},{"@type":"ListItem","position":2,"name":"Produits","item":"https:\/\/repliquemangacine.fr\/boutique\/"},{"@type":"ListItem","position":3,"name":"Masque dali casa de papel"}]},{"@type":"WebSite","@id":"https:\/\/repliquemangacine.fr\/#website","url":"https:\/\/repliquemangacine.fr\/","name":"R\u00e9plique Manga Cin\u00e9","description":"","publisher":{"@id":"https:\/\/repliquemangacine.fr\/#organization"},"potentialAction":[{"@type":"SearchAction","target":{"@type":"EntryPoint","urlTemplate":"https:\/\/repliquemangacine.fr\/?s={search_term_string}"},"query-input":{"@type":"PropertyValueSpecification","valueRequired":true,"valueName":"search_term_string"}}],"inLanguage":"it-IT"},{"@type":"Organization","@id":"https:\/\/repliquemangacine.fr\/#organization","name":"R\u00e9plique Manga Cin\u00e9","url":"https:\/\/repliquemangacine.fr\/","logo":{"@type":"ImageObject","inLanguage":"it-IT","@id":"https:\/\/repliquemangacine.fr\/#\/schema\/logo\/image\/","url":"https:\/\/repliquemangacine.fr\/wp-content\/uploads\/2023\/10\/RMC-500250.png","contentUrl":"https:\/\/repliquemangacine.fr\/wp-content\/uploads\/2023\/10\/RMC-500250.png","width":500,"height":250,"caption":"R\u00e9plique Manga Cin\u00e9"},"image":{"@id":"https:\/\/repliquemangacine.fr\/#\/schema\/logo\/image\/"},"sameAs":["https:\/\/www.facebook.com\/RepliqueMangaCine","https:\/\/www.instagram.com\/repliquemangacine.fr\/"]}]}},"_links":{"self":[{"href":"https:\/\/repliquemangacine.fr\/it\/wp-json\/wp\/v2\/product\/28217","targetHints":{"allow":["GET"]}}],"collection":[{"href":"https:\/\/repliquemangacine.fr\/it\/wp-json\/wp\/v2\/product"}],"about":[{"href":"https:\/\/repliquemangacine.fr\/it\/wp-json\/wp\/v2\/types\/product"}],"wp:featuredmedia":[{"embeddable":true,"href":"https:\/\/repliquemangacine.fr\/it\/wp-json\/wp\/v2\/media\/28218"}],"wp:attachment":[{"href":"https:\/\/repliquemangacine.fr\/it\/wp-json\/wp\/v2\/media?parent=28217"}],"wp:term":[{"taxonomy":"product_brand","embeddable":true,"href":"https:\/\/repliquemangacine.fr\/it\/wp-json\/wp\/v2\/product_brand?post=28217"},{"taxonomy":"product_cat","embeddable":true,"href":"https:\/\/repliquemangacine.fr\/it\/wp-json\/wp\/v2\/product_cat?post=28217"},{"taxonomy":"product_tag","embeddable":true,"href":"https:\/\/repliquemangacine.fr\/it\/wp-json\/wp\/v2\/product_tag?post=28217"}],"curies":[{"name":"wp","href":"https:\/\/api.w.org\/{rel}","templated":true}]}}