





{"id":28199,"date":"2019-06-01T17:48:18","date_gmt":"2019-06-01T15:48:18","guid":{"rendered":"https:\/\/repliquemangacine.fr\/?post_type=product&#038;p=28199"},"modified":"2025-11-08T08:36:15","modified_gmt":"2025-11-08T07:36:15","slug":"scudo-nero-castile-e-leon","status":"publish","type":"product","link":"https:\/\/repliquemangacine.fr\/it\/boucliers-et-armures\/bouclier-noir-castille-et-leon\/","title":{"rendered":"Scudo nero di Castiglia e Leon"},"content":{"rendered":"<h2>Scudo di Castiglia e Leon in metallo.<\/h2>\n<p>Per cominciare, il <strong>Scudo di Castiglia e Le\u00f3n<\/strong>, Lo scudo \u00e8 stato parte integrante dell'equipaggiamento di un combattente nel corso della storia. Lo scudo \u00e8 la pi\u00f9 antica arma di difesa, progettata per respingere un attacco. Nel Medioevo gli scudi, detti scudieri, portavano lo stemma del signore a cui appartenevano i cavalieri.<\/p>\n<p>La regione di Castilla y Le\u00f3n \u00e8 una comunit\u00e0 autonoma della Spagna situata nel nord-ovest del Paese. La Corona di Castiglia comprendeva i territori che erano sotto l'autorit\u00e0 dei Re di Castiglia nel Medioevo.<\/p>\n<p>Ferdinando I di Castiglia fu il primo a riunire sotto la sua autorit\u00e0 i regni di Castiglia e Le\u00f3n, nel 1037. Dopo le divisioni dinastiche, la Corona di Castiglia fu riformata nel 1230 sotto il regno di Ferdinando III di Castiglia.<\/p>\n<h2>Il vostro scudo Castilla y Le\u00f3n al miglior prezzo.<\/h2>\n<p>Offriamo un'ampia gamma di repliche di epoca medievale.<\/p>\n<p>Innanzitutto,<\/p>\n<ul>\n<li>Il superbo <a href=\"https:\/\/repliquemangacine.fr\/it\/spada-medievale\/spada-dei-cavalieri-templari\/\">Spada dei Cavalieri Templari<\/a> con la sua croce patt\u00e9e sul pomo.<\/li>\n<li>C'\u00e8 anche la leggendaria e magica spada di Re Art\u00f9, la Excalibur, firmata <a href=\"https:\/\/www.denix.fr\/\" target=\"_blank\" rel=\"noopener noreferrer\">Denix<\/a>.<\/li>\n<li>Cos\u00ec come il <a href=\"https:\/\/repliquemangacine.fr\/it\/riproduzioni-medievali\/elmo-dei-cavalieri-templari\/\">elmi dei cavalieri<\/a> Templari.<\/li>\n<li>E molti altri da scoprire nel nostro negozio online!<\/li>\n<\/ul>\n<p>Ecco quindi alcune ottime idee regalo per gli amanti della storia.<\/p>\n<p>In conclusione, \u00e8 possibile utilizzare anche il metodo <strong>Scudo di Castiglia e Le\u00f3n<\/strong> nero per le vostre rappresentazioni storiche o per la vostra decorazione d'interni. Ma soprattutto, questo scudo \u00e8 un oggetto da collezione e un pezzo decorativo.<\/p>\n<p>R\u00e9plique Manga Cin\u00e9 \u00e8 un'azienda familiare francese.<\/p>\n<h2>Come vengono realizzati i vostri oggetti da collezione?<\/h2>\n<p>Per cominciare, tutti i nostri prodotti derivati sono di altissima qualit\u00e0, realizzati con una meticolosa attenzione ai dettagli. Alcuni di essi sono realizzati a mano, per riprodurre i minimi dettagli. Le parti pi\u00f9 importanti sono lavorate con macchine molto precise. Le incisioni sono generalmente realizzate con una punta di diamante o con il laser.<\/p>\n<p>Il tuo <strong>Scudo di Castiglia e Le\u00f3n<\/strong> fabbricati per riprodurre esattamente ogni dettaglio. Per eguagliare l'eredit\u00e0 dei capolavori originali. L'accento \u00e8 posto sulla creazione di repliche di alta qualit\u00e0 che siano il pi\u00f9 possibile storicamente accurate.<\/p>\n<p>In conclusione, importate dalla Cina, dalla Spagna o dall'India, le nostre repliche vi stupiranno!<\/p>\n<p>R\u00e9plique Manga Cin\u00e9 \u00e8 un'azienda familiare francese.<\/p>","protected":false},"excerpt":{"rendered":"<p>Superba replica dello scudo di Castiglia e Le\u00f3n.<\/p>\n<ul>\n<li>Realizzato interamente in acciaio laccato nero con finiture dorate.<\/li>\n<li>Impreziosito dallo stemma della regione Castilla y Le\u00f3n in oro e rivettato.<\/li>\n<li>Maniglia e catena per il montaggio a parete.<\/li>\n<li>Dimensioni: 64 X 46 cm<\/li>\n<\/ul>","protected":false},"featured_media":28200,"template":"","meta":[],"product_brand":[896],"product_cat":[25,75,43],"product_tag":[],"class_list":{"0":"post-28199","1":"product","2":"type-product","3":"status-publish","4":"has-post-thumbnail","6":"product_brand-replique-manga-cine","7":"product_cat-armes-historiques","8":"product_cat-boucliers-et-armures","9":"product_cat-reproductions-d-armes-et-accessoires-medievales","11":"first","12":"instock","13":"taxable","14":"shipping-taxable","15":"purchasable","16":"product-type-simple"},"yoast_head":"<!-- This site is optimized with the Yoast SEO plugin v27.4 - https:\/\/yoast.com\/product\/yoast-seo-wordpress\/ -->\n<title>Bouclier Castille-et-L\u00e9on noir - Vente Accessoire M\u00e9di\u00e9vale | RMC<\/title>\n<meta name=\"description\" content=\"D\u00e9couvrez ce Bouclier Castille-et-L\u00e9on au meilleur prix - Enti\u00e8rement en acier laqu\u00e9 noir - Bordure dor\u00e9 rivet\u00e9 et blason - Dimensions : 64 X 46 cm\" \/>\n<meta name=\"robots\" content=\"index, follow, max-snippet:-1, max-image-preview:large, max-video-preview:-1\" \/>\n<link rel=\"canonical\" href=\"https:\/\/repliquemangacine.fr\/it\/scudi-e-armature\/scudo-nero-castile-e-leon\/\" \/>\n<meta property=\"og:locale\" content=\"it_IT\" \/>\n<meta property=\"og:type\" content=\"article\" \/>\n<meta property=\"og:title\" content=\"Bouclier Castille-et-L\u00e9on noir - Vente Accessoire M\u00e9di\u00e9vale | RMC\" \/>\n<meta property=\"og:description\" content=\"D\u00e9couvrez ce Bouclier Castille-et-L\u00e9on au meilleur prix - Enti\u00e8rement en acier laqu\u00e9 noir - Bordure dor\u00e9 rivet\u00e9 et blason - Dimensions : 64 X 46 cm\" \/>\n<meta property=\"og:url\" content=\"https:\/\/repliquemangacine.fr\/it\/scudi-e-armature\/scudo-nero-castile-e-leon\/\" \/>\n<meta property=\"og:site_name\" content=\"R\u00e9plique Manga Cin\u00e9\" \/>\n<meta property=\"article:publisher\" content=\"https:\/\/www.facebook.com\/RepliqueMangaCine\" \/>\n<meta property=\"article:modified_time\" content=\"2025-11-08T07:36:15+00:00\" \/>\n<meta property=\"og:image\" content=\"https:\/\/repliquemangacine.fr\/wp-content\/uploads\/2023\/10\/2907-Bouclier-noir-Castille-et-Leon.jpg\" \/>\n\t<meta property=\"og:image:width\" content=\"800\" \/>\n\t<meta property=\"og:image:height\" content=\"800\" \/>\n\t<meta property=\"og:image:type\" content=\"image\/jpeg\" \/>\n<meta name=\"twitter:card\" content=\"summary_large_image\" \/>\n<meta name=\"twitter:label1\" content=\"Tempo di lettura stimato\" \/>\n\t<meta name=\"twitter:data1\" content=\"2 minuti\" \/>\n<script type=\"application\/ld+json\" class=\"yoast-schema-graph\">{\"@context\":\"https:\\\/\\\/schema.org\",\"@graph\":[{\"@type\":\"WebPage\",\"@id\":\"https:\\\/\\\/repliquemangacine.fr\\\/en\\\/shields-and-armor\\\/black-shield-castile-and-leon\\\/\",\"url\":\"https:\\\/\\\/repliquemangacine.fr\\\/en\\\/shields-and-armor\\\/black-shield-castile-and-leon\\\/\",\"name\":\"Bouclier Castille-et-L\u00e9on noir - Vente Accessoire M\u00e9di\u00e9vale | RMC\",\"isPartOf\":{\"@id\":\"https:\\\/\\\/repliquemangacine.fr\\\/#website\"},\"primaryImageOfPage\":{\"@id\":\"https:\\\/\\\/repliquemangacine.fr\\\/en\\\/shields-and-armor\\\/black-shield-castile-and-leon\\\/#primaryimage\"},\"image\":{\"@id\":\"https:\\\/\\\/repliquemangacine.fr\\\/en\\\/shields-and-armor\\\/black-shield-castile-and-leon\\\/#primaryimage\"},\"thumbnailUrl\":\"https:\\\/\\\/repliquemangacine.fr\\\/wp-content\\\/uploads\\\/2023\\\/10\\\/2907-Bouclier-noir-Castille-et-Leon.jpg\",\"datePublished\":\"2019-06-01T15:48:18+00:00\",\"dateModified\":\"2025-11-08T07:36:15+00:00\",\"description\":\"D\u00e9couvrez ce Bouclier Castille-et-L\u00e9on au meilleur prix - Enti\u00e8rement en acier laqu\u00e9 noir - Bordure dor\u00e9 rivet\u00e9 et blason - Dimensions : 64 X 46 cm\",\"breadcrumb\":{\"@id\":\"https:\\\/\\\/repliquemangacine.fr\\\/en\\\/shields-and-armor\\\/black-shield-castile-and-leon\\\/#breadcrumb\"},\"inLanguage\":\"it-IT\",\"potentialAction\":[{\"@type\":\"ReadAction\",\"target\":[\"https:\\\/\\\/repliquemangacine.fr\\\/en\\\/shields-and-armor\\\/black-shield-castile-and-leon\\\/\"]}]},{\"@type\":\"ImageObject\",\"inLanguage\":\"it-IT\",\"@id\":\"https:\\\/\\\/repliquemangacine.fr\\\/en\\\/shields-and-armor\\\/black-shield-castile-and-leon\\\/#primaryimage\",\"url\":\"https:\\\/\\\/repliquemangacine.fr\\\/wp-content\\\/uploads\\\/2023\\\/10\\\/2907-Bouclier-noir-Castille-et-Leon.jpg\",\"contentUrl\":\"https:\\\/\\\/repliquemangacine.fr\\\/wp-content\\\/uploads\\\/2023\\\/10\\\/2907-Bouclier-noir-Castille-et-Leon.jpg\",\"width\":800,\"height\":800,\"caption\":\"Bouclier noir Castille et L\u00e9on\"},{\"@type\":\"BreadcrumbList\",\"@id\":\"https:\\\/\\\/repliquemangacine.fr\\\/en\\\/shields-and-armor\\\/black-shield-castile-and-leon\\\/#breadcrumb\",\"itemListElement\":[{\"@type\":\"ListItem\",\"position\":1,\"name\":\"Accueil\",\"item\":\"https:\\\/\\\/repliquemangacine.fr\\\/\"},{\"@type\":\"ListItem\",\"position\":2,\"name\":\"Produits\",\"item\":\"https:\\\/\\\/repliquemangacine.fr\\\/boutique\\\/\"},{\"@type\":\"ListItem\",\"position\":3,\"name\":\"Bouclier Castille-et-L\u00e9on noir\"}]},{\"@type\":\"WebSite\",\"@id\":\"https:\\\/\\\/repliquemangacine.fr\\\/#website\",\"url\":\"https:\\\/\\\/repliquemangacine.fr\\\/\",\"name\":\"R\u00e9plique Manga Cin\u00e9\",\"description\":\"\",\"publisher\":{\"@id\":\"https:\\\/\\\/repliquemangacine.fr\\\/#organization\"},\"potentialAction\":[{\"@type\":\"SearchAction\",\"target\":{\"@type\":\"EntryPoint\",\"urlTemplate\":\"https:\\\/\\\/repliquemangacine.fr\\\/?s={search_term_string}\"},\"query-input\":{\"@type\":\"PropertyValueSpecification\",\"valueRequired\":true,\"valueName\":\"search_term_string\"}}],\"inLanguage\":\"it-IT\"},{\"@type\":\"Organization\",\"@id\":\"https:\\\/\\\/repliquemangacine.fr\\\/#organization\",\"name\":\"R\u00e9plique Manga Cin\u00e9\",\"url\":\"https:\\\/\\\/repliquemangacine.fr\\\/\",\"logo\":{\"@type\":\"ImageObject\",\"inLanguage\":\"it-IT\",\"@id\":\"https:\\\/\\\/repliquemangacine.fr\\\/#\\\/schema\\\/logo\\\/image\\\/\",\"url\":\"https:\\\/\\\/repliquemangacine.fr\\\/wp-content\\\/uploads\\\/2023\\\/10\\\/RMC-500250.png\",\"contentUrl\":\"https:\\\/\\\/repliquemangacine.fr\\\/wp-content\\\/uploads\\\/2023\\\/10\\\/RMC-500250.png\",\"width\":500,\"height\":250,\"caption\":\"R\u00e9plique Manga Cin\u00e9\"},\"image\":{\"@id\":\"https:\\\/\\\/repliquemangacine.fr\\\/#\\\/schema\\\/logo\\\/image\\\/\"},\"sameAs\":[\"https:\\\/\\\/www.facebook.com\\\/RepliqueMangaCine\",\"https:\\\/\\\/www.instagram.com\\\/repliquemangacine.fr\\\/\"]}]}<\/script>\n<!-- \/ Yoast SEO plugin. -->","yoast_head_json":{"title":"Bouclier Castille-et-L\u00e9on noir - Vendita accessori medievali | RMC","description":"Scopri di pi\u00f9 su questo scudo di Castiglia e Le\u00f3n al miglior prezzo - Interamente in acciaio laccato nero - Bordo e stemma rivettati in oro - Dimensioni: 64 X 46 cm","robots":{"index":"index","follow":"follow","max-snippet":"max-snippet:-1","max-image-preview":"max-image-preview:large","max-video-preview":"max-video-preview:-1"},"canonical":"https:\/\/repliquemangacine.fr\/it\/scudi-e-armature\/scudo-nero-castile-e-leon\/","og_locale":"it_IT","og_type":"article","og_title":"Bouclier Castille-et-L\u00e9on noir - Vente Accessoire M\u00e9di\u00e9vale | RMC","og_description":"D\u00e9couvrez ce Bouclier Castille-et-L\u00e9on au meilleur prix - Enti\u00e8rement en acier laqu\u00e9 noir - Bordure dor\u00e9 rivet\u00e9 et blason - Dimensions : 64 X 46 cm","og_url":"https:\/\/repliquemangacine.fr\/it\/scudi-e-armature\/scudo-nero-castile-e-leon\/","og_site_name":"R\u00e9plique Manga Cin\u00e9","article_publisher":"https:\/\/www.facebook.com\/RepliqueMangaCine","article_modified_time":"2025-11-08T07:36:15+00:00","og_image":[{"width":800,"height":800,"url":"https:\/\/repliquemangacine.fr\/wp-content\/uploads\/2023\/10\/2907-Bouclier-noir-Castille-et-Leon.jpg","type":"image\/jpeg"}],"twitter_card":"summary_large_image","twitter_misc":{"Tempo di lettura stimato":"2 minuti"},"schema":{"@context":"https:\/\/schema.org","@graph":[{"@type":"WebPage","@id":"https:\/\/repliquemangacine.fr\/en\/shields-and-armor\/black-shield-castile-and-leon\/","url":"https:\/\/repliquemangacine.fr\/en\/shields-and-armor\/black-shield-castile-and-leon\/","name":"Bouclier Castille-et-L\u00e9on noir - Vendita accessori medievali | RMC","isPartOf":{"@id":"https:\/\/repliquemangacine.fr\/#website"},"primaryImageOfPage":{"@id":"https:\/\/repliquemangacine.fr\/en\/shields-and-armor\/black-shield-castile-and-leon\/#primaryimage"},"image":{"@id":"https:\/\/repliquemangacine.fr\/en\/shields-and-armor\/black-shield-castile-and-leon\/#primaryimage"},"thumbnailUrl":"https:\/\/repliquemangacine.fr\/wp-content\/uploads\/2023\/10\/2907-Bouclier-noir-Castille-et-Leon.jpg","datePublished":"2019-06-01T15:48:18+00:00","dateModified":"2025-11-08T07:36:15+00:00","description":"Scopri di pi\u00f9 su questo scudo di Castiglia e Le\u00f3n al miglior prezzo - Interamente in acciaio laccato nero - Bordo e stemma rivettati in oro - Dimensioni: 64 X 46 cm","breadcrumb":{"@id":"https:\/\/repliquemangacine.fr\/en\/shields-and-armor\/black-shield-castile-and-leon\/#breadcrumb"},"inLanguage":"it-IT","potentialAction":[{"@type":"ReadAction","target":["https:\/\/repliquemangacine.fr\/en\/shields-and-armor\/black-shield-castile-and-leon\/"]}]},{"@type":"ImageObject","inLanguage":"it-IT","@id":"https:\/\/repliquemangacine.fr\/en\/shields-and-armor\/black-shield-castile-and-leon\/#primaryimage","url":"https:\/\/repliquemangacine.fr\/wp-content\/uploads\/2023\/10\/2907-Bouclier-noir-Castille-et-Leon.jpg","contentUrl":"https:\/\/repliquemangacine.fr\/wp-content\/uploads\/2023\/10\/2907-Bouclier-noir-Castille-et-Leon.jpg","width":800,"height":800,"caption":"Bouclier noir Castille et L\u00e9on"},{"@type":"BreadcrumbList","@id":"https:\/\/repliquemangacine.fr\/en\/shields-and-armor\/black-shield-castile-and-leon\/#breadcrumb","itemListElement":[{"@type":"ListItem","position":1,"name":"Accueil","item":"https:\/\/repliquemangacine.fr\/"},{"@type":"ListItem","position":2,"name":"Produits","item":"https:\/\/repliquemangacine.fr\/boutique\/"},{"@type":"ListItem","position":3,"name":"Bouclier Castille-et-L\u00e9on noir"}]},{"@type":"WebSite","@id":"https:\/\/repliquemangacine.fr\/#website","url":"https:\/\/repliquemangacine.fr\/","name":"R\u00e9plique Manga Cin\u00e9","description":"","publisher":{"@id":"https:\/\/repliquemangacine.fr\/#organization"},"potentialAction":[{"@type":"SearchAction","target":{"@type":"EntryPoint","urlTemplate":"https:\/\/repliquemangacine.fr\/?s={search_term_string}"},"query-input":{"@type":"PropertyValueSpecification","valueRequired":true,"valueName":"search_term_string"}}],"inLanguage":"it-IT"},{"@type":"Organization","@id":"https:\/\/repliquemangacine.fr\/#organization","name":"R\u00e9plique Manga Cin\u00e9","url":"https:\/\/repliquemangacine.fr\/","logo":{"@type":"ImageObject","inLanguage":"it-IT","@id":"https:\/\/repliquemangacine.fr\/#\/schema\/logo\/image\/","url":"https:\/\/repliquemangacine.fr\/wp-content\/uploads\/2023\/10\/RMC-500250.png","contentUrl":"https:\/\/repliquemangacine.fr\/wp-content\/uploads\/2023\/10\/RMC-500250.png","width":500,"height":250,"caption":"R\u00e9plique Manga Cin\u00e9"},"image":{"@id":"https:\/\/repliquemangacine.fr\/#\/schema\/logo\/image\/"},"sameAs":["https:\/\/www.facebook.com\/RepliqueMangaCine","https:\/\/www.instagram.com\/repliquemangacine.fr\/"]}]}},"_links":{"self":[{"href":"https:\/\/repliquemangacine.fr\/it\/wp-json\/wp\/v2\/product\/28199","targetHints":{"allow":["GET"]}}],"collection":[{"href":"https:\/\/repliquemangacine.fr\/it\/wp-json\/wp\/v2\/product"}],"about":[{"href":"https:\/\/repliquemangacine.fr\/it\/wp-json\/wp\/v2\/types\/product"}],"wp:featuredmedia":[{"embeddable":true,"href":"https:\/\/repliquemangacine.fr\/it\/wp-json\/wp\/v2\/media\/28200"}],"wp:attachment":[{"href":"https:\/\/repliquemangacine.fr\/it\/wp-json\/wp\/v2\/media?parent=28199"}],"wp:term":[{"taxonomy":"product_brand","embeddable":true,"href":"https:\/\/repliquemangacine.fr\/it\/wp-json\/wp\/v2\/product_brand?post=28199"},{"taxonomy":"product_cat","embeddable":true,"href":"https:\/\/repliquemangacine.fr\/it\/wp-json\/wp\/v2\/product_cat?post=28199"},{"taxonomy":"product_tag","embeddable":true,"href":"https:\/\/repliquemangacine.fr\/it\/wp-json\/wp\/v2\/product_tag?post=28199"}],"curies":[{"name":"wp","href":"https:\/\/api.w.org\/{rel}","templated":true}]}}