





{"id":28194,"date":"2019-06-01T17:35:43","date_gmt":"2019-06-01T15:35:43","guid":{"rendered":"https:\/\/repliquemangacine.fr\/?post_type=product&#038;p=28194"},"modified":"2025-09-23T18:02:08","modified_gmt":"2025-09-23T16:02:08","slug":"scudo-templare-in-metallo","status":"publish","type":"product","link":"https:\/\/repliquemangacine.fr\/it\/boucliers-et-armures\/bouclier-des-templiers-metal\/","title":{"rendered":"Scudo templare in metallo"},"content":{"rendered":"<h2>Scudo templare in metallo.<\/h2>\n<p>Per cominciare, questo <strong>Scudo dei Templari<\/strong>, Questo set interamente in metallo \u00e8 ideale per le rievocazioni storiche o per la decorazione di interni.<\/p>\n<p>L'Ordine del Tempio, un ordine religioso e militare nato dalla cavalleria cristiana del Medioevo. La vocazione di <a href=\"https:\/\/www.histoire-pour-tous.fr\/\" target=\"_blank\" rel=\"noopener noreferrer\">l'Ordine del Tempio<\/a> era la protezione dei pellegrini cristiani in Terra Santa. Questo pellegrinaggio era uno dei tre pi\u00f9 importanti della cristianit\u00e0 medievale.<\/p>\n<p>La croce patteggiata indica che i Cavalieri Templari appartenevano al cristianesimo e il colore rosso ricordava il sangue versato da Cristo. Questa croce esprimeva anche il voto permanente di crociata, al quale i Cavalieri Templari si impegnavano a partecipare in qualsiasi momento.<\/p>\n<h2>Il vostro Scudo dei Templari al miglior prezzo.<\/h2>\n<h3>Offriamo un'ampia gamma di repliche di epoca medievale.<\/h3>\n<p>Innanzitutto,<\/p>\n<ul>\n<li>Il superbo <a href=\"https:\/\/repliquemangacine.fr\/it\/spada-medievale\/spada-templare-da-combattimento\/\">Spada da combattimento templare<\/a> con il suo fodero di cuoio.<\/li>\n<li>C'\u00e8 anche il<a href=\"https:\/\/repliquemangacine.fr\/it\/spada-medievale\/spada-da-cerimonia-templare\/\">spada cerimoniale<\/a> dei Templari riccamente decorati.<\/li>\n<li>Cos\u00ec come la leggendaria spada di Re Art\u00f9 <a href=\"https:\/\/repliquemangacine.fr\/it\/riproduzioni-medievali\/excalibur-re-arthur-spada-leggendaria\/\">Excalibur<\/a>.<\/li>\n<li>E molti altri da scoprire nel nostro negozio online!<\/li>\n<\/ul>\n<p>Ecco quindi alcune ottime idee regalo per gli amanti della storia.<\/p>\n<p>In conclusione, \u00e8 possibile utilizzare anche il metodo <strong>Scudo dei Templari<\/strong> per le vostre rappresentazioni storiche. Ma soprattutto, questo scudo \u00e8 un oggetto da collezione e un pezzo decorativo.<\/p>\n<p>R\u00e9plique Manga Cin\u00e9 \u00e8 un'azienda familiare francese.<\/p>\n<h2>Come vengono realizzati i vostri oggetti da collezione?<\/h2>\n<p>Per cominciare, tutti i nostri prodotti derivati sono di altissima qualit\u00e0, realizzati con una meticolosa attenzione ai dettagli. Alcuni di essi sono realizzati a mano, per riprodurre i minimi dettagli. Le parti pi\u00f9 importanti sono lavorate con macchine molto precise. Le incisioni sono generalmente realizzate con una punta di diamante o con il laser.<\/p>\n<p>Il tuo <strong>Scudo dei Templari<\/strong> fabbricati per riprodurre esattamente ogni dettaglio. Per eguagliare l'eredit\u00e0 dei capolavori originali. L'accento \u00e8 posto sulla creazione di repliche di alta qualit\u00e0 che siano il pi\u00f9 possibile storicamente accurate.<\/p>\n<p>In conclusione, importate dalla Cina, dalla Spagna o dall'India, le nostre repliche vi stupiranno!<\/p>\n<p>R\u00e9plique Manga Cin\u00e9 \u00e8 un'azienda familiare francese.<\/p>","protected":false},"excerpt":{"rendered":"<p>Superba replica di uno scudo templare.<\/p>\n<ul>\n<li>Fondo marmorizzato con croce centrale rivettata.<\/li>\n<li>Il contorno dello scudo \u00e8 ornato da una piccola fascia d'oro con rivetto.<\/li>\n<li>Maniglia sul retro con catena per il montaggio a parete.<\/li>\n<li>Altezza: 60 cm - Larghezza: 45 cm<\/li>\n<\/ul>","protected":false},"featured_media":28195,"template":"","meta":[],"product_brand":[896],"product_cat":[25,75,43],"product_tag":[],"class_list":{"0":"post-28194","1":"product","2":"type-product","3":"status-publish","4":"has-post-thumbnail","6":"product_brand-replique-manga-cine","7":"product_cat-armes-historiques","8":"product_cat-boucliers-et-armures","9":"product_cat-reproductions-d-armes-et-accessoires-medievales","11":"first","12":"instock","13":"taxable","14":"shipping-taxable","15":"purchasable","16":"product-type-simple"},"yoast_head":"<!-- This site is optimized with the Yoast SEO plugin v27.4 - https:\/\/yoast.com\/product\/yoast-seo-wordpress\/ -->\n<title>Bouclier des Templiers - Vente en ligne Bouclier M\u00e9di\u00e9vale | RMC<\/title>\n<meta name=\"description\" content=\"Offrez-vous cette r\u00e9plique d&#039;un Bouclier des Templiers au meilleur prix - Tout en m\u00e9tal - Croix Templi\u00e8re rivet\u00e9e et rebords dor\u00e9 - Dimensions : 60 X 45 cm\" \/>\n<meta name=\"robots\" content=\"index, follow, max-snippet:-1, max-image-preview:large, max-video-preview:-1\" \/>\n<link rel=\"canonical\" href=\"https:\/\/repliquemangacine.fr\/it\/scudi-e-armature\/scudo-templare-in-metallo\/\" \/>\n<meta property=\"og:locale\" content=\"it_IT\" \/>\n<meta property=\"og:type\" content=\"article\" \/>\n<meta property=\"og:title\" content=\"Bouclier des Templiers - Vente en ligne Bouclier M\u00e9di\u00e9vale | RMC\" \/>\n<meta property=\"og:description\" content=\"Offrez-vous cette r\u00e9plique d&#039;un Bouclier des Templiers au meilleur prix - Tout en m\u00e9tal - Croix Templi\u00e8re rivet\u00e9e et rebords dor\u00e9 - Dimensions : 60 X 45 cm\" \/>\n<meta property=\"og:url\" content=\"https:\/\/repliquemangacine.fr\/it\/scudi-e-armature\/scudo-templare-in-metallo\/\" \/>\n<meta property=\"og:site_name\" content=\"R\u00e9plique Manga Cin\u00e9\" \/>\n<meta property=\"article:publisher\" content=\"https:\/\/www.facebook.com\/RepliqueMangaCine\" \/>\n<meta property=\"article:modified_time\" content=\"2025-09-23T16:02:08+00:00\" \/>\n<meta property=\"og:image\" content=\"https:\/\/repliquemangacine.fr\/wp-content\/uploads\/2023\/10\/2904-Bouclier-des-Templiers-metal.jpg\" \/>\n\t<meta property=\"og:image:width\" content=\"800\" \/>\n\t<meta property=\"og:image:height\" content=\"800\" \/>\n\t<meta property=\"og:image:type\" content=\"image\/jpeg\" \/>\n<meta name=\"twitter:card\" content=\"summary_large_image\" \/>\n<meta name=\"twitter:label1\" content=\"Tempo di lettura stimato\" \/>\n\t<meta name=\"twitter:data1\" content=\"2 minuti\" \/>\n<script type=\"application\/ld+json\" class=\"yoast-schema-graph\">{\"@context\":\"https:\\\/\\\/schema.org\",\"@graph\":[{\"@type\":\"WebPage\",\"@id\":\"https:\\\/\\\/repliquemangacine.fr\\\/boucliers-et-armures\\\/bouclier-des-templiers-metal\\\/\",\"url\":\"https:\\\/\\\/repliquemangacine.fr\\\/boucliers-et-armures\\\/bouclier-des-templiers-metal\\\/\",\"name\":\"Bouclier des Templiers - Vente en ligne Bouclier M\u00e9di\u00e9vale | RMC\",\"isPartOf\":{\"@id\":\"https:\\\/\\\/repliquemangacine.fr\\\/#website\"},\"primaryImageOfPage\":{\"@id\":\"https:\\\/\\\/repliquemangacine.fr\\\/boucliers-et-armures\\\/bouclier-des-templiers-metal\\\/#primaryimage\"},\"image\":{\"@id\":\"https:\\\/\\\/repliquemangacine.fr\\\/boucliers-et-armures\\\/bouclier-des-templiers-metal\\\/#primaryimage\"},\"thumbnailUrl\":\"https:\\\/\\\/repliquemangacine.fr\\\/wp-content\\\/uploads\\\/2023\\\/10\\\/2904-Bouclier-des-Templiers-metal.jpg\",\"datePublished\":\"2019-06-01T15:35:43+00:00\",\"dateModified\":\"2025-09-23T16:02:08+00:00\",\"description\":\"Offrez-vous cette r\u00e9plique d'un Bouclier des Templiers au meilleur prix - Tout en m\u00e9tal - Croix Templi\u00e8re rivet\u00e9e et rebords dor\u00e9 - Dimensions : 60 X 45 cm\",\"breadcrumb\":{\"@id\":\"https:\\\/\\\/repliquemangacine.fr\\\/boucliers-et-armures\\\/bouclier-des-templiers-metal\\\/#breadcrumb\"},\"inLanguage\":\"it-IT\",\"potentialAction\":[{\"@type\":\"ReadAction\",\"target\":[\"https:\\\/\\\/repliquemangacine.fr\\\/boucliers-et-armures\\\/bouclier-des-templiers-metal\\\/\"]}]},{\"@type\":\"ImageObject\",\"inLanguage\":\"it-IT\",\"@id\":\"https:\\\/\\\/repliquemangacine.fr\\\/boucliers-et-armures\\\/bouclier-des-templiers-metal\\\/#primaryimage\",\"url\":\"https:\\\/\\\/repliquemangacine.fr\\\/wp-content\\\/uploads\\\/2023\\\/10\\\/2904-Bouclier-des-Templiers-metal.jpg\",\"contentUrl\":\"https:\\\/\\\/repliquemangacine.fr\\\/wp-content\\\/uploads\\\/2023\\\/10\\\/2904-Bouclier-des-Templiers-metal.jpg\",\"width\":800,\"height\":800,\"caption\":\"Bouclier des Templiers m\u00e9tal\"},{\"@type\":\"BreadcrumbList\",\"@id\":\"https:\\\/\\\/repliquemangacine.fr\\\/boucliers-et-armures\\\/bouclier-des-templiers-metal\\\/#breadcrumb\",\"itemListElement\":[{\"@type\":\"ListItem\",\"position\":1,\"name\":\"Accueil\",\"item\":\"https:\\\/\\\/repliquemangacine.fr\\\/\"},{\"@type\":\"ListItem\",\"position\":2,\"name\":\"Produits\",\"item\":\"https:\\\/\\\/repliquemangacine.fr\\\/boutique\\\/\"},{\"@type\":\"ListItem\",\"position\":3,\"name\":\"Bouclier des Templiers m\u00e9tal\"}]},{\"@type\":\"WebSite\",\"@id\":\"https:\\\/\\\/repliquemangacine.fr\\\/#website\",\"url\":\"https:\\\/\\\/repliquemangacine.fr\\\/\",\"name\":\"R\u00e9plique Manga Cin\u00e9\",\"description\":\"\",\"publisher\":{\"@id\":\"https:\\\/\\\/repliquemangacine.fr\\\/#organization\"},\"potentialAction\":[{\"@type\":\"SearchAction\",\"target\":{\"@type\":\"EntryPoint\",\"urlTemplate\":\"https:\\\/\\\/repliquemangacine.fr\\\/?s={search_term_string}\"},\"query-input\":{\"@type\":\"PropertyValueSpecification\",\"valueRequired\":true,\"valueName\":\"search_term_string\"}}],\"inLanguage\":\"it-IT\"},{\"@type\":\"Organization\",\"@id\":\"https:\\\/\\\/repliquemangacine.fr\\\/#organization\",\"name\":\"R\u00e9plique Manga Cin\u00e9\",\"url\":\"https:\\\/\\\/repliquemangacine.fr\\\/\",\"logo\":{\"@type\":\"ImageObject\",\"inLanguage\":\"it-IT\",\"@id\":\"https:\\\/\\\/repliquemangacine.fr\\\/#\\\/schema\\\/logo\\\/image\\\/\",\"url\":\"https:\\\/\\\/repliquemangacine.fr\\\/wp-content\\\/uploads\\\/2023\\\/10\\\/RMC-500250.png\",\"contentUrl\":\"https:\\\/\\\/repliquemangacine.fr\\\/wp-content\\\/uploads\\\/2023\\\/10\\\/RMC-500250.png\",\"width\":500,\"height\":250,\"caption\":\"R\u00e9plique Manga Cin\u00e9\"},\"image\":{\"@id\":\"https:\\\/\\\/repliquemangacine.fr\\\/#\\\/schema\\\/logo\\\/image\\\/\"},\"sameAs\":[\"https:\\\/\\\/www.facebook.com\\\/RepliqueMangaCine\",\"https:\\\/\\\/www.instagram.com\\\/repliquemangacine.fr\\\/\"]}]}<\/script>\n<!-- \/ Yoast SEO plugin. -->","yoast_head_json":{"title":"Scudo dei Templari - Scudi medievali in vendita online | RMC","description":"Regalatevi questa replica di uno scudo templare al miglior prezzo - Tutto in metallo - Croce templare rivettata e bordi dorati - Dimensioni : 60 X 45 cm","robots":{"index":"index","follow":"follow","max-snippet":"max-snippet:-1","max-image-preview":"max-image-preview:large","max-video-preview":"max-video-preview:-1"},"canonical":"https:\/\/repliquemangacine.fr\/it\/scudi-e-armature\/scudo-templare-in-metallo\/","og_locale":"it_IT","og_type":"article","og_title":"Bouclier des Templiers - Vente en ligne Bouclier M\u00e9di\u00e9vale | RMC","og_description":"Offrez-vous cette r\u00e9plique d'un Bouclier des Templiers au meilleur prix - Tout en m\u00e9tal - Croix Templi\u00e8re rivet\u00e9e et rebords dor\u00e9 - Dimensions : 60 X 45 cm","og_url":"https:\/\/repliquemangacine.fr\/it\/scudi-e-armature\/scudo-templare-in-metallo\/","og_site_name":"R\u00e9plique Manga Cin\u00e9","article_publisher":"https:\/\/www.facebook.com\/RepliqueMangaCine","article_modified_time":"2025-09-23T16:02:08+00:00","og_image":[{"width":800,"height":800,"url":"https:\/\/repliquemangacine.fr\/wp-content\/uploads\/2023\/10\/2904-Bouclier-des-Templiers-metal.jpg","type":"image\/jpeg"}],"twitter_card":"summary_large_image","twitter_misc":{"Tempo di lettura stimato":"2 minuti"},"schema":{"@context":"https:\/\/schema.org","@graph":[{"@type":"WebPage","@id":"https:\/\/repliquemangacine.fr\/boucliers-et-armures\/bouclier-des-templiers-metal\/","url":"https:\/\/repliquemangacine.fr\/boucliers-et-armures\/bouclier-des-templiers-metal\/","name":"Scudo dei Templari - Scudi medievali in vendita online | RMC","isPartOf":{"@id":"https:\/\/repliquemangacine.fr\/#website"},"primaryImageOfPage":{"@id":"https:\/\/repliquemangacine.fr\/boucliers-et-armures\/bouclier-des-templiers-metal\/#primaryimage"},"image":{"@id":"https:\/\/repliquemangacine.fr\/boucliers-et-armures\/bouclier-des-templiers-metal\/#primaryimage"},"thumbnailUrl":"https:\/\/repliquemangacine.fr\/wp-content\/uploads\/2023\/10\/2904-Bouclier-des-Templiers-metal.jpg","datePublished":"2019-06-01T15:35:43+00:00","dateModified":"2025-09-23T16:02:08+00:00","description":"Regalatevi questa replica di uno scudo templare al miglior prezzo - Tutto in metallo - Croce templare rivettata e bordi dorati - Dimensioni : 60 X 45 cm","breadcrumb":{"@id":"https:\/\/repliquemangacine.fr\/boucliers-et-armures\/bouclier-des-templiers-metal\/#breadcrumb"},"inLanguage":"it-IT","potentialAction":[{"@type":"ReadAction","target":["https:\/\/repliquemangacine.fr\/boucliers-et-armures\/bouclier-des-templiers-metal\/"]}]},{"@type":"ImageObject","inLanguage":"it-IT","@id":"https:\/\/repliquemangacine.fr\/boucliers-et-armures\/bouclier-des-templiers-metal\/#primaryimage","url":"https:\/\/repliquemangacine.fr\/wp-content\/uploads\/2023\/10\/2904-Bouclier-des-Templiers-metal.jpg","contentUrl":"https:\/\/repliquemangacine.fr\/wp-content\/uploads\/2023\/10\/2904-Bouclier-des-Templiers-metal.jpg","width":800,"height":800,"caption":"Bouclier des Templiers m\u00e9tal"},{"@type":"BreadcrumbList","@id":"https:\/\/repliquemangacine.fr\/boucliers-et-armures\/bouclier-des-templiers-metal\/#breadcrumb","itemListElement":[{"@type":"ListItem","position":1,"name":"Accueil","item":"https:\/\/repliquemangacine.fr\/"},{"@type":"ListItem","position":2,"name":"Produits","item":"https:\/\/repliquemangacine.fr\/boutique\/"},{"@type":"ListItem","position":3,"name":"Bouclier des Templiers m\u00e9tal"}]},{"@type":"WebSite","@id":"https:\/\/repliquemangacine.fr\/#website","url":"https:\/\/repliquemangacine.fr\/","name":"R\u00e9plique Manga Cin\u00e9","description":"","publisher":{"@id":"https:\/\/repliquemangacine.fr\/#organization"},"potentialAction":[{"@type":"SearchAction","target":{"@type":"EntryPoint","urlTemplate":"https:\/\/repliquemangacine.fr\/?s={search_term_string}"},"query-input":{"@type":"PropertyValueSpecification","valueRequired":true,"valueName":"search_term_string"}}],"inLanguage":"it-IT"},{"@type":"Organization","@id":"https:\/\/repliquemangacine.fr\/#organization","name":"R\u00e9plique Manga Cin\u00e9","url":"https:\/\/repliquemangacine.fr\/","logo":{"@type":"ImageObject","inLanguage":"it-IT","@id":"https:\/\/repliquemangacine.fr\/#\/schema\/logo\/image\/","url":"https:\/\/repliquemangacine.fr\/wp-content\/uploads\/2023\/10\/RMC-500250.png","contentUrl":"https:\/\/repliquemangacine.fr\/wp-content\/uploads\/2023\/10\/RMC-500250.png","width":500,"height":250,"caption":"R\u00e9plique Manga Cin\u00e9"},"image":{"@id":"https:\/\/repliquemangacine.fr\/#\/schema\/logo\/image\/"},"sameAs":["https:\/\/www.facebook.com\/RepliqueMangaCine","https:\/\/www.instagram.com\/repliquemangacine.fr\/"]}]}},"_links":{"self":[{"href":"https:\/\/repliquemangacine.fr\/it\/wp-json\/wp\/v2\/product\/28194","targetHints":{"allow":["GET"]}}],"collection":[{"href":"https:\/\/repliquemangacine.fr\/it\/wp-json\/wp\/v2\/product"}],"about":[{"href":"https:\/\/repliquemangacine.fr\/it\/wp-json\/wp\/v2\/types\/product"}],"wp:featuredmedia":[{"embeddable":true,"href":"https:\/\/repliquemangacine.fr\/it\/wp-json\/wp\/v2\/media\/28195"}],"wp:attachment":[{"href":"https:\/\/repliquemangacine.fr\/it\/wp-json\/wp\/v2\/media?parent=28194"}],"wp:term":[{"taxonomy":"product_brand","embeddable":true,"href":"https:\/\/repliquemangacine.fr\/it\/wp-json\/wp\/v2\/product_brand?post=28194"},{"taxonomy":"product_cat","embeddable":true,"href":"https:\/\/repliquemangacine.fr\/it\/wp-json\/wp\/v2\/product_cat?post=28194"},{"taxonomy":"product_tag","embeddable":true,"href":"https:\/\/repliquemangacine.fr\/it\/wp-json\/wp\/v2\/product_tag?post=28194"}],"curies":[{"name":"wp","href":"https:\/\/api.w.org\/{rel}","templated":true}]}}