





{"id":28104,"date":"2019-04-26T12:19:48","date_gmt":"2019-04-26T10:19:48","guid":{"rendered":"https:\/\/repliquemangacine.fr\/?post_type=product&#038;p=28104"},"modified":"2026-03-25T12:31:42","modified_gmt":"2026-03-25T11:31:42","slug":"bacchetta-harry-potter-anima-in-metallo-di-alta-qualita","status":"publish","type":"product","link":"https:\/\/repliquemangacine.fr\/it\/baguettes-personnages-harry-potter\/baguette-harry-potter-noyau-metal-haute-qualite\/","title":{"rendered":"Bacchetta di Harry Potter"},"content":{"rendered":"<h2>La bacchetta di Harry Potter nella saga.<\/h2>\n<p>Per cominciare, il <strong>Bacchetta di Harry Potter<\/strong> \u00e8 realizzato interamente in resina, con un'asta di metallo al centro, che gli conferisce un'elevata qualit\u00e0.<\/p>\n<p>Harry James Potter \u00e8 nato il 31 luglio 1980. \u00c8 l'unico figlio di James Potter e Lily Evans. \u00c8 anche l'unico essere umano noto ad essere sopravvissuto all'incantesimo di morte di Voldemort. Il tentato omicidio gli ha lasciato una cicatrice a forma di saetta sulla fronte.<\/p>\n<p>Arrivato a <a href=\"https:\/\/harrypotter.fandom.com\/fr\/wiki\/Coll\u00e8ge_Poudlard,_\u00e9cole_de_sorcellerie\" target=\"_blank\" rel=\"noopener noreferrer\">Hogwarts<\/a>Harry si fece due buoni amici: Ron Weasley e Hermione Granger, che lo accompagnarono nelle sue avventure. Il professor Severus Piton e Draco Malfoy, un allievo di Serpeverde, gli furono presto antipatici.<\/p>\n<h2>La tua bacchetta di Harry Potter a buon mercato.<\/h2>\n<p>Offriamo un'ampia gamma di bacchette a carattere Ollivander.<\/p>\n<p>Innanzitutto,<\/p>\n<ul>\n<li>La bacchetta magica del suo padrino <a href=\"https:\/\/repliquemangacine.fr\/it\/bacchette-per-personaggi\/sirius-nero-asta-con-anima-in-metallo-di-alta-qualita\/\">Sirius Black<\/a>.<\/li>\n<li>Cos\u00ec come il <a href=\"https:\/\/repliquemangacine.fr\/it\/bacchette-per-personaggi\/bacchetta-di-albus-silente-anima-in-metallo-di-alta-qualita\/\">Albus Silente<\/a> il suo padrone.<\/li>\n<li>E molti altri da scoprire nel nostro negozio online!<\/li>\n<\/ul>\n<p>Ecco un'ottima idea regalo per tutti i fan di Harry Potter<\/p>\n<p>In conclusione, \u00e8 possibile utilizzare questo <strong>La bacchetta di Harry Potter<\/strong> per i vostri cosplay o feste a tema. Ma soprattutto, \u00e8 un oggetto da collezione e una decorazione.<\/p>\n<p>R\u00e9plique Manga Cin\u00e9 \u00e8 un'azienda familiare francese.<\/p>\n<h2>Come vengono realizzate le bacchette degli stregoni?<\/h2>\n<p>La bacchetta magica \u00e8 un oggetto composto da due elementi variabili: il legno, solitamente proveniente da un albero, e il cosiddetto cuore della bacchetta, che pu\u00f2 provenire da una variet\u00e0 di creature magiche o piante. \u00c8 uno strumento utilizzato da maghi e streghe per affinare i loro incantesimi e ottenere risultati migliori nell'uso della magia.<\/p>\n<p>Le nostre bacchette sono realizzate in resina stampata, con un'asta di metallo al centro della bacchetta per dare al vostro <strong>Bacchetta di Harry Potter<\/strong> notevole resistenza.<\/p>\n<p>Va notato che la maggior parte dei maghi acquista la bacchetta all'et\u00e0 di undici anni, prima di iniziare la propria formazione magica. I giovani maghi possono acquistare la bacchetta da soli da un venditore, mentre gli studenti inglesi si recano tradizionalmente da Ollivander.<\/p>\n<p>&nbsp;<\/p>","protected":false},"excerpt":{"rendered":"<p>Bacchetta di Harry Potter ispirata alla saga di Harry Potter.<\/p>\n<ul>\n<li>Bacchetta in resina, imita il legno di agrifoglio con un'impugnatura simile alla corteccia grezza.<\/li>\n<li>Anima in metallo.<\/li>\n<li>Scatola da collezione con interno in velluto.<\/li>\n<li>Scheda personaggio.<\/li>\n<li>Lunghezza totale: 36,5 cm - Peso: 76 grammi<\/li>\n<\/ul>","protected":false},"featured_media":28105,"template":"","meta":[],"product_brand":[896],"product_cat":[80,24,41],"product_tag":[],"class_list":{"0":"post-28104","1":"product","2":"type-product","3":"status-publish","4":"has-post-thumbnail","6":"product_brand-replique-manga-cine","7":"product_cat-baguettes-personnages-harry-potter","8":"product_cat-films-series-tv-vente-de-katana-epee-et-produits-derives","9":"product_cat-baguettes-et-goodies-harry-potter","11":"first","12":"instock","13":"taxable","14":"shipping-taxable","15":"purchasable","16":"product-type-simple"},"yoast_head":"<!-- This site is optimized with the Yoast SEO plugin v27.4 - https:\/\/yoast.com\/product\/yoast-seo-wordpress\/ -->\n<title>Baguette Harry Potter - Baguette Magique | R\u00e9plique Manga Cin\u00e9<\/title>\n<meta name=\"description\" content=\"Offrez-lui la Baguette Harry Potter de la saga du m\u00eame nom au meilleur prix. En r\u00e9sine - Noyau m\u00e9tal - Bo\u00eete Collector - Longueur totale : 36.5 cm\" \/>\n<meta name=\"robots\" content=\"index, follow, max-snippet:-1, max-image-preview:large, max-video-preview:-1\" \/>\n<link rel=\"canonical\" href=\"https:\/\/repliquemangacine.fr\/it\/bacchette-dei-personaggi-di-harry-potter\/bacchetta-harry-potter-anima-in-metallo-di-alta-qualita\/\" \/>\n<meta property=\"og:locale\" content=\"it_IT\" \/>\n<meta property=\"og:type\" content=\"article\" \/>\n<meta property=\"og:title\" content=\"Baguette Harry Potter - Baguette Magique | R\u00e9plique Manga Cin\u00e9\" \/>\n<meta property=\"og:description\" content=\"Offrez-lui la Baguette Harry Potter de la saga du m\u00eame nom au meilleur prix. En r\u00e9sine - Noyau m\u00e9tal - Bo\u00eete Collector - Longueur totale : 36.5 cm\" \/>\n<meta property=\"og:url\" content=\"https:\/\/repliquemangacine.fr\/it\/bacchette-dei-personaggi-di-harry-potter\/bacchetta-harry-potter-anima-in-metallo-di-alta-qualita\/\" \/>\n<meta property=\"og:site_name\" content=\"R\u00e9plique Manga Cin\u00e9\" \/>\n<meta property=\"article:publisher\" content=\"https:\/\/www.facebook.com\/RepliqueMangaCine\" \/>\n<meta property=\"article:modified_time\" content=\"2026-03-25T11:31:42+00:00\" \/>\n<meta property=\"og:image\" content=\"https:\/\/repliquemangacine.fr\/wp-content\/uploads\/2023\/10\/2821-Baguette-Harry-Potter-Noyau-metal-Haute-qualite.jpg\" \/>\n\t<meta property=\"og:image:width\" content=\"800\" \/>\n\t<meta property=\"og:image:height\" content=\"800\" \/>\n\t<meta property=\"og:image:type\" content=\"image\/jpeg\" \/>\n<meta name=\"twitter:card\" content=\"summary_large_image\" \/>\n<meta name=\"twitter:label1\" content=\"Tempo di lettura stimato\" \/>\n\t<meta name=\"twitter:data1\" content=\"2 minuti\" \/>\n<script type=\"application\/ld+json\" class=\"yoast-schema-graph\">{\"@context\":\"https:\\\/\\\/schema.org\",\"@graph\":[{\"@type\":\"WebPage\",\"@id\":\"https:\\\/\\\/repliquemangacine.fr\\\/baguettes-personnages-harry-potter\\\/baguette-harry-potter-noyau-metal-haute-qualite\\\/\",\"url\":\"https:\\\/\\\/repliquemangacine.fr\\\/baguettes-personnages-harry-potter\\\/baguette-harry-potter-noyau-metal-haute-qualite\\\/\",\"name\":\"Baguette Harry Potter - Baguette Magique | R\u00e9plique Manga Cin\u00e9\",\"isPartOf\":{\"@id\":\"https:\\\/\\\/repliquemangacine.fr\\\/#website\"},\"primaryImageOfPage\":{\"@id\":\"https:\\\/\\\/repliquemangacine.fr\\\/baguettes-personnages-harry-potter\\\/baguette-harry-potter-noyau-metal-haute-qualite\\\/#primaryimage\"},\"image\":{\"@id\":\"https:\\\/\\\/repliquemangacine.fr\\\/baguettes-personnages-harry-potter\\\/baguette-harry-potter-noyau-metal-haute-qualite\\\/#primaryimage\"},\"thumbnailUrl\":\"https:\\\/\\\/repliquemangacine.fr\\\/wp-content\\\/uploads\\\/2023\\\/10\\\/2821-Baguette-Harry-Potter-Noyau-metal-Haute-qualite.jpg\",\"datePublished\":\"2019-04-26T10:19:48+00:00\",\"dateModified\":\"2026-03-25T11:31:42+00:00\",\"description\":\"Offrez-lui la Baguette Harry Potter de la saga du m\u00eame nom au meilleur prix. En r\u00e9sine - Noyau m\u00e9tal - Bo\u00eete Collector - Longueur totale : 36.5 cm\",\"breadcrumb\":{\"@id\":\"https:\\\/\\\/repliquemangacine.fr\\\/baguettes-personnages-harry-potter\\\/baguette-harry-potter-noyau-metal-haute-qualite\\\/#breadcrumb\"},\"inLanguage\":\"it-IT\",\"potentialAction\":[{\"@type\":\"ReadAction\",\"target\":[\"https:\\\/\\\/repliquemangacine.fr\\\/baguettes-personnages-harry-potter\\\/baguette-harry-potter-noyau-metal-haute-qualite\\\/\"]}]},{\"@type\":\"ImageObject\",\"inLanguage\":\"it-IT\",\"@id\":\"https:\\\/\\\/repliquemangacine.fr\\\/baguettes-personnages-harry-potter\\\/baguette-harry-potter-noyau-metal-haute-qualite\\\/#primaryimage\",\"url\":\"https:\\\/\\\/repliquemangacine.fr\\\/wp-content\\\/uploads\\\/2023\\\/10\\\/2821-Baguette-Harry-Potter-Noyau-metal-Haute-qualite.jpg\",\"contentUrl\":\"https:\\\/\\\/repliquemangacine.fr\\\/wp-content\\\/uploads\\\/2023\\\/10\\\/2821-Baguette-Harry-Potter-Noyau-metal-Haute-qualite.jpg\",\"width\":800,\"height\":800,\"caption\":\"Baguette Harry Potter\"},{\"@type\":\"BreadcrumbList\",\"@id\":\"https:\\\/\\\/repliquemangacine.fr\\\/baguettes-personnages-harry-potter\\\/baguette-harry-potter-noyau-metal-haute-qualite\\\/#breadcrumb\",\"itemListElement\":[{\"@type\":\"ListItem\",\"position\":1,\"name\":\"Accueil\",\"item\":\"https:\\\/\\\/repliquemangacine.fr\\\/\"},{\"@type\":\"ListItem\",\"position\":2,\"name\":\"Produits\",\"item\":\"https:\\\/\\\/repliquemangacine.fr\\\/boutique\\\/\"},{\"@type\":\"ListItem\",\"position\":3,\"name\":\"Baguette Harry Potter\"}]},{\"@type\":\"WebSite\",\"@id\":\"https:\\\/\\\/repliquemangacine.fr\\\/#website\",\"url\":\"https:\\\/\\\/repliquemangacine.fr\\\/\",\"name\":\"R\u00e9plique Manga Cin\u00e9\",\"description\":\"\",\"publisher\":{\"@id\":\"https:\\\/\\\/repliquemangacine.fr\\\/#organization\"},\"potentialAction\":[{\"@type\":\"SearchAction\",\"target\":{\"@type\":\"EntryPoint\",\"urlTemplate\":\"https:\\\/\\\/repliquemangacine.fr\\\/?s={search_term_string}\"},\"query-input\":{\"@type\":\"PropertyValueSpecification\",\"valueRequired\":true,\"valueName\":\"search_term_string\"}}],\"inLanguage\":\"it-IT\"},{\"@type\":\"Organization\",\"@id\":\"https:\\\/\\\/repliquemangacine.fr\\\/#organization\",\"name\":\"R\u00e9plique Manga Cin\u00e9\",\"url\":\"https:\\\/\\\/repliquemangacine.fr\\\/\",\"logo\":{\"@type\":\"ImageObject\",\"inLanguage\":\"it-IT\",\"@id\":\"https:\\\/\\\/repliquemangacine.fr\\\/#\\\/schema\\\/logo\\\/image\\\/\",\"url\":\"https:\\\/\\\/repliquemangacine.fr\\\/wp-content\\\/uploads\\\/2023\\\/10\\\/RMC-500250.png\",\"contentUrl\":\"https:\\\/\\\/repliquemangacine.fr\\\/wp-content\\\/uploads\\\/2023\\\/10\\\/RMC-500250.png\",\"width\":500,\"height\":250,\"caption\":\"R\u00e9plique Manga Cin\u00e9\"},\"image\":{\"@id\":\"https:\\\/\\\/repliquemangacine.fr\\\/#\\\/schema\\\/logo\\\/image\\\/\"},\"sameAs\":[\"https:\\\/\\\/www.facebook.com\\\/RepliqueMangaCine\",\"https:\\\/\\\/www.instagram.com\\\/repliquemangacine.fr\\\/\"]}]}<\/script>\n<!-- \/ Yoast SEO plugin. -->","yoast_head_json":{"title":"Bacchetta di Harry Potter - Bacchetta magica | R\u00e9plique Manga Cin\u00e9","description":"Offritegli la bacchetta di Harry Potter dell'omonima saga al miglior prezzo. Resina - Anima in metallo - Scatola da collezione - Lunghezza totale: 36,5 cm","robots":{"index":"index","follow":"follow","max-snippet":"max-snippet:-1","max-image-preview":"max-image-preview:large","max-video-preview":"max-video-preview:-1"},"canonical":"https:\/\/repliquemangacine.fr\/it\/bacchette-dei-personaggi-di-harry-potter\/bacchetta-harry-potter-anima-in-metallo-di-alta-qualita\/","og_locale":"it_IT","og_type":"article","og_title":"Baguette Harry Potter - Baguette Magique | R\u00e9plique Manga Cin\u00e9","og_description":"Offrez-lui la Baguette Harry Potter de la saga du m\u00eame nom au meilleur prix. En r\u00e9sine - Noyau m\u00e9tal - Bo\u00eete Collector - Longueur totale : 36.5 cm","og_url":"https:\/\/repliquemangacine.fr\/it\/bacchette-dei-personaggi-di-harry-potter\/bacchetta-harry-potter-anima-in-metallo-di-alta-qualita\/","og_site_name":"R\u00e9plique Manga Cin\u00e9","article_publisher":"https:\/\/www.facebook.com\/RepliqueMangaCine","article_modified_time":"2026-03-25T11:31:42+00:00","og_image":[{"width":800,"height":800,"url":"https:\/\/repliquemangacine.fr\/wp-content\/uploads\/2023\/10\/2821-Baguette-Harry-Potter-Noyau-metal-Haute-qualite.jpg","type":"image\/jpeg"}],"twitter_card":"summary_large_image","twitter_misc":{"Tempo di lettura stimato":"2 minuti"},"schema":{"@context":"https:\/\/schema.org","@graph":[{"@type":"WebPage","@id":"https:\/\/repliquemangacine.fr\/baguettes-personnages-harry-potter\/baguette-harry-potter-noyau-metal-haute-qualite\/","url":"https:\/\/repliquemangacine.fr\/baguettes-personnages-harry-potter\/baguette-harry-potter-noyau-metal-haute-qualite\/","name":"Bacchetta di Harry Potter - Bacchetta magica | R\u00e9plique Manga Cin\u00e9","isPartOf":{"@id":"https:\/\/repliquemangacine.fr\/#website"},"primaryImageOfPage":{"@id":"https:\/\/repliquemangacine.fr\/baguettes-personnages-harry-potter\/baguette-harry-potter-noyau-metal-haute-qualite\/#primaryimage"},"image":{"@id":"https:\/\/repliquemangacine.fr\/baguettes-personnages-harry-potter\/baguette-harry-potter-noyau-metal-haute-qualite\/#primaryimage"},"thumbnailUrl":"https:\/\/repliquemangacine.fr\/wp-content\/uploads\/2023\/10\/2821-Baguette-Harry-Potter-Noyau-metal-Haute-qualite.jpg","datePublished":"2019-04-26T10:19:48+00:00","dateModified":"2026-03-25T11:31:42+00:00","description":"Offritegli la bacchetta di Harry Potter dell'omonima saga al miglior prezzo. Resina - Anima in metallo - Scatola da collezione - Lunghezza totale: 36,5 cm","breadcrumb":{"@id":"https:\/\/repliquemangacine.fr\/baguettes-personnages-harry-potter\/baguette-harry-potter-noyau-metal-haute-qualite\/#breadcrumb"},"inLanguage":"it-IT","potentialAction":[{"@type":"ReadAction","target":["https:\/\/repliquemangacine.fr\/baguettes-personnages-harry-potter\/baguette-harry-potter-noyau-metal-haute-qualite\/"]}]},{"@type":"ImageObject","inLanguage":"it-IT","@id":"https:\/\/repliquemangacine.fr\/baguettes-personnages-harry-potter\/baguette-harry-potter-noyau-metal-haute-qualite\/#primaryimage","url":"https:\/\/repliquemangacine.fr\/wp-content\/uploads\/2023\/10\/2821-Baguette-Harry-Potter-Noyau-metal-Haute-qualite.jpg","contentUrl":"https:\/\/repliquemangacine.fr\/wp-content\/uploads\/2023\/10\/2821-Baguette-Harry-Potter-Noyau-metal-Haute-qualite.jpg","width":800,"height":800,"caption":"Baguette Harry Potter"},{"@type":"BreadcrumbList","@id":"https:\/\/repliquemangacine.fr\/baguettes-personnages-harry-potter\/baguette-harry-potter-noyau-metal-haute-qualite\/#breadcrumb","itemListElement":[{"@type":"ListItem","position":1,"name":"Accueil","item":"https:\/\/repliquemangacine.fr\/"},{"@type":"ListItem","position":2,"name":"Produits","item":"https:\/\/repliquemangacine.fr\/boutique\/"},{"@type":"ListItem","position":3,"name":"Baguette Harry Potter"}]},{"@type":"WebSite","@id":"https:\/\/repliquemangacine.fr\/#website","url":"https:\/\/repliquemangacine.fr\/","name":"R\u00e9plique Manga Cin\u00e9","description":"","publisher":{"@id":"https:\/\/repliquemangacine.fr\/#organization"},"potentialAction":[{"@type":"SearchAction","target":{"@type":"EntryPoint","urlTemplate":"https:\/\/repliquemangacine.fr\/?s={search_term_string}"},"query-input":{"@type":"PropertyValueSpecification","valueRequired":true,"valueName":"search_term_string"}}],"inLanguage":"it-IT"},{"@type":"Organization","@id":"https:\/\/repliquemangacine.fr\/#organization","name":"R\u00e9plique Manga Cin\u00e9","url":"https:\/\/repliquemangacine.fr\/","logo":{"@type":"ImageObject","inLanguage":"it-IT","@id":"https:\/\/repliquemangacine.fr\/#\/schema\/logo\/image\/","url":"https:\/\/repliquemangacine.fr\/wp-content\/uploads\/2023\/10\/RMC-500250.png","contentUrl":"https:\/\/repliquemangacine.fr\/wp-content\/uploads\/2023\/10\/RMC-500250.png","width":500,"height":250,"caption":"R\u00e9plique Manga Cin\u00e9"},"image":{"@id":"https:\/\/repliquemangacine.fr\/#\/schema\/logo\/image\/"},"sameAs":["https:\/\/www.facebook.com\/RepliqueMangaCine","https:\/\/www.instagram.com\/repliquemangacine.fr\/"]}]}},"_links":{"self":[{"href":"https:\/\/repliquemangacine.fr\/it\/wp-json\/wp\/v2\/product\/28104","targetHints":{"allow":["GET"]}}],"collection":[{"href":"https:\/\/repliquemangacine.fr\/it\/wp-json\/wp\/v2\/product"}],"about":[{"href":"https:\/\/repliquemangacine.fr\/it\/wp-json\/wp\/v2\/types\/product"}],"wp:featuredmedia":[{"embeddable":true,"href":"https:\/\/repliquemangacine.fr\/it\/wp-json\/wp\/v2\/media\/28105"}],"wp:attachment":[{"href":"https:\/\/repliquemangacine.fr\/it\/wp-json\/wp\/v2\/media?parent=28104"}],"wp:term":[{"taxonomy":"product_brand","embeddable":true,"href":"https:\/\/repliquemangacine.fr\/it\/wp-json\/wp\/v2\/product_brand?post=28104"},{"taxonomy":"product_cat","embeddable":true,"href":"https:\/\/repliquemangacine.fr\/it\/wp-json\/wp\/v2\/product_cat?post=28104"},{"taxonomy":"product_tag","embeddable":true,"href":"https:\/\/repliquemangacine.fr\/it\/wp-json\/wp\/v2\/product_tag?post=28104"}],"curies":[{"name":"wp","href":"https:\/\/api.w.org\/{rel}","templated":true}]}}