





{"id":28068,"date":"2019-04-04T17:23:08","date_gmt":"2019-04-04T15:23:08","guid":{"rendered":"https:\/\/repliquemangacine.fr\/?post_type=product&#038;p=28068"},"modified":"2025-12-10T12:44:04","modified_gmt":"2025-12-10T11:44:04","slug":"epee-twin-wolf-geralt-de-riv-the-witcher-3-lame-gravee","status":"publish","type":"product","link":"https:\/\/repliquemangacine.fr\/it\/epee-the-witcher\/epee-twin-wolf-geralt-de-riv-the-witcher-3-lame-gravee\/","title":{"rendered":"Lupo gemello inciso -The Witcher 3"},"content":{"rendered":"<h2>Spada The Witcher3 Twin-Wolf con lama incisa.<\/h2>\n<p>Per cominciare, il<strong>La spada Twin-Wolf di The Witcher3<\/strong> \u00e8 usata per uccidere i mostri ed \u00e8 una delle due spade che porta sulla schiena.<\/p>\n<p><a href=\"https:\/\/witcher.fandom.com\/wiki\/The_Witcher_3:_Wild_Hunt\" target=\"_blank\" rel=\"noopener noreferrer\">The Witcher 3<\/a>Wild Hunt\u00bb \u00e8 l'ultimo della serie di giochi sviluppati da CD Projekt RED con protagonista lo stregone Geralt de Riv.<\/p>\n<p>Riconosciuto dai professionisti del settore come un gioco eccezionale. Tutti concordano sulla qualit\u00e0 narrativa e immersiva del titolo, consacrando The Witcher 3 come un capolavoro.<\/p>\n<p>Geralt de Riv \u00e8 uno stregone con capacit\u00e0 straordinarie. Offre anche i suoi servizi come cacciatore di mostri. Porta sulla schiena due spade che fanno parte dell'equipaggiamento della Scuola del Maestro Lupo. Una viene usata per uccidere i mostri e l'altra per uccidere gli umani.<\/p>\n<h2>La tua spada The Witcher3 Twin-Wolf al miglior prezzo.<\/h2>\n<p>Vi proponiamo tutte le battute di Geralt de Riv dal gioco The Witcher 3, ma anche dalla serie The Witcher Netflix.<\/p>\n<p>Innanzitutto,<\/p>\n<ul>\n<li>L'<a href=\"https:\/\/repliquemangacine.fr\/it\/il-cacciatore\/epee-gerald-de-riv-the-witcher-saison-2\/\">spada da stregone<\/a> che utilizza nella serie Netflix.<\/li>\n<li>Cos\u00ec come il suo <a href=\"https:\/\/repliquemangacine.fr\/it\/il-cacciatore\/medaillon-the-witcher\/\">medaglione<\/a> che porta con s\u00e9 in ogni momento in The Witcher 3.<\/li>\n<li>E molti altri da scoprire nel nostro negozio online!<\/li>\n<\/ul>\n<p>Ecco quindi alcune ottime idee regalo per i fan di The Witcher<\/p>\n<p>In conclusione, \u00e8 possibile utilizzare questo <strong>Spada il lupo gemello di Witcher3<\/strong> per le vostre sfilate cosplay o serate a tema. Ma soprattutto, la spada Witcher3 incisa Twin-Wolf \u00e8 anche un oggetto da collezione e un pezzo decorativo.<\/p>\n<p>R\u00e9plique Manga Cin\u00e9 \u00e8 una societ\u00e0 francese<\/p>\n<h2>Come faccio a mantenere la lama della mia spada Geralt of Riv?<\/h2>\n<p>Le spade da collezione e decorative sono realizzate e assemblate in modo semplificato. Poich\u00e9 il loro uso \u00e8 decorativo, non hanno le caratteristiche di sicurezza richieste per una spada giapponese destinata all'allenamento.<\/p>\n<p>Tuttavia, il vostro <strong>La spada Twin-Wolf di The Witcher3<\/strong> a una lama d'acciaio che deve essere curata per evitare che si danneggi nel tempo. Quando si espone la katana, gli amici saranno curiosi di vedere la lama e di toccarla. \u00c8 qui che bisogna fare attenzione, perch\u00e9 l'acidit\u00e0 delle dita \u00e8 molto dannosa per l'acciaio, indipendentemente dalla sua qualit\u00e0.<\/p>\n<p>Tuttavia, se ci\u00f2 dovesse accadere, niente panico: basta un panno inumidito con un po' d'olio per eliminare le impronte. In questo modo, la spada durer\u00e0 a lungo.<\/p>\n<p><strong>\u00a0<\/strong><\/p>","protected":false},"excerpt":{"rendered":"<p>La spada di Geralt di Riv in The Witcher 3 Wild Hunt.<\/p>\n<ul>\n<li>Lama in acciaio inossidabile con scanalature e incisioni.<\/li>\n<li>Guardia in acciaio massiccio con incisione.<\/li>\n<li>Manico in metallo rivestito di filo di cotone nero.<\/li>\n<li>Pomello in acciaio massiccio con due teste di lupo.<\/li>\n<li>Fodero in similpelle.<\/li>\n<li>Lunghezza totale: 123 cm<\/li>\n<\/ul>\n<p><strong><span style=\"color: #d0121a;\">Il ciondolo con gli occhi rossi viene fornito con questa spada.<\/span><span style=\"text-decoration: underline;\"><br \/>\n<\/span><\/strong><\/p>","protected":false},"featured_media":28069,"template":"","meta":[],"product_brand":[896],"product_cat":[23,58],"product_tag":[],"class_list":{"0":"post-28068","1":"product","2":"type-product","3":"status-publish","4":"has-post-thumbnail","6":"product_brand-replique-manga-cine","7":"product_cat-repliques-manga-jeux-video","8":"product_cat-epee-the-witcher","10":"first","11":"instock","12":"sale","13":"taxable","14":"shipping-taxable","15":"purchasable","16":"product-type-simple"},"yoast_head":"<!-- This site is optimized with the Yoast SEO plugin v27.4 - https:\/\/yoast.com\/product\/yoast-seo-wordpress\/ -->\n<title>Ep\u00e9e The Witcher3 Twin-Wolf - Boutique en ligne | RMC<\/title>\n<meta name=\"description\" content=\"Offrez-vous l&#039;Ep\u00e9e The Witcher3 Twin-Wolf\u00a0au meilleur Prix. Lame acier grav\u00e9e - Fourreau - M\u00e9daillon offert - Longueur : 123cm - Envoi 24\/48h\" \/>\n<meta name=\"robots\" content=\"index, follow, max-snippet:-1, max-image-preview:large, max-video-preview:-1\" \/>\n<link rel=\"canonical\" href=\"https:\/\/repliquemangacine.fr\/it\/spada-il-cacciatore\/epee-twin-wolf-geralt-de-riv-the-witcher-3-lame-gravee\/\" \/>\n<meta property=\"og:locale\" content=\"it_IT\" \/>\n<meta property=\"og:type\" content=\"article\" \/>\n<meta property=\"og:title\" content=\"Ep\u00e9e The Witcher3 Twin-Wolf - Boutique en ligne | RMC\" \/>\n<meta property=\"og:description\" content=\"Offrez-vous l&#039;Ep\u00e9e The Witcher3 Twin-Wolf\u00a0au meilleur Prix. Lame acier grav\u00e9e - Fourreau - M\u00e9daillon offert - Longueur : 123cm - Envoi 24\/48h\" \/>\n<meta property=\"og:url\" content=\"https:\/\/repliquemangacine.fr\/it\/spada-il-cacciatore\/epee-twin-wolf-geralt-de-riv-the-witcher-3-lame-gravee\/\" \/>\n<meta property=\"og:site_name\" content=\"R\u00e9plique Manga Cin\u00e9\" \/>\n<meta property=\"article:publisher\" content=\"https:\/\/www.facebook.com\/RepliqueMangaCine\" \/>\n<meta property=\"article:modified_time\" content=\"2025-12-10T11:44:04+00:00\" \/>\n<meta property=\"og:image\" content=\"https:\/\/repliquemangacine.fr\/wp-content\/uploads\/2023\/10\/2790-Epee-Twin-Wolf-Geralt-de-Riv-The-Witcher-3-Lame-Gravee.png\" \/>\n\t<meta property=\"og:image:width\" content=\"500\" \/>\n\t<meta property=\"og:image:height\" content=\"500\" \/>\n\t<meta property=\"og:image:type\" content=\"image\/png\" \/>\n<meta name=\"twitter:card\" content=\"summary_large_image\" \/>\n<meta name=\"twitter:label1\" content=\"Tempo di lettura stimato\" \/>\n\t<meta name=\"twitter:data1\" content=\"1 minuto\" \/>\n<script type=\"application\/ld+json\" class=\"yoast-schema-graph\">{\"@context\":\"https:\\\/\\\/schema.org\",\"@graph\":[{\"@type\":\"WebPage\",\"@id\":\"https:\\\/\\\/repliquemangacine.fr\\\/epee-the-witcher\\\/epee-twin-wolf-geralt-de-riv-the-witcher-3-lame-gravee\\\/\",\"url\":\"https:\\\/\\\/repliquemangacine.fr\\\/epee-the-witcher\\\/epee-twin-wolf-geralt-de-riv-the-witcher-3-lame-gravee\\\/\",\"name\":\"Ep\u00e9e The Witcher3 Twin-Wolf - Boutique en ligne | RMC\",\"isPartOf\":{\"@id\":\"https:\\\/\\\/repliquemangacine.fr\\\/#website\"},\"primaryImageOfPage\":{\"@id\":\"https:\\\/\\\/repliquemangacine.fr\\\/epee-the-witcher\\\/epee-twin-wolf-geralt-de-riv-the-witcher-3-lame-gravee\\\/#primaryimage\"},\"image\":{\"@id\":\"https:\\\/\\\/repliquemangacine.fr\\\/epee-the-witcher\\\/epee-twin-wolf-geralt-de-riv-the-witcher-3-lame-gravee\\\/#primaryimage\"},\"thumbnailUrl\":\"https:\\\/\\\/repliquemangacine.fr\\\/wp-content\\\/uploads\\\/2023\\\/10\\\/2790-Epee-Twin-Wolf-Geralt-de-Riv-The-Witcher-3-Lame-Gravee.png\",\"datePublished\":\"2019-04-04T15:23:08+00:00\",\"dateModified\":\"2025-12-10T11:44:04+00:00\",\"description\":\"Offrez-vous l'Ep\u00e9e The Witcher3 Twin-Wolf\u00a0au meilleur Prix. Lame acier grav\u00e9e - Fourreau - M\u00e9daillon offert - Longueur : 123cm - Envoi 24\\\/48h\",\"breadcrumb\":{\"@id\":\"https:\\\/\\\/repliquemangacine.fr\\\/epee-the-witcher\\\/epee-twin-wolf-geralt-de-riv-the-witcher-3-lame-gravee\\\/#breadcrumb\"},\"inLanguage\":\"it-IT\",\"potentialAction\":[{\"@type\":\"ReadAction\",\"target\":[\"https:\\\/\\\/repliquemangacine.fr\\\/epee-the-witcher\\\/epee-twin-wolf-geralt-de-riv-the-witcher-3-lame-gravee\\\/\"]}]},{\"@type\":\"ImageObject\",\"inLanguage\":\"it-IT\",\"@id\":\"https:\\\/\\\/repliquemangacine.fr\\\/epee-the-witcher\\\/epee-twin-wolf-geralt-de-riv-the-witcher-3-lame-gravee\\\/#primaryimage\",\"url\":\"https:\\\/\\\/repliquemangacine.fr\\\/wp-content\\\/uploads\\\/2023\\\/10\\\/2790-Epee-Twin-Wolf-Geralt-de-Riv-The-Witcher-3-Lame-Gravee.png\",\"contentUrl\":\"https:\\\/\\\/repliquemangacine.fr\\\/wp-content\\\/uploads\\\/2023\\\/10\\\/2790-Epee-Twin-Wolf-Geralt-de-Riv-The-Witcher-3-Lame-Gravee.png\",\"width\":500,\"height\":500,\"caption\":\"Ep\u00e9e The Witcher3 Twin Wolf\"},{\"@type\":\"BreadcrumbList\",\"@id\":\"https:\\\/\\\/repliquemangacine.fr\\\/epee-the-witcher\\\/epee-twin-wolf-geralt-de-riv-the-witcher-3-lame-gravee\\\/#breadcrumb\",\"itemListElement\":[{\"@type\":\"ListItem\",\"position\":1,\"name\":\"Accueil\",\"item\":\"https:\\\/\\\/repliquemangacine.fr\\\/\"},{\"@type\":\"ListItem\",\"position\":2,\"name\":\"Produits\",\"item\":\"https:\\\/\\\/repliquemangacine.fr\\\/boutique\\\/\"},{\"@type\":\"ListItem\",\"position\":3,\"name\":\"Twin Wolf Grav\u00e9e -The Witcher 3\"}]},{\"@type\":\"WebSite\",\"@id\":\"https:\\\/\\\/repliquemangacine.fr\\\/#website\",\"url\":\"https:\\\/\\\/repliquemangacine.fr\\\/\",\"name\":\"R\u00e9plique Manga Cin\u00e9\",\"description\":\"\",\"publisher\":{\"@id\":\"https:\\\/\\\/repliquemangacine.fr\\\/#organization\"},\"potentialAction\":[{\"@type\":\"SearchAction\",\"target\":{\"@type\":\"EntryPoint\",\"urlTemplate\":\"https:\\\/\\\/repliquemangacine.fr\\\/?s={search_term_string}\"},\"query-input\":{\"@type\":\"PropertyValueSpecification\",\"valueRequired\":true,\"valueName\":\"search_term_string\"}}],\"inLanguage\":\"it-IT\"},{\"@type\":\"Organization\",\"@id\":\"https:\\\/\\\/repliquemangacine.fr\\\/#organization\",\"name\":\"R\u00e9plique Manga Cin\u00e9\",\"url\":\"https:\\\/\\\/repliquemangacine.fr\\\/\",\"logo\":{\"@type\":\"ImageObject\",\"inLanguage\":\"it-IT\",\"@id\":\"https:\\\/\\\/repliquemangacine.fr\\\/#\\\/schema\\\/logo\\\/image\\\/\",\"url\":\"https:\\\/\\\/repliquemangacine.fr\\\/wp-content\\\/uploads\\\/2023\\\/10\\\/RMC-500250.png\",\"contentUrl\":\"https:\\\/\\\/repliquemangacine.fr\\\/wp-content\\\/uploads\\\/2023\\\/10\\\/RMC-500250.png\",\"width\":500,\"height\":250,\"caption\":\"R\u00e9plique Manga Cin\u00e9\"},\"image\":{\"@id\":\"https:\\\/\\\/repliquemangacine.fr\\\/#\\\/schema\\\/logo\\\/image\\\/\"},\"sameAs\":[\"https:\\\/\\\/www.facebook.com\\\/RepliqueMangaCine\",\"https:\\\/\\\/www.instagram.com\\\/repliquemangacine.fr\\\/\"]}]}<\/script>\n<!-- \/ Yoast SEO plugin. -->","yoast_head_json":{"title":"Spada The Witcher3 Twin-Wolf - Boutique en ligne | RMC","description":"Regalati la spada The Witcher3 Twin-Wolf al miglior prezzo. Lama in acciaio incisa - Fodero - Medaglione in omaggio - Lunghezza : 123cm - Spedizione 24\/48h","robots":{"index":"index","follow":"follow","max-snippet":"max-snippet:-1","max-image-preview":"max-image-preview:large","max-video-preview":"max-video-preview:-1"},"canonical":"https:\/\/repliquemangacine.fr\/it\/spada-il-cacciatore\/epee-twin-wolf-geralt-de-riv-the-witcher-3-lame-gravee\/","og_locale":"it_IT","og_type":"article","og_title":"Ep\u00e9e The Witcher3 Twin-Wolf - Boutique en ligne | RMC","og_description":"Offrez-vous l'Ep\u00e9e The Witcher3 Twin-Wolf\u00a0au meilleur Prix. Lame acier grav\u00e9e - Fourreau - M\u00e9daillon offert - Longueur : 123cm - Envoi 24\/48h","og_url":"https:\/\/repliquemangacine.fr\/it\/spada-il-cacciatore\/epee-twin-wolf-geralt-de-riv-the-witcher-3-lame-gravee\/","og_site_name":"R\u00e9plique Manga Cin\u00e9","article_publisher":"https:\/\/www.facebook.com\/RepliqueMangaCine","article_modified_time":"2025-12-10T11:44:04+00:00","og_image":[{"width":500,"height":500,"url":"https:\/\/repliquemangacine.fr\/wp-content\/uploads\/2023\/10\/2790-Epee-Twin-Wolf-Geralt-de-Riv-The-Witcher-3-Lame-Gravee.png","type":"image\/png"}],"twitter_card":"summary_large_image","twitter_misc":{"Tempo di lettura stimato":"1 minuto"},"schema":{"@context":"https:\/\/schema.org","@graph":[{"@type":"WebPage","@id":"https:\/\/repliquemangacine.fr\/epee-the-witcher\/epee-twin-wolf-geralt-de-riv-the-witcher-3-lame-gravee\/","url":"https:\/\/repliquemangacine.fr\/epee-the-witcher\/epee-twin-wolf-geralt-de-riv-the-witcher-3-lame-gravee\/","name":"Spada The Witcher3 Twin-Wolf - Boutique en ligne | RMC","isPartOf":{"@id":"https:\/\/repliquemangacine.fr\/#website"},"primaryImageOfPage":{"@id":"https:\/\/repliquemangacine.fr\/epee-the-witcher\/epee-twin-wolf-geralt-de-riv-the-witcher-3-lame-gravee\/#primaryimage"},"image":{"@id":"https:\/\/repliquemangacine.fr\/epee-the-witcher\/epee-twin-wolf-geralt-de-riv-the-witcher-3-lame-gravee\/#primaryimage"},"thumbnailUrl":"https:\/\/repliquemangacine.fr\/wp-content\/uploads\/2023\/10\/2790-Epee-Twin-Wolf-Geralt-de-Riv-The-Witcher-3-Lame-Gravee.png","datePublished":"2019-04-04T15:23:08+00:00","dateModified":"2025-12-10T11:44:04+00:00","description":"Regalati la spada The Witcher3 Twin-Wolf al miglior prezzo. Lama in acciaio incisa - Fodero - Medaglione in omaggio - Lunghezza : 123cm - Spedizione 24\/48h","breadcrumb":{"@id":"https:\/\/repliquemangacine.fr\/epee-the-witcher\/epee-twin-wolf-geralt-de-riv-the-witcher-3-lame-gravee\/#breadcrumb"},"inLanguage":"it-IT","potentialAction":[{"@type":"ReadAction","target":["https:\/\/repliquemangacine.fr\/epee-the-witcher\/epee-twin-wolf-geralt-de-riv-the-witcher-3-lame-gravee\/"]}]},{"@type":"ImageObject","inLanguage":"it-IT","@id":"https:\/\/repliquemangacine.fr\/epee-the-witcher\/epee-twin-wolf-geralt-de-riv-the-witcher-3-lame-gravee\/#primaryimage","url":"https:\/\/repliquemangacine.fr\/wp-content\/uploads\/2023\/10\/2790-Epee-Twin-Wolf-Geralt-de-Riv-The-Witcher-3-Lame-Gravee.png","contentUrl":"https:\/\/repliquemangacine.fr\/wp-content\/uploads\/2023\/10\/2790-Epee-Twin-Wolf-Geralt-de-Riv-The-Witcher-3-Lame-Gravee.png","width":500,"height":500,"caption":"Ep\u00e9e The Witcher3 Twin Wolf"},{"@type":"BreadcrumbList","@id":"https:\/\/repliquemangacine.fr\/epee-the-witcher\/epee-twin-wolf-geralt-de-riv-the-witcher-3-lame-gravee\/#breadcrumb","itemListElement":[{"@type":"ListItem","position":1,"name":"Accueil","item":"https:\/\/repliquemangacine.fr\/"},{"@type":"ListItem","position":2,"name":"Produits","item":"https:\/\/repliquemangacine.fr\/boutique\/"},{"@type":"ListItem","position":3,"name":"Twin Wolf Grav\u00e9e -The Witcher 3"}]},{"@type":"WebSite","@id":"https:\/\/repliquemangacine.fr\/#website","url":"https:\/\/repliquemangacine.fr\/","name":"R\u00e9plique Manga Cin\u00e9","description":"","publisher":{"@id":"https:\/\/repliquemangacine.fr\/#organization"},"potentialAction":[{"@type":"SearchAction","target":{"@type":"EntryPoint","urlTemplate":"https:\/\/repliquemangacine.fr\/?s={search_term_string}"},"query-input":{"@type":"PropertyValueSpecification","valueRequired":true,"valueName":"search_term_string"}}],"inLanguage":"it-IT"},{"@type":"Organization","@id":"https:\/\/repliquemangacine.fr\/#organization","name":"R\u00e9plique Manga Cin\u00e9","url":"https:\/\/repliquemangacine.fr\/","logo":{"@type":"ImageObject","inLanguage":"it-IT","@id":"https:\/\/repliquemangacine.fr\/#\/schema\/logo\/image\/","url":"https:\/\/repliquemangacine.fr\/wp-content\/uploads\/2023\/10\/RMC-500250.png","contentUrl":"https:\/\/repliquemangacine.fr\/wp-content\/uploads\/2023\/10\/RMC-500250.png","width":500,"height":250,"caption":"R\u00e9plique Manga Cin\u00e9"},"image":{"@id":"https:\/\/repliquemangacine.fr\/#\/schema\/logo\/image\/"},"sameAs":["https:\/\/www.facebook.com\/RepliqueMangaCine","https:\/\/www.instagram.com\/repliquemangacine.fr\/"]}]}},"_links":{"self":[{"href":"https:\/\/repliquemangacine.fr\/it\/wp-json\/wp\/v2\/product\/28068","targetHints":{"allow":["GET"]}}],"collection":[{"href":"https:\/\/repliquemangacine.fr\/it\/wp-json\/wp\/v2\/product"}],"about":[{"href":"https:\/\/repliquemangacine.fr\/it\/wp-json\/wp\/v2\/types\/product"}],"wp:featuredmedia":[{"embeddable":true,"href":"https:\/\/repliquemangacine.fr\/it\/wp-json\/wp\/v2\/media\/28069"}],"wp:attachment":[{"href":"https:\/\/repliquemangacine.fr\/it\/wp-json\/wp\/v2\/media?parent=28068"}],"wp:term":[{"taxonomy":"product_brand","embeddable":true,"href":"https:\/\/repliquemangacine.fr\/it\/wp-json\/wp\/v2\/product_brand?post=28068"},{"taxonomy":"product_cat","embeddable":true,"href":"https:\/\/repliquemangacine.fr\/it\/wp-json\/wp\/v2\/product_cat?post=28068"},{"taxonomy":"product_tag","embeddable":true,"href":"https:\/\/repliquemangacine.fr\/it\/wp-json\/wp\/v2\/product_tag?post=28068"}],"curies":[{"name":"wp","href":"https:\/\/api.w.org\/{rel}","templated":true}]}}