





{"id":28034,"date":"2019-03-14T19:48:40","date_gmt":"2019-03-14T18:48:40","guid":{"rendered":"https:\/\/repliquemangacine.fr\/?post_type=product&#038;p=28034"},"modified":"2026-04-10T11:54:43","modified_gmt":"2026-04-10T09:54:43","slug":"martello-thor-in-metallo-mjolnir-con-base","status":"publish","type":"product","link":"https:\/\/repliquemangacine.fr\/it\/super-heros-marvel\/marteau-de-thor-mjolnir-en-metal-avec-base\/","title":{"rendered":"Martello di Thor in metallo"},"content":{"rendered":"<h2>Il martello di Thor, Mjolnir, nell'universo Marvel.<\/h2>\n<p>Per cominciare, il <strong>Il martello di Thor, Mjolnir<\/strong>, un potente martello da guerra incantato forgiato dai Nani per la famiglia reale asgardiana.<\/p>\n<p>A Thor \u00e8 stato affidato il potente martello Mj\u00f8lnir, \u201cforgiato dal cuore di una stella morente\u201d. Thor pu\u00f2 lanciare Mj\u00f8lnir con grande forza. Aggrappandosi alla cinghia o al perizoma di cuoio, \u00e8 in grado di volare nell'aria a velocit\u00e0 enormi.<\/p>\n<p>Quando Steve Rogers ha impugnato <a href=\"https:\/\/universcinematographiquemarvel.fandom.com\/fr\/wiki\/Mj\u00f8lnir#Capacit\u00e9s\">Mj\u00f8lnir<\/a>Utilizzandolo, Rogers ha acquisito la capacit\u00e0 di evocare fulmini dall'orizzonte circostante. Utilizzandola, Rogers ha acquisito la capacit\u00e0 di evocare fulmini dall'orizzonte circostante.<\/p>\n<h2>Il tuo Martello di Thor Mjolnir al miglior prezzo.<\/h2>\n<p>Offriamo una vasta gamma di repliche dell'universo Marvel.<\/p>\n<p>Innanzitutto,<\/p>\n<ul>\n<li>La replica a grandezza naturale del <a href=\"https:\/\/repliquemangacine.fr\/it\/supereroi\/stormbreaker-hache-marteau-de-thor\/\">Stormbreaker<\/a> (ascia a martello) utilizzata da Thor nel film Avengers, Infinity War.<\/li>\n<li>C'\u00e8 anche il famoso <a href=\"https:\/\/repliquemangacine.fr\/it\/supereroi\/scudo-di-capitan-america-versione-lusso\/\">Lo scudo di Capitan America<\/a> Scala 1\/1, tutto in metallo.<\/li>\n<li>Oltre a una replica a grandezza naturale della<a href=\"https:\/\/repliquemangacine.fr\/it\/supereroi\/replique-epee-god-killer-wonder-woman\/\">Spada God Killer<\/a> ispirato al film Wonder Woman, utilizzato da Diana.<\/li>\n<li>E molti altri da scoprire nel nostro negozio online!<\/li>\n<\/ul>\n<p>Ecco quindi un'ottima idea regalo per tutti i fan dei supereroi Marvel<\/p>\n<p>In conclusione, \u00e8 possibile utilizzare il metodo <strong>Il martello di Thor, Mjolnir<\/strong> per le sfilate Cosplay. Ma soprattutto, \u00e8 un oggetto da collezione e una decorazione.<\/p>\n<h2>Come vengono prodotti i nostri prodotti Marvel?<\/h2>\n<p>Per cominciare, tutti i nostri prodotti derivati sono di altissima qualit\u00e0, realizzati con una meticolosa attenzione ai dettagli. Alcuni di essi sono realizzati a mano, per riprodurre i minimi dettagli. Le parti pi\u00f9 importanti sono lavorate con macchine molto precise. Le incisioni sono generalmente realizzate con una punta di diamante o con il laser.<\/p>\n<p>Il tuo <strong>Il martello di Thor, Mjolnir<\/strong> \u00e8 stato realizzato per riprodurre esattamente ogni dettaglio. Interamente in metallo con incisioni sulla massa. Supporto a forma di roccia in resina stampata.<\/p>\n<p>In conclusione, importate dalla Cina o dalla Spagna, le nostre repliche vi stupiranno!<\/p>\n<p>R\u00e9plique Manga Cin\u00e9 \u00e8 un'azienda familiare francese.<\/p>","protected":false},"excerpt":{"rendered":"<p>Replica del martello Mj\u00f6lnir usato da Thor.<\/p>\n<ul>\n<li>Realizzato in metallo di alta qualit\u00e0.<\/li>\n<li>Massa scolpita identica.<\/li>\n<li>Cinturino in pelle.<\/li>\n<li>Piedistallo di presentazione in resina.<\/li>\n<li>Dimensioni totali del martello: lunghezza 45 cm x larghezza 22,5 cm x profondit\u00e0 13,5 cm.<\/li>\n<li>Dimensioni del supporto: lunghezza 28 cm x larghezza 24 cm x altezza 8,5 cm<\/li>\n<li>Peso totale: 5,4 kg<\/li>\n<\/ul>","protected":false},"featured_media":28035,"template":"","meta":[],"product_brand":[896],"product_cat":[24,59],"product_tag":[534,548,549],"class_list":{"0":"post-28034","1":"product","2":"type-product","3":"status-publish","4":"has-post-thumbnail","6":"product_brand-replique-manga-cine","7":"product_cat-films-series-tv-vente-de-katana-epee-et-produits-derives","8":"product_cat-super-heros-marvel","9":"product_tag-marteau-de-thor","10":"product_tag-marteau-marvel","11":"product_tag-marteau-mjollnir","13":"first","14":"instock","15":"taxable","16":"shipping-taxable","17":"purchasable","18":"product-type-simple"},"yoast_head":"<!-- This site is optimized with the Yoast SEO plugin v27.4 - https:\/\/yoast.com\/product\/yoast-seo-wordpress\/ -->\n<title>Marteau de Thor Mjolnir - En m\u00e9tal - Echelle 1\/1 - Support | RMC<\/title>\n<meta name=\"description\" content=\"Achetez vite votre Marteau de Thor Mjolnir au meilleur prix. Tout en m\u00e9tal - Base de pr\u00e9sentation en r\u00e9sine moul\u00e9 - Longueur : 45 cm - Poids : 5.4 kg\" \/>\n<meta name=\"robots\" content=\"index, follow, max-snippet:-1, max-image-preview:large, max-video-preview:-1\" \/>\n<link rel=\"canonical\" href=\"https:\/\/repliquemangacine.fr\/it\/supereroi-marvel\/martello-thor-in-metallo-mjolnir-con-base\/\" \/>\n<meta property=\"og:locale\" content=\"it_IT\" \/>\n<meta property=\"og:type\" content=\"article\" \/>\n<meta property=\"og:title\" content=\"Marteau de Thor Mjolnir - En m\u00e9tal - Echelle 1\/1 - Support | RMC\" \/>\n<meta property=\"og:description\" content=\"Achetez vite votre Marteau de Thor Mjolnir au meilleur prix. Tout en m\u00e9tal - Base de pr\u00e9sentation en r\u00e9sine moul\u00e9 - Longueur : 45 cm - Poids : 5.4 kg\" \/>\n<meta property=\"og:url\" content=\"https:\/\/repliquemangacine.fr\/it\/supereroi-marvel\/martello-thor-in-metallo-mjolnir-con-base\/\" \/>\n<meta property=\"og:site_name\" content=\"R\u00e9plique Manga Cin\u00e9\" \/>\n<meta property=\"article:publisher\" content=\"https:\/\/www.facebook.com\/RepliqueMangaCine\" \/>\n<meta property=\"article:modified_time\" content=\"2026-04-10T09:54:43+00:00\" \/>\n<meta property=\"og:image\" content=\"https:\/\/repliquemangacine.fr\/wp-content\/uploads\/2023\/10\/2758-Marteau-de-Thor-Mjollnir-Full-Metal-marvel.jpg\" \/>\n\t<meta property=\"og:image:width\" content=\"800\" \/>\n\t<meta property=\"og:image:height\" content=\"800\" \/>\n\t<meta property=\"og:image:type\" content=\"image\/jpeg\" \/>\n<meta name=\"twitter:card\" content=\"summary_large_image\" \/>\n<meta name=\"twitter:label1\" content=\"Tempo di lettura stimato\" \/>\n\t<meta name=\"twitter:data1\" content=\"2 minuti\" \/>\n<script type=\"application\/ld+json\" class=\"yoast-schema-graph\">{\"@context\":\"https:\\\/\\\/schema.org\",\"@graph\":[{\"@type\":\"WebPage\",\"@id\":\"https:\\\/\\\/repliquemangacine.fr\\\/super-heros-marvel\\\/marteau-de-thor-mjolnir-en-metal-avec-base\\\/\",\"url\":\"https:\\\/\\\/repliquemangacine.fr\\\/super-heros-marvel\\\/marteau-de-thor-mjolnir-en-metal-avec-base\\\/\",\"name\":\"Marteau de Thor Mjolnir - En m\u00e9tal - Echelle 1\\\/1 - Support | RMC\",\"isPartOf\":{\"@id\":\"https:\\\/\\\/repliquemangacine.fr\\\/#website\"},\"primaryImageOfPage\":{\"@id\":\"https:\\\/\\\/repliquemangacine.fr\\\/super-heros-marvel\\\/marteau-de-thor-mjolnir-en-metal-avec-base\\\/#primaryimage\"},\"image\":{\"@id\":\"https:\\\/\\\/repliquemangacine.fr\\\/super-heros-marvel\\\/marteau-de-thor-mjolnir-en-metal-avec-base\\\/#primaryimage\"},\"thumbnailUrl\":\"https:\\\/\\\/repliquemangacine.fr\\\/wp-content\\\/uploads\\\/2023\\\/10\\\/2758-Marteau-de-Thor-Mjollnir-Full-Metal-marvel.jpg\",\"datePublished\":\"2019-03-14T18:48:40+00:00\",\"dateModified\":\"2026-04-10T09:54:43+00:00\",\"description\":\"Achetez vite votre Marteau de Thor Mjolnir au meilleur prix. Tout en m\u00e9tal - Base de pr\u00e9sentation en r\u00e9sine moul\u00e9 - Longueur : 45 cm - Poids : 5.4 kg\",\"breadcrumb\":{\"@id\":\"https:\\\/\\\/repliquemangacine.fr\\\/super-heros-marvel\\\/marteau-de-thor-mjolnir-en-metal-avec-base\\\/#breadcrumb\"},\"inLanguage\":\"it-IT\",\"potentialAction\":[{\"@type\":\"ReadAction\",\"target\":[\"https:\\\/\\\/repliquemangacine.fr\\\/super-heros-marvel\\\/marteau-de-thor-mjolnir-en-metal-avec-base\\\/\"]}]},{\"@type\":\"ImageObject\",\"inLanguage\":\"it-IT\",\"@id\":\"https:\\\/\\\/repliquemangacine.fr\\\/super-heros-marvel\\\/marteau-de-thor-mjolnir-en-metal-avec-base\\\/#primaryimage\",\"url\":\"https:\\\/\\\/repliquemangacine.fr\\\/wp-content\\\/uploads\\\/2023\\\/10\\\/2758-Marteau-de-Thor-Mjollnir-Full-Metal-marvel.jpg\",\"contentUrl\":\"https:\\\/\\\/repliquemangacine.fr\\\/wp-content\\\/uploads\\\/2023\\\/10\\\/2758-Marteau-de-Thor-Mjollnir-Full-Metal-marvel.jpg\",\"width\":800,\"height\":800,\"caption\":\"Marteau de Thor, Mj\u00f6llnir Full M\u00e9tal, marvel\"},{\"@type\":\"BreadcrumbList\",\"@id\":\"https:\\\/\\\/repliquemangacine.fr\\\/super-heros-marvel\\\/marteau-de-thor-mjolnir-en-metal-avec-base\\\/#breadcrumb\",\"itemListElement\":[{\"@type\":\"ListItem\",\"position\":1,\"name\":\"Accueil\",\"item\":\"https:\\\/\\\/repliquemangacine.fr\\\/\"},{\"@type\":\"ListItem\",\"position\":2,\"name\":\"Produits\",\"item\":\"https:\\\/\\\/repliquemangacine.fr\\\/boutique\\\/\"},{\"@type\":\"ListItem\",\"position\":3,\"name\":\"Marteau de Thor M\u00e9tal\"}]},{\"@type\":\"WebSite\",\"@id\":\"https:\\\/\\\/repliquemangacine.fr\\\/#website\",\"url\":\"https:\\\/\\\/repliquemangacine.fr\\\/\",\"name\":\"R\u00e9plique Manga Cin\u00e9\",\"description\":\"\",\"publisher\":{\"@id\":\"https:\\\/\\\/repliquemangacine.fr\\\/#organization\"},\"potentialAction\":[{\"@type\":\"SearchAction\",\"target\":{\"@type\":\"EntryPoint\",\"urlTemplate\":\"https:\\\/\\\/repliquemangacine.fr\\\/?s={search_term_string}\"},\"query-input\":{\"@type\":\"PropertyValueSpecification\",\"valueRequired\":true,\"valueName\":\"search_term_string\"}}],\"inLanguage\":\"it-IT\"},{\"@type\":\"Organization\",\"@id\":\"https:\\\/\\\/repliquemangacine.fr\\\/#organization\",\"name\":\"R\u00e9plique Manga Cin\u00e9\",\"url\":\"https:\\\/\\\/repliquemangacine.fr\\\/\",\"logo\":{\"@type\":\"ImageObject\",\"inLanguage\":\"it-IT\",\"@id\":\"https:\\\/\\\/repliquemangacine.fr\\\/#\\\/schema\\\/logo\\\/image\\\/\",\"url\":\"https:\\\/\\\/repliquemangacine.fr\\\/wp-content\\\/uploads\\\/2023\\\/10\\\/RMC-500250.png\",\"contentUrl\":\"https:\\\/\\\/repliquemangacine.fr\\\/wp-content\\\/uploads\\\/2023\\\/10\\\/RMC-500250.png\",\"width\":500,\"height\":250,\"caption\":\"R\u00e9plique Manga Cin\u00e9\"},\"image\":{\"@id\":\"https:\\\/\\\/repliquemangacine.fr\\\/#\\\/schema\\\/logo\\\/image\\\/\"},\"sameAs\":[\"https:\\\/\\\/www.facebook.com\\\/RepliqueMangaCine\",\"https:\\\/\\\/www.instagram.com\\\/repliquemangacine.fr\\\/\"]}]}<\/script>\n<!-- \/ Yoast SEO plugin. -->","yoast_head_json":{"title":"Martello di Thor Mjolnir - Metallo - Scala 1\/1 - Supporto | RMC","description":"Acquista ora il tuo Martello di Thor Mjolnir al miglior prezzo. Tutto in metallo - Base di presentazione in resina stampata - Lunghezza : 45 cm - Peso : 5,4 kg","robots":{"index":"index","follow":"follow","max-snippet":"max-snippet:-1","max-image-preview":"max-image-preview:large","max-video-preview":"max-video-preview:-1"},"canonical":"https:\/\/repliquemangacine.fr\/it\/supereroi-marvel\/martello-thor-in-metallo-mjolnir-con-base\/","og_locale":"it_IT","og_type":"article","og_title":"Marteau de Thor Mjolnir - En m\u00e9tal - Echelle 1\/1 - Support | RMC","og_description":"Achetez vite votre Marteau de Thor Mjolnir au meilleur prix. Tout en m\u00e9tal - Base de pr\u00e9sentation en r\u00e9sine moul\u00e9 - Longueur : 45 cm - Poids : 5.4 kg","og_url":"https:\/\/repliquemangacine.fr\/it\/supereroi-marvel\/martello-thor-in-metallo-mjolnir-con-base\/","og_site_name":"R\u00e9plique Manga Cin\u00e9","article_publisher":"https:\/\/www.facebook.com\/RepliqueMangaCine","article_modified_time":"2026-04-10T09:54:43+00:00","og_image":[{"width":800,"height":800,"url":"https:\/\/repliquemangacine.fr\/wp-content\/uploads\/2023\/10\/2758-Marteau-de-Thor-Mjollnir-Full-Metal-marvel.jpg","type":"image\/jpeg"}],"twitter_card":"summary_large_image","twitter_misc":{"Tempo di lettura stimato":"2 minuti"},"schema":{"@context":"https:\/\/schema.org","@graph":[{"@type":"WebPage","@id":"https:\/\/repliquemangacine.fr\/super-heros-marvel\/marteau-de-thor-mjolnir-en-metal-avec-base\/","url":"https:\/\/repliquemangacine.fr\/super-heros-marvel\/marteau-de-thor-mjolnir-en-metal-avec-base\/","name":"Martello di Thor Mjolnir - Metallo - Scala 1\/1 - Supporto | RMC","isPartOf":{"@id":"https:\/\/repliquemangacine.fr\/#website"},"primaryImageOfPage":{"@id":"https:\/\/repliquemangacine.fr\/super-heros-marvel\/marteau-de-thor-mjolnir-en-metal-avec-base\/#primaryimage"},"image":{"@id":"https:\/\/repliquemangacine.fr\/super-heros-marvel\/marteau-de-thor-mjolnir-en-metal-avec-base\/#primaryimage"},"thumbnailUrl":"https:\/\/repliquemangacine.fr\/wp-content\/uploads\/2023\/10\/2758-Marteau-de-Thor-Mjollnir-Full-Metal-marvel.jpg","datePublished":"2019-03-14T18:48:40+00:00","dateModified":"2026-04-10T09:54:43+00:00","description":"Acquista ora il tuo Martello di Thor Mjolnir al miglior prezzo. Tutto in metallo - Base di presentazione in resina stampata - Lunghezza : 45 cm - Peso : 5,4 kg","breadcrumb":{"@id":"https:\/\/repliquemangacine.fr\/super-heros-marvel\/marteau-de-thor-mjolnir-en-metal-avec-base\/#breadcrumb"},"inLanguage":"it-IT","potentialAction":[{"@type":"ReadAction","target":["https:\/\/repliquemangacine.fr\/super-heros-marvel\/marteau-de-thor-mjolnir-en-metal-avec-base\/"]}]},{"@type":"ImageObject","inLanguage":"it-IT","@id":"https:\/\/repliquemangacine.fr\/super-heros-marvel\/marteau-de-thor-mjolnir-en-metal-avec-base\/#primaryimage","url":"https:\/\/repliquemangacine.fr\/wp-content\/uploads\/2023\/10\/2758-Marteau-de-Thor-Mjollnir-Full-Metal-marvel.jpg","contentUrl":"https:\/\/repliquemangacine.fr\/wp-content\/uploads\/2023\/10\/2758-Marteau-de-Thor-Mjollnir-Full-Metal-marvel.jpg","width":800,"height":800,"caption":"Marteau de Thor, Mj\u00f6llnir Full M\u00e9tal, marvel"},{"@type":"BreadcrumbList","@id":"https:\/\/repliquemangacine.fr\/super-heros-marvel\/marteau-de-thor-mjolnir-en-metal-avec-base\/#breadcrumb","itemListElement":[{"@type":"ListItem","position":1,"name":"Accueil","item":"https:\/\/repliquemangacine.fr\/"},{"@type":"ListItem","position":2,"name":"Produits","item":"https:\/\/repliquemangacine.fr\/boutique\/"},{"@type":"ListItem","position":3,"name":"Marteau de Thor M\u00e9tal"}]},{"@type":"WebSite","@id":"https:\/\/repliquemangacine.fr\/#website","url":"https:\/\/repliquemangacine.fr\/","name":"R\u00e9plique Manga Cin\u00e9","description":"","publisher":{"@id":"https:\/\/repliquemangacine.fr\/#organization"},"potentialAction":[{"@type":"SearchAction","target":{"@type":"EntryPoint","urlTemplate":"https:\/\/repliquemangacine.fr\/?s={search_term_string}"},"query-input":{"@type":"PropertyValueSpecification","valueRequired":true,"valueName":"search_term_string"}}],"inLanguage":"it-IT"},{"@type":"Organization","@id":"https:\/\/repliquemangacine.fr\/#organization","name":"R\u00e9plique Manga Cin\u00e9","url":"https:\/\/repliquemangacine.fr\/","logo":{"@type":"ImageObject","inLanguage":"it-IT","@id":"https:\/\/repliquemangacine.fr\/#\/schema\/logo\/image\/","url":"https:\/\/repliquemangacine.fr\/wp-content\/uploads\/2023\/10\/RMC-500250.png","contentUrl":"https:\/\/repliquemangacine.fr\/wp-content\/uploads\/2023\/10\/RMC-500250.png","width":500,"height":250,"caption":"R\u00e9plique Manga Cin\u00e9"},"image":{"@id":"https:\/\/repliquemangacine.fr\/#\/schema\/logo\/image\/"},"sameAs":["https:\/\/www.facebook.com\/RepliqueMangaCine","https:\/\/www.instagram.com\/repliquemangacine.fr\/"]}]}},"_links":{"self":[{"href":"https:\/\/repliquemangacine.fr\/it\/wp-json\/wp\/v2\/product\/28034","targetHints":{"allow":["GET"]}}],"collection":[{"href":"https:\/\/repliquemangacine.fr\/it\/wp-json\/wp\/v2\/product"}],"about":[{"href":"https:\/\/repliquemangacine.fr\/it\/wp-json\/wp\/v2\/types\/product"}],"wp:featuredmedia":[{"embeddable":true,"href":"https:\/\/repliquemangacine.fr\/it\/wp-json\/wp\/v2\/media\/28035"}],"wp:attachment":[{"href":"https:\/\/repliquemangacine.fr\/it\/wp-json\/wp\/v2\/media?parent=28034"}],"wp:term":[{"taxonomy":"product_brand","embeddable":true,"href":"https:\/\/repliquemangacine.fr\/it\/wp-json\/wp\/v2\/product_brand?post=28034"},{"taxonomy":"product_cat","embeddable":true,"href":"https:\/\/repliquemangacine.fr\/it\/wp-json\/wp\/v2\/product_cat?post=28034"},{"taxonomy":"product_tag","embeddable":true,"href":"https:\/\/repliquemangacine.fr\/it\/wp-json\/wp\/v2\/product_tag?post=28034"}],"curies":[{"name":"wp","href":"https:\/\/api.w.org\/{rel}","templated":true}]}}