





{"id":28028,"date":"2019-03-14T19:04:59","date_gmt":"2019-03-14T18:04:59","guid":{"rendered":"https:\/\/repliquemangacine.fr\/?post_type=product&#038;p=28028"},"modified":"2025-11-17T14:37:40","modified_gmt":"2025-11-17T13:37:40","slug":"scudo-di-capitan-america-versione-lusso","status":"publish","type":"product","link":"https:\/\/repliquemangacine.fr\/it\/super-heros-marvel\/bouclier-captain-america-version-luxe\/","title":{"rendered":"Scudo di Capitan America"},"content":{"rendered":"<h2>Lo scudo di Capitan America - Marvel.<\/h2>\n<p>Per cominciare, il <strong>Scudo di Capitan America<\/strong> \u00e8 l'arma principale di Rogers. Realizzato interamente in Vibranio, \u00e8 praticamente indistruttibile. La composizione del Vibranio permette allo scudo di assorbire e riflettere l'energia cinetica degli urti.<\/p>\n<p>Praticamente tutti i tipi di armi umane non riescono a danneggiarlo: i proiettili rimbalzano. Lo scudo \u00e8 anche abbastanza forte da combattere armi magiche e mistiche, come il martello di Thor, Mj\u00f8lnir.<\/p>\n<p>Considerato da molti il primo e pi\u00f9 grande supereroe del mondo, <a href=\"https:\/\/universcinematographiquemarvel.fandom.com\/fr\/wiki\/Steve_Rogers#Personnalit\u00e9\" target=\"_blank\" rel=\"noopener noreferrer\">Steve Rogers<\/a> \u00e8 stato definito dal suo coraggio, patriottismo e rettitudine. Rogers ha sempre avuto uno spirito nobile e onesto, intollerante alle ingiustizie e agli abusi di potere.<\/p>\n<h2>Il vostro scudo di Capitan America al miglior prezzo.<\/h2>\n<p>Offriamo una vasta gamma di repliche dell'universo Marvel.<\/p>\n<p>Innanzitutto,<\/p>\n<ul>\n<li>L'ascia a martello di Thor il <a href=\"https:\/\/repliquemangacine.fr\/it\/supereroi\/stormbreaker-hache-marteau-de-thor\/\">Stormbreaker<\/a> Scala 1\/1 in resina.<\/li>\n<li>C'\u00e8 anche la spada<a href=\"https:\/\/repliquemangacine.fr\/it\/supereroi\/epee-wonder-woman-justice-league\/\"> di Wonder Woman<\/a> alias Diana Principe di Themyscira con le sue rune elfiche sulla lama.<\/li>\n<li>Cos\u00ec come la replica della replica della replica del <a href=\"https:\/\/repliquemangacine.fr\/it\/film-serie-tv-vendita-di-spade-katana-e-prodotti-correlati\/x-men-griffes-de-wolverine-replique\/\">Gli artigli di Wolverine<\/a> utilizzato da Logan Wolverine.<\/li>\n<li>E molti altri da scoprire nel nostro negozio online!<\/li>\n<\/ul>\n<p>Ecco quindi un'ottima idea regalo per tutti i fan dei supereroi Marvel<\/p>\n<p>In conclusione, \u00e8 possibile utilizzare il metodo <strong>Scudo di Capitan America<\/strong> per le sfilate Cosplay. Ma soprattutto, \u00e8 un oggetto da collezione e una decorazione.<\/p>\n<h2>Come sono fatti i nostri merchandising Avengers Marvel?<\/h2>\n<p>Per cominciare, tutti i nostri prodotti derivati sono di altissima qualit\u00e0, realizzati con una meticolosa attenzione ai dettagli. Alcuni di essi sono realizzati a mano, per riprodurre i minimi dettagli. Le parti pi\u00f9 importanti sono lavorate con macchine molto precise. Le incisioni sono generalmente realizzate con una punta di diamante o con il laser.<\/p>\n<p>Il tuo <strong>Scudo di Capitan America<\/strong> \u00e8 stato realizzato per riprodurre esattamente ogni dettaglio. Lega di alluminio aereo altamente resistente. Processo di fabbricazione: pressofusione, placcatura. Trattamento superficiale: vernice automobilistica anticorrosione, trattata per ottenere un effetto quasi a specchio.<\/p>\n<p>In conclusione, importate dalla Cina o dalla Spagna, le nostre repliche vi stupiranno!<\/p>\n<p>R\u00e9plique Manga Cin\u00e9 \u00e8 un'azienda familiare francese.<\/p>","protected":false},"excerpt":{"rendered":"<p>Replica non ufficiale dello scudo di Capitan America.<\/p>\n<ul>\n<li>Lega di alluminio aereo altamente resistente.<\/li>\n<li>Processo di produzione: pressofusione, placcatura.<\/li>\n<li>Trattamento superficiale anticorrosione per la vernice dell'auto, trattato per ottenere un effetto quasi a specchio.<\/li>\n<li>Cinturini in pelle marrone di alta qualit\u00e0.<\/li>\n<li>Supporto in legno.<\/li>\n<li>Scala 1\/1<\/li>\n<li>Diametro: 60 cm - Peso: 3,2 kg<\/li>\n<\/ul>","protected":false},"featured_media":28029,"template":"","meta":[],"product_brand":[896],"product_cat":[24,59],"product_tag":[543,544],"class_list":{"0":"post-28028","1":"product","2":"type-product","3":"status-publish","4":"has-post-thumbnail","6":"product_brand-replique-manga-cine","7":"product_cat-films-series-tv-vente-de-katana-epee-et-produits-derives","8":"product_cat-super-heros-marvel","9":"product_tag-bouclier-captain-america","10":"product_tag-bouclier-de-steve-rogers","12":"first","13":"instock","14":"taxable","15":"shipping-taxable","16":"purchasable","17":"product-type-simple"},"yoast_head":"<!-- This site is optimized with the Yoast SEO plugin v27.4 - https:\/\/yoast.com\/product\/yoast-seo-wordpress\/ -->\n<title>Bouclier Captain America - Echelle 1\/1 - R\u00e9plique Manga Cin\u00e9<\/title>\n<meta name=\"description\" content=\"Commandez vite! Votre Bouclier Captain America, entrez dans le combat comme Steve Rogers. Vous allez faire fureur dans les conventions et d\u00e9fil\u00e9s de Cosplay\" \/>\n<meta name=\"robots\" content=\"index, follow, max-snippet:-1, max-image-preview:large, max-video-preview:-1\" \/>\n<link rel=\"canonical\" href=\"https:\/\/repliquemangacine.fr\/it\/supereroi-marvel\/scudo-di-capitan-america-versione-lusso\/\" \/>\n<meta property=\"og:locale\" content=\"it_IT\" \/>\n<meta property=\"og:type\" content=\"article\" \/>\n<meta property=\"og:title\" content=\"Bouclier Captain America - Echelle 1\/1 - R\u00e9plique Manga Cin\u00e9\" \/>\n<meta property=\"og:description\" content=\"Commandez vite! Votre Bouclier Captain America, entrez dans le combat comme Steve Rogers. Vous allez faire fureur dans les conventions et d\u00e9fil\u00e9s de Cosplay\" \/>\n<meta property=\"og:url\" content=\"https:\/\/repliquemangacine.fr\/it\/supereroi-marvel\/scudo-di-capitan-america-versione-lusso\/\" \/>\n<meta property=\"og:site_name\" content=\"R\u00e9plique Manga Cin\u00e9\" \/>\n<meta property=\"article:publisher\" content=\"https:\/\/www.facebook.com\/RepliqueMangaCine\" \/>\n<meta property=\"article:modified_time\" content=\"2025-11-17T13:37:40+00:00\" \/>\n<meta property=\"og:image\" content=\"https:\/\/repliquemangacine.fr\/wp-content\/uploads\/2023\/10\/2754-Bouclier-Captain-America-full-metal.jpg\" \/>\n\t<meta property=\"og:image:width\" content=\"800\" \/>\n\t<meta property=\"og:image:height\" content=\"800\" \/>\n\t<meta property=\"og:image:type\" content=\"image\/jpeg\" \/>\n<meta name=\"twitter:card\" content=\"summary_large_image\" \/>\n<meta name=\"twitter:label1\" content=\"Tempo di lettura stimato\" \/>\n\t<meta name=\"twitter:data1\" content=\"2 minuti\" \/>\n<script type=\"application\/ld+json\" class=\"yoast-schema-graph\">{\"@context\":\"https:\\\/\\\/schema.org\",\"@graph\":[{\"@type\":\"WebPage\",\"@id\":\"https:\\\/\\\/repliquemangacine.fr\\\/super-heros-marvel\\\/bouclier-captain-america-version-luxe\\\/\",\"url\":\"https:\\\/\\\/repliquemangacine.fr\\\/super-heros-marvel\\\/bouclier-captain-america-version-luxe\\\/\",\"name\":\"Bouclier Captain America - Echelle 1\\\/1 - R\u00e9plique Manga Cin\u00e9\",\"isPartOf\":{\"@id\":\"https:\\\/\\\/repliquemangacine.fr\\\/#website\"},\"primaryImageOfPage\":{\"@id\":\"https:\\\/\\\/repliquemangacine.fr\\\/super-heros-marvel\\\/bouclier-captain-america-version-luxe\\\/#primaryimage\"},\"image\":{\"@id\":\"https:\\\/\\\/repliquemangacine.fr\\\/super-heros-marvel\\\/bouclier-captain-america-version-luxe\\\/#primaryimage\"},\"thumbnailUrl\":\"https:\\\/\\\/repliquemangacine.fr\\\/wp-content\\\/uploads\\\/2023\\\/10\\\/2754-Bouclier-Captain-America-full-metal.jpg\",\"datePublished\":\"2019-03-14T18:04:59+00:00\",\"dateModified\":\"2025-11-17T13:37:40+00:00\",\"description\":\"Commandez vite! Votre Bouclier Captain America, entrez dans le combat comme Steve Rogers. Vous allez faire fureur dans les conventions et d\u00e9fil\u00e9s de Cosplay\",\"breadcrumb\":{\"@id\":\"https:\\\/\\\/repliquemangacine.fr\\\/super-heros-marvel\\\/bouclier-captain-america-version-luxe\\\/#breadcrumb\"},\"inLanguage\":\"it-IT\",\"potentialAction\":[{\"@type\":\"ReadAction\",\"target\":[\"https:\\\/\\\/repliquemangacine.fr\\\/super-heros-marvel\\\/bouclier-captain-america-version-luxe\\\/\"]}]},{\"@type\":\"ImageObject\",\"inLanguage\":\"it-IT\",\"@id\":\"https:\\\/\\\/repliquemangacine.fr\\\/super-heros-marvel\\\/bouclier-captain-america-version-luxe\\\/#primaryimage\",\"url\":\"https:\\\/\\\/repliquemangacine.fr\\\/wp-content\\\/uploads\\\/2023\\\/10\\\/2754-Bouclier-Captain-America-full-metal.jpg\",\"contentUrl\":\"https:\\\/\\\/repliquemangacine.fr\\\/wp-content\\\/uploads\\\/2023\\\/10\\\/2754-Bouclier-Captain-America-full-metal.jpg\",\"width\":800,\"height\":800,\"caption\":\"Bouclier Captain Am\u00e9rica full metal\"},{\"@type\":\"BreadcrumbList\",\"@id\":\"https:\\\/\\\/repliquemangacine.fr\\\/super-heros-marvel\\\/bouclier-captain-america-version-luxe\\\/#breadcrumb\",\"itemListElement\":[{\"@type\":\"ListItem\",\"position\":1,\"name\":\"Accueil\",\"item\":\"https:\\\/\\\/repliquemangacine.fr\\\/\"},{\"@type\":\"ListItem\",\"position\":2,\"name\":\"Produits\",\"item\":\"https:\\\/\\\/repliquemangacine.fr\\\/boutique\\\/\"},{\"@type\":\"ListItem\",\"position\":3,\"name\":\"Bouclier Captain America\"}]},{\"@type\":\"WebSite\",\"@id\":\"https:\\\/\\\/repliquemangacine.fr\\\/#website\",\"url\":\"https:\\\/\\\/repliquemangacine.fr\\\/\",\"name\":\"R\u00e9plique Manga Cin\u00e9\",\"description\":\"\",\"publisher\":{\"@id\":\"https:\\\/\\\/repliquemangacine.fr\\\/#organization\"},\"potentialAction\":[{\"@type\":\"SearchAction\",\"target\":{\"@type\":\"EntryPoint\",\"urlTemplate\":\"https:\\\/\\\/repliquemangacine.fr\\\/?s={search_term_string}\"},\"query-input\":{\"@type\":\"PropertyValueSpecification\",\"valueRequired\":true,\"valueName\":\"search_term_string\"}}],\"inLanguage\":\"it-IT\"},{\"@type\":\"Organization\",\"@id\":\"https:\\\/\\\/repliquemangacine.fr\\\/#organization\",\"name\":\"R\u00e9plique Manga Cin\u00e9\",\"url\":\"https:\\\/\\\/repliquemangacine.fr\\\/\",\"logo\":{\"@type\":\"ImageObject\",\"inLanguage\":\"it-IT\",\"@id\":\"https:\\\/\\\/repliquemangacine.fr\\\/#\\\/schema\\\/logo\\\/image\\\/\",\"url\":\"https:\\\/\\\/repliquemangacine.fr\\\/wp-content\\\/uploads\\\/2023\\\/10\\\/RMC-500250.png\",\"contentUrl\":\"https:\\\/\\\/repliquemangacine.fr\\\/wp-content\\\/uploads\\\/2023\\\/10\\\/RMC-500250.png\",\"width\":500,\"height\":250,\"caption\":\"R\u00e9plique Manga Cin\u00e9\"},\"image\":{\"@id\":\"https:\\\/\\\/repliquemangacine.fr\\\/#\\\/schema\\\/logo\\\/image\\\/\"},\"sameAs\":[\"https:\\\/\\\/www.facebook.com\\\/RepliqueMangaCine\",\"https:\\\/\\\/www.instagram.com\\\/repliquemangacine.fr\\\/\"]}]}<\/script>\n<!-- \/ Yoast SEO plugin. -->","yoast_head_json":{"title":"Scudo di Capitan America - Scala 1\/1 - R\u00e9plique Manga Cin\u00e9","description":"Ordinate ora! Lo scudo di Capitan America, per combattere come Steve Rogers. Sarai il pi\u00f9 richiesto alle convention e alle parate Cosplay!","robots":{"index":"index","follow":"follow","max-snippet":"max-snippet:-1","max-image-preview":"max-image-preview:large","max-video-preview":"max-video-preview:-1"},"canonical":"https:\/\/repliquemangacine.fr\/it\/supereroi-marvel\/scudo-di-capitan-america-versione-lusso\/","og_locale":"it_IT","og_type":"article","og_title":"Bouclier Captain America - Echelle 1\/1 - R\u00e9plique Manga Cin\u00e9","og_description":"Commandez vite! Votre Bouclier Captain America, entrez dans le combat comme Steve Rogers. Vous allez faire fureur dans les conventions et d\u00e9fil\u00e9s de Cosplay","og_url":"https:\/\/repliquemangacine.fr\/it\/supereroi-marvel\/scudo-di-capitan-america-versione-lusso\/","og_site_name":"R\u00e9plique Manga Cin\u00e9","article_publisher":"https:\/\/www.facebook.com\/RepliqueMangaCine","article_modified_time":"2025-11-17T13:37:40+00:00","og_image":[{"width":800,"height":800,"url":"https:\/\/repliquemangacine.fr\/wp-content\/uploads\/2023\/10\/2754-Bouclier-Captain-America-full-metal.jpg","type":"image\/jpeg"}],"twitter_card":"summary_large_image","twitter_misc":{"Tempo di lettura stimato":"2 minuti"},"schema":{"@context":"https:\/\/schema.org","@graph":[{"@type":"WebPage","@id":"https:\/\/repliquemangacine.fr\/super-heros-marvel\/bouclier-captain-america-version-luxe\/","url":"https:\/\/repliquemangacine.fr\/super-heros-marvel\/bouclier-captain-america-version-luxe\/","name":"Scudo di Capitan America - Scala 1\/1 - R\u00e9plique Manga Cin\u00e9","isPartOf":{"@id":"https:\/\/repliquemangacine.fr\/#website"},"primaryImageOfPage":{"@id":"https:\/\/repliquemangacine.fr\/super-heros-marvel\/bouclier-captain-america-version-luxe\/#primaryimage"},"image":{"@id":"https:\/\/repliquemangacine.fr\/super-heros-marvel\/bouclier-captain-america-version-luxe\/#primaryimage"},"thumbnailUrl":"https:\/\/repliquemangacine.fr\/wp-content\/uploads\/2023\/10\/2754-Bouclier-Captain-America-full-metal.jpg","datePublished":"2019-03-14T18:04:59+00:00","dateModified":"2025-11-17T13:37:40+00:00","description":"Ordinate ora! Lo scudo di Capitan America, per combattere come Steve Rogers. Sarai il pi\u00f9 richiesto alle convention e alle parate Cosplay!","breadcrumb":{"@id":"https:\/\/repliquemangacine.fr\/super-heros-marvel\/bouclier-captain-america-version-luxe\/#breadcrumb"},"inLanguage":"it-IT","potentialAction":[{"@type":"ReadAction","target":["https:\/\/repliquemangacine.fr\/super-heros-marvel\/bouclier-captain-america-version-luxe\/"]}]},{"@type":"ImageObject","inLanguage":"it-IT","@id":"https:\/\/repliquemangacine.fr\/super-heros-marvel\/bouclier-captain-america-version-luxe\/#primaryimage","url":"https:\/\/repliquemangacine.fr\/wp-content\/uploads\/2023\/10\/2754-Bouclier-Captain-America-full-metal.jpg","contentUrl":"https:\/\/repliquemangacine.fr\/wp-content\/uploads\/2023\/10\/2754-Bouclier-Captain-America-full-metal.jpg","width":800,"height":800,"caption":"Bouclier Captain Am\u00e9rica full metal"},{"@type":"BreadcrumbList","@id":"https:\/\/repliquemangacine.fr\/super-heros-marvel\/bouclier-captain-america-version-luxe\/#breadcrumb","itemListElement":[{"@type":"ListItem","position":1,"name":"Accueil","item":"https:\/\/repliquemangacine.fr\/"},{"@type":"ListItem","position":2,"name":"Produits","item":"https:\/\/repliquemangacine.fr\/boutique\/"},{"@type":"ListItem","position":3,"name":"Bouclier Captain America"}]},{"@type":"WebSite","@id":"https:\/\/repliquemangacine.fr\/#website","url":"https:\/\/repliquemangacine.fr\/","name":"R\u00e9plique Manga Cin\u00e9","description":"","publisher":{"@id":"https:\/\/repliquemangacine.fr\/#organization"},"potentialAction":[{"@type":"SearchAction","target":{"@type":"EntryPoint","urlTemplate":"https:\/\/repliquemangacine.fr\/?s={search_term_string}"},"query-input":{"@type":"PropertyValueSpecification","valueRequired":true,"valueName":"search_term_string"}}],"inLanguage":"it-IT"},{"@type":"Organization","@id":"https:\/\/repliquemangacine.fr\/#organization","name":"R\u00e9plique Manga Cin\u00e9","url":"https:\/\/repliquemangacine.fr\/","logo":{"@type":"ImageObject","inLanguage":"it-IT","@id":"https:\/\/repliquemangacine.fr\/#\/schema\/logo\/image\/","url":"https:\/\/repliquemangacine.fr\/wp-content\/uploads\/2023\/10\/RMC-500250.png","contentUrl":"https:\/\/repliquemangacine.fr\/wp-content\/uploads\/2023\/10\/RMC-500250.png","width":500,"height":250,"caption":"R\u00e9plique Manga Cin\u00e9"},"image":{"@id":"https:\/\/repliquemangacine.fr\/#\/schema\/logo\/image\/"},"sameAs":["https:\/\/www.facebook.com\/RepliqueMangaCine","https:\/\/www.instagram.com\/repliquemangacine.fr\/"]}]}},"_links":{"self":[{"href":"https:\/\/repliquemangacine.fr\/it\/wp-json\/wp\/v2\/product\/28028","targetHints":{"allow":["GET"]}}],"collection":[{"href":"https:\/\/repliquemangacine.fr\/it\/wp-json\/wp\/v2\/product"}],"about":[{"href":"https:\/\/repliquemangacine.fr\/it\/wp-json\/wp\/v2\/types\/product"}],"wp:featuredmedia":[{"embeddable":true,"href":"https:\/\/repliquemangacine.fr\/it\/wp-json\/wp\/v2\/media\/28029"}],"wp:attachment":[{"href":"https:\/\/repliquemangacine.fr\/it\/wp-json\/wp\/v2\/media?parent=28028"}],"wp:term":[{"taxonomy":"product_brand","embeddable":true,"href":"https:\/\/repliquemangacine.fr\/it\/wp-json\/wp\/v2\/product_brand?post=28028"},{"taxonomy":"product_cat","embeddable":true,"href":"https:\/\/repliquemangacine.fr\/it\/wp-json\/wp\/v2\/product_cat?post=28028"},{"taxonomy":"product_tag","embeddable":true,"href":"https:\/\/repliquemangacine.fr\/it\/wp-json\/wp\/v2\/product_tag?post=28028"}],"curies":[{"name":"wp","href":"https:\/\/api.w.org\/{rel}","templated":true}]}}