





{"id":28013,"date":"2019-01-29T11:00:38","date_gmt":"2019-01-29T10:00:38","guid":{"rendered":"https:\/\/repliquemangacine.fr\/?post_type=product&#038;p=28013"},"modified":"2025-09-23T18:02:02","modified_gmt":"2025-09-23T16:02:02","slug":"ascia-martello-stormbreaker-pm","status":"publish","type":"product","link":"https:\/\/repliquemangacine.fr\/it\/super-heros-marvel\/hache-marteau-stormbreaker-pm\/","title":{"rendered":"PM Stormbreaker"},"content":{"rendered":"<h2>Ascia con martello PM Stormbreaker di Thor.<\/h2>\n<p>Per cominciare, il martello ascia Stormbreaker PM di Thor, questo martello ascia \u00e8 realizzato interamente in resina, il manico \u00e8 un'imitazione della punta di un'ascia. <a href=\"https:\/\/universcinematographiquemarvel.fandom.com\/fr\/wiki\/Groot?so=search\" target=\"_blank\" rel=\"noopener noreferrer\">Groot<\/a> !<\/p>\n<p>Stormbreaker \u00e8 un'ascia incantata di fabbricazione nanica, forgiata da Uru su Nidavellir con la capacit\u00e0 di evocare il Bifrost. Dopo la distruzione di Mj\u00f8lnir, l'arma viene utilizzata da Thor.<\/p>\n<p>Stormbreaker \u00e8 in grado di concentrare e potenziare i poteri di Thor. Grazie alla sua composizione Uru, l'arma \u00e8 quasi indistruttibile e in grado di resistere alle esplosioni di energia create dalle Pietre dell'Infinito. \u00c8 anche in grado di incanalare l'energia dimensionale e di evocare il Bifrost, che ha permesso a Thor di teletrasportare se stesso, Rocket Raccoon e Groot in Wakanda.<\/p>\n<h2>Il vostro Stormbreaker PM al miglior prezzo.<\/h2>\n<p>Offriamo un'ampia gamma di repliche dei supereroi Marvel.<\/p>\n<p>Innanzitutto,<\/p>\n<ul>\n<li>Le <a href=\"https:\/\/repliquemangacine.fr\/it\/supereroi\/portachiavi-con-scudo-di-capitan-america\/\">Portachiavi con scudo di Capitan America<\/a> tutto il metallo.<\/li>\n<li>C'\u00e8 anche il <a href=\"https:\/\/repliquemangacine.fr\/it\/supereroi\/portachiavi-con-scudo-di-capitan-america\/\">Cofanetto da collezione Marvel<\/a> Portachiavi o collana da 11 pezzi.<\/li>\n<li>Oltre all'enorme <a href=\"https:\/\/repliquemangacine.fr\/it\/supereroi\/double-epee-de-thanos-avengers-endgame\/\">La doppia spada di Thanos<\/a> in Avengers Endgame.<\/li>\n<li>E molto altro ancora da scoprire nel nostro negozio online!<\/li>\n<\/ul>\n<p>Ecco perch\u00e9 questa \u00e8 un'ottima idea regalo per tutti i fan della Marvel.<\/p>\n<p>In conclusione, potete utilizzare questa PM Stormbreaker di Thor anche per le vostre sfilate cosplay. Ma soprattutto, l'ascia con martello \u00e8 anche un oggetto da collezione e un pezzo decorativo.<\/p>\n<h2>Come vengono prodotti i nostri prodotti Marvel?<\/h2>\n<p>Per cominciare, tutti i nostri prodotti derivati sono di altissima qualit\u00e0, realizzati con una meticolosa attenzione ai dettagli. Alcuni di essi sono realizzati a mano, per riprodurre i minimi dettagli. Le parti pi\u00f9 importanti sono lavorate con macchine molto precise. Le incisioni sono generalmente realizzate con una punta di diamante o con il laser.<\/p>\n<p>Il tuo <strong>PM Stormbreaker,<\/strong> fabbricato in modo da riprodurre esattamente ogni dettaglio. Realizzata interamente in resina stampata. L'ascia a martello, realizzata come Eitri, l'ultimo fabbro nano della stella.<\/p>\n<p>In conclusione, importate dalla Cina o dalla Spagna, le nostre repliche vi stupiranno!<\/p>\n<p>R\u00e9plique Manga Cin\u00e9 \u00e8 un'azienda familiare francese.<\/p>","protected":false},"excerpt":{"rendered":"<p>Splendida replica dello Stormbreaker usato da Thor in Avengers, Infinity War.<\/p>\n<ul>\n<li>Realizzato interamente in resina stampata.<\/li>\n<li>Piccolo oggetto da collezione<\/li>\n<li>Maniglia in imitazione di Groot.<\/li>\n<li>Lunghezza manico: 57 cm - Lunghezza totale: 67 cm<\/li>\n<\/ul>","protected":false},"featured_media":28014,"template":"","meta":[],"product_brand":[896],"product_cat":[24,59],"product_tag":[533,538,507],"class_list":{"0":"post-28013","1":"product","2":"type-product","3":"status-publish","4":"has-post-thumbnail","6":"product_brand-replique-manga-cine","7":"product_cat-films-series-tv-vente-de-katana-epee-et-produits-derives","8":"product_cat-super-heros-marvel","9":"product_tag-avengers-infinity","10":"product_tag-hache-marteau-thor","11":"product_tag-replique-stormbreaker","13":"first","14":"instock","15":"taxable","16":"shipping-taxable","17":"purchasable","18":"product-type-simple"},"yoast_head":"<!-- This site is optimized with the Yoast SEO plugin v27.4 - https:\/\/yoast.com\/product\/yoast-seo-wordpress\/ -->\n<title>Stormbreaker PM r\u00e9sine - Hache Marteau | R\u00e9plique Manga Cin\u00e9<\/title>\n<meta name=\"description\" content=\"Commandez vite\u202f! La Hache Marteau Stormbreaker PM au meilleur prix - Tout en r\u00e9sine moul\u00e9 - Longueur totale : 67 cm - Poids : 955g - Envoi 24\/48h\" \/>\n<meta name=\"robots\" content=\"index, follow, max-snippet:-1, max-image-preview:large, max-video-preview:-1\" \/>\n<link rel=\"canonical\" href=\"https:\/\/repliquemangacine.fr\/it\/supereroi-marvel\/ascia-martello-stormbreaker-pm\/\" \/>\n<meta property=\"og:locale\" content=\"it_IT\" \/>\n<meta property=\"og:type\" content=\"article\" \/>\n<meta property=\"og:title\" content=\"Stormbreaker PM r\u00e9sine - Hache Marteau | R\u00e9plique Manga Cin\u00e9\" \/>\n<meta property=\"og:description\" content=\"Commandez vite\u202f! La Hache Marteau Stormbreaker PM au meilleur prix - Tout en r\u00e9sine moul\u00e9 - Longueur totale : 67 cm - Poids : 955g - Envoi 24\/48h\" \/>\n<meta property=\"og:url\" content=\"https:\/\/repliquemangacine.fr\/it\/supereroi-marvel\/ascia-martello-stormbreaker-pm\/\" \/>\n<meta property=\"og:site_name\" content=\"R\u00e9plique Manga Cin\u00e9\" \/>\n<meta property=\"article:publisher\" content=\"https:\/\/www.facebook.com\/RepliqueMangaCine\" \/>\n<meta property=\"article:modified_time\" content=\"2025-09-23T16:02:02+00:00\" \/>\n<meta property=\"og:image\" content=\"https:\/\/repliquemangacine.fr\/wp-content\/uploads\/2023\/10\/stormbreaker-pm.jpg\" \/>\n\t<meta property=\"og:image:width\" content=\"500\" \/>\n\t<meta property=\"og:image:height\" content=\"500\" \/>\n\t<meta property=\"og:image:type\" content=\"image\/jpeg\" \/>\n<meta name=\"twitter:card\" content=\"summary_large_image\" \/>\n<meta name=\"twitter:label1\" content=\"Tempo di lettura stimato\" \/>\n\t<meta name=\"twitter:data1\" content=\"1 minuto\" \/>\n<script type=\"application\/ld+json\" class=\"yoast-schema-graph\">{\"@context\":\"https:\\\/\\\/schema.org\",\"@graph\":[{\"@type\":\"WebPage\",\"@id\":\"https:\\\/\\\/repliquemangacine.fr\\\/super-heros-marvel\\\/hache-marteau-stormbreaker-pm\\\/\",\"url\":\"https:\\\/\\\/repliquemangacine.fr\\\/super-heros-marvel\\\/hache-marteau-stormbreaker-pm\\\/\",\"name\":\"Stormbreaker PM r\u00e9sine - Hache Marteau | R\u00e9plique Manga Cin\u00e9\",\"isPartOf\":{\"@id\":\"https:\\\/\\\/repliquemangacine.fr\\\/#website\"},\"primaryImageOfPage\":{\"@id\":\"https:\\\/\\\/repliquemangacine.fr\\\/super-heros-marvel\\\/hache-marteau-stormbreaker-pm\\\/#primaryimage\"},\"image\":{\"@id\":\"https:\\\/\\\/repliquemangacine.fr\\\/super-heros-marvel\\\/hache-marteau-stormbreaker-pm\\\/#primaryimage\"},\"thumbnailUrl\":\"https:\\\/\\\/repliquemangacine.fr\\\/wp-content\\\/uploads\\\/2023\\\/10\\\/stormbreaker-pm.jpg\",\"datePublished\":\"2019-01-29T10:00:38+00:00\",\"dateModified\":\"2025-09-23T16:02:02+00:00\",\"description\":\"Commandez vite\u202f! La Hache Marteau Stormbreaker PM au meilleur prix - Tout en r\u00e9sine moul\u00e9 - Longueur totale : 67 cm - Poids : 955g - Envoi 24\\\/48h\",\"breadcrumb\":{\"@id\":\"https:\\\/\\\/repliquemangacine.fr\\\/super-heros-marvel\\\/hache-marteau-stormbreaker-pm\\\/#breadcrumb\"},\"inLanguage\":\"it-IT\",\"potentialAction\":[{\"@type\":\"ReadAction\",\"target\":[\"https:\\\/\\\/repliquemangacine.fr\\\/super-heros-marvel\\\/hache-marteau-stormbreaker-pm\\\/\"]}]},{\"@type\":\"ImageObject\",\"inLanguage\":\"it-IT\",\"@id\":\"https:\\\/\\\/repliquemangacine.fr\\\/super-heros-marvel\\\/hache-marteau-stormbreaker-pm\\\/#primaryimage\",\"url\":\"https:\\\/\\\/repliquemangacine.fr\\\/wp-content\\\/uploads\\\/2023\\\/10\\\/stormbreaker-pm.jpg\",\"contentUrl\":\"https:\\\/\\\/repliquemangacine.fr\\\/wp-content\\\/uploads\\\/2023\\\/10\\\/stormbreaker-pm.jpg\",\"width\":500,\"height\":500,\"caption\":\"Hache Marteau Stormbreaker PM\"},{\"@type\":\"BreadcrumbList\",\"@id\":\"https:\\\/\\\/repliquemangacine.fr\\\/super-heros-marvel\\\/hache-marteau-stormbreaker-pm\\\/#breadcrumb\",\"itemListElement\":[{\"@type\":\"ListItem\",\"position\":1,\"name\":\"Accueil\",\"item\":\"https:\\\/\\\/repliquemangacine.fr\\\/\"},{\"@type\":\"ListItem\",\"position\":2,\"name\":\"Produits\",\"item\":\"https:\\\/\\\/repliquemangacine.fr\\\/boutique\\\/\"},{\"@type\":\"ListItem\",\"position\":3,\"name\":\"Stormbreaker PM\"}]},{\"@type\":\"WebSite\",\"@id\":\"https:\\\/\\\/repliquemangacine.fr\\\/#website\",\"url\":\"https:\\\/\\\/repliquemangacine.fr\\\/\",\"name\":\"R\u00e9plique Manga Cin\u00e9\",\"description\":\"\",\"publisher\":{\"@id\":\"https:\\\/\\\/repliquemangacine.fr\\\/#organization\"},\"potentialAction\":[{\"@type\":\"SearchAction\",\"target\":{\"@type\":\"EntryPoint\",\"urlTemplate\":\"https:\\\/\\\/repliquemangacine.fr\\\/?s={search_term_string}\"},\"query-input\":{\"@type\":\"PropertyValueSpecification\",\"valueRequired\":true,\"valueName\":\"search_term_string\"}}],\"inLanguage\":\"it-IT\"},{\"@type\":\"Organization\",\"@id\":\"https:\\\/\\\/repliquemangacine.fr\\\/#organization\",\"name\":\"R\u00e9plique Manga Cin\u00e9\",\"url\":\"https:\\\/\\\/repliquemangacine.fr\\\/\",\"logo\":{\"@type\":\"ImageObject\",\"inLanguage\":\"it-IT\",\"@id\":\"https:\\\/\\\/repliquemangacine.fr\\\/#\\\/schema\\\/logo\\\/image\\\/\",\"url\":\"https:\\\/\\\/repliquemangacine.fr\\\/wp-content\\\/uploads\\\/2023\\\/10\\\/RMC-500250.png\",\"contentUrl\":\"https:\\\/\\\/repliquemangacine.fr\\\/wp-content\\\/uploads\\\/2023\\\/10\\\/RMC-500250.png\",\"width\":500,\"height\":250,\"caption\":\"R\u00e9plique Manga Cin\u00e9\"},\"image\":{\"@id\":\"https:\\\/\\\/repliquemangacine.fr\\\/#\\\/schema\\\/logo\\\/image\\\/\"},\"sameAs\":[\"https:\\\/\\\/www.facebook.com\\\/RepliqueMangaCine\",\"https:\\\/\\\/www.instagram.com\\\/repliquemangacine.fr\\\/\"]}]}<\/script>\n<!-- \/ Yoast SEO plugin. -->","yoast_head_json":{"title":"Stormbreaker PM in resina - Martello con ascia | R\u00e9plique Manga Cin\u00e9","description":"Ordina ora! L'ascia a martello Stormbreaker PM al miglior prezzo - Tutta resina stampata - Lunghezza totale: 67 cm - Peso: 955g - Spedizione 24\/48h","robots":{"index":"index","follow":"follow","max-snippet":"max-snippet:-1","max-image-preview":"max-image-preview:large","max-video-preview":"max-video-preview:-1"},"canonical":"https:\/\/repliquemangacine.fr\/it\/supereroi-marvel\/ascia-martello-stormbreaker-pm\/","og_locale":"it_IT","og_type":"article","og_title":"Stormbreaker PM r\u00e9sine - Hache Marteau | R\u00e9plique Manga Cin\u00e9","og_description":"Commandez vite\u202f! La Hache Marteau Stormbreaker PM au meilleur prix - Tout en r\u00e9sine moul\u00e9 - Longueur totale : 67 cm - Poids : 955g - Envoi 24\/48h","og_url":"https:\/\/repliquemangacine.fr\/it\/supereroi-marvel\/ascia-martello-stormbreaker-pm\/","og_site_name":"R\u00e9plique Manga Cin\u00e9","article_publisher":"https:\/\/www.facebook.com\/RepliqueMangaCine","article_modified_time":"2025-09-23T16:02:02+00:00","og_image":[{"width":500,"height":500,"url":"https:\/\/repliquemangacine.fr\/wp-content\/uploads\/2023\/10\/stormbreaker-pm.jpg","type":"image\/jpeg"}],"twitter_card":"summary_large_image","twitter_misc":{"Tempo di lettura stimato":"1 minuto"},"schema":{"@context":"https:\/\/schema.org","@graph":[{"@type":"WebPage","@id":"https:\/\/repliquemangacine.fr\/super-heros-marvel\/hache-marteau-stormbreaker-pm\/","url":"https:\/\/repliquemangacine.fr\/super-heros-marvel\/hache-marteau-stormbreaker-pm\/","name":"Stormbreaker PM in resina - Martello con ascia | R\u00e9plique Manga Cin\u00e9","isPartOf":{"@id":"https:\/\/repliquemangacine.fr\/#website"},"primaryImageOfPage":{"@id":"https:\/\/repliquemangacine.fr\/super-heros-marvel\/hache-marteau-stormbreaker-pm\/#primaryimage"},"image":{"@id":"https:\/\/repliquemangacine.fr\/super-heros-marvel\/hache-marteau-stormbreaker-pm\/#primaryimage"},"thumbnailUrl":"https:\/\/repliquemangacine.fr\/wp-content\/uploads\/2023\/10\/stormbreaker-pm.jpg","datePublished":"2019-01-29T10:00:38+00:00","dateModified":"2025-09-23T16:02:02+00:00","description":"Ordina ora! L'ascia a martello Stormbreaker PM al miglior prezzo - Tutta resina stampata - Lunghezza totale: 67 cm - Peso: 955g - Spedizione 24\/48h","breadcrumb":{"@id":"https:\/\/repliquemangacine.fr\/super-heros-marvel\/hache-marteau-stormbreaker-pm\/#breadcrumb"},"inLanguage":"it-IT","potentialAction":[{"@type":"ReadAction","target":["https:\/\/repliquemangacine.fr\/super-heros-marvel\/hache-marteau-stormbreaker-pm\/"]}]},{"@type":"ImageObject","inLanguage":"it-IT","@id":"https:\/\/repliquemangacine.fr\/super-heros-marvel\/hache-marteau-stormbreaker-pm\/#primaryimage","url":"https:\/\/repliquemangacine.fr\/wp-content\/uploads\/2023\/10\/stormbreaker-pm.jpg","contentUrl":"https:\/\/repliquemangacine.fr\/wp-content\/uploads\/2023\/10\/stormbreaker-pm.jpg","width":500,"height":500,"caption":"Hache Marteau Stormbreaker PM"},{"@type":"BreadcrumbList","@id":"https:\/\/repliquemangacine.fr\/super-heros-marvel\/hache-marteau-stormbreaker-pm\/#breadcrumb","itemListElement":[{"@type":"ListItem","position":1,"name":"Accueil","item":"https:\/\/repliquemangacine.fr\/"},{"@type":"ListItem","position":2,"name":"Produits","item":"https:\/\/repliquemangacine.fr\/boutique\/"},{"@type":"ListItem","position":3,"name":"Stormbreaker PM"}]},{"@type":"WebSite","@id":"https:\/\/repliquemangacine.fr\/#website","url":"https:\/\/repliquemangacine.fr\/","name":"R\u00e9plique Manga Cin\u00e9","description":"","publisher":{"@id":"https:\/\/repliquemangacine.fr\/#organization"},"potentialAction":[{"@type":"SearchAction","target":{"@type":"EntryPoint","urlTemplate":"https:\/\/repliquemangacine.fr\/?s={search_term_string}"},"query-input":{"@type":"PropertyValueSpecification","valueRequired":true,"valueName":"search_term_string"}}],"inLanguage":"it-IT"},{"@type":"Organization","@id":"https:\/\/repliquemangacine.fr\/#organization","name":"R\u00e9plique Manga Cin\u00e9","url":"https:\/\/repliquemangacine.fr\/","logo":{"@type":"ImageObject","inLanguage":"it-IT","@id":"https:\/\/repliquemangacine.fr\/#\/schema\/logo\/image\/","url":"https:\/\/repliquemangacine.fr\/wp-content\/uploads\/2023\/10\/RMC-500250.png","contentUrl":"https:\/\/repliquemangacine.fr\/wp-content\/uploads\/2023\/10\/RMC-500250.png","width":500,"height":250,"caption":"R\u00e9plique Manga Cin\u00e9"},"image":{"@id":"https:\/\/repliquemangacine.fr\/#\/schema\/logo\/image\/"},"sameAs":["https:\/\/www.facebook.com\/RepliqueMangaCine","https:\/\/www.instagram.com\/repliquemangacine.fr\/"]}]}},"_links":{"self":[{"href":"https:\/\/repliquemangacine.fr\/it\/wp-json\/wp\/v2\/product\/28013","targetHints":{"allow":["GET"]}}],"collection":[{"href":"https:\/\/repliquemangacine.fr\/it\/wp-json\/wp\/v2\/product"}],"about":[{"href":"https:\/\/repliquemangacine.fr\/it\/wp-json\/wp\/v2\/types\/product"}],"wp:featuredmedia":[{"embeddable":true,"href":"https:\/\/repliquemangacine.fr\/it\/wp-json\/wp\/v2\/media\/28014"}],"wp:attachment":[{"href":"https:\/\/repliquemangacine.fr\/it\/wp-json\/wp\/v2\/media?parent=28013"}],"wp:term":[{"taxonomy":"product_brand","embeddable":true,"href":"https:\/\/repliquemangacine.fr\/it\/wp-json\/wp\/v2\/product_brand?post=28013"},{"taxonomy":"product_cat","embeddable":true,"href":"https:\/\/repliquemangacine.fr\/it\/wp-json\/wp\/v2\/product_cat?post=28013"},{"taxonomy":"product_tag","embeddable":true,"href":"https:\/\/repliquemangacine.fr\/it\/wp-json\/wp\/v2\/product_tag?post=28013"}],"curies":[{"name":"wp","href":"https:\/\/api.w.org\/{rel}","templated":true}]}}