





{"id":27989,"date":"2019-01-26T14:54:59","date_gmt":"2019-01-26T13:54:59","guid":{"rendered":"https:\/\/repliquemangacine.fr\/?post_type=product&#038;p=27989"},"modified":"2025-11-19T11:26:52","modified_gmt":"2025-11-19T10:26:52","slug":"replica-in-gommapiuma-del-martello-di-thrall-doomhammer-world-of-warcraft","status":"publish","type":"product","link":"https:\/\/repliquemangacine.fr\/it\/epees-world-of-warcraft\/replique-en-mousse-du-marteau-de-thrall-doomhammer-world-of-warcraft\/","title":{"rendered":"Schiuma Doomhammer World of Warcraft"},"content":{"rendered":"<h2>Il martello di Thrall Mousse in World of Warcraft<\/h2>\n<p>Per cominciare, il <strong>Martello Thrall Schiuma<\/strong>, Il Doomhammer o Martello del Destino, forgiato dalla lava elementale su Draenor. Quando viene impugnato in battaglia, sigilla il destino dei nemici, Orgrim Hammer of Doom.<\/p>\n<p>Thrall \u00e8 un personaggio iconico dell'universo di Warcraft di Blizzard Studios. \u00c8 il signore della guerra che guida la nuova Orda nella Terza Guerra. Tra i giocatori di World of Warcraft, il Martello di Thrall pu\u00f2 essere visto nella capitale dell'Orda. <a href=\"https:\/\/wow.fandom.com\/fr\/wiki\/Orgrimmar\" target=\"_blank\" rel=\"noopener noreferrer\">Orgrimmar<\/a>.<\/p>\n<p>Divenne il primo orco a padroneggiare gli elementi per molti anni. Di conseguenza, divenne il signore della guerra che guid\u00f2 la nuova Orda nella Terza Guerra. Tra i giocatori di World of Warcraft, il Martello di Thrall pu\u00f2 essere visto nella capitale dell'Orda, Orgrimmar.<\/p>\n<h2>Il tuo martello di schiuma Thrall al miglior prezzo<\/h2>\n<p>Offriamo un'ampia selezione di spade del mondo di World of Warcraft.<\/p>\n<p>Innanzitutto,<\/p>\n<ul>\n<li>L'impressionante <a href=\"https:\/\/repliquemangacine.fr\/it\/spade-di-world-of-warcraft\/le-lame-gemelle-di-azzinoth-la-leggendaria-spada-di-illidan\/\">lame gemelle di Azzintoh<\/a> Le armi leggendarie di Illidan.<\/li>\n<li>C'\u00e8 anche la leggendaria spada del paladino Alexandros Mograine la <a href=\"https:\/\/repliquemangacine.fr\/it\/spade-di-world-of-warcraft\/epee-ashbringer-world-of-warcraft\/\">Ashbringer<\/a><\/li>\n<li>Oltre all'ascia a due mani, la <a href=\"https:\/\/repliquemangacine.fr\/it\/spade-di-world-of-warcraft\/ascia-deuillelombre-shadowmourne-mondo-di-warcraft\/\">Shadowmourne<\/a> di Re Arthas.<\/li>\n<li>E molto altro ancora da scoprire nel nostro negozio online!<\/li>\n<\/ul>\n<p>Ecco un'ottima idea regalo per i fan di WoW<\/p>\n<p>In conclusione, \u00e8 possibile utilizzare il metodo <strong>Martello Thrall Schiuma<\/strong> Doomhammer per le parate cosplay o le feste a tema. Ma soprattutto, il martello di Thrall \u00e8 un oggetto da collezione e un pezzo decorativo.<\/p>\n<h2>Scoprite le nostre novit\u00e0 economiche su World of Warcraft.<\/h2>\n<p>Siamo sempre alla ricerca di qualcosa di nuovo, quindi vi proponiamo alcune piccole chicche da scoprire!<\/p>\n<ul>\n<li>La <a href=\"https:\/\/repliquemangacine.fr\/it\/spade-di-world-of-warcraft\/set-di-figurine-frostmourne-e-base-arthas\/\">Statuetta di spada Frostmourne<\/a> in metallo sulla sua base di ghiaccio in resina luminosa. Questo oggetto da collezione \u00e8 presentato in una vetrina con i colori del gioco.<\/li>\n<li>C'\u00e8 anche il Martello del Destino, tutto in resina finemente dettagliata.<\/li>\n<li>Cos\u00ec come le bandiere dell'Orda e dell'Alleanza, alte un metro.<\/li>\n<\/ul>\n<p>Prossimamente saranno disponibili anche statuette di World of Warcraft e Wallscroll dei vostri personaggi preferiti.<\/p>\n<p>R\u00e9plique Manga Cin\u00e9 \u00e8 un'azienda familiare francese.<\/p>","protected":false},"excerpt":{"rendered":"<div class=\"text col-xs-offset-0\" style=\"height: auto;\">Il martello di schiuma di Thrall in World of Warcraft.<\/div>\n<div><\/div>\n<ul>\n<li class=\"text col-xs-offset-0\" style=\"height: auto;\">Realizzato interamente in elastomeri poliuretanici (schiuma) di alta qualit\u00e0.<\/li>\n<li class=\"text col-xs-offset-0\" style=\"height: auto;\">La mazza con l'emblema del lupo aggiunto da Thrall.<\/li>\n<li class=\"text col-xs-offset-0\" style=\"height: auto;\">Impugnatura e pomo in schiuma con cinturino in imitazione.<\/li>\n<li>Lunghezza totale: 43 cm<\/li>\n<\/ul>\n<div class=\"text col-xs-offset-0\" style=\"height: auto;\"><\/div>","protected":false},"featured_media":27990,"template":"","meta":[],"product_brand":[896],"product_cat":[23,60],"product_tag":[],"class_list":{"0":"post-27989","1":"product","2":"type-product","3":"status-publish","4":"has-post-thumbnail","6":"product_brand-replique-manga-cine","7":"product_cat-repliques-manga-jeux-video","8":"product_cat-epees-world-of-warcraft","10":"first","11":"instock","12":"taxable","13":"shipping-taxable","14":"purchasable","15":"product-type-simple"},"yoast_head":"<!-- This site is optimized with the Yoast SEO plugin v27.4 - https:\/\/yoast.com\/product\/yoast-seo-wordpress\/ -->\n<title>Marteau de Thrall mousse - WOW - Boutique en ligne | RMC<\/title>\n<meta name=\"description\" content=\"Voil\u00e0 une r\u00e9plique qui ravira vos enfants avec ce Marteau de Thrall qui est tout en mousse. Accessoire parfait pour vos d\u00e9guisements. Envoi 24\/48h\" \/>\n<meta name=\"robots\" content=\"index, follow, max-snippet:-1, max-image-preview:large, max-video-preview:-1\" \/>\n<link rel=\"canonical\" href=\"https:\/\/repliquemangacine.fr\/it\/spade-di-world-of-warcraft\/replica-in-gommapiuma-del-martello-di-thrall-doomhammer-world-of-warcraft\/\" \/>\n<meta property=\"og:locale\" content=\"it_IT\" \/>\n<meta property=\"og:type\" content=\"article\" \/>\n<meta property=\"og:title\" content=\"Marteau de Thrall mousse - WOW - Boutique en ligne | RMC\" \/>\n<meta property=\"og:description\" content=\"Voil\u00e0 une r\u00e9plique qui ravira vos enfants avec ce Marteau de Thrall qui est tout en mousse. Accessoire parfait pour vos d\u00e9guisements. Envoi 24\/48h\" \/>\n<meta property=\"og:url\" content=\"https:\/\/repliquemangacine.fr\/it\/spade-di-world-of-warcraft\/replica-in-gommapiuma-del-martello-di-thrall-doomhammer-world-of-warcraft\/\" \/>\n<meta property=\"og:site_name\" content=\"R\u00e9plique Manga Cin\u00e9\" \/>\n<meta property=\"article:publisher\" content=\"https:\/\/www.facebook.com\/RepliqueMangaCine\" \/>\n<meta property=\"article:modified_time\" content=\"2025-11-19T10:26:52+00:00\" \/>\n<meta property=\"og:image\" content=\"https:\/\/repliquemangacine.fr\/wp-content\/uploads\/2023\/10\/2718-Replique-en-mousse-du-marteau-de-Thrall-Doomhammer-Wow.jpg\" \/>\n\t<meta property=\"og:image:width\" content=\"800\" \/>\n\t<meta property=\"og:image:height\" content=\"800\" \/>\n\t<meta property=\"og:image:type\" content=\"image\/jpeg\" \/>\n<meta name=\"twitter:card\" content=\"summary_large_image\" \/>\n<meta name=\"twitter:label1\" content=\"Tempo di lettura stimato\" \/>\n\t<meta name=\"twitter:data1\" content=\"2 minuti\" \/>\n<script type=\"application\/ld+json\" class=\"yoast-schema-graph\">{\"@context\":\"https:\\\/\\\/schema.org\",\"@graph\":[{\"@type\":\"WebPage\",\"@id\":\"https:\\\/\\\/repliquemangacine.fr\\\/epees-world-of-warcraft\\\/replique-en-mousse-du-marteau-de-thrall-doomhammer-world-of-warcraft\\\/\",\"url\":\"https:\\\/\\\/repliquemangacine.fr\\\/epees-world-of-warcraft\\\/replique-en-mousse-du-marteau-de-thrall-doomhammer-world-of-warcraft\\\/\",\"name\":\"Marteau de Thrall mousse - WOW - Boutique en ligne | RMC\",\"isPartOf\":{\"@id\":\"https:\\\/\\\/repliquemangacine.fr\\\/#website\"},\"primaryImageOfPage\":{\"@id\":\"https:\\\/\\\/repliquemangacine.fr\\\/epees-world-of-warcraft\\\/replique-en-mousse-du-marteau-de-thrall-doomhammer-world-of-warcraft\\\/#primaryimage\"},\"image\":{\"@id\":\"https:\\\/\\\/repliquemangacine.fr\\\/epees-world-of-warcraft\\\/replique-en-mousse-du-marteau-de-thrall-doomhammer-world-of-warcraft\\\/#primaryimage\"},\"thumbnailUrl\":\"https:\\\/\\\/repliquemangacine.fr\\\/wp-content\\\/uploads\\\/2023\\\/10\\\/2718-Replique-en-mousse-du-marteau-de-Thrall-Doomhammer-Wow.jpg\",\"datePublished\":\"2019-01-26T13:54:59+00:00\",\"dateModified\":\"2025-11-19T10:26:52+00:00\",\"description\":\"Voil\u00e0 une r\u00e9plique qui ravira vos enfants avec ce Marteau de Thrall qui est tout en mousse. Accessoire parfait pour vos d\u00e9guisements. Envoi 24\\\/48h\",\"breadcrumb\":{\"@id\":\"https:\\\/\\\/repliquemangacine.fr\\\/epees-world-of-warcraft\\\/replique-en-mousse-du-marteau-de-thrall-doomhammer-world-of-warcraft\\\/#breadcrumb\"},\"inLanguage\":\"it-IT\",\"potentialAction\":[{\"@type\":\"ReadAction\",\"target\":[\"https:\\\/\\\/repliquemangacine.fr\\\/epees-world-of-warcraft\\\/replique-en-mousse-du-marteau-de-thrall-doomhammer-world-of-warcraft\\\/\"]}]},{\"@type\":\"ImageObject\",\"inLanguage\":\"it-IT\",\"@id\":\"https:\\\/\\\/repliquemangacine.fr\\\/epees-world-of-warcraft\\\/replique-en-mousse-du-marteau-de-thrall-doomhammer-world-of-warcraft\\\/#primaryimage\",\"url\":\"https:\\\/\\\/repliquemangacine.fr\\\/wp-content\\\/uploads\\\/2023\\\/10\\\/2718-Replique-en-mousse-du-marteau-de-Thrall-Doomhammer-Wow.jpg\",\"contentUrl\":\"https:\\\/\\\/repliquemangacine.fr\\\/wp-content\\\/uploads\\\/2023\\\/10\\\/2718-Replique-en-mousse-du-marteau-de-Thrall-Doomhammer-Wow.jpg\",\"width\":800,\"height\":800,\"caption\":\"R\u00e9plique en mousse du marteau de Thrall Doomhammer Wow\"},{\"@type\":\"BreadcrumbList\",\"@id\":\"https:\\\/\\\/repliquemangacine.fr\\\/epees-world-of-warcraft\\\/replique-en-mousse-du-marteau-de-thrall-doomhammer-world-of-warcraft\\\/#breadcrumb\",\"itemListElement\":[{\"@type\":\"ListItem\",\"position\":1,\"name\":\"Accueil\",\"item\":\"https:\\\/\\\/repliquemangacine.fr\\\/\"},{\"@type\":\"ListItem\",\"position\":2,\"name\":\"Produits\",\"item\":\"https:\\\/\\\/repliquemangacine.fr\\\/boutique\\\/\"},{\"@type\":\"ListItem\",\"position\":3,\"name\":\"Doomhammer Mousse World of Warcraft\"}]},{\"@type\":\"WebSite\",\"@id\":\"https:\\\/\\\/repliquemangacine.fr\\\/#website\",\"url\":\"https:\\\/\\\/repliquemangacine.fr\\\/\",\"name\":\"R\u00e9plique Manga Cin\u00e9\",\"description\":\"\",\"publisher\":{\"@id\":\"https:\\\/\\\/repliquemangacine.fr\\\/#organization\"},\"potentialAction\":[{\"@type\":\"SearchAction\",\"target\":{\"@type\":\"EntryPoint\",\"urlTemplate\":\"https:\\\/\\\/repliquemangacine.fr\\\/?s={search_term_string}\"},\"query-input\":{\"@type\":\"PropertyValueSpecification\",\"valueRequired\":true,\"valueName\":\"search_term_string\"}}],\"inLanguage\":\"it-IT\"},{\"@type\":\"Organization\",\"@id\":\"https:\\\/\\\/repliquemangacine.fr\\\/#organization\",\"name\":\"R\u00e9plique Manga Cin\u00e9\",\"url\":\"https:\\\/\\\/repliquemangacine.fr\\\/\",\"logo\":{\"@type\":\"ImageObject\",\"inLanguage\":\"it-IT\",\"@id\":\"https:\\\/\\\/repliquemangacine.fr\\\/#\\\/schema\\\/logo\\\/image\\\/\",\"url\":\"https:\\\/\\\/repliquemangacine.fr\\\/wp-content\\\/uploads\\\/2023\\\/10\\\/RMC-500250.png\",\"contentUrl\":\"https:\\\/\\\/repliquemangacine.fr\\\/wp-content\\\/uploads\\\/2023\\\/10\\\/RMC-500250.png\",\"width\":500,\"height\":250,\"caption\":\"R\u00e9plique Manga Cin\u00e9\"},\"image\":{\"@id\":\"https:\\\/\\\/repliquemangacine.fr\\\/#\\\/schema\\\/logo\\\/image\\\/\"},\"sameAs\":[\"https:\\\/\\\/www.facebook.com\\\/RepliqueMangaCine\",\"https:\\\/\\\/www.instagram.com\\\/repliquemangacine.fr\\\/\"]}]}<\/script>\n<!-- \/ Yoast SEO plugin. -->","yoast_head_json":{"title":"Martello Thrall in schiuma - WOW - Boutique en ligne | RMC","description":"Ecco una replica che far\u00e0 la gioia dei vostri bambini: il Martello di Thrall, realizzato interamente in schiuma. L'accessorio perfetto per i vostri costumi in maschera. Consegna 24\/48 ore","robots":{"index":"index","follow":"follow","max-snippet":"max-snippet:-1","max-image-preview":"max-image-preview:large","max-video-preview":"max-video-preview:-1"},"canonical":"https:\/\/repliquemangacine.fr\/it\/spade-di-world-of-warcraft\/replica-in-gommapiuma-del-martello-di-thrall-doomhammer-world-of-warcraft\/","og_locale":"it_IT","og_type":"article","og_title":"Marteau de Thrall mousse - WOW - Boutique en ligne | RMC","og_description":"Voil\u00e0 une r\u00e9plique qui ravira vos enfants avec ce Marteau de Thrall qui est tout en mousse. Accessoire parfait pour vos d\u00e9guisements. Envoi 24\/48h","og_url":"https:\/\/repliquemangacine.fr\/it\/spade-di-world-of-warcraft\/replica-in-gommapiuma-del-martello-di-thrall-doomhammer-world-of-warcraft\/","og_site_name":"R\u00e9plique Manga Cin\u00e9","article_publisher":"https:\/\/www.facebook.com\/RepliqueMangaCine","article_modified_time":"2025-11-19T10:26:52+00:00","og_image":[{"width":800,"height":800,"url":"https:\/\/repliquemangacine.fr\/wp-content\/uploads\/2023\/10\/2718-Replique-en-mousse-du-marteau-de-Thrall-Doomhammer-Wow.jpg","type":"image\/jpeg"}],"twitter_card":"summary_large_image","twitter_misc":{"Tempo di lettura stimato":"2 minuti"},"schema":{"@context":"https:\/\/schema.org","@graph":[{"@type":"WebPage","@id":"https:\/\/repliquemangacine.fr\/epees-world-of-warcraft\/replique-en-mousse-du-marteau-de-thrall-doomhammer-world-of-warcraft\/","url":"https:\/\/repliquemangacine.fr\/epees-world-of-warcraft\/replique-en-mousse-du-marteau-de-thrall-doomhammer-world-of-warcraft\/","name":"Martello Thrall in schiuma - WOW - Boutique en ligne | RMC","isPartOf":{"@id":"https:\/\/repliquemangacine.fr\/#website"},"primaryImageOfPage":{"@id":"https:\/\/repliquemangacine.fr\/epees-world-of-warcraft\/replique-en-mousse-du-marteau-de-thrall-doomhammer-world-of-warcraft\/#primaryimage"},"image":{"@id":"https:\/\/repliquemangacine.fr\/epees-world-of-warcraft\/replique-en-mousse-du-marteau-de-thrall-doomhammer-world-of-warcraft\/#primaryimage"},"thumbnailUrl":"https:\/\/repliquemangacine.fr\/wp-content\/uploads\/2023\/10\/2718-Replique-en-mousse-du-marteau-de-Thrall-Doomhammer-Wow.jpg","datePublished":"2019-01-26T13:54:59+00:00","dateModified":"2025-11-19T10:26:52+00:00","description":"Ecco una replica che far\u00e0 la gioia dei vostri bambini: il Martello di Thrall, realizzato interamente in schiuma. L'accessorio perfetto per i vostri costumi in maschera. Consegna 24\/48 ore","breadcrumb":{"@id":"https:\/\/repliquemangacine.fr\/epees-world-of-warcraft\/replique-en-mousse-du-marteau-de-thrall-doomhammer-world-of-warcraft\/#breadcrumb"},"inLanguage":"it-IT","potentialAction":[{"@type":"ReadAction","target":["https:\/\/repliquemangacine.fr\/epees-world-of-warcraft\/replique-en-mousse-du-marteau-de-thrall-doomhammer-world-of-warcraft\/"]}]},{"@type":"ImageObject","inLanguage":"it-IT","@id":"https:\/\/repliquemangacine.fr\/epees-world-of-warcraft\/replique-en-mousse-du-marteau-de-thrall-doomhammer-world-of-warcraft\/#primaryimage","url":"https:\/\/repliquemangacine.fr\/wp-content\/uploads\/2023\/10\/2718-Replique-en-mousse-du-marteau-de-Thrall-Doomhammer-Wow.jpg","contentUrl":"https:\/\/repliquemangacine.fr\/wp-content\/uploads\/2023\/10\/2718-Replique-en-mousse-du-marteau-de-Thrall-Doomhammer-Wow.jpg","width":800,"height":800,"caption":"R\u00e9plique en mousse du marteau de Thrall Doomhammer Wow"},{"@type":"BreadcrumbList","@id":"https:\/\/repliquemangacine.fr\/epees-world-of-warcraft\/replique-en-mousse-du-marteau-de-thrall-doomhammer-world-of-warcraft\/#breadcrumb","itemListElement":[{"@type":"ListItem","position":1,"name":"Accueil","item":"https:\/\/repliquemangacine.fr\/"},{"@type":"ListItem","position":2,"name":"Produits","item":"https:\/\/repliquemangacine.fr\/boutique\/"},{"@type":"ListItem","position":3,"name":"Doomhammer Mousse World of Warcraft"}]},{"@type":"WebSite","@id":"https:\/\/repliquemangacine.fr\/#website","url":"https:\/\/repliquemangacine.fr\/","name":"R\u00e9plique Manga Cin\u00e9","description":"","publisher":{"@id":"https:\/\/repliquemangacine.fr\/#organization"},"potentialAction":[{"@type":"SearchAction","target":{"@type":"EntryPoint","urlTemplate":"https:\/\/repliquemangacine.fr\/?s={search_term_string}"},"query-input":{"@type":"PropertyValueSpecification","valueRequired":true,"valueName":"search_term_string"}}],"inLanguage":"it-IT"},{"@type":"Organization","@id":"https:\/\/repliquemangacine.fr\/#organization","name":"R\u00e9plique Manga Cin\u00e9","url":"https:\/\/repliquemangacine.fr\/","logo":{"@type":"ImageObject","inLanguage":"it-IT","@id":"https:\/\/repliquemangacine.fr\/#\/schema\/logo\/image\/","url":"https:\/\/repliquemangacine.fr\/wp-content\/uploads\/2023\/10\/RMC-500250.png","contentUrl":"https:\/\/repliquemangacine.fr\/wp-content\/uploads\/2023\/10\/RMC-500250.png","width":500,"height":250,"caption":"R\u00e9plique Manga Cin\u00e9"},"image":{"@id":"https:\/\/repliquemangacine.fr\/#\/schema\/logo\/image\/"},"sameAs":["https:\/\/www.facebook.com\/RepliqueMangaCine","https:\/\/www.instagram.com\/repliquemangacine.fr\/"]}]}},"_links":{"self":[{"href":"https:\/\/repliquemangacine.fr\/it\/wp-json\/wp\/v2\/product\/27989","targetHints":{"allow":["GET"]}}],"collection":[{"href":"https:\/\/repliquemangacine.fr\/it\/wp-json\/wp\/v2\/product"}],"about":[{"href":"https:\/\/repliquemangacine.fr\/it\/wp-json\/wp\/v2\/types\/product"}],"wp:featuredmedia":[{"embeddable":true,"href":"https:\/\/repliquemangacine.fr\/it\/wp-json\/wp\/v2\/media\/27990"}],"wp:attachment":[{"href":"https:\/\/repliquemangacine.fr\/it\/wp-json\/wp\/v2\/media?parent=27989"}],"wp:term":[{"taxonomy":"product_brand","embeddable":true,"href":"https:\/\/repliquemangacine.fr\/it\/wp-json\/wp\/v2\/product_brand?post=27989"},{"taxonomy":"product_cat","embeddable":true,"href":"https:\/\/repliquemangacine.fr\/it\/wp-json\/wp\/v2\/product_cat?post=27989"},{"taxonomy":"product_tag","embeddable":true,"href":"https:\/\/repliquemangacine.fr\/it\/wp-json\/wp\/v2\/product_tag?post=27989"}],"curies":[{"name":"wp","href":"https:\/\/api.w.org\/{rel}","templated":true}]}}