





{"id":27971,"date":"2019-01-09T16:28:50","date_gmt":"2019-01-09T15:28:50","guid":{"rendered":"https:\/\/repliquemangacine.fr\/?post_type=product&#038;p=27971"},"modified":"2026-01-30T22:17:44","modified_gmt":"2026-01-30T21:17:44","slug":"colt-peacemaker-5-%c2%bd-cal-45-usa-1873","status":"publish","type":"product","link":"https:\/\/repliquemangacine.fr\/it\/colt-revolver-western\/colt-peacemaker-5-%c2%bd-cal-45-usa-1873\/","title":{"rendered":"Peacemaker 5 \u00bd Cal.45 USA 1873"},"content":{"rendered":"<h2>Revolver Peacemaker 5 \u00bd Cal.45 - Denix<\/h2>\n<p>Per cominciare, la Colt <strong>Peacemaker 5 \u00bd Cal.45<\/strong> 1873 Denix, \u00e8 una riproduzione identica all'originale.<\/p>\n<p>Se c'\u00e8 un'arma il cui prestigio non ha mai vacillato, e anzi non ha mai smesso di crescere, \u00e8 la Colt Single Action. Questo revolver, con la sua forma caratteristica e perfettamente armoniosa, \u00e8 diventato leggendario.<\/p>\n<p>\u00c8 importante notare che fu nel 1875 che la Single Action assunse il soprannome di Frontier, anno in cui fu adattata la cartuccia 44-40 Winchester. Cos\u00ec, le due pistole pi\u00f9 leggendarie del selvaggio West imposero la stessa legge di fuoco.<\/p>\n<p>Dopo la conquista dell'Occidente, quest'arma ha iniziato la conquista della memoria. Sar\u00e0 facile per lei, visto che le sue linee e le sue imprese hanno catturato l'immaginazione dell'umanit\u00e0.<\/p>\n<h2>La vostra Colt Peacemaker 5 \u00bd Cal.45 al miglior prezzo.<\/h2>\n<p>Vi offriamo un'ampia scelta di riproduzioni di armi Denix ai prezzi pi\u00f9 bassi del mercato.<\/p>\n<p>Innanzitutto,<\/p>\n<ul>\n<li>Le <a href=\"https:\/\/repliquemangacine.fr\/it\/revolver-per-colts\/revolver-colt-army-1860\/\">colt esercito Guerra Civile<\/a> (USA 1860) del calibro 44 del marchio Denix.<\/li>\n<li>Cos\u00ec come il <a href=\"https:\/\/repliquemangacine.fr\/it\/pistola-kolser\/coffret-colt-45-saa-31cm-laiton-1873-kolser\/\">custodia colt in ottone<\/a> con proiettili finti Kolser.<\/li>\n<li>E molti altri da scoprire nel nostro negozio online!<\/li>\n<\/ul>\n<p>Ecco perch\u00e9 \u00e8 un'ottima idea regalo per i collezionisti o gli appassionati di western.<\/p>\n<p>In conclusione, \u00e8 possibile utilizzare la Colt <strong>Peacemaker 5 \u00bd Cal.45<\/strong> per le vostre dimostrazioni western o serate a tema.<\/p>\n<p>Ricordiamo che si tratta di armi fittizie che non rappresentano alcun pericolo.<\/p>\n<p>R\u00e9plique Manga Cin\u00e9 \u00e8 un'azienda francese e distributore ufficiale del marchio. <a href=\"https:\/\/www.denix.fr\/\" target=\"_blank\" rel=\"noopener noreferrer\">Denix<\/a>.<\/p>\n<h2>Quali sono i materiali utilizzati per realizzare le repliche delle armi Denix?<\/h2>\n<p>Utilizzate in rievocazioni storiche, film, serie e dai collezionisti. Le riproduzioni Denix sono realizzate con materiali di alta qualit\u00e0. Sono accuratamente lavorate e assemblate per creare armi realistiche da collezione.<\/p>\n<ul>\n<li>I metalli sono in una lega metallica nota come Zamac, la cui composizione di base \u00e8 zinco in 95%.<\/li>\n<li>Le parti in plastica delle repliche sono realizzate in ABS stampato, che offre una grande resistenza.<\/li>\n<li>Il legno scelto per la sua bellezza e durata, come il mogano, l'ulivo o il noce, conferir\u00e0 ai mozziconi e alle botti un aspetto elegante e autentico.<\/li>\n<\/ul>\n<p>Vale la pena sottolineare che tutte le riproduzioni di pistole Denix sono identiche alle originali, come la vostra Colt. <strong>Peacemaker 5 \u00bd Cal.45<\/strong>.<\/p>","protected":false},"excerpt":{"rendered":"<p>Riproduzione della Peacemaker 5\u00bd calibro 45.<\/p>\n<ul>\n<li>Calcio in ABS imitazione avorio.<\/li>\n<li>La carcassa \u00e8 in Zamac.<\/li>\n<li>Canna rotante.<\/li>\n<li>Si spara e colpisce, ma non \u00e8 assolutamente in grado di sparare.<\/li>\n<li>Non \u00e8 richiesta alcuna autorizzazione. Vendita e possesso gratuiti.<\/li>\n<li>Dimensioni: 30,5 cm - Peso: 959 grammi<\/li>\n<\/ul>\n<p><span style=\"background-attachment: scroll; background-color: transparent; background-image: none; background-repeat: repeat; color: #222222; font-family: ' noto_serifregular', serif; font-size: 100%; font-style: normal; font-variant: normal; font-weight: 400; letter-spacing: normal; text-align: left; text-decoration: none; text-indent: 0px; text-transform: none; vertical-align: top; white-space: normal; word-spacing: 0px; padding: 0px; margin: 0px; border: 0px none;\">\u00a0<\/span><\/p>","protected":false},"featured_media":27972,"template":"","meta":[],"product_brand":[896],"product_cat":[33,77,27,64],"product_tag":[521,522,523,524],"class_list":{"0":"post-27971","1":"product","2":"type-product","3":"status-publish","4":"has-post-thumbnail","6":"product_brand-replique-manga-cine","7":"product_cat-colt-pistolet","8":"product_cat-colt-revolver-western","9":"product_cat-armes-et-accessoires-western","10":"product_cat-western-repliques-armes","11":"product_tag-colt","12":"product_tag-colt-western","13":"product_tag-peacemaker","14":"product_tag-revolver-calibre-45","16":"first","17":"outofstock","18":"sale","19":"taxable","20":"shipping-taxable","21":"purchasable","22":"product-type-simple"},"yoast_head":"<!-- This site is optimized with the Yoast SEO plugin v27.4 - https:\/\/yoast.com\/product\/yoast-seo-wordpress\/ -->\n<title>Peacemaker 5 \u00bd Cal.45 - Colt USA 1873 | R\u00e9plique Manga Cin\u00e9<\/title>\n<meta name=\"description\" content=\"Reproduction du Peacemaker 5 \u00bd Cal.45 Denix au meilleur prix - En m\u00e9tal - Crosse en bois - Barillet rotatif - M\u00e9canisme fonctionnel - Longueur : 30.5 cm\" \/>\n<meta name=\"robots\" content=\"index, follow, max-snippet:-1, max-image-preview:large, max-video-preview:-1\" \/>\n<link rel=\"canonical\" href=\"https:\/\/repliquemangacine.fr\/it\/revolver-colt-western\/colt-peacemaker-5-\u00bd-cal-45-usa-1873\/\" \/>\n<meta property=\"og:locale\" content=\"it_IT\" \/>\n<meta property=\"og:type\" content=\"article\" \/>\n<meta property=\"og:title\" content=\"Peacemaker 5 \u00bd Cal.45 - Colt USA 1873 | R\u00e9plique Manga Cin\u00e9\" \/>\n<meta property=\"og:description\" content=\"Reproduction du Peacemaker 5 \u00bd Cal.45 Denix au meilleur prix - En m\u00e9tal - Crosse en bois - Barillet rotatif - M\u00e9canisme fonctionnel - Longueur : 30.5 cm\" \/>\n<meta property=\"og:url\" content=\"https:\/\/repliquemangacine.fr\/it\/revolver-colt-western\/colt-peacemaker-5-\u00bd-cal-45-usa-1873\/\" \/>\n<meta property=\"og:site_name\" content=\"R\u00e9plique Manga Cin\u00e9\" \/>\n<meta property=\"article:publisher\" content=\"https:\/\/www.facebook.com\/RepliqueMangaCine\" \/>\n<meta property=\"article:modified_time\" content=\"2026-01-30T21:17:44+00:00\" \/>\n<meta property=\"og:image\" content=\"https:\/\/repliquemangacine.fr\/wp-content\/uploads\/2023\/10\/2700-Colt-Peacemaker-5-12-Cal.45-USA-1873.jpg\" \/>\n\t<meta property=\"og:image:width\" content=\"900\" \/>\n\t<meta property=\"og:image:height\" content=\"600\" \/>\n\t<meta property=\"og:image:type\" content=\"image\/jpeg\" \/>\n<meta name=\"twitter:card\" content=\"summary_large_image\" \/>\n<meta name=\"twitter:label1\" content=\"Tempo di lettura stimato\" \/>\n\t<meta name=\"twitter:data1\" content=\"2 minuti\" \/>\n<script type=\"application\/ld+json\" class=\"yoast-schema-graph\">{\"@context\":\"https:\\\/\\\/schema.org\",\"@graph\":[{\"@type\":\"WebPage\",\"@id\":\"https:\\\/\\\/repliquemangacine.fr\\\/colt-revolver-western\\\/colt-peacemaker-5-%c2%bd-cal-45-usa-1873\\\/\",\"url\":\"https:\\\/\\\/repliquemangacine.fr\\\/colt-revolver-western\\\/colt-peacemaker-5-%c2%bd-cal-45-usa-1873\\\/\",\"name\":\"Peacemaker 5 \u00bd Cal.45 - Colt USA 1873 | R\u00e9plique Manga Cin\u00e9\",\"isPartOf\":{\"@id\":\"https:\\\/\\\/repliquemangacine.fr\\\/#website\"},\"primaryImageOfPage\":{\"@id\":\"https:\\\/\\\/repliquemangacine.fr\\\/colt-revolver-western\\\/colt-peacemaker-5-%c2%bd-cal-45-usa-1873\\\/#primaryimage\"},\"image\":{\"@id\":\"https:\\\/\\\/repliquemangacine.fr\\\/colt-revolver-western\\\/colt-peacemaker-5-%c2%bd-cal-45-usa-1873\\\/#primaryimage\"},\"thumbnailUrl\":\"https:\\\/\\\/repliquemangacine.fr\\\/wp-content\\\/uploads\\\/2023\\\/10\\\/2700-Colt-Peacemaker-5-12-Cal.45-USA-1873.jpg\",\"datePublished\":\"2019-01-09T15:28:50+00:00\",\"dateModified\":\"2026-01-30T21:17:44+00:00\",\"description\":\"Reproduction du Peacemaker 5 \u00bd Cal.45 Denix au meilleur prix - En m\u00e9tal - Crosse en bois - Barillet rotatif - M\u00e9canisme fonctionnel - Longueur : 30.5 cm\",\"breadcrumb\":{\"@id\":\"https:\\\/\\\/repliquemangacine.fr\\\/colt-revolver-western\\\/colt-peacemaker-5-%c2%bd-cal-45-usa-1873\\\/#breadcrumb\"},\"inLanguage\":\"it-IT\",\"potentialAction\":[{\"@type\":\"ReadAction\",\"target\":[\"https:\\\/\\\/repliquemangacine.fr\\\/colt-revolver-western\\\/colt-peacemaker-5-%c2%bd-cal-45-usa-1873\\\/\"]}]},{\"@type\":\"ImageObject\",\"inLanguage\":\"it-IT\",\"@id\":\"https:\\\/\\\/repliquemangacine.fr\\\/colt-revolver-western\\\/colt-peacemaker-5-%c2%bd-cal-45-usa-1873\\\/#primaryimage\",\"url\":\"https:\\\/\\\/repliquemangacine.fr\\\/wp-content\\\/uploads\\\/2023\\\/10\\\/2700-Colt-Peacemaker-5-12-Cal.45-USA-1873.jpg\",\"contentUrl\":\"https:\\\/\\\/repliquemangacine.fr\\\/wp-content\\\/uploads\\\/2023\\\/10\\\/2700-Colt-Peacemaker-5-12-Cal.45-USA-1873.jpg\",\"width\":900,\"height\":600,\"caption\":\"Colt Peacemaker 5 \u00bd Cal.45 USA 1873\"},{\"@type\":\"BreadcrumbList\",\"@id\":\"https:\\\/\\\/repliquemangacine.fr\\\/colt-revolver-western\\\/colt-peacemaker-5-%c2%bd-cal-45-usa-1873\\\/#breadcrumb\",\"itemListElement\":[{\"@type\":\"ListItem\",\"position\":1,\"name\":\"Accueil\",\"item\":\"https:\\\/\\\/repliquemangacine.fr\\\/\"},{\"@type\":\"ListItem\",\"position\":2,\"name\":\"Produits\",\"item\":\"https:\\\/\\\/repliquemangacine.fr\\\/boutique\\\/\"},{\"@type\":\"ListItem\",\"position\":3,\"name\":\"Peacemaker 5 \u00bd Cal.45 USA 1873\"}]},{\"@type\":\"WebSite\",\"@id\":\"https:\\\/\\\/repliquemangacine.fr\\\/#website\",\"url\":\"https:\\\/\\\/repliquemangacine.fr\\\/\",\"name\":\"R\u00e9plique Manga Cin\u00e9\",\"description\":\"\",\"publisher\":{\"@id\":\"https:\\\/\\\/repliquemangacine.fr\\\/#organization\"},\"potentialAction\":[{\"@type\":\"SearchAction\",\"target\":{\"@type\":\"EntryPoint\",\"urlTemplate\":\"https:\\\/\\\/repliquemangacine.fr\\\/?s={search_term_string}\"},\"query-input\":{\"@type\":\"PropertyValueSpecification\",\"valueRequired\":true,\"valueName\":\"search_term_string\"}}],\"inLanguage\":\"it-IT\"},{\"@type\":\"Organization\",\"@id\":\"https:\\\/\\\/repliquemangacine.fr\\\/#organization\",\"name\":\"R\u00e9plique Manga Cin\u00e9\",\"url\":\"https:\\\/\\\/repliquemangacine.fr\\\/\",\"logo\":{\"@type\":\"ImageObject\",\"inLanguage\":\"it-IT\",\"@id\":\"https:\\\/\\\/repliquemangacine.fr\\\/#\\\/schema\\\/logo\\\/image\\\/\",\"url\":\"https:\\\/\\\/repliquemangacine.fr\\\/wp-content\\\/uploads\\\/2023\\\/10\\\/RMC-500250.png\",\"contentUrl\":\"https:\\\/\\\/repliquemangacine.fr\\\/wp-content\\\/uploads\\\/2023\\\/10\\\/RMC-500250.png\",\"width\":500,\"height\":250,\"caption\":\"R\u00e9plique Manga Cin\u00e9\"},\"image\":{\"@id\":\"https:\\\/\\\/repliquemangacine.fr\\\/#\\\/schema\\\/logo\\\/image\\\/\"},\"sameAs\":[\"https:\\\/\\\/www.facebook.com\\\/RepliqueMangaCine\",\"https:\\\/\\\/www.instagram.com\\\/repliquemangacine.fr\\\/\"]}]}<\/script>\n<!-- \/ Yoast SEO plugin. -->","yoast_head_json":{"title":"Peacemaker 5 \u00bd Cal.45 - Colt USA 1873 | R\u00e9plique Manga Cin\u00e9","description":"Riproduzione della Peacemaker 5 \u00bd Cal.45 Denix al miglior prezzo - Metallo - Calcio in legno - Canna rotante - Meccanismo funzionale - Lunghezza: 30,5 cm","robots":{"index":"index","follow":"follow","max-snippet":"max-snippet:-1","max-image-preview":"max-image-preview:large","max-video-preview":"max-video-preview:-1"},"canonical":"https:\/\/repliquemangacine.fr\/it\/revolver-colt-western\/colt-peacemaker-5-\u00bd-cal-45-usa-1873\/","og_locale":"it_IT","og_type":"article","og_title":"Peacemaker 5 \u00bd Cal.45 - Colt USA 1873 | R\u00e9plique Manga Cin\u00e9","og_description":"Reproduction du Peacemaker 5 \u00bd Cal.45 Denix au meilleur prix - En m\u00e9tal - Crosse en bois - Barillet rotatif - M\u00e9canisme fonctionnel - Longueur : 30.5 cm","og_url":"https:\/\/repliquemangacine.fr\/it\/revolver-colt-western\/colt-peacemaker-5-\u00bd-cal-45-usa-1873\/","og_site_name":"R\u00e9plique Manga Cin\u00e9","article_publisher":"https:\/\/www.facebook.com\/RepliqueMangaCine","article_modified_time":"2026-01-30T21:17:44+00:00","og_image":[{"width":900,"height":600,"url":"https:\/\/repliquemangacine.fr\/wp-content\/uploads\/2023\/10\/2700-Colt-Peacemaker-5-12-Cal.45-USA-1873.jpg","type":"image\/jpeg"}],"twitter_card":"summary_large_image","twitter_misc":{"Tempo di lettura stimato":"2 minuti"},"schema":{"@context":"https:\/\/schema.org","@graph":[{"@type":"WebPage","@id":"https:\/\/repliquemangacine.fr\/colt-revolver-western\/colt-peacemaker-5-%c2%bd-cal-45-usa-1873\/","url":"https:\/\/repliquemangacine.fr\/colt-revolver-western\/colt-peacemaker-5-%c2%bd-cal-45-usa-1873\/","name":"Peacemaker 5 \u00bd Cal.45 - Colt USA 1873 | R\u00e9plique Manga Cin\u00e9","isPartOf":{"@id":"https:\/\/repliquemangacine.fr\/#website"},"primaryImageOfPage":{"@id":"https:\/\/repliquemangacine.fr\/colt-revolver-western\/colt-peacemaker-5-%c2%bd-cal-45-usa-1873\/#primaryimage"},"image":{"@id":"https:\/\/repliquemangacine.fr\/colt-revolver-western\/colt-peacemaker-5-%c2%bd-cal-45-usa-1873\/#primaryimage"},"thumbnailUrl":"https:\/\/repliquemangacine.fr\/wp-content\/uploads\/2023\/10\/2700-Colt-Peacemaker-5-12-Cal.45-USA-1873.jpg","datePublished":"2019-01-09T15:28:50+00:00","dateModified":"2026-01-30T21:17:44+00:00","description":"Riproduzione della Peacemaker 5 \u00bd Cal.45 Denix al miglior prezzo - Metallo - Calcio in legno - Canna rotante - Meccanismo funzionale - Lunghezza: 30,5 cm","breadcrumb":{"@id":"https:\/\/repliquemangacine.fr\/colt-revolver-western\/colt-peacemaker-5-%c2%bd-cal-45-usa-1873\/#breadcrumb"},"inLanguage":"it-IT","potentialAction":[{"@type":"ReadAction","target":["https:\/\/repliquemangacine.fr\/colt-revolver-western\/colt-peacemaker-5-%c2%bd-cal-45-usa-1873\/"]}]},{"@type":"ImageObject","inLanguage":"it-IT","@id":"https:\/\/repliquemangacine.fr\/colt-revolver-western\/colt-peacemaker-5-%c2%bd-cal-45-usa-1873\/#primaryimage","url":"https:\/\/repliquemangacine.fr\/wp-content\/uploads\/2023\/10\/2700-Colt-Peacemaker-5-12-Cal.45-USA-1873.jpg","contentUrl":"https:\/\/repliquemangacine.fr\/wp-content\/uploads\/2023\/10\/2700-Colt-Peacemaker-5-12-Cal.45-USA-1873.jpg","width":900,"height":600,"caption":"Colt Peacemaker 5 \u00bd Cal.45 USA 1873"},{"@type":"BreadcrumbList","@id":"https:\/\/repliquemangacine.fr\/colt-revolver-western\/colt-peacemaker-5-%c2%bd-cal-45-usa-1873\/#breadcrumb","itemListElement":[{"@type":"ListItem","position":1,"name":"Accueil","item":"https:\/\/repliquemangacine.fr\/"},{"@type":"ListItem","position":2,"name":"Produits","item":"https:\/\/repliquemangacine.fr\/boutique\/"},{"@type":"ListItem","position":3,"name":"Peacemaker 5 \u00bd Cal.45 USA 1873"}]},{"@type":"WebSite","@id":"https:\/\/repliquemangacine.fr\/#website","url":"https:\/\/repliquemangacine.fr\/","name":"R\u00e9plique Manga Cin\u00e9","description":"","publisher":{"@id":"https:\/\/repliquemangacine.fr\/#organization"},"potentialAction":[{"@type":"SearchAction","target":{"@type":"EntryPoint","urlTemplate":"https:\/\/repliquemangacine.fr\/?s={search_term_string}"},"query-input":{"@type":"PropertyValueSpecification","valueRequired":true,"valueName":"search_term_string"}}],"inLanguage":"it-IT"},{"@type":"Organization","@id":"https:\/\/repliquemangacine.fr\/#organization","name":"R\u00e9plique Manga Cin\u00e9","url":"https:\/\/repliquemangacine.fr\/","logo":{"@type":"ImageObject","inLanguage":"it-IT","@id":"https:\/\/repliquemangacine.fr\/#\/schema\/logo\/image\/","url":"https:\/\/repliquemangacine.fr\/wp-content\/uploads\/2023\/10\/RMC-500250.png","contentUrl":"https:\/\/repliquemangacine.fr\/wp-content\/uploads\/2023\/10\/RMC-500250.png","width":500,"height":250,"caption":"R\u00e9plique Manga Cin\u00e9"},"image":{"@id":"https:\/\/repliquemangacine.fr\/#\/schema\/logo\/image\/"},"sameAs":["https:\/\/www.facebook.com\/RepliqueMangaCine","https:\/\/www.instagram.com\/repliquemangacine.fr\/"]}]}},"_links":{"self":[{"href":"https:\/\/repliquemangacine.fr\/it\/wp-json\/wp\/v2\/product\/27971","targetHints":{"allow":["GET"]}}],"collection":[{"href":"https:\/\/repliquemangacine.fr\/it\/wp-json\/wp\/v2\/product"}],"about":[{"href":"https:\/\/repliquemangacine.fr\/it\/wp-json\/wp\/v2\/types\/product"}],"wp:featuredmedia":[{"embeddable":true,"href":"https:\/\/repliquemangacine.fr\/it\/wp-json\/wp\/v2\/media\/27972"}],"wp:attachment":[{"href":"https:\/\/repliquemangacine.fr\/it\/wp-json\/wp\/v2\/media?parent=27971"}],"wp:term":[{"taxonomy":"product_brand","embeddable":true,"href":"https:\/\/repliquemangacine.fr\/it\/wp-json\/wp\/v2\/product_brand?post=27971"},{"taxonomy":"product_cat","embeddable":true,"href":"https:\/\/repliquemangacine.fr\/it\/wp-json\/wp\/v2\/product_cat?post=27971"},{"taxonomy":"product_tag","embeddable":true,"href":"https:\/\/repliquemangacine.fr\/it\/wp-json\/wp\/v2\/product_tag?post=27971"}],"curies":[{"name":"wp","href":"https:\/\/api.w.org\/{rel}","templated":true}]}}