





{"id":27955,"date":"2022-03-31T10:16:27","date_gmt":"2022-03-31T08:16:27","guid":{"rendered":"https:\/\/repliquemangacine.fr\/?post_type=product&#038;p=27955"},"modified":"2025-12-12T11:29:13","modified_gmt":"2025-12-12T10:29:13","slug":"scatola-di-manufatti-di-hermione-granger-harry-potter","status":"publish","type":"product","link":"https:\/\/repliquemangacine.fr\/it\/collectors-et-goodies-harry-potter\/boite-artefacts-hermione-granger-harry-potter\/","title":{"rendered":"Hermione Granger Artefatto - Collezionista Harry Potter"},"content":{"rendered":"<h2>Hermione nella scatola dei manufatti di Harry Potter.<\/h2>\n<p>Per cominciare, questo <strong>Scatola dei manufatti di Hermione<\/strong> Granger riunisce i simboli relativi alla giovane strega. Con licenza ufficiale <a href=\"https:\/\/noblecollection.fr\/boite-artefacts-hermione-granger-p-702.html\" target=\"_blank\" rel=\"noopener noreferrer\">Collezione Nobile<\/a>.<\/p>\n<p>Hermione Granger \u00e8 nata il 19 settembre 1979 da madre babbana e padre dentista. Hermione \u00e8 un'allieva brillante, una ragazza generosa e molto sensibile. \u00c8 anche molto studiosa e ama leggere.<\/p>\n<p>Hermione \u00e8 uno dei personaggi principali della saga di Harry Potter. Incontra per la prima volta Harry Potter e Ron Weasley sull'Espresso di Hogwarts. Alla cerimonia di distribuzione, Hermione fu mandata a Grifondoro, insieme a Ron e Harry. Il trio divenne presto inseparabile.<\/p>\n<h2>I vostri oggetti da collezione di Harry Potter al miglior prezzo<\/h2>\n<p>Offriamo un'ampia gamma di articoli di Harry Potter.<\/p>\n<p>Innanzitutto,<\/p>\n<ul>\n<li>La <a href=\"https:\/\/repliquemangacine.fr\/it\/bacchette-per-personaggi\/bacchetta-harry-potter-anima-in-metallo-di-alta-qualita\/\">La bacchetta magica di Harry<\/a> il suo amico di sempre e Ron.<\/li>\n<li>Cos\u00ec come il <a href=\"https:\/\/repliquemangacine.fr\/it\/bacchette-per-personaggi\/bacchetta-ron-weasley-con-anima-in-metallo-di-alta-qualita\/\">La bacchetta di Ron Weasley<\/a>il suo amico e poi il padre dei suoi due figli.<\/li>\n<li>E molti altri da scoprire nel nostro negozio online!<\/li>\n<li>Naturalmente, tutte le baguette ufficiali della Noble Collection sono disponibili su richiesta.<\/li>\n<\/ul>\n<p>Ecco un'ottima idea regalo per tutti i fan di Harry Potter<\/p>\n<p>In conclusione, \u00e8 possibile utilizzare questo <strong>Scatola dei manufatti di Hermione<\/strong> per i vostri cosplay o feste a tema. Ma soprattutto, \u00e8 un oggetto da collezione e una decorazione.<\/p>\n<p>R\u00e9plique Manga Cin\u00e9 \u00e8 un'azienda familiare francese.<\/p>\n<p>&nbsp;<\/p>","protected":false},"excerpt":{"rendered":"<p>La scatola dei manufatti di Hermione contiene :<\/p>\n<ul>\n<li>Orario della scuola di Hogwarts.<\/li>\n<li>Scheda d'esame B.U.S.E.<\/li>\n<li>Invito e manifesto per il Ballo di Natale dei Tre Maghi.<\/li>\n<li>Due biglietti per l'Hogwarts Express.<\/li>\n<li>Una foto autografata del professor Lockhart.<\/li>\n<li>Una fiala di filtro d'amore.<\/li>\n<li>La scatola misura 20 X 28 X 3,5 cm circa.<\/li>\n<\/ul>\n<p>&nbsp;<\/p>","protected":false},"featured_media":27956,"template":"","meta":[],"product_brand":[896],"product_cat":[87,24,41],"product_tag":[],"class_list":{"0":"post-27955","1":"product","2":"type-product","3":"status-publish","4":"has-post-thumbnail","6":"product_brand-replique-manga-cine","7":"product_cat-collectors-et-goodies-harry-potter","8":"product_cat-films-series-tv-vente-de-katana-epee-et-produits-derives","9":"product_cat-baguettes-et-goodies-harry-potter","11":"first","12":"instock","13":"taxable","14":"shipping-taxable","15":"purchasable","16":"product-type-simple"},"yoast_head":"<!-- This site is optimized with the Yoast SEO plugin v27.4 - https:\/\/yoast.com\/product\/yoast-seo-wordpress\/ -->\n<title>Boite Artefacts Hermione - Harry Potter | R\u00e9plique Manga Cin\u00e9<\/title>\n<meta name=\"description\" content=\"Les fans vont adorer ! Cette Boite Artefacts Hermione Granger au meilleur prix - Des objets de collections pour les fans - The Noble Collection\" \/>\n<meta name=\"robots\" content=\"index, follow, max-snippet:-1, max-image-preview:large, max-video-preview:-1\" \/>\n<link rel=\"canonical\" href=\"https:\/\/repliquemangacine.fr\/it\/collezionisti-di-harry-potter-e-chicche\/scatola-di-manufatti-di-hermione-granger-harry-potter\/\" \/>\n<meta property=\"og:locale\" content=\"it_IT\" \/>\n<meta property=\"og:type\" content=\"article\" \/>\n<meta property=\"og:title\" content=\"Boite Artefacts Hermione - Harry Potter | R\u00e9plique Manga Cin\u00e9\" \/>\n<meta property=\"og:description\" content=\"Les fans vont adorer ! Cette Boite Artefacts Hermione Granger au meilleur prix - Des objets de collections pour les fans - The Noble Collection\" \/>\n<meta property=\"og:url\" content=\"https:\/\/repliquemangacine.fr\/it\/collezionisti-di-harry-potter-e-chicche\/scatola-di-manufatti-di-hermione-granger-harry-potter\/\" \/>\n<meta property=\"og:site_name\" content=\"R\u00e9plique Manga Cin\u00e9\" \/>\n<meta property=\"article:publisher\" content=\"https:\/\/www.facebook.com\/RepliqueMangaCine\" \/>\n<meta property=\"article:modified_time\" content=\"2025-12-12T10:29:13+00:00\" \/>\n<meta property=\"og:image\" content=\"https:\/\/repliquemangacine.fr\/wp-content\/uploads\/2023\/10\/2687-Boite-dartefacts-Hermione-Granger.jpg\" \/>\n\t<meta property=\"og:image:width\" content=\"900\" \/>\n\t<meta property=\"og:image:height\" content=\"900\" \/>\n\t<meta property=\"og:image:type\" content=\"image\/jpeg\" \/>\n<meta name=\"twitter:card\" content=\"summary_large_image\" \/>\n<meta name=\"twitter:label1\" content=\"Tempo di lettura stimato\" \/>\n\t<meta name=\"twitter:data1\" content=\"1 minuto\" \/>\n<script type=\"application\/ld+json\" class=\"yoast-schema-graph\">{\"@context\":\"https:\\\/\\\/schema.org\",\"@graph\":[{\"@type\":\"WebPage\",\"@id\":\"https:\\\/\\\/repliquemangacine.fr\\\/collectors-et-goodies-harry-potter\\\/boite-artefacts-hermione-granger-harry-potter\\\/\",\"url\":\"https:\\\/\\\/repliquemangacine.fr\\\/collectors-et-goodies-harry-potter\\\/boite-artefacts-hermione-granger-harry-potter\\\/\",\"name\":\"Boite Artefacts Hermione - Harry Potter | R\u00e9plique Manga Cin\u00e9\",\"isPartOf\":{\"@id\":\"https:\\\/\\\/repliquemangacine.fr\\\/#website\"},\"primaryImageOfPage\":{\"@id\":\"https:\\\/\\\/repliquemangacine.fr\\\/collectors-et-goodies-harry-potter\\\/boite-artefacts-hermione-granger-harry-potter\\\/#primaryimage\"},\"image\":{\"@id\":\"https:\\\/\\\/repliquemangacine.fr\\\/collectors-et-goodies-harry-potter\\\/boite-artefacts-hermione-granger-harry-potter\\\/#primaryimage\"},\"thumbnailUrl\":\"https:\\\/\\\/repliquemangacine.fr\\\/wp-content\\\/uploads\\\/2023\\\/10\\\/2687-Boite-dartefacts-Hermione-Granger.jpg\",\"datePublished\":\"2022-03-31T08:16:27+00:00\",\"dateModified\":\"2025-12-12T10:29:13+00:00\",\"description\":\"Les fans vont adorer ! Cette Boite Artefacts Hermione Granger au meilleur prix - Des objets de collections pour les fans - The Noble Collection\",\"breadcrumb\":{\"@id\":\"https:\\\/\\\/repliquemangacine.fr\\\/collectors-et-goodies-harry-potter\\\/boite-artefacts-hermione-granger-harry-potter\\\/#breadcrumb\"},\"inLanguage\":\"it-IT\",\"potentialAction\":[{\"@type\":\"ReadAction\",\"target\":[\"https:\\\/\\\/repliquemangacine.fr\\\/collectors-et-goodies-harry-potter\\\/boite-artefacts-hermione-granger-harry-potter\\\/\"]}]},{\"@type\":\"ImageObject\",\"inLanguage\":\"it-IT\",\"@id\":\"https:\\\/\\\/repliquemangacine.fr\\\/collectors-et-goodies-harry-potter\\\/boite-artefacts-hermione-granger-harry-potter\\\/#primaryimage\",\"url\":\"https:\\\/\\\/repliquemangacine.fr\\\/wp-content\\\/uploads\\\/2023\\\/10\\\/2687-Boite-dartefacts-Hermione-Granger.jpg\",\"contentUrl\":\"https:\\\/\\\/repliquemangacine.fr\\\/wp-content\\\/uploads\\\/2023\\\/10\\\/2687-Boite-dartefacts-Hermione-Granger.jpg\",\"width\":900,\"height\":900,\"caption\":\"Boite d\u2019artefacts Hermione Granger\"},{\"@type\":\"BreadcrumbList\",\"@id\":\"https:\\\/\\\/repliquemangacine.fr\\\/collectors-et-goodies-harry-potter\\\/boite-artefacts-hermione-granger-harry-potter\\\/#breadcrumb\",\"itemListElement\":[{\"@type\":\"ListItem\",\"position\":1,\"name\":\"Accueil\",\"item\":\"https:\\\/\\\/repliquemangacine.fr\\\/\"},{\"@type\":\"ListItem\",\"position\":2,\"name\":\"Produits\",\"item\":\"https:\\\/\\\/repliquemangacine.fr\\\/boutique\\\/\"},{\"@type\":\"ListItem\",\"position\":3,\"name\":\"Artefact Hermione Granger- Collector Harry Potter\"}]},{\"@type\":\"WebSite\",\"@id\":\"https:\\\/\\\/repliquemangacine.fr\\\/#website\",\"url\":\"https:\\\/\\\/repliquemangacine.fr\\\/\",\"name\":\"R\u00e9plique Manga Cin\u00e9\",\"description\":\"\",\"publisher\":{\"@id\":\"https:\\\/\\\/repliquemangacine.fr\\\/#organization\"},\"potentialAction\":[{\"@type\":\"SearchAction\",\"target\":{\"@type\":\"EntryPoint\",\"urlTemplate\":\"https:\\\/\\\/repliquemangacine.fr\\\/?s={search_term_string}\"},\"query-input\":{\"@type\":\"PropertyValueSpecification\",\"valueRequired\":true,\"valueName\":\"search_term_string\"}}],\"inLanguage\":\"it-IT\"},{\"@type\":\"Organization\",\"@id\":\"https:\\\/\\\/repliquemangacine.fr\\\/#organization\",\"name\":\"R\u00e9plique Manga Cin\u00e9\",\"url\":\"https:\\\/\\\/repliquemangacine.fr\\\/\",\"logo\":{\"@type\":\"ImageObject\",\"inLanguage\":\"it-IT\",\"@id\":\"https:\\\/\\\/repliquemangacine.fr\\\/#\\\/schema\\\/logo\\\/image\\\/\",\"url\":\"https:\\\/\\\/repliquemangacine.fr\\\/wp-content\\\/uploads\\\/2023\\\/10\\\/RMC-500250.png\",\"contentUrl\":\"https:\\\/\\\/repliquemangacine.fr\\\/wp-content\\\/uploads\\\/2023\\\/10\\\/RMC-500250.png\",\"width\":500,\"height\":250,\"caption\":\"R\u00e9plique Manga Cin\u00e9\"},\"image\":{\"@id\":\"https:\\\/\\\/repliquemangacine.fr\\\/#\\\/schema\\\/logo\\\/image\\\/\"},\"sameAs\":[\"https:\\\/\\\/www.facebook.com\\\/RepliqueMangaCine\",\"https:\\\/\\\/www.instagram.com\\\/repliquemangacine.fr\\\/\"]}]}<\/script>\n<!-- \/ Yoast SEO plugin. -->","yoast_head_json":{"title":"Scatola dei manufatti di Hermione - Harry Potter | R\u00e9plique Manga Cin\u00e9","description":"I fan lo adoreranno! Questa scatola di manufatti di Hermione Granger al miglior prezzo - Articoli da collezione per i fan - The Noble Collection","robots":{"index":"index","follow":"follow","max-snippet":"max-snippet:-1","max-image-preview":"max-image-preview:large","max-video-preview":"max-video-preview:-1"},"canonical":"https:\/\/repliquemangacine.fr\/it\/collezionisti-di-harry-potter-e-chicche\/scatola-di-manufatti-di-hermione-granger-harry-potter\/","og_locale":"it_IT","og_type":"article","og_title":"Boite Artefacts Hermione - Harry Potter | R\u00e9plique Manga Cin\u00e9","og_description":"Les fans vont adorer ! Cette Boite Artefacts Hermione Granger au meilleur prix - Des objets de collections pour les fans - The Noble Collection","og_url":"https:\/\/repliquemangacine.fr\/it\/collezionisti-di-harry-potter-e-chicche\/scatola-di-manufatti-di-hermione-granger-harry-potter\/","og_site_name":"R\u00e9plique Manga Cin\u00e9","article_publisher":"https:\/\/www.facebook.com\/RepliqueMangaCine","article_modified_time":"2025-12-12T10:29:13+00:00","og_image":[{"width":900,"height":900,"url":"https:\/\/repliquemangacine.fr\/wp-content\/uploads\/2023\/10\/2687-Boite-dartefacts-Hermione-Granger.jpg","type":"image\/jpeg"}],"twitter_card":"summary_large_image","twitter_misc":{"Tempo di lettura stimato":"1 minuto"},"schema":{"@context":"https:\/\/schema.org","@graph":[{"@type":"WebPage","@id":"https:\/\/repliquemangacine.fr\/collectors-et-goodies-harry-potter\/boite-artefacts-hermione-granger-harry-potter\/","url":"https:\/\/repliquemangacine.fr\/collectors-et-goodies-harry-potter\/boite-artefacts-hermione-granger-harry-potter\/","name":"Scatola dei manufatti di Hermione - Harry Potter | R\u00e9plique Manga Cin\u00e9","isPartOf":{"@id":"https:\/\/repliquemangacine.fr\/#website"},"primaryImageOfPage":{"@id":"https:\/\/repliquemangacine.fr\/collectors-et-goodies-harry-potter\/boite-artefacts-hermione-granger-harry-potter\/#primaryimage"},"image":{"@id":"https:\/\/repliquemangacine.fr\/collectors-et-goodies-harry-potter\/boite-artefacts-hermione-granger-harry-potter\/#primaryimage"},"thumbnailUrl":"https:\/\/repliquemangacine.fr\/wp-content\/uploads\/2023\/10\/2687-Boite-dartefacts-Hermione-Granger.jpg","datePublished":"2022-03-31T08:16:27+00:00","dateModified":"2025-12-12T10:29:13+00:00","description":"I fan lo adoreranno! Questa scatola di manufatti di Hermione Granger al miglior prezzo - Articoli da collezione per i fan - The Noble Collection","breadcrumb":{"@id":"https:\/\/repliquemangacine.fr\/collectors-et-goodies-harry-potter\/boite-artefacts-hermione-granger-harry-potter\/#breadcrumb"},"inLanguage":"it-IT","potentialAction":[{"@type":"ReadAction","target":["https:\/\/repliquemangacine.fr\/collectors-et-goodies-harry-potter\/boite-artefacts-hermione-granger-harry-potter\/"]}]},{"@type":"ImageObject","inLanguage":"it-IT","@id":"https:\/\/repliquemangacine.fr\/collectors-et-goodies-harry-potter\/boite-artefacts-hermione-granger-harry-potter\/#primaryimage","url":"https:\/\/repliquemangacine.fr\/wp-content\/uploads\/2023\/10\/2687-Boite-dartefacts-Hermione-Granger.jpg","contentUrl":"https:\/\/repliquemangacine.fr\/wp-content\/uploads\/2023\/10\/2687-Boite-dartefacts-Hermione-Granger.jpg","width":900,"height":900,"caption":"Boite d\u2019artefacts Hermione Granger"},{"@type":"BreadcrumbList","@id":"https:\/\/repliquemangacine.fr\/collectors-et-goodies-harry-potter\/boite-artefacts-hermione-granger-harry-potter\/#breadcrumb","itemListElement":[{"@type":"ListItem","position":1,"name":"Accueil","item":"https:\/\/repliquemangacine.fr\/"},{"@type":"ListItem","position":2,"name":"Produits","item":"https:\/\/repliquemangacine.fr\/boutique\/"},{"@type":"ListItem","position":3,"name":"Artefact Hermione Granger- Collector Harry Potter"}]},{"@type":"WebSite","@id":"https:\/\/repliquemangacine.fr\/#website","url":"https:\/\/repliquemangacine.fr\/","name":"R\u00e9plique Manga Cin\u00e9","description":"","publisher":{"@id":"https:\/\/repliquemangacine.fr\/#organization"},"potentialAction":[{"@type":"SearchAction","target":{"@type":"EntryPoint","urlTemplate":"https:\/\/repliquemangacine.fr\/?s={search_term_string}"},"query-input":{"@type":"PropertyValueSpecification","valueRequired":true,"valueName":"search_term_string"}}],"inLanguage":"it-IT"},{"@type":"Organization","@id":"https:\/\/repliquemangacine.fr\/#organization","name":"R\u00e9plique Manga Cin\u00e9","url":"https:\/\/repliquemangacine.fr\/","logo":{"@type":"ImageObject","inLanguage":"it-IT","@id":"https:\/\/repliquemangacine.fr\/#\/schema\/logo\/image\/","url":"https:\/\/repliquemangacine.fr\/wp-content\/uploads\/2023\/10\/RMC-500250.png","contentUrl":"https:\/\/repliquemangacine.fr\/wp-content\/uploads\/2023\/10\/RMC-500250.png","width":500,"height":250,"caption":"R\u00e9plique Manga Cin\u00e9"},"image":{"@id":"https:\/\/repliquemangacine.fr\/#\/schema\/logo\/image\/"},"sameAs":["https:\/\/www.facebook.com\/RepliqueMangaCine","https:\/\/www.instagram.com\/repliquemangacine.fr\/"]}]}},"_links":{"self":[{"href":"https:\/\/repliquemangacine.fr\/it\/wp-json\/wp\/v2\/product\/27955","targetHints":{"allow":["GET"]}}],"collection":[{"href":"https:\/\/repliquemangacine.fr\/it\/wp-json\/wp\/v2\/product"}],"about":[{"href":"https:\/\/repliquemangacine.fr\/it\/wp-json\/wp\/v2\/types\/product"}],"wp:featuredmedia":[{"embeddable":true,"href":"https:\/\/repliquemangacine.fr\/it\/wp-json\/wp\/v2\/media\/27956"}],"wp:attachment":[{"href":"https:\/\/repliquemangacine.fr\/it\/wp-json\/wp\/v2\/media?parent=27955"}],"wp:term":[{"taxonomy":"product_brand","embeddable":true,"href":"https:\/\/repliquemangacine.fr\/it\/wp-json\/wp\/v2\/product_brand?post=27955"},{"taxonomy":"product_cat","embeddable":true,"href":"https:\/\/repliquemangacine.fr\/it\/wp-json\/wp\/v2\/product_cat?post=27955"},{"taxonomy":"product_tag","embeddable":true,"href":"https:\/\/repliquemangacine.fr\/it\/wp-json\/wp\/v2\/product_tag?post=27955"}],"curies":[{"name":"wp","href":"https:\/\/api.w.org\/{rel}","templated":true}]}}