





{"id":27941,"date":"2018-10-19T19:16:42","date_gmt":"2018-10-19T17:16:42","guid":{"rendered":"https:\/\/repliquemangacine.fr\/?post_type=product&#038;p=27941"},"modified":"2025-09-23T18:02:01","modified_gmt":"2025-09-23T16:02:01","slug":"spada-excalibur-spada-leggendaria-re-arthur","status":"publish","type":"product","link":"https:\/\/repliquemangacine.fr\/it\/katana-les-epees-de-films-et-series\/excalibur-epee-roi-arthur-epee-de-legende\/","title":{"rendered":"Spada Excalibur Re Art\u00f9"},"content":{"rendered":"<h2>Excalibur, la spada di Re Art\u00f9 ne La leggenda di Excalibur.<\/h2>\n<p>Per cominciare, la Spada Leggendaria <strong>Spada Excalibur Re Art\u00f9<\/strong> \u00e8 rinomato per la sua infrangibilit\u00e0 e per la sua capacit\u00e0 di tagliare qualsiasi materiale. Il suo fodero protegge chi lo indossa dalle ferite. Re Art\u00f9 possedeva entrambi i manufatti ed era quindi invincibile sul campo di battaglia.<\/p>\n<p>Excalibur \u00e8 la leggendaria spada magica di Re Art\u00f9, Re dei Bretoni nella leggenda arturiana del Medioevo. La storia di Re Art\u00f9 \u00e8 strettamente legata alla magica e misteriosa spada Excalibur, il cui nome significa \u201cTagliare l'acciaio\u201d, che era una delle sue numerose propriet\u00e0.<\/p>\n<p>Questa spada \u00e8 utilizzata da Charles Hunnam alias Art\u00f9 nel film di Guy Ritchie Le Roi Arthur : La l\u00e9gende d'Excalibur uscito nel 2017 . Si tratta di un altro adattamento\/interpretazione da prendere al volo, \u00e8 Ritchie!<\/p>\n<h2>La leggendaria spada Excalibur di Re Art\u00f9 al miglior prezzo.<\/h2>\n<p>Offriamo un'ampia gamma di repliche di epoca medievale.<\/p>\n<p>Innanzitutto,<\/p>\n<ul>\n<li>La spada leggendaria <a href=\"https:\/\/repliquemangacine.fr\/it\/riproduzioni-medievali\/excalibur-re-arthur-spada-leggendaria\/\">Excalibur<\/a> du Roi Arthur realizzato da <a href=\"https:\/\/www.denix.fr\/fr\/accueil-fr\/\" target=\"_blank\" rel=\"noopener noreferrer\">Denix<\/a>.<\/li>\n<li>Ma anche la replica del<a href=\"https:\/\/repliquemangacine.fr\/it\/assassins-creed\/epee-daguilar-assassins-creed-le-film\/\">spada di Aguilar<\/a> nel film Assassin's Creed.<\/li>\n<li>E molti altri da scoprire nel nostro negozio online!<\/li>\n<\/ul>\n<p>Ecco perch\u00e9 \u00e8 un'ottima idea regalo per tutti coloro che amano il Medioevo.<\/p>\n<p>In conclusione, \u00e8 possibile utilizzare anche il leggendario <strong>Spada Excalibur Re Art\u00f9<\/strong> per le vostre rievocazioni e rappresentazioni storiche. Ma soprattutto, questa spada \u00e8 anche un oggetto da collezione e un pezzo decorativo.<\/p>\n<h2>Come si mantiene la lama della sciabola?<\/h2>\n<p>Le spade da collezione e decorative sono realizzate e assemblate in modo semplificato. Poich\u00e9 il loro uso \u00e8 decorativo, non hanno le caratteristiche di sicurezza richieste da una sciabola giapponese destinata all'allenamento.<\/p>\n<p>Tuttavia, il vostro leggendario <strong>Spada Excalibur Re Art\u00f9<\/strong> a una lama d'acciaio che deve essere curata per evitare che si danneggi nel tempo. Quando si espone la katana, gli amici saranno curiosi di vedere la lama e di toccarla. \u00c8 qui che bisogna fare attenzione, perch\u00e9 l'acidit\u00e0 delle dita \u00e8 molto dannosa per l'acciaio, indipendentemente dalla sua qualit\u00e0.<\/p>\n<p>Tuttavia, se ci\u00f2 dovesse accadere, niente panico: basta un panno inumidito con un po' d'olio per eliminare le impronte. In questo modo, la spada durer\u00e0 a lungo.<\/p>","protected":false},"excerpt":{"rendered":"<p>La leggendaria spada di Re Art\u00f9, Excalibur, dal film La leggenda di Excalibur.<\/p>\n<ul>\n<li>Lama in acciaio inossidabile con effetto Damasco.<\/li>\n<li>Elsa e pomo in acciaio.<\/li>\n<li>Manico in metallo e tracolla in similpelle intrecciata.<\/li>\n<li>Supporto a parete.<\/li>\n<li>Lunghezza lama: 83 cm - Lunghezza totale: 103 cm - Peso: 1780 gr.<\/li>\n<\/ul>","protected":false},"featured_media":27942,"template":"","meta":[],"product_brand":[896],"product_cat":[25,91,66,84,24,43],"product_tag":[509,510,511,512],"class_list":{"0":"post-27941","1":"product","2":"type-product","3":"status-publish","4":"has-post-thumbnail","6":"product_brand-replique-manga-cine","7":"product_cat-armes-historiques","8":"product_cat-katana-les-epees-de-films-et-series","9":"product_cat-repliques-d-armes-films-et-series","10":"product_cat-epee-templier-medievale","11":"product_cat-films-series-tv-vente-de-katana-epee-et-produits-derives","12":"product_cat-reproductions-d-armes-et-accessoires-medievales","13":"product_tag-epee-de-legende","14":"product_tag-epee-excalibur","15":"product_tag-king-arthur","16":"product_tag-legend-of-the-sword","18":"first","19":"outofstock","20":"taxable","21":"shipping-taxable","22":"purchasable","23":"product-type-simple"},"yoast_head":"<!-- This site is optimized with the Yoast SEO plugin v27.4 - https:\/\/yoast.com\/product\/yoast-seo-wordpress\/ -->\n<title>Excalibur Ep\u00e9e Roi Arthur - Ep\u00e9e Historique | R\u00e9plique Manga Cin\u00e9<\/title>\n<meta name=\"description\" content=\"D\u00e9couvrez la l\u00e9gendaire Excalibur Ep\u00e9e Roi Arthur au meilleur prix. Lame en acier - Effet damass\u00e9. Garde et pommeau acier - Support - Longueur : 103 cm\" \/>\n<meta name=\"robots\" content=\"index, follow, max-snippet:-1, max-image-preview:large, max-video-preview:-1\" \/>\n<link rel=\"canonical\" href=\"https:\/\/repliquemangacine.fr\/it\/spade-katana-da-film-e-serie\/spada-excalibur-spada-leggendaria-re-arthur\/\" \/>\n<meta property=\"og:locale\" content=\"it_IT\" \/>\n<meta property=\"og:type\" content=\"article\" \/>\n<meta property=\"og:title\" content=\"Excalibur Ep\u00e9e Roi Arthur - Ep\u00e9e Historique | R\u00e9plique Manga Cin\u00e9\" \/>\n<meta property=\"og:description\" content=\"D\u00e9couvrez la l\u00e9gendaire Excalibur Ep\u00e9e Roi Arthur au meilleur prix. Lame en acier - Effet damass\u00e9. Garde et pommeau acier - Support - Longueur : 103 cm\" \/>\n<meta property=\"og:url\" content=\"https:\/\/repliquemangacine.fr\/it\/spade-katana-da-film-e-serie\/spada-excalibur-spada-leggendaria-re-arthur\/\" \/>\n<meta property=\"og:site_name\" content=\"R\u00e9plique Manga Cin\u00e9\" \/>\n<meta property=\"article:publisher\" content=\"https:\/\/www.facebook.com\/RepliqueMangaCine\" \/>\n<meta property=\"article:modified_time\" content=\"2025-09-23T16:02:01+00:00\" \/>\n<meta property=\"og:image\" content=\"https:\/\/repliquemangacine.fr\/wp-content\/uploads\/2023\/10\/2676-LE-ROI-ARTHUR-EXCALIBUR-EPEE-DE-LEGENDE-en-foret.jpg\" \/>\n\t<meta property=\"og:image:width\" content=\"900\" \/>\n\t<meta property=\"og:image:height\" content=\"900\" \/>\n\t<meta property=\"og:image:type\" content=\"image\/jpeg\" \/>\n<meta name=\"twitter:card\" content=\"summary_large_image\" \/>\n<meta name=\"twitter:label1\" content=\"Tempo di lettura stimato\" \/>\n\t<meta name=\"twitter:data1\" content=\"2 minuti\" \/>\n<script type=\"application\/ld+json\" class=\"yoast-schema-graph\">{\"@context\":\"https:\\\/\\\/schema.org\",\"@graph\":[{\"@type\":\"WebPage\",\"@id\":\"https:\\\/\\\/repliquemangacine.fr\\\/de\\\/katana-die-schwerter-aus-filmen-und-serien\\\/excalibur-epee-roi-arthur-epee-de-legende\\\/\",\"url\":\"https:\\\/\\\/repliquemangacine.fr\\\/de\\\/katana-die-schwerter-aus-filmen-und-serien\\\/excalibur-epee-roi-arthur-epee-de-legende\\\/\",\"name\":\"Excalibur Ep\u00e9e Roi Arthur - Ep\u00e9e Historique | R\u00e9plique Manga Cin\u00e9\",\"isPartOf\":{\"@id\":\"https:\\\/\\\/repliquemangacine.fr\\\/#website\"},\"primaryImageOfPage\":{\"@id\":\"https:\\\/\\\/repliquemangacine.fr\\\/de\\\/katana-die-schwerter-aus-filmen-und-serien\\\/excalibur-epee-roi-arthur-epee-de-legende\\\/#primaryimage\"},\"image\":{\"@id\":\"https:\\\/\\\/repliquemangacine.fr\\\/de\\\/katana-die-schwerter-aus-filmen-und-serien\\\/excalibur-epee-roi-arthur-epee-de-legende\\\/#primaryimage\"},\"thumbnailUrl\":\"https:\\\/\\\/repliquemangacine.fr\\\/wp-content\\\/uploads\\\/2023\\\/10\\\/2676-LE-ROI-ARTHUR-EXCALIBUR-EPEE-DE-LEGENDE-en-foret.jpg\",\"datePublished\":\"2018-10-19T17:16:42+00:00\",\"dateModified\":\"2025-09-23T16:02:01+00:00\",\"description\":\"D\u00e9couvrez la l\u00e9gendaire Excalibur Ep\u00e9e Roi Arthur au meilleur prix. Lame en acier - Effet damass\u00e9. Garde et pommeau acier - Support - Longueur : 103 cm\",\"breadcrumb\":{\"@id\":\"https:\\\/\\\/repliquemangacine.fr\\\/de\\\/katana-die-schwerter-aus-filmen-und-serien\\\/excalibur-epee-roi-arthur-epee-de-legende\\\/#breadcrumb\"},\"inLanguage\":\"it-IT\",\"potentialAction\":[{\"@type\":\"ReadAction\",\"target\":[\"https:\\\/\\\/repliquemangacine.fr\\\/de\\\/katana-die-schwerter-aus-filmen-und-serien\\\/excalibur-epee-roi-arthur-epee-de-legende\\\/\"]}]},{\"@type\":\"ImageObject\",\"inLanguage\":\"it-IT\",\"@id\":\"https:\\\/\\\/repliquemangacine.fr\\\/de\\\/katana-die-schwerter-aus-filmen-und-serien\\\/excalibur-epee-roi-arthur-epee-de-legende\\\/#primaryimage\",\"url\":\"https:\\\/\\\/repliquemangacine.fr\\\/wp-content\\\/uploads\\\/2023\\\/10\\\/2676-LE-ROI-ARTHUR-EXCALIBUR-EPEE-DE-LEGENDE-en-foret.jpg\",\"contentUrl\":\"https:\\\/\\\/repliquemangacine.fr\\\/wp-content\\\/uploads\\\/2023\\\/10\\\/2676-LE-ROI-ARTHUR-EXCALIBUR-EPEE-DE-LEGENDE-en-foret.jpg\",\"width\":900,\"height\":900,\"caption\":\"LE ROI ARTHUR - EXCALIBUR EPEE DE LEGENDE en foret\"},{\"@type\":\"BreadcrumbList\",\"@id\":\"https:\\\/\\\/repliquemangacine.fr\\\/de\\\/katana-die-schwerter-aus-filmen-und-serien\\\/excalibur-epee-roi-arthur-epee-de-legende\\\/#breadcrumb\",\"itemListElement\":[{\"@type\":\"ListItem\",\"position\":1,\"name\":\"Accueil\",\"item\":\"https:\\\/\\\/repliquemangacine.fr\\\/\"},{\"@type\":\"ListItem\",\"position\":2,\"name\":\"Produits\",\"item\":\"https:\\\/\\\/repliquemangacine.fr\\\/boutique\\\/\"},{\"@type\":\"ListItem\",\"position\":3,\"name\":\"Excalibur Ep\u00e9e Roi Arthur\"}]},{\"@type\":\"WebSite\",\"@id\":\"https:\\\/\\\/repliquemangacine.fr\\\/#website\",\"url\":\"https:\\\/\\\/repliquemangacine.fr\\\/\",\"name\":\"R\u00e9plique Manga Cin\u00e9\",\"description\":\"\",\"publisher\":{\"@id\":\"https:\\\/\\\/repliquemangacine.fr\\\/#organization\"},\"potentialAction\":[{\"@type\":\"SearchAction\",\"target\":{\"@type\":\"EntryPoint\",\"urlTemplate\":\"https:\\\/\\\/repliquemangacine.fr\\\/?s={search_term_string}\"},\"query-input\":{\"@type\":\"PropertyValueSpecification\",\"valueRequired\":true,\"valueName\":\"search_term_string\"}}],\"inLanguage\":\"it-IT\"},{\"@type\":\"Organization\",\"@id\":\"https:\\\/\\\/repliquemangacine.fr\\\/#organization\",\"name\":\"R\u00e9plique Manga Cin\u00e9\",\"url\":\"https:\\\/\\\/repliquemangacine.fr\\\/\",\"logo\":{\"@type\":\"ImageObject\",\"inLanguage\":\"it-IT\",\"@id\":\"https:\\\/\\\/repliquemangacine.fr\\\/#\\\/schema\\\/logo\\\/image\\\/\",\"url\":\"https:\\\/\\\/repliquemangacine.fr\\\/wp-content\\\/uploads\\\/2023\\\/10\\\/RMC-500250.png\",\"contentUrl\":\"https:\\\/\\\/repliquemangacine.fr\\\/wp-content\\\/uploads\\\/2023\\\/10\\\/RMC-500250.png\",\"width\":500,\"height\":250,\"caption\":\"R\u00e9plique Manga Cin\u00e9\"},\"image\":{\"@id\":\"https:\\\/\\\/repliquemangacine.fr\\\/#\\\/schema\\\/logo\\\/image\\\/\"},\"sameAs\":[\"https:\\\/\\\/www.facebook.com\\\/RepliqueMangaCine\",\"https:\\\/\\\/www.instagram.com\\\/repliquemangacine.fr\\\/\"]}]}<\/script>\n<!-- \/ Yoast SEO plugin. -->","yoast_head_json":{"title":"Spada Excalibur Re Art\u00f9 - Spada storica | R\u00e9plique Manga Cin\u00e9","description":"Scoprite la leggendaria spada Excalibur King Arthur al miglior prezzo. Lama in acciaio - Effetto Damasco. Elsa e pomo in acciaio - Supporto - Lunghezza: 103 cm","robots":{"index":"index","follow":"follow","max-snippet":"max-snippet:-1","max-image-preview":"max-image-preview:large","max-video-preview":"max-video-preview:-1"},"canonical":"https:\/\/repliquemangacine.fr\/it\/spade-katana-da-film-e-serie\/spada-excalibur-spada-leggendaria-re-arthur\/","og_locale":"it_IT","og_type":"article","og_title":"Excalibur Ep\u00e9e Roi Arthur - Ep\u00e9e Historique | R\u00e9plique Manga Cin\u00e9","og_description":"D\u00e9couvrez la l\u00e9gendaire Excalibur Ep\u00e9e Roi Arthur au meilleur prix. Lame en acier - Effet damass\u00e9. Garde et pommeau acier - Support - Longueur : 103 cm","og_url":"https:\/\/repliquemangacine.fr\/it\/spade-katana-da-film-e-serie\/spada-excalibur-spada-leggendaria-re-arthur\/","og_site_name":"R\u00e9plique Manga Cin\u00e9","article_publisher":"https:\/\/www.facebook.com\/RepliqueMangaCine","article_modified_time":"2025-09-23T16:02:01+00:00","og_image":[{"width":900,"height":900,"url":"https:\/\/repliquemangacine.fr\/wp-content\/uploads\/2023\/10\/2676-LE-ROI-ARTHUR-EXCALIBUR-EPEE-DE-LEGENDE-en-foret.jpg","type":"image\/jpeg"}],"twitter_card":"summary_large_image","twitter_misc":{"Tempo di lettura stimato":"2 minuti"},"schema":{"@context":"https:\/\/schema.org","@graph":[{"@type":"WebPage","@id":"https:\/\/repliquemangacine.fr\/de\/katana-die-schwerter-aus-filmen-und-serien\/excalibur-epee-roi-arthur-epee-de-legende\/","url":"https:\/\/repliquemangacine.fr\/de\/katana-die-schwerter-aus-filmen-und-serien\/excalibur-epee-roi-arthur-epee-de-legende\/","name":"Spada Excalibur Re Art\u00f9 - Spada storica | R\u00e9plique Manga Cin\u00e9","isPartOf":{"@id":"https:\/\/repliquemangacine.fr\/#website"},"primaryImageOfPage":{"@id":"https:\/\/repliquemangacine.fr\/de\/katana-die-schwerter-aus-filmen-und-serien\/excalibur-epee-roi-arthur-epee-de-legende\/#primaryimage"},"image":{"@id":"https:\/\/repliquemangacine.fr\/de\/katana-die-schwerter-aus-filmen-und-serien\/excalibur-epee-roi-arthur-epee-de-legende\/#primaryimage"},"thumbnailUrl":"https:\/\/repliquemangacine.fr\/wp-content\/uploads\/2023\/10\/2676-LE-ROI-ARTHUR-EXCALIBUR-EPEE-DE-LEGENDE-en-foret.jpg","datePublished":"2018-10-19T17:16:42+00:00","dateModified":"2025-09-23T16:02:01+00:00","description":"Scoprite la leggendaria spada Excalibur King Arthur al miglior prezzo. Lama in acciaio - Effetto Damasco. Elsa e pomo in acciaio - Supporto - Lunghezza: 103 cm","breadcrumb":{"@id":"https:\/\/repliquemangacine.fr\/de\/katana-die-schwerter-aus-filmen-und-serien\/excalibur-epee-roi-arthur-epee-de-legende\/#breadcrumb"},"inLanguage":"it-IT","potentialAction":[{"@type":"ReadAction","target":["https:\/\/repliquemangacine.fr\/de\/katana-die-schwerter-aus-filmen-und-serien\/excalibur-epee-roi-arthur-epee-de-legende\/"]}]},{"@type":"ImageObject","inLanguage":"it-IT","@id":"https:\/\/repliquemangacine.fr\/de\/katana-die-schwerter-aus-filmen-und-serien\/excalibur-epee-roi-arthur-epee-de-legende\/#primaryimage","url":"https:\/\/repliquemangacine.fr\/wp-content\/uploads\/2023\/10\/2676-LE-ROI-ARTHUR-EXCALIBUR-EPEE-DE-LEGENDE-en-foret.jpg","contentUrl":"https:\/\/repliquemangacine.fr\/wp-content\/uploads\/2023\/10\/2676-LE-ROI-ARTHUR-EXCALIBUR-EPEE-DE-LEGENDE-en-foret.jpg","width":900,"height":900,"caption":"LE ROI ARTHUR - EXCALIBUR EPEE DE LEGENDE en foret"},{"@type":"BreadcrumbList","@id":"https:\/\/repliquemangacine.fr\/de\/katana-die-schwerter-aus-filmen-und-serien\/excalibur-epee-roi-arthur-epee-de-legende\/#breadcrumb","itemListElement":[{"@type":"ListItem","position":1,"name":"Accueil","item":"https:\/\/repliquemangacine.fr\/"},{"@type":"ListItem","position":2,"name":"Produits","item":"https:\/\/repliquemangacine.fr\/boutique\/"},{"@type":"ListItem","position":3,"name":"Excalibur Ep\u00e9e Roi Arthur"}]},{"@type":"WebSite","@id":"https:\/\/repliquemangacine.fr\/#website","url":"https:\/\/repliquemangacine.fr\/","name":"R\u00e9plique Manga Cin\u00e9","description":"","publisher":{"@id":"https:\/\/repliquemangacine.fr\/#organization"},"potentialAction":[{"@type":"SearchAction","target":{"@type":"EntryPoint","urlTemplate":"https:\/\/repliquemangacine.fr\/?s={search_term_string}"},"query-input":{"@type":"PropertyValueSpecification","valueRequired":true,"valueName":"search_term_string"}}],"inLanguage":"it-IT"},{"@type":"Organization","@id":"https:\/\/repliquemangacine.fr\/#organization","name":"R\u00e9plique Manga Cin\u00e9","url":"https:\/\/repliquemangacine.fr\/","logo":{"@type":"ImageObject","inLanguage":"it-IT","@id":"https:\/\/repliquemangacine.fr\/#\/schema\/logo\/image\/","url":"https:\/\/repliquemangacine.fr\/wp-content\/uploads\/2023\/10\/RMC-500250.png","contentUrl":"https:\/\/repliquemangacine.fr\/wp-content\/uploads\/2023\/10\/RMC-500250.png","width":500,"height":250,"caption":"R\u00e9plique Manga Cin\u00e9"},"image":{"@id":"https:\/\/repliquemangacine.fr\/#\/schema\/logo\/image\/"},"sameAs":["https:\/\/www.facebook.com\/RepliqueMangaCine","https:\/\/www.instagram.com\/repliquemangacine.fr\/"]}]}},"_links":{"self":[{"href":"https:\/\/repliquemangacine.fr\/it\/wp-json\/wp\/v2\/product\/27941","targetHints":{"allow":["GET"]}}],"collection":[{"href":"https:\/\/repliquemangacine.fr\/it\/wp-json\/wp\/v2\/product"}],"about":[{"href":"https:\/\/repliquemangacine.fr\/it\/wp-json\/wp\/v2\/types\/product"}],"wp:featuredmedia":[{"embeddable":true,"href":"https:\/\/repliquemangacine.fr\/it\/wp-json\/wp\/v2\/media\/27942"}],"wp:attachment":[{"href":"https:\/\/repliquemangacine.fr\/it\/wp-json\/wp\/v2\/media?parent=27941"}],"wp:term":[{"taxonomy":"product_brand","embeddable":true,"href":"https:\/\/repliquemangacine.fr\/it\/wp-json\/wp\/v2\/product_brand?post=27941"},{"taxonomy":"product_cat","embeddable":true,"href":"https:\/\/repliquemangacine.fr\/it\/wp-json\/wp\/v2\/product_cat?post=27941"},{"taxonomy":"product_tag","embeddable":true,"href":"https:\/\/repliquemangacine.fr\/it\/wp-json\/wp\/v2\/product_tag?post=27941"}],"curies":[{"name":"wp","href":"https:\/\/api.w.org\/{rel}","templated":true}]}}