





{"id":27920,"date":"2018-09-02T17:37:57","date_gmt":"2018-09-02T15:37:57","guid":{"rendered":"https:\/\/repliquemangacine.fr\/?post_type=product&#038;p=27920"},"modified":"2025-09-23T18:02:01","modified_gmt":"2025-09-23T16:02:01","slug":"penna-a-bacchetta-di-hermione-granger-segnapagina","status":"publish","type":"product","link":"https:\/\/repliquemangacine.fr\/it\/collectors-et-goodies-harry-potter\/stylo-baguette-hermione-granger-marque-pages\/","title":{"rendered":"Hermione Granger penna"},"content":{"rendered":"<h2>Penna a bacchetta Hermione Granger in Harry Potter.<\/h2>\n<p>Per cominciare, il <strong>Penna a bacchetta Hermione Granger<\/strong> si ispira alla sua stessa bacchetta magica. Con segnalibro Hermione. Su licenza ufficiale Noble Collection.<\/p>\n<p>Hermione Granger, nata da madre dentista e padre babbano. Studentessa brillante, \u00e8 una giovane generosa e molto sensibile. \u00c8 molto studiosa e ama leggere.<\/p>\n<p>Hermione \u00e8 uno dei personaggi principali della saga di Harry Potter. Incontra per la prima volta Harry Potter e Ron Weasley sull'Espresso di Hogwarts. Alla distribuzione degli alunni, Hermione fu mandata a Grifondoro insieme a Ron e Harry. Il trio divenne presto inseparabile.<\/p>\n<p>Lei e Ron passano spesso il tempo a litigare come bambole di pezza. La donna lancia persino un incantesimo su Ron, Oppugno, semplicemente per gelosia. Ma dietro questa apparente ostilit\u00e0 si nasconde un affetto crescente, che poi si trasforma in amore.<\/p>\n<h2>Il vostro articolo da collezione di Harry Potter al miglior prezzo<\/h2>\n<p>Offriamo un'ampia gamma di articoli di Harry Potter.<\/p>\n<p>Innanzitutto,<\/p>\n<ul>\n<li>La <a href=\"https:\/\/repliquemangacine.fr\/it\/harry-potter\/scatola-di-manufatti-di-hermione-granger-harry-potter\/\">Scatola dei manufatti<\/a> Hermione Granger contiene oggetti cari a Hermione che definiscono la sua personalit\u00e0 e la sua storia.<\/li>\n<li>Le <a href=\"https:\/\/repliquemangacine.fr\/it\/collezionisti-di-harry-potter\/set-bacchetta-harry-potter\/\">scatola di 15 portachiavi<\/a>.<\/li>\n<li>E molti altri da scoprire nel nostro negozio online!<\/li>\n<li>Naturalmente, abbiamo anche tutte le bacchette ufficiali. <a href=\"https:\/\/noblecollection.fr\/index.php\" target=\"_blank\" rel=\"noopener noreferrer\">Collezione Nobile<\/a> su richiesta.<\/li>\n<\/ul>\n<p>Ecco un'ottima idea regalo per tutti i fan di Harry Potter<\/p>\n<p>In conclusione, \u00e8 possibile utilizzare questo <strong>Penna a bacchetta di Hermione Granger<\/strong> per i vostri cosplay o feste a tema. Ma soprattutto, \u00e8 un oggetto da collezione e una decorazione.<\/p>\n<p>R\u00e9plique Manga Cin\u00e9 \u00e8 un'azienda familiare francese.<\/p>\n<p>&nbsp;<\/p>","protected":false},"excerpt":{"rendered":"<p>Ecco un'originale biro a forma di bacchetta di Hermione Granger della saga di Harry Potter.<\/p>\n<ul>\n<li>Corpo in ABS.<\/li>\n<li>Lunghezza 18,5 cm<\/li>\n<li>Creato da The Noble Collection.<\/li>\n<li>Segnalibro Hermione<\/li>\n<\/ul>","protected":false},"featured_media":27921,"template":"","meta":[],"product_brand":[896],"product_cat":[87,24,41],"product_tag":[],"class_list":{"0":"post-27920","1":"product","2":"type-product","3":"status-publish","4":"has-post-thumbnail","6":"product_brand-replique-manga-cine","7":"product_cat-collectors-et-goodies-harry-potter","8":"product_cat-films-series-tv-vente-de-katana-epee-et-produits-derives","9":"product_cat-baguettes-et-goodies-harry-potter","11":"first","12":"instock","13":"taxable","14":"shipping-taxable","15":"purchasable","16":"product-type-simple"},"yoast_head":"<!-- This site is optimized with the Yoast SEO plugin v27.4 - https:\/\/yoast.com\/product\/yoast-seo-wordpress\/ -->\n<title>Stylo Baguette Hermione Granger - Harry Potter | RMC<\/title>\n<meta name=\"description\" content=\"Commandez vite votre Stylo Baguette Hermione Granger dans Harry Potter au meilleur prix. Livr\u00e9 avec son marque page - Licence Noble Collection - 18.5cm\" \/>\n<meta name=\"robots\" content=\"index, follow, max-snippet:-1, max-image-preview:large, max-video-preview:-1\" \/>\n<link rel=\"canonical\" href=\"https:\/\/repliquemangacine.fr\/it\/collezionisti-di-harry-potter-e-chicche\/penna-a-bacchetta-di-hermione-granger-segnapagina\/\" \/>\n<meta property=\"og:locale\" content=\"it_IT\" \/>\n<meta property=\"og:type\" content=\"article\" \/>\n<meta property=\"og:title\" content=\"Stylo Baguette Hermione Granger - Harry Potter | RMC\" \/>\n<meta property=\"og:description\" content=\"Commandez vite votre Stylo Baguette Hermione Granger dans Harry Potter au meilleur prix. Livr\u00e9 avec son marque page - Licence Noble Collection - 18.5cm\" \/>\n<meta property=\"og:url\" content=\"https:\/\/repliquemangacine.fr\/it\/collezionisti-di-harry-potter-e-chicche\/penna-a-bacchetta-di-hermione-granger-segnapagina\/\" \/>\n<meta property=\"og:site_name\" content=\"R\u00e9plique Manga Cin\u00e9\" \/>\n<meta property=\"article:publisher\" content=\"https:\/\/www.facebook.com\/RepliqueMangaCine\" \/>\n<meta property=\"article:modified_time\" content=\"2025-09-23T16:02:01+00:00\" \/>\n<meta property=\"og:image\" content=\"https:\/\/repliquemangacine.fr\/wp-content\/uploads\/2023\/10\/2654-Stylo-baguette-Hermione-Granger-Marque-pages-HP.jpg\" \/>\n\t<meta property=\"og:image:width\" content=\"800\" \/>\n\t<meta property=\"og:image:height\" content=\"800\" \/>\n\t<meta property=\"og:image:type\" content=\"image\/jpeg\" \/>\n<meta name=\"twitter:card\" content=\"summary_large_image\" \/>\n<meta name=\"twitter:label1\" content=\"Tempo di lettura stimato\" \/>\n\t<meta name=\"twitter:data1\" content=\"1 minuto\" \/>\n<script type=\"application\/ld+json\" class=\"yoast-schema-graph\">{\"@context\":\"https:\\\/\\\/schema.org\",\"@graph\":[{\"@type\":\"WebPage\",\"@id\":\"https:\\\/\\\/repliquemangacine.fr\\\/collectors-et-goodies-harry-potter\\\/stylo-baguette-hermione-granger-marque-pages\\\/\",\"url\":\"https:\\\/\\\/repliquemangacine.fr\\\/collectors-et-goodies-harry-potter\\\/stylo-baguette-hermione-granger-marque-pages\\\/\",\"name\":\"Stylo Baguette Hermione Granger - Harry Potter | RMC\",\"isPartOf\":{\"@id\":\"https:\\\/\\\/repliquemangacine.fr\\\/#website\"},\"primaryImageOfPage\":{\"@id\":\"https:\\\/\\\/repliquemangacine.fr\\\/collectors-et-goodies-harry-potter\\\/stylo-baguette-hermione-granger-marque-pages\\\/#primaryimage\"},\"image\":{\"@id\":\"https:\\\/\\\/repliquemangacine.fr\\\/collectors-et-goodies-harry-potter\\\/stylo-baguette-hermione-granger-marque-pages\\\/#primaryimage\"},\"thumbnailUrl\":\"https:\\\/\\\/repliquemangacine.fr\\\/wp-content\\\/uploads\\\/2023\\\/10\\\/2654-Stylo-baguette-Hermione-Granger-Marque-pages-HP.jpg\",\"datePublished\":\"2018-09-02T15:37:57+00:00\",\"dateModified\":\"2025-09-23T16:02:01+00:00\",\"description\":\"Commandez vite votre Stylo Baguette Hermione Granger dans Harry Potter au meilleur prix. Livr\u00e9 avec son marque page - Licence Noble Collection - 18.5cm\",\"breadcrumb\":{\"@id\":\"https:\\\/\\\/repliquemangacine.fr\\\/collectors-et-goodies-harry-potter\\\/stylo-baguette-hermione-granger-marque-pages\\\/#breadcrumb\"},\"inLanguage\":\"it-IT\",\"potentialAction\":[{\"@type\":\"ReadAction\",\"target\":[\"https:\\\/\\\/repliquemangacine.fr\\\/collectors-et-goodies-harry-potter\\\/stylo-baguette-hermione-granger-marque-pages\\\/\"]}]},{\"@type\":\"ImageObject\",\"inLanguage\":\"it-IT\",\"@id\":\"https:\\\/\\\/repliquemangacine.fr\\\/collectors-et-goodies-harry-potter\\\/stylo-baguette-hermione-granger-marque-pages\\\/#primaryimage\",\"url\":\"https:\\\/\\\/repliquemangacine.fr\\\/wp-content\\\/uploads\\\/2023\\\/10\\\/2654-Stylo-baguette-Hermione-Granger-Marque-pages-HP.jpg\",\"contentUrl\":\"https:\\\/\\\/repliquemangacine.fr\\\/wp-content\\\/uploads\\\/2023\\\/10\\\/2654-Stylo-baguette-Hermione-Granger-Marque-pages-HP.jpg\",\"width\":800,\"height\":800,\"caption\":\"Stylo baguette Hermione Granger- Marque pages HP\"},{\"@type\":\"BreadcrumbList\",\"@id\":\"https:\\\/\\\/repliquemangacine.fr\\\/collectors-et-goodies-harry-potter\\\/stylo-baguette-hermione-granger-marque-pages\\\/#breadcrumb\",\"itemListElement\":[{\"@type\":\"ListItem\",\"position\":1,\"name\":\"Accueil\",\"item\":\"https:\\\/\\\/repliquemangacine.fr\\\/\"},{\"@type\":\"ListItem\",\"position\":2,\"name\":\"Produits\",\"item\":\"https:\\\/\\\/repliquemangacine.fr\\\/boutique\\\/\"},{\"@type\":\"ListItem\",\"position\":3,\"name\":\"Stylo Hermione Granger\"}]},{\"@type\":\"WebSite\",\"@id\":\"https:\\\/\\\/repliquemangacine.fr\\\/#website\",\"url\":\"https:\\\/\\\/repliquemangacine.fr\\\/\",\"name\":\"R\u00e9plique Manga Cin\u00e9\",\"description\":\"\",\"publisher\":{\"@id\":\"https:\\\/\\\/repliquemangacine.fr\\\/#organization\"},\"potentialAction\":[{\"@type\":\"SearchAction\",\"target\":{\"@type\":\"EntryPoint\",\"urlTemplate\":\"https:\\\/\\\/repliquemangacine.fr\\\/?s={search_term_string}\"},\"query-input\":{\"@type\":\"PropertyValueSpecification\",\"valueRequired\":true,\"valueName\":\"search_term_string\"}}],\"inLanguage\":\"it-IT\"},{\"@type\":\"Organization\",\"@id\":\"https:\\\/\\\/repliquemangacine.fr\\\/#organization\",\"name\":\"R\u00e9plique Manga Cin\u00e9\",\"url\":\"https:\\\/\\\/repliquemangacine.fr\\\/\",\"logo\":{\"@type\":\"ImageObject\",\"inLanguage\":\"it-IT\",\"@id\":\"https:\\\/\\\/repliquemangacine.fr\\\/#\\\/schema\\\/logo\\\/image\\\/\",\"url\":\"https:\\\/\\\/repliquemangacine.fr\\\/wp-content\\\/uploads\\\/2023\\\/10\\\/RMC-500250.png\",\"contentUrl\":\"https:\\\/\\\/repliquemangacine.fr\\\/wp-content\\\/uploads\\\/2023\\\/10\\\/RMC-500250.png\",\"width\":500,\"height\":250,\"caption\":\"R\u00e9plique Manga Cin\u00e9\"},\"image\":{\"@id\":\"https:\\\/\\\/repliquemangacine.fr\\\/#\\\/schema\\\/logo\\\/image\\\/\"},\"sameAs\":[\"https:\\\/\\\/www.facebook.com\\\/RepliqueMangaCine\",\"https:\\\/\\\/www.instagram.com\\\/repliquemangacine.fr\\\/\"]}]}<\/script>\n<!-- \/ Yoast SEO plugin. -->","yoast_head_json":{"title":"Penna a bacchetta Hermione Granger - Harry Potter | RMC","description":"Ordina la tua penna a bacchetta Hermione Granger in Harry Potter al miglior prezzo. Consegnata con il suo segnalibro - Licenza Noble Collection - 18,5cm","robots":{"index":"index","follow":"follow","max-snippet":"max-snippet:-1","max-image-preview":"max-image-preview:large","max-video-preview":"max-video-preview:-1"},"canonical":"https:\/\/repliquemangacine.fr\/it\/collezionisti-di-harry-potter-e-chicche\/penna-a-bacchetta-di-hermione-granger-segnapagina\/","og_locale":"it_IT","og_type":"article","og_title":"Stylo Baguette Hermione Granger - Harry Potter | RMC","og_description":"Commandez vite votre Stylo Baguette Hermione Granger dans Harry Potter au meilleur prix. Livr\u00e9 avec son marque page - Licence Noble Collection - 18.5cm","og_url":"https:\/\/repliquemangacine.fr\/it\/collezionisti-di-harry-potter-e-chicche\/penna-a-bacchetta-di-hermione-granger-segnapagina\/","og_site_name":"R\u00e9plique Manga Cin\u00e9","article_publisher":"https:\/\/www.facebook.com\/RepliqueMangaCine","article_modified_time":"2025-09-23T16:02:01+00:00","og_image":[{"width":800,"height":800,"url":"https:\/\/repliquemangacine.fr\/wp-content\/uploads\/2023\/10\/2654-Stylo-baguette-Hermione-Granger-Marque-pages-HP.jpg","type":"image\/jpeg"}],"twitter_card":"summary_large_image","twitter_misc":{"Tempo di lettura stimato":"1 minuto"},"schema":{"@context":"https:\/\/schema.org","@graph":[{"@type":"WebPage","@id":"https:\/\/repliquemangacine.fr\/collectors-et-goodies-harry-potter\/stylo-baguette-hermione-granger-marque-pages\/","url":"https:\/\/repliquemangacine.fr\/collectors-et-goodies-harry-potter\/stylo-baguette-hermione-granger-marque-pages\/","name":"Penna a bacchetta Hermione Granger - Harry Potter | RMC","isPartOf":{"@id":"https:\/\/repliquemangacine.fr\/#website"},"primaryImageOfPage":{"@id":"https:\/\/repliquemangacine.fr\/collectors-et-goodies-harry-potter\/stylo-baguette-hermione-granger-marque-pages\/#primaryimage"},"image":{"@id":"https:\/\/repliquemangacine.fr\/collectors-et-goodies-harry-potter\/stylo-baguette-hermione-granger-marque-pages\/#primaryimage"},"thumbnailUrl":"https:\/\/repliquemangacine.fr\/wp-content\/uploads\/2023\/10\/2654-Stylo-baguette-Hermione-Granger-Marque-pages-HP.jpg","datePublished":"2018-09-02T15:37:57+00:00","dateModified":"2025-09-23T16:02:01+00:00","description":"Ordina la tua penna a bacchetta Hermione Granger in Harry Potter al miglior prezzo. Consegnata con il suo segnalibro - Licenza Noble Collection - 18,5cm","breadcrumb":{"@id":"https:\/\/repliquemangacine.fr\/collectors-et-goodies-harry-potter\/stylo-baguette-hermione-granger-marque-pages\/#breadcrumb"},"inLanguage":"it-IT","potentialAction":[{"@type":"ReadAction","target":["https:\/\/repliquemangacine.fr\/collectors-et-goodies-harry-potter\/stylo-baguette-hermione-granger-marque-pages\/"]}]},{"@type":"ImageObject","inLanguage":"it-IT","@id":"https:\/\/repliquemangacine.fr\/collectors-et-goodies-harry-potter\/stylo-baguette-hermione-granger-marque-pages\/#primaryimage","url":"https:\/\/repliquemangacine.fr\/wp-content\/uploads\/2023\/10\/2654-Stylo-baguette-Hermione-Granger-Marque-pages-HP.jpg","contentUrl":"https:\/\/repliquemangacine.fr\/wp-content\/uploads\/2023\/10\/2654-Stylo-baguette-Hermione-Granger-Marque-pages-HP.jpg","width":800,"height":800,"caption":"Stylo baguette Hermione Granger- Marque pages HP"},{"@type":"BreadcrumbList","@id":"https:\/\/repliquemangacine.fr\/collectors-et-goodies-harry-potter\/stylo-baguette-hermione-granger-marque-pages\/#breadcrumb","itemListElement":[{"@type":"ListItem","position":1,"name":"Accueil","item":"https:\/\/repliquemangacine.fr\/"},{"@type":"ListItem","position":2,"name":"Produits","item":"https:\/\/repliquemangacine.fr\/boutique\/"},{"@type":"ListItem","position":3,"name":"Stylo Hermione Granger"}]},{"@type":"WebSite","@id":"https:\/\/repliquemangacine.fr\/#website","url":"https:\/\/repliquemangacine.fr\/","name":"R\u00e9plique Manga Cin\u00e9","description":"","publisher":{"@id":"https:\/\/repliquemangacine.fr\/#organization"},"potentialAction":[{"@type":"SearchAction","target":{"@type":"EntryPoint","urlTemplate":"https:\/\/repliquemangacine.fr\/?s={search_term_string}"},"query-input":{"@type":"PropertyValueSpecification","valueRequired":true,"valueName":"search_term_string"}}],"inLanguage":"it-IT"},{"@type":"Organization","@id":"https:\/\/repliquemangacine.fr\/#organization","name":"R\u00e9plique Manga Cin\u00e9","url":"https:\/\/repliquemangacine.fr\/","logo":{"@type":"ImageObject","inLanguage":"it-IT","@id":"https:\/\/repliquemangacine.fr\/#\/schema\/logo\/image\/","url":"https:\/\/repliquemangacine.fr\/wp-content\/uploads\/2023\/10\/RMC-500250.png","contentUrl":"https:\/\/repliquemangacine.fr\/wp-content\/uploads\/2023\/10\/RMC-500250.png","width":500,"height":250,"caption":"R\u00e9plique Manga Cin\u00e9"},"image":{"@id":"https:\/\/repliquemangacine.fr\/#\/schema\/logo\/image\/"},"sameAs":["https:\/\/www.facebook.com\/RepliqueMangaCine","https:\/\/www.instagram.com\/repliquemangacine.fr\/"]}]}},"_links":{"self":[{"href":"https:\/\/repliquemangacine.fr\/it\/wp-json\/wp\/v2\/product\/27920","targetHints":{"allow":["GET"]}}],"collection":[{"href":"https:\/\/repliquemangacine.fr\/it\/wp-json\/wp\/v2\/product"}],"about":[{"href":"https:\/\/repliquemangacine.fr\/it\/wp-json\/wp\/v2\/types\/product"}],"wp:featuredmedia":[{"embeddable":true,"href":"https:\/\/repliquemangacine.fr\/it\/wp-json\/wp\/v2\/media\/27921"}],"wp:attachment":[{"href":"https:\/\/repliquemangacine.fr\/it\/wp-json\/wp\/v2\/media?parent=27920"}],"wp:term":[{"taxonomy":"product_brand","embeddable":true,"href":"https:\/\/repliquemangacine.fr\/it\/wp-json\/wp\/v2\/product_brand?post=27920"},{"taxonomy":"product_cat","embeddable":true,"href":"https:\/\/repliquemangacine.fr\/it\/wp-json\/wp\/v2\/product_cat?post=27920"},{"taxonomy":"product_tag","embeddable":true,"href":"https:\/\/repliquemangacine.fr\/it\/wp-json\/wp\/v2\/product_tag?post=27920"}],"curies":[{"name":"wp","href":"https:\/\/api.w.org\/{rel}","templated":true}]}}