





{"id":27911,"date":"2018-08-26T18:42:57","date_gmt":"2018-08-26T16:42:57","guid":{"rendered":"https:\/\/repliquemangacine.fr\/?post_type=product&#038;p=27911"},"modified":"2026-03-31T21:14:59","modified_gmt":"2026-03-31T19:14:59","slug":"spada-vichinga-lagertha","status":"publish","type":"product","link":"https:\/\/repliquemangacine.fr\/it\/epees-serie-tv-vikings\/epee-de-lagertha-vikings\/","title":{"rendered":"La spada di Lagertha"},"content":{"rendered":"<h2>La spada di Lagertha della serie Vikings<\/h2>\n<p>Per cominciare, il<strong>La spada di Lagertha<\/strong> nella serie Vikings, interpretata da Katheryn Winnick. Secondo la leggenda, Lagertha era una skjaldm\u00f6. Era la moglie di Ragnar Lothbrok, il vichingo pi\u00f9 famoso di tutti i tempi, il cui destino semi-leggendario \u00e8 raccontato nella serie TV.<\/p>\n<p>Per oltre 100 anni, i Vichinghi compirono numerose incursioni mortali in Francia. Questi guerrieri norvegesi ottennero molte vittorie. Si stabilirono anche in modo permanente in Normandia.<\/p>\n<p>Notevoli navigatori, i Vichinghi si spinsero fino alla penisola iberica nell'844. I Vichinghi entrarono nel Mediterraneo attraverso lo Stretto di Gibilterra.<\/p>\n<p>Conosciuti come temibili guerrieri, i Vichinghi non riuscirono mai a formare un vero e proprio esercito.<\/p>\n<h2>La tua Spada Lagertha al miglior prezzo.<\/h2>\n<p>Offriamo un'ampia gamma di spade, elmi e scudi dell'epoca vichinga.<\/p>\n<p>Innanzitutto,<\/p>\n<ul>\n<li>La spada del famoso re <a href=\"https:\/\/repliquemangacine.fr\/it\/armi-vichinghe\/replica-della-spada-di-re-ragnar-lothbrok-della-serie-tv-vikings\/\">Ragnar Lothbrok<\/a> della serie Viking.<\/li>\n<li>C'\u00e8 anche il <a href=\"https:\/\/repliquemangacine.fr\/it\/armi-vichinghe\/ascia-serie-vichinghi-ascia-ragnar-lothbrok\/\">Ascia di Ragnar<\/a>ricreato dall'oggetto di scena della serie televisiva \"Vikings\".<\/li>\n<li>E molti altri ancora!<\/li>\n<li>Se state cercando un braccialetto, un anello o addirittura un tatuaggio, date un'occhiata al nostro negozio partner. <a href=\"https:\/\/www.viking-clan.com\/\" target=\"_blank\" rel=\"noopener noreferrer\">Clan vichingo<\/a>.<\/li>\n<\/ul>\n<p>Ecco perch\u00e9 \u00e8 un'ottima idea regalo per gli appassionati dell'epoca vichinga e per i fan della famosa serie.<\/p>\n<p>In conclusione, potete usare questa spada anche per le vostre sfilate cosplay o per le rievocazioni storiche. Ma soprattutto, la\u2019<strong>La spada di Lagertha<\/strong>\u00c8 un oggetto da collezione, per di pi\u00f9 decorativo.<\/p>\n<h2>Come faccio a mantenere la lama della mia spada vichinga?<\/h2>\n<p>Le spade da collezione e decorative sono realizzate e assemblate in modo semplificato. Poich\u00e9 il loro uso \u00e8 decorativo, non hanno le caratteristiche di sicurezza richieste per una spada giapponese destinata all'allenamento.<\/p>\n<p>Tuttavia, il vostro <strong>La spada di Lagertha<\/strong> a una lama d'acciaio che deve essere curata per evitare che si danneggi nel tempo. Quando si espone la katana, gli amici saranno curiosi di vedere la lama e di toccarla. \u00c8 qui che bisogna fare attenzione, perch\u00e9 l'acidit\u00e0 delle dita \u00e8 molto dannosa per l'acciaio, indipendentemente dalla sua qualit\u00e0.<\/p>\n<p>Tuttavia, se ci\u00f2 dovesse accadere, niente panico: basta un panno inumidito con un po' d'olio per eliminare le impronte. In questo modo, la spada durer\u00e0 a lungo.<\/p>","protected":false},"excerpt":{"rendered":"<p>La spada di Lagertha nella serie Vikings.<\/p>\n<ul>\n<li>Lama in acciaio nero 440 con scanalatura.<\/li>\n<li>Elsa e pomo in acciaio massiccio color rame.<\/li>\n<li>Manico rivestito in similpelle marrone.<\/li>\n<li>Supporto da parete in legno con logo.<\/li>\n<li>Lunghezza lama: 79 cm - Lunghezza totale: 104 cm - Peso: 1800 gr.<\/li>\n<\/ul>","protected":false},"featured_media":27912,"template":"","meta":[],"product_brand":[896],"product_cat":[25,84,112,24,43,103,57],"product_tag":[],"class_list":{"0":"post-27911","1":"product","2":"type-product","3":"status-publish","4":"has-post-thumbnail","6":"product_brand-replique-manga-cine","7":"product_cat-armes-historiques","8":"product_cat-epee-templier-medievale","9":"product_cat-epees-serie-tv-vikings","10":"product_cat-films-series-tv-vente-de-katana-epee-et-produits-derives","11":"product_cat-reproductions-d-armes-et-accessoires-medievales","12":"product_cat-armes-et-accessoires-vikings","13":"product_cat-armes-vikings","15":"first","16":"instock","17":"sale","18":"taxable","19":"shipping-taxable","20":"purchasable","21":"product-type-simple"},"yoast_head":"<!-- This site is optimized with the Yoast SEO plugin v27.4 - https:\/\/yoast.com\/product\/yoast-seo-wordpress\/ -->\n<title>Ep\u00e9e de Lagertha - Vente d&#039;Ep\u00e9e Viking | R\u00e9plique Manga Cin\u00e9<\/title>\n<meta name=\"description\" content=\"Offrez-lui l&#039;Ep\u00e9e de Lagertha de la s\u00e9rie TV Vikings au meilleur prix. Lame acier noir - Garde m\u00e9tal cuivr\u00e9e - Support Mural - Longueur : 104 cm\" \/>\n<meta name=\"robots\" content=\"index, follow, max-snippet:-1, max-image-preview:large, max-video-preview:-1\" \/>\n<link rel=\"canonical\" href=\"https:\/\/repliquemangacine.fr\/it\/spade-serie-tv-vichinghi\/spada-vichinga-lagertha\/\" \/>\n<meta property=\"og:locale\" content=\"it_IT\" \/>\n<meta property=\"og:type\" content=\"article\" \/>\n<meta property=\"og:title\" content=\"Ep\u00e9e de Lagertha - Vente d&#039;Ep\u00e9e Viking | R\u00e9plique Manga Cin\u00e9\" \/>\n<meta property=\"og:description\" content=\"Offrez-lui l&#039;Ep\u00e9e de Lagertha de la s\u00e9rie TV Vikings au meilleur prix. Lame acier noir - Garde m\u00e9tal cuivr\u00e9e - Support Mural - Longueur : 104 cm\" \/>\n<meta property=\"og:url\" content=\"https:\/\/repliquemangacine.fr\/it\/spade-serie-tv-vichinghi\/spada-vichinga-lagertha\/\" \/>\n<meta property=\"og:site_name\" content=\"R\u00e9plique Manga Cin\u00e9\" \/>\n<meta property=\"article:publisher\" content=\"https:\/\/www.facebook.com\/RepliqueMangaCine\" \/>\n<meta property=\"article:modified_time\" content=\"2026-03-31T19:14:59+00:00\" \/>\n<meta property=\"og:image\" content=\"https:\/\/repliquemangacine.fr\/wp-content\/uploads\/2023\/10\/2645-Epee-de-Lagertha-serie-Vikings.jpg\" \/>\n\t<meta property=\"og:image:width\" content=\"800\" \/>\n\t<meta property=\"og:image:height\" content=\"800\" \/>\n\t<meta property=\"og:image:type\" content=\"image\/jpeg\" \/>\n<meta name=\"twitter:card\" content=\"summary_large_image\" \/>\n<meta name=\"twitter:label1\" content=\"Tempo di lettura stimato\" \/>\n\t<meta name=\"twitter:data1\" content=\"1 minuto\" \/>\n<script type=\"application\/ld+json\" class=\"yoast-schema-graph\">{\"@context\":\"https:\\\/\\\/schema.org\",\"@graph\":[{\"@type\":\"WebPage\",\"@id\":\"https:\\\/\\\/repliquemangacine.fr\\\/epees-serie-tv-vikings\\\/epee-de-lagertha-vikings\\\/\",\"url\":\"https:\\\/\\\/repliquemangacine.fr\\\/epees-serie-tv-vikings\\\/epee-de-lagertha-vikings\\\/\",\"name\":\"Ep\u00e9e de Lagertha - Vente d'Ep\u00e9e Viking | R\u00e9plique Manga Cin\u00e9\",\"isPartOf\":{\"@id\":\"https:\\\/\\\/repliquemangacine.fr\\\/#website\"},\"primaryImageOfPage\":{\"@id\":\"https:\\\/\\\/repliquemangacine.fr\\\/epees-serie-tv-vikings\\\/epee-de-lagertha-vikings\\\/#primaryimage\"},\"image\":{\"@id\":\"https:\\\/\\\/repliquemangacine.fr\\\/epees-serie-tv-vikings\\\/epee-de-lagertha-vikings\\\/#primaryimage\"},\"thumbnailUrl\":\"https:\\\/\\\/repliquemangacine.fr\\\/wp-content\\\/uploads\\\/2023\\\/10\\\/2645-Epee-de-Lagertha-serie-Vikings.jpg\",\"datePublished\":\"2018-08-26T16:42:57+00:00\",\"dateModified\":\"2026-03-31T19:14:59+00:00\",\"description\":\"Offrez-lui l'Ep\u00e9e de Lagertha de la s\u00e9rie TV Vikings au meilleur prix. Lame acier noir - Garde m\u00e9tal cuivr\u00e9e - Support Mural - Longueur : 104 cm\",\"breadcrumb\":{\"@id\":\"https:\\\/\\\/repliquemangacine.fr\\\/epees-serie-tv-vikings\\\/epee-de-lagertha-vikings\\\/#breadcrumb\"},\"inLanguage\":\"it-IT\",\"potentialAction\":[{\"@type\":\"ReadAction\",\"target\":[\"https:\\\/\\\/repliquemangacine.fr\\\/epees-serie-tv-vikings\\\/epee-de-lagertha-vikings\\\/\"]}]},{\"@type\":\"ImageObject\",\"inLanguage\":\"it-IT\",\"@id\":\"https:\\\/\\\/repliquemangacine.fr\\\/epees-serie-tv-vikings\\\/epee-de-lagertha-vikings\\\/#primaryimage\",\"url\":\"https:\\\/\\\/repliquemangacine.fr\\\/wp-content\\\/uploads\\\/2023\\\/10\\\/2645-Epee-de-Lagertha-serie-Vikings.jpg\",\"contentUrl\":\"https:\\\/\\\/repliquemangacine.fr\\\/wp-content\\\/uploads\\\/2023\\\/10\\\/2645-Epee-de-Lagertha-serie-Vikings.jpg\",\"width\":800,\"height\":800,\"caption\":\"Ep\u00e9e de Lagertha - serie Vikings\"},{\"@type\":\"BreadcrumbList\",\"@id\":\"https:\\\/\\\/repliquemangacine.fr\\\/epees-serie-tv-vikings\\\/epee-de-lagertha-vikings\\\/#breadcrumb\",\"itemListElement\":[{\"@type\":\"ListItem\",\"position\":1,\"name\":\"Accueil\",\"item\":\"https:\\\/\\\/repliquemangacine.fr\\\/\"},{\"@type\":\"ListItem\",\"position\":2,\"name\":\"Produits\",\"item\":\"https:\\\/\\\/repliquemangacine.fr\\\/boutique\\\/\"},{\"@type\":\"ListItem\",\"position\":3,\"name\":\"Ep\u00e9e de Lagertha\"}]},{\"@type\":\"WebSite\",\"@id\":\"https:\\\/\\\/repliquemangacine.fr\\\/#website\",\"url\":\"https:\\\/\\\/repliquemangacine.fr\\\/\",\"name\":\"R\u00e9plique Manga Cin\u00e9\",\"description\":\"\",\"publisher\":{\"@id\":\"https:\\\/\\\/repliquemangacine.fr\\\/#organization\"},\"potentialAction\":[{\"@type\":\"SearchAction\",\"target\":{\"@type\":\"EntryPoint\",\"urlTemplate\":\"https:\\\/\\\/repliquemangacine.fr\\\/?s={search_term_string}\"},\"query-input\":{\"@type\":\"PropertyValueSpecification\",\"valueRequired\":true,\"valueName\":\"search_term_string\"}}],\"inLanguage\":\"it-IT\"},{\"@type\":\"Organization\",\"@id\":\"https:\\\/\\\/repliquemangacine.fr\\\/#organization\",\"name\":\"R\u00e9plique Manga Cin\u00e9\",\"url\":\"https:\\\/\\\/repliquemangacine.fr\\\/\",\"logo\":{\"@type\":\"ImageObject\",\"inLanguage\":\"it-IT\",\"@id\":\"https:\\\/\\\/repliquemangacine.fr\\\/#\\\/schema\\\/logo\\\/image\\\/\",\"url\":\"https:\\\/\\\/repliquemangacine.fr\\\/wp-content\\\/uploads\\\/2023\\\/10\\\/RMC-500250.png\",\"contentUrl\":\"https:\\\/\\\/repliquemangacine.fr\\\/wp-content\\\/uploads\\\/2023\\\/10\\\/RMC-500250.png\",\"width\":500,\"height\":250,\"caption\":\"R\u00e9plique Manga Cin\u00e9\"},\"image\":{\"@id\":\"https:\\\/\\\/repliquemangacine.fr\\\/#\\\/schema\\\/logo\\\/image\\\/\"},\"sameAs\":[\"https:\\\/\\\/www.facebook.com\\\/RepliqueMangaCine\",\"https:\\\/\\\/www.instagram.com\\\/repliquemangacine.fr\\\/\"]}]}<\/script>\n<!-- \/ Yoast SEO plugin. -->","yoast_head_json":{"title":"Spada Lagertha - Vendita spade vichinghe | R\u00e9plique Manga Cin\u00e9","description":"Offrigli la spada di Lagertha della serie TV Vikings al miglior prezzo. Lama in acciaio nero - Guardia in metallo color rame - Supporto da parete - Lunghezza: 104 cm","robots":{"index":"index","follow":"follow","max-snippet":"max-snippet:-1","max-image-preview":"max-image-preview:large","max-video-preview":"max-video-preview:-1"},"canonical":"https:\/\/repliquemangacine.fr\/it\/spade-serie-tv-vichinghi\/spada-vichinga-lagertha\/","og_locale":"it_IT","og_type":"article","og_title":"Ep\u00e9e de Lagertha - Vente d'Ep\u00e9e Viking | R\u00e9plique Manga Cin\u00e9","og_description":"Offrez-lui l'Ep\u00e9e de Lagertha de la s\u00e9rie TV Vikings au meilleur prix. Lame acier noir - Garde m\u00e9tal cuivr\u00e9e - Support Mural - Longueur : 104 cm","og_url":"https:\/\/repliquemangacine.fr\/it\/spade-serie-tv-vichinghi\/spada-vichinga-lagertha\/","og_site_name":"R\u00e9plique Manga Cin\u00e9","article_publisher":"https:\/\/www.facebook.com\/RepliqueMangaCine","article_modified_time":"2026-03-31T19:14:59+00:00","og_image":[{"width":800,"height":800,"url":"https:\/\/repliquemangacine.fr\/wp-content\/uploads\/2023\/10\/2645-Epee-de-Lagertha-serie-Vikings.jpg","type":"image\/jpeg"}],"twitter_card":"summary_large_image","twitter_misc":{"Tempo di lettura stimato":"1 minuto"},"schema":{"@context":"https:\/\/schema.org","@graph":[{"@type":"WebPage","@id":"https:\/\/repliquemangacine.fr\/epees-serie-tv-vikings\/epee-de-lagertha-vikings\/","url":"https:\/\/repliquemangacine.fr\/epees-serie-tv-vikings\/epee-de-lagertha-vikings\/","name":"Spada Lagertha - Vendita spade vichinghe | R\u00e9plique Manga Cin\u00e9","isPartOf":{"@id":"https:\/\/repliquemangacine.fr\/#website"},"primaryImageOfPage":{"@id":"https:\/\/repliquemangacine.fr\/epees-serie-tv-vikings\/epee-de-lagertha-vikings\/#primaryimage"},"image":{"@id":"https:\/\/repliquemangacine.fr\/epees-serie-tv-vikings\/epee-de-lagertha-vikings\/#primaryimage"},"thumbnailUrl":"https:\/\/repliquemangacine.fr\/wp-content\/uploads\/2023\/10\/2645-Epee-de-Lagertha-serie-Vikings.jpg","datePublished":"2018-08-26T16:42:57+00:00","dateModified":"2026-03-31T19:14:59+00:00","description":"Offrigli la spada di Lagertha della serie TV Vikings al miglior prezzo. Lama in acciaio nero - Guardia in metallo color rame - Supporto da parete - Lunghezza: 104 cm","breadcrumb":{"@id":"https:\/\/repliquemangacine.fr\/epees-serie-tv-vikings\/epee-de-lagertha-vikings\/#breadcrumb"},"inLanguage":"it-IT","potentialAction":[{"@type":"ReadAction","target":["https:\/\/repliquemangacine.fr\/epees-serie-tv-vikings\/epee-de-lagertha-vikings\/"]}]},{"@type":"ImageObject","inLanguage":"it-IT","@id":"https:\/\/repliquemangacine.fr\/epees-serie-tv-vikings\/epee-de-lagertha-vikings\/#primaryimage","url":"https:\/\/repliquemangacine.fr\/wp-content\/uploads\/2023\/10\/2645-Epee-de-Lagertha-serie-Vikings.jpg","contentUrl":"https:\/\/repliquemangacine.fr\/wp-content\/uploads\/2023\/10\/2645-Epee-de-Lagertha-serie-Vikings.jpg","width":800,"height":800,"caption":"Ep\u00e9e de Lagertha - serie Vikings"},{"@type":"BreadcrumbList","@id":"https:\/\/repliquemangacine.fr\/epees-serie-tv-vikings\/epee-de-lagertha-vikings\/#breadcrumb","itemListElement":[{"@type":"ListItem","position":1,"name":"Accueil","item":"https:\/\/repliquemangacine.fr\/"},{"@type":"ListItem","position":2,"name":"Produits","item":"https:\/\/repliquemangacine.fr\/boutique\/"},{"@type":"ListItem","position":3,"name":"Ep\u00e9e de Lagertha"}]},{"@type":"WebSite","@id":"https:\/\/repliquemangacine.fr\/#website","url":"https:\/\/repliquemangacine.fr\/","name":"R\u00e9plique Manga Cin\u00e9","description":"","publisher":{"@id":"https:\/\/repliquemangacine.fr\/#organization"},"potentialAction":[{"@type":"SearchAction","target":{"@type":"EntryPoint","urlTemplate":"https:\/\/repliquemangacine.fr\/?s={search_term_string}"},"query-input":{"@type":"PropertyValueSpecification","valueRequired":true,"valueName":"search_term_string"}}],"inLanguage":"it-IT"},{"@type":"Organization","@id":"https:\/\/repliquemangacine.fr\/#organization","name":"R\u00e9plique Manga Cin\u00e9","url":"https:\/\/repliquemangacine.fr\/","logo":{"@type":"ImageObject","inLanguage":"it-IT","@id":"https:\/\/repliquemangacine.fr\/#\/schema\/logo\/image\/","url":"https:\/\/repliquemangacine.fr\/wp-content\/uploads\/2023\/10\/RMC-500250.png","contentUrl":"https:\/\/repliquemangacine.fr\/wp-content\/uploads\/2023\/10\/RMC-500250.png","width":500,"height":250,"caption":"R\u00e9plique Manga Cin\u00e9"},"image":{"@id":"https:\/\/repliquemangacine.fr\/#\/schema\/logo\/image\/"},"sameAs":["https:\/\/www.facebook.com\/RepliqueMangaCine","https:\/\/www.instagram.com\/repliquemangacine.fr\/"]}]}},"_links":{"self":[{"href":"https:\/\/repliquemangacine.fr\/it\/wp-json\/wp\/v2\/product\/27911","targetHints":{"allow":["GET"]}}],"collection":[{"href":"https:\/\/repliquemangacine.fr\/it\/wp-json\/wp\/v2\/product"}],"about":[{"href":"https:\/\/repliquemangacine.fr\/it\/wp-json\/wp\/v2\/types\/product"}],"wp:featuredmedia":[{"embeddable":true,"href":"https:\/\/repliquemangacine.fr\/it\/wp-json\/wp\/v2\/media\/27912"}],"wp:attachment":[{"href":"https:\/\/repliquemangacine.fr\/it\/wp-json\/wp\/v2\/media?parent=27911"}],"wp:term":[{"taxonomy":"product_brand","embeddable":true,"href":"https:\/\/repliquemangacine.fr\/it\/wp-json\/wp\/v2\/product_brand?post=27911"},{"taxonomy":"product_cat","embeddable":true,"href":"https:\/\/repliquemangacine.fr\/it\/wp-json\/wp\/v2\/product_cat?post=27911"},{"taxonomy":"product_tag","embeddable":true,"href":"https:\/\/repliquemangacine.fr\/it\/wp-json\/wp\/v2\/product_tag?post=27911"}],"curies":[{"name":"wp","href":"https:\/\/api.w.org\/{rel}","templated":true}]}}