





{"id":27894,"date":"2018-08-02T17:34:35","date_gmt":"2018-08-02T15:34:35","guid":{"rendered":"https:\/\/repliquemangacine.fr\/?post_type=product&#038;p=27894"},"modified":"2026-04-22T19:47:34","modified_gmt":"2026-04-22T17:47:34","slug":"supporto-a-parete-a-forma-di-proiettile-per-pistola-fucile-e-spada","status":"publish","type":"product","link":"https:\/\/repliquemangacine.fr\/it\/holster-accessoires-western\/support-mural-en-forme-de-balles-pour-pistolet-fusil-et-epee\/","title":{"rendered":"Supporto a parete a sfera"},"content":{"rendered":"<h2>Supporto a parete per sfere - Denix<\/h2>\n<p>Per cominciare, il <strong>Supporto a parete a sfera<\/strong>, l'accessorio indispensabile per il montaggio a parete delle repliche Denix.<\/p>\n<p>Questo supporto regola la profondit\u00e0 tra 3 e 5 cm, in modo da poter inserire diversi strati di fucile o Colt. A forma di proiettile Cal.30-06 Springfield, stupir\u00e0 pi\u00f9 di una persona!<\/p>\n<p>Alta qualit\u00e0, realizzata con una meticolosa attenzione ai dettagli. Infatti, alcuni dei lavori di Denix sono realizzati a mano per riprodurre i minimi dettagli. Le parti pi\u00f9 importanti sono lavorate con macchine molto precise. Le incisioni sono generalmente realizzate con una punta di diamante o con il laser.<\/p>\n<p>Denix, leader mondiale nella riproduzione di armi storiche. Va sottolineato che Denix si concentra sulla creazione di repliche di alta qualit\u00e0 che siano il pi\u00f9 possibile storicamente accurate.<\/p>\n<h2>Le vostre riproduzioni di armi storiche al miglior prezzo.<\/h2>\n<p>Offriamo un'ampia gamma di repliche di armi Denix. Questo supporto da parete si adatta perfettamente a tutte le armi replica presenti nel nostro negozio online.<\/p>\n<p>Innanzitutto,<\/p>\n<ul>\n<li>Le <a href=\"https:\/\/repliquemangacine.fr\/it\/replica-western-winchester\/fucile-a-doppia-canna-wyatt-earp-usa-1881\/\">Fucile Wyatt Earp<\/a> con la sua doppia canna giustapposta e il massiccio calcio in legno.<\/li>\n<li>Cos\u00ec come il <a href=\"https:\/\/repliquemangacine.fr\/it\/fucile-winchester\/fucile-henry-guerra-civile-usa-1860\/\">Fucile Henry 1860<\/a>famoso come i western americani e italiani.<\/li>\n<li>Ci sono anche <a href=\"https:\/\/repliquemangacine.fr\/it\/pistola-colt\/\">Colture Peacemaker<\/a> Calibro 45, in diverse lunghezze di canna<\/li>\n<li>E molti altri da scoprire nel nostro negozio online!<\/li>\n<\/ul>\n<p>Ecco perch\u00e9 abbiamo pensato ad alcune superbe idee regalo per tutti gli appassionati di armi storiche.<\/p>\n<p>In conclusione, \u00e8 possibile utilizzare questo <strong>Supporto a parete a sfera<\/strong> per la vostra esposizione storica e di interni.<\/p>\n<p>R\u00e9plique Manga Cin\u00e9 \u00e8 un'azienda francese a conduzione familiare e distributore ufficiale del marchio <a href=\"https:\/\/www.denix.fr\/\" target=\"_blank\" rel=\"noopener noreferrer\">Denix<\/a>.<\/p>","protected":false},"excerpt":{"rendered":"<p>Set di due pezzi a forma di proiettile per l'esposizione di colt, fucili e Winchester.<\/p>\n<ul>\n<li>Realizzato interamente in metallo.<\/li>\n<li>Profondit\u00e0 regolabile da 2,5 cm a 4,5 cm.<\/li>\n<li>Fissare con due viti (in dotazione).<\/li>\n<li>Dimensioni: altezza della sfera: 4 cm - larghezza: 1,5 cm.<\/li>\n<\/ul>","protected":false},"featured_media":27895,"template":"","meta":[],"product_brand":[896],"product_cat":[51,25,34,102,54,90,85,28,27],"product_tag":[],"class_list":{"0":"post-27894","1":"product","2":"type-product","3":"status-publish","4":"has-post-thumbnail","6":"product_brand-replique-manga-cine","7":"product_cat-accessoires-western","8":"product_cat-armes-historiques","9":"product_cat-armes-westerns","10":"product_cat-denix","11":"product_cat-armes-accessoires-guerre-mondiale","12":"product_cat-holster-accessoires-western","13":"product_cat-dagues-et-accessoires-seconde-guerre-mondiale-materiels-militaria","14":"product_cat-repliques-darmes","15":"product_cat-armes-et-accessoires-western","17":"first","18":"instock","19":"taxable","20":"shipping-taxable","21":"purchasable","22":"product-type-simple"},"yoast_head":"<!-- This site is optimized with the Yoast SEO plugin v27.4 - https:\/\/yoast.com\/product\/yoast-seo-wordpress\/ -->\n<title>Support mural balle - Boutique en ligne | R\u00e9plique Manga Cin\u00e9<\/title>\n<meta name=\"description\" content=\"Offrez-vous ce support mural balle au meilleur prix - Tout en m\u00e9tal - R\u00e9glable en profondeur de 2.5 cm \u00e0 4.5 cm - Hauteur : 4 cm - Envoi 24\/48h\" \/>\n<meta name=\"robots\" content=\"index, follow, max-snippet:-1, max-image-preview:large, max-video-preview:-1\" \/>\n<link rel=\"canonical\" href=\"https:\/\/repliquemangacine.fr\/it\/denix\/supporto-a-parete-a-forma-di-proiettile-per-pistola-fucile-e-spada\/\" \/>\n<meta property=\"og:locale\" content=\"it_IT\" \/>\n<meta property=\"og:type\" content=\"article\" \/>\n<meta property=\"og:title\" content=\"Support mural balle - Boutique en ligne | R\u00e9plique Manga Cin\u00e9\" \/>\n<meta property=\"og:description\" content=\"Offrez-vous ce support mural balle au meilleur prix - Tout en m\u00e9tal - R\u00e9glable en profondeur de 2.5 cm \u00e0 4.5 cm - Hauteur : 4 cm - Envoi 24\/48h\" \/>\n<meta property=\"og:url\" content=\"https:\/\/repliquemangacine.fr\/it\/denix\/supporto-a-parete-a-forma-di-proiettile-per-pistola-fucile-e-spada\/\" \/>\n<meta property=\"og:site_name\" content=\"R\u00e9plique Manga Cin\u00e9\" \/>\n<meta property=\"article:publisher\" content=\"https:\/\/www.facebook.com\/RepliqueMangaCine\" \/>\n<meta property=\"article:modified_time\" content=\"2026-04-22T17:47:34+00:00\" \/>\n<meta property=\"og:image\" content=\"https:\/\/repliquemangacine.fr\/wp-content\/uploads\/2023\/10\/2945-Support-mural-en-forme-de-balles-pour-Pistolet-fusil-et-epee.jpg\" \/>\n\t<meta property=\"og:image:width\" content=\"800\" \/>\n\t<meta property=\"og:image:height\" content=\"800\" \/>\n\t<meta property=\"og:image:type\" content=\"image\/jpeg\" \/>\n<meta name=\"twitter:card\" content=\"summary_large_image\" \/>\n<meta name=\"twitter:label1\" content=\"Tempo di lettura stimato\" \/>\n\t<meta name=\"twitter:data1\" content=\"1 minuto\" \/>\n<script type=\"application\/ld+json\" class=\"yoast-schema-graph\">{\"@context\":\"https:\\\/\\\/schema.org\",\"@graph\":[{\"@type\":\"WebPage\",\"@id\":\"https:\\\/\\\/repliquemangacine.fr\\\/denix\\\/support-mural-en-forme-de-balles-pour-pistolet-fusil-et-epee\\\/\",\"url\":\"https:\\\/\\\/repliquemangacine.fr\\\/denix\\\/support-mural-en-forme-de-balles-pour-pistolet-fusil-et-epee\\\/\",\"name\":\"Support mural balle - Boutique en ligne | R\u00e9plique Manga Cin\u00e9\",\"isPartOf\":{\"@id\":\"https:\\\/\\\/repliquemangacine.fr\\\/#website\"},\"primaryImageOfPage\":{\"@id\":\"https:\\\/\\\/repliquemangacine.fr\\\/denix\\\/support-mural-en-forme-de-balles-pour-pistolet-fusil-et-epee\\\/#primaryimage\"},\"image\":{\"@id\":\"https:\\\/\\\/repliquemangacine.fr\\\/denix\\\/support-mural-en-forme-de-balles-pour-pistolet-fusil-et-epee\\\/#primaryimage\"},\"thumbnailUrl\":\"https:\\\/\\\/repliquemangacine.fr\\\/wp-content\\\/uploads\\\/2023\\\/10\\\/2945-Support-mural-en-forme-de-balles-pour-Pistolet-fusil-et-epee.jpg\",\"datePublished\":\"2018-08-02T15:34:35+00:00\",\"dateModified\":\"2026-04-22T17:47:34+00:00\",\"description\":\"Offrez-vous ce support mural balle au meilleur prix - Tout en m\u00e9tal - R\u00e9glable en profondeur de 2.5 cm \u00e0 4.5 cm - Hauteur : 4 cm - Envoi 24\\\/48h\",\"breadcrumb\":{\"@id\":\"https:\\\/\\\/repliquemangacine.fr\\\/denix\\\/support-mural-en-forme-de-balles-pour-pistolet-fusil-et-epee\\\/#breadcrumb\"},\"inLanguage\":\"it-IT\",\"potentialAction\":[{\"@type\":\"ReadAction\",\"target\":[\"https:\\\/\\\/repliquemangacine.fr\\\/denix\\\/support-mural-en-forme-de-balles-pour-pistolet-fusil-et-epee\\\/\"]}]},{\"@type\":\"ImageObject\",\"inLanguage\":\"it-IT\",\"@id\":\"https:\\\/\\\/repliquemangacine.fr\\\/denix\\\/support-mural-en-forme-de-balles-pour-pistolet-fusil-et-epee\\\/#primaryimage\",\"url\":\"https:\\\/\\\/repliquemangacine.fr\\\/wp-content\\\/uploads\\\/2023\\\/10\\\/2945-Support-mural-en-forme-de-balles-pour-Pistolet-fusil-et-epee.jpg\",\"contentUrl\":\"https:\\\/\\\/repliquemangacine.fr\\\/wp-content\\\/uploads\\\/2023\\\/10\\\/2945-Support-mural-en-forme-de-balles-pour-Pistolet-fusil-et-epee.jpg\",\"width\":800,\"height\":800,\"caption\":\"Support mural en forme de balles pour Pistolet, fusil et \u00e9p\u00e9e\"},{\"@type\":\"BreadcrumbList\",\"@id\":\"https:\\\/\\\/repliquemangacine.fr\\\/denix\\\/support-mural-en-forme-de-balles-pour-pistolet-fusil-et-epee\\\/#breadcrumb\",\"itemListElement\":[{\"@type\":\"ListItem\",\"position\":1,\"name\":\"Accueil\",\"item\":\"https:\\\/\\\/repliquemangacine.fr\\\/\"},{\"@type\":\"ListItem\",\"position\":2,\"name\":\"Produits\",\"item\":\"https:\\\/\\\/repliquemangacine.fr\\\/boutique\\\/\"},{\"@type\":\"ListItem\",\"position\":3,\"name\":\"Support mural balle\"}]},{\"@type\":\"WebSite\",\"@id\":\"https:\\\/\\\/repliquemangacine.fr\\\/#website\",\"url\":\"https:\\\/\\\/repliquemangacine.fr\\\/\",\"name\":\"R\u00e9plique Manga Cin\u00e9\",\"description\":\"\",\"publisher\":{\"@id\":\"https:\\\/\\\/repliquemangacine.fr\\\/#organization\"},\"potentialAction\":[{\"@type\":\"SearchAction\",\"target\":{\"@type\":\"EntryPoint\",\"urlTemplate\":\"https:\\\/\\\/repliquemangacine.fr\\\/?s={search_term_string}\"},\"query-input\":{\"@type\":\"PropertyValueSpecification\",\"valueRequired\":true,\"valueName\":\"search_term_string\"}}],\"inLanguage\":\"it-IT\"},{\"@type\":\"Organization\",\"@id\":\"https:\\\/\\\/repliquemangacine.fr\\\/#organization\",\"name\":\"R\u00e9plique Manga Cin\u00e9\",\"url\":\"https:\\\/\\\/repliquemangacine.fr\\\/\",\"logo\":{\"@type\":\"ImageObject\",\"inLanguage\":\"it-IT\",\"@id\":\"https:\\\/\\\/repliquemangacine.fr\\\/#\\\/schema\\\/logo\\\/image\\\/\",\"url\":\"https:\\\/\\\/repliquemangacine.fr\\\/wp-content\\\/uploads\\\/2023\\\/10\\\/RMC-500250.png\",\"contentUrl\":\"https:\\\/\\\/repliquemangacine.fr\\\/wp-content\\\/uploads\\\/2023\\\/10\\\/RMC-500250.png\",\"width\":500,\"height\":250,\"caption\":\"R\u00e9plique Manga Cin\u00e9\"},\"image\":{\"@id\":\"https:\\\/\\\/repliquemangacine.fr\\\/#\\\/schema\\\/logo\\\/image\\\/\"},\"sameAs\":[\"https:\\\/\\\/www.facebook.com\\\/RepliqueMangaCine\",\"https:\\\/\\\/www.instagram.com\\\/repliquemangacine.fr\\\/\"]}]}<\/script>\n<!-- \/ Yoast SEO plugin. -->","yoast_head_json":{"title":"Supporto da parete a sfera - Boutique en ligne | R\u00e9plique Manga Cin\u00e9","description":"Regalatevi questo supporto da parete a forma di palla al miglior prezzo - Tutto in metallo - Regolabile in profondit\u00e0 da 2,5 cm a 4,5 cm - Altezza: 4 cm - Spedizione 24\/48h","robots":{"index":"index","follow":"follow","max-snippet":"max-snippet:-1","max-image-preview":"max-image-preview:large","max-video-preview":"max-video-preview:-1"},"canonical":"https:\/\/repliquemangacine.fr\/it\/denix\/supporto-a-parete-a-forma-di-proiettile-per-pistola-fucile-e-spada\/","og_locale":"it_IT","og_type":"article","og_title":"Support mural balle - Boutique en ligne | R\u00e9plique Manga Cin\u00e9","og_description":"Offrez-vous ce support mural balle au meilleur prix - Tout en m\u00e9tal - R\u00e9glable en profondeur de 2.5 cm \u00e0 4.5 cm - Hauteur : 4 cm - Envoi 24\/48h","og_url":"https:\/\/repliquemangacine.fr\/it\/denix\/supporto-a-parete-a-forma-di-proiettile-per-pistola-fucile-e-spada\/","og_site_name":"R\u00e9plique Manga Cin\u00e9","article_publisher":"https:\/\/www.facebook.com\/RepliqueMangaCine","article_modified_time":"2026-04-22T17:47:34+00:00","og_image":[{"width":800,"height":800,"url":"https:\/\/repliquemangacine.fr\/wp-content\/uploads\/2023\/10\/2945-Support-mural-en-forme-de-balles-pour-Pistolet-fusil-et-epee.jpg","type":"image\/jpeg"}],"twitter_card":"summary_large_image","twitter_misc":{"Tempo di lettura stimato":"1 minuto"},"schema":{"@context":"https:\/\/schema.org","@graph":[{"@type":"WebPage","@id":"https:\/\/repliquemangacine.fr\/denix\/support-mural-en-forme-de-balles-pour-pistolet-fusil-et-epee\/","url":"https:\/\/repliquemangacine.fr\/denix\/support-mural-en-forme-de-balles-pour-pistolet-fusil-et-epee\/","name":"Supporto da parete a sfera - Boutique en ligne | R\u00e9plique Manga Cin\u00e9","isPartOf":{"@id":"https:\/\/repliquemangacine.fr\/#website"},"primaryImageOfPage":{"@id":"https:\/\/repliquemangacine.fr\/denix\/support-mural-en-forme-de-balles-pour-pistolet-fusil-et-epee\/#primaryimage"},"image":{"@id":"https:\/\/repliquemangacine.fr\/denix\/support-mural-en-forme-de-balles-pour-pistolet-fusil-et-epee\/#primaryimage"},"thumbnailUrl":"https:\/\/repliquemangacine.fr\/wp-content\/uploads\/2023\/10\/2945-Support-mural-en-forme-de-balles-pour-Pistolet-fusil-et-epee.jpg","datePublished":"2018-08-02T15:34:35+00:00","dateModified":"2026-04-22T17:47:34+00:00","description":"Regalatevi questo supporto da parete a forma di palla al miglior prezzo - Tutto in metallo - Regolabile in profondit\u00e0 da 2,5 cm a 4,5 cm - Altezza: 4 cm - Spedizione 24\/48h","breadcrumb":{"@id":"https:\/\/repliquemangacine.fr\/denix\/support-mural-en-forme-de-balles-pour-pistolet-fusil-et-epee\/#breadcrumb"},"inLanguage":"it-IT","potentialAction":[{"@type":"ReadAction","target":["https:\/\/repliquemangacine.fr\/denix\/support-mural-en-forme-de-balles-pour-pistolet-fusil-et-epee\/"]}]},{"@type":"ImageObject","inLanguage":"it-IT","@id":"https:\/\/repliquemangacine.fr\/denix\/support-mural-en-forme-de-balles-pour-pistolet-fusil-et-epee\/#primaryimage","url":"https:\/\/repliquemangacine.fr\/wp-content\/uploads\/2023\/10\/2945-Support-mural-en-forme-de-balles-pour-Pistolet-fusil-et-epee.jpg","contentUrl":"https:\/\/repliquemangacine.fr\/wp-content\/uploads\/2023\/10\/2945-Support-mural-en-forme-de-balles-pour-Pistolet-fusil-et-epee.jpg","width":800,"height":800,"caption":"Support mural en forme de balles pour Pistolet, fusil et \u00e9p\u00e9e"},{"@type":"BreadcrumbList","@id":"https:\/\/repliquemangacine.fr\/denix\/support-mural-en-forme-de-balles-pour-pistolet-fusil-et-epee\/#breadcrumb","itemListElement":[{"@type":"ListItem","position":1,"name":"Accueil","item":"https:\/\/repliquemangacine.fr\/"},{"@type":"ListItem","position":2,"name":"Produits","item":"https:\/\/repliquemangacine.fr\/boutique\/"},{"@type":"ListItem","position":3,"name":"Support mural balle"}]},{"@type":"WebSite","@id":"https:\/\/repliquemangacine.fr\/#website","url":"https:\/\/repliquemangacine.fr\/","name":"R\u00e9plique Manga Cin\u00e9","description":"","publisher":{"@id":"https:\/\/repliquemangacine.fr\/#organization"},"potentialAction":[{"@type":"SearchAction","target":{"@type":"EntryPoint","urlTemplate":"https:\/\/repliquemangacine.fr\/?s={search_term_string}"},"query-input":{"@type":"PropertyValueSpecification","valueRequired":true,"valueName":"search_term_string"}}],"inLanguage":"it-IT"},{"@type":"Organization","@id":"https:\/\/repliquemangacine.fr\/#organization","name":"R\u00e9plique Manga Cin\u00e9","url":"https:\/\/repliquemangacine.fr\/","logo":{"@type":"ImageObject","inLanguage":"it-IT","@id":"https:\/\/repliquemangacine.fr\/#\/schema\/logo\/image\/","url":"https:\/\/repliquemangacine.fr\/wp-content\/uploads\/2023\/10\/RMC-500250.png","contentUrl":"https:\/\/repliquemangacine.fr\/wp-content\/uploads\/2023\/10\/RMC-500250.png","width":500,"height":250,"caption":"R\u00e9plique Manga Cin\u00e9"},"image":{"@id":"https:\/\/repliquemangacine.fr\/#\/schema\/logo\/image\/"},"sameAs":["https:\/\/www.facebook.com\/RepliqueMangaCine","https:\/\/www.instagram.com\/repliquemangacine.fr\/"]}]}},"_links":{"self":[{"href":"https:\/\/repliquemangacine.fr\/it\/wp-json\/wp\/v2\/product\/27894","targetHints":{"allow":["GET"]}}],"collection":[{"href":"https:\/\/repliquemangacine.fr\/it\/wp-json\/wp\/v2\/product"}],"about":[{"href":"https:\/\/repliquemangacine.fr\/it\/wp-json\/wp\/v2\/types\/product"}],"wp:featuredmedia":[{"embeddable":true,"href":"https:\/\/repliquemangacine.fr\/it\/wp-json\/wp\/v2\/media\/27895"}],"wp:attachment":[{"href":"https:\/\/repliquemangacine.fr\/it\/wp-json\/wp\/v2\/media?parent=27894"}],"wp:term":[{"taxonomy":"product_brand","embeddable":true,"href":"https:\/\/repliquemangacine.fr\/it\/wp-json\/wp\/v2\/product_brand?post=27894"},{"taxonomy":"product_cat","embeddable":true,"href":"https:\/\/repliquemangacine.fr\/it\/wp-json\/wp\/v2\/product_cat?post=27894"},{"taxonomy":"product_tag","embeddable":true,"href":"https:\/\/repliquemangacine.fr\/it\/wp-json\/wp\/v2\/product_tag?post=27894"}],"curies":[{"name":"wp","href":"https:\/\/api.w.org\/{rel}","templated":true}]}}