





{"id":27890,"date":"2018-08-02T16:44:18","date_gmt":"2018-08-02T14:44:18","guid":{"rendered":"https:\/\/repliquemangacine.fr\/?post_type=product&#038;p=27890"},"modified":"2026-04-18T19:35:37","modified_gmt":"2026-04-18T17:35:37","slug":"staffa-a-parete-per-pistola-e-spada","status":"publish","type":"product","link":"https:\/\/repliquemangacine.fr\/it\/dagues-et-accessoires-seconde-guerre-mondiale-materiels-militaria\/support-mural-pour-pistolet-fusil-et-epee\/","title":{"rendered":"Supporto a parete per pistola, fucile e spada"},"content":{"rendered":"<h2>Supporto da parete Fleur de Lys in oro.<\/h2>\n<p>Per cominciare, l'S<strong>Supporto a parete Fleur de Lys<\/strong> \u00e8 realizzato interamente in acciaio per una splendida presentazione delle vostre spade e dei vostri fucili. <a href=\"https:\/\/www.denix.fr\/\" target=\"_blank\" rel=\"noopener noreferrer\">Denix<\/a>.<\/p>\n<p>I supporti di presentazione svolgono un ruolo essenziale nell'esposizione di spade, sciabole, katane, pistole e fucili da collezione. Questo set di due pezzi interamente in acciaio \u00e8 regolabile in profondit\u00e0, in modo da poter mostrare ai vostri amici la qualit\u00e0 delle vostre riproduzioni di armi storiche.<\/p>\n<p>Vale la pena sottolineare che la maestria di Denix \u00e8 sorprendente. Importatore di fama mondiale, Denix \u00e8 il marchio di riferimento per le riproduzioni di armi storiche. Sono infatti rappresentate tutte le grandi storie di battaglie e guerre, tra cui :<\/p>\n<ul>\n<li>Il primo Impero con le sue spade e i suoi cannoni.<\/li>\n<li>Spade e armi del Medioevo<\/li>\n<li>Cowboy colts<\/li>\n<li>Infine, le armi della Seconda Guerra Mondiale.<\/li>\n<\/ul>\n<h2>La vostra replica di armi storiche al miglior prezzo.<\/h2>\n<p>Offriamo un'ampia gamma di riproduzioni di spade, fucili e pistole Denix.<\/p>\n<p>Innanzitutto,<\/p>\n<ul>\n<li>Il <a href=\"https:\/\/repliquemangacine.fr\/it\/pistola-kolser\/\">colts western<\/a> con fondine per essere un vero cowboy.<\/li>\n<li>Sono presenti anche pistole antiche, oltre a <a href=\"https:\/\/repliquemangacine.fr\/it\/fucile-antico\/\">fucili antichi<\/a> con le loro baionette.<\/li>\n<li>Cos\u00ec come tutte le riproduzioni di armi della Seconda Guerra Mondiale\u1d49 e dei suoi sbarchi.<\/li>\n<li>E molto altro ancora da scoprire nel nostro negozio online!<\/li>\n<\/ul>\n<p>Ecco quindi alcune grandi idee regalo per tutti gli amanti delle storie.<\/p>\n<p>In conclusione, \u00e8 possibile utilizzare il proprio <strong>Supporto a parete Fleur de Lys<\/strong> per esporre tutte le armi da collezione.<\/p>\n<p>R\u00e9plique Manga Cin\u00e9 \u00e8 un'azienda familiare francese, distributore ufficiale del marchio Denix.<\/p>","protected":false},"excerpt":{"rendered":"<p>Bellissimo set di due pezzi a forma di giglio per esporre a parete pistole, fucili o spade.<\/p>\n<ul>\n<li>Realizzato interamente in metallo.<\/li>\n<li>Regolabile in profondit\u00e0.<\/li>\n<li>Fissare con due viti (in dotazione).<\/li>\n<li>Dimensioni: altezza: 9 cm - larghezza: 2,5 cm.<\/li>\n<\/ul>","protected":false},"featured_media":27891,"template":"","meta":[],"product_brand":[896],"product_cat":[50,51,25,102,55,54,92,26,85,52,37,83,28,43,27],"product_tag":[],"class_list":{"0":"post-27890","1":"product","2":"type-product","3":"status-publish","4":"has-post-thumbnail","6":"product_brand-replique-manga-cine","7":"product_cat-accessoires-katana","8":"product_cat-accessoires-western","9":"product_cat-armes-historiques","10":"product_cat-denix","11":"product_cat-fusil-ancien","12":"product_cat-armes-accessoires-guerre-mondiale","13":"product_cat-haches-de-guerre-medievale-et-accessoire-medievaux","14":"product_cat-katana-epee","15":"product_cat-dagues-et-accessoires-seconde-guerre-mondiale-materiels-militaria","16":"product_cat-pistolet-ancien","17":"product_cat-premier-empire","18":"product_cat-replique-d-armes-1er-empire","19":"product_cat-repliques-darmes","20":"product_cat-reproductions-d-armes-et-accessoires-medievales","21":"product_cat-armes-et-accessoires-western","23":"first","24":"outofstock","25":"taxable","26":"shipping-taxable","27":"purchasable","28":"product-type-simple"},"yoast_head":"<!-- This site is optimized with the Yoast SEO plugin v27.4 - https:\/\/yoast.com\/product\/yoast-seo-wordpress\/ -->\n<title>Support mural - Fusil, \u00e9p\u00e9e et colt Denix | R\u00e9plique Manga Cin\u00e9<\/title>\n<meta name=\"description\" content=\"Id\u00e9al pour mettre vos pistolets, fusils et \u00e9p\u00e9es en valeur avec ce Support mural au meilleur prix - Enti\u00e8rement en m\u00e9tal - R\u00e9glable dans la profondeur.\" \/>\n<meta name=\"robots\" content=\"index, follow, max-snippet:-1, max-image-preview:large, max-video-preview:-1\" \/>\n<link rel=\"canonical\" href=\"https:\/\/repliquemangacine.fr\/it\/denix\/staffa-a-parete-per-pistola-e-spada\/\" \/>\n<meta property=\"og:locale\" content=\"it_IT\" \/>\n<meta property=\"og:type\" content=\"article\" \/>\n<meta property=\"og:title\" content=\"Support mural - Fusil, \u00e9p\u00e9e et colt Denix | R\u00e9plique Manga Cin\u00e9\" \/>\n<meta property=\"og:description\" content=\"Id\u00e9al pour mettre vos pistolets, fusils et \u00e9p\u00e9es en valeur avec ce Support mural au meilleur prix - Enti\u00e8rement en m\u00e9tal - R\u00e9glable dans la profondeur.\" \/>\n<meta property=\"og:url\" content=\"https:\/\/repliquemangacine.fr\/it\/denix\/staffa-a-parete-per-pistola-e-spada\/\" \/>\n<meta property=\"og:site_name\" content=\"R\u00e9plique Manga Cin\u00e9\" \/>\n<meta property=\"article:publisher\" content=\"https:\/\/www.facebook.com\/RepliqueMangaCine\" \/>\n<meta property=\"article:modified_time\" content=\"2026-04-18T17:35:37+00:00\" \/>\n<meta property=\"og:image\" content=\"https:\/\/repliquemangacine.fr\/wp-content\/uploads\/2023\/10\/2633-Support-mural-pour-Pistolet-fusil-et-epee.jpg\" \/>\n\t<meta property=\"og:image:width\" content=\"800\" \/>\n\t<meta property=\"og:image:height\" content=\"800\" \/>\n\t<meta property=\"og:image:type\" content=\"image\/jpeg\" \/>\n<meta name=\"twitter:card\" content=\"summary_large_image\" \/>\n<meta name=\"twitter:label1\" content=\"Tempo di lettura stimato\" \/>\n\t<meta name=\"twitter:data1\" content=\"1 minuto\" \/>\n<script type=\"application\/ld+json\" class=\"yoast-schema-graph\">{\"@context\":\"https:\\\/\\\/schema.org\",\"@graph\":[{\"@type\":\"WebPage\",\"@id\":\"https:\\\/\\\/repliquemangacine.fr\\\/denix\\\/support-mural-pour-pistolet-fusil-et-epee\\\/\",\"url\":\"https:\\\/\\\/repliquemangacine.fr\\\/denix\\\/support-mural-pour-pistolet-fusil-et-epee\\\/\",\"name\":\"Support mural - Fusil, \u00e9p\u00e9e et colt Denix | R\u00e9plique Manga Cin\u00e9\",\"isPartOf\":{\"@id\":\"https:\\\/\\\/repliquemangacine.fr\\\/#website\"},\"primaryImageOfPage\":{\"@id\":\"https:\\\/\\\/repliquemangacine.fr\\\/denix\\\/support-mural-pour-pistolet-fusil-et-epee\\\/#primaryimage\"},\"image\":{\"@id\":\"https:\\\/\\\/repliquemangacine.fr\\\/denix\\\/support-mural-pour-pistolet-fusil-et-epee\\\/#primaryimage\"},\"thumbnailUrl\":\"https:\\\/\\\/repliquemangacine.fr\\\/wp-content\\\/uploads\\\/2023\\\/10\\\/2633-Support-mural-pour-Pistolet-fusil-et-epee.jpg\",\"datePublished\":\"2018-08-02T14:44:18+00:00\",\"dateModified\":\"2026-04-18T17:35:37+00:00\",\"description\":\"Id\u00e9al pour mettre vos pistolets, fusils et \u00e9p\u00e9es en valeur avec ce Support mural au meilleur prix - Enti\u00e8rement en m\u00e9tal - R\u00e9glable dans la profondeur.\",\"breadcrumb\":{\"@id\":\"https:\\\/\\\/repliquemangacine.fr\\\/denix\\\/support-mural-pour-pistolet-fusil-et-epee\\\/#breadcrumb\"},\"inLanguage\":\"it-IT\",\"potentialAction\":[{\"@type\":\"ReadAction\",\"target\":[\"https:\\\/\\\/repliquemangacine.fr\\\/denix\\\/support-mural-pour-pistolet-fusil-et-epee\\\/\"]}]},{\"@type\":\"ImageObject\",\"inLanguage\":\"it-IT\",\"@id\":\"https:\\\/\\\/repliquemangacine.fr\\\/denix\\\/support-mural-pour-pistolet-fusil-et-epee\\\/#primaryimage\",\"url\":\"https:\\\/\\\/repliquemangacine.fr\\\/wp-content\\\/uploads\\\/2023\\\/10\\\/2633-Support-mural-pour-Pistolet-fusil-et-epee.jpg\",\"contentUrl\":\"https:\\\/\\\/repliquemangacine.fr\\\/wp-content\\\/uploads\\\/2023\\\/10\\\/2633-Support-mural-pour-Pistolet-fusil-et-epee.jpg\",\"width\":800,\"height\":800,\"caption\":\"Support mural pour Pistolet, fusil et \u00e9p\u00e9e\"},{\"@type\":\"BreadcrumbList\",\"@id\":\"https:\\\/\\\/repliquemangacine.fr\\\/denix\\\/support-mural-pour-pistolet-fusil-et-epee\\\/#breadcrumb\",\"itemListElement\":[{\"@type\":\"ListItem\",\"position\":1,\"name\":\"Accueil\",\"item\":\"https:\\\/\\\/repliquemangacine.fr\\\/\"},{\"@type\":\"ListItem\",\"position\":2,\"name\":\"Produits\",\"item\":\"https:\\\/\\\/repliquemangacine.fr\\\/boutique\\\/\"},{\"@type\":\"ListItem\",\"position\":3,\"name\":\"Support mural pour Pistolet, fusil et \u00e9p\u00e9e\"}]},{\"@type\":\"WebSite\",\"@id\":\"https:\\\/\\\/repliquemangacine.fr\\\/#website\",\"url\":\"https:\\\/\\\/repliquemangacine.fr\\\/\",\"name\":\"R\u00e9plique Manga Cin\u00e9\",\"description\":\"\",\"publisher\":{\"@id\":\"https:\\\/\\\/repliquemangacine.fr\\\/#organization\"},\"potentialAction\":[{\"@type\":\"SearchAction\",\"target\":{\"@type\":\"EntryPoint\",\"urlTemplate\":\"https:\\\/\\\/repliquemangacine.fr\\\/?s={search_term_string}\"},\"query-input\":{\"@type\":\"PropertyValueSpecification\",\"valueRequired\":true,\"valueName\":\"search_term_string\"}}],\"inLanguage\":\"it-IT\"},{\"@type\":\"Organization\",\"@id\":\"https:\\\/\\\/repliquemangacine.fr\\\/#organization\",\"name\":\"R\u00e9plique Manga Cin\u00e9\",\"url\":\"https:\\\/\\\/repliquemangacine.fr\\\/\",\"logo\":{\"@type\":\"ImageObject\",\"inLanguage\":\"it-IT\",\"@id\":\"https:\\\/\\\/repliquemangacine.fr\\\/#\\\/schema\\\/logo\\\/image\\\/\",\"url\":\"https:\\\/\\\/repliquemangacine.fr\\\/wp-content\\\/uploads\\\/2023\\\/10\\\/RMC-500250.png\",\"contentUrl\":\"https:\\\/\\\/repliquemangacine.fr\\\/wp-content\\\/uploads\\\/2023\\\/10\\\/RMC-500250.png\",\"width\":500,\"height\":250,\"caption\":\"R\u00e9plique Manga Cin\u00e9\"},\"image\":{\"@id\":\"https:\\\/\\\/repliquemangacine.fr\\\/#\\\/schema\\\/logo\\\/image\\\/\"},\"sameAs\":[\"https:\\\/\\\/www.facebook.com\\\/RepliqueMangaCine\",\"https:\\\/\\\/www.instagram.com\\\/repliquemangacine.fr\\\/\"]}]}<\/script>\n<!-- \/ Yoast SEO plugin. -->","yoast_head_json":{"title":"Supporto a parete - Fucile, spada e colt Denix | R\u00e9plique Manga Cin\u00e9","description":"Ideale per mettere in mostra pistole, fucili e spade con questo supporto da parete al miglior prezzo - Realizzato interamente in metallo - Profondit\u00e0 regolabile.","robots":{"index":"index","follow":"follow","max-snippet":"max-snippet:-1","max-image-preview":"max-image-preview:large","max-video-preview":"max-video-preview:-1"},"canonical":"https:\/\/repliquemangacine.fr\/it\/denix\/staffa-a-parete-per-pistola-e-spada\/","og_locale":"it_IT","og_type":"article","og_title":"Support mural - Fusil, \u00e9p\u00e9e et colt Denix | R\u00e9plique Manga Cin\u00e9","og_description":"Id\u00e9al pour mettre vos pistolets, fusils et \u00e9p\u00e9es en valeur avec ce Support mural au meilleur prix - Enti\u00e8rement en m\u00e9tal - R\u00e9glable dans la profondeur.","og_url":"https:\/\/repliquemangacine.fr\/it\/denix\/staffa-a-parete-per-pistola-e-spada\/","og_site_name":"R\u00e9plique Manga Cin\u00e9","article_publisher":"https:\/\/www.facebook.com\/RepliqueMangaCine","article_modified_time":"2026-04-18T17:35:37+00:00","og_image":[{"width":800,"height":800,"url":"https:\/\/repliquemangacine.fr\/wp-content\/uploads\/2023\/10\/2633-Support-mural-pour-Pistolet-fusil-et-epee.jpg","type":"image\/jpeg"}],"twitter_card":"summary_large_image","twitter_misc":{"Tempo di lettura stimato":"1 minuto"},"schema":{"@context":"https:\/\/schema.org","@graph":[{"@type":"WebPage","@id":"https:\/\/repliquemangacine.fr\/denix\/support-mural-pour-pistolet-fusil-et-epee\/","url":"https:\/\/repliquemangacine.fr\/denix\/support-mural-pour-pistolet-fusil-et-epee\/","name":"Supporto a parete - Fucile, spada e colt Denix | R\u00e9plique Manga Cin\u00e9","isPartOf":{"@id":"https:\/\/repliquemangacine.fr\/#website"},"primaryImageOfPage":{"@id":"https:\/\/repliquemangacine.fr\/denix\/support-mural-pour-pistolet-fusil-et-epee\/#primaryimage"},"image":{"@id":"https:\/\/repliquemangacine.fr\/denix\/support-mural-pour-pistolet-fusil-et-epee\/#primaryimage"},"thumbnailUrl":"https:\/\/repliquemangacine.fr\/wp-content\/uploads\/2023\/10\/2633-Support-mural-pour-Pistolet-fusil-et-epee.jpg","datePublished":"2018-08-02T14:44:18+00:00","dateModified":"2026-04-18T17:35:37+00:00","description":"Ideale per mettere in mostra pistole, fucili e spade con questo supporto da parete al miglior prezzo - Realizzato interamente in metallo - Profondit\u00e0 regolabile.","breadcrumb":{"@id":"https:\/\/repliquemangacine.fr\/denix\/support-mural-pour-pistolet-fusil-et-epee\/#breadcrumb"},"inLanguage":"it-IT","potentialAction":[{"@type":"ReadAction","target":["https:\/\/repliquemangacine.fr\/denix\/support-mural-pour-pistolet-fusil-et-epee\/"]}]},{"@type":"ImageObject","inLanguage":"it-IT","@id":"https:\/\/repliquemangacine.fr\/denix\/support-mural-pour-pistolet-fusil-et-epee\/#primaryimage","url":"https:\/\/repliquemangacine.fr\/wp-content\/uploads\/2023\/10\/2633-Support-mural-pour-Pistolet-fusil-et-epee.jpg","contentUrl":"https:\/\/repliquemangacine.fr\/wp-content\/uploads\/2023\/10\/2633-Support-mural-pour-Pistolet-fusil-et-epee.jpg","width":800,"height":800,"caption":"Support mural pour Pistolet, fusil et \u00e9p\u00e9e"},{"@type":"BreadcrumbList","@id":"https:\/\/repliquemangacine.fr\/denix\/support-mural-pour-pistolet-fusil-et-epee\/#breadcrumb","itemListElement":[{"@type":"ListItem","position":1,"name":"Accueil","item":"https:\/\/repliquemangacine.fr\/"},{"@type":"ListItem","position":2,"name":"Produits","item":"https:\/\/repliquemangacine.fr\/boutique\/"},{"@type":"ListItem","position":3,"name":"Support mural pour Pistolet, fusil et \u00e9p\u00e9e"}]},{"@type":"WebSite","@id":"https:\/\/repliquemangacine.fr\/#website","url":"https:\/\/repliquemangacine.fr\/","name":"R\u00e9plique Manga Cin\u00e9","description":"","publisher":{"@id":"https:\/\/repliquemangacine.fr\/#organization"},"potentialAction":[{"@type":"SearchAction","target":{"@type":"EntryPoint","urlTemplate":"https:\/\/repliquemangacine.fr\/?s={search_term_string}"},"query-input":{"@type":"PropertyValueSpecification","valueRequired":true,"valueName":"search_term_string"}}],"inLanguage":"it-IT"},{"@type":"Organization","@id":"https:\/\/repliquemangacine.fr\/#organization","name":"R\u00e9plique Manga Cin\u00e9","url":"https:\/\/repliquemangacine.fr\/","logo":{"@type":"ImageObject","inLanguage":"it-IT","@id":"https:\/\/repliquemangacine.fr\/#\/schema\/logo\/image\/","url":"https:\/\/repliquemangacine.fr\/wp-content\/uploads\/2023\/10\/RMC-500250.png","contentUrl":"https:\/\/repliquemangacine.fr\/wp-content\/uploads\/2023\/10\/RMC-500250.png","width":500,"height":250,"caption":"R\u00e9plique Manga Cin\u00e9"},"image":{"@id":"https:\/\/repliquemangacine.fr\/#\/schema\/logo\/image\/"},"sameAs":["https:\/\/www.facebook.com\/RepliqueMangaCine","https:\/\/www.instagram.com\/repliquemangacine.fr\/"]}]}},"_links":{"self":[{"href":"https:\/\/repliquemangacine.fr\/it\/wp-json\/wp\/v2\/product\/27890","targetHints":{"allow":["GET"]}}],"collection":[{"href":"https:\/\/repliquemangacine.fr\/it\/wp-json\/wp\/v2\/product"}],"about":[{"href":"https:\/\/repliquemangacine.fr\/it\/wp-json\/wp\/v2\/types\/product"}],"wp:featuredmedia":[{"embeddable":true,"href":"https:\/\/repliquemangacine.fr\/it\/wp-json\/wp\/v2\/media\/27891"}],"wp:attachment":[{"href":"https:\/\/repliquemangacine.fr\/it\/wp-json\/wp\/v2\/media?parent=27890"}],"wp:term":[{"taxonomy":"product_brand","embeddable":true,"href":"https:\/\/repliquemangacine.fr\/it\/wp-json\/wp\/v2\/product_brand?post=27890"},{"taxonomy":"product_cat","embeddable":true,"href":"https:\/\/repliquemangacine.fr\/it\/wp-json\/wp\/v2\/product_cat?post=27890"},{"taxonomy":"product_tag","embeddable":true,"href":"https:\/\/repliquemangacine.fr\/it\/wp-json\/wp\/v2\/product_tag?post=27890"}],"curies":[{"name":"wp","href":"https:\/\/api.w.org\/{rel}","templated":true}]}}