





{"id":27886,"date":"2018-07-10T11:50:56","date_gmt":"2018-07-10T09:50:56","guid":{"rendered":"https:\/\/repliquemangacine.fr\/?post_type=product&#038;p=27886"},"modified":"2026-01-21T13:19:55","modified_gmt":"2026-01-21T12:19:55","slug":"base-per-martello-thor","status":"publish","type":"product","link":"https:\/\/repliquemangacine.fr\/it\/super-heros-marvel\/socle-pour-marteau-de-thor\/","title":{"rendered":"Base del martello di Thor"},"content":{"rendered":"<h2>Base del Martello di Thor in resina.<\/h2>\n<p>Per cominciare, la base del Marteau de thor \u00e8 interamente in resina per una presentazione ottimale.<\/p>\n<p>A Thor \u00e8 stato affidato il potente martello Mj\u00f8lnir, \u201cforgiato dal cuore di una stella morente\u201d. <a href=\"https:\/\/marvelcinematicuniverse.fandom.com\/wiki\/Thor\" target=\"_blank\" rel=\"noopener noreferrer\">Thor<\/a> \u00e8 in grado di lanciare Mj\u00f8lnir con grande forza. Aggrappato alla cinghia di cuoio o al cordino, pu\u00f2 volare in aria a velocit\u00e0 enormi.<\/p>\n<p>Quando Steve Rogers ha impugnato il Mj\u00f8lnir, ha potenziato notevolmente le sue capacit\u00e0 fisiche, come la forza e la resistenza, permettendogli di combattere Thanos ad armi pari. Utilizzandolo, Rogers ha acquisito la capacit\u00e0 di evocare fulmini dall'orizzonte circostante.<\/p>\n<h2>Il vostro supporto per il Martello di Thor al miglior prezzo.<\/h2>\n<p>Offriamo una vasta gamma di repliche dell'universo Marvel.<\/p>\n<p>Innanzitutto,<\/p>\n<ul>\n<li>La replica a grandezza naturale del <a href=\"https:\/\/repliquemangacine.fr\/it\/supereroi-marvel\/stormbreaker-hache-marteau-de-thor\/\">Stormbreaker<\/a> (ascia a martello) utilizzata da Thor nel film Avengers, Infinity War.<\/li>\n<li>C'\u00e8 anche il famoso <a href=\"https:\/\/repliquemangacine.fr\/it\/supereroi-marvel\/scudo-di-capitan-america-versione-lusso\/\">Lo scudo di Capitan America<\/a> Scala 1\/1, tutto in metallo.<\/li>\n<li>Oltre a una replica a grandezza naturale della spada God Killer ispirata al film Wonder Woman e utilizzata da Diana.<\/li>\n<li>E molti altri da scoprire nel nostro negozio online!<\/li>\n<\/ul>\n<p>Ecco quindi un'ottima idea regalo per tutti i fan dei supereroi Marvel<\/p>\n<p>In conclusione, \u00e8 possibile utilizzare il metodo <strong>Base del Martello di Thor<\/strong> per le sfilate Cosplay. Ma soprattutto, \u00e8 un oggetto da collezione e una decorazione.<\/p>\n<h2>Come sono fatti i nostri merchandising Avengers Marvel?<\/h2>\n<p>Per cominciare, tutti i nostri prodotti derivati sono di altissima qualit\u00e0, realizzati con una meticolosa attenzione ai dettagli. Alcuni di essi sono realizzati a mano, per riprodurre i minimi dettagli. Le parti pi\u00f9 importanti sono lavorate con macchine molto precise. Le incisioni sono generalmente realizzate con una punta di diamante o con il laser.<\/p>\n<p>La base del Martello di Thor \u00e8 stata realizzata per riprodurre esattamente ogni dettaglio. Realizzata interamente in resina stampata. Imitazione di roccia con riflessi granati per un maggiore realismo.<\/p>\n<p>In conclusione, importate dalla Cina o dalla Spagna, le nostre repliche vi stupiranno!<\/p>\n<p>R\u00e9plique Manga Cin\u00e9 \u00e8 un'azienda familiare francese.<\/p>","protected":false},"excerpt":{"rendered":"<p>Esclusivo! Piedistallo di presentazione del martello di Thor.<\/p>\n<ul>\n<li>Supporto interamente in resina<\/li>\n<li>Imitazione di roccia con riflessi granati per un maggiore realismo.<\/li>\n<li>Dimensioni: Lunghezza: 30,5 cm - Larghezza: 20 cm - Altezza: 20 cm.<\/li>\n<li>Posizione centrale per il martello.<\/li>\n<li>Venduto da solo senza il martello.<\/li>\n<\/ul>","protected":false},"featured_media":27887,"template":"","meta":[],"product_brand":[896],"product_cat":[24,59],"product_tag":[],"class_list":{"0":"post-27886","1":"product","2":"type-product","3":"status-publish","4":"has-post-thumbnail","6":"product_brand-replique-manga-cine","7":"product_cat-films-series-tv-vente-de-katana-epee-et-produits-derives","8":"product_cat-super-heros-marvel","10":"first","11":"instock","12":"sale","13":"taxable","14":"shipping-taxable","15":"purchasable","16":"product-type-simple"},"yoast_head":"<!-- This site is optimized with the Yoast SEO plugin v27.4 - https:\/\/yoast.com\/product\/yoast-seo-wordpress\/ -->\n<title>Socle Marteau de Thor - En r\u00e9sine moul\u00e9 | R\u00e9plique Manga Cin\u00e9<\/title>\n<meta name=\"description\" content=\"En exclusivit\u00e9 ! D\u00e9couvrez le Socle Marteau de Thor au meilleur prix. En r\u00e9sine imitation roche - Finition parfaite - Dimension : 30 X 20 X 20 cm\" \/>\n<meta name=\"robots\" content=\"index, follow, max-snippet:-1, max-image-preview:large, max-video-preview:-1\" \/>\n<link rel=\"canonical\" href=\"https:\/\/repliquemangacine.fr\/it\/supereroi-marvel\/base-per-martello-thor\/\" \/>\n<meta property=\"og:locale\" content=\"it_IT\" \/>\n<meta property=\"og:type\" content=\"article\" \/>\n<meta property=\"og:title\" content=\"Socle Marteau de Thor - En r\u00e9sine moul\u00e9 | R\u00e9plique Manga Cin\u00e9\" \/>\n<meta property=\"og:description\" content=\"En exclusivit\u00e9 ! D\u00e9couvrez le Socle Marteau de Thor au meilleur prix. En r\u00e9sine imitation roche - Finition parfaite - Dimension : 30 X 20 X 20 cm\" \/>\n<meta property=\"og:url\" content=\"https:\/\/repliquemangacine.fr\/it\/supereroi-marvel\/base-per-martello-thor\/\" \/>\n<meta property=\"og:site_name\" content=\"R\u00e9plique Manga Cin\u00e9\" \/>\n<meta property=\"article:publisher\" content=\"https:\/\/www.facebook.com\/RepliqueMangaCine\" \/>\n<meta property=\"article:modified_time\" content=\"2026-01-21T12:19:55+00:00\" \/>\n<meta property=\"og:image\" content=\"https:\/\/repliquemangacine.fr\/wp-content\/uploads\/2023\/10\/2629-Socle-pour-marteau-de-Thor.jpg\" \/>\n\t<meta property=\"og:image:width\" content=\"800\" \/>\n\t<meta property=\"og:image:height\" content=\"800\" \/>\n\t<meta property=\"og:image:type\" content=\"image\/jpeg\" \/>\n<meta name=\"twitter:card\" content=\"summary_large_image\" \/>\n<meta name=\"twitter:label1\" content=\"Tempo di lettura stimato\" \/>\n\t<meta name=\"twitter:data1\" content=\"2 minuti\" \/>\n<script type=\"application\/ld+json\" class=\"yoast-schema-graph\">{\"@context\":\"https:\\\/\\\/schema.org\",\"@graph\":[{\"@type\":\"WebPage\",\"@id\":\"https:\\\/\\\/repliquemangacine.fr\\\/super-heros-marvel\\\/socle-pour-marteau-de-thor\\\/\",\"url\":\"https:\\\/\\\/repliquemangacine.fr\\\/super-heros-marvel\\\/socle-pour-marteau-de-thor\\\/\",\"name\":\"Socle Marteau de Thor - En r\u00e9sine moul\u00e9 | R\u00e9plique Manga Cin\u00e9\",\"isPartOf\":{\"@id\":\"https:\\\/\\\/repliquemangacine.fr\\\/#website\"},\"primaryImageOfPage\":{\"@id\":\"https:\\\/\\\/repliquemangacine.fr\\\/super-heros-marvel\\\/socle-pour-marteau-de-thor\\\/#primaryimage\"},\"image\":{\"@id\":\"https:\\\/\\\/repliquemangacine.fr\\\/super-heros-marvel\\\/socle-pour-marteau-de-thor\\\/#primaryimage\"},\"thumbnailUrl\":\"https:\\\/\\\/repliquemangacine.fr\\\/wp-content\\\/uploads\\\/2023\\\/10\\\/2629-Socle-pour-marteau-de-Thor.jpg\",\"datePublished\":\"2018-07-10T09:50:56+00:00\",\"dateModified\":\"2026-01-21T12:19:55+00:00\",\"description\":\"En exclusivit\u00e9 ! D\u00e9couvrez le Socle Marteau de Thor au meilleur prix. En r\u00e9sine imitation roche - Finition parfaite - Dimension : 30 X 20 X 20 cm\",\"breadcrumb\":{\"@id\":\"https:\\\/\\\/repliquemangacine.fr\\\/super-heros-marvel\\\/socle-pour-marteau-de-thor\\\/#breadcrumb\"},\"inLanguage\":\"it-IT\",\"potentialAction\":[{\"@type\":\"ReadAction\",\"target\":[\"https:\\\/\\\/repliquemangacine.fr\\\/super-heros-marvel\\\/socle-pour-marteau-de-thor\\\/\"]}]},{\"@type\":\"ImageObject\",\"inLanguage\":\"it-IT\",\"@id\":\"https:\\\/\\\/repliquemangacine.fr\\\/super-heros-marvel\\\/socle-pour-marteau-de-thor\\\/#primaryimage\",\"url\":\"https:\\\/\\\/repliquemangacine.fr\\\/wp-content\\\/uploads\\\/2023\\\/10\\\/2629-Socle-pour-marteau-de-Thor.jpg\",\"contentUrl\":\"https:\\\/\\\/repliquemangacine.fr\\\/wp-content\\\/uploads\\\/2023\\\/10\\\/2629-Socle-pour-marteau-de-Thor.jpg\",\"width\":800,\"height\":800,\"caption\":\"Socle pour marteau de Thor\"},{\"@type\":\"BreadcrumbList\",\"@id\":\"https:\\\/\\\/repliquemangacine.fr\\\/super-heros-marvel\\\/socle-pour-marteau-de-thor\\\/#breadcrumb\",\"itemListElement\":[{\"@type\":\"ListItem\",\"position\":1,\"name\":\"Accueil\",\"item\":\"https:\\\/\\\/repliquemangacine.fr\\\/\"},{\"@type\":\"ListItem\",\"position\":2,\"name\":\"Produits\",\"item\":\"https:\\\/\\\/repliquemangacine.fr\\\/boutique\\\/\"},{\"@type\":\"ListItem\",\"position\":3,\"name\":\"Socle Marteau Thor\"}]},{\"@type\":\"WebSite\",\"@id\":\"https:\\\/\\\/repliquemangacine.fr\\\/#website\",\"url\":\"https:\\\/\\\/repliquemangacine.fr\\\/\",\"name\":\"R\u00e9plique Manga Cin\u00e9\",\"description\":\"\",\"publisher\":{\"@id\":\"https:\\\/\\\/repliquemangacine.fr\\\/#organization\"},\"potentialAction\":[{\"@type\":\"SearchAction\",\"target\":{\"@type\":\"EntryPoint\",\"urlTemplate\":\"https:\\\/\\\/repliquemangacine.fr\\\/?s={search_term_string}\"},\"query-input\":{\"@type\":\"PropertyValueSpecification\",\"valueRequired\":true,\"valueName\":\"search_term_string\"}}],\"inLanguage\":\"it-IT\"},{\"@type\":\"Organization\",\"@id\":\"https:\\\/\\\/repliquemangacine.fr\\\/#organization\",\"name\":\"R\u00e9plique Manga Cin\u00e9\",\"url\":\"https:\\\/\\\/repliquemangacine.fr\\\/\",\"logo\":{\"@type\":\"ImageObject\",\"inLanguage\":\"it-IT\",\"@id\":\"https:\\\/\\\/repliquemangacine.fr\\\/#\\\/schema\\\/logo\\\/image\\\/\",\"url\":\"https:\\\/\\\/repliquemangacine.fr\\\/wp-content\\\/uploads\\\/2023\\\/10\\\/RMC-500250.png\",\"contentUrl\":\"https:\\\/\\\/repliquemangacine.fr\\\/wp-content\\\/uploads\\\/2023\\\/10\\\/RMC-500250.png\",\"width\":500,\"height\":250,\"caption\":\"R\u00e9plique Manga Cin\u00e9\"},\"image\":{\"@id\":\"https:\\\/\\\/repliquemangacine.fr\\\/#\\\/schema\\\/logo\\\/image\\\/\"},\"sameAs\":[\"https:\\\/\\\/www.facebook.com\\\/RepliqueMangaCine\",\"https:\\\/\\\/www.instagram.com\\\/repliquemangacine.fr\\\/\"]}]}<\/script>\n<!-- \/ Yoast SEO plugin. -->","yoast_head_json":{"title":"Base del martello di Thor - In resina stampata | R\u00e9plique Manga Cin\u00e9","description":"Esclusivo! Scoprite il Martello di Thor al miglior prezzo. In resina di imitazione della roccia - Finitura perfetta - Dimensioni: 30 X 20 X 20 cm","robots":{"index":"index","follow":"follow","max-snippet":"max-snippet:-1","max-image-preview":"max-image-preview:large","max-video-preview":"max-video-preview:-1"},"canonical":"https:\/\/repliquemangacine.fr\/it\/supereroi-marvel\/base-per-martello-thor\/","og_locale":"it_IT","og_type":"article","og_title":"Socle Marteau de Thor - En r\u00e9sine moul\u00e9 | R\u00e9plique Manga Cin\u00e9","og_description":"En exclusivit\u00e9 ! D\u00e9couvrez le Socle Marteau de Thor au meilleur prix. En r\u00e9sine imitation roche - Finition parfaite - Dimension : 30 X 20 X 20 cm","og_url":"https:\/\/repliquemangacine.fr\/it\/supereroi-marvel\/base-per-martello-thor\/","og_site_name":"R\u00e9plique Manga Cin\u00e9","article_publisher":"https:\/\/www.facebook.com\/RepliqueMangaCine","article_modified_time":"2026-01-21T12:19:55+00:00","og_image":[{"width":800,"height":800,"url":"https:\/\/repliquemangacine.fr\/wp-content\/uploads\/2023\/10\/2629-Socle-pour-marteau-de-Thor.jpg","type":"image\/jpeg"}],"twitter_card":"summary_large_image","twitter_misc":{"Tempo di lettura stimato":"2 minuti"},"schema":{"@context":"https:\/\/schema.org","@graph":[{"@type":"WebPage","@id":"https:\/\/repliquemangacine.fr\/super-heros-marvel\/socle-pour-marteau-de-thor\/","url":"https:\/\/repliquemangacine.fr\/super-heros-marvel\/socle-pour-marteau-de-thor\/","name":"Base del martello di Thor - In resina stampata | R\u00e9plique Manga Cin\u00e9","isPartOf":{"@id":"https:\/\/repliquemangacine.fr\/#website"},"primaryImageOfPage":{"@id":"https:\/\/repliquemangacine.fr\/super-heros-marvel\/socle-pour-marteau-de-thor\/#primaryimage"},"image":{"@id":"https:\/\/repliquemangacine.fr\/super-heros-marvel\/socle-pour-marteau-de-thor\/#primaryimage"},"thumbnailUrl":"https:\/\/repliquemangacine.fr\/wp-content\/uploads\/2023\/10\/2629-Socle-pour-marteau-de-Thor.jpg","datePublished":"2018-07-10T09:50:56+00:00","dateModified":"2026-01-21T12:19:55+00:00","description":"Esclusivo! Scoprite il Martello di Thor al miglior prezzo. In resina di imitazione della roccia - Finitura perfetta - Dimensioni: 30 X 20 X 20 cm","breadcrumb":{"@id":"https:\/\/repliquemangacine.fr\/super-heros-marvel\/socle-pour-marteau-de-thor\/#breadcrumb"},"inLanguage":"it-IT","potentialAction":[{"@type":"ReadAction","target":["https:\/\/repliquemangacine.fr\/super-heros-marvel\/socle-pour-marteau-de-thor\/"]}]},{"@type":"ImageObject","inLanguage":"it-IT","@id":"https:\/\/repliquemangacine.fr\/super-heros-marvel\/socle-pour-marteau-de-thor\/#primaryimage","url":"https:\/\/repliquemangacine.fr\/wp-content\/uploads\/2023\/10\/2629-Socle-pour-marteau-de-Thor.jpg","contentUrl":"https:\/\/repliquemangacine.fr\/wp-content\/uploads\/2023\/10\/2629-Socle-pour-marteau-de-Thor.jpg","width":800,"height":800,"caption":"Socle pour marteau de Thor"},{"@type":"BreadcrumbList","@id":"https:\/\/repliquemangacine.fr\/super-heros-marvel\/socle-pour-marteau-de-thor\/#breadcrumb","itemListElement":[{"@type":"ListItem","position":1,"name":"Accueil","item":"https:\/\/repliquemangacine.fr\/"},{"@type":"ListItem","position":2,"name":"Produits","item":"https:\/\/repliquemangacine.fr\/boutique\/"},{"@type":"ListItem","position":3,"name":"Socle Marteau Thor"}]},{"@type":"WebSite","@id":"https:\/\/repliquemangacine.fr\/#website","url":"https:\/\/repliquemangacine.fr\/","name":"R\u00e9plique Manga Cin\u00e9","description":"","publisher":{"@id":"https:\/\/repliquemangacine.fr\/#organization"},"potentialAction":[{"@type":"SearchAction","target":{"@type":"EntryPoint","urlTemplate":"https:\/\/repliquemangacine.fr\/?s={search_term_string}"},"query-input":{"@type":"PropertyValueSpecification","valueRequired":true,"valueName":"search_term_string"}}],"inLanguage":"it-IT"},{"@type":"Organization","@id":"https:\/\/repliquemangacine.fr\/#organization","name":"R\u00e9plique Manga Cin\u00e9","url":"https:\/\/repliquemangacine.fr\/","logo":{"@type":"ImageObject","inLanguage":"it-IT","@id":"https:\/\/repliquemangacine.fr\/#\/schema\/logo\/image\/","url":"https:\/\/repliquemangacine.fr\/wp-content\/uploads\/2023\/10\/RMC-500250.png","contentUrl":"https:\/\/repliquemangacine.fr\/wp-content\/uploads\/2023\/10\/RMC-500250.png","width":500,"height":250,"caption":"R\u00e9plique Manga Cin\u00e9"},"image":{"@id":"https:\/\/repliquemangacine.fr\/#\/schema\/logo\/image\/"},"sameAs":["https:\/\/www.facebook.com\/RepliqueMangaCine","https:\/\/www.instagram.com\/repliquemangacine.fr\/"]}]}},"_links":{"self":[{"href":"https:\/\/repliquemangacine.fr\/it\/wp-json\/wp\/v2\/product\/27886","targetHints":{"allow":["GET"]}}],"collection":[{"href":"https:\/\/repliquemangacine.fr\/it\/wp-json\/wp\/v2\/product"}],"about":[{"href":"https:\/\/repliquemangacine.fr\/it\/wp-json\/wp\/v2\/types\/product"}],"wp:featuredmedia":[{"embeddable":true,"href":"https:\/\/repliquemangacine.fr\/it\/wp-json\/wp\/v2\/media\/27887"}],"wp:attachment":[{"href":"https:\/\/repliquemangacine.fr\/it\/wp-json\/wp\/v2\/media?parent=27886"}],"wp:term":[{"taxonomy":"product_brand","embeddable":true,"href":"https:\/\/repliquemangacine.fr\/it\/wp-json\/wp\/v2\/product_brand?post=27886"},{"taxonomy":"product_cat","embeddable":true,"href":"https:\/\/repliquemangacine.fr\/it\/wp-json\/wp\/v2\/product_cat?post=27886"},{"taxonomy":"product_tag","embeddable":true,"href":"https:\/\/repliquemangacine.fr\/it\/wp-json\/wp\/v2\/product_tag?post=27886"}],"curies":[{"name":"wp","href":"https:\/\/api.w.org\/{rel}","templated":true}]}}