





{"id":27807,"date":"2018-04-07T17:42:57","date_gmt":"2018-04-07T15:42:57","guid":{"rendered":"https:\/\/repliquemangacine.fr\/?post_type=product&#038;p=27807"},"modified":"2026-02-28T06:06:32","modified_gmt":"2026-02-28T05:06:32","slug":"ascia-serie-vichinghi-ascia-ragnar-lothbrok","status":"publish","type":"product","link":"https:\/\/repliquemangacine.fr\/it\/haches-serie-vikings\/hache-de-la-serie-vikings-hache-de-ragnar-lothbrok\/","title":{"rendered":"Ascia di Ragnar Lothbrok"},"content":{"rendered":"<h2>Ascia vichinga Ragnar Lothbrok nella serie Vikings<\/h2>\n<p>Per cominciare, questo <strong>Ascia vichinga Ragnar Lothbrok<\/strong>, Si tratta di una replica esatta di quella utilizzata nella serie.<\/p>\n<p>L'ascia, un'arma veloce che colpisce costantemente con forza letale. La maggior parte dei vichinghi non poteva permettersi di usare una spada costosa, quindi l'ascia e la lancia erano i loro fidati compagni di battaglia.<\/p>\n<p>Notevoli navigatori, i Vichinghi si spinsero anche nella penisola iberica. I Vichinghi penetrarono nel Mediterraneo attraverso lo Stretto di Gibilterra e la loro incursione pi\u00f9 importante, dall'859 all'861, permise loro di stabilirsi nel delta del Rodano, nella Camargue, per poi spostarsi in Italia.<\/p>\n<p>Conosciuti come temibili guerrieri, i Vichinghi non riuscirono mai a formare un vero e proprio esercito. Le loro tattiche predatorie non possono essere attribuite a un'arte militare che non padroneggiavano.<\/p>\n<h2>La vostra Ascia vichinga Ragnar Lothbrok al miglior prezzo.<\/h2>\n<p>Offriamo un'ampia gamma di spade, elmi e scudi dell'epoca vichinga.<\/p>\n<p>Innanzitutto,<\/p>\n<ul>\n<li>La spada di Lagertha, moglie di Ragnar Lothbrok nella serie dei Vichinghi.<\/li>\n<li>C'\u00e8 anche il <a href=\"https:\/\/repliquemangacine.fr\/it\/vichingo\/scudo-vichingo-in-legno\/\">scudo rotondo in legno<\/a>con un Umbo in acciaio.<\/li>\n<li>Cos\u00ec come il <a href=\"https:\/\/repliquemangacine.fr\/it\/vichingo\/elmo-vichingo-beowulf\/\">Elmo vichingo Beowulf<\/a> con appliques in ottone repouss\u00e9.<\/li>\n<li>E molti altri ancora!<\/li>\n<li>Se state cercando un braccialetto o un anello, scoprite il nostro negozio partner <a href=\"https:\/\/www.viking-clan.com\/\" target=\"_blank\" rel=\"noopener noreferrer\">Clan vichingo<\/a>.<\/li>\n<\/ul>\n<p>Ecco quindi un'ottima idea regalo per i fan della famosa serie Vikings.<\/p>\n<p>In conclusione, potete utilizzare quest'ascia di Ragnar anche per le vostre rievocazioni storiche. Soprattutto, il <strong>Ascia vichinga Ragnar Lothbrok<\/strong>\u00c8 un oggetto da collezione, per di pi\u00f9 decorativo.<\/p>\n<h2>Come si effettua la manutenzione della lama dell'ascia?<\/h2>\n<p>Le asce da collezione e decorative sono realizzate e assemblate in modo semplificato. Poich\u00e9 il loro uso \u00e8 decorativo, non hanno le caratteristiche di sicurezza richieste per una spada giapponese destinata all'allenamento.<\/p>\n<p>Tuttavia, il vostro <strong>Ascia vichinga Ragnar Lothbrock<\/strong> a una lama d'acciaio che deve essere curata per evitare che si danneggi nel tempo. Quando si espone la katana, gli amici saranno curiosi di vedere la lama e di toccarla. \u00c8 qui che bisogna fare attenzione, perch\u00e9 l'acidit\u00e0 delle dita \u00e8 molto dannosa per l'acciaio, indipendentemente dalla sua qualit\u00e0.<\/p>\n<p>Tuttavia, se ci\u00f2 dovesse accadere, niente panico: basta un panno inumidito con un po' d'olio per eliminare le impronte. In questo modo, la spada durer\u00e0 a lungo.<\/p>","protected":false},"excerpt":{"rendered":"<p>L'ascia di Ragnar Lothbrok nella serie TV \"Vikings\".<\/p>\n<ul>\n<li>Testa dell'ascia in acciaio inox fuso.<\/li>\n<li>Manico in legno.<\/li>\n<li>Cinghia in pelle ritorta che corre lungo il manico.<\/li>\n<li>Supporto da parete in legno serigrafato con il logo della serie.<\/li>\n<li>Lunghezza totale: 68 cm - Peso: 900 grammi<\/li>\n<\/ul>","protected":false},"featured_media":27808,"template":"","meta":[],"product_brand":[896],"product_cat":[25,24,111,103,57],"product_tag":[],"class_list":{"0":"post-27807","1":"product","2":"type-product","3":"status-publish","4":"has-post-thumbnail","6":"product_brand-replique-manga-cine","7":"product_cat-armes-historiques","8":"product_cat-films-series-tv-vente-de-katana-epee-et-produits-derives","9":"product_cat-haches-serie-vikings","10":"product_cat-armes-et-accessoires-vikings","11":"product_cat-armes-vikings","13":"first","14":"instock","15":"taxable","16":"shipping-taxable","17":"purchasable","18":"product-type-simple"},"yoast_head":"<!-- This site is optimized with the Yoast SEO plugin v27.4 - https:\/\/yoast.com\/product\/yoast-seo-wordpress\/ -->\n<title>Hache Viking Ragnar Lothbrok - Vente en ligne hache viking | RMC<\/title>\n<meta name=\"description\" content=\"Offrez-vous la Hache Viking Ragnar Lothbrok dans la s\u00e9rie TV Vikings au meilleur prix - Hache en acier et bois - Longueur totale : 68 cm - Support bois\" \/>\n<meta name=\"robots\" content=\"index, follow, max-snippet:-1, max-image-preview:large, max-video-preview:-1\" \/>\n<link rel=\"canonical\" href=\"https:\/\/repliquemangacine.fr\/it\/assi-della-serie-viking\/ascia-serie-vichinghi-ascia-ragnar-lothbrok\/\" \/>\n<meta property=\"og:locale\" content=\"it_IT\" \/>\n<meta property=\"og:type\" content=\"article\" \/>\n<meta property=\"og:title\" content=\"Hache Viking Ragnar Lothbrok - Vente en ligne hache viking | RMC\" \/>\n<meta property=\"og:description\" content=\"Offrez-vous la Hache Viking Ragnar Lothbrok dans la s\u00e9rie TV Vikings au meilleur prix - Hache en acier et bois - Longueur totale : 68 cm - Support bois\" \/>\n<meta property=\"og:url\" content=\"https:\/\/repliquemangacine.fr\/it\/assi-della-serie-viking\/ascia-serie-vichinghi-ascia-ragnar-lothbrok\/\" \/>\n<meta property=\"og:site_name\" content=\"R\u00e9plique Manga Cin\u00e9\" \/>\n<meta property=\"article:publisher\" content=\"https:\/\/www.facebook.com\/RepliqueMangaCine\" \/>\n<meta property=\"article:modified_time\" content=\"2026-02-28T05:06:32+00:00\" \/>\n<meta property=\"og:image\" content=\"https:\/\/repliquemangacine.fr\/wp-content\/uploads\/2023\/10\/2559-Hache-Vikings-hache-de-Ragnar-Lothbrok.jpg\" \/>\n\t<meta property=\"og:image:width\" content=\"600\" \/>\n\t<meta property=\"og:image:height\" content=\"600\" \/>\n\t<meta property=\"og:image:type\" content=\"image\/jpeg\" \/>\n<meta name=\"twitter:card\" content=\"summary_large_image\" \/>\n<meta name=\"twitter:label1\" content=\"Tempo di lettura stimato\" \/>\n\t<meta name=\"twitter:data1\" content=\"1 minuto\" \/>\n<script type=\"application\/ld+json\" class=\"yoast-schema-graph\">{\"@context\":\"https:\\\/\\\/schema.org\",\"@graph\":[{\"@type\":\"WebPage\",\"@id\":\"https:\\\/\\\/repliquemangacine.fr\\\/haches-serie-vikings\\\/hache-de-la-serie-vikings-hache-de-ragnar-lothbrok\\\/\",\"url\":\"https:\\\/\\\/repliquemangacine.fr\\\/haches-serie-vikings\\\/hache-de-la-serie-vikings-hache-de-ragnar-lothbrok\\\/\",\"name\":\"Hache Viking Ragnar Lothbrok - Vente en ligne hache viking | RMC\",\"isPartOf\":{\"@id\":\"https:\\\/\\\/repliquemangacine.fr\\\/#website\"},\"primaryImageOfPage\":{\"@id\":\"https:\\\/\\\/repliquemangacine.fr\\\/haches-serie-vikings\\\/hache-de-la-serie-vikings-hache-de-ragnar-lothbrok\\\/#primaryimage\"},\"image\":{\"@id\":\"https:\\\/\\\/repliquemangacine.fr\\\/haches-serie-vikings\\\/hache-de-la-serie-vikings-hache-de-ragnar-lothbrok\\\/#primaryimage\"},\"thumbnailUrl\":\"https:\\\/\\\/repliquemangacine.fr\\\/wp-content\\\/uploads\\\/2023\\\/10\\\/2559-Hache-Vikings-hache-de-Ragnar-Lothbrok.jpg\",\"datePublished\":\"2018-04-07T15:42:57+00:00\",\"dateModified\":\"2026-02-28T05:06:32+00:00\",\"description\":\"Offrez-vous la Hache Viking Ragnar Lothbrok dans la s\u00e9rie TV Vikings au meilleur prix - Hache en acier et bois - Longueur totale : 68 cm - Support bois\",\"breadcrumb\":{\"@id\":\"https:\\\/\\\/repliquemangacine.fr\\\/haches-serie-vikings\\\/hache-de-la-serie-vikings-hache-de-ragnar-lothbrok\\\/#breadcrumb\"},\"inLanguage\":\"it-IT\",\"potentialAction\":[{\"@type\":\"ReadAction\",\"target\":[\"https:\\\/\\\/repliquemangacine.fr\\\/haches-serie-vikings\\\/hache-de-la-serie-vikings-hache-de-ragnar-lothbrok\\\/\"]}]},{\"@type\":\"ImageObject\",\"inLanguage\":\"it-IT\",\"@id\":\"https:\\\/\\\/repliquemangacine.fr\\\/haches-serie-vikings\\\/hache-de-la-serie-vikings-hache-de-ragnar-lothbrok\\\/#primaryimage\",\"url\":\"https:\\\/\\\/repliquemangacine.fr\\\/wp-content\\\/uploads\\\/2023\\\/10\\\/2559-Hache-Vikings-hache-de-Ragnar-Lothbrok.jpg\",\"contentUrl\":\"https:\\\/\\\/repliquemangacine.fr\\\/wp-content\\\/uploads\\\/2023\\\/10\\\/2559-Hache-Vikings-hache-de-Ragnar-Lothbrok.jpg\",\"width\":600,\"height\":600,\"caption\":\"Hache Vikings, hache de Ragnar Lothbrok\"},{\"@type\":\"BreadcrumbList\",\"@id\":\"https:\\\/\\\/repliquemangacine.fr\\\/haches-serie-vikings\\\/hache-de-la-serie-vikings-hache-de-ragnar-lothbrok\\\/#breadcrumb\",\"itemListElement\":[{\"@type\":\"ListItem\",\"position\":1,\"name\":\"Accueil\",\"item\":\"https:\\\/\\\/repliquemangacine.fr\\\/\"},{\"@type\":\"ListItem\",\"position\":2,\"name\":\"Produits\",\"item\":\"https:\\\/\\\/repliquemangacine.fr\\\/boutique\\\/\"},{\"@type\":\"ListItem\",\"position\":3,\"name\":\"Hache Ragnar Lothbrok\"}]},{\"@type\":\"WebSite\",\"@id\":\"https:\\\/\\\/repliquemangacine.fr\\\/#website\",\"url\":\"https:\\\/\\\/repliquemangacine.fr\\\/\",\"name\":\"R\u00e9plique Manga Cin\u00e9\",\"description\":\"\",\"publisher\":{\"@id\":\"https:\\\/\\\/repliquemangacine.fr\\\/#organization\"},\"potentialAction\":[{\"@type\":\"SearchAction\",\"target\":{\"@type\":\"EntryPoint\",\"urlTemplate\":\"https:\\\/\\\/repliquemangacine.fr\\\/?s={search_term_string}\"},\"query-input\":{\"@type\":\"PropertyValueSpecification\",\"valueRequired\":true,\"valueName\":\"search_term_string\"}}],\"inLanguage\":\"it-IT\"},{\"@type\":\"Organization\",\"@id\":\"https:\\\/\\\/repliquemangacine.fr\\\/#organization\",\"name\":\"R\u00e9plique Manga Cin\u00e9\",\"url\":\"https:\\\/\\\/repliquemangacine.fr\\\/\",\"logo\":{\"@type\":\"ImageObject\",\"inLanguage\":\"it-IT\",\"@id\":\"https:\\\/\\\/repliquemangacine.fr\\\/#\\\/schema\\\/logo\\\/image\\\/\",\"url\":\"https:\\\/\\\/repliquemangacine.fr\\\/wp-content\\\/uploads\\\/2023\\\/10\\\/RMC-500250.png\",\"contentUrl\":\"https:\\\/\\\/repliquemangacine.fr\\\/wp-content\\\/uploads\\\/2023\\\/10\\\/RMC-500250.png\",\"width\":500,\"height\":250,\"caption\":\"R\u00e9plique Manga Cin\u00e9\"},\"image\":{\"@id\":\"https:\\\/\\\/repliquemangacine.fr\\\/#\\\/schema\\\/logo\\\/image\\\/\"},\"sameAs\":[\"https:\\\/\\\/www.facebook.com\\\/RepliqueMangaCine\",\"https:\\\/\\\/www.instagram.com\\\/repliquemangacine.fr\\\/\"]}]}<\/script>\n<!-- \/ Yoast SEO plugin. -->","yoast_head_json":{"title":"Ascia vichinga Ragnar Lothbrok - Vendita asce vichinghe online | RMC","description":"Regalatevi l'ascia vichinga Ragnar Lothbrok della serie TV Vikings al miglior prezzo - Ascia in acciaio e legno - Lunghezza totale: 68 cm - Supporto in legno","robots":{"index":"index","follow":"follow","max-snippet":"max-snippet:-1","max-image-preview":"max-image-preview:large","max-video-preview":"max-video-preview:-1"},"canonical":"https:\/\/repliquemangacine.fr\/it\/assi-della-serie-viking\/ascia-serie-vichinghi-ascia-ragnar-lothbrok\/","og_locale":"it_IT","og_type":"article","og_title":"Hache Viking Ragnar Lothbrok - Vente en ligne hache viking | RMC","og_description":"Offrez-vous la Hache Viking Ragnar Lothbrok dans la s\u00e9rie TV Vikings au meilleur prix - Hache en acier et bois - Longueur totale : 68 cm - Support bois","og_url":"https:\/\/repliquemangacine.fr\/it\/assi-della-serie-viking\/ascia-serie-vichinghi-ascia-ragnar-lothbrok\/","og_site_name":"R\u00e9plique Manga Cin\u00e9","article_publisher":"https:\/\/www.facebook.com\/RepliqueMangaCine","article_modified_time":"2026-02-28T05:06:32+00:00","og_image":[{"width":600,"height":600,"url":"https:\/\/repliquemangacine.fr\/wp-content\/uploads\/2023\/10\/2559-Hache-Vikings-hache-de-Ragnar-Lothbrok.jpg","type":"image\/jpeg"}],"twitter_card":"summary_large_image","twitter_misc":{"Tempo di lettura stimato":"1 minuto"},"schema":{"@context":"https:\/\/schema.org","@graph":[{"@type":"WebPage","@id":"https:\/\/repliquemangacine.fr\/haches-serie-vikings\/hache-de-la-serie-vikings-hache-de-ragnar-lothbrok\/","url":"https:\/\/repliquemangacine.fr\/haches-serie-vikings\/hache-de-la-serie-vikings-hache-de-ragnar-lothbrok\/","name":"Ascia vichinga Ragnar Lothbrok - Vendita asce vichinghe online | RMC","isPartOf":{"@id":"https:\/\/repliquemangacine.fr\/#website"},"primaryImageOfPage":{"@id":"https:\/\/repliquemangacine.fr\/haches-serie-vikings\/hache-de-la-serie-vikings-hache-de-ragnar-lothbrok\/#primaryimage"},"image":{"@id":"https:\/\/repliquemangacine.fr\/haches-serie-vikings\/hache-de-la-serie-vikings-hache-de-ragnar-lothbrok\/#primaryimage"},"thumbnailUrl":"https:\/\/repliquemangacine.fr\/wp-content\/uploads\/2023\/10\/2559-Hache-Vikings-hache-de-Ragnar-Lothbrok.jpg","datePublished":"2018-04-07T15:42:57+00:00","dateModified":"2026-02-28T05:06:32+00:00","description":"Regalatevi l'ascia vichinga Ragnar Lothbrok della serie TV Vikings al miglior prezzo - Ascia in acciaio e legno - Lunghezza totale: 68 cm - Supporto in legno","breadcrumb":{"@id":"https:\/\/repliquemangacine.fr\/haches-serie-vikings\/hache-de-la-serie-vikings-hache-de-ragnar-lothbrok\/#breadcrumb"},"inLanguage":"it-IT","potentialAction":[{"@type":"ReadAction","target":["https:\/\/repliquemangacine.fr\/haches-serie-vikings\/hache-de-la-serie-vikings-hache-de-ragnar-lothbrok\/"]}]},{"@type":"ImageObject","inLanguage":"it-IT","@id":"https:\/\/repliquemangacine.fr\/haches-serie-vikings\/hache-de-la-serie-vikings-hache-de-ragnar-lothbrok\/#primaryimage","url":"https:\/\/repliquemangacine.fr\/wp-content\/uploads\/2023\/10\/2559-Hache-Vikings-hache-de-Ragnar-Lothbrok.jpg","contentUrl":"https:\/\/repliquemangacine.fr\/wp-content\/uploads\/2023\/10\/2559-Hache-Vikings-hache-de-Ragnar-Lothbrok.jpg","width":600,"height":600,"caption":"Hache Vikings, hache de Ragnar Lothbrok"},{"@type":"BreadcrumbList","@id":"https:\/\/repliquemangacine.fr\/haches-serie-vikings\/hache-de-la-serie-vikings-hache-de-ragnar-lothbrok\/#breadcrumb","itemListElement":[{"@type":"ListItem","position":1,"name":"Accueil","item":"https:\/\/repliquemangacine.fr\/"},{"@type":"ListItem","position":2,"name":"Produits","item":"https:\/\/repliquemangacine.fr\/boutique\/"},{"@type":"ListItem","position":3,"name":"Hache Ragnar Lothbrok"}]},{"@type":"WebSite","@id":"https:\/\/repliquemangacine.fr\/#website","url":"https:\/\/repliquemangacine.fr\/","name":"R\u00e9plique Manga Cin\u00e9","description":"","publisher":{"@id":"https:\/\/repliquemangacine.fr\/#organization"},"potentialAction":[{"@type":"SearchAction","target":{"@type":"EntryPoint","urlTemplate":"https:\/\/repliquemangacine.fr\/?s={search_term_string}"},"query-input":{"@type":"PropertyValueSpecification","valueRequired":true,"valueName":"search_term_string"}}],"inLanguage":"it-IT"},{"@type":"Organization","@id":"https:\/\/repliquemangacine.fr\/#organization","name":"R\u00e9plique Manga Cin\u00e9","url":"https:\/\/repliquemangacine.fr\/","logo":{"@type":"ImageObject","inLanguage":"it-IT","@id":"https:\/\/repliquemangacine.fr\/#\/schema\/logo\/image\/","url":"https:\/\/repliquemangacine.fr\/wp-content\/uploads\/2023\/10\/RMC-500250.png","contentUrl":"https:\/\/repliquemangacine.fr\/wp-content\/uploads\/2023\/10\/RMC-500250.png","width":500,"height":250,"caption":"R\u00e9plique Manga Cin\u00e9"},"image":{"@id":"https:\/\/repliquemangacine.fr\/#\/schema\/logo\/image\/"},"sameAs":["https:\/\/www.facebook.com\/RepliqueMangaCine","https:\/\/www.instagram.com\/repliquemangacine.fr\/"]}]}},"_links":{"self":[{"href":"https:\/\/repliquemangacine.fr\/it\/wp-json\/wp\/v2\/product\/27807","targetHints":{"allow":["GET"]}}],"collection":[{"href":"https:\/\/repliquemangacine.fr\/it\/wp-json\/wp\/v2\/product"}],"about":[{"href":"https:\/\/repliquemangacine.fr\/it\/wp-json\/wp\/v2\/types\/product"}],"wp:featuredmedia":[{"embeddable":true,"href":"https:\/\/repliquemangacine.fr\/it\/wp-json\/wp\/v2\/media\/27808"}],"wp:attachment":[{"href":"https:\/\/repliquemangacine.fr\/it\/wp-json\/wp\/v2\/media?parent=27807"}],"wp:term":[{"taxonomy":"product_brand","embeddable":true,"href":"https:\/\/repliquemangacine.fr\/it\/wp-json\/wp\/v2\/product_brand?post=27807"},{"taxonomy":"product_cat","embeddable":true,"href":"https:\/\/repliquemangacine.fr\/it\/wp-json\/wp\/v2\/product_cat?post=27807"},{"taxonomy":"product_tag","embeddable":true,"href":"https:\/\/repliquemangacine.fr\/it\/wp-json\/wp\/v2\/product_tag?post=27807"}],"curies":[{"name":"wp","href":"https:\/\/api.w.org\/{rel}","templated":true}]}}