





{"id":27785,"date":"2018-04-02T14:58:35","date_gmt":"2018-04-02T12:58:35","guid":{"rendered":"https:\/\/repliquemangacine.fr\/?post_type=product&#038;p=27785"},"modified":"2026-04-12T16:31:29","modified_gmt":"2026-04-12T14:31:29","slug":"link-master-sword-spada-di-schiuma-in-zelda","status":"publish","type":"product","link":"https:\/\/repliquemangacine.fr\/it\/epee-zelda\/epee-en-mousse-de-link-master-sword-dans-zelda\/","title":{"rendered":"Maestro di spada"},"content":{"rendered":"<h2>Master Sword in Zelda.<\/h2>\n<p>Per cominciare, il<strong>Maestro di spada<\/strong> o Spada Leggendaria, \u00e8 la pi\u00f9 emblematica della serie. Conosciuta come Master Sword nelle traduzioni inglesi, questa spada sacra viene utilizzata per respingere il male, o pi\u00f9 in generale per respingere Ganon, ma anche per acquisire nuovi poteri.<\/p>\n<p>La sua origine viene rivelata in Skyward Sword, dove un tempo era la Spada Divina, perfezionata e trasformata in questa Spada della Leggenda dopo che Link ha immerso la sua spada nelle tre fiamme delle dee.<\/p>\n<p>Link, protagonista della serie The Legend of Zelda. \u00c8 quasi sempre un orfano e fa parte del gruppo dei <a href=\"https:\/\/zelda.fandom.com\/fr\/wiki\/Hylien\" target=\"_blank\" rel=\"noopener noreferrer\">Iliani<\/a>.<\/p>\n<h2>Il tuo Master Sword Foam Sword al miglior prezzo.<\/h2>\n<p>Offriamo un'ampia gamma di repliche dei videogiochi di Zelda<\/p>\n<p>Innanzitutto,<\/p>\n<ul>\n<li>L'<a href=\"https:\/\/repliquemangacine.fr\/it\/zelda\/spada-master-spada-zelda\/\">Maestro di spada<\/a> in una versione di lusso con fodero in pelle e finiture di assoluto rilievo.<\/li>\n<li>Successivamente, Le<a href=\"https:\/\/repliquemangacine.fr\/it\/zelda\/bouclier-de-zelda-en-mousse-bouclier-hylian-de-link\/\"> Scudo di Hylian<\/a> La Triforza di schiuma di Link.<\/li>\n<li>Cos\u00ec come il<a href=\"https:\/\/repliquemangacine.fr\/it\/zelda\/zelda-epee-dark-link-link-corrompu\/\">Spada del legame scuro<\/a> e il suo lato oscuro.<\/li>\n<li>E molti altri da scoprire nel nostro negozio online!<\/li>\n<\/ul>\n<p>Ecco perch\u00e9 questa \u00e8 un'ottima idea regalo per i fan di Zelda.<\/p>\n<p>In conclusione, \u00e8 possibile utilizzare la Master Sword di Zelda per le sfilate Cosplay alle convention.<\/p>\n<p>Ma soprattutto \u00e8 un oggetto da collezione e un pezzo decorativo.<\/p>\n<h2>Scoprite le ultime uscite di Zelda<\/h2>\n<p>Il nostro obiettivo \u00e8 soddisfarvi, per questo facciamo tutto il possibile per trovare gli oggetti da collezione che state cercando. Non esitate quindi a comunicarci le vostre richieste e i vostri commenti, affinch\u00e9 possiamo continuare insieme questa avventura!<\/p>\n<p>Sempre all'avanguardia e sempre pronti ad ascoltare le vostre ricerche sui prodotti, siamo lieti di potervi offrire alcune piccole chicche come :<\/p>\n<ul>\n<li>Le <a href=\"https:\/\/repliquemangacine.fr\/it\/spada-di-zelda\/cofanetto-zelda-da-13-pezzi\/\">Set di spade di Zelda da 13 pezzi<\/a> come portachiavi o ciondoli a seconda dell'umore.<\/li>\n<li>C'\u00e8 anche un set di 8 ciondoli di Zelda con i simboli della Principessa Zelda.<\/li>\n<li>E molti altri da scoprire presto, come le figurine<\/li>\n<\/ul>","protected":false},"excerpt":{"rendered":"<p>Dimensioni reali della spada di schiuma di Link, l'Excalibur, in Zelda.<\/p>\n<ul>\n<li>Realizzato interamente in poliuretano espanso.<\/li>\n<li>Lattice per uso esterno.<\/li>\n<li>Nucleo interno, asta rinforzata in fibra di vetro.<\/li>\n<li>Questo rende la spada ultra resistente e in grado di assorbire gli urti.<\/li>\n<li>Lunghezza totale: 108 cm - Peso: 440 grammi<\/li>\n<\/ul>","protected":false},"featured_media":27786,"template":"","meta":[],"product_brand":[896],"product_cat":[23,56],"product_tag":[],"class_list":{"0":"post-27785","1":"product","2":"type-product","3":"status-publish","4":"has-post-thumbnail","6":"product_brand-replique-manga-cine","7":"product_cat-repliques-manga-jeux-video","8":"product_cat-epee-zelda","10":"first","11":"outofstock","12":"taxable","13":"shipping-taxable","14":"purchasable","15":"product-type-simple"},"yoast_head":"<!-- This site is optimized with the Yoast SEO plugin v27.4 - https:\/\/yoast.com\/product\/yoast-seo-wordpress\/ -->\n<title>Ep\u00e9e Mousse Master Sword - Zelda | R\u00e9plique Manga Cin\u00e9<\/title>\n<meta name=\"description\" content=\"Ep\u00e9e Mousse Master Sword du jeu vid\u00e9o Zelda au meilleur prix - Sans danger pour votre enfant - Ultra-r\u00e9sistante - Longueur totale : 108cm - Envoi 24\/48h\" \/>\n<meta name=\"robots\" content=\"index, follow, max-snippet:-1, max-image-preview:large, max-video-preview:-1\" \/>\n<link rel=\"canonical\" href=\"https:\/\/repliquemangacine.fr\/it\/spada-di-zelda\/link-master-sword-spada-di-schiuma-in-zelda\/\" \/>\n<meta property=\"og:locale\" content=\"it_IT\" \/>\n<meta property=\"og:type\" content=\"article\" \/>\n<meta property=\"og:title\" content=\"Ep\u00e9e Mousse Master Sword - Zelda | R\u00e9plique Manga Cin\u00e9\" \/>\n<meta property=\"og:description\" content=\"Ep\u00e9e Mousse Master Sword du jeu vid\u00e9o Zelda au meilleur prix - Sans danger pour votre enfant - Ultra-r\u00e9sistante - Longueur totale : 108cm - Envoi 24\/48h\" \/>\n<meta property=\"og:url\" content=\"https:\/\/repliquemangacine.fr\/it\/spada-di-zelda\/link-master-sword-spada-di-schiuma-in-zelda\/\" \/>\n<meta property=\"og:site_name\" content=\"R\u00e9plique Manga Cin\u00e9\" \/>\n<meta property=\"article:publisher\" content=\"https:\/\/www.facebook.com\/RepliqueMangaCine\" \/>\n<meta property=\"article:modified_time\" content=\"2026-04-12T14:31:29+00:00\" \/>\n<meta property=\"og:image\" content=\"https:\/\/repliquemangacine.fr\/wp-content\/uploads\/2023\/10\/2537-Epee-en-Mousse-de-Link-Master-sword-dans-Zeldagarde.jpg\" \/>\n\t<meta property=\"og:image:width\" content=\"700\" \/>\n\t<meta property=\"og:image:height\" content=\"700\" \/>\n\t<meta property=\"og:image:type\" content=\"image\/jpeg\" \/>\n<meta name=\"twitter:card\" content=\"summary_large_image\" \/>\n<meta name=\"twitter:label1\" content=\"Tempo di lettura stimato\" \/>\n\t<meta name=\"twitter:data1\" content=\"2 minuti\" \/>\n<script type=\"application\/ld+json\" class=\"yoast-schema-graph\">{\"@context\":\"https:\\\/\\\/schema.org\",\"@graph\":[{\"@type\":\"WebPage\",\"@id\":\"https:\\\/\\\/repliquemangacine.fr\\\/epee-zelda\\\/epee-en-mousse-de-link-master-sword-dans-zelda\\\/\",\"url\":\"https:\\\/\\\/repliquemangacine.fr\\\/epee-zelda\\\/epee-en-mousse-de-link-master-sword-dans-zelda\\\/\",\"name\":\"Ep\u00e9e Mousse Master Sword - Zelda | R\u00e9plique Manga Cin\u00e9\",\"isPartOf\":{\"@id\":\"https:\\\/\\\/repliquemangacine.fr\\\/#website\"},\"primaryImageOfPage\":{\"@id\":\"https:\\\/\\\/repliquemangacine.fr\\\/epee-zelda\\\/epee-en-mousse-de-link-master-sword-dans-zelda\\\/#primaryimage\"},\"image\":{\"@id\":\"https:\\\/\\\/repliquemangacine.fr\\\/epee-zelda\\\/epee-en-mousse-de-link-master-sword-dans-zelda\\\/#primaryimage\"},\"thumbnailUrl\":\"https:\\\/\\\/repliquemangacine.fr\\\/wp-content\\\/uploads\\\/2023\\\/10\\\/2537-Epee-en-Mousse-de-Link-Master-sword-dans-Zeldagarde.jpg\",\"datePublished\":\"2018-04-02T12:58:35+00:00\",\"dateModified\":\"2026-04-12T14:31:29+00:00\",\"description\":\"Ep\u00e9e Mousse Master Sword du jeu vid\u00e9o Zelda au meilleur prix - Sans danger pour votre enfant - Ultra-r\u00e9sistante - Longueur totale : 108cm - Envoi 24\\\/48h\",\"breadcrumb\":{\"@id\":\"https:\\\/\\\/repliquemangacine.fr\\\/epee-zelda\\\/epee-en-mousse-de-link-master-sword-dans-zelda\\\/#breadcrumb\"},\"inLanguage\":\"it-IT\",\"potentialAction\":[{\"@type\":\"ReadAction\",\"target\":[\"https:\\\/\\\/repliquemangacine.fr\\\/epee-zelda\\\/epee-en-mousse-de-link-master-sword-dans-zelda\\\/\"]}]},{\"@type\":\"ImageObject\",\"inLanguage\":\"it-IT\",\"@id\":\"https:\\\/\\\/repliquemangacine.fr\\\/epee-zelda\\\/epee-en-mousse-de-link-master-sword-dans-zelda\\\/#primaryimage\",\"url\":\"https:\\\/\\\/repliquemangacine.fr\\\/wp-content\\\/uploads\\\/2023\\\/10\\\/2537-Epee-en-Mousse-de-Link-Master-sword-dans-Zeldagarde.jpg\",\"contentUrl\":\"https:\\\/\\\/repliquemangacine.fr\\\/wp-content\\\/uploads\\\/2023\\\/10\\\/2537-Epee-en-Mousse-de-Link-Master-sword-dans-Zeldagarde.jpg\",\"width\":700,\"height\":700,\"caption\":\"Ep\u00e9e en Mousse de Link, Master sword dans Zelda+garde\"},{\"@type\":\"BreadcrumbList\",\"@id\":\"https:\\\/\\\/repliquemangacine.fr\\\/epee-zelda\\\/epee-en-mousse-de-link-master-sword-dans-zelda\\\/#breadcrumb\",\"itemListElement\":[{\"@type\":\"ListItem\",\"position\":1,\"name\":\"Accueil\",\"item\":\"https:\\\/\\\/repliquemangacine.fr\\\/\"},{\"@type\":\"ListItem\",\"position\":2,\"name\":\"Produits\",\"item\":\"https:\\\/\\\/repliquemangacine.fr\\\/boutique\\\/\"},{\"@type\":\"ListItem\",\"position\":3,\"name\":\"Ep\u00e9e Mousse Master Sword\"}]},{\"@type\":\"WebSite\",\"@id\":\"https:\\\/\\\/repliquemangacine.fr\\\/#website\",\"url\":\"https:\\\/\\\/repliquemangacine.fr\\\/\",\"name\":\"R\u00e9plique Manga Cin\u00e9\",\"description\":\"\",\"publisher\":{\"@id\":\"https:\\\/\\\/repliquemangacine.fr\\\/#organization\"},\"potentialAction\":[{\"@type\":\"SearchAction\",\"target\":{\"@type\":\"EntryPoint\",\"urlTemplate\":\"https:\\\/\\\/repliquemangacine.fr\\\/?s={search_term_string}\"},\"query-input\":{\"@type\":\"PropertyValueSpecification\",\"valueRequired\":true,\"valueName\":\"search_term_string\"}}],\"inLanguage\":\"it-IT\"},{\"@type\":\"Organization\",\"@id\":\"https:\\\/\\\/repliquemangacine.fr\\\/#organization\",\"name\":\"R\u00e9plique Manga Cin\u00e9\",\"url\":\"https:\\\/\\\/repliquemangacine.fr\\\/\",\"logo\":{\"@type\":\"ImageObject\",\"inLanguage\":\"it-IT\",\"@id\":\"https:\\\/\\\/repliquemangacine.fr\\\/#\\\/schema\\\/logo\\\/image\\\/\",\"url\":\"https:\\\/\\\/repliquemangacine.fr\\\/wp-content\\\/uploads\\\/2023\\\/10\\\/RMC-500250.png\",\"contentUrl\":\"https:\\\/\\\/repliquemangacine.fr\\\/wp-content\\\/uploads\\\/2023\\\/10\\\/RMC-500250.png\",\"width\":500,\"height\":250,\"caption\":\"R\u00e9plique Manga Cin\u00e9\"},\"image\":{\"@id\":\"https:\\\/\\\/repliquemangacine.fr\\\/#\\\/schema\\\/logo\\\/image\\\/\"},\"sameAs\":[\"https:\\\/\\\/www.facebook.com\\\/RepliqueMangaCine\",\"https:\\\/\\\/www.instagram.com\\\/repliquemangacine.fr\\\/\"]}]}<\/script>\n<!-- \/ Yoast SEO plugin. -->","yoast_head_json":{"title":"Master Sword Spada di schiuma - Zelda | R\u00e9plique Manga Cin\u00e9","description":"Spada Master Sword in gommapiuma dal videogioco Zelda al miglior prezzo - Sicura per il bambino - Ultra resistente - Lunghezza totale: 108 cm - Spedizione 24\/48h","robots":{"index":"index","follow":"follow","max-snippet":"max-snippet:-1","max-image-preview":"max-image-preview:large","max-video-preview":"max-video-preview:-1"},"canonical":"https:\/\/repliquemangacine.fr\/it\/spada-di-zelda\/link-master-sword-spada-di-schiuma-in-zelda\/","og_locale":"it_IT","og_type":"article","og_title":"Ep\u00e9e Mousse Master Sword - Zelda | R\u00e9plique Manga Cin\u00e9","og_description":"Ep\u00e9e Mousse Master Sword du jeu vid\u00e9o Zelda au meilleur prix - Sans danger pour votre enfant - Ultra-r\u00e9sistante - Longueur totale : 108cm - Envoi 24\/48h","og_url":"https:\/\/repliquemangacine.fr\/it\/spada-di-zelda\/link-master-sword-spada-di-schiuma-in-zelda\/","og_site_name":"R\u00e9plique Manga Cin\u00e9","article_publisher":"https:\/\/www.facebook.com\/RepliqueMangaCine","article_modified_time":"2026-04-12T14:31:29+00:00","og_image":[{"width":700,"height":700,"url":"https:\/\/repliquemangacine.fr\/wp-content\/uploads\/2023\/10\/2537-Epee-en-Mousse-de-Link-Master-sword-dans-Zeldagarde.jpg","type":"image\/jpeg"}],"twitter_card":"summary_large_image","twitter_misc":{"Tempo di lettura stimato":"2 minuti"},"schema":{"@context":"https:\/\/schema.org","@graph":[{"@type":"WebPage","@id":"https:\/\/repliquemangacine.fr\/epee-zelda\/epee-en-mousse-de-link-master-sword-dans-zelda\/","url":"https:\/\/repliquemangacine.fr\/epee-zelda\/epee-en-mousse-de-link-master-sword-dans-zelda\/","name":"Master Sword Spada di schiuma - Zelda | R\u00e9plique Manga Cin\u00e9","isPartOf":{"@id":"https:\/\/repliquemangacine.fr\/#website"},"primaryImageOfPage":{"@id":"https:\/\/repliquemangacine.fr\/epee-zelda\/epee-en-mousse-de-link-master-sword-dans-zelda\/#primaryimage"},"image":{"@id":"https:\/\/repliquemangacine.fr\/epee-zelda\/epee-en-mousse-de-link-master-sword-dans-zelda\/#primaryimage"},"thumbnailUrl":"https:\/\/repliquemangacine.fr\/wp-content\/uploads\/2023\/10\/2537-Epee-en-Mousse-de-Link-Master-sword-dans-Zeldagarde.jpg","datePublished":"2018-04-02T12:58:35+00:00","dateModified":"2026-04-12T14:31:29+00:00","description":"Spada Master Sword in gommapiuma dal videogioco Zelda al miglior prezzo - Sicura per il bambino - Ultra resistente - Lunghezza totale: 108 cm - Spedizione 24\/48h","breadcrumb":{"@id":"https:\/\/repliquemangacine.fr\/epee-zelda\/epee-en-mousse-de-link-master-sword-dans-zelda\/#breadcrumb"},"inLanguage":"it-IT","potentialAction":[{"@type":"ReadAction","target":["https:\/\/repliquemangacine.fr\/epee-zelda\/epee-en-mousse-de-link-master-sword-dans-zelda\/"]}]},{"@type":"ImageObject","inLanguage":"it-IT","@id":"https:\/\/repliquemangacine.fr\/epee-zelda\/epee-en-mousse-de-link-master-sword-dans-zelda\/#primaryimage","url":"https:\/\/repliquemangacine.fr\/wp-content\/uploads\/2023\/10\/2537-Epee-en-Mousse-de-Link-Master-sword-dans-Zeldagarde.jpg","contentUrl":"https:\/\/repliquemangacine.fr\/wp-content\/uploads\/2023\/10\/2537-Epee-en-Mousse-de-Link-Master-sword-dans-Zeldagarde.jpg","width":700,"height":700,"caption":"Ep\u00e9e en Mousse de Link, Master sword dans Zelda+garde"},{"@type":"BreadcrumbList","@id":"https:\/\/repliquemangacine.fr\/epee-zelda\/epee-en-mousse-de-link-master-sword-dans-zelda\/#breadcrumb","itemListElement":[{"@type":"ListItem","position":1,"name":"Accueil","item":"https:\/\/repliquemangacine.fr\/"},{"@type":"ListItem","position":2,"name":"Produits","item":"https:\/\/repliquemangacine.fr\/boutique\/"},{"@type":"ListItem","position":3,"name":"Ep\u00e9e Mousse Master Sword"}]},{"@type":"WebSite","@id":"https:\/\/repliquemangacine.fr\/#website","url":"https:\/\/repliquemangacine.fr\/","name":"R\u00e9plique Manga Cin\u00e9","description":"","publisher":{"@id":"https:\/\/repliquemangacine.fr\/#organization"},"potentialAction":[{"@type":"SearchAction","target":{"@type":"EntryPoint","urlTemplate":"https:\/\/repliquemangacine.fr\/?s={search_term_string}"},"query-input":{"@type":"PropertyValueSpecification","valueRequired":true,"valueName":"search_term_string"}}],"inLanguage":"it-IT"},{"@type":"Organization","@id":"https:\/\/repliquemangacine.fr\/#organization","name":"R\u00e9plique Manga Cin\u00e9","url":"https:\/\/repliquemangacine.fr\/","logo":{"@type":"ImageObject","inLanguage":"it-IT","@id":"https:\/\/repliquemangacine.fr\/#\/schema\/logo\/image\/","url":"https:\/\/repliquemangacine.fr\/wp-content\/uploads\/2023\/10\/RMC-500250.png","contentUrl":"https:\/\/repliquemangacine.fr\/wp-content\/uploads\/2023\/10\/RMC-500250.png","width":500,"height":250,"caption":"R\u00e9plique Manga Cin\u00e9"},"image":{"@id":"https:\/\/repliquemangacine.fr\/#\/schema\/logo\/image\/"},"sameAs":["https:\/\/www.facebook.com\/RepliqueMangaCine","https:\/\/www.instagram.com\/repliquemangacine.fr\/"]}]}},"_links":{"self":[{"href":"https:\/\/repliquemangacine.fr\/it\/wp-json\/wp\/v2\/product\/27785","targetHints":{"allow":["GET"]}}],"collection":[{"href":"https:\/\/repliquemangacine.fr\/it\/wp-json\/wp\/v2\/product"}],"about":[{"href":"https:\/\/repliquemangacine.fr\/it\/wp-json\/wp\/v2\/types\/product"}],"wp:featuredmedia":[{"embeddable":true,"href":"https:\/\/repliquemangacine.fr\/it\/wp-json\/wp\/v2\/media\/27786"}],"wp:attachment":[{"href":"https:\/\/repliquemangacine.fr\/it\/wp-json\/wp\/v2\/media?parent=27785"}],"wp:term":[{"taxonomy":"product_brand","embeddable":true,"href":"https:\/\/repliquemangacine.fr\/it\/wp-json\/wp\/v2\/product_brand?post=27785"},{"taxonomy":"product_cat","embeddable":true,"href":"https:\/\/repliquemangacine.fr\/it\/wp-json\/wp\/v2\/product_cat?post=27785"},{"taxonomy":"product_tag","embeddable":true,"href":"https:\/\/repliquemangacine.fr\/it\/wp-json\/wp\/v2\/product_tag?post=27785"}],"curies":[{"name":"wp","href":"https:\/\/api.w.org\/{rel}","templated":true}]}}