





{"id":27760,"date":"2018-03-25T15:51:15","date_gmt":"2018-03-25T13:51:15","guid":{"rendered":"https:\/\/repliquemangacine.fr\/?post_type=product&#038;p=27760"},"modified":"2026-04-16T15:28:28","modified_gmt":"2026-04-16T13:28:28","slug":"gladio-spada-dei-legionari-romani","status":"publish","type":"product","link":"https:\/\/repliquemangacine.fr\/it\/epees-glaives-antique\/gladius-epee-des-legionnaires-romains\/","title":{"rendered":"Legionari romani Gladius"},"content":{"rendered":"<h2>Gladio, spada dei legionari romani.<\/h2>\n<p>Per cominciare, il <strong>Gladio spada dei legionari<\/strong>, Spada romana usata per indicare una spada corta, l'arma dei legionari romani. Spada di Tiberio\u00ab<\/p>\n<p>Purtroppo si sa poco o nulla dello sviluppo del Gladius negli ultimi quattro secoli prima dell'era cristiana.<\/p>\n<p>Le spade romane rinvenute nei reperti archeologici risalgono solo al I secolo a.C.. L'unica cosa che conferma la loro parentela con il gladio romano \u00e8 il fatto che hanno esattamente lo stesso tipo di fodero. I Romani mantennero i quattro anelli di attacco.<\/p>\n<p>Chiamato dagli storici moderni con il nome della citt\u00e0 romana di Pompei, questo gladio era di gran lunga il pi\u00f9 popolare. A Pompei sono stati ritrovati quattro esemplari di questo tipo di spada.<\/p>\n<h2>La tua spada Gladius Roman Legionnaire al miglior prezzo.<\/h2>\n<p>Offriamo un'ampia gamma di spade ed elmi del periodo antico.<\/p>\n<p>Innanzitutto,<\/p>\n<ul>\n<li>La spada di tipo pompeiano \u00e8 realizzata da <a href=\"https:\/\/deepeeka.in\" target=\"_blank\" rel=\"noopener noreferrer\">Deepeeka<\/a>produzione in India.<\/li>\n<li>C'\u00e8 anche il<a href=\"https:\/\/repliquemangacine.fr\/it\/armi-storiche\/glaive-romain-epee-jules-cesar-noire\/\">La spada di Giulio Cesare<\/a> prodotto da Denix in Spagna.<\/li>\n<li>E l'elmo di Maximus nel film Il Gladiatore.<\/li>\n<li>E molti altri da scoprire nel nostro negozio online!<\/li>\n<\/ul>\n<p>Ecco perch\u00e9 abbiamo pensato ad alcune superbe idee regalo per tutti coloro che hanno la passione per l'antichit\u00e0.<\/p>\n<p>In conclusione, \u00e8 possibile utilizzare questo <strong>Gladio spada dei legionari<\/strong> per le vostre rievocazioni storiche o serate a tema. Ma soprattutto \u00e8 un oggetto da collezione e una decorazione.<\/p>\n<h2>Come posso mantenere la lama della mia spada antica?<\/h2>\n<p>Le spade da collezione e decorative sono realizzate e assemblate in modo semplificato. Poich\u00e9 il loro uso \u00e8 decorativo, non hanno le caratteristiche di sicurezza richieste per una spada giapponese destinata all'allenamento.<\/p>\n<p>Tuttavia, il vostro <strong>Gladio spada dei legionari<\/strong> a una lama d'acciaio che deve essere curata per evitare che si danneggi nel tempo. Quando si espone la katana, gli amici saranno curiosi di vedere la lama e di toccarla. \u00c8 qui che bisogna fare attenzione, perch\u00e9 l'acidit\u00e0 delle dita \u00e8 molto dannosa per l'acciaio, indipendentemente dalla sua qualit\u00e0.<\/p>\n<p>Tuttavia, se ci\u00f2 dovesse accadere, niente panico: basta un panno inumidito con un po' d'olio per eliminare le impronte. In questo modo, la spada durer\u00e0 a lungo.<\/p>","protected":false},"excerpt":{"rendered":"<p>L'artiglio portato dai legionari romani.<\/p>\n<ul>\n<li>Lama in acciaio a doppio taglio.<\/li>\n<li>Estensione della lama imbullonata.<\/li>\n<li>Elsa e pomo in legno naturale.<\/li>\n<li>Manico in vero osso animale.<\/li>\n<li>Fodero rivestito in pelle con finiture in ottone.<\/li>\n<li>Lunghezza lama: 52 cm - Lunghezza totale: 73 cm - Peso: 1400 gr.<\/li>\n<\/ul>","protected":false},"featured_media":27761,"template":"","meta":[],"product_brand":[896],"product_cat":[31,25,73],"product_tag":[],"class_list":{"0":"post-27760","1":"product","2":"type-product","3":"status-publish","4":"has-post-thumbnail","6":"product_brand-replique-manga-cine","7":"product_cat-armes-antiques","8":"product_cat-armes-historiques","9":"product_cat-epees-glaives-antique","11":"first","12":"outofstock","13":"taxable","14":"shipping-taxable","15":"purchasable","16":"product-type-simple"},"yoast_head":"<!-- This site is optimized with the Yoast SEO plugin v27.4 - https:\/\/yoast.com\/product\/yoast-seo-wordpress\/ -->\n<title>Gladius \u00e9p\u00e9e des l\u00e9gionnaires- Ep\u00e9e Antique | RepliqueMangaCine<\/title>\n<meta name=\"description\" content=\"D\u00e9couvrez votre Gladius \u00e9p\u00e9e des L\u00e9gionnaires Romain au meilleur prix. Lame acier - Garde et pommeau en bois naturel - Longueur totale : 73 cm\" \/>\n<meta name=\"robots\" content=\"index, follow, max-snippet:-1, max-image-preview:large, max-video-preview:-1\" \/>\n<link rel=\"canonical\" href=\"https:\/\/repliquemangacine.fr\/it\/spade-antiche\/gladio-spada-dei-legionari-romani\/\" \/>\n<meta property=\"og:locale\" content=\"it_IT\" \/>\n<meta property=\"og:type\" content=\"article\" \/>\n<meta property=\"og:title\" content=\"Gladius \u00e9p\u00e9e des l\u00e9gionnaires- Ep\u00e9e Antique | RepliqueMangaCine\" \/>\n<meta property=\"og:description\" content=\"D\u00e9couvrez votre Gladius \u00e9p\u00e9e des L\u00e9gionnaires Romain au meilleur prix. Lame acier - Garde et pommeau en bois naturel - Longueur totale : 73 cm\" \/>\n<meta property=\"og:url\" content=\"https:\/\/repliquemangacine.fr\/it\/spade-antiche\/gladio-spada-dei-legionari-romani\/\" \/>\n<meta property=\"og:site_name\" content=\"R\u00e9plique Manga Cin\u00e9\" \/>\n<meta property=\"article:publisher\" content=\"https:\/\/www.facebook.com\/RepliqueMangaCine\" \/>\n<meta property=\"article:modified_time\" content=\"2026-04-16T13:28:28+00:00\" \/>\n<meta property=\"og:image\" content=\"https:\/\/repliquemangacine.fr\/wp-content\/uploads\/2023\/10\/2515-Glaive-epee-des-legionnaires-romains.jpg\" \/>\n\t<meta property=\"og:image:width\" content=\"600\" \/>\n\t<meta property=\"og:image:height\" content=\"600\" \/>\n\t<meta property=\"og:image:type\" content=\"image\/jpeg\" \/>\n<meta name=\"twitter:card\" content=\"summary_large_image\" \/>\n<meta name=\"twitter:label1\" content=\"Tempo di lettura stimato\" \/>\n\t<meta name=\"twitter:data1\" content=\"2 minuti\" \/>\n<script type=\"application\/ld+json\" class=\"yoast-schema-graph\">{\"@context\":\"https:\\\/\\\/schema.org\",\"@graph\":[{\"@type\":\"WebPage\",\"@id\":\"https:\\\/\\\/repliquemangacine.fr\\\/epees-glaives-antique\\\/gladius-epee-des-legionnaires-romains\\\/\",\"url\":\"https:\\\/\\\/repliquemangacine.fr\\\/epees-glaives-antique\\\/gladius-epee-des-legionnaires-romains\\\/\",\"name\":\"Gladius \u00e9p\u00e9e des l\u00e9gionnaires- Ep\u00e9e Antique | RepliqueMangaCine\",\"isPartOf\":{\"@id\":\"https:\\\/\\\/repliquemangacine.fr\\\/#website\"},\"primaryImageOfPage\":{\"@id\":\"https:\\\/\\\/repliquemangacine.fr\\\/epees-glaives-antique\\\/gladius-epee-des-legionnaires-romains\\\/#primaryimage\"},\"image\":{\"@id\":\"https:\\\/\\\/repliquemangacine.fr\\\/epees-glaives-antique\\\/gladius-epee-des-legionnaires-romains\\\/#primaryimage\"},\"thumbnailUrl\":\"https:\\\/\\\/repliquemangacine.fr\\\/wp-content\\\/uploads\\\/2023\\\/10\\\/2515-Glaive-epee-des-legionnaires-romains.jpg\",\"datePublished\":\"2018-03-25T13:51:15+00:00\",\"dateModified\":\"2026-04-16T13:28:28+00:00\",\"description\":\"D\u00e9couvrez votre Gladius \u00e9p\u00e9e des L\u00e9gionnaires Romain au meilleur prix. Lame acier - Garde et pommeau en bois naturel - Longueur totale : 73 cm\",\"breadcrumb\":{\"@id\":\"https:\\\/\\\/repliquemangacine.fr\\\/epees-glaives-antique\\\/gladius-epee-des-legionnaires-romains\\\/#breadcrumb\"},\"inLanguage\":\"it-IT\",\"potentialAction\":[{\"@type\":\"ReadAction\",\"target\":[\"https:\\\/\\\/repliquemangacine.fr\\\/epees-glaives-antique\\\/gladius-epee-des-legionnaires-romains\\\/\"]}]},{\"@type\":\"ImageObject\",\"inLanguage\":\"it-IT\",\"@id\":\"https:\\\/\\\/repliquemangacine.fr\\\/epees-glaives-antique\\\/gladius-epee-des-legionnaires-romains\\\/#primaryimage\",\"url\":\"https:\\\/\\\/repliquemangacine.fr\\\/wp-content\\\/uploads\\\/2023\\\/10\\\/2515-Glaive-epee-des-legionnaires-romains.jpg\",\"contentUrl\":\"https:\\\/\\\/repliquemangacine.fr\\\/wp-content\\\/uploads\\\/2023\\\/10\\\/2515-Glaive-epee-des-legionnaires-romains.jpg\",\"width\":600,\"height\":600,\"caption\":\"Glaive, \u00e9p\u00e9e des l\u00e9gionnaires romains\"},{\"@type\":\"BreadcrumbList\",\"@id\":\"https:\\\/\\\/repliquemangacine.fr\\\/epees-glaives-antique\\\/gladius-epee-des-legionnaires-romains\\\/#breadcrumb\",\"itemListElement\":[{\"@type\":\"ListItem\",\"position\":1,\"name\":\"Accueil\",\"item\":\"https:\\\/\\\/repliquemangacine.fr\\\/\"},{\"@type\":\"ListItem\",\"position\":2,\"name\":\"Produits\",\"item\":\"https:\\\/\\\/repliquemangacine.fr\\\/boutique\\\/\"},{\"@type\":\"ListItem\",\"position\":3,\"name\":\"Gladius l\u00e9gionnaires Romain\"}]},{\"@type\":\"WebSite\",\"@id\":\"https:\\\/\\\/repliquemangacine.fr\\\/#website\",\"url\":\"https:\\\/\\\/repliquemangacine.fr\\\/\",\"name\":\"R\u00e9plique Manga Cin\u00e9\",\"description\":\"\",\"publisher\":{\"@id\":\"https:\\\/\\\/repliquemangacine.fr\\\/#organization\"},\"potentialAction\":[{\"@type\":\"SearchAction\",\"target\":{\"@type\":\"EntryPoint\",\"urlTemplate\":\"https:\\\/\\\/repliquemangacine.fr\\\/?s={search_term_string}\"},\"query-input\":{\"@type\":\"PropertyValueSpecification\",\"valueRequired\":true,\"valueName\":\"search_term_string\"}}],\"inLanguage\":\"it-IT\"},{\"@type\":\"Organization\",\"@id\":\"https:\\\/\\\/repliquemangacine.fr\\\/#organization\",\"name\":\"R\u00e9plique Manga Cin\u00e9\",\"url\":\"https:\\\/\\\/repliquemangacine.fr\\\/\",\"logo\":{\"@type\":\"ImageObject\",\"inLanguage\":\"it-IT\",\"@id\":\"https:\\\/\\\/repliquemangacine.fr\\\/#\\\/schema\\\/logo\\\/image\\\/\",\"url\":\"https:\\\/\\\/repliquemangacine.fr\\\/wp-content\\\/uploads\\\/2023\\\/10\\\/RMC-500250.png\",\"contentUrl\":\"https:\\\/\\\/repliquemangacine.fr\\\/wp-content\\\/uploads\\\/2023\\\/10\\\/RMC-500250.png\",\"width\":500,\"height\":250,\"caption\":\"R\u00e9plique Manga Cin\u00e9\"},\"image\":{\"@id\":\"https:\\\/\\\/repliquemangacine.fr\\\/#\\\/schema\\\/logo\\\/image\\\/\"},\"sameAs\":[\"https:\\\/\\\/www.facebook.com\\\/RepliqueMangaCine\",\"https:\\\/\\\/www.instagram.com\\\/repliquemangacine.fr\\\/\"]}]}<\/script>\n<!-- \/ Yoast SEO plugin. -->","yoast_head_json":{"title":"Gladio spada dei legionari - Spada antica | RepliqueMangaCine","description":"Scopri la tua spada Gladius Roman Legionnaire al miglior prezzo. Lama in acciaio - Elsa e pomo in legno naturale - Lunghezza totale: 73 cm","robots":{"index":"index","follow":"follow","max-snippet":"max-snippet:-1","max-image-preview":"max-image-preview:large","max-video-preview":"max-video-preview:-1"},"canonical":"https:\/\/repliquemangacine.fr\/it\/spade-antiche\/gladio-spada-dei-legionari-romani\/","og_locale":"it_IT","og_type":"article","og_title":"Gladius \u00e9p\u00e9e des l\u00e9gionnaires- Ep\u00e9e Antique | RepliqueMangaCine","og_description":"D\u00e9couvrez votre Gladius \u00e9p\u00e9e des L\u00e9gionnaires Romain au meilleur prix. Lame acier - Garde et pommeau en bois naturel - Longueur totale : 73 cm","og_url":"https:\/\/repliquemangacine.fr\/it\/spade-antiche\/gladio-spada-dei-legionari-romani\/","og_site_name":"R\u00e9plique Manga Cin\u00e9","article_publisher":"https:\/\/www.facebook.com\/RepliqueMangaCine","article_modified_time":"2026-04-16T13:28:28+00:00","og_image":[{"width":600,"height":600,"url":"https:\/\/repliquemangacine.fr\/wp-content\/uploads\/2023\/10\/2515-Glaive-epee-des-legionnaires-romains.jpg","type":"image\/jpeg"}],"twitter_card":"summary_large_image","twitter_misc":{"Tempo di lettura stimato":"2 minuti"},"schema":{"@context":"https:\/\/schema.org","@graph":[{"@type":"WebPage","@id":"https:\/\/repliquemangacine.fr\/epees-glaives-antique\/gladius-epee-des-legionnaires-romains\/","url":"https:\/\/repliquemangacine.fr\/epees-glaives-antique\/gladius-epee-des-legionnaires-romains\/","name":"Gladio spada dei legionari - Spada antica | RepliqueMangaCine","isPartOf":{"@id":"https:\/\/repliquemangacine.fr\/#website"},"primaryImageOfPage":{"@id":"https:\/\/repliquemangacine.fr\/epees-glaives-antique\/gladius-epee-des-legionnaires-romains\/#primaryimage"},"image":{"@id":"https:\/\/repliquemangacine.fr\/epees-glaives-antique\/gladius-epee-des-legionnaires-romains\/#primaryimage"},"thumbnailUrl":"https:\/\/repliquemangacine.fr\/wp-content\/uploads\/2023\/10\/2515-Glaive-epee-des-legionnaires-romains.jpg","datePublished":"2018-03-25T13:51:15+00:00","dateModified":"2026-04-16T13:28:28+00:00","description":"Scopri la tua spada Gladius Roman Legionnaire al miglior prezzo. Lama in acciaio - Elsa e pomo in legno naturale - Lunghezza totale: 73 cm","breadcrumb":{"@id":"https:\/\/repliquemangacine.fr\/epees-glaives-antique\/gladius-epee-des-legionnaires-romains\/#breadcrumb"},"inLanguage":"it-IT","potentialAction":[{"@type":"ReadAction","target":["https:\/\/repliquemangacine.fr\/epees-glaives-antique\/gladius-epee-des-legionnaires-romains\/"]}]},{"@type":"ImageObject","inLanguage":"it-IT","@id":"https:\/\/repliquemangacine.fr\/epees-glaives-antique\/gladius-epee-des-legionnaires-romains\/#primaryimage","url":"https:\/\/repliquemangacine.fr\/wp-content\/uploads\/2023\/10\/2515-Glaive-epee-des-legionnaires-romains.jpg","contentUrl":"https:\/\/repliquemangacine.fr\/wp-content\/uploads\/2023\/10\/2515-Glaive-epee-des-legionnaires-romains.jpg","width":600,"height":600,"caption":"Glaive, \u00e9p\u00e9e des l\u00e9gionnaires romains"},{"@type":"BreadcrumbList","@id":"https:\/\/repliquemangacine.fr\/epees-glaives-antique\/gladius-epee-des-legionnaires-romains\/#breadcrumb","itemListElement":[{"@type":"ListItem","position":1,"name":"Accueil","item":"https:\/\/repliquemangacine.fr\/"},{"@type":"ListItem","position":2,"name":"Produits","item":"https:\/\/repliquemangacine.fr\/boutique\/"},{"@type":"ListItem","position":3,"name":"Gladius l\u00e9gionnaires Romain"}]},{"@type":"WebSite","@id":"https:\/\/repliquemangacine.fr\/#website","url":"https:\/\/repliquemangacine.fr\/","name":"R\u00e9plique Manga Cin\u00e9","description":"","publisher":{"@id":"https:\/\/repliquemangacine.fr\/#organization"},"potentialAction":[{"@type":"SearchAction","target":{"@type":"EntryPoint","urlTemplate":"https:\/\/repliquemangacine.fr\/?s={search_term_string}"},"query-input":{"@type":"PropertyValueSpecification","valueRequired":true,"valueName":"search_term_string"}}],"inLanguage":"it-IT"},{"@type":"Organization","@id":"https:\/\/repliquemangacine.fr\/#organization","name":"R\u00e9plique Manga Cin\u00e9","url":"https:\/\/repliquemangacine.fr\/","logo":{"@type":"ImageObject","inLanguage":"it-IT","@id":"https:\/\/repliquemangacine.fr\/#\/schema\/logo\/image\/","url":"https:\/\/repliquemangacine.fr\/wp-content\/uploads\/2023\/10\/RMC-500250.png","contentUrl":"https:\/\/repliquemangacine.fr\/wp-content\/uploads\/2023\/10\/RMC-500250.png","width":500,"height":250,"caption":"R\u00e9plique Manga Cin\u00e9"},"image":{"@id":"https:\/\/repliquemangacine.fr\/#\/schema\/logo\/image\/"},"sameAs":["https:\/\/www.facebook.com\/RepliqueMangaCine","https:\/\/www.instagram.com\/repliquemangacine.fr\/"]}]}},"_links":{"self":[{"href":"https:\/\/repliquemangacine.fr\/it\/wp-json\/wp\/v2\/product\/27760","targetHints":{"allow":["GET"]}}],"collection":[{"href":"https:\/\/repliquemangacine.fr\/it\/wp-json\/wp\/v2\/product"}],"about":[{"href":"https:\/\/repliquemangacine.fr\/it\/wp-json\/wp\/v2\/types\/product"}],"wp:featuredmedia":[{"embeddable":true,"href":"https:\/\/repliquemangacine.fr\/it\/wp-json\/wp\/v2\/media\/27761"}],"wp:attachment":[{"href":"https:\/\/repliquemangacine.fr\/it\/wp-json\/wp\/v2\/media?parent=27760"}],"wp:term":[{"taxonomy":"product_brand","embeddable":true,"href":"https:\/\/repliquemangacine.fr\/it\/wp-json\/wp\/v2\/product_brand?post=27760"},{"taxonomy":"product_cat","embeddable":true,"href":"https:\/\/repliquemangacine.fr\/it\/wp-json\/wp\/v2\/product_cat?post=27760"},{"taxonomy":"product_tag","embeddable":true,"href":"https:\/\/repliquemangacine.fr\/it\/wp-json\/wp\/v2\/product_tag?post=27760"}],"curies":[{"name":"wp","href":"https:\/\/api.w.org\/{rel}","templated":true}]}}