





{"id":27753,"date":"2018-03-24T19:11:51","date_gmt":"2018-03-24T18:11:51","guid":{"rendered":"https:\/\/repliquemangacine.fr\/?post_type=product&#038;p=27753"},"modified":"2026-04-16T15:27:51","modified_gmt":"2026-04-16T13:27:51","slug":"pompei-spada-romana","status":"publish","type":"product","link":"https:\/\/repliquemangacine.fr\/it\/epees-glaives-antique\/glaive-romain-type-pompei\/","title":{"rendered":"Spada romana di tipo pompeiano"},"content":{"rendered":"<h2>Spada romana di tipo pompeiano<\/h2>\n<p>Per cominciare, il<strong> Spada romana di tipo pompeiano<\/strong> \u00e8 una riproduzione di una spada da legionario trovata a Pompei. Parti di essa sono ora esposte al Museo Archeologico Nazionale di Napoli.<\/p>\n<p>Nel 79 d.C. il vulcano Vesuvio distrusse e seppell\u00ec completamente la citt\u00e0 di Pompei. Ricoperta da 4-6 metri di cenere, si \u00e8 conservata per quasi 2.000 anni prima di essere riscoperta. Gli scavi hanno fornito una visione straordinaria e dettagliata dell'Impero Romano.<\/p>\n<p>Chiamato dagli storici moderni con il nome della citt\u00e0 romana di Pompei, questo Gladius \u00e8 di gran lunga il pi\u00f9 popolare. Questa replica \u00e8 realizzata in India da <a href=\"https:\/\/deepeeka.in\" target=\"_blank\" rel=\"noopener noreferrer\">Deepeeka<\/a>.<\/p>\n<h2>Il vostro Glaive romano di Pompei al miglior prezzo.<\/h2>\n<p>Offriamo un'ampia gamma di spade ed elmi del periodo antico.<\/p>\n<p>Innanzitutto,<\/p>\n<ul>\n<li>L'<a href=\"https:\/\/repliquemangacine.fr\/it\/spada-spade\/set-di-due-spade-romane\/\">due spade romane insieme<\/a> ispirato, tra gli altri, al film Spartacus.<\/li>\n<li>C'\u00e8 anche il <a href=\"https:\/\/repliquemangacine.fr\/it\/spade-antiche\/pugnale-decorativo-con-spada-romana\/\">spada romana pugnale<\/a> decorazione finemente dettagliata.<\/li>\n<li>Cos\u00ec come il <a href=\"https:\/\/repliquemangacine.fr\/it\/spade-katana-e-chicche-cinematografiche\/spada-di-leonida-dal-film-301\/\">Spada di Leonida<\/a> nel film 300.<\/li>\n<li>E molti altri da scoprire nel nostro negozio online!<\/li>\n<\/ul>\n<p>Ecco perch\u00e9 abbiamo pensato ad alcune superbe idee regalo per tutti coloro che hanno la passione per l'antichit\u00e0.<\/p>\n<p>In conclusione, \u00e8 possibile utilizzare questo <strong>Spada romana di tipo pompeiano<\/strong> per le vostre rievocazioni storiche o serate a tema. Ma soprattutto \u00e8 un oggetto da collezione e una decorazione.<\/p>\n<h2>Come posso mantenere la lama della mia spada antica?<\/h2>\n<p>Le spade da collezione e decorative sono realizzate e assemblate in modo semplificato. Poich\u00e9 il loro uso \u00e8 decorativo, non hanno le caratteristiche di sicurezza richieste per una spada giapponese destinata all'allenamento.<\/p>\n<p>Tuttavia, il vostro <strong>Spada romana di tipo pompeiano<\/strong> a una lama d'acciaio che deve essere curata per evitare che si danneggi nel tempo. Quando si espone la katana, gli amici saranno curiosi di vedere la lama e di toccarla. \u00c8 qui che bisogna fare attenzione, perch\u00e9 l'acidit\u00e0 delle dita \u00e8 molto dannosa per l'acciaio, indipendentemente dalla sua qualit\u00e0.<\/p>\n<p>Tuttavia, se ci\u00f2 dovesse accadere, niente panico: basta un panno inumidito con un po' d'olio per eliminare le impronte. In questo modo, la spada durer\u00e0 a lungo.<\/p>","protected":false},"excerpt":{"rendered":"<p>Replica della spada romana trovata a Pompei.<\/p>\n<ul>\n<li>Lama in acciaio al carbonio non affilata.<\/li>\n<li>Elsa e pomo in legno massiccio.<\/li>\n<li>Manico in resina di finto osso.<\/li>\n<li>Fodero in legno rivestito in pelle rossa.<\/li>\n<li>Piastre in ottone sbalzato e inciso.<\/li>\n<li>Lunghezza lama: 49 cm - Lunghezza totale: 73 cm - Peso: 1400 grammi<\/li>\n<\/ul>","protected":false},"featured_media":27754,"template":"","meta":[],"product_brand":[896],"product_cat":[31,25,73,101],"product_tag":[],"class_list":{"0":"post-27753","1":"product","2":"type-product","3":"status-publish","4":"has-post-thumbnail","6":"product_brand-replique-manga-cine","7":"product_cat-armes-antiques","8":"product_cat-armes-historiques","9":"product_cat-epees-glaives-antique","10":"product_cat-soldes","12":"first","13":"outofstock","14":"taxable","15":"shipping-taxable","16":"purchasable","17":"product-type-simple"},"yoast_head":"<!-- This site is optimized with the Yoast SEO plugin v27.4 - https:\/\/yoast.com\/product\/yoast-seo-wordpress\/ -->\n<title>Glaive Romain Type Pompe\u00ef - Ep\u00e9e Antique | R\u00e9plique MangaCin\u00e9<\/title>\n<meta name=\"description\" content=\"Offrez-vous ce Glaive Romain Type Pompe\u00ef au meilleur prix - Lame en acier carbone. Fourreau cuir - Plaques en laiton grav\u00e9e - Longueur totale : 73 cm\" \/>\n<meta name=\"robots\" content=\"index, follow, max-snippet:-1, max-image-preview:large, max-video-preview:-1\" \/>\n<link rel=\"canonical\" href=\"https:\/\/repliquemangacine.fr\/it\/spade-antiche\/pompei-spada-romana\/\" \/>\n<meta property=\"og:locale\" content=\"it_IT\" \/>\n<meta property=\"og:type\" content=\"article\" \/>\n<meta property=\"og:title\" content=\"Glaive Romain Type Pompe\u00ef - Ep\u00e9e Antique | R\u00e9plique MangaCin\u00e9\" \/>\n<meta property=\"og:description\" content=\"Offrez-vous ce Glaive Romain Type Pompe\u00ef au meilleur prix - Lame en acier carbone. Fourreau cuir - Plaques en laiton grav\u00e9e - Longueur totale : 73 cm\" \/>\n<meta property=\"og:url\" content=\"https:\/\/repliquemangacine.fr\/it\/spade-antiche\/pompei-spada-romana\/\" \/>\n<meta property=\"og:site_name\" content=\"R\u00e9plique Manga Cin\u00e9\" \/>\n<meta property=\"article:publisher\" content=\"https:\/\/www.facebook.com\/RepliqueMangaCine\" \/>\n<meta property=\"article:modified_time\" content=\"2026-04-16T13:27:51+00:00\" \/>\n<meta property=\"og:image\" content=\"https:\/\/repliquemangacine.fr\/wp-content\/uploads\/2023\/10\/2510-Glaive-legionnaire-Romain-Type-Pompei.jpg\" \/>\n\t<meta property=\"og:image:width\" content=\"600\" \/>\n\t<meta property=\"og:image:height\" content=\"600\" \/>\n\t<meta property=\"og:image:type\" content=\"image\/jpeg\" \/>\n<meta name=\"twitter:card\" content=\"summary_large_image\" \/>\n<meta name=\"twitter:label1\" content=\"Tempo di lettura stimato\" \/>\n\t<meta name=\"twitter:data1\" content=\"2 minuti\" \/>\n<script type=\"application\/ld+json\" class=\"yoast-schema-graph\">{\"@context\":\"https:\\\/\\\/schema.org\",\"@graph\":[{\"@type\":\"WebPage\",\"@id\":\"https:\\\/\\\/repliquemangacine.fr\\\/epees-glaives-antique\\\/glaive-romain-type-pompei\\\/\",\"url\":\"https:\\\/\\\/repliquemangacine.fr\\\/epees-glaives-antique\\\/glaive-romain-type-pompei\\\/\",\"name\":\"Glaive Romain Type Pompe\u00ef - Ep\u00e9e Antique | R\u00e9plique MangaCin\u00e9\",\"isPartOf\":{\"@id\":\"https:\\\/\\\/repliquemangacine.fr\\\/#website\"},\"primaryImageOfPage\":{\"@id\":\"https:\\\/\\\/repliquemangacine.fr\\\/epees-glaives-antique\\\/glaive-romain-type-pompei\\\/#primaryimage\"},\"image\":{\"@id\":\"https:\\\/\\\/repliquemangacine.fr\\\/epees-glaives-antique\\\/glaive-romain-type-pompei\\\/#primaryimage\"},\"thumbnailUrl\":\"https:\\\/\\\/repliquemangacine.fr\\\/wp-content\\\/uploads\\\/2023\\\/10\\\/2510-Glaive-legionnaire-Romain-Type-Pompei.jpg\",\"datePublished\":\"2018-03-24T18:11:51+00:00\",\"dateModified\":\"2026-04-16T13:27:51+00:00\",\"description\":\"Offrez-vous ce Glaive Romain Type Pompe\u00ef au meilleur prix - Lame en acier carbone. Fourreau cuir - Plaques en laiton grav\u00e9e - Longueur totale : 73 cm\",\"breadcrumb\":{\"@id\":\"https:\\\/\\\/repliquemangacine.fr\\\/epees-glaives-antique\\\/glaive-romain-type-pompei\\\/#breadcrumb\"},\"inLanguage\":\"it-IT\",\"potentialAction\":[{\"@type\":\"ReadAction\",\"target\":[\"https:\\\/\\\/repliquemangacine.fr\\\/epees-glaives-antique\\\/glaive-romain-type-pompei\\\/\"]}]},{\"@type\":\"ImageObject\",\"inLanguage\":\"it-IT\",\"@id\":\"https:\\\/\\\/repliquemangacine.fr\\\/epees-glaives-antique\\\/glaive-romain-type-pompei\\\/#primaryimage\",\"url\":\"https:\\\/\\\/repliquemangacine.fr\\\/wp-content\\\/uploads\\\/2023\\\/10\\\/2510-Glaive-legionnaire-Romain-Type-Pompei.jpg\",\"contentUrl\":\"https:\\\/\\\/repliquemangacine.fr\\\/wp-content\\\/uploads\\\/2023\\\/10\\\/2510-Glaive-legionnaire-Romain-Type-Pompei.jpg\",\"width\":600,\"height\":600,\"caption\":\"Glaive Romain Type Pompe\u00ef\"},{\"@type\":\"BreadcrumbList\",\"@id\":\"https:\\\/\\\/repliquemangacine.fr\\\/epees-glaives-antique\\\/glaive-romain-type-pompei\\\/#breadcrumb\",\"itemListElement\":[{\"@type\":\"ListItem\",\"position\":1,\"name\":\"Accueil\",\"item\":\"https:\\\/\\\/repliquemangacine.fr\\\/\"},{\"@type\":\"ListItem\",\"position\":2,\"name\":\"Produits\",\"item\":\"https:\\\/\\\/repliquemangacine.fr\\\/boutique\\\/\"},{\"@type\":\"ListItem\",\"position\":3,\"name\":\"Glaive Romain Type Pompe\u00ef\"}]},{\"@type\":\"WebSite\",\"@id\":\"https:\\\/\\\/repliquemangacine.fr\\\/#website\",\"url\":\"https:\\\/\\\/repliquemangacine.fr\\\/\",\"name\":\"R\u00e9plique Manga Cin\u00e9\",\"description\":\"\",\"publisher\":{\"@id\":\"https:\\\/\\\/repliquemangacine.fr\\\/#organization\"},\"potentialAction\":[{\"@type\":\"SearchAction\",\"target\":{\"@type\":\"EntryPoint\",\"urlTemplate\":\"https:\\\/\\\/repliquemangacine.fr\\\/?s={search_term_string}\"},\"query-input\":{\"@type\":\"PropertyValueSpecification\",\"valueRequired\":true,\"valueName\":\"search_term_string\"}}],\"inLanguage\":\"it-IT\"},{\"@type\":\"Organization\",\"@id\":\"https:\\\/\\\/repliquemangacine.fr\\\/#organization\",\"name\":\"R\u00e9plique Manga Cin\u00e9\",\"url\":\"https:\\\/\\\/repliquemangacine.fr\\\/\",\"logo\":{\"@type\":\"ImageObject\",\"inLanguage\":\"it-IT\",\"@id\":\"https:\\\/\\\/repliquemangacine.fr\\\/#\\\/schema\\\/logo\\\/image\\\/\",\"url\":\"https:\\\/\\\/repliquemangacine.fr\\\/wp-content\\\/uploads\\\/2023\\\/10\\\/RMC-500250.png\",\"contentUrl\":\"https:\\\/\\\/repliquemangacine.fr\\\/wp-content\\\/uploads\\\/2023\\\/10\\\/RMC-500250.png\",\"width\":500,\"height\":250,\"caption\":\"R\u00e9plique Manga Cin\u00e9\"},\"image\":{\"@id\":\"https:\\\/\\\/repliquemangacine.fr\\\/#\\\/schema\\\/logo\\\/image\\\/\"},\"sameAs\":[\"https:\\\/\\\/www.facebook.com\\\/RepliqueMangaCine\",\"https:\\\/\\\/www.instagram.com\\\/repliquemangacine.fr\\\/\"]}]}<\/script>\n<!-- \/ Yoast SEO plugin. -->","yoast_head_json":{"title":"Spada romana di Pompei - Spada antica | Replica MangaCin\u00e9","description":"Regalatevi questa spada romana di tipo pompeiano al miglior prezzo - Lama in acciaio al carbonio. Fodero in pelle - Placche in ottone incise - Lunghezza totale: 73 cm","robots":{"index":"index","follow":"follow","max-snippet":"max-snippet:-1","max-image-preview":"max-image-preview:large","max-video-preview":"max-video-preview:-1"},"canonical":"https:\/\/repliquemangacine.fr\/it\/spade-antiche\/pompei-spada-romana\/","og_locale":"it_IT","og_type":"article","og_title":"Glaive Romain Type Pompe\u00ef - Ep\u00e9e Antique | R\u00e9plique MangaCin\u00e9","og_description":"Offrez-vous ce Glaive Romain Type Pompe\u00ef au meilleur prix - Lame en acier carbone. Fourreau cuir - Plaques en laiton grav\u00e9e - Longueur totale : 73 cm","og_url":"https:\/\/repliquemangacine.fr\/it\/spade-antiche\/pompei-spada-romana\/","og_site_name":"R\u00e9plique Manga Cin\u00e9","article_publisher":"https:\/\/www.facebook.com\/RepliqueMangaCine","article_modified_time":"2026-04-16T13:27:51+00:00","og_image":[{"width":600,"height":600,"url":"https:\/\/repliquemangacine.fr\/wp-content\/uploads\/2023\/10\/2510-Glaive-legionnaire-Romain-Type-Pompei.jpg","type":"image\/jpeg"}],"twitter_card":"summary_large_image","twitter_misc":{"Tempo di lettura stimato":"2 minuti"},"schema":{"@context":"https:\/\/schema.org","@graph":[{"@type":"WebPage","@id":"https:\/\/repliquemangacine.fr\/epees-glaives-antique\/glaive-romain-type-pompei\/","url":"https:\/\/repliquemangacine.fr\/epees-glaives-antique\/glaive-romain-type-pompei\/","name":"Spada romana di Pompei - Spada antica | Replica MangaCin\u00e9","isPartOf":{"@id":"https:\/\/repliquemangacine.fr\/#website"},"primaryImageOfPage":{"@id":"https:\/\/repliquemangacine.fr\/epees-glaives-antique\/glaive-romain-type-pompei\/#primaryimage"},"image":{"@id":"https:\/\/repliquemangacine.fr\/epees-glaives-antique\/glaive-romain-type-pompei\/#primaryimage"},"thumbnailUrl":"https:\/\/repliquemangacine.fr\/wp-content\/uploads\/2023\/10\/2510-Glaive-legionnaire-Romain-Type-Pompei.jpg","datePublished":"2018-03-24T18:11:51+00:00","dateModified":"2026-04-16T13:27:51+00:00","description":"Regalatevi questa spada romana di tipo pompeiano al miglior prezzo - Lama in acciaio al carbonio. Fodero in pelle - Placche in ottone incise - Lunghezza totale: 73 cm","breadcrumb":{"@id":"https:\/\/repliquemangacine.fr\/epees-glaives-antique\/glaive-romain-type-pompei\/#breadcrumb"},"inLanguage":"it-IT","potentialAction":[{"@type":"ReadAction","target":["https:\/\/repliquemangacine.fr\/epees-glaives-antique\/glaive-romain-type-pompei\/"]}]},{"@type":"ImageObject","inLanguage":"it-IT","@id":"https:\/\/repliquemangacine.fr\/epees-glaives-antique\/glaive-romain-type-pompei\/#primaryimage","url":"https:\/\/repliquemangacine.fr\/wp-content\/uploads\/2023\/10\/2510-Glaive-legionnaire-Romain-Type-Pompei.jpg","contentUrl":"https:\/\/repliquemangacine.fr\/wp-content\/uploads\/2023\/10\/2510-Glaive-legionnaire-Romain-Type-Pompei.jpg","width":600,"height":600,"caption":"Glaive Romain Type Pompe\u00ef"},{"@type":"BreadcrumbList","@id":"https:\/\/repliquemangacine.fr\/epees-glaives-antique\/glaive-romain-type-pompei\/#breadcrumb","itemListElement":[{"@type":"ListItem","position":1,"name":"Accueil","item":"https:\/\/repliquemangacine.fr\/"},{"@type":"ListItem","position":2,"name":"Produits","item":"https:\/\/repliquemangacine.fr\/boutique\/"},{"@type":"ListItem","position":3,"name":"Glaive Romain Type Pompe\u00ef"}]},{"@type":"WebSite","@id":"https:\/\/repliquemangacine.fr\/#website","url":"https:\/\/repliquemangacine.fr\/","name":"R\u00e9plique Manga Cin\u00e9","description":"","publisher":{"@id":"https:\/\/repliquemangacine.fr\/#organization"},"potentialAction":[{"@type":"SearchAction","target":{"@type":"EntryPoint","urlTemplate":"https:\/\/repliquemangacine.fr\/?s={search_term_string}"},"query-input":{"@type":"PropertyValueSpecification","valueRequired":true,"valueName":"search_term_string"}}],"inLanguage":"it-IT"},{"@type":"Organization","@id":"https:\/\/repliquemangacine.fr\/#organization","name":"R\u00e9plique Manga Cin\u00e9","url":"https:\/\/repliquemangacine.fr\/","logo":{"@type":"ImageObject","inLanguage":"it-IT","@id":"https:\/\/repliquemangacine.fr\/#\/schema\/logo\/image\/","url":"https:\/\/repliquemangacine.fr\/wp-content\/uploads\/2023\/10\/RMC-500250.png","contentUrl":"https:\/\/repliquemangacine.fr\/wp-content\/uploads\/2023\/10\/RMC-500250.png","width":500,"height":250,"caption":"R\u00e9plique Manga Cin\u00e9"},"image":{"@id":"https:\/\/repliquemangacine.fr\/#\/schema\/logo\/image\/"},"sameAs":["https:\/\/www.facebook.com\/RepliqueMangaCine","https:\/\/www.instagram.com\/repliquemangacine.fr\/"]}]}},"_links":{"self":[{"href":"https:\/\/repliquemangacine.fr\/it\/wp-json\/wp\/v2\/product\/27753","targetHints":{"allow":["GET"]}}],"collection":[{"href":"https:\/\/repliquemangacine.fr\/it\/wp-json\/wp\/v2\/product"}],"about":[{"href":"https:\/\/repliquemangacine.fr\/it\/wp-json\/wp\/v2\/types\/product"}],"wp:featuredmedia":[{"embeddable":true,"href":"https:\/\/repliquemangacine.fr\/it\/wp-json\/wp\/v2\/media\/27754"}],"wp:attachment":[{"href":"https:\/\/repliquemangacine.fr\/it\/wp-json\/wp\/v2\/media?parent=27753"}],"wp:term":[{"taxonomy":"product_brand","embeddable":true,"href":"https:\/\/repliquemangacine.fr\/it\/wp-json\/wp\/v2\/product_brand?post=27753"},{"taxonomy":"product_cat","embeddable":true,"href":"https:\/\/repliquemangacine.fr\/it\/wp-json\/wp\/v2\/product_cat?post=27753"},{"taxonomy":"product_tag","embeddable":true,"href":"https:\/\/repliquemangacine.fr\/it\/wp-json\/wp\/v2\/product_tag?post=27753"}],"curies":[{"name":"wp","href":"https:\/\/api.w.org\/{rel}","templated":true}]}}