





{"id":27728,"date":"2018-03-23T17:48:17","date_gmt":"2018-03-23T16:48:17","guid":{"rendered":"https:\/\/repliquemangacine.fr\/?post_type=product&#038;p=27728"},"modified":"2025-09-23T18:01:59","modified_gmt":"2025-09-23T16:01:59","slug":"spada-pratica-da-combattimento-medievale","status":"publish","type":"product","link":"https:\/\/repliquemangacine.fr\/it\/epee-templier-medievale\/epee-de-frappe-medievale-practical-epee-de-combat\/","title":{"rendered":"Spada medievale Pratica"},"content":{"rendered":"<h2>Replica della spada da scherma medievale<\/h2>\n<p>Per cominciare, questo <strong>Spada medievale<\/strong> La categoria SK-C offre ai rievocatori alle prime armi un'opportunit\u00e0 economica ma sicura di possedere una spada pronta per il combattimento e di eseguire i primi esercizi di base.<\/p>\n<p>Le spade sono ideali per chi desidera possedere una spada pronta per la battaglia ma non la usa spesso, ad esempio gli arcieri. Le lame non sono particolarmente dure e, quando si combatte con una lama pi\u00f9 dura, si possono verificare delle scalfitture.<\/p>\n<p>La spada \u00e8 l'arma emblematica del Medioevo. Grazie a secoli di patrimonio tecnico empirico, la sua fabbricazione \u00e8 progredita in termini di quantit\u00e0 e qualit\u00e0.<\/p>\n<h2>La vostra spada medievale al miglior prezzo<\/h2>\n<p>Offriamo un'ampia gamma di repliche di epoca medievale.<\/p>\n<p>Innanzitutto,<\/p>\n<ul>\n<li>L'<a href=\"https:\/\/repliquemangacine.fr\/it\/riproduzioni-medievali\/excalibur-re-arthur-spada-leggendaria\/\">la leggendaria spada Excalibur<\/a> del marchio King Arthur <a href=\"https:\/\/www.denix.fr\/\" target=\"_blank\" rel=\"noopener noreferrer\">Denix<\/a>.<\/li>\n<li>Ma anche la replica del<a href=\"https:\/\/repliquemangacine.fr\/it\/spada-medievale\/spada-da-cerimonia-templare\/\">Spada cerimoniale templare<\/a> finemente decorato.<\/li>\n<li>E molti altri da scoprire nel nostro negozio online!<\/li>\n<\/ul>\n<p>Ecco perch\u00e9 \u00e8 un'ottima idea regalo per tutti coloro che amano il Medioevo.<\/p>\n<p>In conclusione, \u00e8 possibile utilizzare questo <strong>Spada medievale<\/strong> per le vostre ricostruzioni storiche.<\/p>\n<p>Ma soprattutto, questa spada \u00e8 anche un oggetto da collezione e un pezzo decorativo.<\/p>\n<p>R\u00e9plique Manga Cin\u00e9 \u00e8 un'azienda familiare francese.<\/p>\n<h2>Come faccio a mantenere la lama della mia spada da combattimento?<\/h2>\n<p>Le spade da collezione e decorative sono realizzate e assemblate in modo semplificato. Poich\u00e9 il loro uso \u00e8 decorativo, non hanno le caratteristiche di sicurezza richieste per una spada giapponese destinata all'allenamento.<\/p>\n<p>Tuttavia, il vostro <strong>Spada medievale<\/strong> a una lama d'acciaio che deve essere mantenuta per evitare che si danneggi nel tempo. Quando si espone la spada, gli amici saranno curiosi di vedere la lama e di toccarla. \u00c8 qui che bisogna fare attenzione, perch\u00e9 l'acidit\u00e0 delle dita \u00e8 molto dannosa per l'acciaio, qualunque sia la sua qualit\u00e0.<\/p>\n<p>Tuttavia, se ci\u00f2 dovesse accadere, niente panico: basta un panno inumidito con un po' d'olio per eliminare le impronte. In questo modo, la spada durer\u00e0 a lungo.<\/p>","protected":false},"excerpt":{"rendered":"<p>Replica della spada da combattimento medievale a una mano.<\/p>\n<ul>\n<li>Appositamente studiato per i principianti dell'allenamento al combattimento.<\/li>\n<li>Lama in acciaio al carbonio.<\/li>\n<li>Lama smussata con punta arrotondata.<\/li>\n<li>Durezza inferiore a 48 HRC.<\/li>\n<li>Elsa e pomo in acciaio.<\/li>\n<li>Manico rivestito in pelle marrone.<\/li>\n<li>Lunghezza totale: 93 cm - Lunghezza lama: 76 cm<\/li>\n<li>Punto di equilibrio: circa 12 cm dall'elsa - Peso: 1450 grammi<\/li>\n<\/ul>\n<p><strong>\u00a0<\/strong><\/p>","protected":false},"featured_media":27729,"template":"","meta":[],"product_brand":[896],"product_cat":[25,84,43],"product_tag":[],"class_list":{"0":"post-27728","1":"product","2":"type-product","3":"status-publish","4":"has-post-thumbnail","6":"product_brand-replique-manga-cine","7":"product_cat-armes-historiques","8":"product_cat-epee-templier-medievale","9":"product_cat-reproductions-d-armes-et-accessoires-medievales","11":"first","12":"instock","13":"taxable","14":"shipping-taxable","15":"purchasable","16":"product-type-simple"},"yoast_head":"<!-- This site is optimized with the Yoast SEO plugin v27.4 - https:\/\/yoast.com\/product\/yoast-seo-wordpress\/ -->\n<title>Ep\u00e9e de Frappe M\u00e9di\u00e9vale- Ep\u00e9e de combat | RepliqueMangaCine<\/title>\n<meta name=\"description\" content=\"D\u00e9couvrez cette Ep\u00e9e de Frappe M\u00e9di\u00e9vale au meilleur prix - Lame en Acier carbone - Duret\u00e9 - 48HRC - Poign\u00e9e cuir - Longueur totale : 93 cm\" \/>\n<meta name=\"robots\" content=\"index, follow, max-snippet:-1, max-image-preview:large, max-video-preview:-1\" \/>\n<link rel=\"canonical\" href=\"https:\/\/repliquemangacine.fr\/it\/spada-templare-medievale\/spada-pratica-da-combattimento-medievale\/\" \/>\n<meta property=\"og:locale\" content=\"it_IT\" \/>\n<meta property=\"og:type\" content=\"article\" \/>\n<meta property=\"og:title\" content=\"Ep\u00e9e de Frappe M\u00e9di\u00e9vale- Ep\u00e9e de combat | RepliqueMangaCine\" \/>\n<meta property=\"og:description\" content=\"D\u00e9couvrez cette Ep\u00e9e de Frappe M\u00e9di\u00e9vale au meilleur prix - Lame en Acier carbone - Duret\u00e9 - 48HRC - Poign\u00e9e cuir - Longueur totale : 93 cm\" \/>\n<meta property=\"og:url\" content=\"https:\/\/repliquemangacine.fr\/it\/spada-templare-medievale\/spada-pratica-da-combattimento-medievale\/\" \/>\n<meta property=\"og:site_name\" content=\"R\u00e9plique Manga Cin\u00e9\" \/>\n<meta property=\"article:publisher\" content=\"https:\/\/www.facebook.com\/RepliqueMangaCine\" \/>\n<meta property=\"article:modified_time\" content=\"2025-09-23T16:01:59+00:00\" \/>\n<meta property=\"og:image\" content=\"https:\/\/repliquemangacine.fr\/wp-content\/uploads\/2023\/10\/2491-Epee-Medievale-a-une-main-Practicallame.jpg\" \/>\n\t<meta property=\"og:image:width\" content=\"600\" \/>\n\t<meta property=\"og:image:height\" content=\"600\" \/>\n\t<meta property=\"og:image:type\" content=\"image\/jpeg\" \/>\n<meta name=\"twitter:card\" content=\"summary_large_image\" \/>\n<meta name=\"twitter:label1\" content=\"Tempo di lettura stimato\" \/>\n\t<meta name=\"twitter:data1\" content=\"2 minuti\" \/>\n<script type=\"application\/ld+json\" class=\"yoast-schema-graph\">{\"@context\":\"https:\\\/\\\/schema.org\",\"@graph\":[{\"@type\":\"WebPage\",\"@id\":\"https:\\\/\\\/repliquemangacine.fr\\\/epee-templier-medievale\\\/epee-de-frappe-medievale-practical-epee-de-combat\\\/\",\"url\":\"https:\\\/\\\/repliquemangacine.fr\\\/epee-templier-medievale\\\/epee-de-frappe-medievale-practical-epee-de-combat\\\/\",\"name\":\"Ep\u00e9e de Frappe M\u00e9di\u00e9vale- Ep\u00e9e de combat | RepliqueMangaCine\",\"isPartOf\":{\"@id\":\"https:\\\/\\\/repliquemangacine.fr\\\/#website\"},\"primaryImageOfPage\":{\"@id\":\"https:\\\/\\\/repliquemangacine.fr\\\/epee-templier-medievale\\\/epee-de-frappe-medievale-practical-epee-de-combat\\\/#primaryimage\"},\"image\":{\"@id\":\"https:\\\/\\\/repliquemangacine.fr\\\/epee-templier-medievale\\\/epee-de-frappe-medievale-practical-epee-de-combat\\\/#primaryimage\"},\"thumbnailUrl\":\"https:\\\/\\\/repliquemangacine.fr\\\/wp-content\\\/uploads\\\/2023\\\/10\\\/2491-Epee-Medievale-a-une-main-Practicallame.jpg\",\"datePublished\":\"2018-03-23T16:48:17+00:00\",\"dateModified\":\"2025-09-23T16:01:59+00:00\",\"description\":\"D\u00e9couvrez cette Ep\u00e9e de Frappe M\u00e9di\u00e9vale au meilleur prix - Lame en Acier carbone - Duret\u00e9 - 48HRC - Poign\u00e9e cuir - Longueur totale : 93 cm\",\"breadcrumb\":{\"@id\":\"https:\\\/\\\/repliquemangacine.fr\\\/epee-templier-medievale\\\/epee-de-frappe-medievale-practical-epee-de-combat\\\/#breadcrumb\"},\"inLanguage\":\"it-IT\",\"potentialAction\":[{\"@type\":\"ReadAction\",\"target\":[\"https:\\\/\\\/repliquemangacine.fr\\\/epee-templier-medievale\\\/epee-de-frappe-medievale-practical-epee-de-combat\\\/\"]}]},{\"@type\":\"ImageObject\",\"inLanguage\":\"it-IT\",\"@id\":\"https:\\\/\\\/repliquemangacine.fr\\\/epee-templier-medievale\\\/epee-de-frappe-medievale-practical-epee-de-combat\\\/#primaryimage\",\"url\":\"https:\\\/\\\/repliquemangacine.fr\\\/wp-content\\\/uploads\\\/2023\\\/10\\\/2491-Epee-Medievale-a-une-main-Practicallame.jpg\",\"contentUrl\":\"https:\\\/\\\/repliquemangacine.fr\\\/wp-content\\\/uploads\\\/2023\\\/10\\\/2491-Epee-Medievale-a-une-main-Practicallame.jpg\",\"width\":600,\"height\":600,\"caption\":\"Ep\u00e9e M\u00e9di\u00e9vale \u00e0 une main Practical+lame\"},{\"@type\":\"BreadcrumbList\",\"@id\":\"https:\\\/\\\/repliquemangacine.fr\\\/epee-templier-medievale\\\/epee-de-frappe-medievale-practical-epee-de-combat\\\/#breadcrumb\",\"itemListElement\":[{\"@type\":\"ListItem\",\"position\":1,\"name\":\"Accueil\",\"item\":\"https:\\\/\\\/repliquemangacine.fr\\\/\"},{\"@type\":\"ListItem\",\"position\":2,\"name\":\"Produits\",\"item\":\"https:\\\/\\\/repliquemangacine.fr\\\/boutique\\\/\"},{\"@type\":\"ListItem\",\"position\":3,\"name\":\"Ep\u00e9e M\u00e9di\u00e9vale Practical\"}]},{\"@type\":\"WebSite\",\"@id\":\"https:\\\/\\\/repliquemangacine.fr\\\/#website\",\"url\":\"https:\\\/\\\/repliquemangacine.fr\\\/\",\"name\":\"R\u00e9plique Manga Cin\u00e9\",\"description\":\"\",\"publisher\":{\"@id\":\"https:\\\/\\\/repliquemangacine.fr\\\/#organization\"},\"potentialAction\":[{\"@type\":\"SearchAction\",\"target\":{\"@type\":\"EntryPoint\",\"urlTemplate\":\"https:\\\/\\\/repliquemangacine.fr\\\/?s={search_term_string}\"},\"query-input\":{\"@type\":\"PropertyValueSpecification\",\"valueRequired\":true,\"valueName\":\"search_term_string\"}}],\"inLanguage\":\"it-IT\"},{\"@type\":\"Organization\",\"@id\":\"https:\\\/\\\/repliquemangacine.fr\\\/#organization\",\"name\":\"R\u00e9plique Manga Cin\u00e9\",\"url\":\"https:\\\/\\\/repliquemangacine.fr\\\/\",\"logo\":{\"@type\":\"ImageObject\",\"inLanguage\":\"it-IT\",\"@id\":\"https:\\\/\\\/repliquemangacine.fr\\\/#\\\/schema\\\/logo\\\/image\\\/\",\"url\":\"https:\\\/\\\/repliquemangacine.fr\\\/wp-content\\\/uploads\\\/2023\\\/10\\\/RMC-500250.png\",\"contentUrl\":\"https:\\\/\\\/repliquemangacine.fr\\\/wp-content\\\/uploads\\\/2023\\\/10\\\/RMC-500250.png\",\"width\":500,\"height\":250,\"caption\":\"R\u00e9plique Manga Cin\u00e9\"},\"image\":{\"@id\":\"https:\\\/\\\/repliquemangacine.fr\\\/#\\\/schema\\\/logo\\\/image\\\/\"},\"sameAs\":[\"https:\\\/\\\/www.facebook.com\\\/RepliqueMangaCine\",\"https:\\\/\\\/www.instagram.com\\\/repliquemangacine.fr\\\/\"]}]}<\/script>\n<!-- \/ Yoast SEO plugin. -->","yoast_head_json":{"title":"Spada da combattimento medievale | RepliqueMangaCine","description":"Scopri questa spada da scherma medievale al miglior prezzo - Lama in acciaio al carbonio - Durezza - 48HRC - Impugnatura in pelle - Lunghezza totale: 93 cm","robots":{"index":"index","follow":"follow","max-snippet":"max-snippet:-1","max-image-preview":"max-image-preview:large","max-video-preview":"max-video-preview:-1"},"canonical":"https:\/\/repliquemangacine.fr\/it\/spada-templare-medievale\/spada-pratica-da-combattimento-medievale\/","og_locale":"it_IT","og_type":"article","og_title":"Ep\u00e9e de Frappe M\u00e9di\u00e9vale- Ep\u00e9e de combat | RepliqueMangaCine","og_description":"D\u00e9couvrez cette Ep\u00e9e de Frappe M\u00e9di\u00e9vale au meilleur prix - Lame en Acier carbone - Duret\u00e9 - 48HRC - Poign\u00e9e cuir - Longueur totale : 93 cm","og_url":"https:\/\/repliquemangacine.fr\/it\/spada-templare-medievale\/spada-pratica-da-combattimento-medievale\/","og_site_name":"R\u00e9plique Manga Cin\u00e9","article_publisher":"https:\/\/www.facebook.com\/RepliqueMangaCine","article_modified_time":"2025-09-23T16:01:59+00:00","og_image":[{"width":600,"height":600,"url":"https:\/\/repliquemangacine.fr\/wp-content\/uploads\/2023\/10\/2491-Epee-Medievale-a-une-main-Practicallame.jpg","type":"image\/jpeg"}],"twitter_card":"summary_large_image","twitter_misc":{"Tempo di lettura stimato":"2 minuti"},"schema":{"@context":"https:\/\/schema.org","@graph":[{"@type":"WebPage","@id":"https:\/\/repliquemangacine.fr\/epee-templier-medievale\/epee-de-frappe-medievale-practical-epee-de-combat\/","url":"https:\/\/repliquemangacine.fr\/epee-templier-medievale\/epee-de-frappe-medievale-practical-epee-de-combat\/","name":"Spada da combattimento medievale | RepliqueMangaCine","isPartOf":{"@id":"https:\/\/repliquemangacine.fr\/#website"},"primaryImageOfPage":{"@id":"https:\/\/repliquemangacine.fr\/epee-templier-medievale\/epee-de-frappe-medievale-practical-epee-de-combat\/#primaryimage"},"image":{"@id":"https:\/\/repliquemangacine.fr\/epee-templier-medievale\/epee-de-frappe-medievale-practical-epee-de-combat\/#primaryimage"},"thumbnailUrl":"https:\/\/repliquemangacine.fr\/wp-content\/uploads\/2023\/10\/2491-Epee-Medievale-a-une-main-Practicallame.jpg","datePublished":"2018-03-23T16:48:17+00:00","dateModified":"2025-09-23T16:01:59+00:00","description":"Scopri questa spada da scherma medievale al miglior prezzo - Lama in acciaio al carbonio - Durezza - 48HRC - Impugnatura in pelle - Lunghezza totale: 93 cm","breadcrumb":{"@id":"https:\/\/repliquemangacine.fr\/epee-templier-medievale\/epee-de-frappe-medievale-practical-epee-de-combat\/#breadcrumb"},"inLanguage":"it-IT","potentialAction":[{"@type":"ReadAction","target":["https:\/\/repliquemangacine.fr\/epee-templier-medievale\/epee-de-frappe-medievale-practical-epee-de-combat\/"]}]},{"@type":"ImageObject","inLanguage":"it-IT","@id":"https:\/\/repliquemangacine.fr\/epee-templier-medievale\/epee-de-frappe-medievale-practical-epee-de-combat\/#primaryimage","url":"https:\/\/repliquemangacine.fr\/wp-content\/uploads\/2023\/10\/2491-Epee-Medievale-a-une-main-Practicallame.jpg","contentUrl":"https:\/\/repliquemangacine.fr\/wp-content\/uploads\/2023\/10\/2491-Epee-Medievale-a-une-main-Practicallame.jpg","width":600,"height":600,"caption":"Ep\u00e9e M\u00e9di\u00e9vale \u00e0 une main Practical+lame"},{"@type":"BreadcrumbList","@id":"https:\/\/repliquemangacine.fr\/epee-templier-medievale\/epee-de-frappe-medievale-practical-epee-de-combat\/#breadcrumb","itemListElement":[{"@type":"ListItem","position":1,"name":"Accueil","item":"https:\/\/repliquemangacine.fr\/"},{"@type":"ListItem","position":2,"name":"Produits","item":"https:\/\/repliquemangacine.fr\/boutique\/"},{"@type":"ListItem","position":3,"name":"Ep\u00e9e M\u00e9di\u00e9vale Practical"}]},{"@type":"WebSite","@id":"https:\/\/repliquemangacine.fr\/#website","url":"https:\/\/repliquemangacine.fr\/","name":"R\u00e9plique Manga Cin\u00e9","description":"","publisher":{"@id":"https:\/\/repliquemangacine.fr\/#organization"},"potentialAction":[{"@type":"SearchAction","target":{"@type":"EntryPoint","urlTemplate":"https:\/\/repliquemangacine.fr\/?s={search_term_string}"},"query-input":{"@type":"PropertyValueSpecification","valueRequired":true,"valueName":"search_term_string"}}],"inLanguage":"it-IT"},{"@type":"Organization","@id":"https:\/\/repliquemangacine.fr\/#organization","name":"R\u00e9plique Manga Cin\u00e9","url":"https:\/\/repliquemangacine.fr\/","logo":{"@type":"ImageObject","inLanguage":"it-IT","@id":"https:\/\/repliquemangacine.fr\/#\/schema\/logo\/image\/","url":"https:\/\/repliquemangacine.fr\/wp-content\/uploads\/2023\/10\/RMC-500250.png","contentUrl":"https:\/\/repliquemangacine.fr\/wp-content\/uploads\/2023\/10\/RMC-500250.png","width":500,"height":250,"caption":"R\u00e9plique Manga Cin\u00e9"},"image":{"@id":"https:\/\/repliquemangacine.fr\/#\/schema\/logo\/image\/"},"sameAs":["https:\/\/www.facebook.com\/RepliqueMangaCine","https:\/\/www.instagram.com\/repliquemangacine.fr\/"]}]}},"_links":{"self":[{"href":"https:\/\/repliquemangacine.fr\/it\/wp-json\/wp\/v2\/product\/27728","targetHints":{"allow":["GET"]}}],"collection":[{"href":"https:\/\/repliquemangacine.fr\/it\/wp-json\/wp\/v2\/product"}],"about":[{"href":"https:\/\/repliquemangacine.fr\/it\/wp-json\/wp\/v2\/types\/product"}],"wp:featuredmedia":[{"embeddable":true,"href":"https:\/\/repliquemangacine.fr\/it\/wp-json\/wp\/v2\/media\/27729"}],"wp:attachment":[{"href":"https:\/\/repliquemangacine.fr\/it\/wp-json\/wp\/v2\/media?parent=27728"}],"wp:term":[{"taxonomy":"product_brand","embeddable":true,"href":"https:\/\/repliquemangacine.fr\/it\/wp-json\/wp\/v2\/product_brand?post=27728"},{"taxonomy":"product_cat","embeddable":true,"href":"https:\/\/repliquemangacine.fr\/it\/wp-json\/wp\/v2\/product_cat?post=27728"},{"taxonomy":"product_tag","embeddable":true,"href":"https:\/\/repliquemangacine.fr\/it\/wp-json\/wp\/v2\/product_tag?post=27728"}],"curies":[{"name":"wp","href":"https:\/\/api.w.org\/{rel}","templated":true}]}}