





{"id":27724,"date":"2018-03-22T18:11:37","date_gmt":"2018-03-22T17:11:37","guid":{"rendered":"https:\/\/repliquemangacine.fr\/?post_type=product&#038;p=27724"},"modified":"2025-09-23T18:01:59","modified_gmt":"2025-09-23T16:01:59","slug":"spada-pratica-da-combattimento-vichinga","status":"publish","type":"product","link":"https:\/\/repliquemangacine.fr\/it\/epees-serie-tv-vikings\/epee-viking-practical-de-combat\/","title":{"rendered":"Spada vichinga pratica"},"content":{"rendered":"<h2>Spada da combattimento vichinga categoria SK-C<\/h2>\n<p>Per cominciare, questo <strong>Spada da combattimento vichinga<\/strong> La categoria SK-C offre ai rievocatori alle prime armi l'opportunit\u00e0 di possedere una spada propria e di eseguire i primi esercizi di base a costi contenuti ma in tutta sicurezza.<\/p>\n<p>Per oltre 100 anni, i Vichinghi compirono numerose incursioni mortali in Francia. Questi guerrieri norvegesi ottennero molte vittorie. Si stabilirono anche in modo permanente in Normandia.<\/p>\n<p>Notevoli navigatori, i Vichinghi si spinsero fino alla penisola iberica nell'844. I Vichinghi entrarono nel Mediterraneo attraverso lo Stretto di Gibilterra.<\/p>\n<p>Conosciuti come temibili guerrieri, i Vichinghi non riuscirono mai a formare un vero e proprio esercito. Le loro tattiche predatorie non possono essere attribuite a un'arte militare che non padroneggiavano.<\/p>\n<h2>La vostra spada da combattimento vichinga al miglior prezzo.<\/h2>\n<p>Offriamo un'ampia gamma di spade, elmi e scudi dell'epoca vichinga.<\/p>\n<p>Innanzitutto,<\/p>\n<ul>\n<li>questo <a href=\"https:\/\/repliquemangacine.fr\/it\/vichingo\/spada-vichinga-hedeby-9-secolo\/\">Spada vichinga Hedeby<\/a> ricostruito dopo una scoperta archeologica.<\/li>\n<li>C'\u00e8 anche la Spada<a href=\"https:\/\/repliquemangacine.fr\/it\/vichingo\/spada-vichinga-torshov-9-10-secolo-pratico\/\"> Vichingo Torshov<\/a> sulla base di una scoperta a Torshov.<\/li>\n<li>E molti altri ancora!<\/li>\n<li>Se state cercando un braccialetto, un anello o addirittura un tatuaggio, date un'occhiata al nostro negozio partner. <a href=\"https:\/\/www.viking-clan.com\/\" target=\"_blank\" rel=\"noopener noreferrer\">Clan vichingo<\/a>.<\/li>\n<\/ul>\n<p>Ecco quindi un'ottima idea regalo per i fan della famosa serie Vikings.<\/p>\n<p>In conclusione, potete usare questa spada anche per le vostre sfilate cosplay o per le rievocazioni storiche. Ma soprattutto, la\u2019<strong>Spada da combattimento vichinga<\/strong>\u00c8 un oggetto da collezione e un oggetto decorativo per i non combattenti.<\/p>\n<h2>Come faccio a mantenere la lama della mia spada?<\/h2>\n<p>Le spade da collezione e decorative sono realizzate e assemblate in modo semplificato. Poich\u00e9 il loro uso \u00e8 decorativo, non hanno le caratteristiche di sicurezza richieste per una spada giapponese destinata all'allenamento.<\/p>\n<p>Tuttavia, il vostro <strong>Spada da combattimento vichinga<\/strong> a una lama d'acciaio che deve essere curata per evitare che si danneggi nel tempo. Quando si espone la katana, gli amici saranno curiosi di vedere la lama e di toccarla. \u00c8 qui che bisogna fare attenzione, perch\u00e9 l'acidit\u00e0 delle dita \u00e8 molto dannosa per l'acciaio, indipendentemente dalla sua qualit\u00e0.<\/p>\n<p>Tuttavia, se ci\u00f2 dovesse accadere, niente panico: basta un panno inumidito con un po' d'olio per eliminare le impronte. In questo modo, la spada durer\u00e0 a lungo.<\/p>","protected":false},"excerpt":{"rendered":"<p>Spada per principianti per l'allenamento al combattimento.<\/p>\n<ul>\n<li>Lama in acciaio al carbonio forgiato, smussata.<\/li>\n<li>Guardia e pomo in acciaio al carbonio.<\/li>\n<li>Manico rivestito in pelle nera.<\/li>\n<li>Lunghezza totale: 81 cm - Lunghezza lama: 65 cm - Punto di equilibrio: 12 cm dall'elsa<\/li>\n<\/ul>\n<p>&nbsp;<\/p>","protected":false},"featured_media":27725,"template":"","meta":[],"product_brand":[896],"product_cat":[25,84,112,24,43,103,57],"product_tag":[],"class_list":{"0":"post-27724","1":"product","2":"type-product","3":"status-publish","4":"has-post-thumbnail","6":"product_brand-replique-manga-cine","7":"product_cat-armes-historiques","8":"product_cat-epee-templier-medievale","9":"product_cat-epees-serie-tv-vikings","10":"product_cat-films-series-tv-vente-de-katana-epee-et-produits-derives","11":"product_cat-reproductions-d-armes-et-accessoires-medievales","12":"product_cat-armes-et-accessoires-vikings","13":"product_cat-armes-vikings","15":"first","16":"instock","17":"taxable","18":"shipping-taxable","19":"purchasable","20":"product-type-simple"},"yoast_head":"<!-- This site is optimized with the Yoast SEO plugin v27.4 - https:\/\/yoast.com\/product\/yoast-seo-wordpress\/ -->\n<title>Ep\u00e9e de combat Viking - Vente en ligne d&#039;Ep\u00e9es Vikings | RMC<\/title>\n<meta name=\"description\" content=\"En exclusivit\u00e9 ! Cette superbe Ep\u00e9e de combat Viking pour d\u00e9butant au meilleur prix. Lame \u00e9mouss\u00e9e en acier forg\u00e9 main - Poign\u00e9e en cuir - Longueur : 81 cm\" \/>\n<meta name=\"robots\" content=\"index, follow, max-snippet:-1, max-image-preview:large, max-video-preview:-1\" \/>\n<link rel=\"canonical\" href=\"https:\/\/repliquemangacine.fr\/it\/spade-serie-tv-vichinghi\/spada-pratica-da-combattimento-vichinga\/\" \/>\n<meta property=\"og:locale\" content=\"it_IT\" \/>\n<meta property=\"og:type\" content=\"article\" \/>\n<meta property=\"og:title\" content=\"Ep\u00e9e de combat Viking - Vente en ligne d&#039;Ep\u00e9es Vikings | RMC\" \/>\n<meta property=\"og:description\" content=\"En exclusivit\u00e9 ! Cette superbe Ep\u00e9e de combat Viking pour d\u00e9butant au meilleur prix. Lame \u00e9mouss\u00e9e en acier forg\u00e9 main - Poign\u00e9e en cuir - Longueur : 81 cm\" \/>\n<meta property=\"og:url\" content=\"https:\/\/repliquemangacine.fr\/it\/spade-serie-tv-vichinghi\/spada-pratica-da-combattimento-vichinga\/\" \/>\n<meta property=\"og:site_name\" content=\"R\u00e9plique Manga Cin\u00e9\" \/>\n<meta property=\"article:publisher\" content=\"https:\/\/www.facebook.com\/RepliqueMangaCine\" \/>\n<meta property=\"article:modified_time\" content=\"2025-09-23T16:01:59+00:00\" \/>\n<meta property=\"og:image\" content=\"https:\/\/repliquemangacine.fr\/wp-content\/uploads\/2023\/10\/2488-Epee-Viking-practical-debutant.jpg\" \/>\n\t<meta property=\"og:image:width\" content=\"600\" \/>\n\t<meta property=\"og:image:height\" content=\"600\" \/>\n\t<meta property=\"og:image:type\" content=\"image\/jpeg\" \/>\n<meta name=\"twitter:card\" content=\"summary_large_image\" \/>\n<meta name=\"twitter:label1\" content=\"Tempo di lettura stimato\" \/>\n\t<meta name=\"twitter:data1\" content=\"2 minuti\" \/>\n<script type=\"application\/ld+json\" class=\"yoast-schema-graph\">{\"@context\":\"https:\\\/\\\/schema.org\",\"@graph\":[{\"@type\":\"WebPage\",\"@id\":\"https:\\\/\\\/repliquemangacine.fr\\\/epees-serie-tv-vikings\\\/epee-viking-practical-de-combat\\\/\",\"url\":\"https:\\\/\\\/repliquemangacine.fr\\\/epees-serie-tv-vikings\\\/epee-viking-practical-de-combat\\\/\",\"name\":\"Ep\u00e9e de combat Viking - Vente en ligne d'Ep\u00e9es Vikings | RMC\",\"isPartOf\":{\"@id\":\"https:\\\/\\\/repliquemangacine.fr\\\/#website\"},\"primaryImageOfPage\":{\"@id\":\"https:\\\/\\\/repliquemangacine.fr\\\/epees-serie-tv-vikings\\\/epee-viking-practical-de-combat\\\/#primaryimage\"},\"image\":{\"@id\":\"https:\\\/\\\/repliquemangacine.fr\\\/epees-serie-tv-vikings\\\/epee-viking-practical-de-combat\\\/#primaryimage\"},\"thumbnailUrl\":\"https:\\\/\\\/repliquemangacine.fr\\\/wp-content\\\/uploads\\\/2023\\\/10\\\/2488-Epee-Viking-practical-debutant.jpg\",\"datePublished\":\"2018-03-22T17:11:37+00:00\",\"dateModified\":\"2025-09-23T16:01:59+00:00\",\"description\":\"En exclusivit\u00e9 ! Cette superbe Ep\u00e9e de combat Viking pour d\u00e9butant au meilleur prix. Lame \u00e9mouss\u00e9e en acier forg\u00e9 main - Poign\u00e9e en cuir - Longueur : 81 cm\",\"breadcrumb\":{\"@id\":\"https:\\\/\\\/repliquemangacine.fr\\\/epees-serie-tv-vikings\\\/epee-viking-practical-de-combat\\\/#breadcrumb\"},\"inLanguage\":\"it-IT\",\"potentialAction\":[{\"@type\":\"ReadAction\",\"target\":[\"https:\\\/\\\/repliquemangacine.fr\\\/epees-serie-tv-vikings\\\/epee-viking-practical-de-combat\\\/\"]}]},{\"@type\":\"ImageObject\",\"inLanguage\":\"it-IT\",\"@id\":\"https:\\\/\\\/repliquemangacine.fr\\\/epees-serie-tv-vikings\\\/epee-viking-practical-de-combat\\\/#primaryimage\",\"url\":\"https:\\\/\\\/repliquemangacine.fr\\\/wp-content\\\/uploads\\\/2023\\\/10\\\/2488-Epee-Viking-practical-debutant.jpg\",\"contentUrl\":\"https:\\\/\\\/repliquemangacine.fr\\\/wp-content\\\/uploads\\\/2023\\\/10\\\/2488-Epee-Viking-practical-debutant.jpg\",\"width\":600,\"height\":600,\"caption\":\"Ep\u00e9e Viking practical debutant\"},{\"@type\":\"BreadcrumbList\",\"@id\":\"https:\\\/\\\/repliquemangacine.fr\\\/epees-serie-tv-vikings\\\/epee-viking-practical-de-combat\\\/#breadcrumb\",\"itemListElement\":[{\"@type\":\"ListItem\",\"position\":1,\"name\":\"Accueil\",\"item\":\"https:\\\/\\\/repliquemangacine.fr\\\/\"},{\"@type\":\"ListItem\",\"position\":2,\"name\":\"Produits\",\"item\":\"https:\\\/\\\/repliquemangacine.fr\\\/boutique\\\/\"},{\"@type\":\"ListItem\",\"position\":3,\"name\":\"Ep\u00e9e Practical Viking\"}]},{\"@type\":\"WebSite\",\"@id\":\"https:\\\/\\\/repliquemangacine.fr\\\/#website\",\"url\":\"https:\\\/\\\/repliquemangacine.fr\\\/\",\"name\":\"R\u00e9plique Manga Cin\u00e9\",\"description\":\"\",\"publisher\":{\"@id\":\"https:\\\/\\\/repliquemangacine.fr\\\/#organization\"},\"potentialAction\":[{\"@type\":\"SearchAction\",\"target\":{\"@type\":\"EntryPoint\",\"urlTemplate\":\"https:\\\/\\\/repliquemangacine.fr\\\/?s={search_term_string}\"},\"query-input\":{\"@type\":\"PropertyValueSpecification\",\"valueRequired\":true,\"valueName\":\"search_term_string\"}}],\"inLanguage\":\"it-IT\"},{\"@type\":\"Organization\",\"@id\":\"https:\\\/\\\/repliquemangacine.fr\\\/#organization\",\"name\":\"R\u00e9plique Manga Cin\u00e9\",\"url\":\"https:\\\/\\\/repliquemangacine.fr\\\/\",\"logo\":{\"@type\":\"ImageObject\",\"inLanguage\":\"it-IT\",\"@id\":\"https:\\\/\\\/repliquemangacine.fr\\\/#\\\/schema\\\/logo\\\/image\\\/\",\"url\":\"https:\\\/\\\/repliquemangacine.fr\\\/wp-content\\\/uploads\\\/2023\\\/10\\\/RMC-500250.png\",\"contentUrl\":\"https:\\\/\\\/repliquemangacine.fr\\\/wp-content\\\/uploads\\\/2023\\\/10\\\/RMC-500250.png\",\"width\":500,\"height\":250,\"caption\":\"R\u00e9plique Manga Cin\u00e9\"},\"image\":{\"@id\":\"https:\\\/\\\/repliquemangacine.fr\\\/#\\\/schema\\\/logo\\\/image\\\/\"},\"sameAs\":[\"https:\\\/\\\/www.facebook.com\\\/RepliqueMangaCine\",\"https:\\\/\\\/www.instagram.com\\\/repliquemangacine.fr\\\/\"]}]}<\/script>\n<!-- \/ Yoast SEO plugin. -->","yoast_head_json":{"title":"Spada vichinga - Vendita online di spade vichinghe | RMC","description":"Esclusivo! Questa superba spada da combattimento vichinga per principianti al miglior prezzo. Lama smussata in acciaio forgiato a mano - Impugnatura in pelle - Lunghezza: 81 cm","robots":{"index":"index","follow":"follow","max-snippet":"max-snippet:-1","max-image-preview":"max-image-preview:large","max-video-preview":"max-video-preview:-1"},"canonical":"https:\/\/repliquemangacine.fr\/it\/spade-serie-tv-vichinghi\/spada-pratica-da-combattimento-vichinga\/","og_locale":"it_IT","og_type":"article","og_title":"Ep\u00e9e de combat Viking - Vente en ligne d'Ep\u00e9es Vikings | RMC","og_description":"En exclusivit\u00e9 ! Cette superbe Ep\u00e9e de combat Viking pour d\u00e9butant au meilleur prix. Lame \u00e9mouss\u00e9e en acier forg\u00e9 main - Poign\u00e9e en cuir - Longueur : 81 cm","og_url":"https:\/\/repliquemangacine.fr\/it\/spade-serie-tv-vichinghi\/spada-pratica-da-combattimento-vichinga\/","og_site_name":"R\u00e9plique Manga Cin\u00e9","article_publisher":"https:\/\/www.facebook.com\/RepliqueMangaCine","article_modified_time":"2025-09-23T16:01:59+00:00","og_image":[{"width":600,"height":600,"url":"https:\/\/repliquemangacine.fr\/wp-content\/uploads\/2023\/10\/2488-Epee-Viking-practical-debutant.jpg","type":"image\/jpeg"}],"twitter_card":"summary_large_image","twitter_misc":{"Tempo di lettura stimato":"2 minuti"},"schema":{"@context":"https:\/\/schema.org","@graph":[{"@type":"WebPage","@id":"https:\/\/repliquemangacine.fr\/epees-serie-tv-vikings\/epee-viking-practical-de-combat\/","url":"https:\/\/repliquemangacine.fr\/epees-serie-tv-vikings\/epee-viking-practical-de-combat\/","name":"Spada vichinga - Vendita online di spade vichinghe | RMC","isPartOf":{"@id":"https:\/\/repliquemangacine.fr\/#website"},"primaryImageOfPage":{"@id":"https:\/\/repliquemangacine.fr\/epees-serie-tv-vikings\/epee-viking-practical-de-combat\/#primaryimage"},"image":{"@id":"https:\/\/repliquemangacine.fr\/epees-serie-tv-vikings\/epee-viking-practical-de-combat\/#primaryimage"},"thumbnailUrl":"https:\/\/repliquemangacine.fr\/wp-content\/uploads\/2023\/10\/2488-Epee-Viking-practical-debutant.jpg","datePublished":"2018-03-22T17:11:37+00:00","dateModified":"2025-09-23T16:01:59+00:00","description":"Esclusivo! Questa superba spada da combattimento vichinga per principianti al miglior prezzo. Lama smussata in acciaio forgiato a mano - Impugnatura in pelle - Lunghezza: 81 cm","breadcrumb":{"@id":"https:\/\/repliquemangacine.fr\/epees-serie-tv-vikings\/epee-viking-practical-de-combat\/#breadcrumb"},"inLanguage":"it-IT","potentialAction":[{"@type":"ReadAction","target":["https:\/\/repliquemangacine.fr\/epees-serie-tv-vikings\/epee-viking-practical-de-combat\/"]}]},{"@type":"ImageObject","inLanguage":"it-IT","@id":"https:\/\/repliquemangacine.fr\/epees-serie-tv-vikings\/epee-viking-practical-de-combat\/#primaryimage","url":"https:\/\/repliquemangacine.fr\/wp-content\/uploads\/2023\/10\/2488-Epee-Viking-practical-debutant.jpg","contentUrl":"https:\/\/repliquemangacine.fr\/wp-content\/uploads\/2023\/10\/2488-Epee-Viking-practical-debutant.jpg","width":600,"height":600,"caption":"Ep\u00e9e Viking practical debutant"},{"@type":"BreadcrumbList","@id":"https:\/\/repliquemangacine.fr\/epees-serie-tv-vikings\/epee-viking-practical-de-combat\/#breadcrumb","itemListElement":[{"@type":"ListItem","position":1,"name":"Accueil","item":"https:\/\/repliquemangacine.fr\/"},{"@type":"ListItem","position":2,"name":"Produits","item":"https:\/\/repliquemangacine.fr\/boutique\/"},{"@type":"ListItem","position":3,"name":"Ep\u00e9e Practical Viking"}]},{"@type":"WebSite","@id":"https:\/\/repliquemangacine.fr\/#website","url":"https:\/\/repliquemangacine.fr\/","name":"R\u00e9plique Manga Cin\u00e9","description":"","publisher":{"@id":"https:\/\/repliquemangacine.fr\/#organization"},"potentialAction":[{"@type":"SearchAction","target":{"@type":"EntryPoint","urlTemplate":"https:\/\/repliquemangacine.fr\/?s={search_term_string}"},"query-input":{"@type":"PropertyValueSpecification","valueRequired":true,"valueName":"search_term_string"}}],"inLanguage":"it-IT"},{"@type":"Organization","@id":"https:\/\/repliquemangacine.fr\/#organization","name":"R\u00e9plique Manga Cin\u00e9","url":"https:\/\/repliquemangacine.fr\/","logo":{"@type":"ImageObject","inLanguage":"it-IT","@id":"https:\/\/repliquemangacine.fr\/#\/schema\/logo\/image\/","url":"https:\/\/repliquemangacine.fr\/wp-content\/uploads\/2023\/10\/RMC-500250.png","contentUrl":"https:\/\/repliquemangacine.fr\/wp-content\/uploads\/2023\/10\/RMC-500250.png","width":500,"height":250,"caption":"R\u00e9plique Manga Cin\u00e9"},"image":{"@id":"https:\/\/repliquemangacine.fr\/#\/schema\/logo\/image\/"},"sameAs":["https:\/\/www.facebook.com\/RepliqueMangaCine","https:\/\/www.instagram.com\/repliquemangacine.fr\/"]}]}},"_links":{"self":[{"href":"https:\/\/repliquemangacine.fr\/it\/wp-json\/wp\/v2\/product\/27724","targetHints":{"allow":["GET"]}}],"collection":[{"href":"https:\/\/repliquemangacine.fr\/it\/wp-json\/wp\/v2\/product"}],"about":[{"href":"https:\/\/repliquemangacine.fr\/it\/wp-json\/wp\/v2\/types\/product"}],"wp:featuredmedia":[{"embeddable":true,"href":"https:\/\/repliquemangacine.fr\/it\/wp-json\/wp\/v2\/media\/27725"}],"wp:attachment":[{"href":"https:\/\/repliquemangacine.fr\/it\/wp-json\/wp\/v2\/media?parent=27724"}],"wp:term":[{"taxonomy":"product_brand","embeddable":true,"href":"https:\/\/repliquemangacine.fr\/it\/wp-json\/wp\/v2\/product_brand?post=27724"},{"taxonomy":"product_cat","embeddable":true,"href":"https:\/\/repliquemangacine.fr\/it\/wp-json\/wp\/v2\/product_cat?post=27724"},{"taxonomy":"product_tag","embeddable":true,"href":"https:\/\/repliquemangacine.fr\/it\/wp-json\/wp\/v2\/product_tag?post=27724"}],"curies":[{"name":"wp","href":"https:\/\/api.w.org\/{rel}","templated":true}]}}