





{"id":27719,"date":"2018-03-22T17:38:45","date_gmt":"2018-03-22T16:38:45","guid":{"rendered":"https:\/\/repliquemangacine.fr\/?post_type=product&#038;p=27719"},"modified":"2026-01-22T07:18:25","modified_gmt":"2026-01-22T06:18:25","slug":"replica-della-sciabola-degli-ufficiali-prussiani","status":"publish","type":"product","link":"https:\/\/repliquemangacine.fr\/it\/sabres-1er-empire\/replique-sabre-d-officiers-prussiens\/","title":{"rendered":"Sciabola degli ufficiali prussiani"},"content":{"rendered":"<h2>Spada degli ufficiali prussiani del 19\u1d49 secolo.<\/h2>\n<p>Per cominciare, il <strong>Sciabola degli ufficiali prussiani<\/strong>, nota come sciabola a testa di leone per la particolare forma del pomo, \u00e8 riservata ai collezionisti o alle rievocazioni non di combattimento.<\/p>\n<p>L'Esercito Reale Prussiano \u00e8 l'esercito del Regno di Prussia. Queste forze armate furono essenziali per affermare il Brandeburgo come una delle principali potenze europee.<\/p>\n<p>Fondato dalle piccole forze mercenarie del Brandeburgo durante la Guerra dei Trent'anni. L'esercito fu sopraffatto all'inizio delle guerre napoleoniche. I riformatori prussiani iniziarono allora a modernizzare l'esercito, che contribu\u00ec notevolmente alla sconfitta di Napoleone I nella Guerra della Sesta Coalizione.<\/p>\n<p>Il suo esercito divenne il cuore dell'esercito imperiale tedesco e fu trasformato dopo la prima guerra mondiale nella Reichswehr.<\/p>\n<h2>La tua sciabola per ufficiali prussiani al miglior prezzo.<\/h2>\n<p>Offriamo un'ampia gamma di riproduzioni di armi storiche.<\/p>\n<p>Innanzitutto,<\/p>\n<ul>\n<li>Le <a href=\"https:\/\/repliquemangacine.fr\/it\/armi-replica-1-impero\/pistola-napoleonica-mancina\/\">Pistola a pietra focaia Napoleone<\/a> con l'emblema N e la corona imperiale. Speciale per mancini <a href=\"https:\/\/www.denix.fr\/fr\/accueil-fr\/\" target=\"_blank\" rel=\"noopener noreferrer\">Denix<\/a>.<\/li>\n<li>Cos\u00ec come il<a href=\"https:\/\/repliquemangacine.fr\/it\/spade-del-1-impero\/spada-cerimoniale-napoleonica\/\">Spada da cerimonia napoleonica<\/a> con il famoso simbolo dell'aquila.<\/li>\n<li>C'\u00e8 anche questo <a href=\"https:\/\/repliquemangacine.fr\/it\/accessori-medievali\/staffa-a-parete-per-pistola-e-spada\/\">staffa a parete<\/a> due pezzi a forma di giglio per esporre pistole, fucili o spade.<\/li>\n<li>E molti altri da scoprire nel nostro negozio online!<\/li>\n<\/ul>\n<p>Ecco perch\u00e9 abbiamo pensato ad alcune idee regalo per gli appassionati di storia.<\/p>\n<p>In conclusione, \u00e8 possibile utilizzare questo <strong>Sciabola degli ufficiali prussiani<\/strong> per le vostre rievocazioni storiche o rappresentazioni teatrali. Ma soprattutto, questa spada \u00e8 un oggetto da collezione e un pezzo decorativo.<\/p>\n<h2>Come si mantiene la lama della propria spada storica?<\/h2>\n<p>Le spade da collezione e decorative sono realizzate e assemblate in modo semplificato. Poich\u00e9 il loro uso \u00e8 decorativo, non hanno le caratteristiche di sicurezza richieste per una spada giapponese destinata all'allenamento.<\/p>\n<p>Tuttavia, il vostro <strong>Sciabola degli ufficiali prussiani<\/strong> a una lama d'acciaio che deve essere curata per evitare che si danneggi nel tempo. Quando si espone la katana, gli amici saranno curiosi di vedere la lama e di toccarla. \u00c8 qui che bisogna fare attenzione, perch\u00e9 l'acidit\u00e0 delle dita \u00e8 molto dannosa per l'acciaio, indipendentemente dalla sua qualit\u00e0.<\/p>\n<p>Tuttavia, se ci\u00f2 dovesse accadere, niente panico: basta un panno inumidito con un po' d'olio per eliminare le impronte. In questo modo, la spada durer\u00e0 a lungo.<\/p>","protected":false},"excerpt":{"rendered":"<p>Replica della sciabola degli ufficiali prussiani.<\/p>\n<ul>\n<li>Lama non affilata in acciaio ad alto tenore di carbonio.<\/li>\n<li>Protezione in acciaio ottonato.<\/li>\n<li>Pomello a testa di leone in acciaio rivestito in ottone<\/li>\n<li>Manico rivestito in similpelle nera con filo dorato.<\/li>\n<li>Fodero in metallo.<\/li>\n<li>Lunghezza totale: 109 cm - Lunghezza lama: 94 cm - Peso: 1,5 kg<\/li>\n<\/ul>","protected":false},"featured_media":27720,"template":"","meta":[],"product_brand":[896],"product_cat":[25,37,74],"product_tag":[],"class_list":{"0":"post-27719","1":"product","2":"type-product","3":"status-publish","4":"has-post-thumbnail","6":"product_brand-replique-manga-cine","7":"product_cat-armes-historiques","8":"product_cat-premier-empire","9":"product_cat-sabres-1er-empire","11":"first","12":"instock","13":"taxable","14":"shipping-taxable","15":"purchasable","16":"product-type-simple"},"yoast_head":"<!-- This site is optimized with the Yoast SEO plugin v27.4 - https:\/\/yoast.com\/product\/yoast-seo-wordpress\/ -->\n<title>Sabre d&#039;officiers Prussiens - Vente Sabre T\u00eate de lion 19\u1d49 - RMC<\/title>\n<meta name=\"description\" content=\"D\u00e9couvrez le Sabre d&#039;officiers Prussiens du 19\u1d49 si\u00e8cle au meilleur prix - Lame en acier carbone - Poign\u00e9e en similicuir - Longueur totale : 109 cm\" \/>\n<meta name=\"robots\" content=\"index, follow, max-snippet:-1, max-image-preview:large, max-video-preview:-1\" \/>\n<link rel=\"canonical\" href=\"https:\/\/repliquemangacine.fr\/it\/spade-del-1-impero\/replica-della-sciabola-degli-ufficiali-prussiani\/\" \/>\n<meta property=\"og:locale\" content=\"it_IT\" \/>\n<meta property=\"og:type\" content=\"article\" \/>\n<meta property=\"og:title\" content=\"Sabre d&#039;officiers Prussiens - Vente Sabre T\u00eate de lion 19\u1d49 - RMC\" \/>\n<meta property=\"og:description\" content=\"D\u00e9couvrez le Sabre d&#039;officiers Prussiens du 19\u1d49 si\u00e8cle au meilleur prix - Lame en acier carbone - Poign\u00e9e en similicuir - Longueur totale : 109 cm\" \/>\n<meta property=\"og:url\" content=\"https:\/\/repliquemangacine.fr\/it\/spade-del-1-impero\/replica-della-sciabola-degli-ufficiali-prussiani\/\" \/>\n<meta property=\"og:site_name\" content=\"R\u00e9plique Manga Cin\u00e9\" \/>\n<meta property=\"article:publisher\" content=\"https:\/\/www.facebook.com\/RepliqueMangaCine\" \/>\n<meta property=\"article:modified_time\" content=\"2026-01-22T06:18:25+00:00\" \/>\n<meta property=\"og:image\" content=\"https:\/\/repliquemangacine.fr\/wp-content\/uploads\/2023\/10\/2484-Replique-Sabre-dofficiers-Prussiens-poignee.jpg\" \/>\n\t<meta property=\"og:image:width\" content=\"600\" \/>\n\t<meta property=\"og:image:height\" content=\"600\" \/>\n\t<meta property=\"og:image:type\" content=\"image\/jpeg\" \/>\n<meta name=\"twitter:card\" content=\"summary_large_image\" \/>\n<meta name=\"twitter:label1\" content=\"Tempo di lettura stimato\" \/>\n\t<meta name=\"twitter:data1\" content=\"2 minuti\" \/>\n<script type=\"application\/ld+json\" class=\"yoast-schema-graph\">{\"@context\":\"https:\\\/\\\/schema.org\",\"@graph\":[{\"@type\":\"WebPage\",\"@id\":\"https:\\\/\\\/repliquemangacine.fr\\\/sabres-1er-empire\\\/replique-sabre-d-officiers-prussiens\\\/\",\"url\":\"https:\\\/\\\/repliquemangacine.fr\\\/sabres-1er-empire\\\/replique-sabre-d-officiers-prussiens\\\/\",\"name\":\"Sabre d'officiers Prussiens - Vente Sabre T\u00eate de lion 19\u1d49 - RMC\",\"isPartOf\":{\"@id\":\"https:\\\/\\\/repliquemangacine.fr\\\/#website\"},\"primaryImageOfPage\":{\"@id\":\"https:\\\/\\\/repliquemangacine.fr\\\/sabres-1er-empire\\\/replique-sabre-d-officiers-prussiens\\\/#primaryimage\"},\"image\":{\"@id\":\"https:\\\/\\\/repliquemangacine.fr\\\/sabres-1er-empire\\\/replique-sabre-d-officiers-prussiens\\\/#primaryimage\"},\"thumbnailUrl\":\"https:\\\/\\\/repliquemangacine.fr\\\/wp-content\\\/uploads\\\/2023\\\/10\\\/2484-Replique-Sabre-dofficiers-Prussiens-poignee.jpg\",\"datePublished\":\"2018-03-22T16:38:45+00:00\",\"dateModified\":\"2026-01-22T06:18:25+00:00\",\"description\":\"D\u00e9couvrez le Sabre d'officiers Prussiens du 19\u1d49 si\u00e8cle au meilleur prix - Lame en acier carbone - Poign\u00e9e en similicuir - Longueur totale : 109 cm\",\"breadcrumb\":{\"@id\":\"https:\\\/\\\/repliquemangacine.fr\\\/sabres-1er-empire\\\/replique-sabre-d-officiers-prussiens\\\/#breadcrumb\"},\"inLanguage\":\"it-IT\",\"potentialAction\":[{\"@type\":\"ReadAction\",\"target\":[\"https:\\\/\\\/repliquemangacine.fr\\\/sabres-1er-empire\\\/replique-sabre-d-officiers-prussiens\\\/\"]}]},{\"@type\":\"ImageObject\",\"inLanguage\":\"it-IT\",\"@id\":\"https:\\\/\\\/repliquemangacine.fr\\\/sabres-1er-empire\\\/replique-sabre-d-officiers-prussiens\\\/#primaryimage\",\"url\":\"https:\\\/\\\/repliquemangacine.fr\\\/wp-content\\\/uploads\\\/2023\\\/10\\\/2484-Replique-Sabre-dofficiers-Prussiens-poignee.jpg\",\"contentUrl\":\"https:\\\/\\\/repliquemangacine.fr\\\/wp-content\\\/uploads\\\/2023\\\/10\\\/2484-Replique-Sabre-dofficiers-Prussiens-poignee.jpg\",\"width\":600,\"height\":600,\"caption\":\"Sabre d'officiers Prussiens\"},{\"@type\":\"BreadcrumbList\",\"@id\":\"https:\\\/\\\/repliquemangacine.fr\\\/sabres-1er-empire\\\/replique-sabre-d-officiers-prussiens\\\/#breadcrumb\",\"itemListElement\":[{\"@type\":\"ListItem\",\"position\":1,\"name\":\"Accueil\",\"item\":\"https:\\\/\\\/repliquemangacine.fr\\\/\"},{\"@type\":\"ListItem\",\"position\":2,\"name\":\"Produits\",\"item\":\"https:\\\/\\\/repliquemangacine.fr\\\/boutique\\\/\"},{\"@type\":\"ListItem\",\"position\":3,\"name\":\"Sabre d&#8217;officiers Prussiens\"}]},{\"@type\":\"WebSite\",\"@id\":\"https:\\\/\\\/repliquemangacine.fr\\\/#website\",\"url\":\"https:\\\/\\\/repliquemangacine.fr\\\/\",\"name\":\"R\u00e9plique Manga Cin\u00e9\",\"description\":\"\",\"publisher\":{\"@id\":\"https:\\\/\\\/repliquemangacine.fr\\\/#organization\"},\"potentialAction\":[{\"@type\":\"SearchAction\",\"target\":{\"@type\":\"EntryPoint\",\"urlTemplate\":\"https:\\\/\\\/repliquemangacine.fr\\\/?s={search_term_string}\"},\"query-input\":{\"@type\":\"PropertyValueSpecification\",\"valueRequired\":true,\"valueName\":\"search_term_string\"}}],\"inLanguage\":\"it-IT\"},{\"@type\":\"Organization\",\"@id\":\"https:\\\/\\\/repliquemangacine.fr\\\/#organization\",\"name\":\"R\u00e9plique Manga Cin\u00e9\",\"url\":\"https:\\\/\\\/repliquemangacine.fr\\\/\",\"logo\":{\"@type\":\"ImageObject\",\"inLanguage\":\"it-IT\",\"@id\":\"https:\\\/\\\/repliquemangacine.fr\\\/#\\\/schema\\\/logo\\\/image\\\/\",\"url\":\"https:\\\/\\\/repliquemangacine.fr\\\/wp-content\\\/uploads\\\/2023\\\/10\\\/RMC-500250.png\",\"contentUrl\":\"https:\\\/\\\/repliquemangacine.fr\\\/wp-content\\\/uploads\\\/2023\\\/10\\\/RMC-500250.png\",\"width\":500,\"height\":250,\"caption\":\"R\u00e9plique Manga Cin\u00e9\"},\"image\":{\"@id\":\"https:\\\/\\\/repliquemangacine.fr\\\/#\\\/schema\\\/logo\\\/image\\\/\"},\"sameAs\":[\"https:\\\/\\\/www.facebook.com\\\/RepliqueMangaCine\",\"https:\\\/\\\/www.instagram.com\\\/repliquemangacine.fr\\\/\"]}]}<\/script>\n<!-- \/ Yoast SEO plugin. -->","yoast_head_json":{"title":"Spada per ufficiali prussiani - Vendita Spada a testa di leone 19\u1d49 - RMC","description":"Scopri la sciabola per ufficiali prussiani del 19\u1d49 secolo al miglior prezzo - Lama in acciaio al carbonio - Manico in similpelle - Lunghezza totale: 109 cm","robots":{"index":"index","follow":"follow","max-snippet":"max-snippet:-1","max-image-preview":"max-image-preview:large","max-video-preview":"max-video-preview:-1"},"canonical":"https:\/\/repliquemangacine.fr\/it\/spade-del-1-impero\/replica-della-sciabola-degli-ufficiali-prussiani\/","og_locale":"it_IT","og_type":"article","og_title":"Sabre d'officiers Prussiens - Vente Sabre T\u00eate de lion 19\u1d49 - RMC","og_description":"D\u00e9couvrez le Sabre d'officiers Prussiens du 19\u1d49 si\u00e8cle au meilleur prix - Lame en acier carbone - Poign\u00e9e en similicuir - Longueur totale : 109 cm","og_url":"https:\/\/repliquemangacine.fr\/it\/spade-del-1-impero\/replica-della-sciabola-degli-ufficiali-prussiani\/","og_site_name":"R\u00e9plique Manga Cin\u00e9","article_publisher":"https:\/\/www.facebook.com\/RepliqueMangaCine","article_modified_time":"2026-01-22T06:18:25+00:00","og_image":[{"width":600,"height":600,"url":"https:\/\/repliquemangacine.fr\/wp-content\/uploads\/2023\/10\/2484-Replique-Sabre-dofficiers-Prussiens-poignee.jpg","type":"image\/jpeg"}],"twitter_card":"summary_large_image","twitter_misc":{"Tempo di lettura stimato":"2 minuti"},"schema":{"@context":"https:\/\/schema.org","@graph":[{"@type":"WebPage","@id":"https:\/\/repliquemangacine.fr\/sabres-1er-empire\/replique-sabre-d-officiers-prussiens\/","url":"https:\/\/repliquemangacine.fr\/sabres-1er-empire\/replique-sabre-d-officiers-prussiens\/","name":"Spada per ufficiali prussiani - Vendita Spada a testa di leone 19\u1d49 - RMC","isPartOf":{"@id":"https:\/\/repliquemangacine.fr\/#website"},"primaryImageOfPage":{"@id":"https:\/\/repliquemangacine.fr\/sabres-1er-empire\/replique-sabre-d-officiers-prussiens\/#primaryimage"},"image":{"@id":"https:\/\/repliquemangacine.fr\/sabres-1er-empire\/replique-sabre-d-officiers-prussiens\/#primaryimage"},"thumbnailUrl":"https:\/\/repliquemangacine.fr\/wp-content\/uploads\/2023\/10\/2484-Replique-Sabre-dofficiers-Prussiens-poignee.jpg","datePublished":"2018-03-22T16:38:45+00:00","dateModified":"2026-01-22T06:18:25+00:00","description":"Scopri la sciabola per ufficiali prussiani del 19\u1d49 secolo al miglior prezzo - Lama in acciaio al carbonio - Manico in similpelle - Lunghezza totale: 109 cm","breadcrumb":{"@id":"https:\/\/repliquemangacine.fr\/sabres-1er-empire\/replique-sabre-d-officiers-prussiens\/#breadcrumb"},"inLanguage":"it-IT","potentialAction":[{"@type":"ReadAction","target":["https:\/\/repliquemangacine.fr\/sabres-1er-empire\/replique-sabre-d-officiers-prussiens\/"]}]},{"@type":"ImageObject","inLanguage":"it-IT","@id":"https:\/\/repliquemangacine.fr\/sabres-1er-empire\/replique-sabre-d-officiers-prussiens\/#primaryimage","url":"https:\/\/repliquemangacine.fr\/wp-content\/uploads\/2023\/10\/2484-Replique-Sabre-dofficiers-Prussiens-poignee.jpg","contentUrl":"https:\/\/repliquemangacine.fr\/wp-content\/uploads\/2023\/10\/2484-Replique-Sabre-dofficiers-Prussiens-poignee.jpg","width":600,"height":600,"caption":"Sabre d'officiers Prussiens"},{"@type":"BreadcrumbList","@id":"https:\/\/repliquemangacine.fr\/sabres-1er-empire\/replique-sabre-d-officiers-prussiens\/#breadcrumb","itemListElement":[{"@type":"ListItem","position":1,"name":"Accueil","item":"https:\/\/repliquemangacine.fr\/"},{"@type":"ListItem","position":2,"name":"Produits","item":"https:\/\/repliquemangacine.fr\/boutique\/"},{"@type":"ListItem","position":3,"name":"Sabre d&#8217;officiers Prussiens"}]},{"@type":"WebSite","@id":"https:\/\/repliquemangacine.fr\/#website","url":"https:\/\/repliquemangacine.fr\/","name":"R\u00e9plique Manga Cin\u00e9","description":"","publisher":{"@id":"https:\/\/repliquemangacine.fr\/#organization"},"potentialAction":[{"@type":"SearchAction","target":{"@type":"EntryPoint","urlTemplate":"https:\/\/repliquemangacine.fr\/?s={search_term_string}"},"query-input":{"@type":"PropertyValueSpecification","valueRequired":true,"valueName":"search_term_string"}}],"inLanguage":"it-IT"},{"@type":"Organization","@id":"https:\/\/repliquemangacine.fr\/#organization","name":"R\u00e9plique Manga Cin\u00e9","url":"https:\/\/repliquemangacine.fr\/","logo":{"@type":"ImageObject","inLanguage":"it-IT","@id":"https:\/\/repliquemangacine.fr\/#\/schema\/logo\/image\/","url":"https:\/\/repliquemangacine.fr\/wp-content\/uploads\/2023\/10\/RMC-500250.png","contentUrl":"https:\/\/repliquemangacine.fr\/wp-content\/uploads\/2023\/10\/RMC-500250.png","width":500,"height":250,"caption":"R\u00e9plique Manga Cin\u00e9"},"image":{"@id":"https:\/\/repliquemangacine.fr\/#\/schema\/logo\/image\/"},"sameAs":["https:\/\/www.facebook.com\/RepliqueMangaCine","https:\/\/www.instagram.com\/repliquemangacine.fr\/"]}]}},"_links":{"self":[{"href":"https:\/\/repliquemangacine.fr\/it\/wp-json\/wp\/v2\/product\/27719","targetHints":{"allow":["GET"]}}],"collection":[{"href":"https:\/\/repliquemangacine.fr\/it\/wp-json\/wp\/v2\/product"}],"about":[{"href":"https:\/\/repliquemangacine.fr\/it\/wp-json\/wp\/v2\/types\/product"}],"wp:featuredmedia":[{"embeddable":true,"href":"https:\/\/repliquemangacine.fr\/it\/wp-json\/wp\/v2\/media\/27720"}],"wp:attachment":[{"href":"https:\/\/repliquemangacine.fr\/it\/wp-json\/wp\/v2\/media?parent=27719"}],"wp:term":[{"taxonomy":"product_brand","embeddable":true,"href":"https:\/\/repliquemangacine.fr\/it\/wp-json\/wp\/v2\/product_brand?post=27719"},{"taxonomy":"product_cat","embeddable":true,"href":"https:\/\/repliquemangacine.fr\/it\/wp-json\/wp\/v2\/product_cat?post=27719"},{"taxonomy":"product_tag","embeddable":true,"href":"https:\/\/repliquemangacine.fr\/it\/wp-json\/wp\/v2\/product_tag?post=27719"}],"curies":[{"name":"wp","href":"https:\/\/api.w.org\/{rel}","templated":true}]}}