





{"id":27714,"date":"2018-03-15T19:03:41","date_gmt":"2018-03-15T18:03:41","guid":{"rendered":"https:\/\/repliquemangacine.fr\/?post_type=product&#038;p=27714"},"modified":"2025-09-23T18:01:59","modified_gmt":"2025-09-23T16:01:59","slug":"sciabola-da-cavalleria-prussiana-blucher-m1811","status":"publish","type":"product","link":"https:\/\/repliquemangacine.fr\/it\/sabres-1er-empire\/sabre-blucher-m1811-sabre-de-cavalerie-prussienne\/","title":{"rendered":"Sciabola Bl\u00fccher M1811"},"content":{"rendered":"<h2>Sciabola da cavalleria prussiana Bl\u00fccher M1811.<\/h2>\n<p>Per cominciare, il <strong>Sciabola Bl\u00fccher M1811<\/strong>, progettata sul modello di una sciabola inglese utilizzata dai Light Dragoons a partire dal 1796. Gebhard Leberecht von Bl\u00fccher, generale tedesco, fu il comandante pi\u00f9 popolare durante la campagna tedesca contro Napoleone. Nel 1826, la citt\u00e0 di Berlino eresse una statua in sua memoria: la sua effigie regge l'elsa di una sciabola M 1811, abbassata a terra.<\/p>\n<p>Questa sciabola fu l'arma standard della cavalleria leggera prussiana nel 1813\/14. Gli ussari, i dragoni, gli uhlans e l'artiglieria a cavallo prussiani erano equipaggiati con le sciabole Bl\u00fccher.<\/p>\n<p>L'Esercito Reale Prussiano \u00e8 l'esercito del Regno di Prussia. Queste forze armate furono essenziali per affermare il Brandeburgo come una delle principali potenze europee.<\/p>\n<h2>Il vostro Bl\u00fccher M1811 Sabre al miglior prezzo.<\/h2>\n<p>Offriamo un'ampia gamma di riproduzioni di armi storiche.<\/p>\n<p>Innanzitutto,<\/p>\n<ul>\n<li>Superba riproduzione del <a href=\"https:\/\/repliquemangacine.fr\/it\/spade-del-1-impero\/sciabola-ordine-militare-saint-georges\/\">sciabola dell'ordine militare di San Giorgio<\/a>Russia 1913, firmato <a href=\"https:\/\/www.denix.fr\/fr\/catalogue\/armes-historiques-s-xvi-xix\/sabres\/4191\/\" target=\"_blank\" rel=\"noopener noreferrer\">Denix<\/a>.<\/li>\n<li>Cos\u00ec come il <a href=\"https:\/\/repliquemangacine.fr\/it\/spade-del-1-impero\/sciabola-mamelucca-noi-marines\/\">Spada mamelucca<\/a> Marines degli Stati Uniti, spada da ufficiale Corpo dei Marines degli Stati Uniti.<\/li>\n<li>C'\u00e8 anche questo <a href=\"https:\/\/repliquemangacine.fr\/it\/accessori-medievali\/staffa-a-parete-per-pistola-e-spada\/\">staffa a parete<\/a> due pezzi a forma di fiore.<\/li>\n<li>E molti altri da scoprire nel nostro negozio online!<\/li>\n<\/ul>\n<p>Ecco perch\u00e9 abbiamo pensato ad alcune idee regalo per gli appassionati di storia.<\/p>\n<p>In conclusione, \u00e8 possibile utilizzare questo <strong>Sciabola Bl\u00fccher M1811<\/strong> per le vostre rievocazioni storiche o rappresentazioni teatrali. Ma soprattutto \u00e8 un oggetto da collezione e un pezzo decorativo.<\/p>\n<h2>Come si mantiene la lama della propria spada storica?<\/h2>\n<p>Le spade da collezione e decorative sono realizzate e assemblate in modo semplificato. Poich\u00e9 il loro uso \u00e8 decorativo, non hanno le caratteristiche di sicurezza richieste per una spada giapponese destinata all'allenamento.<\/p>\n<p>Tuttavia, il vostro <strong>Sciabola Bl\u00fccher M1811<\/strong> a una lama d'acciaio che deve essere curata per evitare che si danneggi nel tempo. Quando si espone la katana, gli amici saranno curiosi di vedere la lama e di toccarla. \u00c8 qui che bisogna fare attenzione, perch\u00e9 l'acidit\u00e0 delle dita \u00e8 molto dannosa per l'acciaio, indipendentemente dalla sua qualit\u00e0.<\/p>\n<p>Tuttavia, se ci\u00f2 dovesse accadere, niente panico: basta un panno inumidito con un po' d'olio per eliminare le impronte. In questo modo, la spada durer\u00e0 a lungo.<\/p>","protected":false},"excerpt":{"rendered":"<p>Sciabola da cavalleria prussiana, modello M 1811, nota come sciabola Bl\u00fccher.<\/p>\n<ul>\n<li>Lama forgiata in acciaio ad alto tenore di carbonio.<\/li>\n<li>Lucidato con cura, non tagliente.<\/li>\n<li>Protezione in acciaio.<\/li>\n<li>Manico rivestito in pelle.<\/li>\n<li>Fodero in acciaio.<\/li>\n<li>Lunghezza totale: 100 cm - Lunghezza lama: 85 cm - Peso: 1,05 kg.<\/li>\n<\/ul>","protected":false},"featured_media":27715,"template":"","meta":[],"product_brand":[896],"product_cat":[25,37,74],"product_tag":[],"class_list":{"0":"post-27714","1":"product","2":"type-product","3":"status-publish","4":"has-post-thumbnail","6":"product_brand-replique-manga-cine","7":"product_cat-armes-historiques","8":"product_cat-premier-empire","9":"product_cat-sabres-1er-empire","11":"first","12":"instock","13":"taxable","14":"shipping-taxable","15":"purchasable","16":"product-type-simple"},"yoast_head":"<!-- This site is optimized with the Yoast SEO plugin v27.4 - https:\/\/yoast.com\/product\/yoast-seo-wordpress\/ -->\n<title>Sabre Bl\u00fccher M1811 - Vente \u00e9p\u00e9e de Cavalerie - RMC<\/title>\n<meta name=\"description\" content=\"Offrez-lui ce Sabre Bl\u00fccher M1811 au meilleur prix - Lame en acier carbone forg\u00e9e - Poign\u00e9e cuir - Garde m\u00e9tal - Fourreau acier - Longueur totale : 100 cm\" \/>\n<meta name=\"robots\" content=\"index, follow, max-snippet:-1, max-image-preview:large, max-video-preview:-1\" \/>\n<link rel=\"canonical\" href=\"https:\/\/repliquemangacine.fr\/it\/spade-del-1-impero\/sciabola-da-cavalleria-prussiana-blucher-m1811\/\" \/>\n<meta property=\"og:locale\" content=\"it_IT\" \/>\n<meta property=\"og:type\" content=\"article\" \/>\n<meta property=\"og:title\" content=\"Sabre Bl\u00fccher M1811 - Vente \u00e9p\u00e9e de Cavalerie - RMC\" \/>\n<meta property=\"og:description\" content=\"Offrez-lui ce Sabre Bl\u00fccher M1811 au meilleur prix - Lame en acier carbone forg\u00e9e - Poign\u00e9e cuir - Garde m\u00e9tal - Fourreau acier - Longueur totale : 100 cm\" \/>\n<meta property=\"og:url\" content=\"https:\/\/repliquemangacine.fr\/it\/spade-del-1-impero\/sciabola-da-cavalleria-prussiana-blucher-m1811\/\" \/>\n<meta property=\"og:site_name\" content=\"R\u00e9plique Manga Cin\u00e9\" \/>\n<meta property=\"article:publisher\" content=\"https:\/\/www.facebook.com\/RepliqueMangaCine\" \/>\n<meta property=\"article:modified_time\" content=\"2025-09-23T16:01:59+00:00\" \/>\n<meta property=\"og:image\" content=\"https:\/\/repliquemangacine.fr\/wp-content\/uploads\/2023\/10\/2479-Sabre-de-cavalerie-prussienne-M-1811-dit-Blucher-Sabrefourreau.jpg\" \/>\n\t<meta property=\"og:image:width\" content=\"600\" \/>\n\t<meta property=\"og:image:height\" content=\"600\" \/>\n\t<meta property=\"og:image:type\" content=\"image\/jpeg\" \/>\n<meta name=\"twitter:card\" content=\"summary_large_image\" \/>\n<meta name=\"twitter:label1\" content=\"Tempo di lettura stimato\" \/>\n\t<meta name=\"twitter:data1\" content=\"2 minuti\" \/>\n<script type=\"application\/ld+json\" class=\"yoast-schema-graph\">{\"@context\":\"https:\\\/\\\/schema.org\",\"@graph\":[{\"@type\":\"WebPage\",\"@id\":\"https:\\\/\\\/repliquemangacine.fr\\\/sabres-1er-empire\\\/sabre-blucher-m1811-sabre-de-cavalerie-prussienne\\\/\",\"url\":\"https:\\\/\\\/repliquemangacine.fr\\\/sabres-1er-empire\\\/sabre-blucher-m1811-sabre-de-cavalerie-prussienne\\\/\",\"name\":\"Sabre Bl\u00fccher M1811 - Vente \u00e9p\u00e9e de Cavalerie - RMC\",\"isPartOf\":{\"@id\":\"https:\\\/\\\/repliquemangacine.fr\\\/#website\"},\"primaryImageOfPage\":{\"@id\":\"https:\\\/\\\/repliquemangacine.fr\\\/sabres-1er-empire\\\/sabre-blucher-m1811-sabre-de-cavalerie-prussienne\\\/#primaryimage\"},\"image\":{\"@id\":\"https:\\\/\\\/repliquemangacine.fr\\\/sabres-1er-empire\\\/sabre-blucher-m1811-sabre-de-cavalerie-prussienne\\\/#primaryimage\"},\"thumbnailUrl\":\"https:\\\/\\\/repliquemangacine.fr\\\/wp-content\\\/uploads\\\/2023\\\/10\\\/2479-Sabre-de-cavalerie-prussienne-M-1811-dit-Blucher-Sabrefourreau.jpg\",\"datePublished\":\"2018-03-15T18:03:41+00:00\",\"dateModified\":\"2025-09-23T16:01:59+00:00\",\"description\":\"Offrez-lui ce Sabre Bl\u00fccher M1811 au meilleur prix - Lame en acier carbone forg\u00e9e - Poign\u00e9e cuir - Garde m\u00e9tal - Fourreau acier - Longueur totale : 100 cm\",\"breadcrumb\":{\"@id\":\"https:\\\/\\\/repliquemangacine.fr\\\/sabres-1er-empire\\\/sabre-blucher-m1811-sabre-de-cavalerie-prussienne\\\/#breadcrumb\"},\"inLanguage\":\"it-IT\",\"potentialAction\":[{\"@type\":\"ReadAction\",\"target\":[\"https:\\\/\\\/repliquemangacine.fr\\\/sabres-1er-empire\\\/sabre-blucher-m1811-sabre-de-cavalerie-prussienne\\\/\"]}]},{\"@type\":\"ImageObject\",\"inLanguage\":\"it-IT\",\"@id\":\"https:\\\/\\\/repliquemangacine.fr\\\/sabres-1er-empire\\\/sabre-blucher-m1811-sabre-de-cavalerie-prussienne\\\/#primaryimage\",\"url\":\"https:\\\/\\\/repliquemangacine.fr\\\/wp-content\\\/uploads\\\/2023\\\/10\\\/2479-Sabre-de-cavalerie-prussienne-M-1811-dit-Blucher-Sabrefourreau.jpg\",\"contentUrl\":\"https:\\\/\\\/repliquemangacine.fr\\\/wp-content\\\/uploads\\\/2023\\\/10\\\/2479-Sabre-de-cavalerie-prussienne-M-1811-dit-Blucher-Sabrefourreau.jpg\",\"width\":600,\"height\":600,\"caption\":\"Sabre de cavalerie prussienne M 1811, dit Bl\u00fccher Sabre+fourreau\"},{\"@type\":\"BreadcrumbList\",\"@id\":\"https:\\\/\\\/repliquemangacine.fr\\\/sabres-1er-empire\\\/sabre-blucher-m1811-sabre-de-cavalerie-prussienne\\\/#breadcrumb\",\"itemListElement\":[{\"@type\":\"ListItem\",\"position\":1,\"name\":\"Accueil\",\"item\":\"https:\\\/\\\/repliquemangacine.fr\\\/\"},{\"@type\":\"ListItem\",\"position\":2,\"name\":\"Produits\",\"item\":\"https:\\\/\\\/repliquemangacine.fr\\\/boutique\\\/\"},{\"@type\":\"ListItem\",\"position\":3,\"name\":\"Sabre Bl\u00fccher M1811\"}]},{\"@type\":\"WebSite\",\"@id\":\"https:\\\/\\\/repliquemangacine.fr\\\/#website\",\"url\":\"https:\\\/\\\/repliquemangacine.fr\\\/\",\"name\":\"R\u00e9plique Manga Cin\u00e9\",\"description\":\"\",\"publisher\":{\"@id\":\"https:\\\/\\\/repliquemangacine.fr\\\/#organization\"},\"potentialAction\":[{\"@type\":\"SearchAction\",\"target\":{\"@type\":\"EntryPoint\",\"urlTemplate\":\"https:\\\/\\\/repliquemangacine.fr\\\/?s={search_term_string}\"},\"query-input\":{\"@type\":\"PropertyValueSpecification\",\"valueRequired\":true,\"valueName\":\"search_term_string\"}}],\"inLanguage\":\"it-IT\"},{\"@type\":\"Organization\",\"@id\":\"https:\\\/\\\/repliquemangacine.fr\\\/#organization\",\"name\":\"R\u00e9plique Manga Cin\u00e9\",\"url\":\"https:\\\/\\\/repliquemangacine.fr\\\/\",\"logo\":{\"@type\":\"ImageObject\",\"inLanguage\":\"it-IT\",\"@id\":\"https:\\\/\\\/repliquemangacine.fr\\\/#\\\/schema\\\/logo\\\/image\\\/\",\"url\":\"https:\\\/\\\/repliquemangacine.fr\\\/wp-content\\\/uploads\\\/2023\\\/10\\\/RMC-500250.png\",\"contentUrl\":\"https:\\\/\\\/repliquemangacine.fr\\\/wp-content\\\/uploads\\\/2023\\\/10\\\/RMC-500250.png\",\"width\":500,\"height\":250,\"caption\":\"R\u00e9plique Manga Cin\u00e9\"},\"image\":{\"@id\":\"https:\\\/\\\/repliquemangacine.fr\\\/#\\\/schema\\\/logo\\\/image\\\/\"},\"sameAs\":[\"https:\\\/\\\/www.facebook.com\\\/RepliqueMangaCine\",\"https:\\\/\\\/www.instagram.com\\\/repliquemangacine.fr\\\/\"]}]}<\/script>\n<!-- \/ Yoast SEO plugin. -->","yoast_head_json":{"title":"Sciabola Bl\u00fccher M1811 - Vendita Spade da Cavalleria - RMC","description":"Regalategli questa sciabola Bl\u00fccher M1811 al miglior prezzo - Lama in acciaio al carbonio forgiato - Impugnatura in pelle - Guardia in metallo - Fodero in acciaio - Lunghezza totale: 100 cm","robots":{"index":"index","follow":"follow","max-snippet":"max-snippet:-1","max-image-preview":"max-image-preview:large","max-video-preview":"max-video-preview:-1"},"canonical":"https:\/\/repliquemangacine.fr\/it\/spade-del-1-impero\/sciabola-da-cavalleria-prussiana-blucher-m1811\/","og_locale":"it_IT","og_type":"article","og_title":"Sabre Bl\u00fccher M1811 - Vente \u00e9p\u00e9e de Cavalerie - RMC","og_description":"Offrez-lui ce Sabre Bl\u00fccher M1811 au meilleur prix - Lame en acier carbone forg\u00e9e - Poign\u00e9e cuir - Garde m\u00e9tal - Fourreau acier - Longueur totale : 100 cm","og_url":"https:\/\/repliquemangacine.fr\/it\/spade-del-1-impero\/sciabola-da-cavalleria-prussiana-blucher-m1811\/","og_site_name":"R\u00e9plique Manga Cin\u00e9","article_publisher":"https:\/\/www.facebook.com\/RepliqueMangaCine","article_modified_time":"2025-09-23T16:01:59+00:00","og_image":[{"width":600,"height":600,"url":"https:\/\/repliquemangacine.fr\/wp-content\/uploads\/2023\/10\/2479-Sabre-de-cavalerie-prussienne-M-1811-dit-Blucher-Sabrefourreau.jpg","type":"image\/jpeg"}],"twitter_card":"summary_large_image","twitter_misc":{"Tempo di lettura stimato":"2 minuti"},"schema":{"@context":"https:\/\/schema.org","@graph":[{"@type":"WebPage","@id":"https:\/\/repliquemangacine.fr\/sabres-1er-empire\/sabre-blucher-m1811-sabre-de-cavalerie-prussienne\/","url":"https:\/\/repliquemangacine.fr\/sabres-1er-empire\/sabre-blucher-m1811-sabre-de-cavalerie-prussienne\/","name":"Sciabola Bl\u00fccher M1811 - Vendita Spade da Cavalleria - RMC","isPartOf":{"@id":"https:\/\/repliquemangacine.fr\/#website"},"primaryImageOfPage":{"@id":"https:\/\/repliquemangacine.fr\/sabres-1er-empire\/sabre-blucher-m1811-sabre-de-cavalerie-prussienne\/#primaryimage"},"image":{"@id":"https:\/\/repliquemangacine.fr\/sabres-1er-empire\/sabre-blucher-m1811-sabre-de-cavalerie-prussienne\/#primaryimage"},"thumbnailUrl":"https:\/\/repliquemangacine.fr\/wp-content\/uploads\/2023\/10\/2479-Sabre-de-cavalerie-prussienne-M-1811-dit-Blucher-Sabrefourreau.jpg","datePublished":"2018-03-15T18:03:41+00:00","dateModified":"2025-09-23T16:01:59+00:00","description":"Regalategli questa sciabola Bl\u00fccher M1811 al miglior prezzo - Lama in acciaio al carbonio forgiato - Impugnatura in pelle - Guardia in metallo - Fodero in acciaio - Lunghezza totale: 100 cm","breadcrumb":{"@id":"https:\/\/repliquemangacine.fr\/sabres-1er-empire\/sabre-blucher-m1811-sabre-de-cavalerie-prussienne\/#breadcrumb"},"inLanguage":"it-IT","potentialAction":[{"@type":"ReadAction","target":["https:\/\/repliquemangacine.fr\/sabres-1er-empire\/sabre-blucher-m1811-sabre-de-cavalerie-prussienne\/"]}]},{"@type":"ImageObject","inLanguage":"it-IT","@id":"https:\/\/repliquemangacine.fr\/sabres-1er-empire\/sabre-blucher-m1811-sabre-de-cavalerie-prussienne\/#primaryimage","url":"https:\/\/repliquemangacine.fr\/wp-content\/uploads\/2023\/10\/2479-Sabre-de-cavalerie-prussienne-M-1811-dit-Blucher-Sabrefourreau.jpg","contentUrl":"https:\/\/repliquemangacine.fr\/wp-content\/uploads\/2023\/10\/2479-Sabre-de-cavalerie-prussienne-M-1811-dit-Blucher-Sabrefourreau.jpg","width":600,"height":600,"caption":"Sabre de cavalerie prussienne M 1811, dit Bl\u00fccher Sabre+fourreau"},{"@type":"BreadcrumbList","@id":"https:\/\/repliquemangacine.fr\/sabres-1er-empire\/sabre-blucher-m1811-sabre-de-cavalerie-prussienne\/#breadcrumb","itemListElement":[{"@type":"ListItem","position":1,"name":"Accueil","item":"https:\/\/repliquemangacine.fr\/"},{"@type":"ListItem","position":2,"name":"Produits","item":"https:\/\/repliquemangacine.fr\/boutique\/"},{"@type":"ListItem","position":3,"name":"Sabre Bl\u00fccher M1811"}]},{"@type":"WebSite","@id":"https:\/\/repliquemangacine.fr\/#website","url":"https:\/\/repliquemangacine.fr\/","name":"R\u00e9plique Manga Cin\u00e9","description":"","publisher":{"@id":"https:\/\/repliquemangacine.fr\/#organization"},"potentialAction":[{"@type":"SearchAction","target":{"@type":"EntryPoint","urlTemplate":"https:\/\/repliquemangacine.fr\/?s={search_term_string}"},"query-input":{"@type":"PropertyValueSpecification","valueRequired":true,"valueName":"search_term_string"}}],"inLanguage":"it-IT"},{"@type":"Organization","@id":"https:\/\/repliquemangacine.fr\/#organization","name":"R\u00e9plique Manga Cin\u00e9","url":"https:\/\/repliquemangacine.fr\/","logo":{"@type":"ImageObject","inLanguage":"it-IT","@id":"https:\/\/repliquemangacine.fr\/#\/schema\/logo\/image\/","url":"https:\/\/repliquemangacine.fr\/wp-content\/uploads\/2023\/10\/RMC-500250.png","contentUrl":"https:\/\/repliquemangacine.fr\/wp-content\/uploads\/2023\/10\/RMC-500250.png","width":500,"height":250,"caption":"R\u00e9plique Manga Cin\u00e9"},"image":{"@id":"https:\/\/repliquemangacine.fr\/#\/schema\/logo\/image\/"},"sameAs":["https:\/\/www.facebook.com\/RepliqueMangaCine","https:\/\/www.instagram.com\/repliquemangacine.fr\/"]}]}},"_links":{"self":[{"href":"https:\/\/repliquemangacine.fr\/it\/wp-json\/wp\/v2\/product\/27714","targetHints":{"allow":["GET"]}}],"collection":[{"href":"https:\/\/repliquemangacine.fr\/it\/wp-json\/wp\/v2\/product"}],"about":[{"href":"https:\/\/repliquemangacine.fr\/it\/wp-json\/wp\/v2\/types\/product"}],"wp:featuredmedia":[{"embeddable":true,"href":"https:\/\/repliquemangacine.fr\/it\/wp-json\/wp\/v2\/media\/27715"}],"wp:attachment":[{"href":"https:\/\/repliquemangacine.fr\/it\/wp-json\/wp\/v2\/media?parent=27714"}],"wp:term":[{"taxonomy":"product_brand","embeddable":true,"href":"https:\/\/repliquemangacine.fr\/it\/wp-json\/wp\/v2\/product_brand?post=27714"},{"taxonomy":"product_cat","embeddable":true,"href":"https:\/\/repliquemangacine.fr\/it\/wp-json\/wp\/v2\/product_cat?post=27714"},{"taxonomy":"product_tag","embeddable":true,"href":"https:\/\/repliquemangacine.fr\/it\/wp-json\/wp\/v2\/product_tag?post=27714"}],"curies":[{"name":"wp","href":"https:\/\/api.w.org\/{rel}","templated":true}]}}