





{"id":27708,"date":"2018-03-15T17:07:57","date_gmt":"2018-03-15T16:07:57","guid":{"rendered":"https:\/\/repliquemangacine.fr\/?post_type=product&#038;p=27708"},"modified":"2026-03-31T10:04:55","modified_gmt":"2026-03-31T08:04:55","slug":"sciabola-da-cavalleria-statunitense-del-xix-secolo","status":"publish","type":"product","link":"https:\/\/repliquemangacine.fr\/it\/sabres-1er-empire\/sabre-de-cavalerie-us-19eme-siecle\/","title":{"rendered":"Sciabola da cavalleria statunitense del 19\u00b0 secolo"},"content":{"rendered":"<h2>Sciabola della cavalleria statunitense del 19\u1d49 secolo<\/h2>\n<p>Per cominciare, il <strong>Sciabola della cavalleria statunitense<\/strong>, utilizzato dai sudisti durante la guerra civile americana. Ideale per le rievocazioni, ma non per il combattimento.<\/p>\n<p>La <a href=\"https:\/\/www.histoire-pour-tous.fr\/dossiers\/241-la-guerre-de-secession.html\" target=\"_blank\" rel=\"noopener noreferrer\">Guerra civile americana<\/a> \u00e8 stata una sanguinosa guerra civile svoltasi tra il 1861 e il 1865 negli Stati Uniti, tra i nordisti (Unione) e i sudisti (Confederati).  \u00c8 tuttora la guerra pi\u00f9 letale della storia degli Stati Uniti d'America.<\/p>\n<p>La questione dell'abolizione della schiavit\u00f9 negli Stati del Sud fu uno dei principali fattori scatenanti. Questa guerra, conosciuta in Nord America come Guerra Civile, ha lacerato gli Stati Uniti per 4 anni e ha provocato 617.000 morti tra i combattenti, molto pi\u00f9 di qualsiasi altra guerra che abbia coinvolto il Paese, comprese le due guerre mondiali.<\/p>\n<h2>La vostra sciabola della cavalleria americana al miglior prezzo.<\/h2>\n<p>Offriamo un'ampia gamma di riproduzioni di armi storiche.<\/p>\n<p>Innanzitutto,<\/p>\n<ul>\n<li>La Sciabola da Cavalleria del 1860, nota anche come <a href=\"https:\/\/repliquemangacine.fr\/it\/spade-del-1-impero\/sciabola-da-cavalleria-statunitense-1860\/\">M1862<\/a>utilizzato dalla cavalleria americana.<\/li>\n<li>Cos\u00ec come la sciabola da cavalleria prussiana, modello M 1811, conosciuta come la <a href=\"https:\/\/repliquemangacine.fr\/it\/spade-del-1-impero\/sciabola-da-cavalleria-prussiana-blucher-m1811\/\">Sciabola Bl\u00fccher<\/a>.<\/li>\n<li>C'\u00e8 anche il <a href=\"https:\/\/repliquemangacine.fr\/it\/spade-del-1-impero\/sabre-marine-m1859-nco-usa-united-cutlery\/\">Spada marina da cerimonia<\/a>. Spada da cerimonia su licenza ufficiale U.S.M.C.<\/li>\n<li>E molti altri da scoprire nel nostro negozio online!<\/li>\n<\/ul>\n<p>Ecco perch\u00e9 abbiamo pensato ad alcune idee regalo per gli appassionati di storia.<\/p>\n<p>In conclusione, \u00e8 possibile utilizzare questo <strong>Sciabola della cavalleria statunitense<\/strong> per le vostre rievocazioni storiche. Ma soprattutto, questa spada confederata \u00e8 un oggetto da collezione e un pezzo decorativo.<\/p>\n<h2>Come si mantiene la lama della propria spada storica?<\/h2>\n<p>Le spade da collezione e decorative sono realizzate e assemblate in modo semplificato. Poich\u00e9 il loro uso \u00e8 decorativo, non hanno le caratteristiche di sicurezza richieste per una spada giapponese destinata all'allenamento.<\/p>\n<p>Tuttavia, il vostro <strong>Sciabola della cavalleria statunitense<\/strong> a una lama d'acciaio che deve essere curata per evitare che si danneggi nel tempo. Quando si espone la katana, gli amici saranno curiosi di vedere la lama e di toccarla. \u00c8 qui che bisogna fare attenzione, perch\u00e9 l'acidit\u00e0 delle dita \u00e8 molto dannosa per l'acciaio, indipendentemente dalla sua qualit\u00e0.<\/p>\n<p>Tuttavia, se ci\u00f2 dovesse accadere, niente panico: basta un panno inumidito con un po' d'olio per eliminare le impronte. In questo modo, la spada durer\u00e0 a lungo.<\/p>","protected":false},"excerpt":{"rendered":"<p>Sciabola della cavalleria americana del 19\u1d49 secolo.<\/p>\n<ul>\n<li>Lama in acciaio al carbonio forgiato (non affilata).<\/li>\n<li>Elsa a quattro punte in ottone.<\/li>\n<li>Manico ornato di filo d'oro.<\/li>\n<li>Guaina in acciaio inox.<\/li>\n<li>Lunghezza totale :107 cm - Lunghezza lama :91,5 cm - Peso : 1300grs<\/li>\n<\/ul>\n<p><strong>\u00a0<\/strong><\/p>","protected":false},"featured_media":27709,"template":"","meta":[],"product_brand":[896],"product_cat":[25,37,74],"product_tag":[],"class_list":{"0":"post-27708","1":"product","2":"type-product","3":"status-publish","4":"has-post-thumbnail","6":"product_brand-replique-manga-cine","7":"product_cat-armes-historiques","8":"product_cat-premier-empire","9":"product_cat-sabres-1er-empire","11":"first","12":"outofstock","13":"taxable","14":"shipping-taxable","15":"purchasable","16":"product-type-simple"},"yoast_head":"<!-- This site is optimized with the Yoast SEO plugin v27.4 - https:\/\/yoast.com\/product\/yoast-seo-wordpress\/ -->\n<title>Sabre de Cavalerie US - Vente Sabre Guerre de S\u00e9cession - RMC<\/title>\n<meta name=\"description\" content=\"D\u00e9couvrez ce Sabre de Cavalerie US au meilleur prix - Lame forg\u00e9e main en acier carbone - Garde en laiton - Fourreau acier inox - Longueur totale : 107 cm\" \/>\n<meta name=\"robots\" content=\"index, follow, max-snippet:-1, max-image-preview:large, max-video-preview:-1\" \/>\n<link rel=\"canonical\" href=\"https:\/\/repliquemangacine.fr\/it\/spade-del-1-impero\/sciabola-da-cavalleria-statunitense-del-xix-secolo\/\" \/>\n<meta property=\"og:locale\" content=\"it_IT\" \/>\n<meta property=\"og:type\" content=\"article\" \/>\n<meta property=\"og:title\" content=\"Sabre de Cavalerie US - Vente Sabre Guerre de S\u00e9cession - RMC\" \/>\n<meta property=\"og:description\" content=\"D\u00e9couvrez ce Sabre de Cavalerie US au meilleur prix - Lame forg\u00e9e main en acier carbone - Garde en laiton - Fourreau acier inox - Longueur totale : 107 cm\" \/>\n<meta property=\"og:url\" content=\"https:\/\/repliquemangacine.fr\/it\/spade-del-1-impero\/sciabola-da-cavalleria-statunitense-del-xix-secolo\/\" \/>\n<meta property=\"og:site_name\" content=\"R\u00e9plique Manga Cin\u00e9\" \/>\n<meta property=\"article:publisher\" content=\"https:\/\/www.facebook.com\/RepliqueMangaCine\" \/>\n<meta property=\"article:modified_time\" content=\"2026-03-31T08:04:55+00:00\" \/>\n<meta property=\"og:image\" content=\"https:\/\/repliquemangacine.fr\/wp-content\/uploads\/2023\/10\/2474-Replique-Sabre-de-Cavalerie-US-19eme-Sieclepoignee.jpg\" \/>\n\t<meta property=\"og:image:width\" content=\"600\" \/>\n\t<meta property=\"og:image:height\" content=\"600\" \/>\n\t<meta property=\"og:image:type\" content=\"image\/jpeg\" \/>\n<meta name=\"twitter:card\" content=\"summary_large_image\" \/>\n<meta name=\"twitter:label1\" content=\"Tempo di lettura stimato\" \/>\n\t<meta name=\"twitter:data1\" content=\"2 minuti\" \/>\n<script type=\"application\/ld+json\" class=\"yoast-schema-graph\">{\"@context\":\"https:\\\/\\\/schema.org\",\"@graph\":[{\"@type\":\"WebPage\",\"@id\":\"https:\\\/\\\/repliquemangacine.fr\\\/sabres-1er-empire\\\/sabre-de-cavalerie-us-19eme-siecle\\\/\",\"url\":\"https:\\\/\\\/repliquemangacine.fr\\\/sabres-1er-empire\\\/sabre-de-cavalerie-us-19eme-siecle\\\/\",\"name\":\"Sabre de Cavalerie US - Vente Sabre Guerre de S\u00e9cession - RMC\",\"isPartOf\":{\"@id\":\"https:\\\/\\\/repliquemangacine.fr\\\/#website\"},\"primaryImageOfPage\":{\"@id\":\"https:\\\/\\\/repliquemangacine.fr\\\/sabres-1er-empire\\\/sabre-de-cavalerie-us-19eme-siecle\\\/#primaryimage\"},\"image\":{\"@id\":\"https:\\\/\\\/repliquemangacine.fr\\\/sabres-1er-empire\\\/sabre-de-cavalerie-us-19eme-siecle\\\/#primaryimage\"},\"thumbnailUrl\":\"https:\\\/\\\/repliquemangacine.fr\\\/wp-content\\\/uploads\\\/2023\\\/10\\\/2474-Replique-Sabre-de-Cavalerie-US-19eme-Sieclepoignee.jpg\",\"datePublished\":\"2018-03-15T16:07:57+00:00\",\"dateModified\":\"2026-03-31T08:04:55+00:00\",\"description\":\"D\u00e9couvrez ce Sabre de Cavalerie US au meilleur prix - Lame forg\u00e9e main en acier carbone - Garde en laiton - Fourreau acier inox - Longueur totale : 107 cm\",\"breadcrumb\":{\"@id\":\"https:\\\/\\\/repliquemangacine.fr\\\/sabres-1er-empire\\\/sabre-de-cavalerie-us-19eme-siecle\\\/#breadcrumb\"},\"inLanguage\":\"it-IT\",\"potentialAction\":[{\"@type\":\"ReadAction\",\"target\":[\"https:\\\/\\\/repliquemangacine.fr\\\/sabres-1er-empire\\\/sabre-de-cavalerie-us-19eme-siecle\\\/\"]}]},{\"@type\":\"ImageObject\",\"inLanguage\":\"it-IT\",\"@id\":\"https:\\\/\\\/repliquemangacine.fr\\\/sabres-1er-empire\\\/sabre-de-cavalerie-us-19eme-siecle\\\/#primaryimage\",\"url\":\"https:\\\/\\\/repliquemangacine.fr\\\/wp-content\\\/uploads\\\/2023\\\/10\\\/2474-Replique-Sabre-de-Cavalerie-US-19eme-Sieclepoignee.jpg\",\"contentUrl\":\"https:\\\/\\\/repliquemangacine.fr\\\/wp-content\\\/uploads\\\/2023\\\/10\\\/2474-Replique-Sabre-de-Cavalerie-US-19eme-Sieclepoignee.jpg\",\"width\":600,\"height\":600,\"caption\":\"R\u00e9plique Sabre de Cavalerie US 19\u00e8me Si\u00e8cle+poignee\"},{\"@type\":\"BreadcrumbList\",\"@id\":\"https:\\\/\\\/repliquemangacine.fr\\\/sabres-1er-empire\\\/sabre-de-cavalerie-us-19eme-siecle\\\/#breadcrumb\",\"itemListElement\":[{\"@type\":\"ListItem\",\"position\":1,\"name\":\"Accueil\",\"item\":\"https:\\\/\\\/repliquemangacine.fr\\\/\"},{\"@type\":\"ListItem\",\"position\":2,\"name\":\"Produits\",\"item\":\"https:\\\/\\\/repliquemangacine.fr\\\/boutique\\\/\"},{\"@type\":\"ListItem\",\"position\":3,\"name\":\"Sabre de Cavalerie US 19\u00e8me Si\u00e8cle\"}]},{\"@type\":\"WebSite\",\"@id\":\"https:\\\/\\\/repliquemangacine.fr\\\/#website\",\"url\":\"https:\\\/\\\/repliquemangacine.fr\\\/\",\"name\":\"R\u00e9plique Manga Cin\u00e9\",\"description\":\"\",\"publisher\":{\"@id\":\"https:\\\/\\\/repliquemangacine.fr\\\/#organization\"},\"potentialAction\":[{\"@type\":\"SearchAction\",\"target\":{\"@type\":\"EntryPoint\",\"urlTemplate\":\"https:\\\/\\\/repliquemangacine.fr\\\/?s={search_term_string}\"},\"query-input\":{\"@type\":\"PropertyValueSpecification\",\"valueRequired\":true,\"valueName\":\"search_term_string\"}}],\"inLanguage\":\"it-IT\"},{\"@type\":\"Organization\",\"@id\":\"https:\\\/\\\/repliquemangacine.fr\\\/#organization\",\"name\":\"R\u00e9plique Manga Cin\u00e9\",\"url\":\"https:\\\/\\\/repliquemangacine.fr\\\/\",\"logo\":{\"@type\":\"ImageObject\",\"inLanguage\":\"it-IT\",\"@id\":\"https:\\\/\\\/repliquemangacine.fr\\\/#\\\/schema\\\/logo\\\/image\\\/\",\"url\":\"https:\\\/\\\/repliquemangacine.fr\\\/wp-content\\\/uploads\\\/2023\\\/10\\\/RMC-500250.png\",\"contentUrl\":\"https:\\\/\\\/repliquemangacine.fr\\\/wp-content\\\/uploads\\\/2023\\\/10\\\/RMC-500250.png\",\"width\":500,\"height\":250,\"caption\":\"R\u00e9plique Manga Cin\u00e9\"},\"image\":{\"@id\":\"https:\\\/\\\/repliquemangacine.fr\\\/#\\\/schema\\\/logo\\\/image\\\/\"},\"sameAs\":[\"https:\\\/\\\/www.facebook.com\\\/RepliqueMangaCine\",\"https:\\\/\\\/www.instagram.com\\\/repliquemangacine.fr\\\/\"]}]}<\/script>\n<!-- \/ Yoast SEO plugin. -->","yoast_head_json":{"title":"Sciabola della cavalleria statunitense - Vendita sciabole della guerra civile - RMC","description":"Scopri questa sciabola della cavalleria americana al miglior prezzo - Lama in acciaio al carbonio forgiata a mano - Guardia in ottone - Fodero in acciaio inox - Lunghezza totale: 107 cm","robots":{"index":"index","follow":"follow","max-snippet":"max-snippet:-1","max-image-preview":"max-image-preview:large","max-video-preview":"max-video-preview:-1"},"canonical":"https:\/\/repliquemangacine.fr\/it\/spade-del-1-impero\/sciabola-da-cavalleria-statunitense-del-xix-secolo\/","og_locale":"it_IT","og_type":"article","og_title":"Sabre de Cavalerie US - Vente Sabre Guerre de S\u00e9cession - RMC","og_description":"D\u00e9couvrez ce Sabre de Cavalerie US au meilleur prix - Lame forg\u00e9e main en acier carbone - Garde en laiton - Fourreau acier inox - Longueur totale : 107 cm","og_url":"https:\/\/repliquemangacine.fr\/it\/spade-del-1-impero\/sciabola-da-cavalleria-statunitense-del-xix-secolo\/","og_site_name":"R\u00e9plique Manga Cin\u00e9","article_publisher":"https:\/\/www.facebook.com\/RepliqueMangaCine","article_modified_time":"2026-03-31T08:04:55+00:00","og_image":[{"width":600,"height":600,"url":"https:\/\/repliquemangacine.fr\/wp-content\/uploads\/2023\/10\/2474-Replique-Sabre-de-Cavalerie-US-19eme-Sieclepoignee.jpg","type":"image\/jpeg"}],"twitter_card":"summary_large_image","twitter_misc":{"Tempo di lettura stimato":"2 minuti"},"schema":{"@context":"https:\/\/schema.org","@graph":[{"@type":"WebPage","@id":"https:\/\/repliquemangacine.fr\/sabres-1er-empire\/sabre-de-cavalerie-us-19eme-siecle\/","url":"https:\/\/repliquemangacine.fr\/sabres-1er-empire\/sabre-de-cavalerie-us-19eme-siecle\/","name":"Sciabola della cavalleria statunitense - Vendita sciabole della guerra civile - RMC","isPartOf":{"@id":"https:\/\/repliquemangacine.fr\/#website"},"primaryImageOfPage":{"@id":"https:\/\/repliquemangacine.fr\/sabres-1er-empire\/sabre-de-cavalerie-us-19eme-siecle\/#primaryimage"},"image":{"@id":"https:\/\/repliquemangacine.fr\/sabres-1er-empire\/sabre-de-cavalerie-us-19eme-siecle\/#primaryimage"},"thumbnailUrl":"https:\/\/repliquemangacine.fr\/wp-content\/uploads\/2023\/10\/2474-Replique-Sabre-de-Cavalerie-US-19eme-Sieclepoignee.jpg","datePublished":"2018-03-15T16:07:57+00:00","dateModified":"2026-03-31T08:04:55+00:00","description":"Scopri questa sciabola della cavalleria americana al miglior prezzo - Lama in acciaio al carbonio forgiata a mano - Guardia in ottone - Fodero in acciaio inox - Lunghezza totale: 107 cm","breadcrumb":{"@id":"https:\/\/repliquemangacine.fr\/sabres-1er-empire\/sabre-de-cavalerie-us-19eme-siecle\/#breadcrumb"},"inLanguage":"it-IT","potentialAction":[{"@type":"ReadAction","target":["https:\/\/repliquemangacine.fr\/sabres-1er-empire\/sabre-de-cavalerie-us-19eme-siecle\/"]}]},{"@type":"ImageObject","inLanguage":"it-IT","@id":"https:\/\/repliquemangacine.fr\/sabres-1er-empire\/sabre-de-cavalerie-us-19eme-siecle\/#primaryimage","url":"https:\/\/repliquemangacine.fr\/wp-content\/uploads\/2023\/10\/2474-Replique-Sabre-de-Cavalerie-US-19eme-Sieclepoignee.jpg","contentUrl":"https:\/\/repliquemangacine.fr\/wp-content\/uploads\/2023\/10\/2474-Replique-Sabre-de-Cavalerie-US-19eme-Sieclepoignee.jpg","width":600,"height":600,"caption":"R\u00e9plique Sabre de Cavalerie US 19\u00e8me Si\u00e8cle+poignee"},{"@type":"BreadcrumbList","@id":"https:\/\/repliquemangacine.fr\/sabres-1er-empire\/sabre-de-cavalerie-us-19eme-siecle\/#breadcrumb","itemListElement":[{"@type":"ListItem","position":1,"name":"Accueil","item":"https:\/\/repliquemangacine.fr\/"},{"@type":"ListItem","position":2,"name":"Produits","item":"https:\/\/repliquemangacine.fr\/boutique\/"},{"@type":"ListItem","position":3,"name":"Sabre de Cavalerie US 19\u00e8me Si\u00e8cle"}]},{"@type":"WebSite","@id":"https:\/\/repliquemangacine.fr\/#website","url":"https:\/\/repliquemangacine.fr\/","name":"R\u00e9plique Manga Cin\u00e9","description":"","publisher":{"@id":"https:\/\/repliquemangacine.fr\/#organization"},"potentialAction":[{"@type":"SearchAction","target":{"@type":"EntryPoint","urlTemplate":"https:\/\/repliquemangacine.fr\/?s={search_term_string}"},"query-input":{"@type":"PropertyValueSpecification","valueRequired":true,"valueName":"search_term_string"}}],"inLanguage":"it-IT"},{"@type":"Organization","@id":"https:\/\/repliquemangacine.fr\/#organization","name":"R\u00e9plique Manga Cin\u00e9","url":"https:\/\/repliquemangacine.fr\/","logo":{"@type":"ImageObject","inLanguage":"it-IT","@id":"https:\/\/repliquemangacine.fr\/#\/schema\/logo\/image\/","url":"https:\/\/repliquemangacine.fr\/wp-content\/uploads\/2023\/10\/RMC-500250.png","contentUrl":"https:\/\/repliquemangacine.fr\/wp-content\/uploads\/2023\/10\/RMC-500250.png","width":500,"height":250,"caption":"R\u00e9plique Manga Cin\u00e9"},"image":{"@id":"https:\/\/repliquemangacine.fr\/#\/schema\/logo\/image\/"},"sameAs":["https:\/\/www.facebook.com\/RepliqueMangaCine","https:\/\/www.instagram.com\/repliquemangacine.fr\/"]}]}},"_links":{"self":[{"href":"https:\/\/repliquemangacine.fr\/it\/wp-json\/wp\/v2\/product\/27708","targetHints":{"allow":["GET"]}}],"collection":[{"href":"https:\/\/repliquemangacine.fr\/it\/wp-json\/wp\/v2\/product"}],"about":[{"href":"https:\/\/repliquemangacine.fr\/it\/wp-json\/wp\/v2\/types\/product"}],"wp:featuredmedia":[{"embeddable":true,"href":"https:\/\/repliquemangacine.fr\/it\/wp-json\/wp\/v2\/media\/27709"}],"wp:attachment":[{"href":"https:\/\/repliquemangacine.fr\/it\/wp-json\/wp\/v2\/media?parent=27708"}],"wp:term":[{"taxonomy":"product_brand","embeddable":true,"href":"https:\/\/repliquemangacine.fr\/it\/wp-json\/wp\/v2\/product_brand?post=27708"},{"taxonomy":"product_cat","embeddable":true,"href":"https:\/\/repliquemangacine.fr\/it\/wp-json\/wp\/v2\/product_cat?post=27708"},{"taxonomy":"product_tag","embeddable":true,"href":"https:\/\/repliquemangacine.fr\/it\/wp-json\/wp\/v2\/product_tag?post=27708"}],"curies":[{"name":"wp","href":"https:\/\/api.w.org\/{rel}","templated":true}]}}