





{"id":27697,"date":"2018-02-25T15:31:57","date_gmt":"2018-02-25T14:31:57","guid":{"rendered":"https:\/\/repliquemangacine.fr\/?post_type=product&#038;p=27697"},"modified":"2025-09-23T18:01:58","modified_gmt":"2025-09-23T16:01:58","slug":"chiave-di-coltello-guardia-master-kingdom-hearts-chiave-eraqus","status":"publish","type":"product","link":"https:\/\/repliquemangacine.fr\/it\/katana-et-epee-de-jeux-video-autre-jeux-video\/keyblade-garde-du-maitre-kingdom-hearts-cle-eraqus\/","title":{"rendered":"Keyblade della Guardia del Maestro"},"content":{"rendered":"<h2>Keyblade della Guardia del Maestro in Kingdom Hearts.<\/h2>\n<p>Per cominciare, il <strong>Keyblade della Guardia del Maestro<\/strong> \u00e8 il Keyblade di Brain, ereditato dal suo discendente Eraqus e trasmesso alla sua apprendista Aqua. Viene anche brandito dall'Armatura di Eraqus nell'Arena dei Miraggi.<\/p>\n<p><a href=\"https:\/\/kingdomhearts.fandom.com\/fr\/wiki\/Eraqus\" target=\"_blank\" rel=\"noopener noreferrer\">Maestro Eraqus<\/a> \u00e8 il maestro di Terra, Ven e Aqua. Gran maestro del Keyblade e guardiano della Terra della Partenza, \u00e8 anche amico ed ex allievo di Xehanort.<\/p>\n<p>Il Maestro Eraqus \u00e8 un potente Maestro del Keyblade, dotato di grande autocontrollo e saggezza. Considera Terra, Ventus e Aqua come suoi figli, non privilegiando nessuno dei tre apprendisti e preoccupandosi di loro. Ha una grande avversione per l'oscurit\u00e0 e pensa solo all'equilibrio dei mondi.<\/p>\n<h2>Il vostro Keyblade Garde du Maitre al miglior prezzo.<\/h2>\n<p>Offriamo un'ampia gamma di riproduzioni di manga e videogiochi.<\/p>\n<p>Innanzitutto,<\/p>\n<ul>\n<li>La replica del <a href=\"https:\/\/repliquemangacine.fr\/it\/altri-videogiochi\/souvenir-keyblade-perdue-kingdom-hearts\/\">Keyblade Oblivion<\/a> (Memoria persa) tutto in metallo.<\/li>\n<li>Cos\u00ec come il<a href=\"https:\/\/repliquemangacine.fr\/it\/altri-videogiochi\/catena-reale-sora-keyblade-kingdom-hearts\/\"> Catena reale del Keyblade di Sora<\/a>la sua arma principale.<\/li>\n<li>C'\u00e8 anche La r\u00e9plique de la <a href=\"https:\/\/repliquemangacine.fr\/it\/altri-videogiochi\/keyblade-guardiano-del-giuramento-tenera-promessa\/\">Custode del Keyblade<\/a> Una tenera promessa<\/li>\n<li>E molti altri da scoprire nel nostro negozio online!<\/li>\n<\/ul>\n<p>Ecco quindi alcune grandi idee regalo per tutti i fan di Kingdom Hearts.<\/p>\n<p>In conclusione, \u00e8 possibile utilizzare il metodo <strong>Keyblade della Guardia del Maestro<\/strong> per le vostre sfilate Cosplay. Ma soprattutto, questa spada \u00e8 un oggetto da collezione e un pezzo decorativo.<\/p>\n<p>R\u00e9plique Manga Cin\u00e9 \u00e8 una societ\u00e0 francese<\/p>\n<h2>Come faccio a mantenere la mia chiave Kingdom Hearts?<\/h2>\n<p>Le armi da collezione e decorative sono fabbricate e assemblate in modo semplificato. Essendo destinate a scopi decorativi, non dispongono degli elementi di sicurezza necessari per una spada giapponese destinata all'allenamento.<\/p>\n<p>Tuttavia, il vostro <strong>Keyblade della Guardia del Maestro<\/strong> La lama \u00e8 in acciaio e deve essere mantenuta per evitare che si danneggi nel tempo. Quando si espone la katana, gli amici saranno curiosi di vedere la lama e di toccarla. \u00c8 qui che bisogna fare attenzione, perch\u00e9 l'acidit\u00e0 delle dita \u00e8 molto dannosa per l'acciaio, indipendentemente dalla sua qualit\u00e0.<\/p>\n<p>Tuttavia, se ci\u00f2 dovesse accadere, niente panico: basta un panno inumidito con un po' d'olio per eliminare le impronte. In questo modo, la spada durer\u00e0 a lungo.<\/p>\n<p><strong>\u00a0<\/strong><\/p>","protected":false},"excerpt":{"rendered":"<p>Il keyblade del Maestro Eraqus nel videogioco Kingdom Hearts: Birth by Sleep.<\/p>\n<ul>\n<li>Realizzato interamente in acciaio inox verniciato.<\/li>\n<li>Punta a forma di E.<\/li>\n<li>Protezione metallica quadrata.<\/li>\n<li>Maniglia in metallo.<\/li>\n<li>Catenina da 50 cm con simbolo del proprietario.<\/li>\n<li>Lunghezza totale: 89 cm - Peso: 1320grs<\/li>\n<\/ul>","protected":false},"featured_media":27698,"template":"","meta":[],"product_brand":[896],"product_cat":[23,67],"product_tag":[],"class_list":{"0":"post-27697","1":"product","2":"type-product","3":"status-publish","4":"has-post-thumbnail","6":"product_brand-replique-manga-cine","7":"product_cat-repliques-manga-jeux-video","8":"product_cat-katana-et-epee-de-jeux-video-autre-jeux-video","10":"first","11":"instock","12":"sale","13":"taxable","14":"shipping-taxable","15":"purchasable","16":"product-type-simple"},"yoast_head":"<!-- This site is optimized with the Yoast SEO plugin v27.4 - https:\/\/yoast.com\/product\/yoast-seo-wordpress\/ -->\n<title>Keyblade Garde du Ma\u00eetre - Kingdom Hearts | RMC<\/title>\n<meta name=\"description\" content=\"Devenez un puissant maitre avec cette Keyblade Garde du Ma\u00eetre pas ch\u00e8re. Tout en m\u00e9tal - Chainette - Longueur totale : 89cm - Envoi 24\/48h\" \/>\n<meta name=\"robots\" content=\"index, follow, max-snippet:-1, max-image-preview:large, max-video-preview:-1\" \/>\n<link rel=\"canonical\" href=\"https:\/\/repliquemangacine.fr\/it\/katana-e-spada-videogiochi-altri-videogiochi\/chiave-di-coltello-guardia-master-kingdom-hearts-chiave-eraqus\/\" \/>\n<meta property=\"og:locale\" content=\"it_IT\" \/>\n<meta property=\"og:type\" content=\"article\" \/>\n<meta property=\"og:title\" content=\"Keyblade Garde du Ma\u00eetre - Kingdom Hearts | RMC\" \/>\n<meta property=\"og:description\" content=\"Devenez un puissant maitre avec cette Keyblade Garde du Ma\u00eetre pas ch\u00e8re. Tout en m\u00e9tal - Chainette - Longueur totale : 89cm - Envoi 24\/48h\" \/>\n<meta property=\"og:url\" content=\"https:\/\/repliquemangacine.fr\/it\/katana-e-spada-videogiochi-altri-videogiochi\/chiave-di-coltello-guardia-master-kingdom-hearts-chiave-eraqus\/\" \/>\n<meta property=\"og:site_name\" content=\"R\u00e9plique Manga Cin\u00e9\" \/>\n<meta property=\"article:publisher\" content=\"https:\/\/www.facebook.com\/RepliqueMangaCine\" \/>\n<meta property=\"article:modified_time\" content=\"2025-09-23T16:01:58+00:00\" \/>\n<meta property=\"og:image\" content=\"https:\/\/repliquemangacine.fr\/wp-content\/uploads\/2023\/10\/2465-Keyblade-Master-Keeper-Kingdom-Hearts-Cle-Eraqus-Birth-by-Sleep.jpg\" \/>\n\t<meta property=\"og:image:width\" content=\"600\" \/>\n\t<meta property=\"og:image:height\" content=\"600\" \/>\n\t<meta property=\"og:image:type\" content=\"image\/jpeg\" \/>\n<meta name=\"twitter:card\" content=\"summary_large_image\" \/>\n<meta name=\"twitter:label1\" content=\"Tempo di lettura stimato\" \/>\n\t<meta name=\"twitter:data1\" content=\"2 minuti\" \/>\n<script type=\"application\/ld+json\" class=\"yoast-schema-graph\">{\"@context\":\"https:\\\/\\\/schema.org\",\"@graph\":[{\"@type\":\"WebPage\",\"@id\":\"https:\\\/\\\/repliquemangacine.fr\\\/de\\\/katana-und-schwert-von-videospielen-andere-videospiele\\\/keyblade-wachter-des-meisters-kingdom-hearts-eraqus-schlussel\\\/\",\"url\":\"https:\\\/\\\/repliquemangacine.fr\\\/de\\\/katana-und-schwert-von-videospielen-andere-videospiele\\\/keyblade-wachter-des-meisters-kingdom-hearts-eraqus-schlussel\\\/\",\"name\":\"Keyblade Garde du Ma\u00eetre - Kingdom Hearts | RMC\",\"isPartOf\":{\"@id\":\"https:\\\/\\\/repliquemangacine.fr\\\/#website\"},\"primaryImageOfPage\":{\"@id\":\"https:\\\/\\\/repliquemangacine.fr\\\/de\\\/katana-und-schwert-von-videospielen-andere-videospiele\\\/keyblade-wachter-des-meisters-kingdom-hearts-eraqus-schlussel\\\/#primaryimage\"},\"image\":{\"@id\":\"https:\\\/\\\/repliquemangacine.fr\\\/de\\\/katana-und-schwert-von-videospielen-andere-videospiele\\\/keyblade-wachter-des-meisters-kingdom-hearts-eraqus-schlussel\\\/#primaryimage\"},\"thumbnailUrl\":\"https:\\\/\\\/repliquemangacine.fr\\\/wp-content\\\/uploads\\\/2023\\\/10\\\/2465-Keyblade-Master-Keeper-Kingdom-Hearts-Cle-Eraqus-Birth-by-Sleep.jpg\",\"datePublished\":\"2018-02-25T14:31:57+00:00\",\"dateModified\":\"2025-09-23T16:01:58+00:00\",\"description\":\"Devenez un puissant maitre avec cette Keyblade Garde du Ma\u00eetre pas ch\u00e8re. Tout en m\u00e9tal - Chainette - Longueur totale : 89cm - Envoi 24\\\/48h\",\"breadcrumb\":{\"@id\":\"https:\\\/\\\/repliquemangacine.fr\\\/de\\\/katana-und-schwert-von-videospielen-andere-videospiele\\\/keyblade-wachter-des-meisters-kingdom-hearts-eraqus-schlussel\\\/#breadcrumb\"},\"inLanguage\":\"it-IT\",\"potentialAction\":[{\"@type\":\"ReadAction\",\"target\":[\"https:\\\/\\\/repliquemangacine.fr\\\/de\\\/katana-und-schwert-von-videospielen-andere-videospiele\\\/keyblade-wachter-des-meisters-kingdom-hearts-eraqus-schlussel\\\/\"]}]},{\"@type\":\"ImageObject\",\"inLanguage\":\"it-IT\",\"@id\":\"https:\\\/\\\/repliquemangacine.fr\\\/de\\\/katana-und-schwert-von-videospielen-andere-videospiele\\\/keyblade-wachter-des-meisters-kingdom-hearts-eraqus-schlussel\\\/#primaryimage\",\"url\":\"https:\\\/\\\/repliquemangacine.fr\\\/wp-content\\\/uploads\\\/2023\\\/10\\\/2465-Keyblade-Master-Keeper-Kingdom-Hearts-Cle-Eraqus-Birth-by-Sleep.jpg\",\"contentUrl\":\"https:\\\/\\\/repliquemangacine.fr\\\/wp-content\\\/uploads\\\/2023\\\/10\\\/2465-Keyblade-Master-Keeper-Kingdom-Hearts-Cle-Eraqus-Birth-by-Sleep.jpg\",\"width\":600,\"height\":600,\"caption\":\"Keyblade Garde du Ma\u00eetre\"},{\"@type\":\"BreadcrumbList\",\"@id\":\"https:\\\/\\\/repliquemangacine.fr\\\/de\\\/katana-und-schwert-von-videospielen-andere-videospiele\\\/keyblade-wachter-des-meisters-kingdom-hearts-eraqus-schlussel\\\/#breadcrumb\",\"itemListElement\":[{\"@type\":\"ListItem\",\"position\":1,\"name\":\"Accueil\",\"item\":\"https:\\\/\\\/repliquemangacine.fr\\\/\"},{\"@type\":\"ListItem\",\"position\":2,\"name\":\"Produits\",\"item\":\"https:\\\/\\\/repliquemangacine.fr\\\/boutique\\\/\"},{\"@type\":\"ListItem\",\"position\":3,\"name\":\"Keyblade Garde du Ma\u00eetre\"}]},{\"@type\":\"WebSite\",\"@id\":\"https:\\\/\\\/repliquemangacine.fr\\\/#website\",\"url\":\"https:\\\/\\\/repliquemangacine.fr\\\/\",\"name\":\"R\u00e9plique Manga Cin\u00e9\",\"description\":\"\",\"publisher\":{\"@id\":\"https:\\\/\\\/repliquemangacine.fr\\\/#organization\"},\"potentialAction\":[{\"@type\":\"SearchAction\",\"target\":{\"@type\":\"EntryPoint\",\"urlTemplate\":\"https:\\\/\\\/repliquemangacine.fr\\\/?s={search_term_string}\"},\"query-input\":{\"@type\":\"PropertyValueSpecification\",\"valueRequired\":true,\"valueName\":\"search_term_string\"}}],\"inLanguage\":\"it-IT\"},{\"@type\":\"Organization\",\"@id\":\"https:\\\/\\\/repliquemangacine.fr\\\/#organization\",\"name\":\"R\u00e9plique Manga Cin\u00e9\",\"url\":\"https:\\\/\\\/repliquemangacine.fr\\\/\",\"logo\":{\"@type\":\"ImageObject\",\"inLanguage\":\"it-IT\",\"@id\":\"https:\\\/\\\/repliquemangacine.fr\\\/#\\\/schema\\\/logo\\\/image\\\/\",\"url\":\"https:\\\/\\\/repliquemangacine.fr\\\/wp-content\\\/uploads\\\/2023\\\/10\\\/RMC-500250.png\",\"contentUrl\":\"https:\\\/\\\/repliquemangacine.fr\\\/wp-content\\\/uploads\\\/2023\\\/10\\\/RMC-500250.png\",\"width\":500,\"height\":250,\"caption\":\"R\u00e9plique Manga Cin\u00e9\"},\"image\":{\"@id\":\"https:\\\/\\\/repliquemangacine.fr\\\/#\\\/schema\\\/logo\\\/image\\\/\"},\"sameAs\":[\"https:\\\/\\\/www.facebook.com\\\/RepliqueMangaCine\",\"https:\\\/\\\/www.instagram.com\\\/repliquemangacine.fr\\\/\"]}]}<\/script>\n<!-- \/ Yoast SEO plugin. -->","yoast_head_json":{"title":"Keyblade della Guardia Maestro - Kingdom Hearts | RMC","description":"Diventa un potente maestro con questo Keyblade Master Guard economico. Tutto in metallo - Catenaccio - Lunghezza totale: 89cm - Spedizione 24\/48h","robots":{"index":"index","follow":"follow","max-snippet":"max-snippet:-1","max-image-preview":"max-image-preview:large","max-video-preview":"max-video-preview:-1"},"canonical":"https:\/\/repliquemangacine.fr\/it\/katana-e-spada-videogiochi-altri-videogiochi\/chiave-di-coltello-guardia-master-kingdom-hearts-chiave-eraqus\/","og_locale":"it_IT","og_type":"article","og_title":"Keyblade Garde du Ma\u00eetre - Kingdom Hearts | RMC","og_description":"Devenez un puissant maitre avec cette Keyblade Garde du Ma\u00eetre pas ch\u00e8re. Tout en m\u00e9tal - Chainette - Longueur totale : 89cm - Envoi 24\/48h","og_url":"https:\/\/repliquemangacine.fr\/it\/katana-e-spada-videogiochi-altri-videogiochi\/chiave-di-coltello-guardia-master-kingdom-hearts-chiave-eraqus\/","og_site_name":"R\u00e9plique Manga Cin\u00e9","article_publisher":"https:\/\/www.facebook.com\/RepliqueMangaCine","article_modified_time":"2025-09-23T16:01:58+00:00","og_image":[{"width":600,"height":600,"url":"https:\/\/repliquemangacine.fr\/wp-content\/uploads\/2023\/10\/2465-Keyblade-Master-Keeper-Kingdom-Hearts-Cle-Eraqus-Birth-by-Sleep.jpg","type":"image\/jpeg"}],"twitter_card":"summary_large_image","twitter_misc":{"Tempo di lettura stimato":"2 minuti"},"schema":{"@context":"https:\/\/schema.org","@graph":[{"@type":"WebPage","@id":"https:\/\/repliquemangacine.fr\/de\/katana-und-schwert-von-videospielen-andere-videospiele\/keyblade-wachter-des-meisters-kingdom-hearts-eraqus-schlussel\/","url":"https:\/\/repliquemangacine.fr\/de\/katana-und-schwert-von-videospielen-andere-videospiele\/keyblade-wachter-des-meisters-kingdom-hearts-eraqus-schlussel\/","name":"Keyblade della Guardia Maestro - Kingdom Hearts | RMC","isPartOf":{"@id":"https:\/\/repliquemangacine.fr\/#website"},"primaryImageOfPage":{"@id":"https:\/\/repliquemangacine.fr\/de\/katana-und-schwert-von-videospielen-andere-videospiele\/keyblade-wachter-des-meisters-kingdom-hearts-eraqus-schlussel\/#primaryimage"},"image":{"@id":"https:\/\/repliquemangacine.fr\/de\/katana-und-schwert-von-videospielen-andere-videospiele\/keyblade-wachter-des-meisters-kingdom-hearts-eraqus-schlussel\/#primaryimage"},"thumbnailUrl":"https:\/\/repliquemangacine.fr\/wp-content\/uploads\/2023\/10\/2465-Keyblade-Master-Keeper-Kingdom-Hearts-Cle-Eraqus-Birth-by-Sleep.jpg","datePublished":"2018-02-25T14:31:57+00:00","dateModified":"2025-09-23T16:01:58+00:00","description":"Diventa un potente maestro con questo Keyblade Master Guard economico. Tutto in metallo - Catenaccio - Lunghezza totale: 89cm - Spedizione 24\/48h","breadcrumb":{"@id":"https:\/\/repliquemangacine.fr\/de\/katana-und-schwert-von-videospielen-andere-videospiele\/keyblade-wachter-des-meisters-kingdom-hearts-eraqus-schlussel\/#breadcrumb"},"inLanguage":"it-IT","potentialAction":[{"@type":"ReadAction","target":["https:\/\/repliquemangacine.fr\/de\/katana-und-schwert-von-videospielen-andere-videospiele\/keyblade-wachter-des-meisters-kingdom-hearts-eraqus-schlussel\/"]}]},{"@type":"ImageObject","inLanguage":"it-IT","@id":"https:\/\/repliquemangacine.fr\/de\/katana-und-schwert-von-videospielen-andere-videospiele\/keyblade-wachter-des-meisters-kingdom-hearts-eraqus-schlussel\/#primaryimage","url":"https:\/\/repliquemangacine.fr\/wp-content\/uploads\/2023\/10\/2465-Keyblade-Master-Keeper-Kingdom-Hearts-Cle-Eraqus-Birth-by-Sleep.jpg","contentUrl":"https:\/\/repliquemangacine.fr\/wp-content\/uploads\/2023\/10\/2465-Keyblade-Master-Keeper-Kingdom-Hearts-Cle-Eraqus-Birth-by-Sleep.jpg","width":600,"height":600,"caption":"Keyblade Garde du Ma\u00eetre"},{"@type":"BreadcrumbList","@id":"https:\/\/repliquemangacine.fr\/de\/katana-und-schwert-von-videospielen-andere-videospiele\/keyblade-wachter-des-meisters-kingdom-hearts-eraqus-schlussel\/#breadcrumb","itemListElement":[{"@type":"ListItem","position":1,"name":"Accueil","item":"https:\/\/repliquemangacine.fr\/"},{"@type":"ListItem","position":2,"name":"Produits","item":"https:\/\/repliquemangacine.fr\/boutique\/"},{"@type":"ListItem","position":3,"name":"Keyblade Garde du Ma\u00eetre"}]},{"@type":"WebSite","@id":"https:\/\/repliquemangacine.fr\/#website","url":"https:\/\/repliquemangacine.fr\/","name":"R\u00e9plique Manga Cin\u00e9","description":"","publisher":{"@id":"https:\/\/repliquemangacine.fr\/#organization"},"potentialAction":[{"@type":"SearchAction","target":{"@type":"EntryPoint","urlTemplate":"https:\/\/repliquemangacine.fr\/?s={search_term_string}"},"query-input":{"@type":"PropertyValueSpecification","valueRequired":true,"valueName":"search_term_string"}}],"inLanguage":"it-IT"},{"@type":"Organization","@id":"https:\/\/repliquemangacine.fr\/#organization","name":"R\u00e9plique Manga Cin\u00e9","url":"https:\/\/repliquemangacine.fr\/","logo":{"@type":"ImageObject","inLanguage":"it-IT","@id":"https:\/\/repliquemangacine.fr\/#\/schema\/logo\/image\/","url":"https:\/\/repliquemangacine.fr\/wp-content\/uploads\/2023\/10\/RMC-500250.png","contentUrl":"https:\/\/repliquemangacine.fr\/wp-content\/uploads\/2023\/10\/RMC-500250.png","width":500,"height":250,"caption":"R\u00e9plique Manga Cin\u00e9"},"image":{"@id":"https:\/\/repliquemangacine.fr\/#\/schema\/logo\/image\/"},"sameAs":["https:\/\/www.facebook.com\/RepliqueMangaCine","https:\/\/www.instagram.com\/repliquemangacine.fr\/"]}]}},"_links":{"self":[{"href":"https:\/\/repliquemangacine.fr\/it\/wp-json\/wp\/v2\/product\/27697","targetHints":{"allow":["GET"]}}],"collection":[{"href":"https:\/\/repliquemangacine.fr\/it\/wp-json\/wp\/v2\/product"}],"about":[{"href":"https:\/\/repliquemangacine.fr\/it\/wp-json\/wp\/v2\/types\/product"}],"wp:featuredmedia":[{"embeddable":true,"href":"https:\/\/repliquemangacine.fr\/it\/wp-json\/wp\/v2\/media\/27698"}],"wp:attachment":[{"href":"https:\/\/repliquemangacine.fr\/it\/wp-json\/wp\/v2\/media?parent=27697"}],"wp:term":[{"taxonomy":"product_brand","embeddable":true,"href":"https:\/\/repliquemangacine.fr\/it\/wp-json\/wp\/v2\/product_brand?post=27697"},{"taxonomy":"product_cat","embeddable":true,"href":"https:\/\/repliquemangacine.fr\/it\/wp-json\/wp\/v2\/product_cat?post=27697"},{"taxonomy":"product_tag","embeddable":true,"href":"https:\/\/repliquemangacine.fr\/it\/wp-json\/wp\/v2\/product_tag?post=27697"}],"curies":[{"name":"wp","href":"https:\/\/api.w.org\/{rel}","templated":true}]}}