





{"id":27673,"date":"2018-02-09T18:28:41","date_gmt":"2018-02-09T17:28:41","guid":{"rendered":"https:\/\/repliquemangacine.fr\/?post_type=product&#038;p=27673"},"modified":"2025-09-23T18:01:58","modified_gmt":"2025-09-23T16:01:58","slug":"replica-spada-ojeda-assassin-s-creed","status":"publish","type":"product","link":"https:\/\/repliquemangacine.fr\/it\/armes-assassins-creed\/replique-epee-ojeda-assassin-s-creed\/","title":{"rendered":"Ojeda Spada Assassin's Creed"},"content":{"rendered":"<h2>Spada Ojeda nel film di Assassin's Creed.<\/h2>\n<p>Per cominciare, il<strong>Spada Ojeda<\/strong> \u00e8 identico a quello visto nel film di Assassin's Creed.<\/p>\n<p><a href=\"https:\/\/assassinscreed.fandom.com\/fr\/wiki\/Ojeda\" target=\"_blank\" rel=\"noopener noreferrer\">Alonso de Ojeda<\/a> era un esploratore e conquistatore spagnolo. Guid\u00f2 un esercito di Cavalieri Templari durante l'Inquisizione spagnola. Aveva anche una presenza imponente, nota per la croce rosso sangue sulla sua armatura e una gigantesca cicatrice sul viso.  Aveva un odio profondo per Aguilar de Nerha.<\/p>\n<p>Mentre Tom\u00e1s de Torquemada, suo superiore, tirava le fila, Ojeda svolgeva il lavoro sul campo. Inoltre, eseguiva sentenze brutali su chiunque osasse sfidare l'Inquisizione. Anche radere al suolo intere citt\u00e0 non gli imped\u00ec di dormire per raggiungere il suo obiettivo.<\/p>\n<p>Grazie a una tecnologia rivoluzionaria che libera la memoria genetica, Callum Lynch rivive le avventure del suo antenato Aguilar.<\/p>\n<h2>Il tuo Assassin's Creed Ojeda Sword al miglior prezzo<\/h2>\n<p>Vi proponiamo tutte le battute dei vostri personaggi preferiti nel film di Assassin's Creed.<\/p>\n<p>Innanzitutto,<\/p>\n<ul>\n<li>L'<a href=\"https:\/\/repliquemangacine.fr\/it\/assassins-creed\/epee-daguilar-assassins-creed-le-film\/\">spada di Aguilar<\/a> che \u00e8 una riproduzione fedele dell'oggetto di scena originale utilizzato nel film.<\/li>\n<li>Cos\u00ec come il <a href=\"https:\/\/repliquemangacine.fr\/it\/assassins-creed\/pugnale-ojeda-assassin-s-creed\/\">Pugnale Ojeda<\/a>che \u00e8 anche una versione con pugnale dell'accessorio originale utilizzato nel film di Assassin's Creed.<\/li>\n<li>E molti altri da scoprire nel nostro negozio online!<\/li>\n<\/ul>\n<p>Se siete fan di Assassin's Creed, questa spada da collezione sar\u00e0 un'aggiunta essenziale alla vostra collezione. Ecco perch\u00e9 \u00e8 un'ottima idea regalo per i fan di Assassin's Creed.<\/p>\n<p>In conclusione, \u00e8 possibile utilizzare questa spada anche per le sfilate cosplay o le feste a tema. Ma soprattutto, questa <strong>Spada Ojeda<\/strong>\u00c8 un oggetto da collezione, ma si pu\u00f2 anche usare.<\/p>\n<h2>Come faccio a mantenere la lama della mia spada di Assassin's Creed?<\/h2>\n<p>Le spade da collezione e decorative sono realizzate e assemblate in modo semplificato. Poich\u00e9 il loro uso \u00e8 decorativo, non hanno le caratteristiche di sicurezza richieste da una sciabola giapponese destinata all'allenamento.<\/p>\n<p>Tuttavia, il vostro <strong>Spada Ojeda<\/strong> a una lama d'acciaio che deve essere curata per evitare che si danneggi nel tempo. Quando si espone la katana, gli amici saranno curiosi di vedere la lama e di toccarla. \u00c8 qui che bisogna fare attenzione, perch\u00e9 l'acidit\u00e0 delle dita \u00e8 molto dannosa per l'acciaio, indipendentemente dalla sua qualit\u00e0.<\/p>\n<p>Tuttavia, se ci\u00f2 dovesse accadere, niente panico: basta un panno inumidito con un po' d'olio per eliminare le impronte. In questo modo, la spada durer\u00e0 a lungo.<\/p>\n<p><strong>\u00a0<\/strong><\/p>","protected":false},"excerpt":{"rendered":"<p>Replica della spada Ojeda, questa riproduzione \u00e8 fedele all'accessorio originale utilizzato nel film di Assassin's Creed.<\/p>\n<ul>\n<li>Lama a doppio taglio in acciaio inossidabile.<\/li>\n<li>Elsa in metallo modellato.<\/li>\n<li>Manico in acciaio fuso.<\/li>\n<li>Pomolo a forma di faccia in acciaio stampato.<\/li>\n<li>Fodero in similpelle nera.<\/li>\n<li>Lunghezza lama: 76,5 cm - Lunghezza totale: 103 cm - Peso: 1400 grammi<\/li>\n<\/ul>\n<p><strong>\u00a0<\/strong><\/p>","protected":false},"featured_media":27674,"template":"","meta":[],"product_brand":[896],"product_cat":[836,25,48,84,43],"product_tag":[],"class_list":{"0":"post-27673","1":"product","2":"type-product","3":"status-publish","4":"has-post-thumbnail","6":"product_brand-replique-manga-cine","7":"product_cat-armes-assassins-creed","8":"product_cat-armes-historiques","9":"product_cat-epees-assassins-creed-armes-assassins-creed","10":"product_cat-epee-templier-medievale","11":"product_cat-reproductions-d-armes-et-accessoires-medievales","13":"first","14":"instock","15":"sale","16":"taxable","17":"shipping-taxable","18":"purchasable","19":"product-type-simple"},"yoast_head":"<!-- This site is optimized with the Yoast SEO plugin v27.4 - https:\/\/yoast.com\/product\/yoast-seo-wordpress\/ -->\n<title>Ep\u00e9e Ojeda - Assassin&#039;s Creed le film - Boutique en ligne | RMC<\/title>\n<meta name=\"description\" content=\"Commandez vite ! Votre Ep\u00e9e Ojeda, dans Assassin&#039;s Creed le film au meilleur prix. Lame acier inox. Longueur totale : 103 cm - Envoi 24\/48h\" \/>\n<meta name=\"robots\" content=\"index, follow, max-snippet:-1, max-image-preview:large, max-video-preview:-1\" \/>\n<link rel=\"canonical\" href=\"https:\/\/repliquemangacine.fr\/it\/armi-di-assassins-creed\/replica-spada-ojeda-assassin-s-creed\/\" \/>\n<meta property=\"og:locale\" content=\"it_IT\" \/>\n<meta property=\"og:type\" content=\"article\" \/>\n<meta property=\"og:title\" content=\"Ep\u00e9e Ojeda - Assassin&#039;s Creed le film - Boutique en ligne | RMC\" \/>\n<meta property=\"og:description\" content=\"Commandez vite ! Votre Ep\u00e9e Ojeda, dans Assassin&#039;s Creed le film au meilleur prix. Lame acier inox. Longueur totale : 103 cm - Envoi 24\/48h\" \/>\n<meta property=\"og:url\" content=\"https:\/\/repliquemangacine.fr\/it\/armi-di-assassins-creed\/replica-spada-ojeda-assassin-s-creed\/\" \/>\n<meta property=\"og:site_name\" content=\"R\u00e9plique Manga Cin\u00e9\" \/>\n<meta property=\"article:publisher\" content=\"https:\/\/www.facebook.com\/RepliqueMangaCine\" \/>\n<meta property=\"article:modified_time\" content=\"2025-09-23T16:01:58+00:00\" \/>\n<meta property=\"og:image\" content=\"https:\/\/repliquemangacine.fr\/wp-content\/uploads\/2023\/10\/2445-epee-Ojeda-Assassins-Creed-lame.jpg\" \/>\n\t<meta property=\"og:image:width\" content=\"600\" \/>\n\t<meta property=\"og:image:height\" content=\"600\" \/>\n\t<meta property=\"og:image:type\" content=\"image\/jpeg\" \/>\n<meta name=\"twitter:card\" content=\"summary_large_image\" \/>\n<meta name=\"twitter:label1\" content=\"Tempo di lettura stimato\" \/>\n\t<meta name=\"twitter:data1\" content=\"3 minuti\" \/>\n<script type=\"application\/ld+json\" class=\"yoast-schema-graph\">{\"@context\":\"https:\\\/\\\/schema.org\",\"@graph\":[{\"@type\":\"WebPage\",\"@id\":\"https:\\\/\\\/repliquemangacine.fr\\\/armes-assassins-creed\\\/replique-epee-ojeda-assassin-s-creed\\\/\",\"url\":\"https:\\\/\\\/repliquemangacine.fr\\\/armes-assassins-creed\\\/replique-epee-ojeda-assassin-s-creed\\\/\",\"name\":\"Ep\u00e9e Ojeda - Assassin's Creed le film - Boutique en ligne | RMC\",\"isPartOf\":{\"@id\":\"https:\\\/\\\/repliquemangacine.fr\\\/#website\"},\"primaryImageOfPage\":{\"@id\":\"https:\\\/\\\/repliquemangacine.fr\\\/armes-assassins-creed\\\/replique-epee-ojeda-assassin-s-creed\\\/#primaryimage\"},\"image\":{\"@id\":\"https:\\\/\\\/repliquemangacine.fr\\\/armes-assassins-creed\\\/replique-epee-ojeda-assassin-s-creed\\\/#primaryimage\"},\"thumbnailUrl\":\"https:\\\/\\\/repliquemangacine.fr\\\/wp-content\\\/uploads\\\/2023\\\/10\\\/2445-epee-Ojeda-Assassins-Creed-lame.jpg\",\"datePublished\":\"2018-02-09T17:28:41+00:00\",\"dateModified\":\"2025-09-23T16:01:58+00:00\",\"description\":\"Commandez vite ! Votre Ep\u00e9e Ojeda, dans Assassin's Creed le film au meilleur prix. Lame acier inox. Longueur totale : 103 cm - Envoi 24\\\/48h\",\"breadcrumb\":{\"@id\":\"https:\\\/\\\/repliquemangacine.fr\\\/armes-assassins-creed\\\/replique-epee-ojeda-assassin-s-creed\\\/#breadcrumb\"},\"inLanguage\":\"it-IT\",\"potentialAction\":[{\"@type\":\"ReadAction\",\"target\":[\"https:\\\/\\\/repliquemangacine.fr\\\/armes-assassins-creed\\\/replique-epee-ojeda-assassin-s-creed\\\/\"]}]},{\"@type\":\"ImageObject\",\"inLanguage\":\"it-IT\",\"@id\":\"https:\\\/\\\/repliquemangacine.fr\\\/armes-assassins-creed\\\/replique-epee-ojeda-assassin-s-creed\\\/#primaryimage\",\"url\":\"https:\\\/\\\/repliquemangacine.fr\\\/wp-content\\\/uploads\\\/2023\\\/10\\\/2445-epee-Ojeda-Assassins-Creed-lame.jpg\",\"contentUrl\":\"https:\\\/\\\/repliquemangacine.fr\\\/wp-content\\\/uploads\\\/2023\\\/10\\\/2445-epee-Ojeda-Assassins-Creed-lame.jpg\",\"width\":600,\"height\":600,\"caption\":\"\u00e9p\u00e9e Ojeda Assassin's Creed lame\"},{\"@type\":\"BreadcrumbList\",\"@id\":\"https:\\\/\\\/repliquemangacine.fr\\\/armes-assassins-creed\\\/replique-epee-ojeda-assassin-s-creed\\\/#breadcrumb\",\"itemListElement\":[{\"@type\":\"ListItem\",\"position\":1,\"name\":\"Accueil\",\"item\":\"https:\\\/\\\/repliquemangacine.fr\\\/\"},{\"@type\":\"ListItem\",\"position\":2,\"name\":\"Produits\",\"item\":\"https:\\\/\\\/repliquemangacine.fr\\\/boutique\\\/\"},{\"@type\":\"ListItem\",\"position\":3,\"name\":\"Ep\u00e9e Ojeda Assassin&#8217;s Creed\"}]},{\"@type\":\"WebSite\",\"@id\":\"https:\\\/\\\/repliquemangacine.fr\\\/#website\",\"url\":\"https:\\\/\\\/repliquemangacine.fr\\\/\",\"name\":\"R\u00e9plique Manga Cin\u00e9\",\"description\":\"\",\"publisher\":{\"@id\":\"https:\\\/\\\/repliquemangacine.fr\\\/#organization\"},\"potentialAction\":[{\"@type\":\"SearchAction\",\"target\":{\"@type\":\"EntryPoint\",\"urlTemplate\":\"https:\\\/\\\/repliquemangacine.fr\\\/?s={search_term_string}\"},\"query-input\":{\"@type\":\"PropertyValueSpecification\",\"valueRequired\":true,\"valueName\":\"search_term_string\"}}],\"inLanguage\":\"it-IT\"},{\"@type\":\"Organization\",\"@id\":\"https:\\\/\\\/repliquemangacine.fr\\\/#organization\",\"name\":\"R\u00e9plique Manga Cin\u00e9\",\"url\":\"https:\\\/\\\/repliquemangacine.fr\\\/\",\"logo\":{\"@type\":\"ImageObject\",\"inLanguage\":\"it-IT\",\"@id\":\"https:\\\/\\\/repliquemangacine.fr\\\/#\\\/schema\\\/logo\\\/image\\\/\",\"url\":\"https:\\\/\\\/repliquemangacine.fr\\\/wp-content\\\/uploads\\\/2023\\\/10\\\/RMC-500250.png\",\"contentUrl\":\"https:\\\/\\\/repliquemangacine.fr\\\/wp-content\\\/uploads\\\/2023\\\/10\\\/RMC-500250.png\",\"width\":500,\"height\":250,\"caption\":\"R\u00e9plique Manga Cin\u00e9\"},\"image\":{\"@id\":\"https:\\\/\\\/repliquemangacine.fr\\\/#\\\/schema\\\/logo\\\/image\\\/\"},\"sameAs\":[\"https:\\\/\\\/www.facebook.com\\\/RepliqueMangaCine\",\"https:\\\/\\\/www.instagram.com\\\/repliquemangacine.fr\\\/\"]}]}<\/script>\n<!-- \/ Yoast SEO plugin. -->","yoast_head_json":{"title":"Spada Ojeda - Assassin's Creed il film - Boutique en ligne | RMC","description":"Ordina ora! La tua spada Ojeda in Assassin's Creed il film al miglior prezzo. Lama in acciaio inossidabile. Lunghezza totale: 103 cm - Spedizione 24\/48h","robots":{"index":"index","follow":"follow","max-snippet":"max-snippet:-1","max-image-preview":"max-image-preview:large","max-video-preview":"max-video-preview:-1"},"canonical":"https:\/\/repliquemangacine.fr\/it\/armi-di-assassins-creed\/replica-spada-ojeda-assassin-s-creed\/","og_locale":"it_IT","og_type":"article","og_title":"Ep\u00e9e Ojeda - Assassin's Creed le film - Boutique en ligne | RMC","og_description":"Commandez vite ! Votre Ep\u00e9e Ojeda, dans Assassin's Creed le film au meilleur prix. Lame acier inox. Longueur totale : 103 cm - Envoi 24\/48h","og_url":"https:\/\/repliquemangacine.fr\/it\/armi-di-assassins-creed\/replica-spada-ojeda-assassin-s-creed\/","og_site_name":"R\u00e9plique Manga Cin\u00e9","article_publisher":"https:\/\/www.facebook.com\/RepliqueMangaCine","article_modified_time":"2025-09-23T16:01:58+00:00","og_image":[{"width":600,"height":600,"url":"https:\/\/repliquemangacine.fr\/wp-content\/uploads\/2023\/10\/2445-epee-Ojeda-Assassins-Creed-lame.jpg","type":"image\/jpeg"}],"twitter_card":"summary_large_image","twitter_misc":{"Tempo di lettura stimato":"3 minuti"},"schema":{"@context":"https:\/\/schema.org","@graph":[{"@type":"WebPage","@id":"https:\/\/repliquemangacine.fr\/armes-assassins-creed\/replique-epee-ojeda-assassin-s-creed\/","url":"https:\/\/repliquemangacine.fr\/armes-assassins-creed\/replique-epee-ojeda-assassin-s-creed\/","name":"Spada Ojeda - Assassin's Creed il film - Boutique en ligne | RMC","isPartOf":{"@id":"https:\/\/repliquemangacine.fr\/#website"},"primaryImageOfPage":{"@id":"https:\/\/repliquemangacine.fr\/armes-assassins-creed\/replique-epee-ojeda-assassin-s-creed\/#primaryimage"},"image":{"@id":"https:\/\/repliquemangacine.fr\/armes-assassins-creed\/replique-epee-ojeda-assassin-s-creed\/#primaryimage"},"thumbnailUrl":"https:\/\/repliquemangacine.fr\/wp-content\/uploads\/2023\/10\/2445-epee-Ojeda-Assassins-Creed-lame.jpg","datePublished":"2018-02-09T17:28:41+00:00","dateModified":"2025-09-23T16:01:58+00:00","description":"Ordina ora! La tua spada Ojeda in Assassin's Creed il film al miglior prezzo. Lama in acciaio inossidabile. Lunghezza totale: 103 cm - Spedizione 24\/48h","breadcrumb":{"@id":"https:\/\/repliquemangacine.fr\/armes-assassins-creed\/replique-epee-ojeda-assassin-s-creed\/#breadcrumb"},"inLanguage":"it-IT","potentialAction":[{"@type":"ReadAction","target":["https:\/\/repliquemangacine.fr\/armes-assassins-creed\/replique-epee-ojeda-assassin-s-creed\/"]}]},{"@type":"ImageObject","inLanguage":"it-IT","@id":"https:\/\/repliquemangacine.fr\/armes-assassins-creed\/replique-epee-ojeda-assassin-s-creed\/#primaryimage","url":"https:\/\/repliquemangacine.fr\/wp-content\/uploads\/2023\/10\/2445-epee-Ojeda-Assassins-Creed-lame.jpg","contentUrl":"https:\/\/repliquemangacine.fr\/wp-content\/uploads\/2023\/10\/2445-epee-Ojeda-Assassins-Creed-lame.jpg","width":600,"height":600,"caption":"\u00e9p\u00e9e Ojeda Assassin's Creed lame"},{"@type":"BreadcrumbList","@id":"https:\/\/repliquemangacine.fr\/armes-assassins-creed\/replique-epee-ojeda-assassin-s-creed\/#breadcrumb","itemListElement":[{"@type":"ListItem","position":1,"name":"Accueil","item":"https:\/\/repliquemangacine.fr\/"},{"@type":"ListItem","position":2,"name":"Produits","item":"https:\/\/repliquemangacine.fr\/boutique\/"},{"@type":"ListItem","position":3,"name":"Ep\u00e9e Ojeda Assassin&#8217;s Creed"}]},{"@type":"WebSite","@id":"https:\/\/repliquemangacine.fr\/#website","url":"https:\/\/repliquemangacine.fr\/","name":"R\u00e9plique Manga Cin\u00e9","description":"","publisher":{"@id":"https:\/\/repliquemangacine.fr\/#organization"},"potentialAction":[{"@type":"SearchAction","target":{"@type":"EntryPoint","urlTemplate":"https:\/\/repliquemangacine.fr\/?s={search_term_string}"},"query-input":{"@type":"PropertyValueSpecification","valueRequired":true,"valueName":"search_term_string"}}],"inLanguage":"it-IT"},{"@type":"Organization","@id":"https:\/\/repliquemangacine.fr\/#organization","name":"R\u00e9plique Manga Cin\u00e9","url":"https:\/\/repliquemangacine.fr\/","logo":{"@type":"ImageObject","inLanguage":"it-IT","@id":"https:\/\/repliquemangacine.fr\/#\/schema\/logo\/image\/","url":"https:\/\/repliquemangacine.fr\/wp-content\/uploads\/2023\/10\/RMC-500250.png","contentUrl":"https:\/\/repliquemangacine.fr\/wp-content\/uploads\/2023\/10\/RMC-500250.png","width":500,"height":250,"caption":"R\u00e9plique Manga Cin\u00e9"},"image":{"@id":"https:\/\/repliquemangacine.fr\/#\/schema\/logo\/image\/"},"sameAs":["https:\/\/www.facebook.com\/RepliqueMangaCine","https:\/\/www.instagram.com\/repliquemangacine.fr\/"]}]}},"_links":{"self":[{"href":"https:\/\/repliquemangacine.fr\/it\/wp-json\/wp\/v2\/product\/27673","targetHints":{"allow":["GET"]}}],"collection":[{"href":"https:\/\/repliquemangacine.fr\/it\/wp-json\/wp\/v2\/product"}],"about":[{"href":"https:\/\/repliquemangacine.fr\/it\/wp-json\/wp\/v2\/types\/product"}],"wp:featuredmedia":[{"embeddable":true,"href":"https:\/\/repliquemangacine.fr\/it\/wp-json\/wp\/v2\/media\/27674"}],"wp:attachment":[{"href":"https:\/\/repliquemangacine.fr\/it\/wp-json\/wp\/v2\/media?parent=27673"}],"wp:term":[{"taxonomy":"product_brand","embeddable":true,"href":"https:\/\/repliquemangacine.fr\/it\/wp-json\/wp\/v2\/product_brand?post=27673"},{"taxonomy":"product_cat","embeddable":true,"href":"https:\/\/repliquemangacine.fr\/it\/wp-json\/wp\/v2\/product_cat?post=27673"},{"taxonomy":"product_tag","embeddable":true,"href":"https:\/\/repliquemangacine.fr\/it\/wp-json\/wp\/v2\/product_tag?post=27673"}],"curies":[{"name":"wp","href":"https:\/\/api.w.org\/{rel}","templated":true}]}}