





{"id":27666,"date":"2018-01-20T17:30:49","date_gmt":"2018-01-20T16:30:49","guid":{"rendered":"https:\/\/repliquemangacine.fr\/?post_type=product&#038;p=27666"},"modified":"2026-04-22T13:31:06","modified_gmt":"2026-04-22T11:31:06","slug":"conan-spada-atlantea-conan-il-barbaro","status":"publish","type":"product","link":"https:\/\/repliquemangacine.fr\/it\/katana-les-epees-de-films-et-series\/conan-epee-atlantean-conan-le-barbare\/","title":{"rendered":"Spada di Conan Atlantea"},"content":{"rendered":"<h2>Replica della spada di Conan Atlantean<\/h2>\n<p>Per cominciare, il <strong>Spada di Conan Atlantea<\/strong>, Questa spada ha creato una leggenda. Conan \u00e8 uno dei personaggi pi\u00f9 emblematici del cinema e della letteratura.<\/p>\n<p>Conan il Barbaro \u00e8 un personaggio immaginario il cui primo racconto fu scritto da Robert E. Howard nel 1932. \u00c8 con questi racconti che Howard ha contribuito alla forma moderna del genere letterario del fantasy, essendo uno dei fondatori del fantasy eroico.<\/p>\n<p>Le avventure di Conan si svolgono in un passato mitico, creato da Howard, chiamato \u2019Et\u00e0 Hyboriana\u00ab. Conan \u00e8 un barbaro della Cimmeria, una terra tenebrosa che Howard collega alla Cimmeria storica.<\/p>\n<h2>La vostra replica della spada di Conan Atlantean al miglior prezzo.<\/h2>\n<p>Vi proponiamo un'ampia scelta di repliche di spade e oggetti da collezione dei vostri eroi cinematografici preferiti.<\/p>\n<p>Innanzitutto<\/p>\n<ul>\n<li>La spada di Blade, <a href=\"https:\/\/repliquemangacine.fr\/it\/supereroi\/spada-katana-daywalker-blade\/\">Katana Daywalker<\/a> con la sua lama dritta e il fodero in lamiera per portarlo sulla schiena.<\/li>\n<li>Poi la spada<a href=\"https:\/\/repliquemangacine.fr\/it\/altri-film\/spada-valorosa-di-narnia\/\"> valoroso<\/a> nel film \"Il mondo di Narnia\".<\/li>\n<li>C'\u00e8 anche il<a href=\"https:\/\/repliquemangacine.fr\/it\/film-serie-tv-vendita-di-spade-katana-e-prodotti-correlati\/padre-spada-conan-marto\/\">La spada del padre di Conan<\/a> con licenza ufficiale distribuita da <a href=\"https:\/\/www.marto.es\/index.php\/es\/\" target=\"_blank\" rel=\"noopener noreferrer\">Marto<\/a>.<\/li>\n<li>E molti altri da scoprire nel nostro negozio online!<\/li>\n<\/ul>\n<p>Ecco quindi alcune fantastiche idee regalo per tutti gli amanti del mondo del cinema.<\/p>\n<p>In conclusione, \u00e8 possibile utilizzare il metodo <strong>Spada di Conan Atlantea<\/strong> per le vostre sfilate di cosplay. Ma soprattutto, questa spada \u00e8 un oggetto da collezione e un oggetto decorativo.<\/p>\n<h2>Come si mantiene la lama della sciabola?<\/h2>\n<p>Le spade da collezione e decorative sono realizzate e assemblate in modo semplificato. Poich\u00e9 il loro uso \u00e8 decorativo, non hanno le caratteristiche di sicurezza richieste da una sciabola giapponese destinata all'allenamento.<\/p>\n<p>Tuttavia, l'arma <strong>Spada di Conan Atlantea<\/strong> a una lama d'acciaio che deve essere curata per evitare che si danneggi nel tempo. Quando si espone la katana, gli amici saranno curiosi di vedere la lama e di toccarla. \u00c8 qui che bisogna fare attenzione, perch\u00e9 l'acidit\u00e0 delle dita \u00e8 molto dannosa per l'acciaio, indipendentemente dalla sua qualit\u00e0.<\/p>\n<p>Tuttavia, se ci\u00f2 dovesse accadere, niente panico: basta un panno inumidito con un po' d'olio per eliminare le impronte. In questo modo, la spada durer\u00e0 a lungo.<\/p>","protected":false},"excerpt":{"rendered":"<p>Replica della spada atlantidea<\/p>\n<ul>\n<li>Lama in acciaio inossidabile lucidata a specchio.<\/li>\n<li>Protezione in acciaio effetto bronzo invecchiato.<\/li>\n<li>Manico in metallo rivestito in filo di cotone.<\/li>\n<li>Pomolo in acciaio con imitazione di teschio e ossa incrociate in bronzo antico.<\/li>\n<li>Supporto a parete.<\/li>\n<li>Lunghezza lama: 71,5 cm - Lunghezza totale: 99 cm - Peso: 2080 gr.<\/li>\n<\/ul>","protected":false},"featured_media":27667,"template":"","meta":[],"product_brand":[896],"product_cat":[91,66,24],"product_tag":[],"class_list":{"0":"post-27666","1":"product","2":"type-product","3":"status-publish","4":"has-post-thumbnail","6":"product_brand-replique-manga-cine","7":"product_cat-katana-les-epees-de-films-et-series","8":"product_cat-repliques-d-armes-films-et-series","9":"product_cat-films-series-tv-vente-de-katana-epee-et-produits-derives","11":"first","12":"instock","13":"taxable","14":"shipping-taxable","15":"purchasable","16":"product-type-simple"},"yoast_head":"<!-- This site is optimized with the Yoast SEO plugin v27.4 - https:\/\/yoast.com\/product\/yoast-seo-wordpress\/ -->\n<title>Conan Ep\u00e9e Atlantean - Conan le Barbare | R\u00e9plique Manga Cin\u00e9<\/title>\n<meta name=\"description\" content=\"D\u00e9couvrez votre arme Conan Ep\u00e9e Atlantean au meilleur prix - Lame en acier inox poli - Garde en acier massif imitation bronze vieilli - Support - 99 cm\" \/>\n<meta name=\"robots\" content=\"index, follow, max-snippet:-1, max-image-preview:large, max-video-preview:-1\" \/>\n<link rel=\"canonical\" href=\"https:\/\/repliquemangacine.fr\/it\/spade-katana-da-film-e-serie\/conan-spada-atlantea-conan-il-barbaro\/\" \/>\n<meta property=\"og:locale\" content=\"it_IT\" \/>\n<meta property=\"og:type\" content=\"article\" \/>\n<meta property=\"og:title\" content=\"Conan Ep\u00e9e Atlantean - Conan le Barbare | R\u00e9plique Manga Cin\u00e9\" \/>\n<meta property=\"og:description\" content=\"D\u00e9couvrez votre arme Conan Ep\u00e9e Atlantean au meilleur prix - Lame en acier inox poli - Garde en acier massif imitation bronze vieilli - Support - 99 cm\" \/>\n<meta property=\"og:url\" content=\"https:\/\/repliquemangacine.fr\/it\/spade-katana-da-film-e-serie\/conan-spada-atlantea-conan-il-barbaro\/\" \/>\n<meta property=\"og:site_name\" content=\"R\u00e9plique Manga Cin\u00e9\" \/>\n<meta property=\"article:publisher\" content=\"https:\/\/www.facebook.com\/RepliqueMangaCine\" \/>\n<meta property=\"article:modified_time\" content=\"2026-04-22T11:31:06+00:00\" \/>\n<meta property=\"og:image\" content=\"https:\/\/repliquemangacine.fr\/wp-content\/uploads\/2023\/10\/2441-Replique-Epee-Atlantean-Conan-le-Barbare.jpg\" \/>\n\t<meta property=\"og:image:width\" content=\"600\" \/>\n\t<meta property=\"og:image:height\" content=\"600\" \/>\n\t<meta property=\"og:image:type\" content=\"image\/jpeg\" \/>\n<meta name=\"twitter:card\" content=\"summary_large_image\" \/>\n<meta name=\"twitter:label1\" content=\"Tempo di lettura stimato\" \/>\n\t<meta name=\"twitter:data1\" content=\"2 minuti\" \/>\n<script type=\"application\/ld+json\" class=\"yoast-schema-graph\">{\"@context\":\"https:\\\/\\\/schema.org\",\"@graph\":[{\"@type\":\"WebPage\",\"@id\":\"https:\\\/\\\/repliquemangacine.fr\\\/katana-les-epees-de-films-et-series\\\/conan-epee-atlantean-conan-le-barbare\\\/\",\"url\":\"https:\\\/\\\/repliquemangacine.fr\\\/katana-les-epees-de-films-et-series\\\/conan-epee-atlantean-conan-le-barbare\\\/\",\"name\":\"Conan Ep\u00e9e Atlantean - Conan le Barbare | R\u00e9plique Manga Cin\u00e9\",\"isPartOf\":{\"@id\":\"https:\\\/\\\/repliquemangacine.fr\\\/#website\"},\"primaryImageOfPage\":{\"@id\":\"https:\\\/\\\/repliquemangacine.fr\\\/katana-les-epees-de-films-et-series\\\/conan-epee-atlantean-conan-le-barbare\\\/#primaryimage\"},\"image\":{\"@id\":\"https:\\\/\\\/repliquemangacine.fr\\\/katana-les-epees-de-films-et-series\\\/conan-epee-atlantean-conan-le-barbare\\\/#primaryimage\"},\"thumbnailUrl\":\"https:\\\/\\\/repliquemangacine.fr\\\/wp-content\\\/uploads\\\/2023\\\/10\\\/2441-Replique-Epee-Atlantean-Conan-le-Barbare.jpg\",\"datePublished\":\"2018-01-20T16:30:49+00:00\",\"dateModified\":\"2026-04-22T11:31:06+00:00\",\"description\":\"D\u00e9couvrez votre arme Conan Ep\u00e9e Atlantean au meilleur prix - Lame en acier inox poli - Garde en acier massif imitation bronze vieilli - Support - 99 cm\",\"breadcrumb\":{\"@id\":\"https:\\\/\\\/repliquemangacine.fr\\\/katana-les-epees-de-films-et-series\\\/conan-epee-atlantean-conan-le-barbare\\\/#breadcrumb\"},\"inLanguage\":\"it-IT\",\"potentialAction\":[{\"@type\":\"ReadAction\",\"target\":[\"https:\\\/\\\/repliquemangacine.fr\\\/katana-les-epees-de-films-et-series\\\/conan-epee-atlantean-conan-le-barbare\\\/\"]}]},{\"@type\":\"ImageObject\",\"inLanguage\":\"it-IT\",\"@id\":\"https:\\\/\\\/repliquemangacine.fr\\\/katana-les-epees-de-films-et-series\\\/conan-epee-atlantean-conan-le-barbare\\\/#primaryimage\",\"url\":\"https:\\\/\\\/repliquemangacine.fr\\\/wp-content\\\/uploads\\\/2023\\\/10\\\/2441-Replique-Epee-Atlantean-Conan-le-Barbare.jpg\",\"contentUrl\":\"https:\\\/\\\/repliquemangacine.fr\\\/wp-content\\\/uploads\\\/2023\\\/10\\\/2441-Replique-Epee-Atlantean-Conan-le-Barbare.jpg\",\"width\":600,\"height\":600,\"caption\":\"R\u00e9plique Ep\u00e9e Atlantean Conan le Barbare\"},{\"@type\":\"BreadcrumbList\",\"@id\":\"https:\\\/\\\/repliquemangacine.fr\\\/katana-les-epees-de-films-et-series\\\/conan-epee-atlantean-conan-le-barbare\\\/#breadcrumb\",\"itemListElement\":[{\"@type\":\"ListItem\",\"position\":1,\"name\":\"Accueil\",\"item\":\"https:\\\/\\\/repliquemangacine.fr\\\/\"},{\"@type\":\"ListItem\",\"position\":2,\"name\":\"Produits\",\"item\":\"https:\\\/\\\/repliquemangacine.fr\\\/boutique\\\/\"},{\"@type\":\"ListItem\",\"position\":3,\"name\":\"Conan Ep\u00e9e Atlantean\"}]},{\"@type\":\"WebSite\",\"@id\":\"https:\\\/\\\/repliquemangacine.fr\\\/#website\",\"url\":\"https:\\\/\\\/repliquemangacine.fr\\\/\",\"name\":\"R\u00e9plique Manga Cin\u00e9\",\"description\":\"\",\"publisher\":{\"@id\":\"https:\\\/\\\/repliquemangacine.fr\\\/#organization\"},\"potentialAction\":[{\"@type\":\"SearchAction\",\"target\":{\"@type\":\"EntryPoint\",\"urlTemplate\":\"https:\\\/\\\/repliquemangacine.fr\\\/?s={search_term_string}\"},\"query-input\":{\"@type\":\"PropertyValueSpecification\",\"valueRequired\":true,\"valueName\":\"search_term_string\"}}],\"inLanguage\":\"it-IT\"},{\"@type\":\"Organization\",\"@id\":\"https:\\\/\\\/repliquemangacine.fr\\\/#organization\",\"name\":\"R\u00e9plique Manga Cin\u00e9\",\"url\":\"https:\\\/\\\/repliquemangacine.fr\\\/\",\"logo\":{\"@type\":\"ImageObject\",\"inLanguage\":\"it-IT\",\"@id\":\"https:\\\/\\\/repliquemangacine.fr\\\/#\\\/schema\\\/logo\\\/image\\\/\",\"url\":\"https:\\\/\\\/repliquemangacine.fr\\\/wp-content\\\/uploads\\\/2023\\\/10\\\/RMC-500250.png\",\"contentUrl\":\"https:\\\/\\\/repliquemangacine.fr\\\/wp-content\\\/uploads\\\/2023\\\/10\\\/RMC-500250.png\",\"width\":500,\"height\":250,\"caption\":\"R\u00e9plique Manga Cin\u00e9\"},\"image\":{\"@id\":\"https:\\\/\\\/repliquemangacine.fr\\\/#\\\/schema\\\/logo\\\/image\\\/\"},\"sameAs\":[\"https:\\\/\\\/www.facebook.com\\\/RepliqueMangaCine\",\"https:\\\/\\\/www.instagram.com\\\/repliquemangacine.fr\\\/\"]}]}<\/script>\n<!-- \/ Yoast SEO plugin. -->","yoast_head_json":{"title":"Spada di Conan Atlanteo - Conan il Barbaro | R\u00e9plique Manga Cin\u00e9","description":"Scopri la tua arma Conan Spada Atlantea al miglior prezzo - Lama in acciaio inossidabile lucidata - Guardia in acciaio massiccio imitazione bronzo antico - Supporto - 99 cm","robots":{"index":"index","follow":"follow","max-snippet":"max-snippet:-1","max-image-preview":"max-image-preview:large","max-video-preview":"max-video-preview:-1"},"canonical":"https:\/\/repliquemangacine.fr\/it\/spade-katana-da-film-e-serie\/conan-spada-atlantea-conan-il-barbaro\/","og_locale":"it_IT","og_type":"article","og_title":"Conan Ep\u00e9e Atlantean - Conan le Barbare | R\u00e9plique Manga Cin\u00e9","og_description":"D\u00e9couvrez votre arme Conan Ep\u00e9e Atlantean au meilleur prix - Lame en acier inox poli - Garde en acier massif imitation bronze vieilli - Support - 99 cm","og_url":"https:\/\/repliquemangacine.fr\/it\/spade-katana-da-film-e-serie\/conan-spada-atlantea-conan-il-barbaro\/","og_site_name":"R\u00e9plique Manga Cin\u00e9","article_publisher":"https:\/\/www.facebook.com\/RepliqueMangaCine","article_modified_time":"2026-04-22T11:31:06+00:00","og_image":[{"width":600,"height":600,"url":"https:\/\/repliquemangacine.fr\/wp-content\/uploads\/2023\/10\/2441-Replique-Epee-Atlantean-Conan-le-Barbare.jpg","type":"image\/jpeg"}],"twitter_card":"summary_large_image","twitter_misc":{"Tempo di lettura stimato":"2 minuti"},"schema":{"@context":"https:\/\/schema.org","@graph":[{"@type":"WebPage","@id":"https:\/\/repliquemangacine.fr\/katana-les-epees-de-films-et-series\/conan-epee-atlantean-conan-le-barbare\/","url":"https:\/\/repliquemangacine.fr\/katana-les-epees-de-films-et-series\/conan-epee-atlantean-conan-le-barbare\/","name":"Spada di Conan Atlanteo - Conan il Barbaro | R\u00e9plique Manga Cin\u00e9","isPartOf":{"@id":"https:\/\/repliquemangacine.fr\/#website"},"primaryImageOfPage":{"@id":"https:\/\/repliquemangacine.fr\/katana-les-epees-de-films-et-series\/conan-epee-atlantean-conan-le-barbare\/#primaryimage"},"image":{"@id":"https:\/\/repliquemangacine.fr\/katana-les-epees-de-films-et-series\/conan-epee-atlantean-conan-le-barbare\/#primaryimage"},"thumbnailUrl":"https:\/\/repliquemangacine.fr\/wp-content\/uploads\/2023\/10\/2441-Replique-Epee-Atlantean-Conan-le-Barbare.jpg","datePublished":"2018-01-20T16:30:49+00:00","dateModified":"2026-04-22T11:31:06+00:00","description":"Scopri la tua arma Conan Spada Atlantea al miglior prezzo - Lama in acciaio inossidabile lucidata - Guardia in acciaio massiccio imitazione bronzo antico - Supporto - 99 cm","breadcrumb":{"@id":"https:\/\/repliquemangacine.fr\/katana-les-epees-de-films-et-series\/conan-epee-atlantean-conan-le-barbare\/#breadcrumb"},"inLanguage":"it-IT","potentialAction":[{"@type":"ReadAction","target":["https:\/\/repliquemangacine.fr\/katana-les-epees-de-films-et-series\/conan-epee-atlantean-conan-le-barbare\/"]}]},{"@type":"ImageObject","inLanguage":"it-IT","@id":"https:\/\/repliquemangacine.fr\/katana-les-epees-de-films-et-series\/conan-epee-atlantean-conan-le-barbare\/#primaryimage","url":"https:\/\/repliquemangacine.fr\/wp-content\/uploads\/2023\/10\/2441-Replique-Epee-Atlantean-Conan-le-Barbare.jpg","contentUrl":"https:\/\/repliquemangacine.fr\/wp-content\/uploads\/2023\/10\/2441-Replique-Epee-Atlantean-Conan-le-Barbare.jpg","width":600,"height":600,"caption":"R\u00e9plique Ep\u00e9e Atlantean Conan le Barbare"},{"@type":"BreadcrumbList","@id":"https:\/\/repliquemangacine.fr\/katana-les-epees-de-films-et-series\/conan-epee-atlantean-conan-le-barbare\/#breadcrumb","itemListElement":[{"@type":"ListItem","position":1,"name":"Accueil","item":"https:\/\/repliquemangacine.fr\/"},{"@type":"ListItem","position":2,"name":"Produits","item":"https:\/\/repliquemangacine.fr\/boutique\/"},{"@type":"ListItem","position":3,"name":"Conan Ep\u00e9e Atlantean"}]},{"@type":"WebSite","@id":"https:\/\/repliquemangacine.fr\/#website","url":"https:\/\/repliquemangacine.fr\/","name":"R\u00e9plique Manga Cin\u00e9","description":"","publisher":{"@id":"https:\/\/repliquemangacine.fr\/#organization"},"potentialAction":[{"@type":"SearchAction","target":{"@type":"EntryPoint","urlTemplate":"https:\/\/repliquemangacine.fr\/?s={search_term_string}"},"query-input":{"@type":"PropertyValueSpecification","valueRequired":true,"valueName":"search_term_string"}}],"inLanguage":"it-IT"},{"@type":"Organization","@id":"https:\/\/repliquemangacine.fr\/#organization","name":"R\u00e9plique Manga Cin\u00e9","url":"https:\/\/repliquemangacine.fr\/","logo":{"@type":"ImageObject","inLanguage":"it-IT","@id":"https:\/\/repliquemangacine.fr\/#\/schema\/logo\/image\/","url":"https:\/\/repliquemangacine.fr\/wp-content\/uploads\/2023\/10\/RMC-500250.png","contentUrl":"https:\/\/repliquemangacine.fr\/wp-content\/uploads\/2023\/10\/RMC-500250.png","width":500,"height":250,"caption":"R\u00e9plique Manga Cin\u00e9"},"image":{"@id":"https:\/\/repliquemangacine.fr\/#\/schema\/logo\/image\/"},"sameAs":["https:\/\/www.facebook.com\/RepliqueMangaCine","https:\/\/www.instagram.com\/repliquemangacine.fr\/"]}]}},"_links":{"self":[{"href":"https:\/\/repliquemangacine.fr\/it\/wp-json\/wp\/v2\/product\/27666","targetHints":{"allow":["GET"]}}],"collection":[{"href":"https:\/\/repliquemangacine.fr\/it\/wp-json\/wp\/v2\/product"}],"about":[{"href":"https:\/\/repliquemangacine.fr\/it\/wp-json\/wp\/v2\/types\/product"}],"wp:featuredmedia":[{"embeddable":true,"href":"https:\/\/repliquemangacine.fr\/it\/wp-json\/wp\/v2\/media\/27667"}],"wp:attachment":[{"href":"https:\/\/repliquemangacine.fr\/it\/wp-json\/wp\/v2\/media?parent=27666"}],"wp:term":[{"taxonomy":"product_brand","embeddable":true,"href":"https:\/\/repliquemangacine.fr\/it\/wp-json\/wp\/v2\/product_brand?post=27666"},{"taxonomy":"product_cat","embeddable":true,"href":"https:\/\/repliquemangacine.fr\/it\/wp-json\/wp\/v2\/product_cat?post=27666"},{"taxonomy":"product_tag","embeddable":true,"href":"https:\/\/repliquemangacine.fr\/it\/wp-json\/wp\/v2\/product_tag?post=27666"}],"curies":[{"name":"wp","href":"https:\/\/api.w.org\/{rel}","templated":true}]}}