





{"id":27647,"date":"2018-01-14T20:22:55","date_gmt":"2018-01-14T19:22:55","guid":{"rendered":"https:\/\/repliquemangacine.fr\/?post_type=product&#038;p=27647"},"modified":"2026-04-13T17:09:50","modified_gmt":"2026-04-13T15:09:50","slug":"pugnale-master-sword-zelda","status":"publish","type":"product","link":"https:\/\/repliquemangacine.fr\/it\/epee-zelda\/dague-master-sword-zelda\/","title":{"rendered":"Master Sword Zelda"},"content":{"rendered":"<h2>Master Sword in Zelda.<\/h2>\n<p>Per cominciare, il <strong>Maestro di spada<\/strong> o Spada Leggendaria \u00e8 ispirata alla spada pi\u00f9 emblematica della serie. Conosciuta come Master Sword nelle traduzioni inglesi, questa spada sacra viene utilizzata per respingere il male, o pi\u00f9 in generale per respingere Ganon, ma anche per acquisire nuovi poteri.<\/p>\n<p>La sua origine viene rivelata in Skyward Sword, dove un tempo era la Spada Divina, perfezionata e trasformata in questa Spada della Leggenda dopo che Link ha immerso la sua spada nelle tre fiamme delle dee.<\/p>\n<p><a href=\"https:\/\/zelda.fandom.com\/fr\/wiki\/Link#\u00c9p\u00e9e_&amp;_\u00c9p\u00e9e_de_L\u00e9gende\" target=\"_blank\" rel=\"noopener noreferrer\">Collegamento<\/a>lascia casa per combattere le forze del male. Anche se all'inizio dei giochi non sembra saper maneggiare bene le armi, ben presto impara nuove tecniche e costruisce un arsenale vario, con la spada che rimane la sua arma preferita. Link \u00e8 un membro del popolo Hylian.<\/p>\n<h2>La vostra Master Sword al miglior prezzo.<\/h2>\n<p>Offriamo un'ampia gamma di repliche dei videogiochi di Zelda<\/p>\n<p>Innanzitutto,<\/p>\n<ul>\n<li>L'<a href=\"https:\/\/repliquemangacine.fr\/it\/zelda\/link-master-sword-spada-di-schiuma-in-zelda\/\">Maestro di spada<\/a> in versione schiuma con una finitura assolutamente notevole.<\/li>\n<li>Successivamente, Le <a href=\"https:\/\/repliquemangacine.fr\/it\/zelda\/mug-bouclier-zelda\/\">Tazza con scudo di Hylian<\/a> in ceramica con la sua Triforza.<\/li>\n<li>Cos\u00ec come il <a href=\"https:\/\/repliquemangacine.fr\/it\/zelda\/coffret-bois-de-10-bijoux-porte-cles-zelda\/\">custodia per chiavi<\/a> 10 pezzi.<\/li>\n<li>E molti altri da scoprire nel nostro negozio online!<\/li>\n<\/ul>\n<p>Ecco perch\u00e9 questa \u00e8 un'ottima idea regalo per i fan di Zelda.<\/p>\n<p>In conclusione, \u00e8 possibile utilizzare il metodo <strong>Maestro di spada<\/strong> di Zelda per le sfilate Cosplay alle convention. Ma soprattutto, \u00e8 un oggetto da collezione e un pezzo decorativo.<\/p>\n<h2>Come faccio a mantenere la lama del mio pugnale Zelda?<\/h2>\n<p>Le spade da collezione e decorative sono realizzate e assemblate in modo semplificato. Poich\u00e9 il loro uso \u00e8 decorativo, non hanno le caratteristiche di sicurezza richieste per una spada giapponese destinata all'allenamento.<\/p>\n<p>Tuttavia, il vostro <strong>Maestro di spada<\/strong> a una lama d'acciaio che deve essere curata per evitare che si danneggi nel tempo. Quando si espone la katana, gli amici saranno curiosi di vedere la lama e di toccarla. \u00c8 qui che bisogna fare attenzione, perch\u00e9 l'acidit\u00e0 delle dita \u00e8 molto dannosa per l'acciaio, indipendentemente dalla sua qualit\u00e0.<\/p>\n<p>Tuttavia, se ci\u00f2 dovesse accadere, niente panico: basta un panno inumidito con un po' d'olio per eliminare le impronte. In questo modo, la spada durer\u00e0 a lungo.<\/p>","protected":false},"excerpt":{"rendered":"<p>La versione con pugnale della spada di Link in Zelda.<\/p>\n<ul>\n<li>Lama in acciaio 440.<\/li>\n<li>Impugnatura, elsa e pomo in metallo fuso.<\/li>\n<li>Guaina in ABS stampato.<\/li>\n<li>Lunghezza lama: 18 cm - Lunghezza totale: 29 cm<\/li>\n<\/ul>","protected":false},"featured_media":27648,"template":"","meta":[],"product_brand":[896],"product_cat":[23,56],"product_tag":[],"class_list":{"0":"post-27647","1":"product","2":"type-product","3":"status-publish","4":"has-post-thumbnail","6":"product_brand-replique-manga-cine","7":"product_cat-repliques-manga-jeux-video","8":"product_cat-epee-zelda","10":"first","11":"instock","12":"taxable","13":"shipping-taxable","14":"purchasable","15":"product-type-simple"},"yoast_head":"<!-- This site is optimized with the Yoast SEO plugin v27.4 - https:\/\/yoast.com\/product\/yoast-seo-wordpress\/ -->\n<title>Dague Master Sword - Zelda - Boutique en ligne | RMC<\/title>\n<meta name=\"description\" content=\"En exclusivit\u00e9 ! Retrouvez la Dague Master Sword au meilleur prix. Lame en acier avec Triforce - Fourreau - Longueur totale : 29cm - Envoi 24\/48h\" \/>\n<meta name=\"robots\" content=\"index, follow, max-snippet:-1, max-image-preview:large, max-video-preview:-1\" \/>\n<link rel=\"canonical\" href=\"https:\/\/repliquemangacine.fr\/it\/spada-di-zelda\/pugnale-master-sword-zelda\/\" \/>\n<meta property=\"og:locale\" content=\"it_IT\" \/>\n<meta property=\"og:type\" content=\"article\" \/>\n<meta property=\"og:title\" content=\"Dague Master Sword - Zelda - Boutique en ligne | RMC\" \/>\n<meta property=\"og:description\" content=\"En exclusivit\u00e9 ! Retrouvez la Dague Master Sword au meilleur prix. Lame en acier avec Triforce - Fourreau - Longueur totale : 29cm - Envoi 24\/48h\" \/>\n<meta property=\"og:url\" content=\"https:\/\/repliquemangacine.fr\/it\/spada-di-zelda\/pugnale-master-sword-zelda\/\" \/>\n<meta property=\"og:site_name\" content=\"R\u00e9plique Manga Cin\u00e9\" \/>\n<meta property=\"article:publisher\" content=\"https:\/\/www.facebook.com\/RepliqueMangaCine\" \/>\n<meta property=\"article:modified_time\" content=\"2026-04-13T15:09:50+00:00\" \/>\n<meta property=\"og:image\" content=\"https:\/\/repliquemangacine.fr\/wp-content\/uploads\/2023\/10\/2418-Dague-The-Legende-of-Zelda-epee-de-Link-version-dague.jpg\" \/>\n\t<meta property=\"og:image:width\" content=\"600\" \/>\n\t<meta property=\"og:image:height\" content=\"600\" \/>\n\t<meta property=\"og:image:type\" content=\"image\/jpeg\" \/>\n<meta name=\"twitter:card\" content=\"summary_large_image\" \/>\n<meta name=\"twitter:label1\" content=\"Tempo di lettura stimato\" \/>\n\t<meta name=\"twitter:data1\" content=\"1 minuto\" \/>\n<script type=\"application\/ld+json\" class=\"yoast-schema-graph\">{\"@context\":\"https:\\\/\\\/schema.org\",\"@graph\":[{\"@type\":\"WebPage\",\"@id\":\"https:\\\/\\\/repliquemangacine.fr\\\/epee-zelda\\\/dague-master-sword-zelda\\\/\",\"url\":\"https:\\\/\\\/repliquemangacine.fr\\\/epee-zelda\\\/dague-master-sword-zelda\\\/\",\"name\":\"Dague Master Sword - Zelda - Boutique en ligne | RMC\",\"isPartOf\":{\"@id\":\"https:\\\/\\\/repliquemangacine.fr\\\/#website\"},\"primaryImageOfPage\":{\"@id\":\"https:\\\/\\\/repliquemangacine.fr\\\/epee-zelda\\\/dague-master-sword-zelda\\\/#primaryimage\"},\"image\":{\"@id\":\"https:\\\/\\\/repliquemangacine.fr\\\/epee-zelda\\\/dague-master-sword-zelda\\\/#primaryimage\"},\"thumbnailUrl\":\"https:\\\/\\\/repliquemangacine.fr\\\/wp-content\\\/uploads\\\/2023\\\/10\\\/2418-Dague-The-Legende-of-Zelda-epee-de-Link-version-dague.jpg\",\"datePublished\":\"2018-01-14T19:22:55+00:00\",\"dateModified\":\"2026-04-13T15:09:50+00:00\",\"description\":\"En exclusivit\u00e9 ! Retrouvez la Dague Master Sword au meilleur prix. Lame en acier avec Triforce - Fourreau - Longueur totale : 29cm - Envoi 24\\\/48h\",\"breadcrumb\":{\"@id\":\"https:\\\/\\\/repliquemangacine.fr\\\/epee-zelda\\\/dague-master-sword-zelda\\\/#breadcrumb\"},\"inLanguage\":\"it-IT\",\"potentialAction\":[{\"@type\":\"ReadAction\",\"target\":[\"https:\\\/\\\/repliquemangacine.fr\\\/epee-zelda\\\/dague-master-sword-zelda\\\/\"]}]},{\"@type\":\"ImageObject\",\"inLanguage\":\"it-IT\",\"@id\":\"https:\\\/\\\/repliquemangacine.fr\\\/epee-zelda\\\/dague-master-sword-zelda\\\/#primaryimage\",\"url\":\"https:\\\/\\\/repliquemangacine.fr\\\/wp-content\\\/uploads\\\/2023\\\/10\\\/2418-Dague-The-Legende-of-Zelda-epee-de-Link-version-dague.jpg\",\"contentUrl\":\"https:\\\/\\\/repliquemangacine.fr\\\/wp-content\\\/uploads\\\/2023\\\/10\\\/2418-Dague-The-Legende-of-Zelda-epee-de-Link-version-dague.jpg\",\"width\":600,\"height\":600,\"caption\":\"Dague Master Sword zelda\"},{\"@type\":\"BreadcrumbList\",\"@id\":\"https:\\\/\\\/repliquemangacine.fr\\\/epee-zelda\\\/dague-master-sword-zelda\\\/#breadcrumb\",\"itemListElement\":[{\"@type\":\"ListItem\",\"position\":1,\"name\":\"Accueil\",\"item\":\"https:\\\/\\\/repliquemangacine.fr\\\/\"},{\"@type\":\"ListItem\",\"position\":2,\"name\":\"Produits\",\"item\":\"https:\\\/\\\/repliquemangacine.fr\\\/boutique\\\/\"},{\"@type\":\"ListItem\",\"position\":3,\"name\":\"Dague Master Sword Zelda\"}]},{\"@type\":\"WebSite\",\"@id\":\"https:\\\/\\\/repliquemangacine.fr\\\/#website\",\"url\":\"https:\\\/\\\/repliquemangacine.fr\\\/\",\"name\":\"R\u00e9plique Manga Cin\u00e9\",\"description\":\"\",\"publisher\":{\"@id\":\"https:\\\/\\\/repliquemangacine.fr\\\/#organization\"},\"potentialAction\":[{\"@type\":\"SearchAction\",\"target\":{\"@type\":\"EntryPoint\",\"urlTemplate\":\"https:\\\/\\\/repliquemangacine.fr\\\/?s={search_term_string}\"},\"query-input\":{\"@type\":\"PropertyValueSpecification\",\"valueRequired\":true,\"valueName\":\"search_term_string\"}}],\"inLanguage\":\"it-IT\"},{\"@type\":\"Organization\",\"@id\":\"https:\\\/\\\/repliquemangacine.fr\\\/#organization\",\"name\":\"R\u00e9plique Manga Cin\u00e9\",\"url\":\"https:\\\/\\\/repliquemangacine.fr\\\/\",\"logo\":{\"@type\":\"ImageObject\",\"inLanguage\":\"it-IT\",\"@id\":\"https:\\\/\\\/repliquemangacine.fr\\\/#\\\/schema\\\/logo\\\/image\\\/\",\"url\":\"https:\\\/\\\/repliquemangacine.fr\\\/wp-content\\\/uploads\\\/2023\\\/10\\\/RMC-500250.png\",\"contentUrl\":\"https:\\\/\\\/repliquemangacine.fr\\\/wp-content\\\/uploads\\\/2023\\\/10\\\/RMC-500250.png\",\"width\":500,\"height\":250,\"caption\":\"R\u00e9plique Manga Cin\u00e9\"},\"image\":{\"@id\":\"https:\\\/\\\/repliquemangacine.fr\\\/#\\\/schema\\\/logo\\\/image\\\/\"},\"sameAs\":[\"https:\\\/\\\/www.facebook.com\\\/RepliqueMangaCine\",\"https:\\\/\\\/www.instagram.com\\\/repliquemangacine.fr\\\/\"]}]}<\/script>\n<!-- \/ Yoast SEO plugin. -->","yoast_head_json":{"title":"Master Sword - Zelda - Boutique en ligne | RMC","description":"Esclusivo! Trova il pugnale Master Sword al miglior prezzo. Lama in acciaio con Triforza - Fodero - Lunghezza totale: 29cm - Spedizione 24\/48h","robots":{"index":"index","follow":"follow","max-snippet":"max-snippet:-1","max-image-preview":"max-image-preview:large","max-video-preview":"max-video-preview:-1"},"canonical":"https:\/\/repliquemangacine.fr\/it\/spada-di-zelda\/pugnale-master-sword-zelda\/","og_locale":"it_IT","og_type":"article","og_title":"Dague Master Sword - Zelda - Boutique en ligne | RMC","og_description":"En exclusivit\u00e9 ! Retrouvez la Dague Master Sword au meilleur prix. Lame en acier avec Triforce - Fourreau - Longueur totale : 29cm - Envoi 24\/48h","og_url":"https:\/\/repliquemangacine.fr\/it\/spada-di-zelda\/pugnale-master-sword-zelda\/","og_site_name":"R\u00e9plique Manga Cin\u00e9","article_publisher":"https:\/\/www.facebook.com\/RepliqueMangaCine","article_modified_time":"2026-04-13T15:09:50+00:00","og_image":[{"width":600,"height":600,"url":"https:\/\/repliquemangacine.fr\/wp-content\/uploads\/2023\/10\/2418-Dague-The-Legende-of-Zelda-epee-de-Link-version-dague.jpg","type":"image\/jpeg"}],"twitter_card":"summary_large_image","twitter_misc":{"Tempo di lettura stimato":"1 minuto"},"schema":{"@context":"https:\/\/schema.org","@graph":[{"@type":"WebPage","@id":"https:\/\/repliquemangacine.fr\/epee-zelda\/dague-master-sword-zelda\/","url":"https:\/\/repliquemangacine.fr\/epee-zelda\/dague-master-sword-zelda\/","name":"Master Sword - Zelda - Boutique en ligne | RMC","isPartOf":{"@id":"https:\/\/repliquemangacine.fr\/#website"},"primaryImageOfPage":{"@id":"https:\/\/repliquemangacine.fr\/epee-zelda\/dague-master-sword-zelda\/#primaryimage"},"image":{"@id":"https:\/\/repliquemangacine.fr\/epee-zelda\/dague-master-sword-zelda\/#primaryimage"},"thumbnailUrl":"https:\/\/repliquemangacine.fr\/wp-content\/uploads\/2023\/10\/2418-Dague-The-Legende-of-Zelda-epee-de-Link-version-dague.jpg","datePublished":"2018-01-14T19:22:55+00:00","dateModified":"2026-04-13T15:09:50+00:00","description":"Esclusivo! Trova il pugnale Master Sword al miglior prezzo. Lama in acciaio con Triforza - Fodero - Lunghezza totale: 29cm - Spedizione 24\/48h","breadcrumb":{"@id":"https:\/\/repliquemangacine.fr\/epee-zelda\/dague-master-sword-zelda\/#breadcrumb"},"inLanguage":"it-IT","potentialAction":[{"@type":"ReadAction","target":["https:\/\/repliquemangacine.fr\/epee-zelda\/dague-master-sword-zelda\/"]}]},{"@type":"ImageObject","inLanguage":"it-IT","@id":"https:\/\/repliquemangacine.fr\/epee-zelda\/dague-master-sword-zelda\/#primaryimage","url":"https:\/\/repliquemangacine.fr\/wp-content\/uploads\/2023\/10\/2418-Dague-The-Legende-of-Zelda-epee-de-Link-version-dague.jpg","contentUrl":"https:\/\/repliquemangacine.fr\/wp-content\/uploads\/2023\/10\/2418-Dague-The-Legende-of-Zelda-epee-de-Link-version-dague.jpg","width":600,"height":600,"caption":"Dague Master Sword zelda"},{"@type":"BreadcrumbList","@id":"https:\/\/repliquemangacine.fr\/epee-zelda\/dague-master-sword-zelda\/#breadcrumb","itemListElement":[{"@type":"ListItem","position":1,"name":"Accueil","item":"https:\/\/repliquemangacine.fr\/"},{"@type":"ListItem","position":2,"name":"Produits","item":"https:\/\/repliquemangacine.fr\/boutique\/"},{"@type":"ListItem","position":3,"name":"Dague Master Sword Zelda"}]},{"@type":"WebSite","@id":"https:\/\/repliquemangacine.fr\/#website","url":"https:\/\/repliquemangacine.fr\/","name":"R\u00e9plique Manga Cin\u00e9","description":"","publisher":{"@id":"https:\/\/repliquemangacine.fr\/#organization"},"potentialAction":[{"@type":"SearchAction","target":{"@type":"EntryPoint","urlTemplate":"https:\/\/repliquemangacine.fr\/?s={search_term_string}"},"query-input":{"@type":"PropertyValueSpecification","valueRequired":true,"valueName":"search_term_string"}}],"inLanguage":"it-IT"},{"@type":"Organization","@id":"https:\/\/repliquemangacine.fr\/#organization","name":"R\u00e9plique Manga Cin\u00e9","url":"https:\/\/repliquemangacine.fr\/","logo":{"@type":"ImageObject","inLanguage":"it-IT","@id":"https:\/\/repliquemangacine.fr\/#\/schema\/logo\/image\/","url":"https:\/\/repliquemangacine.fr\/wp-content\/uploads\/2023\/10\/RMC-500250.png","contentUrl":"https:\/\/repliquemangacine.fr\/wp-content\/uploads\/2023\/10\/RMC-500250.png","width":500,"height":250,"caption":"R\u00e9plique Manga Cin\u00e9"},"image":{"@id":"https:\/\/repliquemangacine.fr\/#\/schema\/logo\/image\/"},"sameAs":["https:\/\/www.facebook.com\/RepliqueMangaCine","https:\/\/www.instagram.com\/repliquemangacine.fr\/"]}]}},"_links":{"self":[{"href":"https:\/\/repliquemangacine.fr\/it\/wp-json\/wp\/v2\/product\/27647","targetHints":{"allow":["GET"]}}],"collection":[{"href":"https:\/\/repliquemangacine.fr\/it\/wp-json\/wp\/v2\/product"}],"about":[{"href":"https:\/\/repliquemangacine.fr\/it\/wp-json\/wp\/v2\/types\/product"}],"wp:featuredmedia":[{"embeddable":true,"href":"https:\/\/repliquemangacine.fr\/it\/wp-json\/wp\/v2\/media\/27648"}],"wp:attachment":[{"href":"https:\/\/repliquemangacine.fr\/it\/wp-json\/wp\/v2\/media?parent=27647"}],"wp:term":[{"taxonomy":"product_brand","embeddable":true,"href":"https:\/\/repliquemangacine.fr\/it\/wp-json\/wp\/v2\/product_brand?post=27647"},{"taxonomy":"product_cat","embeddable":true,"href":"https:\/\/repliquemangacine.fr\/it\/wp-json\/wp\/v2\/product_cat?post=27647"},{"taxonomy":"product_tag","embeddable":true,"href":"https:\/\/repliquemangacine.fr\/it\/wp-json\/wp\/v2\/product_tag?post=27647"}],"curies":[{"name":"wp","href":"https:\/\/api.w.org\/{rel}","templated":true}]}}