





{"id":27642,"date":"2018-01-14T19:07:48","date_gmt":"2018-01-14T18:07:48","guid":{"rendered":"https:\/\/repliquemangacine.fr\/?post_type=product&#038;p=27642"},"modified":"2026-04-20T10:56:15","modified_gmt":"2026-04-20T08:56:15","slug":"pugnale-aragorn-coltello-elfico-di-strider","status":"publish","type":"product","link":"https:\/\/repliquemangacine.fr\/it\/epees-seigneur-des-anneaux\/dague-poignard-aragorn-elven-knife-of-strider\/","title":{"rendered":"Pugnale Aragorn"},"content":{"rendered":"<h2>Pugnale Aragorn Il Signore degli Anelli.<\/h2>\n<p>Per cominciare, il <strong>Pugnale Aragorn<\/strong>\u00e8 offerto dall'elfo Celeborn, signore della <a href=\"https:\/\/lotr.fandom.com\/fr\/wiki\/Lothl\u00f3rien\" target=\"_blank\" rel=\"noopener noreferrer\">Lothl\u00f3rien<\/a>\u00a0nel film Il Signore degli Anelli.<\/p>\n<p>Membro della Confraternita dell'Anello, Aragorn \u00e8 un amico di lunga data di Gandalf e degli Elfi della Terra di Mezzo, che gli hanno donato questo superbo pugnale chiamato Coltello degli Elfi.<\/p>\n<p>Ora che \u00e8 un Ranger con il nome di Strider, Aragorn incontra i quattro Hobbit (Frodo, Merry, Pipino e Sam) alla locanda del Pony Dashing, dove li protegge da un attacco dei Nazg\u00fbl.<\/p>\n<p>Aragorn, grande guerriero, ottenne diverse grandi vittorie. Combatt\u00e9 cinque Nazg\u00fbl al Monte Ventoso. Poi ha intrapreso il sentiero dei morti per radunare l'esercito dei morti per combattere i corsari di Umbar. E molto altro ancora!<\/p>\n<h2>Il vostro pugnale Aragorn al miglior prezzo<\/h2>\n<p>Vi proponiamo tutte le repliche de Il Signore degli Anelli.<\/p>\n<p>Innanzitutto,<\/p>\n<ul>\n<li>Il <a href=\"https:\/\/repliquemangacine.fr\/it\/spade-del-signore-degli-anelli\/signore-degli-anelli-legolas-sciabole\/\">due spade elfiche di Legolas<\/a>cos\u00ec utile nella ricerca dell'anello.<\/li>\n<li>Ma anche il<a href=\"https:\/\/repliquemangacine.fr\/it\/spade-del-signore-degli-anelli\/anduril-aragorn-spada-signore-degli-anelli\/\">Spada Anduril<\/a> sulla piastra in versione decorativa e con fodero.<\/li>\n<li>E molto altro ancora da scoprire nel nostro negozio online!<\/li>\n<\/ul>\n<p>Ecco un'ottima idea regalo per i fan della trilogia de Il Signore degli Anelli.<\/p>\n<p>Per concludere, si pu\u00f2 anche utilizzare l'opzione <strong>Pugnale Aragorn<\/strong> per le vostre feste a tema o per le sfilate Cosplay. Ma soprattutto, \u00e8 un oggetto da collezione e una decorazione.<\/p>\n<p>R\u00e9plique Manga Cin\u00e9 \u00e8 un'azienda familiare francese.<strong><br \/>\n<\/strong><\/p>\n<h2>Come faccio a mantenere la lama del mio pugnale del Signore degli Anelli?<\/h2>\n<p>I pugnali da collezione e decorativi sono realizzati e assemblati in modo semplificato. Essendo destinati a scopi decorativi, non dispongono degli elementi di sicurezza necessari per una spada giapponese destinata all'allenamento.<\/p>\n<p>Tuttavia, il vostro <strong>Pugnale Aragorn<\/strong> a una lama d'acciaio che deve essere curata per evitare che si danneggi nel tempo. Quando si espone la katana, gli amici saranno curiosi di vedere la lama e di toccarla. \u00c8 qui che bisogna fare attenzione, perch\u00e9 l'acidit\u00e0 delle dita \u00e8 molto dannosa per l'acciaio, indipendentemente dalla sua qualit\u00e0.<\/p>\n<p>Tuttavia, se ci\u00f2 dovesse accadere, niente panico: basta un panno inumidito con un po' d'olio per eliminare le impronte. In questo modo, la spada durer\u00e0 a lungo.<\/p>","protected":false},"excerpt":{"rendered":"<p>Replica del pugnale di Aragorn de Il Signore degli Anelli.<\/p>\n<ul>\n<li>Lama in acciaio inossidabile.<\/li>\n<li>Impugnatura e fodero in ABS stampato in finta pelle nera.<\/li>\n<li>Lunghezza lama: 28 cm - Lunghezza totale: 44,5 cm<\/li>\n<\/ul>","protected":false},"featured_media":27643,"template":"","meta":[],"product_brand":[896],"product_cat":[68,24,29],"product_tag":[],"class_list":{"0":"post-27642","1":"product","2":"type-product","3":"status-publish","4":"has-post-thumbnail","6":"product_brand-replique-manga-cine","7":"product_cat-epees-seigneur-des-anneaux","8":"product_cat-films-series-tv-vente-de-katana-epee-et-produits-derives","9":"product_cat-le-seigneur-des-anneaux","11":"first","12":"instock","13":"taxable","14":"shipping-taxable","15":"purchasable","16":"product-type-simple"},"yoast_head":"<!-- This site is optimized with the Yoast SEO plugin v27.4 - https:\/\/yoast.com\/product\/yoast-seo-wordpress\/ -->\n<title>Dague Poignard Aragorn - Le Seigneur des Anneaux | RMC<\/title>\n<meta name=\"description\" content=\"R\u00e9plique de la Dague Poignard Aragorn dans le Seigneur des Anneaux pas ch\u00e8re. Lame en acier - Fourreau similicuir - Longueur : 44.5 cm - Envoi 24\/48h\" \/>\n<meta name=\"robots\" content=\"index, follow, max-snippet:-1, max-image-preview:large, max-video-preview:-1\" \/>\n<link rel=\"canonical\" href=\"https:\/\/repliquemangacine.fr\/it\/spade-del-signore-degli-anelli\/pugnale-aragorn-coltello-elfico-di-strider\/\" \/>\n<meta property=\"og:locale\" content=\"it_IT\" \/>\n<meta property=\"og:type\" content=\"article\" \/>\n<meta property=\"og:title\" content=\"Dague Poignard Aragorn - Le Seigneur des Anneaux | RMC\" \/>\n<meta property=\"og:description\" content=\"R\u00e9plique de la Dague Poignard Aragorn dans le Seigneur des Anneaux pas ch\u00e8re. Lame en acier - Fourreau similicuir - Longueur : 44.5 cm - Envoi 24\/48h\" \/>\n<meta property=\"og:url\" content=\"https:\/\/repliquemangacine.fr\/it\/spade-del-signore-degli-anelli\/pugnale-aragorn-coltello-elfico-di-strider\/\" \/>\n<meta property=\"og:site_name\" content=\"R\u00e9plique Manga Cin\u00e9\" \/>\n<meta property=\"article:publisher\" content=\"https:\/\/www.facebook.com\/RepliqueMangaCine\" \/>\n<meta property=\"article:modified_time\" content=\"2026-04-20T08:56:15+00:00\" \/>\n<meta property=\"og:image\" content=\"https:\/\/repliquemangacine.fr\/wp-content\/uploads\/2023\/10\/2413-Replique-Poignard-Aragorn-Elven-knife-of-Strider.jpg\" \/>\n\t<meta property=\"og:image:width\" content=\"600\" \/>\n\t<meta property=\"og:image:height\" content=\"600\" \/>\n\t<meta property=\"og:image:type\" content=\"image\/jpeg\" \/>\n<meta name=\"twitter:card\" content=\"summary_large_image\" \/>\n<meta name=\"twitter:label1\" content=\"Tempo di lettura stimato\" \/>\n\t<meta name=\"twitter:data1\" content=\"2 minuti\" \/>\n<script type=\"application\/ld+json\" class=\"yoast-schema-graph\">{\"@context\":\"https:\\\/\\\/schema.org\",\"@graph\":[{\"@type\":\"WebPage\",\"@id\":\"https:\\\/\\\/repliquemangacine.fr\\\/epees-seigneur-des-anneaux\\\/dague-poignard-aragorn-elven-knife-of-strider\\\/\",\"url\":\"https:\\\/\\\/repliquemangacine.fr\\\/epees-seigneur-des-anneaux\\\/dague-poignard-aragorn-elven-knife-of-strider\\\/\",\"name\":\"Dague Poignard Aragorn - Le Seigneur des Anneaux | RMC\",\"isPartOf\":{\"@id\":\"https:\\\/\\\/repliquemangacine.fr\\\/#website\"},\"primaryImageOfPage\":{\"@id\":\"https:\\\/\\\/repliquemangacine.fr\\\/epees-seigneur-des-anneaux\\\/dague-poignard-aragorn-elven-knife-of-strider\\\/#primaryimage\"},\"image\":{\"@id\":\"https:\\\/\\\/repliquemangacine.fr\\\/epees-seigneur-des-anneaux\\\/dague-poignard-aragorn-elven-knife-of-strider\\\/#primaryimage\"},\"thumbnailUrl\":\"https:\\\/\\\/repliquemangacine.fr\\\/wp-content\\\/uploads\\\/2023\\\/10\\\/2413-Replique-Poignard-Aragorn-Elven-knife-of-Strider.jpg\",\"datePublished\":\"2018-01-14T18:07:48+00:00\",\"dateModified\":\"2026-04-20T08:56:15+00:00\",\"description\":\"R\u00e9plique de la Dague Poignard Aragorn dans le Seigneur des Anneaux pas ch\u00e8re. Lame en acier - Fourreau similicuir - Longueur : 44.5 cm - Envoi 24\\\/48h\",\"breadcrumb\":{\"@id\":\"https:\\\/\\\/repliquemangacine.fr\\\/epees-seigneur-des-anneaux\\\/dague-poignard-aragorn-elven-knife-of-strider\\\/#breadcrumb\"},\"inLanguage\":\"it-IT\",\"potentialAction\":[{\"@type\":\"ReadAction\",\"target\":[\"https:\\\/\\\/repliquemangacine.fr\\\/epees-seigneur-des-anneaux\\\/dague-poignard-aragorn-elven-knife-of-strider\\\/\"]}]},{\"@type\":\"ImageObject\",\"inLanguage\":\"it-IT\",\"@id\":\"https:\\\/\\\/repliquemangacine.fr\\\/epees-seigneur-des-anneaux\\\/dague-poignard-aragorn-elven-knife-of-strider\\\/#primaryimage\",\"url\":\"https:\\\/\\\/repliquemangacine.fr\\\/wp-content\\\/uploads\\\/2023\\\/10\\\/2413-Replique-Poignard-Aragorn-Elven-knife-of-Strider.jpg\",\"contentUrl\":\"https:\\\/\\\/repliquemangacine.fr\\\/wp-content\\\/uploads\\\/2023\\\/10\\\/2413-Replique-Poignard-Aragorn-Elven-knife-of-Strider.jpg\",\"width\":600,\"height\":600,\"caption\":\"R\u00e9plique dague Aragorn Elven knife of Strider\"},{\"@type\":\"BreadcrumbList\",\"@id\":\"https:\\\/\\\/repliquemangacine.fr\\\/epees-seigneur-des-anneaux\\\/dague-poignard-aragorn-elven-knife-of-strider\\\/#breadcrumb\",\"itemListElement\":[{\"@type\":\"ListItem\",\"position\":1,\"name\":\"Accueil\",\"item\":\"https:\\\/\\\/repliquemangacine.fr\\\/\"},{\"@type\":\"ListItem\",\"position\":2,\"name\":\"Produits\",\"item\":\"https:\\\/\\\/repliquemangacine.fr\\\/boutique\\\/\"},{\"@type\":\"ListItem\",\"position\":3,\"name\":\"Dague Poignard Aragorn\"}]},{\"@type\":\"WebSite\",\"@id\":\"https:\\\/\\\/repliquemangacine.fr\\\/#website\",\"url\":\"https:\\\/\\\/repliquemangacine.fr\\\/\",\"name\":\"R\u00e9plique Manga Cin\u00e9\",\"description\":\"\",\"publisher\":{\"@id\":\"https:\\\/\\\/repliquemangacine.fr\\\/#organization\"},\"potentialAction\":[{\"@type\":\"SearchAction\",\"target\":{\"@type\":\"EntryPoint\",\"urlTemplate\":\"https:\\\/\\\/repliquemangacine.fr\\\/?s={search_term_string}\"},\"query-input\":{\"@type\":\"PropertyValueSpecification\",\"valueRequired\":true,\"valueName\":\"search_term_string\"}}],\"inLanguage\":\"it-IT\"},{\"@type\":\"Organization\",\"@id\":\"https:\\\/\\\/repliquemangacine.fr\\\/#organization\",\"name\":\"R\u00e9plique Manga Cin\u00e9\",\"url\":\"https:\\\/\\\/repliquemangacine.fr\\\/\",\"logo\":{\"@type\":\"ImageObject\",\"inLanguage\":\"it-IT\",\"@id\":\"https:\\\/\\\/repliquemangacine.fr\\\/#\\\/schema\\\/logo\\\/image\\\/\",\"url\":\"https:\\\/\\\/repliquemangacine.fr\\\/wp-content\\\/uploads\\\/2023\\\/10\\\/RMC-500250.png\",\"contentUrl\":\"https:\\\/\\\/repliquemangacine.fr\\\/wp-content\\\/uploads\\\/2023\\\/10\\\/RMC-500250.png\",\"width\":500,\"height\":250,\"caption\":\"R\u00e9plique Manga Cin\u00e9\"},\"image\":{\"@id\":\"https:\\\/\\\/repliquemangacine.fr\\\/#\\\/schema\\\/logo\\\/image\\\/\"},\"sameAs\":[\"https:\\\/\\\/www.facebook.com\\\/RepliqueMangaCine\",\"https:\\\/\\\/www.instagram.com\\\/repliquemangacine.fr\\\/\"]}]}<\/script>\n<!-- \/ Yoast SEO plugin. -->","yoast_head_json":{"title":"Pugnale Aragorn - Il Signore degli Anelli | RMC","description":"Replica economica del pugnale Aragorn de Il Signore degli Anelli. Lama in acciaio - Fodero in similpelle - Lunghezza: 44,5 cm - Spedizione 24\/48h","robots":{"index":"index","follow":"follow","max-snippet":"max-snippet:-1","max-image-preview":"max-image-preview:large","max-video-preview":"max-video-preview:-1"},"canonical":"https:\/\/repliquemangacine.fr\/it\/spade-del-signore-degli-anelli\/pugnale-aragorn-coltello-elfico-di-strider\/","og_locale":"it_IT","og_type":"article","og_title":"Dague Poignard Aragorn - Le Seigneur des Anneaux | RMC","og_description":"R\u00e9plique de la Dague Poignard Aragorn dans le Seigneur des Anneaux pas ch\u00e8re. Lame en acier - Fourreau similicuir - Longueur : 44.5 cm - Envoi 24\/48h","og_url":"https:\/\/repliquemangacine.fr\/it\/spade-del-signore-degli-anelli\/pugnale-aragorn-coltello-elfico-di-strider\/","og_site_name":"R\u00e9plique Manga Cin\u00e9","article_publisher":"https:\/\/www.facebook.com\/RepliqueMangaCine","article_modified_time":"2026-04-20T08:56:15+00:00","og_image":[{"width":600,"height":600,"url":"https:\/\/repliquemangacine.fr\/wp-content\/uploads\/2023\/10\/2413-Replique-Poignard-Aragorn-Elven-knife-of-Strider.jpg","type":"image\/jpeg"}],"twitter_card":"summary_large_image","twitter_misc":{"Tempo di lettura stimato":"2 minuti"},"schema":{"@context":"https:\/\/schema.org","@graph":[{"@type":"WebPage","@id":"https:\/\/repliquemangacine.fr\/epees-seigneur-des-anneaux\/dague-poignard-aragorn-elven-knife-of-strider\/","url":"https:\/\/repliquemangacine.fr\/epees-seigneur-des-anneaux\/dague-poignard-aragorn-elven-knife-of-strider\/","name":"Pugnale Aragorn - Il Signore degli Anelli | RMC","isPartOf":{"@id":"https:\/\/repliquemangacine.fr\/#website"},"primaryImageOfPage":{"@id":"https:\/\/repliquemangacine.fr\/epees-seigneur-des-anneaux\/dague-poignard-aragorn-elven-knife-of-strider\/#primaryimage"},"image":{"@id":"https:\/\/repliquemangacine.fr\/epees-seigneur-des-anneaux\/dague-poignard-aragorn-elven-knife-of-strider\/#primaryimage"},"thumbnailUrl":"https:\/\/repliquemangacine.fr\/wp-content\/uploads\/2023\/10\/2413-Replique-Poignard-Aragorn-Elven-knife-of-Strider.jpg","datePublished":"2018-01-14T18:07:48+00:00","dateModified":"2026-04-20T08:56:15+00:00","description":"Replica economica del pugnale Aragorn de Il Signore degli Anelli. Lama in acciaio - Fodero in similpelle - Lunghezza: 44,5 cm - Spedizione 24\/48h","breadcrumb":{"@id":"https:\/\/repliquemangacine.fr\/epees-seigneur-des-anneaux\/dague-poignard-aragorn-elven-knife-of-strider\/#breadcrumb"},"inLanguage":"it-IT","potentialAction":[{"@type":"ReadAction","target":["https:\/\/repliquemangacine.fr\/epees-seigneur-des-anneaux\/dague-poignard-aragorn-elven-knife-of-strider\/"]}]},{"@type":"ImageObject","inLanguage":"it-IT","@id":"https:\/\/repliquemangacine.fr\/epees-seigneur-des-anneaux\/dague-poignard-aragorn-elven-knife-of-strider\/#primaryimage","url":"https:\/\/repliquemangacine.fr\/wp-content\/uploads\/2023\/10\/2413-Replique-Poignard-Aragorn-Elven-knife-of-Strider.jpg","contentUrl":"https:\/\/repliquemangacine.fr\/wp-content\/uploads\/2023\/10\/2413-Replique-Poignard-Aragorn-Elven-knife-of-Strider.jpg","width":600,"height":600,"caption":"R\u00e9plique dague Aragorn Elven knife of Strider"},{"@type":"BreadcrumbList","@id":"https:\/\/repliquemangacine.fr\/epees-seigneur-des-anneaux\/dague-poignard-aragorn-elven-knife-of-strider\/#breadcrumb","itemListElement":[{"@type":"ListItem","position":1,"name":"Accueil","item":"https:\/\/repliquemangacine.fr\/"},{"@type":"ListItem","position":2,"name":"Produits","item":"https:\/\/repliquemangacine.fr\/boutique\/"},{"@type":"ListItem","position":3,"name":"Dague Poignard Aragorn"}]},{"@type":"WebSite","@id":"https:\/\/repliquemangacine.fr\/#website","url":"https:\/\/repliquemangacine.fr\/","name":"R\u00e9plique Manga Cin\u00e9","description":"","publisher":{"@id":"https:\/\/repliquemangacine.fr\/#organization"},"potentialAction":[{"@type":"SearchAction","target":{"@type":"EntryPoint","urlTemplate":"https:\/\/repliquemangacine.fr\/?s={search_term_string}"},"query-input":{"@type":"PropertyValueSpecification","valueRequired":true,"valueName":"search_term_string"}}],"inLanguage":"it-IT"},{"@type":"Organization","@id":"https:\/\/repliquemangacine.fr\/#organization","name":"R\u00e9plique Manga Cin\u00e9","url":"https:\/\/repliquemangacine.fr\/","logo":{"@type":"ImageObject","inLanguage":"it-IT","@id":"https:\/\/repliquemangacine.fr\/#\/schema\/logo\/image\/","url":"https:\/\/repliquemangacine.fr\/wp-content\/uploads\/2023\/10\/RMC-500250.png","contentUrl":"https:\/\/repliquemangacine.fr\/wp-content\/uploads\/2023\/10\/RMC-500250.png","width":500,"height":250,"caption":"R\u00e9plique Manga Cin\u00e9"},"image":{"@id":"https:\/\/repliquemangacine.fr\/#\/schema\/logo\/image\/"},"sameAs":["https:\/\/www.facebook.com\/RepliqueMangaCine","https:\/\/www.instagram.com\/repliquemangacine.fr\/"]}]}},"_links":{"self":[{"href":"https:\/\/repliquemangacine.fr\/it\/wp-json\/wp\/v2\/product\/27642","targetHints":{"allow":["GET"]}}],"collection":[{"href":"https:\/\/repliquemangacine.fr\/it\/wp-json\/wp\/v2\/product"}],"about":[{"href":"https:\/\/repliquemangacine.fr\/it\/wp-json\/wp\/v2\/types\/product"}],"wp:featuredmedia":[{"embeddable":true,"href":"https:\/\/repliquemangacine.fr\/it\/wp-json\/wp\/v2\/media\/27643"}],"wp:attachment":[{"href":"https:\/\/repliquemangacine.fr\/it\/wp-json\/wp\/v2\/media?parent=27642"}],"wp:term":[{"taxonomy":"product_brand","embeddable":true,"href":"https:\/\/repliquemangacine.fr\/it\/wp-json\/wp\/v2\/product_brand?post=27642"},{"taxonomy":"product_cat","embeddable":true,"href":"https:\/\/repliquemangacine.fr\/it\/wp-json\/wp\/v2\/product_cat?post=27642"},{"taxonomy":"product_tag","embeddable":true,"href":"https:\/\/repliquemangacine.fr\/it\/wp-json\/wp\/v2\/product_tag?post=27642"}],"curies":[{"name":"wp","href":"https:\/\/api.w.org\/{rel}","templated":true}]}}