





{"id":27635,"date":"2018-01-14T15:44:32","date_gmt":"2018-01-14T14:44:32","guid":{"rendered":"https:\/\/repliquemangacine.fr\/?post_type=product&#038;p=27635"},"modified":"2026-04-18T17:23:07","modified_gmt":"2026-04-18T15:23:07","slug":"spada-jon-snow-grande-game-of-thrones-etichetta","status":"publish","type":"product","link":"https:\/\/repliquemangacine.fr\/it\/epees-game-of-thrones\/epee-de-jon-snow-grand-griffe-game-of-thrones\/","title":{"rendered":"Spada con grande artiglio di Jon Snow"},"content":{"rendered":"<h2>Spada di Jon Snow Grand-Griffe in Game of Thrones.<\/h2>\n<p>Per cominciare, il<strong>Spada con grande artiglio di Jon Snow<\/strong> (Longclaw) \u00e8 in <a href=\"https:\/\/gameofthrones.fandom.com\/fr\/wiki\/Acier_valyrien\" target=\"_blank\" rel=\"noopener noreferrer\">Acciaio valyriano<\/a> un tempo appartenente alla Casa dei Mormont.<\/p>\n<p>Regalata a Jon nella prima stagione della serie da Jeor Mormont dopo che Jon gli ha salvato la vita da uno Spettro. Longclaw pu\u00f2 essere visto in tutte le stagioni della serie. Jon lo porta con s\u00e9 ovunque quando va oltre la Barriera, nelle varie battaglie \u201cCastello Nero, Battaglia dei Bastardi...\u201d tra le altre.<\/p>\n<p>Gli salva la vita durante il duello con un camminatore, perch\u00e9 non esplode al contatto con la lama di ghiaccio dell'Estraneo. Sorpreso, Jon lo uccide, facendo esplodere l'ambulante. Il Grande Artiglio diventa la spada ufficiale della Casa Stark.<\/p>\n<h2>La vostra spada di Jon Snow Grand-Griffe a buon mercato.<\/h2>\n<p>Vi presentiamo tutte le spade replica dei vostri eroi preferiti di Game of Thrones.<\/p>\n<p>Innanzitutto,<\/p>\n<ul>\n<li>L'<a href=\"https:\/\/repliquemangacine.fr\/it\/spade-di-game-of-thrones\/epee-needle-arya-stark-game-of-thrones-2\/\">spada ad ago arya<\/a> Stark, datagli da Jon Snow.<\/li>\n<li>Ma anche il<a href=\"https:\/\/repliquemangacine.fr\/it\/gioco-del-trono\/jon-snow-spada-gran-griffe-il-trono-di-ferro\/\">Spada Longclaw<\/a> versione romanzo.<\/li>\n<li>E molti altri da scoprire nel nostro negozio online!<\/li>\n<\/ul>\n<p>Ecco perch\u00e9 questa \u00e8 un'ottima idea regalo per i fan della serie Game of Thrones.<\/p>\n<p>In conclusione, \u00e8 possibile utilizzare l\u2019<strong>Spada a Grande Artiglio di Jon Snow<\/strong> per le sfilate di cosplay o le serate a tema. Ma soprattutto, \u00e8 un oggetto da collezione e una decorazione.<\/p>\n<h2>Come faccio a mantenere la lama della mia spada di Game of Thrones?<\/h2>\n<p>Le spade da collezione e decorative sono realizzate e assemblate in modo semplificato. Poich\u00e9 il loro uso \u00e8 decorativo, non hanno le caratteristiche di sicurezza richieste per una spada giapponese destinata all'allenamento.<\/p>\n<p>Tuttavia, il vostro <strong>Spada a Grande Artiglio di Jon Snow<\/strong> a una lama d'acciaio che deve essere curata per evitare che si danneggi nel tempo. Quando si espone la katana, gli amici saranno curiosi di vedere la lama e di toccarla. \u00c8 qui che bisogna fare attenzione, perch\u00e9 l'acidit\u00e0 delle dita \u00e8 molto dannosa per l'acciaio, indipendentemente dalla sua qualit\u00e0.<\/p>\n<p>Tuttavia, se ci\u00f2 dovesse accadere, niente panico: basta un panno inumidito con un po' d'olio per eliminare le impronte. In questo modo, la spada durer\u00e0 a lungo.<\/p>\n<p><strong>\u00a0<\/strong><\/p>","protected":false},"excerpt":{"rendered":"<p>Replica della spada Longclaw indossata da Jon Snow in Game of Thrones.<\/p>\n<ul>\n<li>Lama in acciaio 440 con scanalatura.<\/li>\n<li>Protezione in metallo.<\/li>\n<li>Impugnatura in ABS stampato.<\/li>\n<li>Pomello a testa di lupo in resina.<\/li>\n<li>Supporto serigrafato.<\/li>\n<li>Lunghezza lama: 82 cm - Lunghezza totale: 108 cm<\/li>\n<\/ul>","protected":false},"featured_media":27636,"template":"","meta":[],"product_brand":[896],"product_cat":[72,24,47],"product_tag":[],"class_list":{"0":"post-27635","1":"product","2":"type-product","3":"status-publish","4":"has-post-thumbnail","6":"product_brand-replique-manga-cine","7":"product_cat-epees-game-of-thrones","8":"product_cat-films-series-tv-vente-de-katana-epee-et-produits-derives","9":"product_cat-game-of-thrones","11":"first","12":"instock","13":"taxable","14":"shipping-taxable","15":"purchasable","16":"product-type-simple"},"yoast_head":"<!-- This site is optimized with the Yoast SEO plugin v27.4 - https:\/\/yoast.com\/product\/yoast-seo-wordpress\/ -->\n<title>Ep\u00e9e Jon Snow Grand-Griffe - Ep\u00e9e Game of Thrones | RMC<\/title>\n<meta name=\"description\" content=\"Offrez-lui\u202f! L&#039;Ep\u00e9e Jon Snow Grand-Griffe dans la s\u00e9rie Game of Thrones au meilleur prix. Lame en acier 440 - Pommeau r\u00e9sine - Longueur : 108 cm - Support\" \/>\n<meta name=\"robots\" content=\"index, follow, max-snippet:-1, max-image-preview:large, max-video-preview:-1\" \/>\n<link rel=\"canonical\" href=\"https:\/\/repliquemangacine.fr\/it\/spade-di-game-of-thrones\/spada-jon-snow-grande-game-of-thrones-etichetta\/\" \/>\n<meta property=\"og:locale\" content=\"it_IT\" \/>\n<meta property=\"og:type\" content=\"article\" \/>\n<meta property=\"og:title\" content=\"Ep\u00e9e Jon Snow Grand-Griffe - Ep\u00e9e Game of Thrones | RMC\" \/>\n<meta property=\"og:description\" content=\"Offrez-lui\u202f! L&#039;Ep\u00e9e Jon Snow Grand-Griffe dans la s\u00e9rie Game of Thrones au meilleur prix. Lame en acier 440 - Pommeau r\u00e9sine - Longueur : 108 cm - Support\" \/>\n<meta property=\"og:url\" content=\"https:\/\/repliquemangacine.fr\/it\/spade-di-game-of-thrones\/spada-jon-snow-grande-game-of-thrones-etichetta\/\" \/>\n<meta property=\"og:site_name\" content=\"R\u00e9plique Manga Cin\u00e9\" \/>\n<meta property=\"article:publisher\" content=\"https:\/\/www.facebook.com\/RepliqueMangaCine\" \/>\n<meta property=\"article:modified_time\" content=\"2026-04-18T15:23:07+00:00\" \/>\n<meta property=\"og:image\" content=\"https:\/\/repliquemangacine.fr\/wp-content\/uploads\/2023\/10\/2403-Epee-de-Jon-Snow-Grand-Griffe-Game-of-Thrones.jpg\" \/>\n\t<meta property=\"og:image:width\" content=\"600\" \/>\n\t<meta property=\"og:image:height\" content=\"600\" \/>\n\t<meta property=\"og:image:type\" content=\"image\/jpeg\" \/>\n<meta name=\"twitter:card\" content=\"summary_large_image\" \/>\n<meta name=\"twitter:label1\" content=\"Tempo di lettura stimato\" \/>\n\t<meta name=\"twitter:data1\" content=\"3 minuti\" \/>\n<script type=\"application\/ld+json\" class=\"yoast-schema-graph\">{\"@context\":\"https:\\\/\\\/schema.org\",\"@graph\":[{\"@type\":\"WebPage\",\"@id\":\"https:\\\/\\\/repliquemangacine.fr\\\/epees-game-of-thrones\\\/epee-de-jon-snow-grand-griffe-game-of-thrones\\\/\",\"url\":\"https:\\\/\\\/repliquemangacine.fr\\\/epees-game-of-thrones\\\/epee-de-jon-snow-grand-griffe-game-of-thrones\\\/\",\"name\":\"Ep\u00e9e Jon Snow Grand-Griffe - Ep\u00e9e Game of Thrones | RMC\",\"isPartOf\":{\"@id\":\"https:\\\/\\\/repliquemangacine.fr\\\/#website\"},\"primaryImageOfPage\":{\"@id\":\"https:\\\/\\\/repliquemangacine.fr\\\/epees-game-of-thrones\\\/epee-de-jon-snow-grand-griffe-game-of-thrones\\\/#primaryimage\"},\"image\":{\"@id\":\"https:\\\/\\\/repliquemangacine.fr\\\/epees-game-of-thrones\\\/epee-de-jon-snow-grand-griffe-game-of-thrones\\\/#primaryimage\"},\"thumbnailUrl\":\"https:\\\/\\\/repliquemangacine.fr\\\/wp-content\\\/uploads\\\/2023\\\/10\\\/2403-Epee-de-Jon-Snow-Grand-Griffe-Game-of-Thrones.jpg\",\"datePublished\":\"2018-01-14T14:44:32+00:00\",\"dateModified\":\"2026-04-18T15:23:07+00:00\",\"description\":\"Offrez-lui\u202f! L'Ep\u00e9e Jon Snow Grand-Griffe dans la s\u00e9rie Game of Thrones au meilleur prix. Lame en acier 440 - Pommeau r\u00e9sine - Longueur : 108 cm - Support\",\"breadcrumb\":{\"@id\":\"https:\\\/\\\/repliquemangacine.fr\\\/epees-game-of-thrones\\\/epee-de-jon-snow-grand-griffe-game-of-thrones\\\/#breadcrumb\"},\"inLanguage\":\"it-IT\",\"potentialAction\":[{\"@type\":\"ReadAction\",\"target\":[\"https:\\\/\\\/repliquemangacine.fr\\\/epees-game-of-thrones\\\/epee-de-jon-snow-grand-griffe-game-of-thrones\\\/\"]}]},{\"@type\":\"ImageObject\",\"inLanguage\":\"it-IT\",\"@id\":\"https:\\\/\\\/repliquemangacine.fr\\\/epees-game-of-thrones\\\/epee-de-jon-snow-grand-griffe-game-of-thrones\\\/#primaryimage\",\"url\":\"https:\\\/\\\/repliquemangacine.fr\\\/wp-content\\\/uploads\\\/2023\\\/10\\\/2403-Epee-de-Jon-Snow-Grand-Griffe-Game-of-Thrones.jpg\",\"contentUrl\":\"https:\\\/\\\/repliquemangacine.fr\\\/wp-content\\\/uploads\\\/2023\\\/10\\\/2403-Epee-de-Jon-Snow-Grand-Griffe-Game-of-Thrones.jpg\",\"width\":600,\"height\":600,\"caption\":\"Ep\u00e9e de Jon Snow - Grand Griffe Game of Thrones\"},{\"@type\":\"BreadcrumbList\",\"@id\":\"https:\\\/\\\/repliquemangacine.fr\\\/epees-game-of-thrones\\\/epee-de-jon-snow-grand-griffe-game-of-thrones\\\/#breadcrumb\",\"itemListElement\":[{\"@type\":\"ListItem\",\"position\":1,\"name\":\"Accueil\",\"item\":\"https:\\\/\\\/repliquemangacine.fr\\\/\"},{\"@type\":\"ListItem\",\"position\":2,\"name\":\"Produits\",\"item\":\"https:\\\/\\\/repliquemangacine.fr\\\/boutique\\\/\"},{\"@type\":\"ListItem\",\"position\":3,\"name\":\"Ep\u00e9e Jon Snow Grand Griffe\"}]},{\"@type\":\"WebSite\",\"@id\":\"https:\\\/\\\/repliquemangacine.fr\\\/#website\",\"url\":\"https:\\\/\\\/repliquemangacine.fr\\\/\",\"name\":\"R\u00e9plique Manga Cin\u00e9\",\"description\":\"\",\"publisher\":{\"@id\":\"https:\\\/\\\/repliquemangacine.fr\\\/#organization\"},\"potentialAction\":[{\"@type\":\"SearchAction\",\"target\":{\"@type\":\"EntryPoint\",\"urlTemplate\":\"https:\\\/\\\/repliquemangacine.fr\\\/?s={search_term_string}\"},\"query-input\":{\"@type\":\"PropertyValueSpecification\",\"valueRequired\":true,\"valueName\":\"search_term_string\"}}],\"inLanguage\":\"it-IT\"},{\"@type\":\"Organization\",\"@id\":\"https:\\\/\\\/repliquemangacine.fr\\\/#organization\",\"name\":\"R\u00e9plique Manga Cin\u00e9\",\"url\":\"https:\\\/\\\/repliquemangacine.fr\\\/\",\"logo\":{\"@type\":\"ImageObject\",\"inLanguage\":\"it-IT\",\"@id\":\"https:\\\/\\\/repliquemangacine.fr\\\/#\\\/schema\\\/logo\\\/image\\\/\",\"url\":\"https:\\\/\\\/repliquemangacine.fr\\\/wp-content\\\/uploads\\\/2023\\\/10\\\/RMC-500250.png\",\"contentUrl\":\"https:\\\/\\\/repliquemangacine.fr\\\/wp-content\\\/uploads\\\/2023\\\/10\\\/RMC-500250.png\",\"width\":500,\"height\":250,\"caption\":\"R\u00e9plique Manga Cin\u00e9\"},\"image\":{\"@id\":\"https:\\\/\\\/repliquemangacine.fr\\\/#\\\/schema\\\/logo\\\/image\\\/\"},\"sameAs\":[\"https:\\\/\\\/www.facebook.com\\\/RepliqueMangaCine\",\"https:\\\/\\\/www.instagram.com\\\/repliquemangacine.fr\\\/\"]}]}<\/script>\n<!-- \/ Yoast SEO plugin. -->","yoast_head_json":{"title":"Spada a Grande Artiglio Jon Snow - Game of Thrones Sword | RMC","description":"Regalatela! La Grande Spada ad Artiglio di Jon Snow della serie Game of Thrones al miglior prezzo. Lama in acciaio 440 - Pomo in resina - Lunghezza: 108 cm - Piedistallo","robots":{"index":"index","follow":"follow","max-snippet":"max-snippet:-1","max-image-preview":"max-image-preview:large","max-video-preview":"max-video-preview:-1"},"canonical":"https:\/\/repliquemangacine.fr\/it\/spade-di-game-of-thrones\/spada-jon-snow-grande-game-of-thrones-etichetta\/","og_locale":"it_IT","og_type":"article","og_title":"Ep\u00e9e Jon Snow Grand-Griffe - Ep\u00e9e Game of Thrones | RMC","og_description":"Offrez-lui\u202f! L'Ep\u00e9e Jon Snow Grand-Griffe dans la s\u00e9rie Game of Thrones au meilleur prix. Lame en acier 440 - Pommeau r\u00e9sine - Longueur : 108 cm - Support","og_url":"https:\/\/repliquemangacine.fr\/it\/spade-di-game-of-thrones\/spada-jon-snow-grande-game-of-thrones-etichetta\/","og_site_name":"R\u00e9plique Manga Cin\u00e9","article_publisher":"https:\/\/www.facebook.com\/RepliqueMangaCine","article_modified_time":"2026-04-18T15:23:07+00:00","og_image":[{"width":600,"height":600,"url":"https:\/\/repliquemangacine.fr\/wp-content\/uploads\/2023\/10\/2403-Epee-de-Jon-Snow-Grand-Griffe-Game-of-Thrones.jpg","type":"image\/jpeg"}],"twitter_card":"summary_large_image","twitter_misc":{"Tempo di lettura stimato":"3 minuti"},"schema":{"@context":"https:\/\/schema.org","@graph":[{"@type":"WebPage","@id":"https:\/\/repliquemangacine.fr\/epees-game-of-thrones\/epee-de-jon-snow-grand-griffe-game-of-thrones\/","url":"https:\/\/repliquemangacine.fr\/epees-game-of-thrones\/epee-de-jon-snow-grand-griffe-game-of-thrones\/","name":"Spada a Grande Artiglio Jon Snow - Game of Thrones Sword | RMC","isPartOf":{"@id":"https:\/\/repliquemangacine.fr\/#website"},"primaryImageOfPage":{"@id":"https:\/\/repliquemangacine.fr\/epees-game-of-thrones\/epee-de-jon-snow-grand-griffe-game-of-thrones\/#primaryimage"},"image":{"@id":"https:\/\/repliquemangacine.fr\/epees-game-of-thrones\/epee-de-jon-snow-grand-griffe-game-of-thrones\/#primaryimage"},"thumbnailUrl":"https:\/\/repliquemangacine.fr\/wp-content\/uploads\/2023\/10\/2403-Epee-de-Jon-Snow-Grand-Griffe-Game-of-Thrones.jpg","datePublished":"2018-01-14T14:44:32+00:00","dateModified":"2026-04-18T15:23:07+00:00","description":"Regalatela! La Grande Spada ad Artiglio di Jon Snow della serie Game of Thrones al miglior prezzo. Lama in acciaio 440 - Pomo in resina - Lunghezza: 108 cm - Piedistallo","breadcrumb":{"@id":"https:\/\/repliquemangacine.fr\/epees-game-of-thrones\/epee-de-jon-snow-grand-griffe-game-of-thrones\/#breadcrumb"},"inLanguage":"it-IT","potentialAction":[{"@type":"ReadAction","target":["https:\/\/repliquemangacine.fr\/epees-game-of-thrones\/epee-de-jon-snow-grand-griffe-game-of-thrones\/"]}]},{"@type":"ImageObject","inLanguage":"it-IT","@id":"https:\/\/repliquemangacine.fr\/epees-game-of-thrones\/epee-de-jon-snow-grand-griffe-game-of-thrones\/#primaryimage","url":"https:\/\/repliquemangacine.fr\/wp-content\/uploads\/2023\/10\/2403-Epee-de-Jon-Snow-Grand-Griffe-Game-of-Thrones.jpg","contentUrl":"https:\/\/repliquemangacine.fr\/wp-content\/uploads\/2023\/10\/2403-Epee-de-Jon-Snow-Grand-Griffe-Game-of-Thrones.jpg","width":600,"height":600,"caption":"Ep\u00e9e de Jon Snow - Grand Griffe Game of Thrones"},{"@type":"BreadcrumbList","@id":"https:\/\/repliquemangacine.fr\/epees-game-of-thrones\/epee-de-jon-snow-grand-griffe-game-of-thrones\/#breadcrumb","itemListElement":[{"@type":"ListItem","position":1,"name":"Accueil","item":"https:\/\/repliquemangacine.fr\/"},{"@type":"ListItem","position":2,"name":"Produits","item":"https:\/\/repliquemangacine.fr\/boutique\/"},{"@type":"ListItem","position":3,"name":"Ep\u00e9e Jon Snow Grand Griffe"}]},{"@type":"WebSite","@id":"https:\/\/repliquemangacine.fr\/#website","url":"https:\/\/repliquemangacine.fr\/","name":"R\u00e9plique Manga Cin\u00e9","description":"","publisher":{"@id":"https:\/\/repliquemangacine.fr\/#organization"},"potentialAction":[{"@type":"SearchAction","target":{"@type":"EntryPoint","urlTemplate":"https:\/\/repliquemangacine.fr\/?s={search_term_string}"},"query-input":{"@type":"PropertyValueSpecification","valueRequired":true,"valueName":"search_term_string"}}],"inLanguage":"it-IT"},{"@type":"Organization","@id":"https:\/\/repliquemangacine.fr\/#organization","name":"R\u00e9plique Manga Cin\u00e9","url":"https:\/\/repliquemangacine.fr\/","logo":{"@type":"ImageObject","inLanguage":"it-IT","@id":"https:\/\/repliquemangacine.fr\/#\/schema\/logo\/image\/","url":"https:\/\/repliquemangacine.fr\/wp-content\/uploads\/2023\/10\/RMC-500250.png","contentUrl":"https:\/\/repliquemangacine.fr\/wp-content\/uploads\/2023\/10\/RMC-500250.png","width":500,"height":250,"caption":"R\u00e9plique Manga Cin\u00e9"},"image":{"@id":"https:\/\/repliquemangacine.fr\/#\/schema\/logo\/image\/"},"sameAs":["https:\/\/www.facebook.com\/RepliqueMangaCine","https:\/\/www.instagram.com\/repliquemangacine.fr\/"]}]}},"_links":{"self":[{"href":"https:\/\/repliquemangacine.fr\/it\/wp-json\/wp\/v2\/product\/27635","targetHints":{"allow":["GET"]}}],"collection":[{"href":"https:\/\/repliquemangacine.fr\/it\/wp-json\/wp\/v2\/product"}],"about":[{"href":"https:\/\/repliquemangacine.fr\/it\/wp-json\/wp\/v2\/types\/product"}],"wp:featuredmedia":[{"embeddable":true,"href":"https:\/\/repliquemangacine.fr\/it\/wp-json\/wp\/v2\/media\/27636"}],"wp:attachment":[{"href":"https:\/\/repliquemangacine.fr\/it\/wp-json\/wp\/v2\/media?parent=27635"}],"wp:term":[{"taxonomy":"product_brand","embeddable":true,"href":"https:\/\/repliquemangacine.fr\/it\/wp-json\/wp\/v2\/product_brand?post=27635"},{"taxonomy":"product_cat","embeddable":true,"href":"https:\/\/repliquemangacine.fr\/it\/wp-json\/wp\/v2\/product_cat?post=27635"},{"taxonomy":"product_tag","embeddable":true,"href":"https:\/\/repliquemangacine.fr\/it\/wp-json\/wp\/v2\/product_tag?post=27635"}],"curies":[{"name":"wp","href":"https:\/\/api.w.org\/{rel}","templated":true}]}}