





{"id":27628,"date":"2017-12-17T23:04:57","date_gmt":"2017-12-17T22:04:57","guid":{"rendered":"https:\/\/repliquemangacine.fr\/?post_type=product&#038;p=27628"},"modified":"2025-09-23T18:01:57","modified_gmt":"2025-09-23T16:01:57","slug":"overwatch-genji-oni-dragon-blade-katana","status":"publish","type":"product","link":"https:\/\/repliquemangacine.fr\/it\/katana-et-epee-de-jeux-video-autre-jeux-video\/overwatch-katana-de-genji-oni-lame-de-dragon\/","title":{"rendered":"Katana Genji Oni Overwatch"},"content":{"rendered":"<div class=\"rte\">\n<h2>Katana Genji Oni Overwatch<\/h2>\n<p>Iniziamo con <strong>Katana Genji Oni Overwatch<\/strong>Questa lama di drago usata dal cyborg ninja Genji skin Oni ha un'abilit\u00e0 estrema! La sua spada infligge danni enormi. Genji sfodera finalmente la sua katana con la sua abilit\u00e0 finale per 6 secondi. Con questa nuova arma, il danno diventa altissimo e i nemici hanno solo due possibilit\u00e0: morire o fuggire.<\/p>\n<p>Genji Shimada \u00e8 uno dei protagonisti principali e dei personaggi giocabili del videogioco Overwatch. \u00c8 un cyberninja giapponese, fratello di Hanzo e discepolo di Zenyatta.<\/p>\n<p>Eroe del danno, Genji possiede una katana chiamata Ry\u016b ichimonji, di cui si occupa personalmente e che non ha mai permesso a nessun altro di esaminare o riparare.<\/p>\n<p><a href=\"https:\/\/www.overwatch-world.com\/heros\/genji\" target=\"_blank\" rel=\"noopener noreferrer\">Overwatch<\/a> videogioco sviluppato e pubblicato da Blizzard Entertainment.<\/p>\n<h2>Il tuo economico Katana Genji Oni Overwatch.<\/h2>\n<p>Offriamo una vasta gamma di repliche del vostro videogioco preferito Overwatch.<\/p>\n<p>Innanzitutto,<\/p>\n<ul>\n<li>Le<a href=\"https:\/\/repliquemangacine.fr\/it\/altri-videogiochi\/blackwatch-spada-genji-overwatch-spada-dragon-blade\/\"> Katana Genji Blackwatch<\/a> nel videogioco Overwatch.<\/li>\n<li>C'\u00e8 anche la Spada<a href=\"https:\/\/repliquemangacine.fr\/it\/altri-videogiochi\/epee-genji-baihu-nouvel-an-lunaire-overwatch\/\"> Genji Baihu<\/a> Overwatch, disponibile nel nuovo anno.<\/li>\n<li>Oltre all'arma principale di Genji, il <a href=\"https:\/\/repliquemangacine.fr\/it\/altri-videogiochi\/ensemble-de-3-shurikens-de-genji-d-overwatch\/\">Shuriken<\/a> che provoca un danno potente.<\/li>\n<li>E molti altri da scoprire nel nostro negozio online!<\/li>\n<\/ul>\n<p>Ecco perch\u00e9 questa \u00e8 un'ottima idea regalo per tutti i fan di Overwatch.<\/p>\n<p>Per concludere, \u00e8 possibile utilizzare l'opzione <strong>Katana Genji Oni Overwatch<\/strong> per le vostre sfilate cosplay o serate a tema. Ma soprattutto, questa spada \u00e8 un oggetto da collezione e un pezzo decorativo.<\/p>\n<p>R\u00e9plique Manga Cin\u00e9 \u00e8 un'azienda familiare francese<\/p>\n<h2>Come mantenere la lama della vostra katana Ryu Ichimonji?<\/h2>\n<p>Le katane da collezione e decorative sono realizzate e assemblate in modo semplificato. Poich\u00e9 il loro uso \u00e8 decorativo, non hanno le caratteristiche di sicurezza richieste da una spada giapponese destinata all'allenamento.<\/p>\n<p>Tuttavia, il vostro <strong>katana Genji Oni Overwatch<\/strong> a una lama d'acciaio che deve essere curata per evitare che si danneggi nel tempo. Quando si espone la katana, gli amici saranno curiosi di vedere la lama e di toccarla. \u00c8 qui che bisogna fare attenzione, perch\u00e9 l'acidit\u00e0 delle dita \u00e8 molto dannosa per l'acciaio, indipendentemente dalla sua qualit\u00e0.<\/p>\n<p>Tuttavia, se ci\u00f2 dovesse accadere, niente panico: basta un panno inumidito con un po' d'olio per eliminare le impronte. In questo modo, la spada durer\u00e0 a lungo.<\/p>\n<p><strong>\u00a0<\/strong><\/p>\n<\/div>","protected":false},"excerpt":{"rendered":"<p>Katana di Genji Oni, l'eroe cyborg di Overwatch.<\/p>\n<ul>\n<li>Lama in acciaio inossidabile.<\/li>\n<li>Impugnatura in ABS stampato.<\/li>\n<li>Protezione in acciaio appositamente sagomata.<\/li>\n<li>Fodero in legno nero.<\/li>\n<li>Supporto in legno.<\/li>\n<li>Lunghezza lama: 71cm - Lunghezza totale: 106cm - Peso totale: 1650grs<\/li>\n<\/ul>","protected":false},"featured_media":27629,"template":"","meta":[],"product_brand":[896],"product_cat":[23,67],"product_tag":[],"class_list":{"0":"post-27628","1":"product","2":"type-product","3":"status-publish","4":"has-post-thumbnail","6":"product_brand-replique-manga-cine","7":"product_cat-repliques-manga-jeux-video","8":"product_cat-katana-et-epee-de-jeux-video-autre-jeux-video","10":"first","11":"instock","12":"sale","13":"taxable","14":"shipping-taxable","15":"purchasable","16":"product-type-simple"},"yoast_head":"<!-- This site is optimized with the Yoast SEO plugin v27.5 - https:\/\/yoast.com\/product\/yoast-seo-wordpress\/ -->\n<title>Katana Genji Oni Overwatch - Ep\u00e9e Sabre Lame du dragon - RMC<\/title>\n<meta name=\"description\" content=\"Commandez vite ! Le Katana Genji Oni Overwatch au meilleur prix - Lame acier - Fourreau - Echelle 1\/1 - Longueur : 106 cm - Envoi 24\/48h\" \/>\n<meta name=\"robots\" content=\"index, follow, max-snippet:-1, max-image-preview:large, max-video-preview:-1\" \/>\n<link rel=\"canonical\" href=\"https:\/\/repliquemangacine.fr\/it\/katana-e-spada-videogiochi-altri-videogiochi\/overwatch-genji-oni-dragon-blade-katana\/\" \/>\n<meta property=\"og:locale\" content=\"it_IT\" \/>\n<meta property=\"og:type\" content=\"article\" \/>\n<meta property=\"og:title\" content=\"Katana Genji Oni Overwatch - Ep\u00e9e Sabre Lame du dragon - RMC\" \/>\n<meta property=\"og:description\" content=\"Commandez vite ! Le Katana Genji Oni Overwatch au meilleur prix - Lame acier - Fourreau - Echelle 1\/1 - Longueur : 106 cm - Envoi 24\/48h\" \/>\n<meta property=\"og:url\" content=\"https:\/\/repliquemangacine.fr\/it\/katana-e-spada-videogiochi-altri-videogiochi\/overwatch-genji-oni-dragon-blade-katana\/\" \/>\n<meta property=\"og:site_name\" content=\"R\u00e9plique Manga Cin\u00e9\" \/>\n<meta property=\"article:publisher\" content=\"https:\/\/www.facebook.com\/RepliqueMangaCine\" \/>\n<meta property=\"article:modified_time\" content=\"2025-09-23T16:01:57+00:00\" \/>\n<meta property=\"og:image\" content=\"https:\/\/repliquemangacine.fr\/wp-content\/uploads\/2023\/10\/2397-Overwatch-Katana-de-Genji-Oni-Lame-de-dragon.jpg\" \/>\n\t<meta property=\"og:image:width\" content=\"600\" \/>\n\t<meta property=\"og:image:height\" content=\"600\" \/>\n\t<meta property=\"og:image:type\" content=\"image\/jpeg\" \/>\n<meta name=\"twitter:card\" content=\"summary_large_image\" \/>\n<meta name=\"twitter:label1\" content=\"Tempo di lettura stimato\" \/>\n\t<meta name=\"twitter:data1\" content=\"1 minuto\" \/>\n<script type=\"application\/ld+json\" class=\"yoast-schema-graph\">{\"@context\":\"https:\\\/\\\/schema.org\",\"@graph\":[{\"@type\":\"WebPage\",\"@id\":\"https:\\\/\\\/repliquemangacine.fr\\\/katana-et-epee-de-jeux-video-autre-jeux-video\\\/overwatch-katana-de-genji-oni-lame-de-dragon\\\/\",\"url\":\"https:\\\/\\\/repliquemangacine.fr\\\/katana-et-epee-de-jeux-video-autre-jeux-video\\\/overwatch-katana-de-genji-oni-lame-de-dragon\\\/\",\"name\":\"Katana Genji Oni Overwatch - Ep\u00e9e Sabre Lame du dragon - RMC\",\"isPartOf\":{\"@id\":\"https:\\\/\\\/repliquemangacine.fr\\\/#website\"},\"primaryImageOfPage\":{\"@id\":\"https:\\\/\\\/repliquemangacine.fr\\\/katana-et-epee-de-jeux-video-autre-jeux-video\\\/overwatch-katana-de-genji-oni-lame-de-dragon\\\/#primaryimage\"},\"image\":{\"@id\":\"https:\\\/\\\/repliquemangacine.fr\\\/katana-et-epee-de-jeux-video-autre-jeux-video\\\/overwatch-katana-de-genji-oni-lame-de-dragon\\\/#primaryimage\"},\"thumbnailUrl\":\"https:\\\/\\\/repliquemangacine.fr\\\/wp-content\\\/uploads\\\/2023\\\/10\\\/2397-Overwatch-Katana-de-Genji-Oni-Lame-de-dragon.jpg\",\"datePublished\":\"2017-12-17T22:04:57+00:00\",\"dateModified\":\"2025-09-23T16:01:57+00:00\",\"description\":\"Commandez vite ! Le Katana Genji Oni Overwatch au meilleur prix - Lame acier - Fourreau - Echelle 1\\\/1 - Longueur : 106 cm - Envoi 24\\\/48h\",\"breadcrumb\":{\"@id\":\"https:\\\/\\\/repliquemangacine.fr\\\/katana-et-epee-de-jeux-video-autre-jeux-video\\\/overwatch-katana-de-genji-oni-lame-de-dragon\\\/#breadcrumb\"},\"inLanguage\":\"it-IT\",\"potentialAction\":[{\"@type\":\"ReadAction\",\"target\":[\"https:\\\/\\\/repliquemangacine.fr\\\/katana-et-epee-de-jeux-video-autre-jeux-video\\\/overwatch-katana-de-genji-oni-lame-de-dragon\\\/\"]}]},{\"@type\":\"ImageObject\",\"inLanguage\":\"it-IT\",\"@id\":\"https:\\\/\\\/repliquemangacine.fr\\\/katana-et-epee-de-jeux-video-autre-jeux-video\\\/overwatch-katana-de-genji-oni-lame-de-dragon\\\/#primaryimage\",\"url\":\"https:\\\/\\\/repliquemangacine.fr\\\/wp-content\\\/uploads\\\/2023\\\/10\\\/2397-Overwatch-Katana-de-Genji-Oni-Lame-de-dragon.jpg\",\"contentUrl\":\"https:\\\/\\\/repliquemangacine.fr\\\/wp-content\\\/uploads\\\/2023\\\/10\\\/2397-Overwatch-Katana-de-Genji-Oni-Lame-de-dragon.jpg\",\"width\":600,\"height\":600,\"caption\":\"Overwatch - Katana de Genji Oni- Lame de dragon\"},{\"@type\":\"BreadcrumbList\",\"@id\":\"https:\\\/\\\/repliquemangacine.fr\\\/katana-et-epee-de-jeux-video-autre-jeux-video\\\/overwatch-katana-de-genji-oni-lame-de-dragon\\\/#breadcrumb\",\"itemListElement\":[{\"@type\":\"ListItem\",\"position\":1,\"name\":\"Accueil\",\"item\":\"https:\\\/\\\/repliquemangacine.fr\\\/\"},{\"@type\":\"ListItem\",\"position\":2,\"name\":\"Produits\",\"item\":\"https:\\\/\\\/repliquemangacine.fr\\\/boutique\\\/\"},{\"@type\":\"ListItem\",\"position\":3,\"name\":\"Katana Genji Oni Overwatch\"}]},{\"@type\":\"WebSite\",\"@id\":\"https:\\\/\\\/repliquemangacine.fr\\\/#website\",\"url\":\"https:\\\/\\\/repliquemangacine.fr\\\/\",\"name\":\"R\u00e9plique Manga Cin\u00e9\",\"description\":\"\",\"publisher\":{\"@id\":\"https:\\\/\\\/repliquemangacine.fr\\\/#organization\"},\"potentialAction\":[{\"@type\":\"SearchAction\",\"target\":{\"@type\":\"EntryPoint\",\"urlTemplate\":\"https:\\\/\\\/repliquemangacine.fr\\\/?s={search_term_string}\"},\"query-input\":{\"@type\":\"PropertyValueSpecification\",\"valueRequired\":true,\"valueName\":\"search_term_string\"}}],\"inLanguage\":\"it-IT\"},{\"@type\":\"Organization\",\"@id\":\"https:\\\/\\\/repliquemangacine.fr\\\/#organization\",\"name\":\"R\u00e9plique Manga Cin\u00e9\",\"url\":\"https:\\\/\\\/repliquemangacine.fr\\\/\",\"logo\":{\"@type\":\"ImageObject\",\"inLanguage\":\"it-IT\",\"@id\":\"https:\\\/\\\/repliquemangacine.fr\\\/#\\\/schema\\\/logo\\\/image\\\/\",\"url\":\"https:\\\/\\\/repliquemangacine.fr\\\/wp-content\\\/uploads\\\/2023\\\/10\\\/RMC-500250.png\",\"contentUrl\":\"https:\\\/\\\/repliquemangacine.fr\\\/wp-content\\\/uploads\\\/2023\\\/10\\\/RMC-500250.png\",\"width\":500,\"height\":250,\"caption\":\"R\u00e9plique Manga Cin\u00e9\"},\"image\":{\"@id\":\"https:\\\/\\\/repliquemangacine.fr\\\/#\\\/schema\\\/logo\\\/image\\\/\"},\"sameAs\":[\"https:\\\/\\\/www.facebook.com\\\/RepliqueMangaCine\",\"https:\\\/\\\/www.instagram.com\\\/repliquemangacine.fr\\\/\"]}]}<\/script>\n<!-- \/ Yoast SEO plugin. -->","yoast_head_json":{"title":"Katana Genji Oni Overwatch - Spada Sciabola Lama di Drago - RMC","description":"Ordina ora! Le Katana Genji Oni Overwatch au meilleur prix - Lama in acciaio - Fodero - Scala 1\/1 - Lunghezza : 106 cm - Spedizione 24\/48h","robots":{"index":"index","follow":"follow","max-snippet":"max-snippet:-1","max-image-preview":"max-image-preview:large","max-video-preview":"max-video-preview:-1"},"canonical":"https:\/\/repliquemangacine.fr\/it\/katana-e-spada-videogiochi-altri-videogiochi\/overwatch-genji-oni-dragon-blade-katana\/","og_locale":"it_IT","og_type":"article","og_title":"Katana Genji Oni Overwatch - Ep\u00e9e Sabre Lame du dragon - RMC","og_description":"Commandez vite ! Le Katana Genji Oni Overwatch au meilleur prix - Lame acier - Fourreau - Echelle 1\/1 - Longueur : 106 cm - Envoi 24\/48h","og_url":"https:\/\/repliquemangacine.fr\/it\/katana-e-spada-videogiochi-altri-videogiochi\/overwatch-genji-oni-dragon-blade-katana\/","og_site_name":"R\u00e9plique Manga Cin\u00e9","article_publisher":"https:\/\/www.facebook.com\/RepliqueMangaCine","article_modified_time":"2025-09-23T16:01:57+00:00","og_image":[{"width":600,"height":600,"url":"https:\/\/repliquemangacine.fr\/wp-content\/uploads\/2023\/10\/2397-Overwatch-Katana-de-Genji-Oni-Lame-de-dragon.jpg","type":"image\/jpeg"}],"twitter_card":"summary_large_image","twitter_misc":{"Tempo di lettura stimato":"1 minuto"},"schema":{"@context":"https:\/\/schema.org","@graph":[{"@type":"WebPage","@id":"https:\/\/repliquemangacine.fr\/katana-et-epee-de-jeux-video-autre-jeux-video\/overwatch-katana-de-genji-oni-lame-de-dragon\/","url":"https:\/\/repliquemangacine.fr\/katana-et-epee-de-jeux-video-autre-jeux-video\/overwatch-katana-de-genji-oni-lame-de-dragon\/","name":"Katana Genji Oni Overwatch - Spada Sciabola Lama di Drago - RMC","isPartOf":{"@id":"https:\/\/repliquemangacine.fr\/#website"},"primaryImageOfPage":{"@id":"https:\/\/repliquemangacine.fr\/katana-et-epee-de-jeux-video-autre-jeux-video\/overwatch-katana-de-genji-oni-lame-de-dragon\/#primaryimage"},"image":{"@id":"https:\/\/repliquemangacine.fr\/katana-et-epee-de-jeux-video-autre-jeux-video\/overwatch-katana-de-genji-oni-lame-de-dragon\/#primaryimage"},"thumbnailUrl":"https:\/\/repliquemangacine.fr\/wp-content\/uploads\/2023\/10\/2397-Overwatch-Katana-de-Genji-Oni-Lame-de-dragon.jpg","datePublished":"2017-12-17T22:04:57+00:00","dateModified":"2025-09-23T16:01:57+00:00","description":"Ordina ora! Le Katana Genji Oni Overwatch au meilleur prix - Lama in acciaio - Fodero - Scala 1\/1 - Lunghezza : 106 cm - Spedizione 24\/48h","breadcrumb":{"@id":"https:\/\/repliquemangacine.fr\/katana-et-epee-de-jeux-video-autre-jeux-video\/overwatch-katana-de-genji-oni-lame-de-dragon\/#breadcrumb"},"inLanguage":"it-IT","potentialAction":[{"@type":"ReadAction","target":["https:\/\/repliquemangacine.fr\/katana-et-epee-de-jeux-video-autre-jeux-video\/overwatch-katana-de-genji-oni-lame-de-dragon\/"]}]},{"@type":"ImageObject","inLanguage":"it-IT","@id":"https:\/\/repliquemangacine.fr\/katana-et-epee-de-jeux-video-autre-jeux-video\/overwatch-katana-de-genji-oni-lame-de-dragon\/#primaryimage","url":"https:\/\/repliquemangacine.fr\/wp-content\/uploads\/2023\/10\/2397-Overwatch-Katana-de-Genji-Oni-Lame-de-dragon.jpg","contentUrl":"https:\/\/repliquemangacine.fr\/wp-content\/uploads\/2023\/10\/2397-Overwatch-Katana-de-Genji-Oni-Lame-de-dragon.jpg","width":600,"height":600,"caption":"Overwatch - Katana de Genji Oni- Lame de dragon"},{"@type":"BreadcrumbList","@id":"https:\/\/repliquemangacine.fr\/katana-et-epee-de-jeux-video-autre-jeux-video\/overwatch-katana-de-genji-oni-lame-de-dragon\/#breadcrumb","itemListElement":[{"@type":"ListItem","position":1,"name":"Accueil","item":"https:\/\/repliquemangacine.fr\/"},{"@type":"ListItem","position":2,"name":"Produits","item":"https:\/\/repliquemangacine.fr\/boutique\/"},{"@type":"ListItem","position":3,"name":"Katana Genji Oni Overwatch"}]},{"@type":"WebSite","@id":"https:\/\/repliquemangacine.fr\/#website","url":"https:\/\/repliquemangacine.fr\/","name":"R\u00e9plique Manga Cin\u00e9","description":"","publisher":{"@id":"https:\/\/repliquemangacine.fr\/#organization"},"potentialAction":[{"@type":"SearchAction","target":{"@type":"EntryPoint","urlTemplate":"https:\/\/repliquemangacine.fr\/?s={search_term_string}"},"query-input":{"@type":"PropertyValueSpecification","valueRequired":true,"valueName":"search_term_string"}}],"inLanguage":"it-IT"},{"@type":"Organization","@id":"https:\/\/repliquemangacine.fr\/#organization","name":"R\u00e9plique Manga Cin\u00e9","url":"https:\/\/repliquemangacine.fr\/","logo":{"@type":"ImageObject","inLanguage":"it-IT","@id":"https:\/\/repliquemangacine.fr\/#\/schema\/logo\/image\/","url":"https:\/\/repliquemangacine.fr\/wp-content\/uploads\/2023\/10\/RMC-500250.png","contentUrl":"https:\/\/repliquemangacine.fr\/wp-content\/uploads\/2023\/10\/RMC-500250.png","width":500,"height":250,"caption":"R\u00e9plique Manga Cin\u00e9"},"image":{"@id":"https:\/\/repliquemangacine.fr\/#\/schema\/logo\/image\/"},"sameAs":["https:\/\/www.facebook.com\/RepliqueMangaCine","https:\/\/www.instagram.com\/repliquemangacine.fr\/"]}]}},"_links":{"self":[{"href":"https:\/\/repliquemangacine.fr\/it\/wp-json\/wp\/v2\/product\/27628","targetHints":{"allow":["GET"]}}],"collection":[{"href":"https:\/\/repliquemangacine.fr\/it\/wp-json\/wp\/v2\/product"}],"about":[{"href":"https:\/\/repliquemangacine.fr\/it\/wp-json\/wp\/v2\/types\/product"}],"wp:featuredmedia":[{"embeddable":true,"href":"https:\/\/repliquemangacine.fr\/it\/wp-json\/wp\/v2\/media\/27629"}],"wp:attachment":[{"href":"https:\/\/repliquemangacine.fr\/it\/wp-json\/wp\/v2\/media?parent=27628"}],"wp:term":[{"taxonomy":"product_brand","embeddable":true,"href":"https:\/\/repliquemangacine.fr\/it\/wp-json\/wp\/v2\/product_brand?post=27628"},{"taxonomy":"product_cat","embeddable":true,"href":"https:\/\/repliquemangacine.fr\/it\/wp-json\/wp\/v2\/product_cat?post=27628"},{"taxonomy":"product_tag","embeddable":true,"href":"https:\/\/repliquemangacine.fr\/it\/wp-json\/wp\/v2\/product_tag?post=27628"}],"curies":[{"name":"wp","href":"https:\/\/api.w.org\/{rel}","templated":true}]}}