





{"id":27607,"date":"2017-10-29T16:51:37","date_gmt":"2017-10-29T15:51:37","guid":{"rendered":"https:\/\/repliquemangacine.fr\/?post_type=product&#038;p=27607"},"modified":"2025-09-23T18:01:57","modified_gmt":"2025-09-23T16:01:57","slug":"gioco-del-trono-lannister-portachiavi","status":"publish","type":"product","link":"https:\/\/repliquemangacine.fr\/it\/collectors-et-goodies-game-of-thrones\/porte-cles-lannister-game-of-thrones\/","title":{"rendered":"Portachiavi Game of Thrones Lannister"},"content":{"rendered":"<h2>Portachiavi Lannister GOT (Game of Thrones)<\/h2>\n<p>Per cominciare, il <strong>Portachiavi Lannister GOT<\/strong>, ispirato alla serie Game of Thrones. Con inciso il motto della Casa Lannister \u201cHear me Roar\u201d. Superba incisione su tutto il perimetro della placca. Sul retro \u00e8 visibile l'ombra del leone in rilievo con la scritta \u201dGame of Thrones - TM\u00a9 2012 Home Box Office Inc\u201d.<\/p>\n<p>La Casa Lannister \u00e8 una delle grandi casate del Continente Occidentale e un tempo era la casa reale delle Sette Corone, succeduta per breve tempo alla Casa Targaryen sotto Cersei Lannister. Governano la vasta regione delle Terre Occidentali dalla loro sede di Castel Granito, un castello che domina Porto Lannis.<\/p>\n<p>Il motto dei Lannister \u00e8 \u00abIo ruggisco\u00bb, ma il loro motto non ufficiale, altrettanto noto, \u00e8 \u00abUn Lannister paga sempre i suoi debiti\u00bb. Il loro emblema rappresenta un leone.<\/p>\n<h2>Il vostro portachiavi Lannister GOT al miglior prezzo.<\/h2>\n<p>Offriamo un'ampia gamma di spade e oggetti da collezione di Game of Thrones.<\/p>\n<p>Innanzitutto,<\/p>\n<ul>\n<li>L'<a href=\"https:\/\/repliquemangacine.fr\/it\/spade-di-game-of-thrones\/spada-del-guardiano-del-giuramento-spada-rossa-di-tyrion-game-of-thrones\/\">La spada di Tyrion<\/a> Lannister con la sua lama rossa.<\/li>\n<li>Cos\u00ec come il<a href=\"https:\/\/repliquemangacine.fr\/it\/spade-di-game-of-thrones\/spada-del-pianto-della-vedova-spada-di-re-joffrey-game-of-thrones\/\">spada del grido della vedova<\/a> di Re Joffrey<\/li>\n<li>Ci sono anche le uova di drago di Daenerys, concesse in licenza da HBO e distribuite da <a href=\"https:\/\/noblecollection.fr\/\" target=\"_blank\" rel=\"noopener noreferrer\">Collezione Nobile<\/a>.<\/li>\n<li>E molto altro ancora da scoprire nel nostro negozio online!<\/li>\n<\/ul>\n<p>Ecco un'ottima idea regalo per i fan della serie Game of Thones.<\/p>\n<p>In conclusione, \u00e8 possibile utilizzare il metodo <strong>Portachiavi Lannister GOT<\/strong> nella vita di tutti i giorni. Ma soprattutto \u00e8 un oggetto da collezione e un pezzo decorativo.<\/p>\n<h2>Come vengono realizzati i vostri oggetti da collezione?<\/h2>\n<p>Per cominciare, tutti i nostri prodotti derivati sono di altissima qualit\u00e0, realizzati con una meticolosa attenzione ai dettagli. Alcuni di essi sono realizzati a mano, per riprodurre i minimi dettagli. Le parti pi\u00f9 importanti sono lavorate con macchine molto precise. Le incisioni sono generalmente realizzate con una punta di diamante o con il laser.<\/p>\n<p>Il tuo <strong>Portachiavi Lannister GOT<\/strong> fabbricati per riprodurre esattamente ogni dettaglio. Per eguagliare l'eredit\u00e0 dei capolavori originali. L'accento \u00e8 posto sulla creazione di repliche di alta qualit\u00e0 che siano il pi\u00f9 possibile storicamente accurate.<\/p>\n<p>In conclusione, importate dalla Cina, dalla Spagna o dall'India, le nostre repliche vi stupiranno!<\/p>\n<p>R\u00e9plique Manga Cin\u00e9 \u00e8 un'azienda familiare francese.<\/p>","protected":false},"excerpt":{"rendered":"<p>Questo portachiavi Lannister \u00e8 ispirato alla serie Game of Thrones.<\/p>\n<ul>\n<li>Acciaio color bronzo con logo in rilievo.<\/li>\n<li>Iscrizione del motto dei Lannister<\/li>\n<li>Anello e catena in metallo argentato.<\/li>\n<li>Scatola espositiva con la serie.<\/li>\n<li>Diametro: 5,5 cm - Peso: 45 g<\/li>\n<\/ul>","protected":false},"featured_media":27608,"template":"","meta":[],"product_brand":[896],"product_cat":[81,24,47],"product_tag":[],"class_list":{"0":"post-27607","1":"product","2":"type-product","3":"status-publish","4":"has-post-thumbnail","6":"product_brand-replique-manga-cine","7":"product_cat-collectors-et-goodies-game-of-thrones","8":"product_cat-films-series-tv-vente-de-katana-epee-et-produits-derives","9":"product_cat-game-of-thrones","11":"first","12":"instock","13":"taxable","14":"shipping-taxable","15":"purchasable","16":"product-type-simple"},"yoast_head":"<!-- This site is optimized with the Yoast SEO plugin v27.4 - https:\/\/yoast.com\/product\/yoast-seo-wordpress\/ -->\n<title>Porte-cl\u00e9s Lannister GOT - Objet collector Game of Thrones | RMC<\/title>\n<meta name=\"description\" content=\"D\u00e9couvrez le Porte-cl\u00e9s Lannister GOT au meilleur prix - En m\u00e9tal - Relief de l&#039;embl\u00e8me - Boite vitrine \u00e0 l&#039;effigie de la s\u00e9rie - Diam\u00e8tre : 5.5 cm\" \/>\n<meta name=\"robots\" content=\"index, follow, max-snippet:-1, max-image-preview:large, max-video-preview:-1\" \/>\n<link rel=\"canonical\" href=\"https:\/\/repliquemangacine.fr\/it\/game-of-thrones-collezionismo-e-curiosita\/gioco-del-trono-lannister-portachiavi\/\" \/>\n<meta property=\"og:locale\" content=\"it_IT\" \/>\n<meta property=\"og:type\" content=\"article\" \/>\n<meta property=\"og:title\" content=\"Porte-cl\u00e9s Lannister GOT - Objet collector Game of Thrones | RMC\" \/>\n<meta property=\"og:description\" content=\"D\u00e9couvrez le Porte-cl\u00e9s Lannister GOT au meilleur prix - En m\u00e9tal - Relief de l&#039;embl\u00e8me - Boite vitrine \u00e0 l&#039;effigie de la s\u00e9rie - Diam\u00e8tre : 5.5 cm\" \/>\n<meta property=\"og:url\" content=\"https:\/\/repliquemangacine.fr\/it\/game-of-thrones-collezionismo-e-curiosita\/gioco-del-trono-lannister-portachiavi\/\" \/>\n<meta property=\"og:site_name\" content=\"R\u00e9plique Manga Cin\u00e9\" \/>\n<meta property=\"article:publisher\" content=\"https:\/\/www.facebook.com\/RepliqueMangaCine\" \/>\n<meta property=\"article:modified_time\" content=\"2025-09-23T16:01:57+00:00\" \/>\n<meta property=\"og:image\" content=\"https:\/\/repliquemangacine.fr\/wp-content\/uploads\/2023\/10\/2378-Porte-cles-Lannister-Game-of-Thrones.jpg\" \/>\n\t<meta property=\"og:image:width\" content=\"600\" \/>\n\t<meta property=\"og:image:height\" content=\"600\" \/>\n\t<meta property=\"og:image:type\" content=\"image\/jpeg\" \/>\n<meta name=\"twitter:card\" content=\"summary_large_image\" \/>\n<meta name=\"twitter:label1\" content=\"Tempo di lettura stimato\" \/>\n\t<meta name=\"twitter:data1\" content=\"1 minuto\" \/>\n<script type=\"application\/ld+json\" class=\"yoast-schema-graph\">{\"@context\":\"https:\\\/\\\/schema.org\",\"@graph\":[{\"@type\":\"WebPage\",\"@id\":\"https:\\\/\\\/repliquemangacine.fr\\\/en\\\/game-of-thrones-collectors-and-goodies\\\/lannister-keyring-game-of-thrones\\\/\",\"url\":\"https:\\\/\\\/repliquemangacine.fr\\\/en\\\/game-of-thrones-collectors-and-goodies\\\/lannister-keyring-game-of-thrones\\\/\",\"name\":\"Porte-cl\u00e9s Lannister GOT - Objet collector Game of Thrones | RMC\",\"isPartOf\":{\"@id\":\"https:\\\/\\\/repliquemangacine.fr\\\/#website\"},\"primaryImageOfPage\":{\"@id\":\"https:\\\/\\\/repliquemangacine.fr\\\/en\\\/game-of-thrones-collectors-and-goodies\\\/lannister-keyring-game-of-thrones\\\/#primaryimage\"},\"image\":{\"@id\":\"https:\\\/\\\/repliquemangacine.fr\\\/en\\\/game-of-thrones-collectors-and-goodies\\\/lannister-keyring-game-of-thrones\\\/#primaryimage\"},\"thumbnailUrl\":\"https:\\\/\\\/repliquemangacine.fr\\\/wp-content\\\/uploads\\\/2023\\\/10\\\/2378-Porte-cles-Lannister-Game-of-Thrones.jpg\",\"datePublished\":\"2017-10-29T15:51:37+00:00\",\"dateModified\":\"2025-09-23T16:01:57+00:00\",\"description\":\"D\u00e9couvrez le Porte-cl\u00e9s Lannister GOT au meilleur prix - En m\u00e9tal - Relief de l'embl\u00e8me - Boite vitrine \u00e0 l'effigie de la s\u00e9rie - Diam\u00e8tre : 5.5 cm\",\"breadcrumb\":{\"@id\":\"https:\\\/\\\/repliquemangacine.fr\\\/en\\\/game-of-thrones-collectors-and-goodies\\\/lannister-keyring-game-of-thrones\\\/#breadcrumb\"},\"inLanguage\":\"it-IT\",\"potentialAction\":[{\"@type\":\"ReadAction\",\"target\":[\"https:\\\/\\\/repliquemangacine.fr\\\/en\\\/game-of-thrones-collectors-and-goodies\\\/lannister-keyring-game-of-thrones\\\/\"]}]},{\"@type\":\"ImageObject\",\"inLanguage\":\"it-IT\",\"@id\":\"https:\\\/\\\/repliquemangacine.fr\\\/en\\\/game-of-thrones-collectors-and-goodies\\\/lannister-keyring-game-of-thrones\\\/#primaryimage\",\"url\":\"https:\\\/\\\/repliquemangacine.fr\\\/wp-content\\\/uploads\\\/2023\\\/10\\\/2378-Porte-cles-Lannister-Game-of-Thrones.jpg\",\"contentUrl\":\"https:\\\/\\\/repliquemangacine.fr\\\/wp-content\\\/uploads\\\/2023\\\/10\\\/2378-Porte-cles-Lannister-Game-of-Thrones.jpg\",\"width\":600,\"height\":600,\"caption\":\"Porte-cl\u00e9s Lannister - Game of Thrones\"},{\"@type\":\"BreadcrumbList\",\"@id\":\"https:\\\/\\\/repliquemangacine.fr\\\/en\\\/game-of-thrones-collectors-and-goodies\\\/lannister-keyring-game-of-thrones\\\/#breadcrumb\",\"itemListElement\":[{\"@type\":\"ListItem\",\"position\":1,\"name\":\"Accueil\",\"item\":\"https:\\\/\\\/repliquemangacine.fr\\\/\"},{\"@type\":\"ListItem\",\"position\":2,\"name\":\"Produits\",\"item\":\"https:\\\/\\\/repliquemangacine.fr\\\/boutique\\\/\"},{\"@type\":\"ListItem\",\"position\":3,\"name\":\"Porte-cl\u00e9s Lannister Game of Thrones\"}]},{\"@type\":\"WebSite\",\"@id\":\"https:\\\/\\\/repliquemangacine.fr\\\/#website\",\"url\":\"https:\\\/\\\/repliquemangacine.fr\\\/\",\"name\":\"R\u00e9plique Manga Cin\u00e9\",\"description\":\"\",\"publisher\":{\"@id\":\"https:\\\/\\\/repliquemangacine.fr\\\/#organization\"},\"potentialAction\":[{\"@type\":\"SearchAction\",\"target\":{\"@type\":\"EntryPoint\",\"urlTemplate\":\"https:\\\/\\\/repliquemangacine.fr\\\/?s={search_term_string}\"},\"query-input\":{\"@type\":\"PropertyValueSpecification\",\"valueRequired\":true,\"valueName\":\"search_term_string\"}}],\"inLanguage\":\"it-IT\"},{\"@type\":\"Organization\",\"@id\":\"https:\\\/\\\/repliquemangacine.fr\\\/#organization\",\"name\":\"R\u00e9plique Manga Cin\u00e9\",\"url\":\"https:\\\/\\\/repliquemangacine.fr\\\/\",\"logo\":{\"@type\":\"ImageObject\",\"inLanguage\":\"it-IT\",\"@id\":\"https:\\\/\\\/repliquemangacine.fr\\\/#\\\/schema\\\/logo\\\/image\\\/\",\"url\":\"https:\\\/\\\/repliquemangacine.fr\\\/wp-content\\\/uploads\\\/2023\\\/10\\\/RMC-500250.png\",\"contentUrl\":\"https:\\\/\\\/repliquemangacine.fr\\\/wp-content\\\/uploads\\\/2023\\\/10\\\/RMC-500250.png\",\"width\":500,\"height\":250,\"caption\":\"R\u00e9plique Manga Cin\u00e9\"},\"image\":{\"@id\":\"https:\\\/\\\/repliquemangacine.fr\\\/#\\\/schema\\\/logo\\\/image\\\/\"},\"sameAs\":[\"https:\\\/\\\/www.facebook.com\\\/RepliqueMangaCine\",\"https:\\\/\\\/www.instagram.com\\\/repliquemangacine.fr\\\/\"]}]}<\/script>\n<!-- \/ Yoast SEO plugin. -->","yoast_head_json":{"title":"Portachiavi Lannister GOT - Articolo da collezione di Game of Thrones | RMC","description":"Scopri il portachiavi Lannister GOT al miglior prezzo - In metallo - Emblema in rilievo - Scatola con la serie - Diametro: 5,5 cm","robots":{"index":"index","follow":"follow","max-snippet":"max-snippet:-1","max-image-preview":"max-image-preview:large","max-video-preview":"max-video-preview:-1"},"canonical":"https:\/\/repliquemangacine.fr\/it\/game-of-thrones-collezionismo-e-curiosita\/gioco-del-trono-lannister-portachiavi\/","og_locale":"it_IT","og_type":"article","og_title":"Porte-cl\u00e9s Lannister GOT - Objet collector Game of Thrones | RMC","og_description":"D\u00e9couvrez le Porte-cl\u00e9s Lannister GOT au meilleur prix - En m\u00e9tal - Relief de l'embl\u00e8me - Boite vitrine \u00e0 l'effigie de la s\u00e9rie - Diam\u00e8tre : 5.5 cm","og_url":"https:\/\/repliquemangacine.fr\/it\/game-of-thrones-collezionismo-e-curiosita\/gioco-del-trono-lannister-portachiavi\/","og_site_name":"R\u00e9plique Manga Cin\u00e9","article_publisher":"https:\/\/www.facebook.com\/RepliqueMangaCine","article_modified_time":"2025-09-23T16:01:57+00:00","og_image":[{"width":600,"height":600,"url":"https:\/\/repliquemangacine.fr\/wp-content\/uploads\/2023\/10\/2378-Porte-cles-Lannister-Game-of-Thrones.jpg","type":"image\/jpeg"}],"twitter_card":"summary_large_image","twitter_misc":{"Tempo di lettura stimato":"1 minuto"},"schema":{"@context":"https:\/\/schema.org","@graph":[{"@type":"WebPage","@id":"https:\/\/repliquemangacine.fr\/en\/game-of-thrones-collectors-and-goodies\/lannister-keyring-game-of-thrones\/","url":"https:\/\/repliquemangacine.fr\/en\/game-of-thrones-collectors-and-goodies\/lannister-keyring-game-of-thrones\/","name":"Portachiavi Lannister GOT - Articolo da collezione di Game of Thrones | RMC","isPartOf":{"@id":"https:\/\/repliquemangacine.fr\/#website"},"primaryImageOfPage":{"@id":"https:\/\/repliquemangacine.fr\/en\/game-of-thrones-collectors-and-goodies\/lannister-keyring-game-of-thrones\/#primaryimage"},"image":{"@id":"https:\/\/repliquemangacine.fr\/en\/game-of-thrones-collectors-and-goodies\/lannister-keyring-game-of-thrones\/#primaryimage"},"thumbnailUrl":"https:\/\/repliquemangacine.fr\/wp-content\/uploads\/2023\/10\/2378-Porte-cles-Lannister-Game-of-Thrones.jpg","datePublished":"2017-10-29T15:51:37+00:00","dateModified":"2025-09-23T16:01:57+00:00","description":"Scopri il portachiavi Lannister GOT al miglior prezzo - In metallo - Emblema in rilievo - Scatola con la serie - Diametro: 5,5 cm","breadcrumb":{"@id":"https:\/\/repliquemangacine.fr\/en\/game-of-thrones-collectors-and-goodies\/lannister-keyring-game-of-thrones\/#breadcrumb"},"inLanguage":"it-IT","potentialAction":[{"@type":"ReadAction","target":["https:\/\/repliquemangacine.fr\/en\/game-of-thrones-collectors-and-goodies\/lannister-keyring-game-of-thrones\/"]}]},{"@type":"ImageObject","inLanguage":"it-IT","@id":"https:\/\/repliquemangacine.fr\/en\/game-of-thrones-collectors-and-goodies\/lannister-keyring-game-of-thrones\/#primaryimage","url":"https:\/\/repliquemangacine.fr\/wp-content\/uploads\/2023\/10\/2378-Porte-cles-Lannister-Game-of-Thrones.jpg","contentUrl":"https:\/\/repliquemangacine.fr\/wp-content\/uploads\/2023\/10\/2378-Porte-cles-Lannister-Game-of-Thrones.jpg","width":600,"height":600,"caption":"Porte-cl\u00e9s Lannister - Game of Thrones"},{"@type":"BreadcrumbList","@id":"https:\/\/repliquemangacine.fr\/en\/game-of-thrones-collectors-and-goodies\/lannister-keyring-game-of-thrones\/#breadcrumb","itemListElement":[{"@type":"ListItem","position":1,"name":"Accueil","item":"https:\/\/repliquemangacine.fr\/"},{"@type":"ListItem","position":2,"name":"Produits","item":"https:\/\/repliquemangacine.fr\/boutique\/"},{"@type":"ListItem","position":3,"name":"Porte-cl\u00e9s Lannister Game of Thrones"}]},{"@type":"WebSite","@id":"https:\/\/repliquemangacine.fr\/#website","url":"https:\/\/repliquemangacine.fr\/","name":"R\u00e9plique Manga Cin\u00e9","description":"","publisher":{"@id":"https:\/\/repliquemangacine.fr\/#organization"},"potentialAction":[{"@type":"SearchAction","target":{"@type":"EntryPoint","urlTemplate":"https:\/\/repliquemangacine.fr\/?s={search_term_string}"},"query-input":{"@type":"PropertyValueSpecification","valueRequired":true,"valueName":"search_term_string"}}],"inLanguage":"it-IT"},{"@type":"Organization","@id":"https:\/\/repliquemangacine.fr\/#organization","name":"R\u00e9plique Manga Cin\u00e9","url":"https:\/\/repliquemangacine.fr\/","logo":{"@type":"ImageObject","inLanguage":"it-IT","@id":"https:\/\/repliquemangacine.fr\/#\/schema\/logo\/image\/","url":"https:\/\/repliquemangacine.fr\/wp-content\/uploads\/2023\/10\/RMC-500250.png","contentUrl":"https:\/\/repliquemangacine.fr\/wp-content\/uploads\/2023\/10\/RMC-500250.png","width":500,"height":250,"caption":"R\u00e9plique Manga Cin\u00e9"},"image":{"@id":"https:\/\/repliquemangacine.fr\/#\/schema\/logo\/image\/"},"sameAs":["https:\/\/www.facebook.com\/RepliqueMangaCine","https:\/\/www.instagram.com\/repliquemangacine.fr\/"]}]}},"_links":{"self":[{"href":"https:\/\/repliquemangacine.fr\/it\/wp-json\/wp\/v2\/product\/27607","targetHints":{"allow":["GET"]}}],"collection":[{"href":"https:\/\/repliquemangacine.fr\/it\/wp-json\/wp\/v2\/product"}],"about":[{"href":"https:\/\/repliquemangacine.fr\/it\/wp-json\/wp\/v2\/types\/product"}],"wp:featuredmedia":[{"embeddable":true,"href":"https:\/\/repliquemangacine.fr\/it\/wp-json\/wp\/v2\/media\/27608"}],"wp:attachment":[{"href":"https:\/\/repliquemangacine.fr\/it\/wp-json\/wp\/v2\/media?parent=27607"}],"wp:term":[{"taxonomy":"product_brand","embeddable":true,"href":"https:\/\/repliquemangacine.fr\/it\/wp-json\/wp\/v2\/product_brand?post=27607"},{"taxonomy":"product_cat","embeddable":true,"href":"https:\/\/repliquemangacine.fr\/it\/wp-json\/wp\/v2\/product_cat?post=27607"},{"taxonomy":"product_tag","embeddable":true,"href":"https:\/\/repliquemangacine.fr\/it\/wp-json\/wp\/v2\/product_tag?post=27607"}],"curies":[{"name":"wp","href":"https:\/\/api.w.org\/{rel}","templated":true}]}}