





{"id":27602,"date":"2017-10-29T16:39:25","date_gmt":"2017-10-29T15:39:25","guid":{"rendered":"https:\/\/repliquemangacine.fr\/?post_type=product&#038;p=27602"},"modified":"2026-02-19T20:47:29","modified_gmt":"2026-02-19T19:47:29","slug":"portachiavi-targaryen-game-of-thrones","status":"publish","type":"product","link":"https:\/\/repliquemangacine.fr\/it\/collectors-et-goodies-game-of-thrones\/porte-cles-targaryen-game-of-thrones\/","title":{"rendered":"Portachiavi Targaryen Game of Thrones"},"content":{"rendered":"<h2>Portachiavi Targaryen GOT (Game of Thrones).<\/h2>\n<p>Per cominciare, il <strong>Portachiavi Targaryen GOT<\/strong>, ispirato alla serie Game of Thrones. Sul retro \u00e8 inciso il motto della Casa Targaryen \u201cFuoco e Sangue\u201d. Superbe incisioni su tutto il perimetro della placca. Sul retro \u00e8 visibile l'iscrizione \u201dGame of Thrones - Fire and Blood - Tagaryen - TM\u00a9 2012 Home Box Office Inc.\u201d<\/p>\n<p>La Casa Targaryen \u00e8 un'antica grande casa di Westeros. La famiglia \u00e8 originaria dell'antica Valyria, scampata al Flagello che spazz\u00f2 via l'intera citt\u00e0. Visse per secoli sull'isola di Peyredragon fino a quando Aegon il Conquistatore e le sue sorelle, in sella ai loro draghi, riuscirono a conquistare le Sette Corone.<\/p>\n<p>Il motto dei Targaryen \u00e8 \u00abFuoco e sangue\u00bb e il loro emblema \u00e8 un drago a tre teste.<\/p>\n<h2>Il vostro portachiavi Targaryen GOT al miglior prezzo.<\/h2>\n<p>Offriamo un'ampia gamma di spade e oggetti da collezione di Game of Thrones.<\/p>\n<p>Innanzitutto,<\/p>\n<ul>\n<li>La <a href=\"https:\/\/repliquemangacine.fr\/it\/spade-di-game-of-thrones\/serpe-drogo-game-of-thrones-larma-dei-dothraki\/\">Roncola di Drogo<\/a>L'Arakh \u00e8 l'arma tradizionale dei guerrieri Dothraki.<\/li>\n<li>Cos\u00ec come il <a href=\"https:\/\/repliquemangacine.fr\/it\/spade-di-game-of-thrones\/spada-di-ghiaccio-re-della-notte\/\">lama di ghiaccio<\/a> del re della notte.<\/li>\n<li>Ci sono anche le uova di drago di Daenerys, concesse in licenza da HBO e distribuite da <a href=\"https:\/\/noblecollection.fr\/\" target=\"_blank\" rel=\"noopener noreferrer\">Collezione Nobile<\/a><\/li>\n<li>E molto altro ancora da scoprire nel nostro negozio online!<\/li>\n<\/ul>\n<p>Ecco un'ottima idea regalo per i fan della serie Game of Thones.<\/p>\n<p>In conclusione, \u00e8 possibile utilizzare il metodo <strong>Portachiavi Targaryen GOT<\/strong> nella vita di tutti i giorni. Ma soprattutto \u00e8 un oggetto da collezione e un pezzo decorativo.<\/p>\n<h2>Come vengono realizzati i vostri oggetti da collezione?<\/h2>\n<p>Per cominciare, tutti i nostri prodotti derivati sono di altissima qualit\u00e0, realizzati con una meticolosa attenzione ai dettagli. Alcuni di essi sono realizzati a mano, per riprodurre i minimi dettagli. Le parti pi\u00f9 importanti sono lavorate con macchine molto precise. Le incisioni sono generalmente realizzate con una punta di diamante o con il laser.<\/p>\n<p>Il tuo <strong>Portachiavi Targaryen GOT<\/strong> fabbricati per riprodurre esattamente ogni dettaglio. Per eguagliare l'eredit\u00e0 dei capolavori originali. L'accento \u00e8 posto sulla creazione di repliche di alta qualit\u00e0 che siano il pi\u00f9 possibile storicamente accurate.<\/p>\n<p>In conclusione, importate dalla Cina, dalla Spagna o dall'India, le nostre repliche vi stupiranno!<\/p>\n<p>R\u00e9plique Manga Cin\u00e9 \u00e8 un'azienda familiare francese.<\/p>","protected":false},"excerpt":{"rendered":"<p>Portachiavi della Casa Targaryen ispirato alla serie Game of Thrones.<\/p>\n<ul>\n<li>In acciaio color bronzo con rilievi.<\/li>\n<li>Voce di valuta.<\/li>\n<li>Anello e catena in metallo argentato.<\/li>\n<li>Scatola espositiva con la serie.<\/li>\n<li>Diametro: 5,5 cm - Peso: 45 g<\/li>\n<\/ul>","protected":false},"featured_media":27603,"template":"","meta":[],"product_brand":[896],"product_cat":[81,24,47],"product_tag":[],"class_list":{"0":"post-27602","1":"product","2":"type-product","3":"status-publish","4":"has-post-thumbnail","6":"product_brand-replique-manga-cine","7":"product_cat-collectors-et-goodies-game-of-thrones","8":"product_cat-films-series-tv-vente-de-katana-epee-et-produits-derives","9":"product_cat-game-of-thrones","11":"first","12":"instock","13":"taxable","14":"shipping-taxable","15":"purchasable","16":"product-type-simple"},"yoast_head":"<!-- This site is optimized with the Yoast SEO plugin v27.4 - https:\/\/yoast.com\/product\/yoast-seo-wordpress\/ -->\n<title>Porte-cl\u00e9s Targaryen GOT - Objet collector Game of Thrones| RMC<\/title>\n<meta name=\"description\" content=\"D\u00e9couvrez ce Porte-cl\u00e9s Targaryen GOT au meilleur prix - Tout en m\u00e9tal imitation bronze - Embl\u00e8me en relief - Boite vitrine - Diam\u00e8tre : 5.5 cm\" \/>\n<meta name=\"robots\" content=\"index, follow, max-snippet:-1, max-image-preview:large, max-video-preview:-1\" \/>\n<link rel=\"canonical\" href=\"https:\/\/repliquemangacine.fr\/it\/game-of-thrones-collezionismo-e-curiosita\/portachiavi-targaryen-game-of-thrones\/\" \/>\n<meta property=\"og:locale\" content=\"it_IT\" \/>\n<meta property=\"og:type\" content=\"article\" \/>\n<meta property=\"og:title\" content=\"Porte-cl\u00e9s Targaryen GOT - Objet collector Game of Thrones| RMC\" \/>\n<meta property=\"og:description\" content=\"D\u00e9couvrez ce Porte-cl\u00e9s Targaryen GOT au meilleur prix - Tout en m\u00e9tal imitation bronze - Embl\u00e8me en relief - Boite vitrine - Diam\u00e8tre : 5.5 cm\" \/>\n<meta property=\"og:url\" content=\"https:\/\/repliquemangacine.fr\/it\/game-of-thrones-collezionismo-e-curiosita\/portachiavi-targaryen-game-of-thrones\/\" \/>\n<meta property=\"og:site_name\" content=\"R\u00e9plique Manga Cin\u00e9\" \/>\n<meta property=\"article:publisher\" content=\"https:\/\/www.facebook.com\/RepliqueMangaCine\" \/>\n<meta property=\"article:modified_time\" content=\"2026-02-19T19:47:29+00:00\" \/>\n<meta property=\"og:image\" content=\"https:\/\/repliquemangacine.fr\/wp-content\/uploads\/2023\/10\/2374-Porte-cles-Targaryen-Game-of-Thrones.jpg\" \/>\n\t<meta property=\"og:image:width\" content=\"600\" \/>\n\t<meta property=\"og:image:height\" content=\"600\" \/>\n\t<meta property=\"og:image:type\" content=\"image\/jpeg\" \/>\n<meta name=\"twitter:card\" content=\"summary_large_image\" \/>\n<meta name=\"twitter:label1\" content=\"Tempo di lettura stimato\" \/>\n\t<meta name=\"twitter:data1\" content=\"1 minuto\" \/>\n<script type=\"application\/ld+json\" class=\"yoast-schema-graph\">{\"@context\":\"https:\\\/\\\/schema.org\",\"@graph\":[{\"@type\":\"WebPage\",\"@id\":\"https:\\\/\\\/repliquemangacine.fr\\\/collectors-et-goodies-game-of-thrones\\\/porte-cles-targaryen-game-of-thrones\\\/\",\"url\":\"https:\\\/\\\/repliquemangacine.fr\\\/collectors-et-goodies-game-of-thrones\\\/porte-cles-targaryen-game-of-thrones\\\/\",\"name\":\"Porte-cl\u00e9s Targaryen GOT - Objet collector Game of Thrones| RMC\",\"isPartOf\":{\"@id\":\"https:\\\/\\\/repliquemangacine.fr\\\/#website\"},\"primaryImageOfPage\":{\"@id\":\"https:\\\/\\\/repliquemangacine.fr\\\/collectors-et-goodies-game-of-thrones\\\/porte-cles-targaryen-game-of-thrones\\\/#primaryimage\"},\"image\":{\"@id\":\"https:\\\/\\\/repliquemangacine.fr\\\/collectors-et-goodies-game-of-thrones\\\/porte-cles-targaryen-game-of-thrones\\\/#primaryimage\"},\"thumbnailUrl\":\"https:\\\/\\\/repliquemangacine.fr\\\/wp-content\\\/uploads\\\/2023\\\/10\\\/2374-Porte-cles-Targaryen-Game-of-Thrones.jpg\",\"datePublished\":\"2017-10-29T15:39:25+00:00\",\"dateModified\":\"2026-02-19T19:47:29+00:00\",\"description\":\"D\u00e9couvrez ce Porte-cl\u00e9s Targaryen GOT au meilleur prix - Tout en m\u00e9tal imitation bronze - Embl\u00e8me en relief - Boite vitrine - Diam\u00e8tre : 5.5 cm\",\"breadcrumb\":{\"@id\":\"https:\\\/\\\/repliquemangacine.fr\\\/collectors-et-goodies-game-of-thrones\\\/porte-cles-targaryen-game-of-thrones\\\/#breadcrumb\"},\"inLanguage\":\"it-IT\",\"potentialAction\":[{\"@type\":\"ReadAction\",\"target\":[\"https:\\\/\\\/repliquemangacine.fr\\\/collectors-et-goodies-game-of-thrones\\\/porte-cles-targaryen-game-of-thrones\\\/\"]}]},{\"@type\":\"ImageObject\",\"inLanguage\":\"it-IT\",\"@id\":\"https:\\\/\\\/repliquemangacine.fr\\\/collectors-et-goodies-game-of-thrones\\\/porte-cles-targaryen-game-of-thrones\\\/#primaryimage\",\"url\":\"https:\\\/\\\/repliquemangacine.fr\\\/wp-content\\\/uploads\\\/2023\\\/10\\\/2374-Porte-cles-Targaryen-Game-of-Thrones.jpg\",\"contentUrl\":\"https:\\\/\\\/repliquemangacine.fr\\\/wp-content\\\/uploads\\\/2023\\\/10\\\/2374-Porte-cles-Targaryen-Game-of-Thrones.jpg\",\"width\":600,\"height\":600,\"caption\":\"Porte-cl\u00e9s Targaryen Game of Thrones\"},{\"@type\":\"BreadcrumbList\",\"@id\":\"https:\\\/\\\/repliquemangacine.fr\\\/collectors-et-goodies-game-of-thrones\\\/porte-cles-targaryen-game-of-thrones\\\/#breadcrumb\",\"itemListElement\":[{\"@type\":\"ListItem\",\"position\":1,\"name\":\"Accueil\",\"item\":\"https:\\\/\\\/repliquemangacine.fr\\\/\"},{\"@type\":\"ListItem\",\"position\":2,\"name\":\"Produits\",\"item\":\"https:\\\/\\\/repliquemangacine.fr\\\/boutique\\\/\"},{\"@type\":\"ListItem\",\"position\":3,\"name\":\"Porte cl\u00e9s Targaryen Game of Thrones\"}]},{\"@type\":\"WebSite\",\"@id\":\"https:\\\/\\\/repliquemangacine.fr\\\/#website\",\"url\":\"https:\\\/\\\/repliquemangacine.fr\\\/\",\"name\":\"R\u00e9plique Manga Cin\u00e9\",\"description\":\"\",\"publisher\":{\"@id\":\"https:\\\/\\\/repliquemangacine.fr\\\/#organization\"},\"potentialAction\":[{\"@type\":\"SearchAction\",\"target\":{\"@type\":\"EntryPoint\",\"urlTemplate\":\"https:\\\/\\\/repliquemangacine.fr\\\/?s={search_term_string}\"},\"query-input\":{\"@type\":\"PropertyValueSpecification\",\"valueRequired\":true,\"valueName\":\"search_term_string\"}}],\"inLanguage\":\"it-IT\"},{\"@type\":\"Organization\",\"@id\":\"https:\\\/\\\/repliquemangacine.fr\\\/#organization\",\"name\":\"R\u00e9plique Manga Cin\u00e9\",\"url\":\"https:\\\/\\\/repliquemangacine.fr\\\/\",\"logo\":{\"@type\":\"ImageObject\",\"inLanguage\":\"it-IT\",\"@id\":\"https:\\\/\\\/repliquemangacine.fr\\\/#\\\/schema\\\/logo\\\/image\\\/\",\"url\":\"https:\\\/\\\/repliquemangacine.fr\\\/wp-content\\\/uploads\\\/2023\\\/10\\\/RMC-500250.png\",\"contentUrl\":\"https:\\\/\\\/repliquemangacine.fr\\\/wp-content\\\/uploads\\\/2023\\\/10\\\/RMC-500250.png\",\"width\":500,\"height\":250,\"caption\":\"R\u00e9plique Manga Cin\u00e9\"},\"image\":{\"@id\":\"https:\\\/\\\/repliquemangacine.fr\\\/#\\\/schema\\\/logo\\\/image\\\/\"},\"sameAs\":[\"https:\\\/\\\/www.facebook.com\\\/RepliqueMangaCine\",\"https:\\\/\\\/www.instagram.com\\\/repliquemangacine.fr\\\/\"]}]}<\/script>\n<!-- \/ Yoast SEO plugin. -->","yoast_head_json":{"title":"Portachiavi Targaryen GOT - Oggetto da collezione Game of Thrones| RMC","description":"Scopri questo portachiavi Targaryen GOT al miglior prezzo - Tutto in finto bronzo - Emblema in rilievo - Scatola espositiva - Diametro: 5,5 cm","robots":{"index":"index","follow":"follow","max-snippet":"max-snippet:-1","max-image-preview":"max-image-preview:large","max-video-preview":"max-video-preview:-1"},"canonical":"https:\/\/repliquemangacine.fr\/it\/game-of-thrones-collezionismo-e-curiosita\/portachiavi-targaryen-game-of-thrones\/","og_locale":"it_IT","og_type":"article","og_title":"Porte-cl\u00e9s Targaryen GOT - Objet collector Game of Thrones| RMC","og_description":"D\u00e9couvrez ce Porte-cl\u00e9s Targaryen GOT au meilleur prix - Tout en m\u00e9tal imitation bronze - Embl\u00e8me en relief - Boite vitrine - Diam\u00e8tre : 5.5 cm","og_url":"https:\/\/repliquemangacine.fr\/it\/game-of-thrones-collezionismo-e-curiosita\/portachiavi-targaryen-game-of-thrones\/","og_site_name":"R\u00e9plique Manga Cin\u00e9","article_publisher":"https:\/\/www.facebook.com\/RepliqueMangaCine","article_modified_time":"2026-02-19T19:47:29+00:00","og_image":[{"width":600,"height":600,"url":"https:\/\/repliquemangacine.fr\/wp-content\/uploads\/2023\/10\/2374-Porte-cles-Targaryen-Game-of-Thrones.jpg","type":"image\/jpeg"}],"twitter_card":"summary_large_image","twitter_misc":{"Tempo di lettura stimato":"1 minuto"},"schema":{"@context":"https:\/\/schema.org","@graph":[{"@type":"WebPage","@id":"https:\/\/repliquemangacine.fr\/collectors-et-goodies-game-of-thrones\/porte-cles-targaryen-game-of-thrones\/","url":"https:\/\/repliquemangacine.fr\/collectors-et-goodies-game-of-thrones\/porte-cles-targaryen-game-of-thrones\/","name":"Portachiavi Targaryen GOT - Oggetto da collezione Game of Thrones| RMC","isPartOf":{"@id":"https:\/\/repliquemangacine.fr\/#website"},"primaryImageOfPage":{"@id":"https:\/\/repliquemangacine.fr\/collectors-et-goodies-game-of-thrones\/porte-cles-targaryen-game-of-thrones\/#primaryimage"},"image":{"@id":"https:\/\/repliquemangacine.fr\/collectors-et-goodies-game-of-thrones\/porte-cles-targaryen-game-of-thrones\/#primaryimage"},"thumbnailUrl":"https:\/\/repliquemangacine.fr\/wp-content\/uploads\/2023\/10\/2374-Porte-cles-Targaryen-Game-of-Thrones.jpg","datePublished":"2017-10-29T15:39:25+00:00","dateModified":"2026-02-19T19:47:29+00:00","description":"Scopri questo portachiavi Targaryen GOT al miglior prezzo - Tutto in finto bronzo - Emblema in rilievo - Scatola espositiva - Diametro: 5,5 cm","breadcrumb":{"@id":"https:\/\/repliquemangacine.fr\/collectors-et-goodies-game-of-thrones\/porte-cles-targaryen-game-of-thrones\/#breadcrumb"},"inLanguage":"it-IT","potentialAction":[{"@type":"ReadAction","target":["https:\/\/repliquemangacine.fr\/collectors-et-goodies-game-of-thrones\/porte-cles-targaryen-game-of-thrones\/"]}]},{"@type":"ImageObject","inLanguage":"it-IT","@id":"https:\/\/repliquemangacine.fr\/collectors-et-goodies-game-of-thrones\/porte-cles-targaryen-game-of-thrones\/#primaryimage","url":"https:\/\/repliquemangacine.fr\/wp-content\/uploads\/2023\/10\/2374-Porte-cles-Targaryen-Game-of-Thrones.jpg","contentUrl":"https:\/\/repliquemangacine.fr\/wp-content\/uploads\/2023\/10\/2374-Porte-cles-Targaryen-Game-of-Thrones.jpg","width":600,"height":600,"caption":"Porte-cl\u00e9s Targaryen Game of Thrones"},{"@type":"BreadcrumbList","@id":"https:\/\/repliquemangacine.fr\/collectors-et-goodies-game-of-thrones\/porte-cles-targaryen-game-of-thrones\/#breadcrumb","itemListElement":[{"@type":"ListItem","position":1,"name":"Accueil","item":"https:\/\/repliquemangacine.fr\/"},{"@type":"ListItem","position":2,"name":"Produits","item":"https:\/\/repliquemangacine.fr\/boutique\/"},{"@type":"ListItem","position":3,"name":"Porte cl\u00e9s Targaryen Game of Thrones"}]},{"@type":"WebSite","@id":"https:\/\/repliquemangacine.fr\/#website","url":"https:\/\/repliquemangacine.fr\/","name":"R\u00e9plique Manga Cin\u00e9","description":"","publisher":{"@id":"https:\/\/repliquemangacine.fr\/#organization"},"potentialAction":[{"@type":"SearchAction","target":{"@type":"EntryPoint","urlTemplate":"https:\/\/repliquemangacine.fr\/?s={search_term_string}"},"query-input":{"@type":"PropertyValueSpecification","valueRequired":true,"valueName":"search_term_string"}}],"inLanguage":"it-IT"},{"@type":"Organization","@id":"https:\/\/repliquemangacine.fr\/#organization","name":"R\u00e9plique Manga Cin\u00e9","url":"https:\/\/repliquemangacine.fr\/","logo":{"@type":"ImageObject","inLanguage":"it-IT","@id":"https:\/\/repliquemangacine.fr\/#\/schema\/logo\/image\/","url":"https:\/\/repliquemangacine.fr\/wp-content\/uploads\/2023\/10\/RMC-500250.png","contentUrl":"https:\/\/repliquemangacine.fr\/wp-content\/uploads\/2023\/10\/RMC-500250.png","width":500,"height":250,"caption":"R\u00e9plique Manga Cin\u00e9"},"image":{"@id":"https:\/\/repliquemangacine.fr\/#\/schema\/logo\/image\/"},"sameAs":["https:\/\/www.facebook.com\/RepliqueMangaCine","https:\/\/www.instagram.com\/repliquemangacine.fr\/"]}]}},"_links":{"self":[{"href":"https:\/\/repliquemangacine.fr\/it\/wp-json\/wp\/v2\/product\/27602","targetHints":{"allow":["GET"]}}],"collection":[{"href":"https:\/\/repliquemangacine.fr\/it\/wp-json\/wp\/v2\/product"}],"about":[{"href":"https:\/\/repliquemangacine.fr\/it\/wp-json\/wp\/v2\/types\/product"}],"wp:featuredmedia":[{"embeddable":true,"href":"https:\/\/repliquemangacine.fr\/it\/wp-json\/wp\/v2\/media\/27603"}],"wp:attachment":[{"href":"https:\/\/repliquemangacine.fr\/it\/wp-json\/wp\/v2\/media?parent=27602"}],"wp:term":[{"taxonomy":"product_brand","embeddable":true,"href":"https:\/\/repliquemangacine.fr\/it\/wp-json\/wp\/v2\/product_brand?post=27602"},{"taxonomy":"product_cat","embeddable":true,"href":"https:\/\/repliquemangacine.fr\/it\/wp-json\/wp\/v2\/product_cat?post=27602"},{"taxonomy":"product_tag","embeddable":true,"href":"https:\/\/repliquemangacine.fr\/it\/wp-json\/wp\/v2\/product_tag?post=27602"}],"curies":[{"name":"wp","href":"https:\/\/api.w.org\/{rel}","templated":true}]}}