





{"id":27575,"date":"2017-10-24T21:37:46","date_gmt":"2017-10-24T19:37:46","guid":{"rendered":"https:\/\/repliquemangacine.fr\/?post_type=product&#038;p=27575"},"modified":"2026-04-09T19:20:26","modified_gmt":"2026-04-09T17:20:26","slug":"game-of-thrones-5-set-di-spade-tagliacarte","status":"publish","type":"product","link":"https:\/\/repliquemangacine.fr\/it\/epees-game-of-thrones\/coffret-5-epees-ouvre-lettres-game-of-thrones\/","title":{"rendered":"Scatola da collezione di 5 tagli di carta di Game of Thrones"},"content":{"rendered":"<h2>Set di spade tagliacarte di Game of Thrones.<\/h2>\n<p>Per cominciare, il <strong>Tagliacarte di Game of Thrones<\/strong> viene fornito con 5 spade della Casa Stark in una scatola da collezione con la serie.<\/p>\n<p>La Casa Stark \u00e8 una delle grandi casate di Westeros. Governano il vasto Nord dalla loro sede di Grande Inverno, un castello al centro della regione. Il loro motto \u00e8 \u00abL'inverno sta arrivando\u00bb, che suona come un avvertimento, e l'emblema della Casa Stark rappresenta un lupo gigante.<\/p>\n<p>Questo set contiene le spade di :<\/p>\n<ul>\n<li>Jon Snow versione nonno-grigio romanzo<\/li>\n<li>Arya versione romanzo<\/li>\n<li>Il romanzo di Eddard Stark<\/li>\n<li>Robb Stark serie TV<\/li>\n<li>Eddard Stark versione serie TV<\/li>\n<\/ul>\n<h2>Il vostro set di tagliacarte di Game of Thrones al miglior prezzo.<\/h2>\n<p>Vi proponiamo tutte le repliche di spade e altri oggetti da collezione della serie Game of Thrones.<\/p>\n<p>Innanzitutto,<\/p>\n<ul>\n<li>L'<a href=\"https:\/\/repliquemangacine.fr\/it\/gioco-del-trono\/spada-jon-snow-grande-game-of-thrones-etichetta\/\">La spada di Jon Snow<\/a> Grand-Griffe come romanzo o serie.<\/li>\n<li>Ma anche le uova di drago di Daenerys, con licenza ufficiale. <a href=\"https:\/\/www.noblecollection.fr\/\" target=\"_blank\" rel=\"noopener noreferrer\">Collezione Nobile<\/a>.<\/li>\n<li>Cos\u00ec come il <a href=\"https:\/\/repliquemangacine.fr\/it\/spade-di-game-of-thrones\/replica-pugnale-catspaw-game-of-thrones\/\">Pugnale Catspaw<\/a> che Arya usa per uccidere il Night King. In conclusione, questo pugnale \u00e8 stato visto nell'episodio 4 di House of Dragon.<\/li>\n<\/ul>\n<p>Ecco perch\u00e9 questa \u00e8 un'ottima idea regalo per i fan della serie Game of Thrones.<\/p>\n<p>In conclusione, \u00e8 possibile utilizzare questo set di 5 spade <strong>Tagliacarte di Game of Thrones<\/strong> per la vostra posta. Ma soprattutto \u00e8 un oggetto da collezione.<\/p>\n<h2>Come si mantiene la lama della spada Maison Stark?<\/h2>\n<p>Le spade da collezione e decorative sono realizzate e assemblate in modo semplificato. Poich\u00e9 il loro uso \u00e8 decorativo, non hanno le caratteristiche di sicurezza richieste per una spada giapponese destinata all'allenamento.<\/p>\n<p>Tuttavia, i vostri <strong>Tagliacarte di Game of Thrones<\/strong> hanno una lama in acciaio che deve essere curata per evitare che si rovini con il tempo. Infatti, quando esporrete la vostra katana, i vostri amici saranno curiosi di vedere la lama e di toccarla. \u00c8 qui che bisogna prestare attenzione, perch\u00e9 l'acidit\u00e0 delle dita \u00e8 molto dannosa per l'acciaio, indipendentemente dalla sua qualit\u00e0.<\/p>\n<p>Tuttavia, se ci\u00f2 dovesse accadere, niente panico: basta un panno inumidito con un po' d'olio per eliminare le impronte. In questo modo, la spada durer\u00e0 a lungo.<\/p>\n<p>&nbsp;<\/p>","protected":false},"excerpt":{"rendered":"<p>Scatola da collezione di 5 tagliacarte di Game of Thrones.<\/p>\n<ul>\n<li>Interamente in acciaio inossidabile, rappresenta le spade degli Stark.<\/li>\n<li>Un'edizione inedita della spada di Jon Snow, Eddard e Arya Stark.<\/li>\n<li>Nella versione della serie, la spada di Robb e Eddard Stark.<\/li>\n<li>Cofanetto con la serie.<\/li>\n<li>Ogni tagliacarte misura tra i 20 e i 22 cm.<\/li>\n<\/ul>","protected":false},"featured_media":27576,"template":"","meta":[],"product_brand":[896],"product_cat":[81,72,24,47],"product_tag":[],"class_list":{"0":"post-27575","1":"product","2":"type-product","3":"status-publish","4":"has-post-thumbnail","6":"product_brand-replique-manga-cine","7":"product_cat-collectors-et-goodies-game-of-thrones","8":"product_cat-epees-game-of-thrones","9":"product_cat-films-series-tv-vente-de-katana-epee-et-produits-derives","10":"product_cat-game-of-thrones","12":"first","13":"instock","14":"taxable","15":"shipping-taxable","16":"purchasable","17":"product-type-simple"},"yoast_head":"<!-- This site is optimized with the Yoast SEO plugin v27.4 - https:\/\/yoast.com\/product\/yoast-seo-wordpress\/ -->\n<title>Ouvre-lettres Game of Thrones - Boutique en ligne | RMC<\/title>\n<meta name=\"description\" content=\"Offrez-lui ! Ce coffret 5 \u00e9p\u00e9es Ouvre-lettres Game of Thrones au meilleur prix - Tout en acier inox - Coffret collector - Longueur de chaque \u00e9p\u00e9e : 22 cm\" \/>\n<meta name=\"robots\" content=\"index, follow, max-snippet:-1, max-image-preview:large, max-video-preview:-1\" \/>\n<link rel=\"canonical\" href=\"https:\/\/repliquemangacine.fr\/it\/spade-di-game-of-thrones\/game-of-thrones-5-set-di-spade-tagliacarte\/\" \/>\n<meta property=\"og:locale\" content=\"it_IT\" \/>\n<meta property=\"og:type\" content=\"article\" \/>\n<meta property=\"og:title\" content=\"Ouvre-lettres Game of Thrones - Boutique en ligne | RMC\" \/>\n<meta property=\"og:description\" content=\"Offrez-lui ! Ce coffret 5 \u00e9p\u00e9es Ouvre-lettres Game of Thrones au meilleur prix - Tout en acier inox - Coffret collector - Longueur de chaque \u00e9p\u00e9e : 22 cm\" \/>\n<meta property=\"og:url\" content=\"https:\/\/repliquemangacine.fr\/it\/spade-di-game-of-thrones\/game-of-thrones-5-set-di-spade-tagliacarte\/\" \/>\n<meta property=\"og:site_name\" content=\"R\u00e9plique Manga Cin\u00e9\" \/>\n<meta property=\"article:publisher\" content=\"https:\/\/www.facebook.com\/RepliqueMangaCine\" \/>\n<meta property=\"article:modified_time\" content=\"2026-04-09T17:20:26+00:00\" \/>\n<meta property=\"og:image\" content=\"https:\/\/repliquemangacine.fr\/wp-content\/uploads\/2023\/10\/2352-Coffret-collector-de-5-coupe-papiers-Game-of-Thrones.jpg\" \/>\n\t<meta property=\"og:image:width\" content=\"600\" \/>\n\t<meta property=\"og:image:height\" content=\"600\" \/>\n\t<meta property=\"og:image:type\" content=\"image\/jpeg\" \/>\n<meta name=\"twitter:card\" content=\"summary_large_image\" \/>\n<meta name=\"twitter:label1\" content=\"Tempo di lettura stimato\" \/>\n\t<meta name=\"twitter:data1\" content=\"1 minuto\" \/>\n<script type=\"application\/ld+json\" class=\"yoast-schema-graph\">{\"@context\":\"https:\\\/\\\/schema.org\",\"@graph\":[{\"@type\":\"WebPage\",\"@id\":\"https:\\\/\\\/repliquemangacine.fr\\\/epees-game-of-thrones\\\/coffret-5-epees-ouvre-lettres-game-of-thrones\\\/\",\"url\":\"https:\\\/\\\/repliquemangacine.fr\\\/epees-game-of-thrones\\\/coffret-5-epees-ouvre-lettres-game-of-thrones\\\/\",\"name\":\"Ouvre-lettres Game of Thrones - Boutique en ligne | RMC\",\"isPartOf\":{\"@id\":\"https:\\\/\\\/repliquemangacine.fr\\\/#website\"},\"primaryImageOfPage\":{\"@id\":\"https:\\\/\\\/repliquemangacine.fr\\\/epees-game-of-thrones\\\/coffret-5-epees-ouvre-lettres-game-of-thrones\\\/#primaryimage\"},\"image\":{\"@id\":\"https:\\\/\\\/repliquemangacine.fr\\\/epees-game-of-thrones\\\/coffret-5-epees-ouvre-lettres-game-of-thrones\\\/#primaryimage\"},\"thumbnailUrl\":\"https:\\\/\\\/repliquemangacine.fr\\\/wp-content\\\/uploads\\\/2023\\\/10\\\/2352-Coffret-collector-de-5-coupe-papiers-Game-of-Thrones.jpg\",\"datePublished\":\"2017-10-24T19:37:46+00:00\",\"dateModified\":\"2026-04-09T17:20:26+00:00\",\"description\":\"Offrez-lui ! Ce coffret 5 \u00e9p\u00e9es Ouvre-lettres Game of Thrones au meilleur prix - Tout en acier inox - Coffret collector - Longueur de chaque \u00e9p\u00e9e : 22 cm\",\"breadcrumb\":{\"@id\":\"https:\\\/\\\/repliquemangacine.fr\\\/epees-game-of-thrones\\\/coffret-5-epees-ouvre-lettres-game-of-thrones\\\/#breadcrumb\"},\"inLanguage\":\"it-IT\",\"potentialAction\":[{\"@type\":\"ReadAction\",\"target\":[\"https:\\\/\\\/repliquemangacine.fr\\\/epees-game-of-thrones\\\/coffret-5-epees-ouvre-lettres-game-of-thrones\\\/\"]}]},{\"@type\":\"ImageObject\",\"inLanguage\":\"it-IT\",\"@id\":\"https:\\\/\\\/repliquemangacine.fr\\\/epees-game-of-thrones\\\/coffret-5-epees-ouvre-lettres-game-of-thrones\\\/#primaryimage\",\"url\":\"https:\\\/\\\/repliquemangacine.fr\\\/wp-content\\\/uploads\\\/2023\\\/10\\\/2352-Coffret-collector-de-5-coupe-papiers-Game-of-Thrones.jpg\",\"contentUrl\":\"https:\\\/\\\/repliquemangacine.fr\\\/wp-content\\\/uploads\\\/2023\\\/10\\\/2352-Coffret-collector-de-5-coupe-papiers-Game-of-Thrones.jpg\",\"width\":600,\"height\":600,\"caption\":\"Coffret collector de 5 coupe papiers Game of Thrones\"},{\"@type\":\"BreadcrumbList\",\"@id\":\"https:\\\/\\\/repliquemangacine.fr\\\/epees-game-of-thrones\\\/coffret-5-epees-ouvre-lettres-game-of-thrones\\\/#breadcrumb\",\"itemListElement\":[{\"@type\":\"ListItem\",\"position\":1,\"name\":\"Accueil\",\"item\":\"https:\\\/\\\/repliquemangacine.fr\\\/\"},{\"@type\":\"ListItem\",\"position\":2,\"name\":\"Produits\",\"item\":\"https:\\\/\\\/repliquemangacine.fr\\\/boutique\\\/\"},{\"@type\":\"ListItem\",\"position\":3,\"name\":\"Coffret collector de 5 coupe papiers Game of Thrones\"}]},{\"@type\":\"WebSite\",\"@id\":\"https:\\\/\\\/repliquemangacine.fr\\\/#website\",\"url\":\"https:\\\/\\\/repliquemangacine.fr\\\/\",\"name\":\"R\u00e9plique Manga Cin\u00e9\",\"description\":\"\",\"publisher\":{\"@id\":\"https:\\\/\\\/repliquemangacine.fr\\\/#organization\"},\"potentialAction\":[{\"@type\":\"SearchAction\",\"target\":{\"@type\":\"EntryPoint\",\"urlTemplate\":\"https:\\\/\\\/repliquemangacine.fr\\\/?s={search_term_string}\"},\"query-input\":{\"@type\":\"PropertyValueSpecification\",\"valueRequired\":true,\"valueName\":\"search_term_string\"}}],\"inLanguage\":\"it-IT\"},{\"@type\":\"Organization\",\"@id\":\"https:\\\/\\\/repliquemangacine.fr\\\/#organization\",\"name\":\"R\u00e9plique Manga Cin\u00e9\",\"url\":\"https:\\\/\\\/repliquemangacine.fr\\\/\",\"logo\":{\"@type\":\"ImageObject\",\"inLanguage\":\"it-IT\",\"@id\":\"https:\\\/\\\/repliquemangacine.fr\\\/#\\\/schema\\\/logo\\\/image\\\/\",\"url\":\"https:\\\/\\\/repliquemangacine.fr\\\/wp-content\\\/uploads\\\/2023\\\/10\\\/RMC-500250.png\",\"contentUrl\":\"https:\\\/\\\/repliquemangacine.fr\\\/wp-content\\\/uploads\\\/2023\\\/10\\\/RMC-500250.png\",\"width\":500,\"height\":250,\"caption\":\"R\u00e9plique Manga Cin\u00e9\"},\"image\":{\"@id\":\"https:\\\/\\\/repliquemangacine.fr\\\/#\\\/schema\\\/logo\\\/image\\\/\"},\"sameAs\":[\"https:\\\/\\\/www.facebook.com\\\/RepliqueMangaCine\",\"https:\\\/\\\/www.instagram.com\\\/repliquemangacine.fr\\\/\"]}]}<\/script>\n<!-- \/ Yoast SEO plugin. -->","yoast_head_json":{"title":"Tagliacarte di Game of Thrones - Boutique en ligne | RMC","description":"Regalatele! Questo set di 5 spade tagliacarte di Game of Thrones al miglior prezzo - Tutto in acciaio inossidabile - Scatola da collezione - Lunghezza di ogni spada: 22 cm","robots":{"index":"index","follow":"follow","max-snippet":"max-snippet:-1","max-image-preview":"max-image-preview:large","max-video-preview":"max-video-preview:-1"},"canonical":"https:\/\/repliquemangacine.fr\/it\/spade-di-game-of-thrones\/game-of-thrones-5-set-di-spade-tagliacarte\/","og_locale":"it_IT","og_type":"article","og_title":"Ouvre-lettres Game of Thrones - Boutique en ligne | RMC","og_description":"Offrez-lui ! Ce coffret 5 \u00e9p\u00e9es Ouvre-lettres Game of Thrones au meilleur prix - Tout en acier inox - Coffret collector - Longueur de chaque \u00e9p\u00e9e : 22 cm","og_url":"https:\/\/repliquemangacine.fr\/it\/spade-di-game-of-thrones\/game-of-thrones-5-set-di-spade-tagliacarte\/","og_site_name":"R\u00e9plique Manga Cin\u00e9","article_publisher":"https:\/\/www.facebook.com\/RepliqueMangaCine","article_modified_time":"2026-04-09T17:20:26+00:00","og_image":[{"width":600,"height":600,"url":"https:\/\/repliquemangacine.fr\/wp-content\/uploads\/2023\/10\/2352-Coffret-collector-de-5-coupe-papiers-Game-of-Thrones.jpg","type":"image\/jpeg"}],"twitter_card":"summary_large_image","twitter_misc":{"Tempo di lettura stimato":"1 minuto"},"schema":{"@context":"https:\/\/schema.org","@graph":[{"@type":"WebPage","@id":"https:\/\/repliquemangacine.fr\/epees-game-of-thrones\/coffret-5-epees-ouvre-lettres-game-of-thrones\/","url":"https:\/\/repliquemangacine.fr\/epees-game-of-thrones\/coffret-5-epees-ouvre-lettres-game-of-thrones\/","name":"Tagliacarte di Game of Thrones - Boutique en ligne | RMC","isPartOf":{"@id":"https:\/\/repliquemangacine.fr\/#website"},"primaryImageOfPage":{"@id":"https:\/\/repliquemangacine.fr\/epees-game-of-thrones\/coffret-5-epees-ouvre-lettres-game-of-thrones\/#primaryimage"},"image":{"@id":"https:\/\/repliquemangacine.fr\/epees-game-of-thrones\/coffret-5-epees-ouvre-lettres-game-of-thrones\/#primaryimage"},"thumbnailUrl":"https:\/\/repliquemangacine.fr\/wp-content\/uploads\/2023\/10\/2352-Coffret-collector-de-5-coupe-papiers-Game-of-Thrones.jpg","datePublished":"2017-10-24T19:37:46+00:00","dateModified":"2026-04-09T17:20:26+00:00","description":"Regalatele! Questo set di 5 spade tagliacarte di Game of Thrones al miglior prezzo - Tutto in acciaio inossidabile - Scatola da collezione - Lunghezza di ogni spada: 22 cm","breadcrumb":{"@id":"https:\/\/repliquemangacine.fr\/epees-game-of-thrones\/coffret-5-epees-ouvre-lettres-game-of-thrones\/#breadcrumb"},"inLanguage":"it-IT","potentialAction":[{"@type":"ReadAction","target":["https:\/\/repliquemangacine.fr\/epees-game-of-thrones\/coffret-5-epees-ouvre-lettres-game-of-thrones\/"]}]},{"@type":"ImageObject","inLanguage":"it-IT","@id":"https:\/\/repliquemangacine.fr\/epees-game-of-thrones\/coffret-5-epees-ouvre-lettres-game-of-thrones\/#primaryimage","url":"https:\/\/repliquemangacine.fr\/wp-content\/uploads\/2023\/10\/2352-Coffret-collector-de-5-coupe-papiers-Game-of-Thrones.jpg","contentUrl":"https:\/\/repliquemangacine.fr\/wp-content\/uploads\/2023\/10\/2352-Coffret-collector-de-5-coupe-papiers-Game-of-Thrones.jpg","width":600,"height":600,"caption":"Coffret collector de 5 coupe papiers Game of Thrones"},{"@type":"BreadcrumbList","@id":"https:\/\/repliquemangacine.fr\/epees-game-of-thrones\/coffret-5-epees-ouvre-lettres-game-of-thrones\/#breadcrumb","itemListElement":[{"@type":"ListItem","position":1,"name":"Accueil","item":"https:\/\/repliquemangacine.fr\/"},{"@type":"ListItem","position":2,"name":"Produits","item":"https:\/\/repliquemangacine.fr\/boutique\/"},{"@type":"ListItem","position":3,"name":"Coffret collector de 5 coupe papiers Game of Thrones"}]},{"@type":"WebSite","@id":"https:\/\/repliquemangacine.fr\/#website","url":"https:\/\/repliquemangacine.fr\/","name":"R\u00e9plique Manga Cin\u00e9","description":"","publisher":{"@id":"https:\/\/repliquemangacine.fr\/#organization"},"potentialAction":[{"@type":"SearchAction","target":{"@type":"EntryPoint","urlTemplate":"https:\/\/repliquemangacine.fr\/?s={search_term_string}"},"query-input":{"@type":"PropertyValueSpecification","valueRequired":true,"valueName":"search_term_string"}}],"inLanguage":"it-IT"},{"@type":"Organization","@id":"https:\/\/repliquemangacine.fr\/#organization","name":"R\u00e9plique Manga Cin\u00e9","url":"https:\/\/repliquemangacine.fr\/","logo":{"@type":"ImageObject","inLanguage":"it-IT","@id":"https:\/\/repliquemangacine.fr\/#\/schema\/logo\/image\/","url":"https:\/\/repliquemangacine.fr\/wp-content\/uploads\/2023\/10\/RMC-500250.png","contentUrl":"https:\/\/repliquemangacine.fr\/wp-content\/uploads\/2023\/10\/RMC-500250.png","width":500,"height":250,"caption":"R\u00e9plique Manga Cin\u00e9"},"image":{"@id":"https:\/\/repliquemangacine.fr\/#\/schema\/logo\/image\/"},"sameAs":["https:\/\/www.facebook.com\/RepliqueMangaCine","https:\/\/www.instagram.com\/repliquemangacine.fr\/"]}]}},"_links":{"self":[{"href":"https:\/\/repliquemangacine.fr\/it\/wp-json\/wp\/v2\/product\/27575","targetHints":{"allow":["GET"]}}],"collection":[{"href":"https:\/\/repliquemangacine.fr\/it\/wp-json\/wp\/v2\/product"}],"about":[{"href":"https:\/\/repliquemangacine.fr\/it\/wp-json\/wp\/v2\/types\/product"}],"wp:featuredmedia":[{"embeddable":true,"href":"https:\/\/repliquemangacine.fr\/it\/wp-json\/wp\/v2\/media\/27576"}],"wp:attachment":[{"href":"https:\/\/repliquemangacine.fr\/it\/wp-json\/wp\/v2\/media?parent=27575"}],"wp:term":[{"taxonomy":"product_brand","embeddable":true,"href":"https:\/\/repliquemangacine.fr\/it\/wp-json\/wp\/v2\/product_brand?post=27575"},{"taxonomy":"product_cat","embeddable":true,"href":"https:\/\/repliquemangacine.fr\/it\/wp-json\/wp\/v2\/product_cat?post=27575"},{"taxonomy":"product_tag","embeddable":true,"href":"https:\/\/repliquemangacine.fr\/it\/wp-json\/wp\/v2\/product_tag?post=27575"}],"curies":[{"name":"wp","href":"https:\/\/api.w.org\/{rel}","templated":true}]}}