





{"id":27549,"date":"2017-10-21T19:44:59","date_gmt":"2017-10-21T17:44:59","guid":{"rendered":"https:\/\/repliquemangacine.fr\/?post_type=product&#038;p=27549"},"modified":"2026-04-17T16:12:02","modified_gmt":"2026-04-17T14:12:02","slug":"set-di-due-spade-romane","status":"publish","type":"product","link":"https:\/\/repliquemangacine.fr\/it\/epees-glaives-antique\/ensemble-deux-glaive-romain\/","title":{"rendered":"Set di due spade romane"},"content":{"rendered":"<h2>Set di due spade romane<\/h2>\n<p>Per cominciare, il<strong>Set di due spade romane<\/strong>, \u00e8 ispirato al film Spartacus. In latino, il gladio \u00e8 una spada corta usata dai legionari romani. La spada di Tiberio\u00ab<\/p>\n<p>Purtroppo si sa poco o nulla dello sviluppo del gladio negli ultimi quattro secoli prima dell'era cristiana. Le spade romane rinvenute nei reperti archeologici risalgono solo al I secolo a.C..<\/p>\n<p>L'unica cosa che conferma la loro parentela con il gladio romano \u00e8 il fatto che hanno esattamente lo stesso tipo di fodero. I Romani hanno mantenuto i quattro anelli di attacco.<\/p>\n<p>Questo set di due spade romane \u00e8 solo a scopo decorativo e non \u00e8 destinato all'uso in rievocazioni di battaglie d'epoca.<\/p>\n<h2>Il vostro set di due spade romane al miglior prezzo.<\/h2>\n<p>Offriamo un'ampia gamma di spade ed elmi del periodo antico.<\/p>\n<p>Innanzitutto,<\/p>\n<ul>\n<li>Le <a href=\"https:\/\/repliquemangacine.fr\/it\/armi-antiche\/spada-romana-jules-cesar-spada-rossa\/\">La spada di Giulio Cesare<\/a> nella versione a fodero nero o bordeaux.<\/li>\n<li>C'\u00e8 anche la spada in stile pompeiano di <a href=\"https:\/\/deepeeka.in\" target=\"_blank\" rel=\"noopener noreferrer\">Deepeeka<\/a>.<\/li>\n<li>Cos\u00ec come il <a href=\"https:\/\/repliquemangacine.fr\/it\/armi-antiche\/elmo-corinzio-con-creta\/\">Elmo greco corinzio<\/a> con la sua cresta.<\/li>\n<li>E molti altri da scoprire nel nostro negozio online!<\/li>\n<\/ul>\n<p>Ecco perch\u00e9 abbiamo pensato ad alcune superbe idee regalo per tutti coloro che hanno la passione per l'antichit\u00e0.<\/p>\n<p>In conclusione, \u00e8 possibile utilizzare questo <strong>Set di due spade romane<\/strong> per le vostre rievocazioni storiche o serate a tema. Ma soprattutto \u00e8 un oggetto da collezione e una decorazione.<\/p>\n<h2>Come posso mantenere la lama della mia spada antica?<\/h2>\n<p>Le spade da collezione e decorative sono realizzate e assemblate in modo semplificato. Poich\u00e9 il loro uso \u00e8 decorativo, non hanno le caratteristiche di sicurezza richieste per una spada giapponese destinata all'allenamento.<\/p>\n<p>Tuttavia, il vostro <strong>Set di due spade romane<\/strong> a una lama d'acciaio che deve essere curata per evitare che si danneggi nel tempo. Quando si espone la katana, gli amici saranno curiosi di vedere la lama e di toccarla. \u00c8 qui che bisogna fare attenzione, perch\u00e9 l'acidit\u00e0 delle dita \u00e8 molto dannosa per l'acciaio, indipendentemente dalla sua qualit\u00e0.<\/p>\n<p>Tuttavia, se ci\u00f2 dovesse accadere, niente panico: basta un panno inumidito con un po' d'olio per eliminare le impronte. In questo modo, la spada durer\u00e0 a lungo.<\/p>","protected":false},"excerpt":{"rendered":"<p>Set di due spade romane ispirate al film Spartacus.<\/p>\n<ul>\n<li>Lame in acciaio 440 non affilate e preaffilate.<\/li>\n<li>Manico in ABS marrone.<\/li>\n<li>Elsa e pomo in ABS decorati in metallo.<\/li>\n<li>Fodero in cordura con cordino.<\/li>\n<li>Lunghezza lama: 46,5 cm - Lunghezza totale: 66 cm<\/li>\n<li>Peso di ogni spada: 600 grammi<\/li>\n<\/ul>","protected":false},"featured_media":27550,"template":"","meta":[],"product_brand":[896],"product_cat":[31,25,73,44,26],"product_tag":[],"class_list":{"0":"post-27549","1":"product","2":"type-product","3":"status-publish","4":"has-post-thumbnail","6":"product_brand-replique-manga-cine","7":"product_cat-armes-antiques","8":"product_cat-armes-historiques","9":"product_cat-epees-glaives-antique","10":"product_cat-epees-et-dagues-fantasy","11":"product_cat-katana-epee","13":"first","14":"instock","15":"taxable","16":"shipping-taxable","17":"purchasable","18":"product-type-simple"},"yoast_head":"<!-- This site is optimized with the Yoast SEO plugin v27.4 - https:\/\/yoast.com\/product\/yoast-seo-wordpress\/ -->\n<title>Ensemble deux glaives Romain - Vente \u00e9p\u00e9e Antique | RMC<\/title>\n<meta name=\"description\" content=\"Offrez-lui cet Ensemble de deux glaives Romain au meilleur prix - Lames acier pr\u00e9-aff\u00fbt\u00e9es - Fourreau noir - Longueur total de chaque \u00e9p\u00e9e : 66 cm\" \/>\n<meta name=\"robots\" content=\"index, follow, max-snippet:-1, max-image-preview:large, max-video-preview:-1\" \/>\n<link rel=\"canonical\" href=\"https:\/\/repliquemangacine.fr\/it\/spade-antiche\/set-di-due-spade-romane\/\" \/>\n<meta property=\"og:locale\" content=\"it_IT\" \/>\n<meta property=\"og:type\" content=\"article\" \/>\n<meta property=\"og:title\" content=\"Ensemble deux glaives Romain - Vente \u00e9p\u00e9e Antique | RMC\" \/>\n<meta property=\"og:description\" content=\"Offrez-lui cet Ensemble de deux glaives Romain au meilleur prix - Lames acier pr\u00e9-aff\u00fbt\u00e9es - Fourreau noir - Longueur total de chaque \u00e9p\u00e9e : 66 cm\" \/>\n<meta property=\"og:url\" content=\"https:\/\/repliquemangacine.fr\/it\/spade-antiche\/set-di-due-spade-romane\/\" \/>\n<meta property=\"og:site_name\" content=\"R\u00e9plique Manga Cin\u00e9\" \/>\n<meta property=\"article:publisher\" content=\"https:\/\/www.facebook.com\/RepliqueMangaCine\" \/>\n<meta property=\"article:modified_time\" content=\"2026-04-17T14:12:02+00:00\" \/>\n<meta property=\"og:image\" content=\"https:\/\/repliquemangacine.fr\/wp-content\/uploads\/2023\/10\/2333-Ensemble-deux-glaive-Romain.jpg\" \/>\n\t<meta property=\"og:image:width\" content=\"600\" \/>\n\t<meta property=\"og:image:height\" content=\"600\" \/>\n\t<meta property=\"og:image:type\" content=\"image\/jpeg\" \/>\n<meta name=\"twitter:card\" content=\"summary_large_image\" \/>\n<meta name=\"twitter:label1\" content=\"Tempo di lettura stimato\" \/>\n\t<meta name=\"twitter:data1\" content=\"2 minuti\" \/>\n<script type=\"application\/ld+json\" class=\"yoast-schema-graph\">{\"@context\":\"https:\\\/\\\/schema.org\",\"@graph\":[{\"@type\":\"WebPage\",\"@id\":\"https:\\\/\\\/repliquemangacine.fr\\\/epees-glaives-antique\\\/ensemble-deux-glaive-romain\\\/\",\"url\":\"https:\\\/\\\/repliquemangacine.fr\\\/epees-glaives-antique\\\/ensemble-deux-glaive-romain\\\/\",\"name\":\"Ensemble deux glaives Romain - Vente \u00e9p\u00e9e Antique | RMC\",\"isPartOf\":{\"@id\":\"https:\\\/\\\/repliquemangacine.fr\\\/#website\"},\"primaryImageOfPage\":{\"@id\":\"https:\\\/\\\/repliquemangacine.fr\\\/epees-glaives-antique\\\/ensemble-deux-glaive-romain\\\/#primaryimage\"},\"image\":{\"@id\":\"https:\\\/\\\/repliquemangacine.fr\\\/epees-glaives-antique\\\/ensemble-deux-glaive-romain\\\/#primaryimage\"},\"thumbnailUrl\":\"https:\\\/\\\/repliquemangacine.fr\\\/wp-content\\\/uploads\\\/2023\\\/10\\\/2333-Ensemble-deux-glaive-Romain.jpg\",\"datePublished\":\"2017-10-21T17:44:59+00:00\",\"dateModified\":\"2026-04-17T14:12:02+00:00\",\"description\":\"Offrez-lui cet Ensemble de deux glaives Romain au meilleur prix - Lames acier pr\u00e9-aff\u00fbt\u00e9es - Fourreau noir - Longueur total de chaque \u00e9p\u00e9e : 66 cm\",\"breadcrumb\":{\"@id\":\"https:\\\/\\\/repliquemangacine.fr\\\/epees-glaives-antique\\\/ensemble-deux-glaive-romain\\\/#breadcrumb\"},\"inLanguage\":\"it-IT\",\"potentialAction\":[{\"@type\":\"ReadAction\",\"target\":[\"https:\\\/\\\/repliquemangacine.fr\\\/epees-glaives-antique\\\/ensemble-deux-glaive-romain\\\/\"]}]},{\"@type\":\"ImageObject\",\"inLanguage\":\"it-IT\",\"@id\":\"https:\\\/\\\/repliquemangacine.fr\\\/epees-glaives-antique\\\/ensemble-deux-glaive-romain\\\/#primaryimage\",\"url\":\"https:\\\/\\\/repliquemangacine.fr\\\/wp-content\\\/uploads\\\/2023\\\/10\\\/2333-Ensemble-deux-glaive-Romain.jpg\",\"contentUrl\":\"https:\\\/\\\/repliquemangacine.fr\\\/wp-content\\\/uploads\\\/2023\\\/10\\\/2333-Ensemble-deux-glaive-Romain.jpg\",\"width\":600,\"height\":600,\"caption\":\"Ensemble deux glaives Romain\"},{\"@type\":\"BreadcrumbList\",\"@id\":\"https:\\\/\\\/repliquemangacine.fr\\\/epees-glaives-antique\\\/ensemble-deux-glaive-romain\\\/#breadcrumb\",\"itemListElement\":[{\"@type\":\"ListItem\",\"position\":1,\"name\":\"Accueil\",\"item\":\"https:\\\/\\\/repliquemangacine.fr\\\/\"},{\"@type\":\"ListItem\",\"position\":2,\"name\":\"Produits\",\"item\":\"https:\\\/\\\/repliquemangacine.fr\\\/boutique\\\/\"},{\"@type\":\"ListItem\",\"position\":3,\"name\":\"Ensemble deux glaives Romain\"}]},{\"@type\":\"WebSite\",\"@id\":\"https:\\\/\\\/repliquemangacine.fr\\\/#website\",\"url\":\"https:\\\/\\\/repliquemangacine.fr\\\/\",\"name\":\"R\u00e9plique Manga Cin\u00e9\",\"description\":\"\",\"publisher\":{\"@id\":\"https:\\\/\\\/repliquemangacine.fr\\\/#organization\"},\"potentialAction\":[{\"@type\":\"SearchAction\",\"target\":{\"@type\":\"EntryPoint\",\"urlTemplate\":\"https:\\\/\\\/repliquemangacine.fr\\\/?s={search_term_string}\"},\"query-input\":{\"@type\":\"PropertyValueSpecification\",\"valueRequired\":true,\"valueName\":\"search_term_string\"}}],\"inLanguage\":\"it-IT\"},{\"@type\":\"Organization\",\"@id\":\"https:\\\/\\\/repliquemangacine.fr\\\/#organization\",\"name\":\"R\u00e9plique Manga Cin\u00e9\",\"url\":\"https:\\\/\\\/repliquemangacine.fr\\\/\",\"logo\":{\"@type\":\"ImageObject\",\"inLanguage\":\"it-IT\",\"@id\":\"https:\\\/\\\/repliquemangacine.fr\\\/#\\\/schema\\\/logo\\\/image\\\/\",\"url\":\"https:\\\/\\\/repliquemangacine.fr\\\/wp-content\\\/uploads\\\/2023\\\/10\\\/RMC-500250.png\",\"contentUrl\":\"https:\\\/\\\/repliquemangacine.fr\\\/wp-content\\\/uploads\\\/2023\\\/10\\\/RMC-500250.png\",\"width\":500,\"height\":250,\"caption\":\"R\u00e9plique Manga Cin\u00e9\"},\"image\":{\"@id\":\"https:\\\/\\\/repliquemangacine.fr\\\/#\\\/schema\\\/logo\\\/image\\\/\"},\"sameAs\":[\"https:\\\/\\\/www.facebook.com\\\/RepliqueMangaCine\",\"https:\\\/\\\/www.instagram.com\\\/repliquemangacine.fr\\\/\"]}]}<\/script>\n<!-- \/ Yoast SEO plugin. -->","yoast_head_json":{"title":"Set di due spade romane - Vendita di spade antiche | RMC","description":"Regalategli questo set di due spade romane al miglior prezzo - Lame in acciaio pre-affilate - Fodero nero - Lunghezza totale di ogni spada: 66 cm","robots":{"index":"index","follow":"follow","max-snippet":"max-snippet:-1","max-image-preview":"max-image-preview:large","max-video-preview":"max-video-preview:-1"},"canonical":"https:\/\/repliquemangacine.fr\/it\/spade-antiche\/set-di-due-spade-romane\/","og_locale":"it_IT","og_type":"article","og_title":"Ensemble deux glaives Romain - Vente \u00e9p\u00e9e Antique | RMC","og_description":"Offrez-lui cet Ensemble de deux glaives Romain au meilleur prix - Lames acier pr\u00e9-aff\u00fbt\u00e9es - Fourreau noir - Longueur total de chaque \u00e9p\u00e9e : 66 cm","og_url":"https:\/\/repliquemangacine.fr\/it\/spade-antiche\/set-di-due-spade-romane\/","og_site_name":"R\u00e9plique Manga Cin\u00e9","article_publisher":"https:\/\/www.facebook.com\/RepliqueMangaCine","article_modified_time":"2026-04-17T14:12:02+00:00","og_image":[{"width":600,"height":600,"url":"https:\/\/repliquemangacine.fr\/wp-content\/uploads\/2023\/10\/2333-Ensemble-deux-glaive-Romain.jpg","type":"image\/jpeg"}],"twitter_card":"summary_large_image","twitter_misc":{"Tempo di lettura stimato":"2 minuti"},"schema":{"@context":"https:\/\/schema.org","@graph":[{"@type":"WebPage","@id":"https:\/\/repliquemangacine.fr\/epees-glaives-antique\/ensemble-deux-glaive-romain\/","url":"https:\/\/repliquemangacine.fr\/epees-glaives-antique\/ensemble-deux-glaive-romain\/","name":"Set di due spade romane - Vendita di spade antiche | RMC","isPartOf":{"@id":"https:\/\/repliquemangacine.fr\/#website"},"primaryImageOfPage":{"@id":"https:\/\/repliquemangacine.fr\/epees-glaives-antique\/ensemble-deux-glaive-romain\/#primaryimage"},"image":{"@id":"https:\/\/repliquemangacine.fr\/epees-glaives-antique\/ensemble-deux-glaive-romain\/#primaryimage"},"thumbnailUrl":"https:\/\/repliquemangacine.fr\/wp-content\/uploads\/2023\/10\/2333-Ensemble-deux-glaive-Romain.jpg","datePublished":"2017-10-21T17:44:59+00:00","dateModified":"2026-04-17T14:12:02+00:00","description":"Regalategli questo set di due spade romane al miglior prezzo - Lame in acciaio pre-affilate - Fodero nero - Lunghezza totale di ogni spada: 66 cm","breadcrumb":{"@id":"https:\/\/repliquemangacine.fr\/epees-glaives-antique\/ensemble-deux-glaive-romain\/#breadcrumb"},"inLanguage":"it-IT","potentialAction":[{"@type":"ReadAction","target":["https:\/\/repliquemangacine.fr\/epees-glaives-antique\/ensemble-deux-glaive-romain\/"]}]},{"@type":"ImageObject","inLanguage":"it-IT","@id":"https:\/\/repliquemangacine.fr\/epees-glaives-antique\/ensemble-deux-glaive-romain\/#primaryimage","url":"https:\/\/repliquemangacine.fr\/wp-content\/uploads\/2023\/10\/2333-Ensemble-deux-glaive-Romain.jpg","contentUrl":"https:\/\/repliquemangacine.fr\/wp-content\/uploads\/2023\/10\/2333-Ensemble-deux-glaive-Romain.jpg","width":600,"height":600,"caption":"Ensemble deux glaives Romain"},{"@type":"BreadcrumbList","@id":"https:\/\/repliquemangacine.fr\/epees-glaives-antique\/ensemble-deux-glaive-romain\/#breadcrumb","itemListElement":[{"@type":"ListItem","position":1,"name":"Accueil","item":"https:\/\/repliquemangacine.fr\/"},{"@type":"ListItem","position":2,"name":"Produits","item":"https:\/\/repliquemangacine.fr\/boutique\/"},{"@type":"ListItem","position":3,"name":"Ensemble deux glaives Romain"}]},{"@type":"WebSite","@id":"https:\/\/repliquemangacine.fr\/#website","url":"https:\/\/repliquemangacine.fr\/","name":"R\u00e9plique Manga Cin\u00e9","description":"","publisher":{"@id":"https:\/\/repliquemangacine.fr\/#organization"},"potentialAction":[{"@type":"SearchAction","target":{"@type":"EntryPoint","urlTemplate":"https:\/\/repliquemangacine.fr\/?s={search_term_string}"},"query-input":{"@type":"PropertyValueSpecification","valueRequired":true,"valueName":"search_term_string"}}],"inLanguage":"it-IT"},{"@type":"Organization","@id":"https:\/\/repliquemangacine.fr\/#organization","name":"R\u00e9plique Manga Cin\u00e9","url":"https:\/\/repliquemangacine.fr\/","logo":{"@type":"ImageObject","inLanguage":"it-IT","@id":"https:\/\/repliquemangacine.fr\/#\/schema\/logo\/image\/","url":"https:\/\/repliquemangacine.fr\/wp-content\/uploads\/2023\/10\/RMC-500250.png","contentUrl":"https:\/\/repliquemangacine.fr\/wp-content\/uploads\/2023\/10\/RMC-500250.png","width":500,"height":250,"caption":"R\u00e9plique Manga Cin\u00e9"},"image":{"@id":"https:\/\/repliquemangacine.fr\/#\/schema\/logo\/image\/"},"sameAs":["https:\/\/www.facebook.com\/RepliqueMangaCine","https:\/\/www.instagram.com\/repliquemangacine.fr\/"]}]}},"_links":{"self":[{"href":"https:\/\/repliquemangacine.fr\/it\/wp-json\/wp\/v2\/product\/27549","targetHints":{"allow":["GET"]}}],"collection":[{"href":"https:\/\/repliquemangacine.fr\/it\/wp-json\/wp\/v2\/product"}],"about":[{"href":"https:\/\/repliquemangacine.fr\/it\/wp-json\/wp\/v2\/types\/product"}],"wp:featuredmedia":[{"embeddable":true,"href":"https:\/\/repliquemangacine.fr\/it\/wp-json\/wp\/v2\/media\/27550"}],"wp:attachment":[{"href":"https:\/\/repliquemangacine.fr\/it\/wp-json\/wp\/v2\/media?parent=27549"}],"wp:term":[{"taxonomy":"product_brand","embeddable":true,"href":"https:\/\/repliquemangacine.fr\/it\/wp-json\/wp\/v2\/product_brand?post=27549"},{"taxonomy":"product_cat","embeddable":true,"href":"https:\/\/repliquemangacine.fr\/it\/wp-json\/wp\/v2\/product_cat?post=27549"},{"taxonomy":"product_tag","embeddable":true,"href":"https:\/\/repliquemangacine.fr\/it\/wp-json\/wp\/v2\/product_tag?post=27549"}],"curies":[{"name":"wp","href":"https:\/\/api.w.org\/{rel}","templated":true}]}}