





{"id":27518,"date":"2017-09-09T18:41:10","date_gmt":"2017-09-09T16:41:10","guid":{"rendered":"https:\/\/repliquemangacine.fr\/?post_type=product&#038;p=27518"},"modified":"2025-09-23T18:01:57","modified_gmt":"2025-09-23T16:01:57","slug":"conan-il-barbaro-spada-atlantidea","status":"publish","type":"product","link":"https:\/\/repliquemangacine.fr\/it\/katana-les-epees-de-films-et-series\/epee-conan-le-barbare-epee-atlantean\/","title":{"rendered":"Spada atlantidea di Conan il Barbaro"},"content":{"rendered":"<h2>Spada atlantidea di Conan il Barbaro su licenza ufficiale.<\/h2>\n<p>Per cominciare, il<strong>Spada di Conan Atlantidea<\/strong> il Barbaro, \u00e8 in licenza ufficiale <a href=\"https:\/\/www.windlass.com\/\" target=\"_blank\" rel=\"noopener noreferrer\">Studi Windlass<\/a>.<\/p>\n<p>Conan il Barbaro, un personaggio immaginario il cui primo racconto fu scritto da Robert E. Howard nel 1932. \u00c8 con questi racconti che Howard ha contribuito alla forma moderna del genere letterario del fantasy, essendo uno dei fondatori del fantasy eroico.<\/p>\n<p>Le avventure di Conan si svolgono in un passato mitico, creato da Howard, chiamato \u2019Et\u00e0 Hyboriana\u00ab. \u00c8 un barbaro della Cimmeria.<\/p>\n<p>Nel 1982 usc\u00ec Conan il barbaro di John Milius, con Arnold Schwarzenegger. Va notato che questo film non adatta nessuno dei racconti di Howard; solo alcune scene sono tratte dai testi originali e inserite nella sceneggiatura.<\/p>\n<h2>La tua spada Atlantean Conan al miglior prezzo.<\/h2>\n<p>Vi proponiamo un'ampia scelta di repliche di spade e oggetti da collezione dei vostri eroi cinematografici preferiti.<\/p>\n<p>Innanzitutto<\/p>\n<ul>\n<li>L'<a href=\"https:\/\/repliquemangacine.fr\/it\/altri-film-e-serie\/spada-katana-daywalker-blade\/\">Spada di Blade, Katana Daywalker<\/a> con la sua lama dritta e il fodero in lamiera per portarlo sulla schiena.<\/li>\n<li>Poi la spada<a href=\"https:\/\/repliquemangacine.fr\/it\/altri-film\/le-roi-arthur-excalibur-epee-de-legende\/\"> Excalibur<\/a> nel film \"La leggenda di Excalibur\".<\/li>\n<li>C'\u00e8 anche il<a href=\"https:\/\/repliquemangacine.fr\/it\/film-serie-tv-vendita-di-spade-katana-e-prodotti-correlati\/epee-du-pere-de-conan-le-barbare-conan-father-sword-epee-de-conan\/\">La spada del padre di Conan<\/a> con licenza ufficiale distribuita da Marto.<\/li>\n<li>E molti altri da scoprire nel nostro negozio online!<\/li>\n<\/ul>\n<p>Ecco quindi alcune fantastiche idee regalo per tutti gli amanti del mondo del cinema.<\/p>\n<p>In conclusione, \u00e8 possibile utilizzare l\u2019<strong>Spada di Conan Atlantidea<\/strong> per le vostre parate cosplay. Soprattutto, questa spada \u00e8 un oggetto da collezione con licenza ufficiale Windlass Studios.<\/p>\n<h2>Come faccio a mantenere la lama della mia spada?<\/h2>\n<p>Le spade da collezione e decorative sono realizzate e assemblate in modo semplificato. Poich\u00e9 il loro uso \u00e8 decorativo, non hanno le caratteristiche di sicurezza richieste per una spada giapponese destinata all'allenamento.<\/p>\n<p>Tuttavia, il vostro <strong>Spada di Conan Atlantidea<\/strong> a una lama d'acciaio che deve essere curata per evitare che si danneggi nel tempo. Quando si espone la katana, gli amici saranno curiosi di vedere la lama e di toccarla. \u00c8 qui che bisogna fare attenzione, perch\u00e9 l'acidit\u00e0 delle dita \u00e8 molto dannosa per l'acciaio, indipendentemente dalla sua qualit\u00e0.<\/p>\n<p>Tuttavia, se ci\u00f2 dovesse accadere, niente panico: basta un panno inumidito con un po' d'olio per eliminare le impronte. In questo modo, la spada durer\u00e0 a lungo.<\/p>","protected":false},"excerpt":{"rendered":"<p><strong>Replica identica della spada di Atlante in Conan il Barbaro.<\/strong><\/p>\n<ul>\n<li>Spada in acciaio ad alto tenore di carbonio, 1085, temperato a 52 HRC.<\/li>\n<li>Elsa e pomo in acciaio antico nel modello originale.<\/li>\n<li>Manico in metallo circondato da filo di cotone.<\/li>\n<li>Lama preaffilata con profonda incisione di rune.<\/li>\n<li>Licenza ufficiale con certificato di autenticit\u00e0 - Windlass Studios<\/li>\n<li>Lunghezza lama: 73 cm - Lunghezza totale: 103 cm<\/li>\n<\/ul>","protected":false},"featured_media":27519,"template":"","meta":[],"product_brand":[896],"product_cat":[91,66,24],"product_tag":[],"class_list":{"0":"post-27518","1":"product","2":"type-product","3":"status-publish","4":"has-post-thumbnail","6":"product_brand-replique-manga-cine","7":"product_cat-katana-les-epees-de-films-et-series","8":"product_cat-repliques-d-armes-films-et-series","9":"product_cat-films-series-tv-vente-de-katana-epee-et-produits-derives","11":"first","12":"outofstock","13":"taxable","14":"shipping-taxable","15":"purchasable","16":"product-type-simple"},"yoast_head":"<!-- This site is optimized with the Yoast SEO plugin v27.4 - https:\/\/yoast.com\/product\/yoast-seo-wordpress\/ -->\n<title>Ep\u00e9e Atlantean Conan le Barbare - R\u00e9plique Manga Cin\u00e9<\/title>\n<meta name=\"description\" content=\"R\u00e9plique exacte de l&#039;Ep\u00e9e Atlantean Conan utilis\u00e9e \u00e0 l&#039;\u00e9cran par Schwarzenegger. Licence officielle - Windlass et Museum replicas Limited - Envoi Gratuit\" \/>\n<meta name=\"robots\" content=\"index, follow, max-snippet:-1, max-image-preview:large, max-video-preview:-1\" \/>\n<link rel=\"canonical\" href=\"https:\/\/repliquemangacine.fr\/it\/spade-katana-da-film-e-serie\/conan-il-barbaro-spada-atlantidea\/\" \/>\n<meta property=\"og:locale\" content=\"it_IT\" \/>\n<meta property=\"og:type\" content=\"article\" \/>\n<meta property=\"og:title\" content=\"Ep\u00e9e Atlantean Conan le Barbare - R\u00e9plique Manga Cin\u00e9\" \/>\n<meta property=\"og:description\" content=\"R\u00e9plique exacte de l&#039;Ep\u00e9e Atlantean Conan utilis\u00e9e \u00e0 l&#039;\u00e9cran par Schwarzenegger. Licence officielle - Windlass et Museum replicas Limited - Envoi Gratuit\" \/>\n<meta property=\"og:url\" content=\"https:\/\/repliquemangacine.fr\/it\/spade-katana-da-film-e-serie\/conan-il-barbaro-spada-atlantidea\/\" \/>\n<meta property=\"og:site_name\" content=\"R\u00e9plique Manga Cin\u00e9\" \/>\n<meta property=\"article:publisher\" content=\"https:\/\/www.facebook.com\/RepliqueMangaCine\" \/>\n<meta property=\"article:modified_time\" content=\"2025-09-23T16:01:57+00:00\" \/>\n<meta property=\"og:image\" content=\"https:\/\/repliquemangacine.fr\/wp-content\/uploads\/2023\/10\/2302-Epee-Conan-le-Barbare-Epee-Atlantean.jpg\" \/>\n\t<meta property=\"og:image:width\" content=\"600\" \/>\n\t<meta property=\"og:image:height\" content=\"600\" \/>\n\t<meta property=\"og:image:type\" content=\"image\/jpeg\" \/>\n<meta name=\"twitter:card\" content=\"summary_large_image\" \/>\n<meta name=\"twitter:label1\" content=\"Tempo di lettura stimato\" \/>\n\t<meta name=\"twitter:data1\" content=\"2 minuti\" \/>\n<script type=\"application\/ld+json\" class=\"yoast-schema-graph\">{\"@context\":\"https:\\\/\\\/schema.org\",\"@graph\":[{\"@type\":\"WebPage\",\"@id\":\"https:\\\/\\\/repliquemangacine.fr\\\/katana-les-epees-de-films-et-series\\\/epee-conan-le-barbare-epee-atlantean\\\/\",\"url\":\"https:\\\/\\\/repliquemangacine.fr\\\/katana-les-epees-de-films-et-series\\\/epee-conan-le-barbare-epee-atlantean\\\/\",\"name\":\"Ep\u00e9e Atlantean Conan le Barbare - R\u00e9plique Manga Cin\u00e9\",\"isPartOf\":{\"@id\":\"https:\\\/\\\/repliquemangacine.fr\\\/#website\"},\"primaryImageOfPage\":{\"@id\":\"https:\\\/\\\/repliquemangacine.fr\\\/katana-les-epees-de-films-et-series\\\/epee-conan-le-barbare-epee-atlantean\\\/#primaryimage\"},\"image\":{\"@id\":\"https:\\\/\\\/repliquemangacine.fr\\\/katana-les-epees-de-films-et-series\\\/epee-conan-le-barbare-epee-atlantean\\\/#primaryimage\"},\"thumbnailUrl\":\"https:\\\/\\\/repliquemangacine.fr\\\/wp-content\\\/uploads\\\/2023\\\/10\\\/2302-Epee-Conan-le-Barbare-Epee-Atlantean.jpg\",\"datePublished\":\"2017-09-09T16:41:10+00:00\",\"dateModified\":\"2025-09-23T16:01:57+00:00\",\"description\":\"R\u00e9plique exacte de l'Ep\u00e9e Atlantean Conan utilis\u00e9e \u00e0 l'\u00e9cran par Schwarzenegger. Licence officielle - Windlass et Museum replicas Limited - Envoi Gratuit\",\"breadcrumb\":{\"@id\":\"https:\\\/\\\/repliquemangacine.fr\\\/katana-les-epees-de-films-et-series\\\/epee-conan-le-barbare-epee-atlantean\\\/#breadcrumb\"},\"inLanguage\":\"it-IT\",\"potentialAction\":[{\"@type\":\"ReadAction\",\"target\":[\"https:\\\/\\\/repliquemangacine.fr\\\/katana-les-epees-de-films-et-series\\\/epee-conan-le-barbare-epee-atlantean\\\/\"]}]},{\"@type\":\"ImageObject\",\"inLanguage\":\"it-IT\",\"@id\":\"https:\\\/\\\/repliquemangacine.fr\\\/katana-les-epees-de-films-et-series\\\/epee-conan-le-barbare-epee-atlantean\\\/#primaryimage\",\"url\":\"https:\\\/\\\/repliquemangacine.fr\\\/wp-content\\\/uploads\\\/2023\\\/10\\\/2302-Epee-Conan-le-Barbare-Epee-Atlantean.jpg\",\"contentUrl\":\"https:\\\/\\\/repliquemangacine.fr\\\/wp-content\\\/uploads\\\/2023\\\/10\\\/2302-Epee-Conan-le-Barbare-Epee-Atlantean.jpg\",\"width\":600,\"height\":600,\"caption\":\"Ep\u00e9e Conan le Barbare - Ep\u00e9e Atlantean\"},{\"@type\":\"BreadcrumbList\",\"@id\":\"https:\\\/\\\/repliquemangacine.fr\\\/katana-les-epees-de-films-et-series\\\/epee-conan-le-barbare-epee-atlantean\\\/#breadcrumb\",\"itemListElement\":[{\"@type\":\"ListItem\",\"position\":1,\"name\":\"Accueil\",\"item\":\"https:\\\/\\\/repliquemangacine.fr\\\/\"},{\"@type\":\"ListItem\",\"position\":2,\"name\":\"Produits\",\"item\":\"https:\\\/\\\/repliquemangacine.fr\\\/boutique\\\/\"},{\"@type\":\"ListItem\",\"position\":3,\"name\":\"Ep\u00e9e Atlantean Conan le Barbare\"}]},{\"@type\":\"WebSite\",\"@id\":\"https:\\\/\\\/repliquemangacine.fr\\\/#website\",\"url\":\"https:\\\/\\\/repliquemangacine.fr\\\/\",\"name\":\"R\u00e9plique Manga Cin\u00e9\",\"description\":\"\",\"publisher\":{\"@id\":\"https:\\\/\\\/repliquemangacine.fr\\\/#organization\"},\"potentialAction\":[{\"@type\":\"SearchAction\",\"target\":{\"@type\":\"EntryPoint\",\"urlTemplate\":\"https:\\\/\\\/repliquemangacine.fr\\\/?s={search_term_string}\"},\"query-input\":{\"@type\":\"PropertyValueSpecification\",\"valueRequired\":true,\"valueName\":\"search_term_string\"}}],\"inLanguage\":\"it-IT\"},{\"@type\":\"Organization\",\"@id\":\"https:\\\/\\\/repliquemangacine.fr\\\/#organization\",\"name\":\"R\u00e9plique Manga Cin\u00e9\",\"url\":\"https:\\\/\\\/repliquemangacine.fr\\\/\",\"logo\":{\"@type\":\"ImageObject\",\"inLanguage\":\"it-IT\",\"@id\":\"https:\\\/\\\/repliquemangacine.fr\\\/#\\\/schema\\\/logo\\\/image\\\/\",\"url\":\"https:\\\/\\\/repliquemangacine.fr\\\/wp-content\\\/uploads\\\/2023\\\/10\\\/RMC-500250.png\",\"contentUrl\":\"https:\\\/\\\/repliquemangacine.fr\\\/wp-content\\\/uploads\\\/2023\\\/10\\\/RMC-500250.png\",\"width\":500,\"height\":250,\"caption\":\"R\u00e9plique Manga Cin\u00e9\"},\"image\":{\"@id\":\"https:\\\/\\\/repliquemangacine.fr\\\/#\\\/schema\\\/logo\\\/image\\\/\"},\"sameAs\":[\"https:\\\/\\\/www.facebook.com\\\/RepliqueMangaCine\",\"https:\\\/\\\/www.instagram.com\\\/repliquemangacine.fr\\\/\"]}]}<\/script>\n<!-- \/ Yoast SEO plugin. -->","yoast_head_json":{"title":"Spada Atlantea Conan il Barbaro - R\u00e9plique Manga Cin\u00e9","description":"Replica esatta della spada atlantidea di Conan utilizzata sullo schermo da Schwarzenegger. Licenza ufficiale - Repliche al vento e al museo limitate - Spedizione gratuita","robots":{"index":"index","follow":"follow","max-snippet":"max-snippet:-1","max-image-preview":"max-image-preview:large","max-video-preview":"max-video-preview:-1"},"canonical":"https:\/\/repliquemangacine.fr\/it\/spade-katana-da-film-e-serie\/conan-il-barbaro-spada-atlantidea\/","og_locale":"it_IT","og_type":"article","og_title":"Ep\u00e9e Atlantean Conan le Barbare - R\u00e9plique Manga Cin\u00e9","og_description":"R\u00e9plique exacte de l'Ep\u00e9e Atlantean Conan utilis\u00e9e \u00e0 l'\u00e9cran par Schwarzenegger. Licence officielle - Windlass et Museum replicas Limited - Envoi Gratuit","og_url":"https:\/\/repliquemangacine.fr\/it\/spade-katana-da-film-e-serie\/conan-il-barbaro-spada-atlantidea\/","og_site_name":"R\u00e9plique Manga Cin\u00e9","article_publisher":"https:\/\/www.facebook.com\/RepliqueMangaCine","article_modified_time":"2025-09-23T16:01:57+00:00","og_image":[{"width":600,"height":600,"url":"https:\/\/repliquemangacine.fr\/wp-content\/uploads\/2023\/10\/2302-Epee-Conan-le-Barbare-Epee-Atlantean.jpg","type":"image\/jpeg"}],"twitter_card":"summary_large_image","twitter_misc":{"Tempo di lettura stimato":"2 minuti"},"schema":{"@context":"https:\/\/schema.org","@graph":[{"@type":"WebPage","@id":"https:\/\/repliquemangacine.fr\/katana-les-epees-de-films-et-series\/epee-conan-le-barbare-epee-atlantean\/","url":"https:\/\/repliquemangacine.fr\/katana-les-epees-de-films-et-series\/epee-conan-le-barbare-epee-atlantean\/","name":"Spada Atlantea Conan il Barbaro - R\u00e9plique Manga Cin\u00e9","isPartOf":{"@id":"https:\/\/repliquemangacine.fr\/#website"},"primaryImageOfPage":{"@id":"https:\/\/repliquemangacine.fr\/katana-les-epees-de-films-et-series\/epee-conan-le-barbare-epee-atlantean\/#primaryimage"},"image":{"@id":"https:\/\/repliquemangacine.fr\/katana-les-epees-de-films-et-series\/epee-conan-le-barbare-epee-atlantean\/#primaryimage"},"thumbnailUrl":"https:\/\/repliquemangacine.fr\/wp-content\/uploads\/2023\/10\/2302-Epee-Conan-le-Barbare-Epee-Atlantean.jpg","datePublished":"2017-09-09T16:41:10+00:00","dateModified":"2025-09-23T16:01:57+00:00","description":"Replica esatta della spada atlantidea di Conan utilizzata sullo schermo da Schwarzenegger. Licenza ufficiale - Repliche al vento e al museo limitate - Spedizione gratuita","breadcrumb":{"@id":"https:\/\/repliquemangacine.fr\/katana-les-epees-de-films-et-series\/epee-conan-le-barbare-epee-atlantean\/#breadcrumb"},"inLanguage":"it-IT","potentialAction":[{"@type":"ReadAction","target":["https:\/\/repliquemangacine.fr\/katana-les-epees-de-films-et-series\/epee-conan-le-barbare-epee-atlantean\/"]}]},{"@type":"ImageObject","inLanguage":"it-IT","@id":"https:\/\/repliquemangacine.fr\/katana-les-epees-de-films-et-series\/epee-conan-le-barbare-epee-atlantean\/#primaryimage","url":"https:\/\/repliquemangacine.fr\/wp-content\/uploads\/2023\/10\/2302-Epee-Conan-le-Barbare-Epee-Atlantean.jpg","contentUrl":"https:\/\/repliquemangacine.fr\/wp-content\/uploads\/2023\/10\/2302-Epee-Conan-le-Barbare-Epee-Atlantean.jpg","width":600,"height":600,"caption":"Ep\u00e9e Conan le Barbare - Ep\u00e9e Atlantean"},{"@type":"BreadcrumbList","@id":"https:\/\/repliquemangacine.fr\/katana-les-epees-de-films-et-series\/epee-conan-le-barbare-epee-atlantean\/#breadcrumb","itemListElement":[{"@type":"ListItem","position":1,"name":"Accueil","item":"https:\/\/repliquemangacine.fr\/"},{"@type":"ListItem","position":2,"name":"Produits","item":"https:\/\/repliquemangacine.fr\/boutique\/"},{"@type":"ListItem","position":3,"name":"Ep\u00e9e Atlantean Conan le Barbare"}]},{"@type":"WebSite","@id":"https:\/\/repliquemangacine.fr\/#website","url":"https:\/\/repliquemangacine.fr\/","name":"R\u00e9plique Manga Cin\u00e9","description":"","publisher":{"@id":"https:\/\/repliquemangacine.fr\/#organization"},"potentialAction":[{"@type":"SearchAction","target":{"@type":"EntryPoint","urlTemplate":"https:\/\/repliquemangacine.fr\/?s={search_term_string}"},"query-input":{"@type":"PropertyValueSpecification","valueRequired":true,"valueName":"search_term_string"}}],"inLanguage":"it-IT"},{"@type":"Organization","@id":"https:\/\/repliquemangacine.fr\/#organization","name":"R\u00e9plique Manga Cin\u00e9","url":"https:\/\/repliquemangacine.fr\/","logo":{"@type":"ImageObject","inLanguage":"it-IT","@id":"https:\/\/repliquemangacine.fr\/#\/schema\/logo\/image\/","url":"https:\/\/repliquemangacine.fr\/wp-content\/uploads\/2023\/10\/RMC-500250.png","contentUrl":"https:\/\/repliquemangacine.fr\/wp-content\/uploads\/2023\/10\/RMC-500250.png","width":500,"height":250,"caption":"R\u00e9plique Manga Cin\u00e9"},"image":{"@id":"https:\/\/repliquemangacine.fr\/#\/schema\/logo\/image\/"},"sameAs":["https:\/\/www.facebook.com\/RepliqueMangaCine","https:\/\/www.instagram.com\/repliquemangacine.fr\/"]}]}},"_links":{"self":[{"href":"https:\/\/repliquemangacine.fr\/it\/wp-json\/wp\/v2\/product\/27518","targetHints":{"allow":["GET"]}}],"collection":[{"href":"https:\/\/repliquemangacine.fr\/it\/wp-json\/wp\/v2\/product"}],"about":[{"href":"https:\/\/repliquemangacine.fr\/it\/wp-json\/wp\/v2\/types\/product"}],"wp:featuredmedia":[{"embeddable":true,"href":"https:\/\/repliquemangacine.fr\/it\/wp-json\/wp\/v2\/media\/27519"}],"wp:attachment":[{"href":"https:\/\/repliquemangacine.fr\/it\/wp-json\/wp\/v2\/media?parent=27518"}],"wp:term":[{"taxonomy":"product_brand","embeddable":true,"href":"https:\/\/repliquemangacine.fr\/it\/wp-json\/wp\/v2\/product_brand?post=27518"},{"taxonomy":"product_cat","embeddable":true,"href":"https:\/\/repliquemangacine.fr\/it\/wp-json\/wp\/v2\/product_cat?post=27518"},{"taxonomy":"product_tag","embeddable":true,"href":"https:\/\/repliquemangacine.fr\/it\/wp-json\/wp\/v2\/product_tag?post=27518"}],"curies":[{"name":"wp","href":"https:\/\/api.w.org\/{rel}","templated":true}]}}