





{"id":27508,"date":"2017-09-09T17:20:32","date_gmt":"2017-09-09T15:20:32","guid":{"rendered":"https:\/\/repliquemangacine.fr\/?post_type=product&#038;p=27508"},"modified":"2025-09-23T18:01:56","modified_gmt":"2025-09-23T16:01:56","slug":"conan-padre-spada-conan-il-barbaro-verricello","status":"publish","type":"product","link":"https:\/\/repliquemangacine.fr\/it\/katana-les-epees-de-films-et-series\/conan-father-sword-epee-conan-le-barbare-windlass\/","title":{"rendered":"Spada di Conan Padre Salpa"},"content":{"rendered":"<h2>La spada del padre di Conan Windlass<\/h2>\n<p>Per cominciare, il<strong>La spada del padre di Conan Windlass<\/strong>\u00c8 dotato di licenza ufficiale, con il numero di serie sulla lama. Prodotto da <a href=\"https:\/\/www.windlass.com\/\" target=\"_blank\" rel=\"noopener noreferrer\">Salpa ancora in acciaio<\/a>\u00ae India.<\/p>\n<p>Conan il Barbaro, un personaggio immaginario il cui primo racconto fu scritto da Robert E. Howard nel 1932. \u00c8 con questi racconti che Howard ha contribuito alla forma moderna del genere letterario del fantasy, essendo uno dei fondatori del fantasy eroico.<\/p>\n<p>Le avventure di Conan si svolgono in un passato mitico, creato da Howard, chiamato \u2019Et\u00e0 Hyboriana\u00ab.  Corin \u00e8 il padre di Conan.<\/p>\n<p>Scopriamo il film Conan il barbaro di John Milius con Arnold Schwarzenegger. Va notato che questo film non adatta nessuno dei racconti di Howard; solo alcune scene sono tratte dai testi originali e inserite nella sceneggiatura.<\/p>\n<h2>La tua Spada del Padre di Conan Windlass al miglior prezzo.<\/h2>\n<p>Vi proponiamo un'ampia scelta di repliche di spade e oggetti da collezione dei vostri eroi cinematografici preferiti.<\/p>\n<p>Innanzitutto<\/p>\n<ul>\n<li>L'<a href=\"https:\/\/repliquemangacine.fr\/it\/altri-film\/spada-valorosa-di-narnia\/\">spada valorosa<\/a> nel film \"Il mondo di Narnia\".<\/li>\n<li>Cos\u00ec come la spada<a href=\"https:\/\/repliquemangacine.fr\/it\/altri-film\/spada-highlander-di-connor-macleod\/\"> ufficiale di connor Macleod<\/a> firmato Marto.<\/li>\n<li>C'\u00e8 anche il<a href=\"https:\/\/repliquemangacine.fr\/it\/altri-film\/conan-il-barbaro-spada-atlantidea\/\">Spada di Conan Atlanteo<\/a> con licenza ufficiale distribuita da Windlass.<\/li>\n<li>E molti altri da scoprire nel nostro negozio online!<\/li>\n<\/ul>\n<p>Ecco quindi alcune fantastiche idee regalo per tutti gli amanti del mondo del cinema.<\/p>\n<p>In conclusione, \u00e8 possibile utilizzare questo <strong>La spada del padre di Conan Windlass<\/strong> per le vostre sfilate cosplay. Soprattutto, questa spada \u00e8 un oggetto da collezione con licenza ufficiale e certificato di autenticit\u00e0.<\/p>\n<h2>Come faccio a mantenere la lama della mia spada?<\/h2>\n<p>Le spade da collezione e decorative sono realizzate e assemblate in modo semplificato. In secondo luogo, essendo utilizzate a scopo decorativo, non hanno le caratteristiche di sicurezza richieste per una spada giapponese destinata all'allenamento.<\/p>\n<p>Tuttavia, il vostro <strong>La spada del padre di Conan Windlass<\/strong> a una lama d'acciaio che deve essere curata per evitare che si danneggi nel tempo. Quando si espone la katana, gli amici saranno curiosi di vedere la lama e di toccarla. \u00c8 qui che bisogna fare attenzione, perch\u00e9 l'acidit\u00e0 delle dita \u00e8 molto dannosa per l'acciaio, indipendentemente dalla sua qualit\u00e0.<\/p>\n<p>Tuttavia, se ci\u00f2 dovesse accadere, niente panico: basta un panno inumidito con un po' d'olio per eliminare le impronte. In questo modo, la spada durer\u00e0 a lungo.<\/p>","protected":false},"excerpt":{"rendered":"<p>Spada del padre di Conan nel film Conan il barbaro. Prodotto da Windlass Steelcrafts\u00ae India.<\/p>\n<ul>\n<li>Spada in acciaio ad alto tenore di carbonio, 1085, temperato a 52 HRC.<\/li>\n<li>Riprodotto dai maestri artigiani di Windlass Steelcrafts come replica esatta della spada utilizzata sullo schermo.<\/li>\n<li>Elsa e pomo in acciaio antico ricavati dalla fusione originale.<\/li>\n<li>Manico in metallo con intreccio in vera pelle.<\/li>\n<li>Lama preaffilata con incisione di rune.<\/li>\n<li>Scatola da collezione<\/li>\n<li>Su licenza ufficiale.<\/li>\n<li>Certificato di autenticit\u00e0 di Windlass Studios.<\/li>\n<li>Lunghezza totale: 96 cm<\/li>\n<\/ul>","protected":false},"featured_media":27509,"template":"","meta":[],"product_brand":[896],"product_cat":[91,66,24],"product_tag":[],"class_list":{"0":"post-27508","1":"product","2":"type-product","3":"status-publish","4":"has-post-thumbnail","6":"product_brand-replique-manga-cine","7":"product_cat-katana-les-epees-de-films-et-series","8":"product_cat-repliques-d-armes-films-et-series","9":"product_cat-films-series-tv-vente-de-katana-epee-et-produits-derives","11":"first","12":"outofstock","13":"taxable","14":"shipping-taxable","15":"purchasable","16":"product-type-simple"},"yoast_head":"<!-- This site is optimized with the Yoast SEO plugin v27.4 - https:\/\/yoast.com\/product\/yoast-seo-wordpress\/ -->\n<title>Ep\u00e9e du p\u00e8re de Conan Windlass | R\u00e9plique Manga Cin\u00e9<\/title>\n<meta name=\"description\" content=\"Offrez-vous l&#039;Ep\u00e9e du p\u00e8re de Conan Windlass au meilleur prix - Lame en acier carbone - Garde et pommeau acier vieilli - Licence Officielle - 96 cm\" \/>\n<meta name=\"robots\" content=\"index, follow, max-snippet:-1, max-image-preview:large, max-video-preview:-1\" \/>\n<link rel=\"canonical\" href=\"https:\/\/repliquemangacine.fr\/it\/spade-katana-da-film-e-serie\/conan-padre-spada-conan-il-barbaro-verricello\/\" \/>\n<meta property=\"og:locale\" content=\"it_IT\" \/>\n<meta property=\"og:type\" content=\"article\" \/>\n<meta property=\"og:title\" content=\"Ep\u00e9e du p\u00e8re de Conan Windlass | R\u00e9plique Manga Cin\u00e9\" \/>\n<meta property=\"og:description\" content=\"Offrez-vous l&#039;Ep\u00e9e du p\u00e8re de Conan Windlass au meilleur prix - Lame en acier carbone - Garde et pommeau acier vieilli - Licence Officielle - 96 cm\" \/>\n<meta property=\"og:url\" content=\"https:\/\/repliquemangacine.fr\/it\/spade-katana-da-film-e-serie\/conan-padre-spada-conan-il-barbaro-verricello\/\" \/>\n<meta property=\"og:site_name\" content=\"R\u00e9plique Manga Cin\u00e9\" \/>\n<meta property=\"article:publisher\" content=\"https:\/\/www.facebook.com\/RepliqueMangaCine\" \/>\n<meta property=\"article:modified_time\" content=\"2025-09-23T16:01:56+00:00\" \/>\n<meta property=\"og:image\" content=\"https:\/\/repliquemangacine.fr\/wp-content\/uploads\/2023\/10\/2294-Conan-Father-Sword-Epee-Conan-le-Barbare.jpg\" \/>\n\t<meta property=\"og:image:width\" content=\"600\" \/>\n\t<meta property=\"og:image:height\" content=\"600\" \/>\n\t<meta property=\"og:image:type\" content=\"image\/jpeg\" \/>\n<meta name=\"twitter:card\" content=\"summary_large_image\" \/>\n<meta name=\"twitter:label1\" content=\"Tempo di lettura stimato\" \/>\n\t<meta name=\"twitter:data1\" content=\"2 minuti\" \/>\n<script type=\"application\/ld+json\" class=\"yoast-schema-graph\">{\"@context\":\"https:\\\/\\\/schema.org\",\"@graph\":[{\"@type\":\"WebPage\",\"@id\":\"https:\\\/\\\/repliquemangacine.fr\\\/katana-les-epees-de-films-et-series\\\/conan-father-sword-epee-conan-le-barbare-windlass\\\/\",\"url\":\"https:\\\/\\\/repliquemangacine.fr\\\/katana-les-epees-de-films-et-series\\\/conan-father-sword-epee-conan-le-barbare-windlass\\\/\",\"name\":\"Ep\u00e9e du p\u00e8re de Conan Windlass | R\u00e9plique Manga Cin\u00e9\",\"isPartOf\":{\"@id\":\"https:\\\/\\\/repliquemangacine.fr\\\/#website\"},\"primaryImageOfPage\":{\"@id\":\"https:\\\/\\\/repliquemangacine.fr\\\/katana-les-epees-de-films-et-series\\\/conan-father-sword-epee-conan-le-barbare-windlass\\\/#primaryimage\"},\"image\":{\"@id\":\"https:\\\/\\\/repliquemangacine.fr\\\/katana-les-epees-de-films-et-series\\\/conan-father-sword-epee-conan-le-barbare-windlass\\\/#primaryimage\"},\"thumbnailUrl\":\"https:\\\/\\\/repliquemangacine.fr\\\/wp-content\\\/uploads\\\/2023\\\/10\\\/2294-Conan-Father-Sword-Epee-Conan-le-Barbare.jpg\",\"datePublished\":\"2017-09-09T15:20:32+00:00\",\"dateModified\":\"2025-09-23T16:01:56+00:00\",\"description\":\"Offrez-vous l'Ep\u00e9e du p\u00e8re de Conan Windlass au meilleur prix - Lame en acier carbone - Garde et pommeau acier vieilli - Licence Officielle - 96 cm\",\"breadcrumb\":{\"@id\":\"https:\\\/\\\/repliquemangacine.fr\\\/katana-les-epees-de-films-et-series\\\/conan-father-sword-epee-conan-le-barbare-windlass\\\/#breadcrumb\"},\"inLanguage\":\"it-IT\",\"potentialAction\":[{\"@type\":\"ReadAction\",\"target\":[\"https:\\\/\\\/repliquemangacine.fr\\\/katana-les-epees-de-films-et-series\\\/conan-father-sword-epee-conan-le-barbare-windlass\\\/\"]}]},{\"@type\":\"ImageObject\",\"inLanguage\":\"it-IT\",\"@id\":\"https:\\\/\\\/repliquemangacine.fr\\\/katana-les-epees-de-films-et-series\\\/conan-father-sword-epee-conan-le-barbare-windlass\\\/#primaryimage\",\"url\":\"https:\\\/\\\/repliquemangacine.fr\\\/wp-content\\\/uploads\\\/2023\\\/10\\\/2294-Conan-Father-Sword-Epee-Conan-le-Barbare.jpg\",\"contentUrl\":\"https:\\\/\\\/repliquemangacine.fr\\\/wp-content\\\/uploads\\\/2023\\\/10\\\/2294-Conan-Father-Sword-Epee-Conan-le-Barbare.jpg\",\"width\":600,\"height\":600,\"caption\":\"Conan Father Sword- Ep\u00e9e Conan le Barbare\"},{\"@type\":\"BreadcrumbList\",\"@id\":\"https:\\\/\\\/repliquemangacine.fr\\\/katana-les-epees-de-films-et-series\\\/conan-father-sword-epee-conan-le-barbare-windlass\\\/#breadcrumb\",\"itemListElement\":[{\"@type\":\"ListItem\",\"position\":1,\"name\":\"Accueil\",\"item\":\"https:\\\/\\\/repliquemangacine.fr\\\/\"},{\"@type\":\"ListItem\",\"position\":2,\"name\":\"Produits\",\"item\":\"https:\\\/\\\/repliquemangacine.fr\\\/boutique\\\/\"},{\"@type\":\"ListItem\",\"position\":3,\"name\":\"Conan Father Sword Windlass\"}]},{\"@type\":\"WebSite\",\"@id\":\"https:\\\/\\\/repliquemangacine.fr\\\/#website\",\"url\":\"https:\\\/\\\/repliquemangacine.fr\\\/\",\"name\":\"R\u00e9plique Manga Cin\u00e9\",\"description\":\"\",\"publisher\":{\"@id\":\"https:\\\/\\\/repliquemangacine.fr\\\/#organization\"},\"potentialAction\":[{\"@type\":\"SearchAction\",\"target\":{\"@type\":\"EntryPoint\",\"urlTemplate\":\"https:\\\/\\\/repliquemangacine.fr\\\/?s={search_term_string}\"},\"query-input\":{\"@type\":\"PropertyValueSpecification\",\"valueRequired\":true,\"valueName\":\"search_term_string\"}}],\"inLanguage\":\"it-IT\"},{\"@type\":\"Organization\",\"@id\":\"https:\\\/\\\/repliquemangacine.fr\\\/#organization\",\"name\":\"R\u00e9plique Manga Cin\u00e9\",\"url\":\"https:\\\/\\\/repliquemangacine.fr\\\/\",\"logo\":{\"@type\":\"ImageObject\",\"inLanguage\":\"it-IT\",\"@id\":\"https:\\\/\\\/repliquemangacine.fr\\\/#\\\/schema\\\/logo\\\/image\\\/\",\"url\":\"https:\\\/\\\/repliquemangacine.fr\\\/wp-content\\\/uploads\\\/2023\\\/10\\\/RMC-500250.png\",\"contentUrl\":\"https:\\\/\\\/repliquemangacine.fr\\\/wp-content\\\/uploads\\\/2023\\\/10\\\/RMC-500250.png\",\"width\":500,\"height\":250,\"caption\":\"R\u00e9plique Manga Cin\u00e9\"},\"image\":{\"@id\":\"https:\\\/\\\/repliquemangacine.fr\\\/#\\\/schema\\\/logo\\\/image\\\/\"},\"sameAs\":[\"https:\\\/\\\/www.facebook.com\\\/RepliqueMangaCine\",\"https:\\\/\\\/www.instagram.com\\\/repliquemangacine.fr\\\/\"]}]}<\/script>\n<!-- \/ Yoast SEO plugin. -->","yoast_head_json":{"title":"Spada del padre di Conan Windlass | R\u00e9plique Manga Cin\u00e9","description":"Regalati la Spada del padre di Conan Windlass al miglior prezzo - Lama in acciaio al carbonio - Elsa e pomo in acciaio invecchiato - Licenza ufficiale - 96 cm","robots":{"index":"index","follow":"follow","max-snippet":"max-snippet:-1","max-image-preview":"max-image-preview:large","max-video-preview":"max-video-preview:-1"},"canonical":"https:\/\/repliquemangacine.fr\/it\/spade-katana-da-film-e-serie\/conan-padre-spada-conan-il-barbaro-verricello\/","og_locale":"it_IT","og_type":"article","og_title":"Ep\u00e9e du p\u00e8re de Conan Windlass | R\u00e9plique Manga Cin\u00e9","og_description":"Offrez-vous l'Ep\u00e9e du p\u00e8re de Conan Windlass au meilleur prix - Lame en acier carbone - Garde et pommeau acier vieilli - Licence Officielle - 96 cm","og_url":"https:\/\/repliquemangacine.fr\/it\/spade-katana-da-film-e-serie\/conan-padre-spada-conan-il-barbaro-verricello\/","og_site_name":"R\u00e9plique Manga Cin\u00e9","article_publisher":"https:\/\/www.facebook.com\/RepliqueMangaCine","article_modified_time":"2025-09-23T16:01:56+00:00","og_image":[{"width":600,"height":600,"url":"https:\/\/repliquemangacine.fr\/wp-content\/uploads\/2023\/10\/2294-Conan-Father-Sword-Epee-Conan-le-Barbare.jpg","type":"image\/jpeg"}],"twitter_card":"summary_large_image","twitter_misc":{"Tempo di lettura stimato":"2 minuti"},"schema":{"@context":"https:\/\/schema.org","@graph":[{"@type":"WebPage","@id":"https:\/\/repliquemangacine.fr\/katana-les-epees-de-films-et-series\/conan-father-sword-epee-conan-le-barbare-windlass\/","url":"https:\/\/repliquemangacine.fr\/katana-les-epees-de-films-et-series\/conan-father-sword-epee-conan-le-barbare-windlass\/","name":"Spada del padre di Conan Windlass | R\u00e9plique Manga Cin\u00e9","isPartOf":{"@id":"https:\/\/repliquemangacine.fr\/#website"},"primaryImageOfPage":{"@id":"https:\/\/repliquemangacine.fr\/katana-les-epees-de-films-et-series\/conan-father-sword-epee-conan-le-barbare-windlass\/#primaryimage"},"image":{"@id":"https:\/\/repliquemangacine.fr\/katana-les-epees-de-films-et-series\/conan-father-sword-epee-conan-le-barbare-windlass\/#primaryimage"},"thumbnailUrl":"https:\/\/repliquemangacine.fr\/wp-content\/uploads\/2023\/10\/2294-Conan-Father-Sword-Epee-Conan-le-Barbare.jpg","datePublished":"2017-09-09T15:20:32+00:00","dateModified":"2025-09-23T16:01:56+00:00","description":"Regalati la Spada del padre di Conan Windlass al miglior prezzo - Lama in acciaio al carbonio - Elsa e pomo in acciaio invecchiato - Licenza ufficiale - 96 cm","breadcrumb":{"@id":"https:\/\/repliquemangacine.fr\/katana-les-epees-de-films-et-series\/conan-father-sword-epee-conan-le-barbare-windlass\/#breadcrumb"},"inLanguage":"it-IT","potentialAction":[{"@type":"ReadAction","target":["https:\/\/repliquemangacine.fr\/katana-les-epees-de-films-et-series\/conan-father-sword-epee-conan-le-barbare-windlass\/"]}]},{"@type":"ImageObject","inLanguage":"it-IT","@id":"https:\/\/repliquemangacine.fr\/katana-les-epees-de-films-et-series\/conan-father-sword-epee-conan-le-barbare-windlass\/#primaryimage","url":"https:\/\/repliquemangacine.fr\/wp-content\/uploads\/2023\/10\/2294-Conan-Father-Sword-Epee-Conan-le-Barbare.jpg","contentUrl":"https:\/\/repliquemangacine.fr\/wp-content\/uploads\/2023\/10\/2294-Conan-Father-Sword-Epee-Conan-le-Barbare.jpg","width":600,"height":600,"caption":"Conan Father Sword- Ep\u00e9e Conan le Barbare"},{"@type":"BreadcrumbList","@id":"https:\/\/repliquemangacine.fr\/katana-les-epees-de-films-et-series\/conan-father-sword-epee-conan-le-barbare-windlass\/#breadcrumb","itemListElement":[{"@type":"ListItem","position":1,"name":"Accueil","item":"https:\/\/repliquemangacine.fr\/"},{"@type":"ListItem","position":2,"name":"Produits","item":"https:\/\/repliquemangacine.fr\/boutique\/"},{"@type":"ListItem","position":3,"name":"Conan Father Sword Windlass"}]},{"@type":"WebSite","@id":"https:\/\/repliquemangacine.fr\/#website","url":"https:\/\/repliquemangacine.fr\/","name":"R\u00e9plique Manga Cin\u00e9","description":"","publisher":{"@id":"https:\/\/repliquemangacine.fr\/#organization"},"potentialAction":[{"@type":"SearchAction","target":{"@type":"EntryPoint","urlTemplate":"https:\/\/repliquemangacine.fr\/?s={search_term_string}"},"query-input":{"@type":"PropertyValueSpecification","valueRequired":true,"valueName":"search_term_string"}}],"inLanguage":"it-IT"},{"@type":"Organization","@id":"https:\/\/repliquemangacine.fr\/#organization","name":"R\u00e9plique Manga Cin\u00e9","url":"https:\/\/repliquemangacine.fr\/","logo":{"@type":"ImageObject","inLanguage":"it-IT","@id":"https:\/\/repliquemangacine.fr\/#\/schema\/logo\/image\/","url":"https:\/\/repliquemangacine.fr\/wp-content\/uploads\/2023\/10\/RMC-500250.png","contentUrl":"https:\/\/repliquemangacine.fr\/wp-content\/uploads\/2023\/10\/RMC-500250.png","width":500,"height":250,"caption":"R\u00e9plique Manga Cin\u00e9"},"image":{"@id":"https:\/\/repliquemangacine.fr\/#\/schema\/logo\/image\/"},"sameAs":["https:\/\/www.facebook.com\/RepliqueMangaCine","https:\/\/www.instagram.com\/repliquemangacine.fr\/"]}]}},"_links":{"self":[{"href":"https:\/\/repliquemangacine.fr\/it\/wp-json\/wp\/v2\/product\/27508","targetHints":{"allow":["GET"]}}],"collection":[{"href":"https:\/\/repliquemangacine.fr\/it\/wp-json\/wp\/v2\/product"}],"about":[{"href":"https:\/\/repliquemangacine.fr\/it\/wp-json\/wp\/v2\/types\/product"}],"wp:featuredmedia":[{"embeddable":true,"href":"https:\/\/repliquemangacine.fr\/it\/wp-json\/wp\/v2\/media\/27509"}],"wp:attachment":[{"href":"https:\/\/repliquemangacine.fr\/it\/wp-json\/wp\/v2\/media?parent=27508"}],"wp:term":[{"taxonomy":"product_brand","embeddable":true,"href":"https:\/\/repliquemangacine.fr\/it\/wp-json\/wp\/v2\/product_brand?post=27508"},{"taxonomy":"product_cat","embeddable":true,"href":"https:\/\/repliquemangacine.fr\/it\/wp-json\/wp\/v2\/product_cat?post=27508"},{"taxonomy":"product_tag","embeddable":true,"href":"https:\/\/repliquemangacine.fr\/it\/wp-json\/wp\/v2\/product_tag?post=27508"}],"curies":[{"name":"wp","href":"https:\/\/api.w.org\/{rel}","templated":true}]}}