





{"id":27499,"date":"2017-08-21T18:50:23","date_gmt":"2017-08-21T16:50:23","guid":{"rendered":"https:\/\/repliquemangacine.fr\/?post_type=product&#038;p=27499"},"modified":"2026-02-24T10:26:40","modified_gmt":"2026-02-24T09:26:40","slug":"pistola-con-ascia-da-pirata-del-xviii-secolo","status":"publish","type":"product","link":"https:\/\/repliquemangacine.fr\/it\/armes-de-pirates\/pistolet-hache-pirates-18eme-siecle\/","title":{"rendered":"Pistola con ascia dei pirati"},"content":{"rendered":"<h2>Pistola ad ascia dei pirati in Assassin's Creed Unity<\/h2>\n<p>Per cominciare, il <strong>Pistola con ascia dei pirati<\/strong>l'ascia da fuoco in Assassin's Creed Unity: Dead Kings \u00e8 realizzata da <a href=\"https:\/\/www.denix.fr\/fr\/catalogue\/armes-historiques-s-xvi-xix\/pistolets\/1010\/\" target=\"_blank\" rel=\"noopener noreferrer\">Denix<\/a>.<\/p>\n<p>Assassin's Creed: Unity, videogioco d'azione e avventura open-world uscito il 13 novembre 2014, in esclusiva per le console di nuova generazione. \u00c8 l'ottava opera principale della serie e segue Assassin's Creed: Rogue.<\/p>\n<p>Ambientato nella Francia rivoluzionaria, il gioco segue il viaggio di Arno Dorian, un giovane nobile che si unisce alla Confraternita degli Assassini nella speranza di scoprire l'identit\u00e0 dell'assassino del suo tutore e protettore in nome di \u00c9lise de la Serre, figlia di quest'ultimo e membro dell'Ordine dei Templari.<\/p>\n<h2>Il tuo Pirates Axe Gun al miglior prezzo.<\/h2>\n<p>Vi presentiamo tutte le repliche del vostro videogioco preferito Assassin's Creed.<\/p>\n<p>Innanzitutto,<\/p>\n<ul>\n<li>Il Tomahawk dell'Assassino, usato dall'Assassino Mohawk Connor Kenway.<\/li>\n<li>Ma anche il <a href=\"https:\/\/repliquemangacine.fr\/it\/assassins-creed\/assassin-s-creed-pugnale-altair\/\">Il pugnale della spada<\/a> di Altair.<\/li>\n<li>E molti altri da scoprire nel nostro negozio online!<\/li>\n<\/ul>\n<p>Se siete fan di Assassin's Creed, questa pistola \u00e8 un'ottima aggiunta al vostro arsenale. Ecco perch\u00e9 \u00e8 un'ottima idea regalo per i fan.<\/p>\n<p>In conclusione, \u00e8 possibile utilizzare questo <strong>Pistola con ascia dei pirati<\/strong> per le sfilate di cosplay o le feste a tema. Ma soprattutto, questa replica di Assassin's Creed Unity \u00e8 un oggetto da collezione, oltre che un pezzo decorativo.<\/p>\n<h2>Come si effettua la manutenzione della lama dell'ascia?<\/h2>\n<p>Le armi da collezione e decorative sono fabbricate e assemblate in modo semplificato. Essendo destinate a scopi decorativi, non dispongono degli elementi di sicurezza necessari per una spada giapponese destinata all'allenamento.<\/p>\n<p>Tuttavia, il vostro <strong>Pistola con ascia dei pirati<\/strong> a una lama d'acciaio che deve essere curata per evitare che si danneggi nel tempo. Quando si espone la katana, gli amici saranno curiosi di vedere la lama e di toccarla. \u00c8 qui che bisogna fare attenzione, perch\u00e9 l'acidit\u00e0 delle dita \u00e8 molto dannosa per l'acciaio, indipendentemente dalla sua qualit\u00e0.<\/p>\n<p>Tuttavia, se ci\u00f2 dovesse accadere, niente panico: basta un panno inumidito con un po' d'olio per eliminare le impronte. In questo modo, la spada durer\u00e0 a lungo.<\/p>","protected":false},"excerpt":{"rendered":"<p>Vivi le avventure dei mari caraibici con questa pistola ad ascia DENIX!<\/p>\n<ul>\n<li>Albero in legno massiccio con ornamenti in metallo inciso.<\/li>\n<li>Meccanismo, canna e ascia in acciaio invecchiato.<\/li>\n<li>Il meccanismo funziona, ma non spara.<\/li>\n<li>Per un maggiore realismo si possono usare i petardi rif.48.<\/li>\n<li>Dimensioni: 54,5 cm - Peso: 1290 grammi<\/li>\n<\/ul>\n<p><iframe src=\"https:\/\/www.youtube.com\/embed\/uy6SwJrLs5E\" width=\"340\" height=\"191\" frameborder=\"0\"><\/iframe><\/p>","protected":false},"featured_media":27500,"template":"","meta":[],"product_brand":[896],"product_cat":[836,49,25,48,102,23,52,114,28],"product_tag":[],"class_list":{"0":"post-27499","1":"product","2":"type-product","3":"status-publish","4":"has-post-thumbnail","6":"product_brand-replique-manga-cine","7":"product_cat-armes-assassins-creed","8":"product_cat-armes-de-pirates","9":"product_cat-armes-historiques","10":"product_cat-epees-assassins-creed-armes-assassins-creed","11":"product_cat-denix","12":"product_cat-repliques-manga-jeux-video","13":"product_cat-pistolet-ancien","14":"product_cat-pistolet-pirate","15":"product_cat-repliques-darmes","17":"first","18":"instock","19":"sale","20":"taxable","21":"shipping-taxable","22":"purchasable","23":"product-type-simple"},"yoast_head":"<!-- This site is optimized with the Yoast SEO plugin v27.4 - https:\/\/yoast.com\/product\/yoast-seo-wordpress\/ -->\n<title>Pistolet Hache Pirates - Gun axe - Boutique en ligne | RMC<\/title>\n<meta name=\"description\" content=\"Vivez les aventures des mers des Cara\u00efbes avec ce Pistolet Hache Pirates au meilleur prix - Lame acier - Longueur totale : 54.5 cm - Envoi 24\/48h\" \/>\n<meta name=\"robots\" content=\"index, follow, max-snippet:-1, max-image-preview:large, max-video-preview:-1\" \/>\n<link rel=\"canonical\" href=\"https:\/\/repliquemangacine.fr\/it\/armi-pirata\/pistola-con-ascia-da-pirata-del-xviii-secolo\/\" \/>\n<meta property=\"og:locale\" content=\"it_IT\" \/>\n<meta property=\"og:type\" content=\"article\" \/>\n<meta property=\"og:title\" content=\"Pistolet Hache Pirates - Gun axe - Boutique en ligne | RMC\" \/>\n<meta property=\"og:description\" content=\"Vivez les aventures des mers des Cara\u00efbes avec ce Pistolet Hache Pirates au meilleur prix - Lame acier - Longueur totale : 54.5 cm - Envoi 24\/48h\" \/>\n<meta property=\"og:url\" content=\"https:\/\/repliquemangacine.fr\/it\/armi-pirata\/pistola-con-ascia-da-pirata-del-xviii-secolo\/\" \/>\n<meta property=\"og:site_name\" content=\"R\u00e9plique Manga Cin\u00e9\" \/>\n<meta property=\"article:publisher\" content=\"https:\/\/www.facebook.com\/RepliqueMangaCine\" \/>\n<meta property=\"article:modified_time\" content=\"2026-02-24T09:26:40+00:00\" \/>\n<meta property=\"og:image\" content=\"https:\/\/repliquemangacine.fr\/wp-content\/uploads\/2023\/10\/2288-Pistolet-hache-pirates-18eme-siecle.jpg\" \/>\n\t<meta property=\"og:image:width\" content=\"600\" \/>\n\t<meta property=\"og:image:height\" content=\"600\" \/>\n\t<meta property=\"og:image:type\" content=\"image\/jpeg\" \/>\n<meta name=\"twitter:card\" content=\"summary_large_image\" \/>\n<meta name=\"twitter:label1\" content=\"Tempo di lettura stimato\" \/>\n\t<meta name=\"twitter:data1\" content=\"2 minuti\" \/>\n<script type=\"application\/ld+json\" class=\"yoast-schema-graph\">{\"@context\":\"https:\\\/\\\/schema.org\",\"@graph\":[{\"@type\":\"WebPage\",\"@id\":\"https:\\\/\\\/repliquemangacine.fr\\\/armes-de-pirates\\\/pistolet-hache-pirates-18eme-siecle\\\/\",\"url\":\"https:\\\/\\\/repliquemangacine.fr\\\/armes-de-pirates\\\/pistolet-hache-pirates-18eme-siecle\\\/\",\"name\":\"Pistolet Hache Pirates - Gun axe - Boutique en ligne | RMC\",\"isPartOf\":{\"@id\":\"https:\\\/\\\/repliquemangacine.fr\\\/#website\"},\"primaryImageOfPage\":{\"@id\":\"https:\\\/\\\/repliquemangacine.fr\\\/armes-de-pirates\\\/pistolet-hache-pirates-18eme-siecle\\\/#primaryimage\"},\"image\":{\"@id\":\"https:\\\/\\\/repliquemangacine.fr\\\/armes-de-pirates\\\/pistolet-hache-pirates-18eme-siecle\\\/#primaryimage\"},\"thumbnailUrl\":\"https:\\\/\\\/repliquemangacine.fr\\\/wp-content\\\/uploads\\\/2023\\\/10\\\/2288-Pistolet-hache-pirates-18eme-siecle.jpg\",\"datePublished\":\"2017-08-21T16:50:23+00:00\",\"dateModified\":\"2026-02-24T09:26:40+00:00\",\"description\":\"Vivez les aventures des mers des Cara\u00efbes avec ce Pistolet Hache Pirates au meilleur prix - Lame acier - Longueur totale : 54.5 cm - Envoi 24\\\/48h\",\"breadcrumb\":{\"@id\":\"https:\\\/\\\/repliquemangacine.fr\\\/armes-de-pirates\\\/pistolet-hache-pirates-18eme-siecle\\\/#breadcrumb\"},\"inLanguage\":\"it-IT\",\"potentialAction\":[{\"@type\":\"ReadAction\",\"target\":[\"https:\\\/\\\/repliquemangacine.fr\\\/armes-de-pirates\\\/pistolet-hache-pirates-18eme-siecle\\\/\"]}]},{\"@type\":\"ImageObject\",\"inLanguage\":\"it-IT\",\"@id\":\"https:\\\/\\\/repliquemangacine.fr\\\/armes-de-pirates\\\/pistolet-hache-pirates-18eme-siecle\\\/#primaryimage\",\"url\":\"https:\\\/\\\/repliquemangacine.fr\\\/wp-content\\\/uploads\\\/2023\\\/10\\\/2288-Pistolet-hache-pirates-18eme-siecle.jpg\",\"contentUrl\":\"https:\\\/\\\/repliquemangacine.fr\\\/wp-content\\\/uploads\\\/2023\\\/10\\\/2288-Pistolet-hache-pirates-18eme-siecle.jpg\",\"width\":600,\"height\":600,\"caption\":\"Pistolet hache pirates 18\u00e8me si\u00e8cle\"},{\"@type\":\"BreadcrumbList\",\"@id\":\"https:\\\/\\\/repliquemangacine.fr\\\/armes-de-pirates\\\/pistolet-hache-pirates-18eme-siecle\\\/#breadcrumb\",\"itemListElement\":[{\"@type\":\"ListItem\",\"position\":1,\"name\":\"Accueil\",\"item\":\"https:\\\/\\\/repliquemangacine.fr\\\/\"},{\"@type\":\"ListItem\",\"position\":2,\"name\":\"Produits\",\"item\":\"https:\\\/\\\/repliquemangacine.fr\\\/boutique\\\/\"},{\"@type\":\"ListItem\",\"position\":3,\"name\":\"Pistolet Hache Pirates\"}]},{\"@type\":\"WebSite\",\"@id\":\"https:\\\/\\\/repliquemangacine.fr\\\/#website\",\"url\":\"https:\\\/\\\/repliquemangacine.fr\\\/\",\"name\":\"R\u00e9plique Manga Cin\u00e9\",\"description\":\"\",\"publisher\":{\"@id\":\"https:\\\/\\\/repliquemangacine.fr\\\/#organization\"},\"potentialAction\":[{\"@type\":\"SearchAction\",\"target\":{\"@type\":\"EntryPoint\",\"urlTemplate\":\"https:\\\/\\\/repliquemangacine.fr\\\/?s={search_term_string}\"},\"query-input\":{\"@type\":\"PropertyValueSpecification\",\"valueRequired\":true,\"valueName\":\"search_term_string\"}}],\"inLanguage\":\"it-IT\"},{\"@type\":\"Organization\",\"@id\":\"https:\\\/\\\/repliquemangacine.fr\\\/#organization\",\"name\":\"R\u00e9plique Manga Cin\u00e9\",\"url\":\"https:\\\/\\\/repliquemangacine.fr\\\/\",\"logo\":{\"@type\":\"ImageObject\",\"inLanguage\":\"it-IT\",\"@id\":\"https:\\\/\\\/repliquemangacine.fr\\\/#\\\/schema\\\/logo\\\/image\\\/\",\"url\":\"https:\\\/\\\/repliquemangacine.fr\\\/wp-content\\\/uploads\\\/2023\\\/10\\\/RMC-500250.png\",\"contentUrl\":\"https:\\\/\\\/repliquemangacine.fr\\\/wp-content\\\/uploads\\\/2023\\\/10\\\/RMC-500250.png\",\"width\":500,\"height\":250,\"caption\":\"R\u00e9plique Manga Cin\u00e9\"},\"image\":{\"@id\":\"https:\\\/\\\/repliquemangacine.fr\\\/#\\\/schema\\\/logo\\\/image\\\/\"},\"sameAs\":[\"https:\\\/\\\/www.facebook.com\\\/RepliqueMangaCine\",\"https:\\\/\\\/www.instagram.com\\\/repliquemangacine.fr\\\/\"]}]}<\/script>\n<!-- \/ Yoast SEO plugin. -->","yoast_head_json":{"title":"Pistola con ascia dei pirati - Pistola con ascia - Boutique en ligne | RMC","description":"Vivi le avventure dei mari caraibici con questa pistola-ascia dei pirati al miglior prezzo - Lama in acciaio - Lunghezza totale: 54,5 cm - Spedizione 24\/48h","robots":{"index":"index","follow":"follow","max-snippet":"max-snippet:-1","max-image-preview":"max-image-preview:large","max-video-preview":"max-video-preview:-1"},"canonical":"https:\/\/repliquemangacine.fr\/it\/armi-pirata\/pistola-con-ascia-da-pirata-del-xviii-secolo\/","og_locale":"it_IT","og_type":"article","og_title":"Pistolet Hache Pirates - Gun axe - Boutique en ligne | RMC","og_description":"Vivez les aventures des mers des Cara\u00efbes avec ce Pistolet Hache Pirates au meilleur prix - Lame acier - Longueur totale : 54.5 cm - Envoi 24\/48h","og_url":"https:\/\/repliquemangacine.fr\/it\/armi-pirata\/pistola-con-ascia-da-pirata-del-xviii-secolo\/","og_site_name":"R\u00e9plique Manga Cin\u00e9","article_publisher":"https:\/\/www.facebook.com\/RepliqueMangaCine","article_modified_time":"2026-02-24T09:26:40+00:00","og_image":[{"width":600,"height":600,"url":"https:\/\/repliquemangacine.fr\/wp-content\/uploads\/2023\/10\/2288-Pistolet-hache-pirates-18eme-siecle.jpg","type":"image\/jpeg"}],"twitter_card":"summary_large_image","twitter_misc":{"Tempo di lettura stimato":"2 minuti"},"schema":{"@context":"https:\/\/schema.org","@graph":[{"@type":"WebPage","@id":"https:\/\/repliquemangacine.fr\/armes-de-pirates\/pistolet-hache-pirates-18eme-siecle\/","url":"https:\/\/repliquemangacine.fr\/armes-de-pirates\/pistolet-hache-pirates-18eme-siecle\/","name":"Pistola con ascia dei pirati - Pistola con ascia - Boutique en ligne | RMC","isPartOf":{"@id":"https:\/\/repliquemangacine.fr\/#website"},"primaryImageOfPage":{"@id":"https:\/\/repliquemangacine.fr\/armes-de-pirates\/pistolet-hache-pirates-18eme-siecle\/#primaryimage"},"image":{"@id":"https:\/\/repliquemangacine.fr\/armes-de-pirates\/pistolet-hache-pirates-18eme-siecle\/#primaryimage"},"thumbnailUrl":"https:\/\/repliquemangacine.fr\/wp-content\/uploads\/2023\/10\/2288-Pistolet-hache-pirates-18eme-siecle.jpg","datePublished":"2017-08-21T16:50:23+00:00","dateModified":"2026-02-24T09:26:40+00:00","description":"Vivi le avventure dei mari caraibici con questa pistola-ascia dei pirati al miglior prezzo - Lama in acciaio - Lunghezza totale: 54,5 cm - Spedizione 24\/48h","breadcrumb":{"@id":"https:\/\/repliquemangacine.fr\/armes-de-pirates\/pistolet-hache-pirates-18eme-siecle\/#breadcrumb"},"inLanguage":"it-IT","potentialAction":[{"@type":"ReadAction","target":["https:\/\/repliquemangacine.fr\/armes-de-pirates\/pistolet-hache-pirates-18eme-siecle\/"]}]},{"@type":"ImageObject","inLanguage":"it-IT","@id":"https:\/\/repliquemangacine.fr\/armes-de-pirates\/pistolet-hache-pirates-18eme-siecle\/#primaryimage","url":"https:\/\/repliquemangacine.fr\/wp-content\/uploads\/2023\/10\/2288-Pistolet-hache-pirates-18eme-siecle.jpg","contentUrl":"https:\/\/repliquemangacine.fr\/wp-content\/uploads\/2023\/10\/2288-Pistolet-hache-pirates-18eme-siecle.jpg","width":600,"height":600,"caption":"Pistolet hache pirates 18\u00e8me si\u00e8cle"},{"@type":"BreadcrumbList","@id":"https:\/\/repliquemangacine.fr\/armes-de-pirates\/pistolet-hache-pirates-18eme-siecle\/#breadcrumb","itemListElement":[{"@type":"ListItem","position":1,"name":"Accueil","item":"https:\/\/repliquemangacine.fr\/"},{"@type":"ListItem","position":2,"name":"Produits","item":"https:\/\/repliquemangacine.fr\/boutique\/"},{"@type":"ListItem","position":3,"name":"Pistolet Hache Pirates"}]},{"@type":"WebSite","@id":"https:\/\/repliquemangacine.fr\/#website","url":"https:\/\/repliquemangacine.fr\/","name":"R\u00e9plique Manga Cin\u00e9","description":"","publisher":{"@id":"https:\/\/repliquemangacine.fr\/#organization"},"potentialAction":[{"@type":"SearchAction","target":{"@type":"EntryPoint","urlTemplate":"https:\/\/repliquemangacine.fr\/?s={search_term_string}"},"query-input":{"@type":"PropertyValueSpecification","valueRequired":true,"valueName":"search_term_string"}}],"inLanguage":"it-IT"},{"@type":"Organization","@id":"https:\/\/repliquemangacine.fr\/#organization","name":"R\u00e9plique Manga Cin\u00e9","url":"https:\/\/repliquemangacine.fr\/","logo":{"@type":"ImageObject","inLanguage":"it-IT","@id":"https:\/\/repliquemangacine.fr\/#\/schema\/logo\/image\/","url":"https:\/\/repliquemangacine.fr\/wp-content\/uploads\/2023\/10\/RMC-500250.png","contentUrl":"https:\/\/repliquemangacine.fr\/wp-content\/uploads\/2023\/10\/RMC-500250.png","width":500,"height":250,"caption":"R\u00e9plique Manga Cin\u00e9"},"image":{"@id":"https:\/\/repliquemangacine.fr\/#\/schema\/logo\/image\/"},"sameAs":["https:\/\/www.facebook.com\/RepliqueMangaCine","https:\/\/www.instagram.com\/repliquemangacine.fr\/"]}]}},"_links":{"self":[{"href":"https:\/\/repliquemangacine.fr\/it\/wp-json\/wp\/v2\/product\/27499","targetHints":{"allow":["GET"]}}],"collection":[{"href":"https:\/\/repliquemangacine.fr\/it\/wp-json\/wp\/v2\/product"}],"about":[{"href":"https:\/\/repliquemangacine.fr\/it\/wp-json\/wp\/v2\/types\/product"}],"wp:featuredmedia":[{"embeddable":true,"href":"https:\/\/repliquemangacine.fr\/it\/wp-json\/wp\/v2\/media\/27500"}],"wp:attachment":[{"href":"https:\/\/repliquemangacine.fr\/it\/wp-json\/wp\/v2\/media?parent=27499"}],"wp:term":[{"taxonomy":"product_brand","embeddable":true,"href":"https:\/\/repliquemangacine.fr\/it\/wp-json\/wp\/v2\/product_brand?post=27499"},{"taxonomy":"product_cat","embeddable":true,"href":"https:\/\/repliquemangacine.fr\/it\/wp-json\/wp\/v2\/product_cat?post=27499"},{"taxonomy":"product_tag","embeddable":true,"href":"https:\/\/repliquemangacine.fr\/it\/wp-json\/wp\/v2\/product_tag?post=27499"}],"curies":[{"name":"wp","href":"https:\/\/api.w.org\/{rel}","templated":true}]}}